{"id":298122,"date":"2017-12-16T18:51:10","date_gmt":"2017-12-16T18:51:10","guid":{"rendered":"https:\/\/www.purejewels.com\/product\/engagement-ring-4\/"},"modified":"2025-11-20T09:17:41","modified_gmt":"2025-11-20T09:17:41","slug":"nisan-yuzugu-4","status":"publish","type":"product","link":"https:\/\/www.purejewels.com\/tr\/product\/engagement-ring-4\/","title":{"rendered":"Beyaz Alt\u0131n P\u0131rlanta Halo Ni\u015fan Y\u00fcz\u00fc\u011f\u00fc"},"content":{"rendered":"<p>Bu zarif Beyaz Alt\u0131n P\u0131rlanta Halo Ni\u015fan Y\u00fcz\u00fc\u011f\u00fc ile bu an\u0131 kutlay\u0131n. Parlak beyaz alt\u0131ndan i\u015flenmi\u015f merkez p\u0131rlanta, pav\u00e9 ayar p\u0131rlantalardan olu\u015fan bir halo ile \u00e7evrilidir ve bu da onun parlakl\u0131\u011f\u0131n\u0131 ve varl\u0131\u011f\u0131n\u0131 daha da art\u0131r\u0131r. Zamans\u0131z tasar\u0131m\u0131, klasik zarafeti \u00e7a\u011fda\u015f incelikle birle\u015ftirerek ni\u015fan, evlilik teklifi veya sonsuz a\u015fk\u0131n sembol\u00fc olarak m\u00fckemmeldir. Hikayeyi tamamlamak i\u00e7in uyumlu bir alyans ile birlikte tak\u0131n.<\/p>","protected":false},"excerpt":{"rendered":"<ul>\n<li>Dairesel Kesim P\u0131rlanta<\/li>\n<li>18ct Ni\u015fan Y\u00fcz\u00fc\u011f\u00fc<\/li>\n<\/ul>","protected":false},"featured_media":298116,"comment_status":"closed","ping_status":"closed","template":"","meta":{"_eb_attr":"","_crsspst_to_jayantr4sg-hostcom":false},"product_brand":[],"product_cat":[1533,231],"product_tag":[],"class_list":{"0":"post-298122","1":"product","2":"type-product","3":"status-publish","4":"has-post-thumbnail","6":"product_cat-diamond-jewellery-set","7":"product_cat-engagement-rings","9":"first","10":"outofstock","11":"taxable","12":"shipping-taxable","13":"product-type-simple","14":"add-to-wishlist-before_image"},"yoast_head":"<!-- This site is optimized with the Yoast SEO plugin v27.5 - https:\/\/yoast.com\/product\/yoast-seo-wordpress\/ -->\n<title>White Gold Diamond Halo Engagement Ring | PureJewels<\/title>\n<meta name=\"description\" content=\"Radiant white gold engagement ring with a halo of brilliant diamonds. A timeless symbol of commitment, elegant and modern for that special moment.\" \/>\n<meta name=\"robots\" content=\"index, follow, max-snippet:-1, max-image-preview:large, max-video-preview:-1\" \/>\n<link rel=\"canonical\" href=\"https:\/\/www.purejewels.com\/tr\/urun\/nisan-yuzugu-4\/\" \/>\n<meta property=\"og:locale\" content=\"tr_TR\" \/>\n<meta property=\"og:type\" content=\"article\" \/>\n<meta property=\"og:title\" content=\"White Gold Diamond Halo Engagement Ring | PureJewels\" \/>\n<meta property=\"og:description\" content=\"Radiant white gold engagement ring with a halo of brilliant diamonds. A timeless symbol of commitment, elegant and modern for that special moment.\" \/>\n<meta property=\"og:url\" content=\"https:\/\/www.purejewels.com\/tr\/urun\/nisan-yuzugu-4\/\" \/>\n<meta property=\"og:site_name\" content=\"PureJewels UK\" \/>\n<meta property=\"article:modified_time\" content=\"2025-11-20T09:17:41+00:00\" \/>\n<meta property=\"og:image\" content=\"https:\/\/www.purejewels.com\/wp-content\/uploads\/2017\/12\/27100_1_3.png\" \/>\n\t<meta property=\"og:image:width\" content=\"1000\" \/>\n\t<meta property=\"og:image:height\" content=\"1000\" \/>\n\t<meta property=\"og:image:type\" content=\"image\/png\" \/>\n<meta name=\"twitter:card\" content=\"summary_large_image\" \/>\n<meta name=\"twitter:label1\" content=\"Tahmini okuma s\u00fcresi\" \/>\n\t<meta name=\"twitter:data1\" content=\"1 dakika\" \/>\n<script type=\"application\/ld+json\" class=\"yoast-schema-graph\">{\"@context\":\"https:\\\/\\\/schema.org\",\"@graph\":[{\"@type\":[\"WebPage\",\"ItemPage\"],\"@id\":\"https:\\\/\\\/www.purejewels.com\\\/product\\\/engagement-ring-4\\\/\",\"url\":\"https:\\\/\\\/www.purejewels.com\\\/product\\\/engagement-ring-4\\\/\",\"name\":\"White Gold Diamond Halo Engagement Ring | PureJewels\",\"isPartOf\":{\"@id\":\"https:\\\/\\\/www.purejewels.com\\\/#website\"},\"primaryImageOfPage\":{\"@id\":\"https:\\\/\\\/www.purejewels.com\\\/product\\\/engagement-ring-4\\\/#primaryimage\"},\"image\":{\"@id\":\"https:\\\/\\\/www.purejewels.com\\\/product\\\/engagement-ring-4\\\/#primaryimage\"},\"thumbnailUrl\":\"https:\\\/\\\/static.purejewels.com\\\/wp-content\\\/uploads\\\/2017\\\/12\\\/27100_1_3.png\",\"datePublished\":\"2017-12-16T18:51:10+00:00\",\"dateModified\":\"2025-11-20T09:17:41+00:00\",\"description\":\"Radiant white gold engagement ring with a halo of brilliant diamonds. A timeless symbol of commitment, elegant and modern for that special moment.\",\"breadcrumb\":{\"@id\":\"https:\\\/\\\/www.purejewels.com\\\/product\\\/engagement-ring-4\\\/#breadcrumb\"},\"inLanguage\":\"tr\",\"potentialAction\":[{\"@type\":\"ReadAction\",\"target\":[\"https:\\\/\\\/www.purejewels.com\\\/product\\\/engagement-ring-4\\\/\"]}]},{\"@type\":\"ImageObject\",\"inLanguage\":\"tr\",\"@id\":\"https:\\\/\\\/www.purejewels.com\\\/product\\\/engagement-ring-4\\\/#primaryimage\",\"url\":\"https:\\\/\\\/static.purejewels.com\\\/wp-content\\\/uploads\\\/2017\\\/12\\\/27100_1_3.png\",\"contentUrl\":\"https:\\\/\\\/static.purejewels.com\\\/wp-content\\\/uploads\\\/2017\\\/12\\\/27100_1_3.png\",\"width\":1000,\"height\":1000,\"caption\":\"27100_1_3\"},{\"@type\":\"BreadcrumbList\",\"@id\":\"https:\\\/\\\/www.purejewels.com\\\/product\\\/engagement-ring-4\\\/#breadcrumb\",\"itemListElement\":[{\"@type\":\"ListItem\",\"position\":1,\"name\":\"Home\",\"item\":\"https:\\\/\\\/www.purejewels.com\\\/\"},{\"@type\":\"ListItem\",\"position\":2,\"name\":\"Shop\",\"item\":\"https:\\\/\\\/www.purejewels.com\\\/shop\\\/\"},{\"@type\":\"ListItem\",\"position\":3,\"name\":\"White Gold Diamond Halo Engagement Ring\"}]},{\"@type\":\"WebSite\",\"@id\":\"https:\\\/\\\/www.purejewels.com\\\/#website\",\"url\":\"https:\\\/\\\/www.purejewels.com\\\/\",\"name\":\"PureJewels UK\",\"description\":\"Share the Love\",\"publisher\":{\"@id\":\"https:\\\/\\\/www.purejewels.com\\\/#organization\"},\"potentialAction\":[{\"@type\":\"SearchAction\",\"target\":{\"@type\":\"EntryPoint\",\"urlTemplate\":\"https:\\\/\\\/www.purejewels.com\\\/?s={search_term_string}\"},\"query-input\":{\"@type\":\"PropertyValueSpecification\",\"valueRequired\":true,\"valueName\":\"search_term_string\"}}],\"inLanguage\":\"tr\"},{\"@type\":\"Organization\",\"@id\":\"https:\\\/\\\/www.purejewels.com\\\/#organization\",\"name\":\"PureJewels UK\",\"url\":\"https:\\\/\\\/www.purejewels.com\\\/\",\"logo\":{\"@type\":\"ImageObject\",\"inLanguage\":\"tr\",\"@id\":\"https:\\\/\\\/www.purejewels.com\\\/#\\\/schema\\\/logo\\\/image\\\/\",\"url\":\"https:\\\/\\\/static.purejewels.com\\\/wp-content\\\/uploads\\\/2020\\\/11\\\/Logo-PJ-New-1.png\",\"contentUrl\":\"https:\\\/\\\/static.purejewels.com\\\/wp-content\\\/uploads\\\/2020\\\/11\\\/Logo-PJ-New-1.png\",\"width\":150,\"height\":80,\"caption\":\"PureJewels UK\"},\"image\":{\"@id\":\"https:\\\/\\\/www.purejewels.com\\\/#\\\/schema\\\/logo\\\/image\\\/\"}}]}<\/script>\n<!-- \/ Yoast SEO plugin. -->","yoast_head_json":{"title":"Beyaz Alt\u0131n P\u0131rlanta Halo Ni\u015fan Y\u00fcz\u00fc\u011f\u00fc | PureJewels","description":"Parlak beyaz alt\u0131n ni\u015fan y\u00fcz\u00fc\u011f\u00fc, etraf\u0131 parlak elmaslarla \u00e7evrilidir. \u00d6zel anlar i\u00e7in zamans\u0131z bir ba\u011fl\u0131l\u0131k sembol\u00fc, zarif ve modern.","robots":{"index":"index","follow":"follow","max-snippet":"max-snippet:-1","max-image-preview":"max-image-preview:large","max-video-preview":"max-video-preview:-1"},"canonical":"https:\/\/www.purejewels.com\/tr\/urun\/nisan-yuzugu-4\/","og_locale":"tr_TR","og_type":"article","og_title":"White Gold Diamond Halo Engagement Ring | PureJewels","og_description":"Radiant white gold engagement ring with a halo of brilliant diamonds. A timeless symbol of commitment, elegant and modern for that special moment.","og_url":"https:\/\/www.purejewels.com\/tr\/urun\/nisan-yuzugu-4\/","og_site_name":"PureJewels UK","article_modified_time":"2025-11-20T09:17:41+00:00","og_image":[{"width":1000,"height":1000,"url":"https:\/\/www.purejewels.com\/wp-content\/uploads\/2017\/12\/27100_1_3.png","type":"image\/png"}],"twitter_card":"summary_large_image","twitter_misc":{"Tahmini okuma s\u00fcresi":"1 dakika"},"schema":{"@context":"https:\/\/schema.org","@graph":[{"@type":["WebPage","ItemPage"],"@id":"https:\/\/www.purejewels.com\/product\/engagement-ring-4\/","url":"https:\/\/www.purejewels.com\/product\/engagement-ring-4\/","name":"Beyaz Alt\u0131n P\u0131rlanta Halo Ni\u015fan Y\u00fcz\u00fc\u011f\u00fc | PureJewels","isPartOf":{"@id":"https:\/\/www.purejewels.com\/#website"},"primaryImageOfPage":{"@id":"https:\/\/www.purejewels.com\/product\/engagement-ring-4\/#primaryimage"},"image":{"@id":"https:\/\/www.purejewels.com\/product\/engagement-ring-4\/#primaryimage"},"thumbnailUrl":"https:\/\/static.purejewels.com\/wp-content\/uploads\/2017\/12\/27100_1_3.png","datePublished":"2017-12-16T18:51:10+00:00","dateModified":"2025-11-20T09:17:41+00:00","description":"Parlak beyaz alt\u0131n ni\u015fan y\u00fcz\u00fc\u011f\u00fc, etraf\u0131 parlak elmaslarla \u00e7evrilidir. \u00d6zel anlar i\u00e7in zamans\u0131z bir ba\u011fl\u0131l\u0131k sembol\u00fc, zarif ve modern.","breadcrumb":{"@id":"https:\/\/www.purejewels.com\/product\/engagement-ring-4\/#breadcrumb"},"inLanguage":"tr","potentialAction":[{"@type":"ReadAction","target":["https:\/\/www.purejewels.com\/product\/engagement-ring-4\/"]}]},{"@type":"ImageObject","inLanguage":"tr","@id":"https:\/\/www.purejewels.com\/product\/engagement-ring-4\/#primaryimage","url":"https:\/\/static.purejewels.com\/wp-content\/uploads\/2017\/12\/27100_1_3.png","contentUrl":"https:\/\/static.purejewels.com\/wp-content\/uploads\/2017\/12\/27100_1_3.png","width":1000,"height":1000,"caption":"27100_1_3"},{"@type":"BreadcrumbList","@id":"https:\/\/www.purejewels.com\/product\/engagement-ring-4\/#breadcrumb","itemListElement":[{"@type":"ListItem","position":1,"name":"Home","item":"https:\/\/www.purejewels.com\/"},{"@type":"ListItem","position":2,"name":"Shop","item":"https:\/\/www.purejewels.com\/shop\/"},{"@type":"ListItem","position":3,"name":"White Gold Diamond Halo Engagement Ring"}]},{"@type":"WebSite","@id":"https:\/\/www.purejewels.com\/#website","url":"https:\/\/www.purejewels.com\/","name":"PureJewels \u0130ngiltere","description":"Sevgiyi Payla\u015f\u0131n","publisher":{"@id":"https:\/\/www.purejewels.com\/#organization"},"potentialAction":[{"@type":"SearchAction","target":{"@type":"EntryPoint","urlTemplate":"https:\/\/www.purejewels.com\/?s={search_term_string}"},"query-input":{"@type":"PropertyValueSpecification","valueRequired":true,"valueName":"search_term_string"}}],"inLanguage":"tr"},{"@type":"Organization","@id":"https:\/\/www.purejewels.com\/#organization","name":"PureJewels \u0130ngiltere","url":"https:\/\/www.purejewels.com\/","logo":{"@type":"ImageObject","inLanguage":"tr","@id":"https:\/\/www.purejewels.com\/#\/schema\/logo\/image\/","url":"https:\/\/static.purejewels.com\/wp-content\/uploads\/2020\/11\/Logo-PJ-New-1.png","contentUrl":"https:\/\/static.purejewels.com\/wp-content\/uploads\/2020\/11\/Logo-PJ-New-1.png","width":150,"height":80,"caption":"PureJewels UK"},"image":{"@id":"https:\/\/www.purejewels.com\/#\/schema\/logo\/image\/"}}]}},"_links":{"self":[{"href":"https:\/\/www.purejewels.com\/tr\/wp-json\/wp\/v2\/product\/298122","targetHints":{"allow":["GET"]}}],"collection":[{"href":"https:\/\/www.purejewels.com\/tr\/wp-json\/wp\/v2\/product"}],"about":[{"href":"https:\/\/www.purejewels.com\/tr\/wp-json\/wp\/v2\/types\/product"}],"replies":[{"embeddable":true,"href":"https:\/\/www.purejewels.com\/tr\/wp-json\/wp\/v2\/comments?post=298122"}],"version-history":[{"count":2,"href":"https:\/\/www.purejewels.com\/tr\/wp-json\/wp\/v2\/product\/298122\/revisions"}],"predecessor-version":[{"id":421531,"href":"https:\/\/www.purejewels.com\/tr\/wp-json\/wp\/v2\/product\/298122\/revisions\/421531"}],"wp:featuredmedia":[{"embeddable":true,"href":"https:\/\/www.purejewels.com\/tr\/wp-json\/wp\/v2\/media\/298116"}],"wp:attachment":[{"href":"https:\/\/www.purejewels.com\/tr\/wp-json\/wp\/v2\/media?parent=298122"}],"wp:term":[{"taxonomy":"product_brand","embeddable":true,"href":"https:\/\/www.purejewels.com\/tr\/wp-json\/wp\/v2\/product_brand?post=298122"},{"taxonomy":"product_cat","embeddable":true,"href":"https:\/\/www.purejewels.com\/tr\/wp-json\/wp\/v2\/product_cat?post=298122"},{"taxonomy":"product_tag","embeddable":true,"href":"https:\/\/www.purejewels.com\/tr\/wp-json\/wp\/v2\/product_tag?post=298122"}],"curies":[{"name":"wp","href":"https:\/\/api.w.org\/{rel}","templated":true}]}}