{"id":298124,"date":"2017-12-16T18:51:10","date_gmt":"2017-12-16T18:51:10","guid":{"rendered":"https:\/\/www.purejewels.com\/product\/engagement-ring-6\/"},"modified":"2025-11-20T08:36:00","modified_gmt":"2025-11-20T08:36:00","slug":"nisan-yuzugu-6","status":"publish","type":"product","link":"https:\/\/www.purejewels.com\/tr\/product\/engagement-ring-6\/","title":{"rendered":"Beyaz Alt\u0131n Yuvarlak Kesim P\u0131rlanta Halo Ni\u015fan Y\u00fcz\u00fc\u011f\u00fc"},"content":{"rendered":"<p data-start=\"481\" data-end=\"956\">Parlak bir hale ile \u00e7evrili yuvarlak kesim merkez p\u0131rlanta ile bu \u00e7arp\u0131c\u0131 beyaz alt\u0131n ni\u015fan y\u00fcz\u00fc\u011f\u00fc setiyle a\u015fk\u0131n\u0131z\u0131 kutlay\u0131n. Gelin seti, birbiriyle uyumlu iki par\u00e7a i\u00e7erir. <a href=\"https:\/\/www.purejewels.com\/tr\/product-category\/22ct-gold-jewellery\/gold-rings\/\">halkalar<\/a>, her biri tasar\u0131m\u0131n parlakl\u0131\u011f\u0131n\u0131 ve zarafetini vurgulayan pav\u00e9 ayar elmaslarla s\u00fcslenmi\u015ftir. L\u00fcks beyaz alt\u0131ndan \u00fcretilen bu y\u00fcz\u00fck seti, klasik cazibeyi \u00e7a\u011fda\u015f sofistikeyle birle\u015ftirir \u2014 ni\u015fanlar, d\u00fc\u011f\u00fcnler veya y\u0131ld\u00f6n\u00fcmleri i\u00e7in m\u00fckemmeldir.<\/p>","protected":false},"excerpt":{"rendered":"<ul>\n<li>18ct Ni\u015fan Y\u00fcz\u00fc\u011f\u00fc<\/li>\n<li>\u00c7ift Halkalar<\/li>\n<li>S\u00fcslemeli Omuzlar<\/li>\n<\/ul>","protected":false},"featured_media":298118,"comment_status":"closed","ping_status":"closed","template":"","meta":{"_eb_attr":"","_crsspst_to_jayantr4sg-hostcom":false},"product_brand":[],"product_cat":[231],"product_tag":[],"class_list":{"0":"post-298124","1":"product","2":"type-product","3":"status-publish","4":"has-post-thumbnail","6":"product_cat-engagement-rings","8":"first","9":"outofstock","10":"taxable","11":"shipping-taxable","12":"product-type-simple","13":"add-to-wishlist-before_image"},"yoast_head":"<!-- This site is optimized with the Yoast SEO plugin v27.5 - https:\/\/yoast.com\/product\/yoast-seo-wordpress\/ -->\n<title>White Gold Diamond Halo Engagement Ring Set | Bridal Set<\/title>\n<meta name=\"description\" content=\"Discover timeless elegance with our white gold round-cut diamond halo engagement ring set. Perfectly designed for a sparkling proposal or wedding day.\" \/>\n<meta name=\"robots\" content=\"index, follow, max-snippet:-1, max-image-preview:large, max-video-preview:-1\" \/>\n<link rel=\"canonical\" href=\"https:\/\/www.purejewels.com\/tr\/urun\/nisan-yuzugu-6\/\" \/>\n<meta property=\"og:locale\" content=\"tr_TR\" \/>\n<meta property=\"og:type\" content=\"article\" \/>\n<meta property=\"og:title\" content=\"White Gold Diamond Halo Engagement Ring Set | Bridal Set\" \/>\n<meta property=\"og:description\" content=\"Discover timeless elegance with our white gold round-cut diamond halo engagement ring set. Perfectly designed for a sparkling proposal or wedding day.\" \/>\n<meta property=\"og:url\" content=\"https:\/\/www.purejewels.com\/tr\/urun\/nisan-yuzugu-6\/\" \/>\n<meta property=\"og:site_name\" content=\"PureJewels UK\" \/>\n<meta property=\"article:modified_time\" content=\"2025-11-20T08:36:00+00:00\" \/>\n<meta property=\"og:image\" content=\"https:\/\/www.purejewels.com\/wp-content\/uploads\/2017\/12\/27102.png\" \/>\n\t<meta property=\"og:image:width\" content=\"1000\" \/>\n\t<meta property=\"og:image:height\" content=\"1000\" \/>\n\t<meta property=\"og:image:type\" content=\"image\/png\" \/>\n<meta name=\"twitter:card\" content=\"summary_large_image\" \/>\n<meta name=\"twitter:label1\" content=\"Tahmini okuma s\u00fcresi\" \/>\n\t<meta name=\"twitter:data1\" content=\"1 dakika\" \/>\n<script type=\"application\/ld+json\" class=\"yoast-schema-graph\">{\"@context\":\"https:\\\/\\\/schema.org\",\"@graph\":[{\"@type\":[\"WebPage\",\"ItemPage\"],\"@id\":\"https:\\\/\\\/www.purejewels.com\\\/product\\\/engagement-ring-6\\\/\",\"url\":\"https:\\\/\\\/www.purejewels.com\\\/product\\\/engagement-ring-6\\\/\",\"name\":\"White Gold Diamond Halo Engagement Ring Set | Bridal Set\",\"isPartOf\":{\"@id\":\"https:\\\/\\\/www.purejewels.com\\\/#website\"},\"primaryImageOfPage\":{\"@id\":\"https:\\\/\\\/www.purejewels.com\\\/product\\\/engagement-ring-6\\\/#primaryimage\"},\"image\":{\"@id\":\"https:\\\/\\\/www.purejewels.com\\\/product\\\/engagement-ring-6\\\/#primaryimage\"},\"thumbnailUrl\":\"https:\\\/\\\/static.purejewels.com\\\/wp-content\\\/uploads\\\/2017\\\/12\\\/27102.png\",\"datePublished\":\"2017-12-16T18:51:10+00:00\",\"dateModified\":\"2025-11-20T08:36:00+00:00\",\"description\":\"Discover timeless elegance with our white gold round-cut diamond halo engagement ring set. Perfectly designed for a sparkling proposal or wedding day.\",\"breadcrumb\":{\"@id\":\"https:\\\/\\\/www.purejewels.com\\\/product\\\/engagement-ring-6\\\/#breadcrumb\"},\"inLanguage\":\"tr\",\"potentialAction\":[{\"@type\":\"ReadAction\",\"target\":[\"https:\\\/\\\/www.purejewels.com\\\/product\\\/engagement-ring-6\\\/\"]}]},{\"@type\":\"ImageObject\",\"inLanguage\":\"tr\",\"@id\":\"https:\\\/\\\/www.purejewels.com\\\/product\\\/engagement-ring-6\\\/#primaryimage\",\"url\":\"https:\\\/\\\/static.purejewels.com\\\/wp-content\\\/uploads\\\/2017\\\/12\\\/27102.png\",\"contentUrl\":\"https:\\\/\\\/static.purejewels.com\\\/wp-content\\\/uploads\\\/2017\\\/12\\\/27102.png\",\"width\":1000,\"height\":1000,\"caption\":\"27102\"},{\"@type\":\"BreadcrumbList\",\"@id\":\"https:\\\/\\\/www.purejewels.com\\\/product\\\/engagement-ring-6\\\/#breadcrumb\",\"itemListElement\":[{\"@type\":\"ListItem\",\"position\":1,\"name\":\"Home\",\"item\":\"https:\\\/\\\/www.purejewels.com\\\/\"},{\"@type\":\"ListItem\",\"position\":2,\"name\":\"Shop\",\"item\":\"https:\\\/\\\/www.purejewels.com\\\/shop\\\/\"},{\"@type\":\"ListItem\",\"position\":3,\"name\":\"White Gold Round-Cut Diamond Halo Engagement Ring\"}]},{\"@type\":\"WebSite\",\"@id\":\"https:\\\/\\\/www.purejewels.com\\\/#website\",\"url\":\"https:\\\/\\\/www.purejewels.com\\\/\",\"name\":\"PureJewels UK\",\"description\":\"Share the Love\",\"publisher\":{\"@id\":\"https:\\\/\\\/www.purejewels.com\\\/#organization\"},\"potentialAction\":[{\"@type\":\"SearchAction\",\"target\":{\"@type\":\"EntryPoint\",\"urlTemplate\":\"https:\\\/\\\/www.purejewels.com\\\/?s={search_term_string}\"},\"query-input\":{\"@type\":\"PropertyValueSpecification\",\"valueRequired\":true,\"valueName\":\"search_term_string\"}}],\"inLanguage\":\"tr\"},{\"@type\":\"Organization\",\"@id\":\"https:\\\/\\\/www.purejewels.com\\\/#organization\",\"name\":\"PureJewels UK\",\"url\":\"https:\\\/\\\/www.purejewels.com\\\/\",\"logo\":{\"@type\":\"ImageObject\",\"inLanguage\":\"tr\",\"@id\":\"https:\\\/\\\/www.purejewels.com\\\/#\\\/schema\\\/logo\\\/image\\\/\",\"url\":\"https:\\\/\\\/static.purejewels.com\\\/wp-content\\\/uploads\\\/2020\\\/11\\\/Logo-PJ-New-1.png\",\"contentUrl\":\"https:\\\/\\\/static.purejewels.com\\\/wp-content\\\/uploads\\\/2020\\\/11\\\/Logo-PJ-New-1.png\",\"width\":150,\"height\":80,\"caption\":\"PureJewels UK\"},\"image\":{\"@id\":\"https:\\\/\\\/www.purejewels.com\\\/#\\\/schema\\\/logo\\\/image\\\/\"}}]}<\/script>\n<!-- \/ Yoast SEO plugin. -->","yoast_head_json":{"title":"Beyaz Alt\u0131n P\u0131rlanta Halo Ni\u015fan Y\u00fcz\u00fck Seti | Gelin Seti","description":"Beyaz alt\u0131n yuvarlak kesim p\u0131rlanta halo ni\u015fan y\u00fcz\u00fc\u011f\u00fc setimizle zamans\u0131z zarafeti ke\u015ffedin. I\u015f\u0131lt\u0131l\u0131 bir evlilik teklifi veya d\u00fc\u011f\u00fcn g\u00fcn\u00fc i\u00e7in m\u00fckemmel bir tasar\u0131m.","robots":{"index":"index","follow":"follow","max-snippet":"max-snippet:-1","max-image-preview":"max-image-preview:large","max-video-preview":"max-video-preview:-1"},"canonical":"https:\/\/www.purejewels.com\/tr\/urun\/nisan-yuzugu-6\/","og_locale":"tr_TR","og_type":"article","og_title":"White Gold Diamond Halo Engagement Ring Set | Bridal Set","og_description":"Discover timeless elegance with our white gold round-cut diamond halo engagement ring set. Perfectly designed for a sparkling proposal or wedding day.","og_url":"https:\/\/www.purejewels.com\/tr\/urun\/nisan-yuzugu-6\/","og_site_name":"PureJewels UK","article_modified_time":"2025-11-20T08:36:00+00:00","og_image":[{"width":1000,"height":1000,"url":"https:\/\/www.purejewels.com\/wp-content\/uploads\/2017\/12\/27102.png","type":"image\/png"}],"twitter_card":"summary_large_image","twitter_misc":{"Tahmini okuma s\u00fcresi":"1 dakika"},"schema":{"@context":"https:\/\/schema.org","@graph":[{"@type":["WebPage","ItemPage"],"@id":"https:\/\/www.purejewels.com\/product\/engagement-ring-6\/","url":"https:\/\/www.purejewels.com\/product\/engagement-ring-6\/","name":"Beyaz Alt\u0131n P\u0131rlanta Halo Ni\u015fan Y\u00fcz\u00fck Seti | Gelin Seti","isPartOf":{"@id":"https:\/\/www.purejewels.com\/#website"},"primaryImageOfPage":{"@id":"https:\/\/www.purejewels.com\/product\/engagement-ring-6\/#primaryimage"},"image":{"@id":"https:\/\/www.purejewels.com\/product\/engagement-ring-6\/#primaryimage"},"thumbnailUrl":"https:\/\/static.purejewels.com\/wp-content\/uploads\/2017\/12\/27102.png","datePublished":"2017-12-16T18:51:10+00:00","dateModified":"2025-11-20T08:36:00+00:00","description":"Beyaz alt\u0131n yuvarlak kesim p\u0131rlanta halo ni\u015fan y\u00fcz\u00fc\u011f\u00fc setimizle zamans\u0131z zarafeti ke\u015ffedin. I\u015f\u0131lt\u0131l\u0131 bir evlilik teklifi veya d\u00fc\u011f\u00fcn g\u00fcn\u00fc i\u00e7in m\u00fckemmel bir tasar\u0131m.","breadcrumb":{"@id":"https:\/\/www.purejewels.com\/product\/engagement-ring-6\/#breadcrumb"},"inLanguage":"tr","potentialAction":[{"@type":"ReadAction","target":["https:\/\/www.purejewels.com\/product\/engagement-ring-6\/"]}]},{"@type":"ImageObject","inLanguage":"tr","@id":"https:\/\/www.purejewels.com\/product\/engagement-ring-6\/#primaryimage","url":"https:\/\/static.purejewels.com\/wp-content\/uploads\/2017\/12\/27102.png","contentUrl":"https:\/\/static.purejewels.com\/wp-content\/uploads\/2017\/12\/27102.png","width":1000,"height":1000,"caption":"27102"},{"@type":"BreadcrumbList","@id":"https:\/\/www.purejewels.com\/product\/engagement-ring-6\/#breadcrumb","itemListElement":[{"@type":"ListItem","position":1,"name":"Home","item":"https:\/\/www.purejewels.com\/"},{"@type":"ListItem","position":2,"name":"Shop","item":"https:\/\/www.purejewels.com\/shop\/"},{"@type":"ListItem","position":3,"name":"White Gold Round-Cut Diamond Halo Engagement Ring"}]},{"@type":"WebSite","@id":"https:\/\/www.purejewels.com\/#website","url":"https:\/\/www.purejewels.com\/","name":"PureJewels \u0130ngiltere","description":"Sevgiyi Payla\u015f\u0131n","publisher":{"@id":"https:\/\/www.purejewels.com\/#organization"},"potentialAction":[{"@type":"SearchAction","target":{"@type":"EntryPoint","urlTemplate":"https:\/\/www.purejewels.com\/?s={search_term_string}"},"query-input":{"@type":"PropertyValueSpecification","valueRequired":true,"valueName":"search_term_string"}}],"inLanguage":"tr"},{"@type":"Organization","@id":"https:\/\/www.purejewels.com\/#organization","name":"PureJewels \u0130ngiltere","url":"https:\/\/www.purejewels.com\/","logo":{"@type":"ImageObject","inLanguage":"tr","@id":"https:\/\/www.purejewels.com\/#\/schema\/logo\/image\/","url":"https:\/\/static.purejewels.com\/wp-content\/uploads\/2020\/11\/Logo-PJ-New-1.png","contentUrl":"https:\/\/static.purejewels.com\/wp-content\/uploads\/2020\/11\/Logo-PJ-New-1.png","width":150,"height":80,"caption":"PureJewels UK"},"image":{"@id":"https:\/\/www.purejewels.com\/#\/schema\/logo\/image\/"}}]}},"_links":{"self":[{"href":"https:\/\/www.purejewels.com\/tr\/wp-json\/wp\/v2\/product\/298124","targetHints":{"allow":["GET"]}}],"collection":[{"href":"https:\/\/www.purejewels.com\/tr\/wp-json\/wp\/v2\/product"}],"about":[{"href":"https:\/\/www.purejewels.com\/tr\/wp-json\/wp\/v2\/types\/product"}],"replies":[{"embeddable":true,"href":"https:\/\/www.purejewels.com\/tr\/wp-json\/wp\/v2\/comments?post=298124"}],"version-history":[{"count":2,"href":"https:\/\/www.purejewels.com\/tr\/wp-json\/wp\/v2\/product\/298124\/revisions"}],"predecessor-version":[{"id":421527,"href":"https:\/\/www.purejewels.com\/tr\/wp-json\/wp\/v2\/product\/298124\/revisions\/421527"}],"wp:featuredmedia":[{"embeddable":true,"href":"https:\/\/www.purejewels.com\/tr\/wp-json\/wp\/v2\/media\/298118"}],"wp:attachment":[{"href":"https:\/\/www.purejewels.com\/tr\/wp-json\/wp\/v2\/media?parent=298124"}],"wp:term":[{"taxonomy":"product_brand","embeddable":true,"href":"https:\/\/www.purejewels.com\/tr\/wp-json\/wp\/v2\/product_brand?post=298124"},{"taxonomy":"product_cat","embeddable":true,"href":"https:\/\/www.purejewels.com\/tr\/wp-json\/wp\/v2\/product_cat?post=298124"},{"taxonomy":"product_tag","embeddable":true,"href":"https:\/\/www.purejewels.com\/tr\/wp-json\/wp\/v2\/product_tag?post=298124"}],"curies":[{"name":"wp","href":"https:\/\/api.w.org\/{rel}","templated":true}]}}