{"id":298175,"date":"2017-12-19T15:39:19","date_gmt":"2017-12-19T15:39:19","guid":{"rendered":"https:\/\/www.purejewels.com\/?post_type=product&#038;p=298175"},"modified":"2026-01-19T07:58:08","modified_gmt":"2026-01-19T07:58:08","slug":"10-gram-ince-altin-kulce","status":"publish","type":"product","link":"https:\/\/www.purejewels.com\/tr\/product\/1-0-gram-fine-gold-bar\/","title":{"rendered":"24 Ayar Alt\u0131ndan 1,0 Gram \u0130nce Alt\u0131n K\u00fcl\u00e7e"},"content":{"rendered":"<p>PureJewels UK taraf\u0131ndan sizlere sunulan 24 ayar 1,0 graml\u0131k zarif Fine Gold Bar ile tan\u0131\u015f\u0131n. Bu \u00e7arp\u0131c\u0131 alt\u0131n k\u00fcl\u00e7e, l\u00fcks ve zarafetin ger\u00e7ek bir sembol\u00fcd\u00fcr ve en iyi kalitede \u00fcretilmi\u015ftir. <a href=\"https:\/\/www.purejewels.com\/tr\/product\/24ct-gold-minted-bar-in-5grm\/\">24 ayar alt\u0131n<\/a>. Her bir \u00e7ubuk 1,0 gram a\u011f\u0131rl\u0131\u011f\u0131ndad\u0131r, bu da onu herhangi bir yat\u0131r\u0131m portf\u00f6y\u00fcne m\u00fckemmel bir katk\u0131 veya sevilen biri i\u00e7in d\u00fc\u015f\u00fcnceli bir hediye haline getirir.<\/p>\n<p>PureJewels UK'de, her bir par\u00e7an\u0131n kat\u0131 safl\u0131k ve i\u015f\u00e7ilik standartlar\u0131m\u0131z\u0131 kar\u015f\u0131lad\u0131\u011f\u0131ndan emin olarak yaln\u0131zca en y\u00fcksek kalitede alt\u0131n k\u00fcl\u00e7eleri sunmaktan gurur duyuyoruz.<\/p>\n<p>1.0 Gram \u0130nce Alt\u0131n K\u00fcl\u00e7emiz sadece de\u011ferli bir yat\u0131r\u0131m de\u011fil, ayn\u0131 zamanda y\u0131llarca de\u011fer verilecek zamans\u0131z bir g\u00fczellik par\u00e7as\u0131d\u0131r. \u00dccretsiz takipli teslimat ve g\u00fcvenli \u00e7evrimi\u00e7i \u00f6demelerle PureJewels UK ile al\u0131\u015fveri\u015f yapmak kolay ve rahatt\u0131r. Ka\u00e7\u0131rmay\u0131n<\/p>","protected":false},"excerpt":{"rendered":"<ul>\n<li>Kredi kart\u0131 boyutunda kullan\u0131\u015fl\u0131 bir pakette seri numaras\u0131 ve sertifika ile birlikte verilen, \u00f6nde gelen Argor-Heraeus'un 24 ayar kaliteli Alt\u0131n\u0131ndan bir Gram k\u00fcl\u00e7e.<\/li>\n<li class=\"field_weight\">\n<div>A\u011eIRLIK: 1 g<\/div>\n<\/li>\n<li class=\"field_metal\">\n<div>METAL: \u0130nce alt\u0131n<\/div>\n<\/li>\n<li class=\"field_finish\">\n<div>B\u0130T\u0130\u015e: 999,9<\/div>\n<\/li>\n<li class=\"field_collection\">BOYUTLAR: 15.0mm x 8.7mm x 0.5mm<\/li>\n<li>AMBALAJ BOYUTU: 85.0mm x 54.0mm<\/li>\n<li>TESL\u0130MAT: Ertesi i\u015f g\u00fcn\u00fc g\u00fcvenli teslimat dahildir<\/li>\n<li>\u0130ADE: 14 g\u00fcn iade politikas\u0131.<\/li>\n<li>PAKETLEME: Hediye kutusu ile birlikte gelir<\/li>\n<li>Farkl\u0131 a\u011f\u0131rl\u0131k bantlar\u0131nda 24 ayar alt\u0131n k\u00fcl\u00e7e sat\u0131n almak i\u00e7in bizimle ileti\u015fime ge\u00e7in.<\/li>\n<\/ul>","protected":false},"featured_media":311679,"comment_status":"closed","ping_status":"closed","template":"","meta":{"_eb_attr":"","_crsspst_to_jayantr4sg-hostcom":false},"product_brand":[],"product_cat":[1646],"product_tag":[],"class_list":{"0":"post-298175","1":"product","2":"type-product","3":"status-publish","4":"has-post-thumbnail","6":"product_cat-gold-bars","8":"first","9":"outofstock","10":"taxable","11":"shipping-taxable","12":"product-type-simple","13":"add-to-wishlist-before_image"},"yoast_head":"<!-- This site is optimized with the Yoast SEO plugin v27.5 - https:\/\/yoast.com\/product\/yoast-seo-wordpress\/ -->\n<title>1.0 Gram Fine Gold Bar in 24ct Gold - PureJewels UK<\/title>\n<meta name=\"robots\" content=\"index, follow, max-snippet:-1, max-image-preview:large, max-video-preview:-1\" \/>\n<link rel=\"canonical\" href=\"https:\/\/www.purejewels.com\/tr\/urun\/10-gram-ince-altin-kulce\/\" \/>\n<meta property=\"og:locale\" content=\"tr_TR\" \/>\n<meta property=\"og:type\" content=\"article\" \/>\n<meta property=\"og:title\" content=\"1.0 Gram Fine Gold Bar in 24ct Gold - PureJewels UK\" \/>\n<meta property=\"og:description\" content=\"A One Gram bullion bar of fine 24-karat Gold by leading Argor-Heraeus, supplied with serial number and certificate in a handy credit card sized package.   WEIGHT: 1 g   METAL: Fine gold   FINISH: 999.9  DIMENSIONS: 15.0mm x 8.7mm x 0.5mm  PACKAGING DIMENSION: 85.0mm x 54.0mm  DELIVERY: Secure next working day delivery included  RETURNS: 14 days returns policy.  PACKAGING: Comes with a gift box  Contact us to buy 24ct Gold bar in different weight-band.\" \/>\n<meta property=\"og:url\" content=\"https:\/\/www.purejewels.com\/tr\/urun\/10-gram-ince-altin-kulce\/\" \/>\n<meta property=\"og:site_name\" content=\"PureJewels UK\" \/>\n<meta property=\"article:modified_time\" content=\"2026-01-19T07:58:08+00:00\" \/>\n<meta property=\"og:image\" content=\"https:\/\/static.purejewels.com\/wp-content\/uploads\/2017\/12\/1gmgoldbar.png\" \/>\n\t<meta property=\"og:image:width\" content=\"470\" \/>\n\t<meta property=\"og:image:height\" content=\"470\" \/>\n\t<meta property=\"og:image:type\" content=\"image\/png\" \/>\n<meta name=\"twitter:card\" content=\"summary_large_image\" \/>\n<meta name=\"twitter:label1\" content=\"Tahmini okuma s\u00fcresi\" \/>\n\t<meta name=\"twitter:data1\" content=\"1 dakika\" \/>\n<script type=\"application\/ld+json\" class=\"yoast-schema-graph\">{\"@context\":\"https:\\\/\\\/schema.org\",\"@graph\":[{\"@type\":[\"WebPage\",\"ItemPage\"],\"@id\":\"https:\\\/\\\/www.purejewels.com\\\/product\\\/1-0-gram-fine-gold-bar\\\/\",\"url\":\"https:\\\/\\\/www.purejewels.com\\\/product\\\/1-0-gram-fine-gold-bar\\\/\",\"name\":\"1.0 Gram Fine Gold Bar in 24ct Gold - PureJewels UK\",\"isPartOf\":{\"@id\":\"https:\\\/\\\/www.purejewels.com\\\/#website\"},\"primaryImageOfPage\":{\"@id\":\"https:\\\/\\\/www.purejewels.com\\\/product\\\/1-0-gram-fine-gold-bar\\\/#primaryimage\"},\"image\":{\"@id\":\"https:\\\/\\\/www.purejewels.com\\\/product\\\/1-0-gram-fine-gold-bar\\\/#primaryimage\"},\"thumbnailUrl\":\"https:\\\/\\\/static.purejewels.com\\\/wp-content\\\/uploads\\\/2017\\\/12\\\/1gmgoldbar.png\",\"datePublished\":\"2017-12-19T15:39:19+00:00\",\"dateModified\":\"2026-01-19T07:58:08+00:00\",\"breadcrumb\":{\"@id\":\"https:\\\/\\\/www.purejewels.com\\\/product\\\/1-0-gram-fine-gold-bar\\\/#breadcrumb\"},\"inLanguage\":\"tr\",\"potentialAction\":[{\"@type\":\"ReadAction\",\"target\":[\"https:\\\/\\\/www.purejewels.com\\\/product\\\/1-0-gram-fine-gold-bar\\\/\"]}]},{\"@type\":\"ImageObject\",\"inLanguage\":\"tr\",\"@id\":\"https:\\\/\\\/www.purejewels.com\\\/product\\\/1-0-gram-fine-gold-bar\\\/#primaryimage\",\"url\":\"https:\\\/\\\/static.purejewels.com\\\/wp-content\\\/uploads\\\/2017\\\/12\\\/1gmgoldbar.png\",\"contentUrl\":\"https:\\\/\\\/static.purejewels.com\\\/wp-content\\\/uploads\\\/2017\\\/12\\\/1gmgoldbar.png\",\"width\":470,\"height\":470,\"caption\":\"1gm Gold 999.9 Bar\"},{\"@type\":\"BreadcrumbList\",\"@id\":\"https:\\\/\\\/www.purejewels.com\\\/product\\\/1-0-gram-fine-gold-bar\\\/#breadcrumb\",\"itemListElement\":[{\"@type\":\"ListItem\",\"position\":1,\"name\":\"Home\",\"item\":\"https:\\\/\\\/www.purejewels.com\\\/\"},{\"@type\":\"ListItem\",\"position\":2,\"name\":\"Shop\",\"item\":\"https:\\\/\\\/www.purejewels.com\\\/shop\\\/\"},{\"@type\":\"ListItem\",\"position\":3,\"name\":\"1.0 Gram Fine Gold Bar in 24ct Gold\"}]},{\"@type\":\"WebSite\",\"@id\":\"https:\\\/\\\/www.purejewels.com\\\/#website\",\"url\":\"https:\\\/\\\/www.purejewels.com\\\/\",\"name\":\"PureJewels UK\",\"description\":\"Share the Love\",\"publisher\":{\"@id\":\"https:\\\/\\\/www.purejewels.com\\\/#organization\"},\"potentialAction\":[{\"@type\":\"SearchAction\",\"target\":{\"@type\":\"EntryPoint\",\"urlTemplate\":\"https:\\\/\\\/www.purejewels.com\\\/?s={search_term_string}\"},\"query-input\":{\"@type\":\"PropertyValueSpecification\",\"valueRequired\":true,\"valueName\":\"search_term_string\"}}],\"inLanguage\":\"tr\"},{\"@type\":\"Organization\",\"@id\":\"https:\\\/\\\/www.purejewels.com\\\/#organization\",\"name\":\"PureJewels UK\",\"url\":\"https:\\\/\\\/www.purejewels.com\\\/\",\"logo\":{\"@type\":\"ImageObject\",\"inLanguage\":\"tr\",\"@id\":\"https:\\\/\\\/www.purejewels.com\\\/#\\\/schema\\\/logo\\\/image\\\/\",\"url\":\"https:\\\/\\\/static.purejewels.com\\\/wp-content\\\/uploads\\\/2020\\\/11\\\/Logo-PJ-New-1.png\",\"contentUrl\":\"https:\\\/\\\/static.purejewels.com\\\/wp-content\\\/uploads\\\/2020\\\/11\\\/Logo-PJ-New-1.png\",\"width\":150,\"height\":80,\"caption\":\"PureJewels UK\"},\"image\":{\"@id\":\"https:\\\/\\\/www.purejewels.com\\\/#\\\/schema\\\/logo\\\/image\\\/\"}}]}<\/script>\n<!-- \/ Yoast SEO plugin. -->","yoast_head_json":{"title":"24 Ayar Alt\u0131ndan 1,0 Gram \u0130nce Alt\u0131n K\u00fcl\u00e7e - PureJewels UK","robots":{"index":"index","follow":"follow","max-snippet":"max-snippet:-1","max-image-preview":"max-image-preview:large","max-video-preview":"max-video-preview:-1"},"canonical":"https:\/\/www.purejewels.com\/tr\/urun\/10-gram-ince-altin-kulce\/","og_locale":"tr_TR","og_type":"article","og_title":"1.0 Gram Fine Gold Bar in 24ct Gold - PureJewels UK","og_description":"A One Gram bullion bar of fine 24-karat Gold by leading Argor-Heraeus, supplied with serial number and certificate in a handy credit card sized package.   WEIGHT: 1 g   METAL: Fine gold   FINISH: 999.9  DIMENSIONS: 15.0mm x 8.7mm x 0.5mm  PACKAGING DIMENSION: 85.0mm x 54.0mm  DELIVERY: Secure next working day delivery included  RETURNS: 14 days returns policy.  PACKAGING: Comes with a gift box  Contact us to buy 24ct Gold bar in different weight-band.","og_url":"https:\/\/www.purejewels.com\/tr\/urun\/10-gram-ince-altin-kulce\/","og_site_name":"PureJewels UK","article_modified_time":"2026-01-19T07:58:08+00:00","og_image":[{"width":470,"height":470,"url":"https:\/\/static.purejewels.com\/wp-content\/uploads\/2017\/12\/1gmgoldbar.png","type":"image\/png"}],"twitter_card":"summary_large_image","twitter_misc":{"Tahmini okuma s\u00fcresi":"1 dakika"},"schema":{"@context":"https:\/\/schema.org","@graph":[{"@type":["WebPage","ItemPage"],"@id":"https:\/\/www.purejewels.com\/product\/1-0-gram-fine-gold-bar\/","url":"https:\/\/www.purejewels.com\/product\/1-0-gram-fine-gold-bar\/","name":"24 Ayar Alt\u0131ndan 1,0 Gram \u0130nce Alt\u0131n K\u00fcl\u00e7e - PureJewels UK","isPartOf":{"@id":"https:\/\/www.purejewels.com\/#website"},"primaryImageOfPage":{"@id":"https:\/\/www.purejewels.com\/product\/1-0-gram-fine-gold-bar\/#primaryimage"},"image":{"@id":"https:\/\/www.purejewels.com\/product\/1-0-gram-fine-gold-bar\/#primaryimage"},"thumbnailUrl":"https:\/\/static.purejewels.com\/wp-content\/uploads\/2017\/12\/1gmgoldbar.png","datePublished":"2017-12-19T15:39:19+00:00","dateModified":"2026-01-19T07:58:08+00:00","breadcrumb":{"@id":"https:\/\/www.purejewels.com\/product\/1-0-gram-fine-gold-bar\/#breadcrumb"},"inLanguage":"tr","potentialAction":[{"@type":"ReadAction","target":["https:\/\/www.purejewels.com\/product\/1-0-gram-fine-gold-bar\/"]}]},{"@type":"ImageObject","inLanguage":"tr","@id":"https:\/\/www.purejewels.com\/product\/1-0-gram-fine-gold-bar\/#primaryimage","url":"https:\/\/static.purejewels.com\/wp-content\/uploads\/2017\/12\/1gmgoldbar.png","contentUrl":"https:\/\/static.purejewels.com\/wp-content\/uploads\/2017\/12\/1gmgoldbar.png","width":470,"height":470,"caption":"1gm Gold 999.9 Bar"},{"@type":"BreadcrumbList","@id":"https:\/\/www.purejewels.com\/product\/1-0-gram-fine-gold-bar\/#breadcrumb","itemListElement":[{"@type":"ListItem","position":1,"name":"Home","item":"https:\/\/www.purejewels.com\/"},{"@type":"ListItem","position":2,"name":"Shop","item":"https:\/\/www.purejewels.com\/shop\/"},{"@type":"ListItem","position":3,"name":"1.0 Gram Fine Gold Bar in 24ct Gold"}]},{"@type":"WebSite","@id":"https:\/\/www.purejewels.com\/#website","url":"https:\/\/www.purejewels.com\/","name":"PureJewels \u0130ngiltere","description":"Sevgiyi Payla\u015f\u0131n","publisher":{"@id":"https:\/\/www.purejewels.com\/#organization"},"potentialAction":[{"@type":"SearchAction","target":{"@type":"EntryPoint","urlTemplate":"https:\/\/www.purejewels.com\/?s={search_term_string}"},"query-input":{"@type":"PropertyValueSpecification","valueRequired":true,"valueName":"search_term_string"}}],"inLanguage":"tr"},{"@type":"Organization","@id":"https:\/\/www.purejewels.com\/#organization","name":"PureJewels \u0130ngiltere","url":"https:\/\/www.purejewels.com\/","logo":{"@type":"ImageObject","inLanguage":"tr","@id":"https:\/\/www.purejewels.com\/#\/schema\/logo\/image\/","url":"https:\/\/static.purejewels.com\/wp-content\/uploads\/2020\/11\/Logo-PJ-New-1.png","contentUrl":"https:\/\/static.purejewels.com\/wp-content\/uploads\/2020\/11\/Logo-PJ-New-1.png","width":150,"height":80,"caption":"PureJewels UK"},"image":{"@id":"https:\/\/www.purejewels.com\/#\/schema\/logo\/image\/"}}]}},"_links":{"self":[{"href":"https:\/\/www.purejewels.com\/tr\/wp-json\/wp\/v2\/product\/298175","targetHints":{"allow":["GET"]}}],"collection":[{"href":"https:\/\/www.purejewels.com\/tr\/wp-json\/wp\/v2\/product"}],"about":[{"href":"https:\/\/www.purejewels.com\/tr\/wp-json\/wp\/v2\/types\/product"}],"replies":[{"embeddable":true,"href":"https:\/\/www.purejewels.com\/tr\/wp-json\/wp\/v2\/comments?post=298175"}],"version-history":[{"count":3,"href":"https:\/\/www.purejewels.com\/tr\/wp-json\/wp\/v2\/product\/298175\/revisions"}],"predecessor-version":[{"id":424980,"href":"https:\/\/www.purejewels.com\/tr\/wp-json\/wp\/v2\/product\/298175\/revisions\/424980"}],"wp:featuredmedia":[{"embeddable":true,"href":"https:\/\/www.purejewels.com\/tr\/wp-json\/wp\/v2\/media\/311679"}],"wp:attachment":[{"href":"https:\/\/www.purejewels.com\/tr\/wp-json\/wp\/v2\/media?parent=298175"}],"wp:term":[{"taxonomy":"product_brand","embeddable":true,"href":"https:\/\/www.purejewels.com\/tr\/wp-json\/wp\/v2\/product_brand?post=298175"},{"taxonomy":"product_cat","embeddable":true,"href":"https:\/\/www.purejewels.com\/tr\/wp-json\/wp\/v2\/product_cat?post=298175"},{"taxonomy":"product_tag","embeddable":true,"href":"https:\/\/www.purejewels.com\/tr\/wp-json\/wp\/v2\/product_tag?post=298175"}],"curies":[{"name":"wp","href":"https:\/\/api.w.org\/{rel}","templated":true}]}}