{"id":298195,"date":"2017-12-20T15:52:48","date_gmt":"2017-12-20T15:52:48","guid":{"rendered":"https:\/\/www.purejewels.com\/?post_type=product&#038;p=298195"},"modified":"2026-05-14T13:25:16","modified_gmt":"2026-05-14T12:25:16","slug":"2-adet-5-gramlik-altin-kulce","status":"publish","type":"product","link":"https:\/\/www.purejewels.com\/tr\/product\/2-5-gm-gold-bar\/","title":{"rendered":"2.5 Gm Alt\u0131n K\u00fcl\u00e7e"},"content":{"rendered":"<p>Alt\u0131na yat\u0131r\u0131m yapmak i\u00e7in uygun bir yol mu ar\u0131yorsunuz? 2,5 graml\u0131k k\u00fcl\u00e7e alt\u0131n\u0131m\u0131z sizin i\u00e7in m\u00fckemmel bir se\u00e7im. \u00dcnl\u00fc Argor-Heraeus taraf\u0131ndan 24 ayar alt\u0131ndan \u00fcretilen bu k\u00fcl\u00e7e alt\u0131n, bir seri numaras\u0131 ve orijinallik sertifikas\u0131 ile birlikte gelir. 19,1 mm x 11,5 mm x 0,7 mm \u00f6l\u00e7\u00fclerinde ve kredi kart\u0131 b\u00fcy\u00fckl\u00fc\u011f\u00fcnde bir ambalajda paketlenmi\u015f olan bu k\u00fcl\u00e7e alt\u0131n\u0131n saklanmas\u0131 ve ta\u015f\u0131nmas\u0131 kolayd\u0131r.<\/p>\n<p>PureJewels UK'de, ertesi i\u015f g\u00fcn\u00fc g\u00fcvenli teslimat ve \u00f6zel teslimat yoluyla \u00fccretsiz iade sunuyoruz. Alt\u0131n k\u00fcl\u00e7eniz bir hediye kutusunda gelecek ve ideal bir hediye veya yat\u0131r\u0131m par\u00e7as\u0131 olacakt\u0131r. Bu 24 ayar alt\u0131n k\u00fcl\u00e7eyi sat\u0131n almak i\u00e7in ekip \u00fcyemizle sohbet etmeniz veya Londra, \u0130ngiltere'deki Upton Park alt\u0131n ma\u011fazam\u0131z\u0131 ziyaret etmeniz yeterlidir.<\/p>\n<p>Bug\u00fcn alt\u0131na yat\u0131r\u0131m yap\u0131n ve 2,5 graml\u0131k k\u00fcl\u00e7e alt\u0131n\u0131m\u0131zla finansal gelece\u011finizi g\u00fcvence alt\u0131na al\u0131n.<\/p>","protected":false},"excerpt":{"rendered":"<p>2,5 Gram a\u011f\u0131rl\u0131\u011f\u0131nda, 24 ayar kaliteli Argor-Heraeus Alt\u0131n k\u00fcl\u00e7e, seri numaras\u0131 ve sertifikas\u0131 ile birlikte kredi kart\u0131 boyutunda kullan\u0131\u015fl\u0131 bir pakette sunulmaktad\u0131r.<\/p>\n<div class=\"field_weight\">\n<div>A\u011eIRLIK : 2.5g<\/div>\n<\/div>\n<div class=\"field_metal\">\n<div>METAL : \u0130nce alt\u0131n<\/div>\n<\/div>\n<div class=\"field_finish\">\n<div>B\u0130T\u0130\u015e : 999.9<\/div>\n<\/div>\n<div class=\"field_dimensions\">\n<div>BOYUTLAR: 19,1 mm x 11,5 mm x 0,7 mm<\/div>\n<div>\n<div>AMBALAJ BOYUTU : 85.0mm x 54.0mm<\/div>\n<div>\n<div>TESL\u0130MAT: Ertesi i\u015f g\u00fcn\u00fc g\u00fcvenli teslimat dahildir<\/div>\n<div>\u0130ADE: \u00d6zel teslimatla \u00fccretsiz iade<\/div>\n<div>PAKETLEME: Hediye kutusu ile birlikte gelir<\/div>\n<ul>\n<li>24 ayar alt\u0131n k\u00fcl\u00e7e sat\u0131n almak i\u00e7in ekip \u00fcyemizle sohbet edin veya Londra, \u0130ngiltere'deki Upton Park alt\u0131n ma\u011fazas\u0131n\u0131 ziyaret edin<\/li>\n<\/ul>\n<\/div>\n<\/div>\n<\/div>","protected":false},"featured_media":311678,"comment_status":"closed","ping_status":"closed","template":"","meta":{"_eb_attr":"","_crsspst_to_jayantr4sg-hostcom":false},"product_brand":[],"product_cat":[1482],"product_tag":[],"class_list":{"0":"post-298195","1":"product","2":"type-product","3":"status-publish","4":"has-post-thumbnail","6":"product_cat-uncategorized","8":"first","9":"outofstock","10":"taxable","11":"shipping-taxable","12":"product-type-simple","13":"add-to-wishlist-before_image"},"yoast_head":"<!-- This site is optimized with the Yoast SEO plugin v27.5 - https:\/\/yoast.com\/product\/yoast-seo-wordpress\/ -->\n<title>2.5 Gm Gold Bar - PureJewels UK<\/title>\n<meta name=\"robots\" content=\"index, follow, max-snippet:-1, max-image-preview:large, max-video-preview:-1\" \/>\n<link rel=\"canonical\" href=\"https:\/\/www.purejewels.com\/tr\/urun\/2-adet-5-gramlik-altin-kulce\/\" \/>\n<meta property=\"og:locale\" content=\"tr_TR\" \/>\n<meta property=\"og:type\" content=\"article\" \/>\n<meta property=\"og:title\" content=\"2.5 Gm Gold Bar - PureJewels UK\" \/>\n<meta property=\"og:description\" content=\"2.5 Gram bullion bar of fine 24-karat Gold by leading Argor-Heraeus, supplied with serial number and certificate in a handy credit card sized package.  WEIGHT : 2.5g   METAL : Fine gold   FINISH : 999.9   DIMENSIONS : 19.1mm x 11.5mm x 0.7mm  PACKAGING DIMENSION : 85.0mm x 54.0mm  DELIVERY: Secure next working day delivery included RETURNS: Free returns by special delivery PACKAGING: Comes with a gift box   To buy 24-karat gold bar , do chat with our team member or visit Upton Park gold shop , London , UK\" \/>\n<meta property=\"og:url\" content=\"https:\/\/www.purejewels.com\/tr\/urun\/2-adet-5-gramlik-altin-kulce\/\" \/>\n<meta property=\"og:site_name\" content=\"PureJewels UK\" \/>\n<meta property=\"article:modified_time\" content=\"2026-05-14T12:25:16+00:00\" \/>\n<meta property=\"og:image\" content=\"https:\/\/www.purejewels.com\/wp-content\/uploads\/2017\/12\/25gmbar-scaled.jpg\" \/>\n\t<meta property=\"og:image:width\" content=\"2048\" \/>\n\t<meta property=\"og:image:height\" content=\"2560\" \/>\n\t<meta property=\"og:image:type\" content=\"image\/jpeg\" \/>\n<meta name=\"twitter:card\" content=\"summary_large_image\" \/>\n<meta name=\"twitter:label1\" content=\"Tahmini okuma s\u00fcresi\" \/>\n\t<meta name=\"twitter:data1\" content=\"1 dakika\" \/>\n<script type=\"application\/ld+json\" class=\"yoast-schema-graph\">{\"@context\":\"https:\\\/\\\/schema.org\",\"@graph\":[{\"@type\":[\"WebPage\",\"ItemPage\"],\"@id\":\"https:\\\/\\\/www.purejewels.com\\\/product\\\/2-5-gm-gold-bar\\\/\",\"url\":\"https:\\\/\\\/www.purejewels.com\\\/product\\\/2-5-gm-gold-bar\\\/\",\"name\":\"2.5 Gm Gold Bar - PureJewels UK\",\"isPartOf\":{\"@id\":\"https:\\\/\\\/www.purejewels.com\\\/#website\"},\"primaryImageOfPage\":{\"@id\":\"https:\\\/\\\/www.purejewels.com\\\/product\\\/2-5-gm-gold-bar\\\/#primaryimage\"},\"image\":{\"@id\":\"https:\\\/\\\/www.purejewels.com\\\/product\\\/2-5-gm-gold-bar\\\/#primaryimage\"},\"thumbnailUrl\":\"https:\\\/\\\/static.purejewels.com\\\/wp-content\\\/uploads\\\/2017\\\/12\\\/25gmbar-scaled.jpg\",\"datePublished\":\"2017-12-20T15:52:48+00:00\",\"dateModified\":\"2026-05-14T12:25:16+00:00\",\"breadcrumb\":{\"@id\":\"https:\\\/\\\/www.purejewels.com\\\/product\\\/2-5-gm-gold-bar\\\/#breadcrumb\"},\"inLanguage\":\"tr\",\"potentialAction\":[{\"@type\":\"ReadAction\",\"target\":[\"https:\\\/\\\/www.purejewels.com\\\/product\\\/2-5-gm-gold-bar\\\/\"]}]},{\"@type\":\"ImageObject\",\"inLanguage\":\"tr\",\"@id\":\"https:\\\/\\\/www.purejewels.com\\\/product\\\/2-5-gm-gold-bar\\\/#primaryimage\",\"url\":\"https:\\\/\\\/static.purejewels.com\\\/wp-content\\\/uploads\\\/2017\\\/12\\\/25gmbar-scaled.jpg\",\"contentUrl\":\"https:\\\/\\\/static.purejewels.com\\\/wp-content\\\/uploads\\\/2017\\\/12\\\/25gmbar-scaled.jpg\",\"width\":2048,\"height\":2560,\"caption\":\"2.5gm Gold Bar\"},{\"@type\":\"BreadcrumbList\",\"@id\":\"https:\\\/\\\/www.purejewels.com\\\/product\\\/2-5-gm-gold-bar\\\/#breadcrumb\",\"itemListElement\":[{\"@type\":\"ListItem\",\"position\":1,\"name\":\"Home\",\"item\":\"https:\\\/\\\/www.purejewels.com\\\/\"},{\"@type\":\"ListItem\",\"position\":2,\"name\":\"Shop\",\"item\":\"https:\\\/\\\/www.purejewels.com\\\/shop\\\/\"},{\"@type\":\"ListItem\",\"position\":3,\"name\":\"2.5 Gm Gold Bar\"}]},{\"@type\":\"WebSite\",\"@id\":\"https:\\\/\\\/www.purejewels.com\\\/#website\",\"url\":\"https:\\\/\\\/www.purejewels.com\\\/\",\"name\":\"PureJewels UK\",\"description\":\"Share the Love\",\"publisher\":{\"@id\":\"https:\\\/\\\/www.purejewels.com\\\/#organization\"},\"potentialAction\":[{\"@type\":\"SearchAction\",\"target\":{\"@type\":\"EntryPoint\",\"urlTemplate\":\"https:\\\/\\\/www.purejewels.com\\\/?s={search_term_string}\"},\"query-input\":{\"@type\":\"PropertyValueSpecification\",\"valueRequired\":true,\"valueName\":\"search_term_string\"}}],\"inLanguage\":\"tr\"},{\"@type\":\"Organization\",\"@id\":\"https:\\\/\\\/www.purejewels.com\\\/#organization\",\"name\":\"PureJewels UK\",\"url\":\"https:\\\/\\\/www.purejewels.com\\\/\",\"logo\":{\"@type\":\"ImageObject\",\"inLanguage\":\"tr\",\"@id\":\"https:\\\/\\\/www.purejewels.com\\\/#\\\/schema\\\/logo\\\/image\\\/\",\"url\":\"https:\\\/\\\/static.purejewels.com\\\/wp-content\\\/uploads\\\/2020\\\/11\\\/Logo-PJ-New-1.png\",\"contentUrl\":\"https:\\\/\\\/static.purejewels.com\\\/wp-content\\\/uploads\\\/2020\\\/11\\\/Logo-PJ-New-1.png\",\"width\":150,\"height\":80,\"caption\":\"PureJewels UK\"},\"image\":{\"@id\":\"https:\\\/\\\/www.purejewels.com\\\/#\\\/schema\\\/logo\\\/image\\\/\"}}]}<\/script>\n<!-- \/ Yoast SEO plugin. -->","yoast_head_json":{"title":"2,5 Gm Alt\u0131n K\u00fcl\u00e7e - PureJewels UK","robots":{"index":"index","follow":"follow","max-snippet":"max-snippet:-1","max-image-preview":"max-image-preview:large","max-video-preview":"max-video-preview:-1"},"canonical":"https:\/\/www.purejewels.com\/tr\/urun\/2-adet-5-gramlik-altin-kulce\/","og_locale":"tr_TR","og_type":"article","og_title":"2.5 Gm Gold Bar - PureJewels UK","og_description":"2.5 Gram bullion bar of fine 24-karat Gold by leading Argor-Heraeus, supplied with serial number and certificate in a handy credit card sized package.  WEIGHT : 2.5g   METAL : Fine gold   FINISH : 999.9   DIMENSIONS : 19.1mm x 11.5mm x 0.7mm  PACKAGING DIMENSION : 85.0mm x 54.0mm  DELIVERY: Secure next working day delivery included RETURNS: Free returns by special delivery PACKAGING: Comes with a gift box   To buy 24-karat gold bar , do chat with our team member or visit Upton Park gold shop , London , UK","og_url":"https:\/\/www.purejewels.com\/tr\/urun\/2-adet-5-gramlik-altin-kulce\/","og_site_name":"PureJewels UK","article_modified_time":"2026-05-14T12:25:16+00:00","og_image":[{"width":2048,"height":2560,"url":"https:\/\/www.purejewels.com\/wp-content\/uploads\/2017\/12\/25gmbar-scaled.jpg","type":"image\/jpeg"}],"twitter_card":"summary_large_image","twitter_misc":{"Tahmini okuma s\u00fcresi":"1 dakika"},"schema":{"@context":"https:\/\/schema.org","@graph":[{"@type":["WebPage","ItemPage"],"@id":"https:\/\/www.purejewels.com\/product\/2-5-gm-gold-bar\/","url":"https:\/\/www.purejewels.com\/product\/2-5-gm-gold-bar\/","name":"2,5 Gm Alt\u0131n K\u00fcl\u00e7e - PureJewels UK","isPartOf":{"@id":"https:\/\/www.purejewels.com\/#website"},"primaryImageOfPage":{"@id":"https:\/\/www.purejewels.com\/product\/2-5-gm-gold-bar\/#primaryimage"},"image":{"@id":"https:\/\/www.purejewels.com\/product\/2-5-gm-gold-bar\/#primaryimage"},"thumbnailUrl":"https:\/\/static.purejewels.com\/wp-content\/uploads\/2017\/12\/25gmbar-scaled.jpg","datePublished":"2017-12-20T15:52:48+00:00","dateModified":"2026-05-14T12:25:16+00:00","breadcrumb":{"@id":"https:\/\/www.purejewels.com\/product\/2-5-gm-gold-bar\/#breadcrumb"},"inLanguage":"tr","potentialAction":[{"@type":"ReadAction","target":["https:\/\/www.purejewels.com\/product\/2-5-gm-gold-bar\/"]}]},{"@type":"ImageObject","inLanguage":"tr","@id":"https:\/\/www.purejewels.com\/product\/2-5-gm-gold-bar\/#primaryimage","url":"https:\/\/static.purejewels.com\/wp-content\/uploads\/2017\/12\/25gmbar-scaled.jpg","contentUrl":"https:\/\/static.purejewels.com\/wp-content\/uploads\/2017\/12\/25gmbar-scaled.jpg","width":2048,"height":2560,"caption":"2.5gm Gold Bar"},{"@type":"BreadcrumbList","@id":"https:\/\/www.purejewels.com\/product\/2-5-gm-gold-bar\/#breadcrumb","itemListElement":[{"@type":"ListItem","position":1,"name":"Home","item":"https:\/\/www.purejewels.com\/"},{"@type":"ListItem","position":2,"name":"Shop","item":"https:\/\/www.purejewels.com\/shop\/"},{"@type":"ListItem","position":3,"name":"2.5 Gm Gold Bar"}]},{"@type":"WebSite","@id":"https:\/\/www.purejewels.com\/#website","url":"https:\/\/www.purejewels.com\/","name":"PureJewels \u0130ngiltere","description":"Sevgiyi Payla\u015f\u0131n","publisher":{"@id":"https:\/\/www.purejewels.com\/#organization"},"potentialAction":[{"@type":"SearchAction","target":{"@type":"EntryPoint","urlTemplate":"https:\/\/www.purejewels.com\/?s={search_term_string}"},"query-input":{"@type":"PropertyValueSpecification","valueRequired":true,"valueName":"search_term_string"}}],"inLanguage":"tr"},{"@type":"Organization","@id":"https:\/\/www.purejewels.com\/#organization","name":"PureJewels \u0130ngiltere","url":"https:\/\/www.purejewels.com\/","logo":{"@type":"ImageObject","inLanguage":"tr","@id":"https:\/\/www.purejewels.com\/#\/schema\/logo\/image\/","url":"https:\/\/static.purejewels.com\/wp-content\/uploads\/2020\/11\/Logo-PJ-New-1.png","contentUrl":"https:\/\/static.purejewels.com\/wp-content\/uploads\/2020\/11\/Logo-PJ-New-1.png","width":150,"height":80,"caption":"PureJewels UK"},"image":{"@id":"https:\/\/www.purejewels.com\/#\/schema\/logo\/image\/"}}]}},"_links":{"self":[{"href":"https:\/\/www.purejewels.com\/tr\/wp-json\/wp\/v2\/product\/298195","targetHints":{"allow":["GET"]}}],"collection":[{"href":"https:\/\/www.purejewels.com\/tr\/wp-json\/wp\/v2\/product"}],"about":[{"href":"https:\/\/www.purejewels.com\/tr\/wp-json\/wp\/v2\/types\/product"}],"replies":[{"embeddable":true,"href":"https:\/\/www.purejewels.com\/tr\/wp-json\/wp\/v2\/comments?post=298195"}],"version-history":[{"count":1,"href":"https:\/\/www.purejewels.com\/tr\/wp-json\/wp\/v2\/product\/298195\/revisions"}],"predecessor-version":[{"id":420323,"href":"https:\/\/www.purejewels.com\/tr\/wp-json\/wp\/v2\/product\/298195\/revisions\/420323"}],"wp:featuredmedia":[{"embeddable":true,"href":"https:\/\/www.purejewels.com\/tr\/wp-json\/wp\/v2\/media\/311678"}],"wp:attachment":[{"href":"https:\/\/www.purejewels.com\/tr\/wp-json\/wp\/v2\/media?parent=298195"}],"wp:term":[{"taxonomy":"product_brand","embeddable":true,"href":"https:\/\/www.purejewels.com\/tr\/wp-json\/wp\/v2\/product_brand?post=298195"},{"taxonomy":"product_cat","embeddable":true,"href":"https:\/\/www.purejewels.com\/tr\/wp-json\/wp\/v2\/product_cat?post=298195"},{"taxonomy":"product_tag","embeddable":true,"href":"https:\/\/www.purejewels.com\/tr\/wp-json\/wp\/v2\/product_tag?post=298195"}],"curies":[{"name":"wp","href":"https:\/\/api.w.org\/{rel}","templated":true}]}}