{"id":298203,"date":"2017-12-20T18:13:50","date_gmt":"2017-12-20T18:13:50","guid":{"rendered":"https:\/\/www.purejewels.com\/?post_type=product&#038;p=298203"},"modified":"2025-12-18T08:26:53","modified_gmt":"2025-12-18T08:26:53","slug":"22ct-tanri-cz-saplama","status":"publish","type":"product","link":"https:\/\/www.purejewels.com\/tr\/product\/22ct-god-cz-stud\/","title":{"rendered":"22 ayar alt\u0131n CZ saplama k\u00fcpeler \u2013 \u00c7i\u00e7ek desenli k\u0131vr\u0131ml\u0131 tasar\u0131m"},"content":{"rendered":"<p>Bu \u0131\u015f\u0131lt\u0131l\u0131 22 ayar alt\u0131n saplama k\u00fcpeler, rafine i\u015f\u00e7ilik ve kad\u0131ns\u0131 zarafete bir \u00f6vg\u00fc niteli\u011findedir. Narin \u00e7i\u00e7ek desenli motifiyle tasarlanan bu k\u00fcpeler, hareket halindeki yapraklar\u0131n yumu\u015fak k\u0131vr\u0131mlar\u0131n\u0131 \u00e7a\u011fr\u0131\u015ft\u0131rarak g\u00fczelli\u011fi, b\u00fcy\u00fcmeyi ve do\u011fal zarafeti sembolize eder.<\/p>\n<p>Her bir k\u00fcpe, her hareketle \u0131\u015f\u0131\u011f\u0131 yakalay\u0131p yans\u0131tacak \u015fekilde hassas bir \u015fekilde yerle\u015ftirilmi\u015f parlak kesim k\u00fcbik zirkon (CZ) ta\u015flarla s\u00fcslenmi\u015ftir. Birbirine dolanan alt\u0131n k\u0131vr\u0131mlar, k\u00fcmelenmi\u015f ta\u015flar\u0131 sararak hem modern hem de zamans\u0131z bir his veren uyumlu, \u00fc\u00e7 boyutlu bir form olu\u015fturur.<\/p>\n<p>G\u00fcnl\u00fck kullan\u0131m i\u00e7in m\u00fckemmel boyutta, ancak hafif etkinlikler i\u00e7in yeterince parlak olan bu k\u00fcpeler, y\u00fcksek safl\u0131kta 22 ayar alt\u0131ndan \u00fcretilmi\u015f ve orijinallik i\u00e7in \u0130ngiltere damgas\u0131 ta\u015f\u0131maktad\u0131r.<\/p>","protected":false},"excerpt":{"rendered":"<p>Zarif bir k\u0131vr\u0131m tasar\u0131m\u0131na sahip, y\u00fcksek kaliteli k\u00fcbik zirkon ta\u015flarla s\u00fcslenmi\u015f, 22 ayar alt\u0131n k\u00fcpe. G\u00fcnl\u00fck kullan\u0131m i\u00e7in parlak bir klasik.<\/p>\n<ul>\n<li>\u00c7i\u00e7ek Esintili Tasar\u0131m<\/li>\n<li>K\u00fcbik Zirkon Ta\u015fl\u0131<\/li>\n<li>A\u011f\u0131rl\u0131k: 1,9 gms<\/li>\n<li>Push-back Ba\u011flant\u0131 Elemanlar\u0131 ile<\/li>\n<li>Londra Tahlil Ofisi Taraf\u0131ndan Damgalanm\u0131\u015f 22 Ayar Alt\u0131n<\/li>\n<li>Sunum Kutusu ile Birlikte Gelir<\/li>\n<li>Teslimat Dahil<\/li>\n<\/ul>","protected":false},"featured_media":298204,"comment_status":"closed","ping_status":"closed","template":"","meta":{"_eb_attr":"","_crsspst_to_jayantr4sg-hostcom":false},"product_brand":[],"product_cat":[1576,1229,1577],"product_tag":[],"class_list":{"0":"post-298203","1":"product","2":"type-product","3":"status-publish","4":"has-post-thumbnail","6":"product_cat-childrens-jewellery","7":"product_cat-22ct-gold-jewellery","8":"product_cat-stud-earrings","10":"first","11":"outofstock","12":"taxable","13":"shipping-taxable","14":"product-type-simple","15":"add-to-wishlist-before_image"},"yoast_head":"<!-- This site is optimized with the Yoast SEO plugin v27.5 - https:\/\/yoast.com\/product\/yoast-seo-wordpress\/ -->\n<title>22ct Gold Stud Earrings | Floral Swirl Design | PureJewels London<\/title>\n<meta name=\"description\" content=\"Elegant 22ct gold stud earrings with sparkling CZ stones in a floral swirl design. Perfect for daily wear or gifting. PureJewels craftsmanship.\" \/>\n<meta name=\"robots\" content=\"index, follow, max-snippet:-1, max-image-preview:large, max-video-preview:-1\" \/>\n<link rel=\"canonical\" href=\"https:\/\/www.purejewels.com\/tr\/urun\/22ct-tanri-cz-saplama\/\" \/>\n<meta property=\"og:locale\" content=\"tr_TR\" \/>\n<meta property=\"og:type\" content=\"article\" \/>\n<meta property=\"og:title\" content=\"22ct Gold Stud Earrings | Floral Swirl Design | PureJewels London\" \/>\n<meta property=\"og:description\" content=\"Elegant 22ct gold stud earrings with sparkling CZ stones in a floral swirl design. Perfect for daily wear or gifting. PureJewels craftsmanship.\" \/>\n<meta property=\"og:url\" content=\"https:\/\/www.purejewels.com\/tr\/urun\/22ct-tanri-cz-saplama\/\" \/>\n<meta property=\"og:site_name\" content=\"PureJewels UK\" \/>\n<meta property=\"article:modified_time\" content=\"2025-12-18T08:26:53+00:00\" \/>\n<meta property=\"og:image\" content=\"https:\/\/static.purejewels.com\/wp-content\/uploads\/2017\/12\/26301_1.png\" \/>\n\t<meta property=\"og:image:width\" content=\"1000\" \/>\n\t<meta property=\"og:image:height\" content=\"1000\" \/>\n\t<meta property=\"og:image:type\" content=\"image\/png\" \/>\n<meta name=\"twitter:card\" content=\"summary_large_image\" \/>\n<meta name=\"twitter:label1\" content=\"Tahmini okuma s\u00fcresi\" \/>\n\t<meta name=\"twitter:data1\" content=\"1 dakika\" \/>\n<script type=\"application\/ld+json\" class=\"yoast-schema-graph\">{\"@context\":\"https:\\\/\\\/schema.org\",\"@graph\":[{\"@type\":[\"WebPage\",\"ItemPage\"],\"@id\":\"https:\\\/\\\/www.purejewels.com\\\/product\\\/22ct-god-cz-stud\\\/\",\"url\":\"https:\\\/\\\/www.purejewels.com\\\/product\\\/22ct-god-cz-stud\\\/\",\"name\":\"22ct Gold Stud Earrings | Floral Swirl Design | PureJewels London\",\"isPartOf\":{\"@id\":\"https:\\\/\\\/www.purejewels.com\\\/#website\"},\"primaryImageOfPage\":{\"@id\":\"https:\\\/\\\/www.purejewels.com\\\/product\\\/22ct-god-cz-stud\\\/#primaryimage\"},\"image\":{\"@id\":\"https:\\\/\\\/www.purejewels.com\\\/product\\\/22ct-god-cz-stud\\\/#primaryimage\"},\"thumbnailUrl\":\"https:\\\/\\\/static.purejewels.com\\\/wp-content\\\/uploads\\\/2017\\\/12\\\/26301_1.png\",\"datePublished\":\"2017-12-20T18:13:50+00:00\",\"dateModified\":\"2025-12-18T08:26:53+00:00\",\"description\":\"Elegant 22ct gold stud earrings with sparkling CZ stones in a floral swirl design. Perfect for daily wear or gifting. PureJewels craftsmanship.\",\"breadcrumb\":{\"@id\":\"https:\\\/\\\/www.purejewels.com\\\/product\\\/22ct-god-cz-stud\\\/#breadcrumb\"},\"inLanguage\":\"tr\",\"potentialAction\":[{\"@type\":\"ReadAction\",\"target\":[\"https:\\\/\\\/www.purejewels.com\\\/product\\\/22ct-god-cz-stud\\\/\"]}]},{\"@type\":\"ImageObject\",\"inLanguage\":\"tr\",\"@id\":\"https:\\\/\\\/www.purejewels.com\\\/product\\\/22ct-god-cz-stud\\\/#primaryimage\",\"url\":\"https:\\\/\\\/static.purejewels.com\\\/wp-content\\\/uploads\\\/2017\\\/12\\\/26301_1.png\",\"contentUrl\":\"https:\\\/\\\/static.purejewels.com\\\/wp-content\\\/uploads\\\/2017\\\/12\\\/26301_1.png\",\"width\":1000,\"height\":1000,\"caption\":\"26301_1\"},{\"@type\":\"BreadcrumbList\",\"@id\":\"https:\\\/\\\/www.purejewels.com\\\/product\\\/22ct-god-cz-stud\\\/#breadcrumb\",\"itemListElement\":[{\"@type\":\"ListItem\",\"position\":1,\"name\":\"Home\",\"item\":\"https:\\\/\\\/www.purejewels.com\\\/\"},{\"@type\":\"ListItem\",\"position\":2,\"name\":\"Shop\",\"item\":\"https:\\\/\\\/www.purejewels.com\\\/shop\\\/\"},{\"@type\":\"ListItem\",\"position\":3,\"name\":\"22ct Gold CZ Stud Earrings \u2013 Floral Swirl Design\"}]},{\"@type\":\"WebSite\",\"@id\":\"https:\\\/\\\/www.purejewels.com\\\/#website\",\"url\":\"https:\\\/\\\/www.purejewels.com\\\/\",\"name\":\"PureJewels UK\",\"description\":\"Share the Love\",\"publisher\":{\"@id\":\"https:\\\/\\\/www.purejewels.com\\\/#organization\"},\"potentialAction\":[{\"@type\":\"SearchAction\",\"target\":{\"@type\":\"EntryPoint\",\"urlTemplate\":\"https:\\\/\\\/www.purejewels.com\\\/?s={search_term_string}\"},\"query-input\":{\"@type\":\"PropertyValueSpecification\",\"valueRequired\":true,\"valueName\":\"search_term_string\"}}],\"inLanguage\":\"tr\"},{\"@type\":\"Organization\",\"@id\":\"https:\\\/\\\/www.purejewels.com\\\/#organization\",\"name\":\"PureJewels UK\",\"url\":\"https:\\\/\\\/www.purejewels.com\\\/\",\"logo\":{\"@type\":\"ImageObject\",\"inLanguage\":\"tr\",\"@id\":\"https:\\\/\\\/www.purejewels.com\\\/#\\\/schema\\\/logo\\\/image\\\/\",\"url\":\"https:\\\/\\\/static.purejewels.com\\\/wp-content\\\/uploads\\\/2020\\\/11\\\/Logo-PJ-New-1.png\",\"contentUrl\":\"https:\\\/\\\/static.purejewels.com\\\/wp-content\\\/uploads\\\/2020\\\/11\\\/Logo-PJ-New-1.png\",\"width\":150,\"height\":80,\"caption\":\"PureJewels UK\"},\"image\":{\"@id\":\"https:\\\/\\\/www.purejewels.com\\\/#\\\/schema\\\/logo\\\/image\\\/\"}}]}<\/script>\n<!-- \/ Yoast SEO plugin. -->","yoast_head_json":{"title":"22 ayar alt\u0131n k\u00fcpe | \u00c7i\u00e7ek desenli | PureJewels London","description":"\u00c7i\u00e7ek desenli, \u0131\u015f\u0131lt\u0131l\u0131 CZ ta\u015fl\u0131 zarif 22 ayar alt\u0131n k\u00fcpe. G\u00fcnl\u00fck kullan\u0131m veya hediye i\u00e7in m\u00fckemmel. PureJewels i\u015f\u00e7ili\u011fi.","robots":{"index":"index","follow":"follow","max-snippet":"max-snippet:-1","max-image-preview":"max-image-preview:large","max-video-preview":"max-video-preview:-1"},"canonical":"https:\/\/www.purejewels.com\/tr\/urun\/22ct-tanri-cz-saplama\/","og_locale":"tr_TR","og_type":"article","og_title":"22ct Gold Stud Earrings | Floral Swirl Design | PureJewels London","og_description":"Elegant 22ct gold stud earrings with sparkling CZ stones in a floral swirl design. Perfect for daily wear or gifting. PureJewels craftsmanship.","og_url":"https:\/\/www.purejewels.com\/tr\/urun\/22ct-tanri-cz-saplama\/","og_site_name":"PureJewels UK","article_modified_time":"2025-12-18T08:26:53+00:00","og_image":[{"width":1000,"height":1000,"url":"https:\/\/static.purejewels.com\/wp-content\/uploads\/2017\/12\/26301_1.png","type":"image\/png"}],"twitter_card":"summary_large_image","twitter_misc":{"Tahmini okuma s\u00fcresi":"1 dakika"},"schema":{"@context":"https:\/\/schema.org","@graph":[{"@type":["WebPage","ItemPage"],"@id":"https:\/\/www.purejewels.com\/product\/22ct-god-cz-stud\/","url":"https:\/\/www.purejewels.com\/product\/22ct-god-cz-stud\/","name":"22 ayar alt\u0131n k\u00fcpe | \u00c7i\u00e7ek desenli | PureJewels London","isPartOf":{"@id":"https:\/\/www.purejewels.com\/#website"},"primaryImageOfPage":{"@id":"https:\/\/www.purejewels.com\/product\/22ct-god-cz-stud\/#primaryimage"},"image":{"@id":"https:\/\/www.purejewels.com\/product\/22ct-god-cz-stud\/#primaryimage"},"thumbnailUrl":"https:\/\/static.purejewels.com\/wp-content\/uploads\/2017\/12\/26301_1.png","datePublished":"2017-12-20T18:13:50+00:00","dateModified":"2025-12-18T08:26:53+00:00","description":"\u00c7i\u00e7ek desenli, \u0131\u015f\u0131lt\u0131l\u0131 CZ ta\u015fl\u0131 zarif 22 ayar alt\u0131n k\u00fcpe. G\u00fcnl\u00fck kullan\u0131m veya hediye i\u00e7in m\u00fckemmel. PureJewels i\u015f\u00e7ili\u011fi.","breadcrumb":{"@id":"https:\/\/www.purejewels.com\/product\/22ct-god-cz-stud\/#breadcrumb"},"inLanguage":"tr","potentialAction":[{"@type":"ReadAction","target":["https:\/\/www.purejewels.com\/product\/22ct-god-cz-stud\/"]}]},{"@type":"ImageObject","inLanguage":"tr","@id":"https:\/\/www.purejewels.com\/product\/22ct-god-cz-stud\/#primaryimage","url":"https:\/\/static.purejewels.com\/wp-content\/uploads\/2017\/12\/26301_1.png","contentUrl":"https:\/\/static.purejewels.com\/wp-content\/uploads\/2017\/12\/26301_1.png","width":1000,"height":1000,"caption":"26301_1"},{"@type":"BreadcrumbList","@id":"https:\/\/www.purejewels.com\/product\/22ct-god-cz-stud\/#breadcrumb","itemListElement":[{"@type":"ListItem","position":1,"name":"Home","item":"https:\/\/www.purejewels.com\/"},{"@type":"ListItem","position":2,"name":"Shop","item":"https:\/\/www.purejewels.com\/shop\/"},{"@type":"ListItem","position":3,"name":"22ct Gold CZ Stud Earrings \u2013 Floral Swirl Design"}]},{"@type":"WebSite","@id":"https:\/\/www.purejewels.com\/#website","url":"https:\/\/www.purejewels.com\/","name":"PureJewels \u0130ngiltere","description":"Sevgiyi Payla\u015f\u0131n","publisher":{"@id":"https:\/\/www.purejewels.com\/#organization"},"potentialAction":[{"@type":"SearchAction","target":{"@type":"EntryPoint","urlTemplate":"https:\/\/www.purejewels.com\/?s={search_term_string}"},"query-input":{"@type":"PropertyValueSpecification","valueRequired":true,"valueName":"search_term_string"}}],"inLanguage":"tr"},{"@type":"Organization","@id":"https:\/\/www.purejewels.com\/#organization","name":"PureJewels \u0130ngiltere","url":"https:\/\/www.purejewels.com\/","logo":{"@type":"ImageObject","inLanguage":"tr","@id":"https:\/\/www.purejewels.com\/#\/schema\/logo\/image\/","url":"https:\/\/static.purejewels.com\/wp-content\/uploads\/2020\/11\/Logo-PJ-New-1.png","contentUrl":"https:\/\/static.purejewels.com\/wp-content\/uploads\/2020\/11\/Logo-PJ-New-1.png","width":150,"height":80,"caption":"PureJewels UK"},"image":{"@id":"https:\/\/www.purejewels.com\/#\/schema\/logo\/image\/"}}]}},"_links":{"self":[{"href":"https:\/\/www.purejewels.com\/tr\/wp-json\/wp\/v2\/product\/298203","targetHints":{"allow":["GET"]}}],"collection":[{"href":"https:\/\/www.purejewels.com\/tr\/wp-json\/wp\/v2\/product"}],"about":[{"href":"https:\/\/www.purejewels.com\/tr\/wp-json\/wp\/v2\/types\/product"}],"replies":[{"embeddable":true,"href":"https:\/\/www.purejewels.com\/tr\/wp-json\/wp\/v2\/comments?post=298203"}],"version-history":[{"count":2,"href":"https:\/\/www.purejewels.com\/tr\/wp-json\/wp\/v2\/product\/298203\/revisions"}],"predecessor-version":[{"id":423418,"href":"https:\/\/www.purejewels.com\/tr\/wp-json\/wp\/v2\/product\/298203\/revisions\/423418"}],"wp:featuredmedia":[{"embeddable":true,"href":"https:\/\/www.purejewels.com\/tr\/wp-json\/wp\/v2\/media\/298204"}],"wp:attachment":[{"href":"https:\/\/www.purejewels.com\/tr\/wp-json\/wp\/v2\/media?parent=298203"}],"wp:term":[{"taxonomy":"product_brand","embeddable":true,"href":"https:\/\/www.purejewels.com\/tr\/wp-json\/wp\/v2\/product_brand?post=298203"},{"taxonomy":"product_cat","embeddable":true,"href":"https:\/\/www.purejewels.com\/tr\/wp-json\/wp\/v2\/product_cat?post=298203"},{"taxonomy":"product_tag","embeddable":true,"href":"https:\/\/www.purejewels.com\/tr\/wp-json\/wp\/v2\/product_tag?post=298203"}],"curies":[{"name":"wp","href":"https:\/\/api.w.org\/{rel}","templated":true}]}}