{"id":298210,"date":"2017-12-23T12:39:21","date_gmt":"2017-12-23T12:39:21","guid":{"rendered":"https:\/\/www.purejewels.com\/product\/18ct-diamond-nose-pin\/"},"modified":"2025-12-15T11:43:48","modified_gmt":"2025-12-15T11:43:48","slug":"18-ayar-elmas-burun-ignesi","status":"publish","type":"product","link":"https:\/\/www.purejewels.com\/tr\/product\/18ct-diamond-nose-pin\/","title":{"rendered":"18 Ayar P\u0131rlanta Burun Saplamas\u0131"},"content":{"rendered":"<p><strong>Tasar\u0131m<\/strong><\/p>\n<p>Minimal ve zarif olan tek elmas, parlakl\u0131\u011f\u0131n\u0131 en \u00fcst d\u00fczeye \u00e7\u0131karmak i\u00e7in maksimum \u0131\u015f\u0131k alan rafine bir pen\u00e7e ayar ile tutulurken, narin ve neredeyse hi\u00e7 fark edilmeyen bir g\u00f6r\u00fcn\u00fcm\u00fcn\u00fc korur.<\/p>\n<p><strong>Zanaatkarl\u0131k<\/strong><\/p>\n<p>L\u00fcks el yap\u0131m\u0131 <a href=\"https:\/\/www.purejewels.com\/tr\/product\/18ct-white-gold-khanda-sikh-religious-pendant-6226\/\">18ct<\/a> Sar\u0131 alt\u0131n, bu burun piercingi detaylara g\u00f6sterilen titiz \u00f6zeni yans\u0131t\u0131yor. Her bir elmas \u00f6zenle se\u00e7ilmi\u015f ve kal\u0131c\u0131 g\u00fczellik, rahatl\u0131k ve kaliteyi sa\u011flamak i\u00e7in g\u00fcvenli bir \u015fekilde yerle\u015ftirilmi\u015ftir.<\/p>\n<p><strong>Stil<\/strong><\/p>\n<p>Sade l\u00fcks\u00fc sevenler i\u00e7in m\u00fckemmel olan bu <a href=\"https:\/\/www.purejewels.com\/tr\/product\/18ct-white-gold-diamond-nose-stud-uk-34153\/\">elmas burun saplamas\u0131<\/a> hem geleneksel hem de \u00e7a\u011fda\u015f g\u00f6r\u00fcn\u00fcmleri tamamlar. G\u00fcnl\u00fck kullan\u0131m i\u00e7in ideal bir par\u00e7a olup, rahat \u015f\u0131kl\u0131ktan zarif ortamlara kadar her ortama kolayca uyum sa\u011flar.<\/p>","protected":false},"excerpt":{"rendered":"<p>Sade bir zarafet ve g\u00fcnl\u00fck kullan\u0131m i\u00e7in tasarlanm\u0131\u015f, parlak kesim p\u0131rlanta ile s\u00fcslenmi\u015f zarif 18 ayar sar\u0131 alt\u0131n burun piercingi.<\/p>\n<ul>\n<li>Elmas Burun \u00c7\u0131t\u00e7\u0131t<\/li>\n<li>18 Ayar Sar\u0131 Alt\u0131n<\/li>\n<li>P\u0131rlanta A\u011f\u0131rl\u0131\u011f\u0131 0.07ct<\/li>\n<li>Tel bobin Sapl\u0131<\/li>\n<li>D\u00f6rt u\u00e7lu ayarda p\u0131rlanta set<\/li>\n<li>G\u00fcnl\u00fck kullan\u0131m i\u00e7in \u00e7ok iyi.<\/li>\n<li>Sunum Kutusu ile Birlikte Gelir<\/li>\n<li>\u0130ngiltere Genelinde \u00dccretsiz Teslimat<\/li>\n<li>T\u00fcm fiyatlara KDV dahildir<\/li>\n<li>P\u0131rlanta Burun \u00c7\u0131t\u00e7\u0131tlar\u0131 koleksiyonumuzu ke\u015ffedin<\/li>\n<li>\"\u00dcr\u00fcn videosu i\u00e7in bizimle ileti\u015fime ge\u00e7in\/canl\u0131 sohbet edin.\"<\/li>\n<\/ul>","protected":false},"featured_media":298228,"comment_status":"closed","ping_status":"closed","template":"","meta":{"_eb_attr":"","_crsspst_to_jayantr4sg-hostcom":false},"product_brand":[],"product_cat":[1559,1530,1574],"product_tag":[],"class_list":{"0":"post-298210","1":"product","2":"type-product","3":"status-publish","4":"has-post-thumbnail","6":"product_cat-birthday-gifts","7":"product_cat-diamond-nose-pin","8":"product_cat-womens-jewellery","10":"first","11":"outofstock","12":"taxable","13":"shipping-taxable","14":"product-type-simple","15":"add-to-wishlist-before_image"},"yoast_head":"<!-- This site is optimized with the Yoast SEO plugin v27.5 - https:\/\/yoast.com\/product\/yoast-seo-wordpress\/ -->\n<title>18ct Yellow Gold Diamond Nose Stud | PureJewels London<\/title>\n<meta name=\"description\" content=\"An elegant 18ct yellow gold nose stud set with a 0.07ct brilliant diamond. Handcrafted with refined simplicity for everyday luxury and timeless style.\" \/>\n<meta name=\"robots\" content=\"index, follow, max-snippet:-1, max-image-preview:large, max-video-preview:-1\" \/>\n<link rel=\"canonical\" href=\"https:\/\/www.purejewels.com\/tr\/urun\/18-ayar-elmas-burun-ignesi\/\" \/>\n<meta property=\"og:locale\" content=\"tr_TR\" \/>\n<meta property=\"og:type\" content=\"article\" \/>\n<meta property=\"og:title\" content=\"18ct Yellow Gold Diamond Nose Stud | PureJewels London\" \/>\n<meta property=\"og:description\" content=\"An elegant 18ct yellow gold nose stud set with a 0.07ct brilliant diamond. Handcrafted with refined simplicity for everyday luxury and timeless style.\" \/>\n<meta property=\"og:url\" content=\"https:\/\/www.purejewels.com\/tr\/urun\/18-ayar-elmas-burun-ignesi\/\" \/>\n<meta property=\"og:site_name\" content=\"PureJewels UK\" \/>\n<meta property=\"article:modified_time\" content=\"2025-12-15T11:43:48+00:00\" \/>\n<meta property=\"og:image\" content=\"https:\/\/static.purejewels.com\/wp-content\/uploads\/2017\/12\/6491_1.png\" \/>\n\t<meta property=\"og:image:width\" content=\"1000\" \/>\n\t<meta property=\"og:image:height\" content=\"1000\" \/>\n\t<meta property=\"og:image:type\" content=\"image\/png\" \/>\n<meta name=\"twitter:card\" content=\"summary_large_image\" \/>\n<meta name=\"twitter:label1\" content=\"Tahmini okuma s\u00fcresi\" \/>\n\t<meta name=\"twitter:data1\" content=\"1 dakika\" \/>\n<script type=\"application\/ld+json\" class=\"yoast-schema-graph\">{\"@context\":\"https:\\\/\\\/schema.org\",\"@graph\":[{\"@type\":[\"WebPage\",\"ItemPage\"],\"@id\":\"https:\\\/\\\/www.purejewels.com\\\/product\\\/18ct-diamond-nose-pin\\\/\",\"url\":\"https:\\\/\\\/www.purejewels.com\\\/product\\\/18ct-diamond-nose-pin\\\/\",\"name\":\"18ct Yellow Gold Diamond Nose Stud | PureJewels London\",\"isPartOf\":{\"@id\":\"https:\\\/\\\/www.purejewels.com\\\/#website\"},\"primaryImageOfPage\":{\"@id\":\"https:\\\/\\\/www.purejewels.com\\\/product\\\/18ct-diamond-nose-pin\\\/#primaryimage\"},\"image\":{\"@id\":\"https:\\\/\\\/www.purejewels.com\\\/product\\\/18ct-diamond-nose-pin\\\/#primaryimage\"},\"thumbnailUrl\":\"https:\\\/\\\/static.purejewels.com\\\/wp-content\\\/uploads\\\/2017\\\/12\\\/6491_1.png\",\"datePublished\":\"2017-12-23T12:39:21+00:00\",\"dateModified\":\"2025-12-15T11:43:48+00:00\",\"description\":\"An elegant 18ct yellow gold nose stud set with a 0.07ct brilliant diamond. Handcrafted with refined simplicity for everyday luxury and timeless style.\",\"breadcrumb\":{\"@id\":\"https:\\\/\\\/www.purejewels.com\\\/product\\\/18ct-diamond-nose-pin\\\/#breadcrumb\"},\"inLanguage\":\"tr\",\"potentialAction\":[{\"@type\":\"ReadAction\",\"target\":[\"https:\\\/\\\/www.purejewels.com\\\/product\\\/18ct-diamond-nose-pin\\\/\"]}]},{\"@type\":\"ImageObject\",\"inLanguage\":\"tr\",\"@id\":\"https:\\\/\\\/www.purejewels.com\\\/product\\\/18ct-diamond-nose-pin\\\/#primaryimage\",\"url\":\"https:\\\/\\\/static.purejewels.com\\\/wp-content\\\/uploads\\\/2017\\\/12\\\/6491_1.png\",\"contentUrl\":\"https:\\\/\\\/static.purejewels.com\\\/wp-content\\\/uploads\\\/2017\\\/12\\\/6491_1.png\",\"width\":1000,\"height\":1000,\"caption\":\"6491_1\"},{\"@type\":\"BreadcrumbList\",\"@id\":\"https:\\\/\\\/www.purejewels.com\\\/product\\\/18ct-diamond-nose-pin\\\/#breadcrumb\",\"itemListElement\":[{\"@type\":\"ListItem\",\"position\":1,\"name\":\"Home\",\"item\":\"https:\\\/\\\/www.purejewels.com\\\/\"},{\"@type\":\"ListItem\",\"position\":2,\"name\":\"Shop\",\"item\":\"https:\\\/\\\/www.purejewels.com\\\/shop\\\/\"},{\"@type\":\"ListItem\",\"position\":3,\"name\":\"18ct Diamond Nose Stud\"}]},{\"@type\":\"WebSite\",\"@id\":\"https:\\\/\\\/www.purejewels.com\\\/#website\",\"url\":\"https:\\\/\\\/www.purejewels.com\\\/\",\"name\":\"PureJewels UK\",\"description\":\"Share the Love\",\"publisher\":{\"@id\":\"https:\\\/\\\/www.purejewels.com\\\/#organization\"},\"potentialAction\":[{\"@type\":\"SearchAction\",\"target\":{\"@type\":\"EntryPoint\",\"urlTemplate\":\"https:\\\/\\\/www.purejewels.com\\\/?s={search_term_string}\"},\"query-input\":{\"@type\":\"PropertyValueSpecification\",\"valueRequired\":true,\"valueName\":\"search_term_string\"}}],\"inLanguage\":\"tr\"},{\"@type\":\"Organization\",\"@id\":\"https:\\\/\\\/www.purejewels.com\\\/#organization\",\"name\":\"PureJewels UK\",\"url\":\"https:\\\/\\\/www.purejewels.com\\\/\",\"logo\":{\"@type\":\"ImageObject\",\"inLanguage\":\"tr\",\"@id\":\"https:\\\/\\\/www.purejewels.com\\\/#\\\/schema\\\/logo\\\/image\\\/\",\"url\":\"https:\\\/\\\/static.purejewels.com\\\/wp-content\\\/uploads\\\/2020\\\/11\\\/Logo-PJ-New-1.png\",\"contentUrl\":\"https:\\\/\\\/static.purejewels.com\\\/wp-content\\\/uploads\\\/2020\\\/11\\\/Logo-PJ-New-1.png\",\"width\":150,\"height\":80,\"caption\":\"PureJewels UK\"},\"image\":{\"@id\":\"https:\\\/\\\/www.purejewels.com\\\/#\\\/schema\\\/logo\\\/image\\\/\"}}]}<\/script>\n<!-- \/ Yoast SEO plugin. -->","yoast_head_json":{"title":"18 ayar sar\u0131 alt\u0131n p\u0131rlanta burun piercingi | PureJewels London","description":"0,07 karatl\u0131k parlak p\u0131rlanta ile s\u00fcslenmi\u015f zarif 18 ayar sar\u0131 alt\u0131n burun piercingi. G\u00fcnl\u00fck l\u00fcks ve zamans\u0131z stil i\u00e7in rafine sadelikle el yap\u0131m\u0131.","robots":{"index":"index","follow":"follow","max-snippet":"max-snippet:-1","max-image-preview":"max-image-preview:large","max-video-preview":"max-video-preview:-1"},"canonical":"https:\/\/www.purejewels.com\/tr\/urun\/18-ayar-elmas-burun-ignesi\/","og_locale":"tr_TR","og_type":"article","og_title":"18ct Yellow Gold Diamond Nose Stud | PureJewels London","og_description":"An elegant 18ct yellow gold nose stud set with a 0.07ct brilliant diamond. Handcrafted with refined simplicity for everyday luxury and timeless style.","og_url":"https:\/\/www.purejewels.com\/tr\/urun\/18-ayar-elmas-burun-ignesi\/","og_site_name":"PureJewels UK","article_modified_time":"2025-12-15T11:43:48+00:00","og_image":[{"width":1000,"height":1000,"url":"https:\/\/static.purejewels.com\/wp-content\/uploads\/2017\/12\/6491_1.png","type":"image\/png"}],"twitter_card":"summary_large_image","twitter_misc":{"Tahmini okuma s\u00fcresi":"1 dakika"},"schema":{"@context":"https:\/\/schema.org","@graph":[{"@type":["WebPage","ItemPage"],"@id":"https:\/\/www.purejewels.com\/product\/18ct-diamond-nose-pin\/","url":"https:\/\/www.purejewels.com\/product\/18ct-diamond-nose-pin\/","name":"18 ayar sar\u0131 alt\u0131n p\u0131rlanta burun piercingi | PureJewels London","isPartOf":{"@id":"https:\/\/www.purejewels.com\/#website"},"primaryImageOfPage":{"@id":"https:\/\/www.purejewels.com\/product\/18ct-diamond-nose-pin\/#primaryimage"},"image":{"@id":"https:\/\/www.purejewels.com\/product\/18ct-diamond-nose-pin\/#primaryimage"},"thumbnailUrl":"https:\/\/static.purejewels.com\/wp-content\/uploads\/2017\/12\/6491_1.png","datePublished":"2017-12-23T12:39:21+00:00","dateModified":"2025-12-15T11:43:48+00:00","description":"0,07 karatl\u0131k parlak p\u0131rlanta ile s\u00fcslenmi\u015f zarif 18 ayar sar\u0131 alt\u0131n burun piercingi. G\u00fcnl\u00fck l\u00fcks ve zamans\u0131z stil i\u00e7in rafine sadelikle el yap\u0131m\u0131.","breadcrumb":{"@id":"https:\/\/www.purejewels.com\/product\/18ct-diamond-nose-pin\/#breadcrumb"},"inLanguage":"tr","potentialAction":[{"@type":"ReadAction","target":["https:\/\/www.purejewels.com\/product\/18ct-diamond-nose-pin\/"]}]},{"@type":"ImageObject","inLanguage":"tr","@id":"https:\/\/www.purejewels.com\/product\/18ct-diamond-nose-pin\/#primaryimage","url":"https:\/\/static.purejewels.com\/wp-content\/uploads\/2017\/12\/6491_1.png","contentUrl":"https:\/\/static.purejewels.com\/wp-content\/uploads\/2017\/12\/6491_1.png","width":1000,"height":1000,"caption":"6491_1"},{"@type":"BreadcrumbList","@id":"https:\/\/www.purejewels.com\/product\/18ct-diamond-nose-pin\/#breadcrumb","itemListElement":[{"@type":"ListItem","position":1,"name":"Home","item":"https:\/\/www.purejewels.com\/"},{"@type":"ListItem","position":2,"name":"Shop","item":"https:\/\/www.purejewels.com\/shop\/"},{"@type":"ListItem","position":3,"name":"18ct Diamond Nose Stud"}]},{"@type":"WebSite","@id":"https:\/\/www.purejewels.com\/#website","url":"https:\/\/www.purejewels.com\/","name":"PureJewels \u0130ngiltere","description":"Sevgiyi Payla\u015f\u0131n","publisher":{"@id":"https:\/\/www.purejewels.com\/#organization"},"potentialAction":[{"@type":"SearchAction","target":{"@type":"EntryPoint","urlTemplate":"https:\/\/www.purejewels.com\/?s={search_term_string}"},"query-input":{"@type":"PropertyValueSpecification","valueRequired":true,"valueName":"search_term_string"}}],"inLanguage":"tr"},{"@type":"Organization","@id":"https:\/\/www.purejewels.com\/#organization","name":"PureJewels \u0130ngiltere","url":"https:\/\/www.purejewels.com\/","logo":{"@type":"ImageObject","inLanguage":"tr","@id":"https:\/\/www.purejewels.com\/#\/schema\/logo\/image\/","url":"https:\/\/static.purejewels.com\/wp-content\/uploads\/2020\/11\/Logo-PJ-New-1.png","contentUrl":"https:\/\/static.purejewels.com\/wp-content\/uploads\/2020\/11\/Logo-PJ-New-1.png","width":150,"height":80,"caption":"PureJewels UK"},"image":{"@id":"https:\/\/www.purejewels.com\/#\/schema\/logo\/image\/"}}]}},"_links":{"self":[{"href":"https:\/\/www.purejewels.com\/tr\/wp-json\/wp\/v2\/product\/298210","targetHints":{"allow":["GET"]}}],"collection":[{"href":"https:\/\/www.purejewels.com\/tr\/wp-json\/wp\/v2\/product"}],"about":[{"href":"https:\/\/www.purejewels.com\/tr\/wp-json\/wp\/v2\/types\/product"}],"replies":[{"embeddable":true,"href":"https:\/\/www.purejewels.com\/tr\/wp-json\/wp\/v2\/comments?post=298210"}],"version-history":[{"count":3,"href":"https:\/\/www.purejewels.com\/tr\/wp-json\/wp\/v2\/product\/298210\/revisions"}],"predecessor-version":[{"id":423150,"href":"https:\/\/www.purejewels.com\/tr\/wp-json\/wp\/v2\/product\/298210\/revisions\/423150"}],"wp:featuredmedia":[{"embeddable":true,"href":"https:\/\/www.purejewels.com\/tr\/wp-json\/wp\/v2\/media\/298228"}],"wp:attachment":[{"href":"https:\/\/www.purejewels.com\/tr\/wp-json\/wp\/v2\/media?parent=298210"}],"wp:term":[{"taxonomy":"product_brand","embeddable":true,"href":"https:\/\/www.purejewels.com\/tr\/wp-json\/wp\/v2\/product_brand?post=298210"},{"taxonomy":"product_cat","embeddable":true,"href":"https:\/\/www.purejewels.com\/tr\/wp-json\/wp\/v2\/product_cat?post=298210"},{"taxonomy":"product_tag","embeddable":true,"href":"https:\/\/www.purejewels.com\/tr\/wp-json\/wp\/v2\/product_tag?post=298210"}],"curies":[{"name":"wp","href":"https:\/\/api.w.org\/{rel}","templated":true}]}}