{"id":298329,"date":"2018-01-05T13:11:36","date_gmt":"2018-01-05T13:11:36","guid":{"rendered":"https:\/\/www.purejewels.com\/?post_type=product&#038;p=298329"},"modified":"2026-03-16T11:06:33","modified_gmt":"2026-03-16T11:06:33","slug":"22-ayar-altin-bileklik-2","status":"publish","type":"product","link":"https:\/\/www.purejewels.com\/tr\/product\/22ct-gold-bangle-2\/","title":{"rendered":"22 Ayar Alt\u0131n P\u0131rlanta Kesim Bileklikler G\u00fcnl\u00fck Giyim"},"content":{"rendered":"<p>Tasar\u0131m<\/p>\n<p>Bu Elmas Kesim <a href=\"https:\/\/www.purejewels.com\/tr\/how-to-measure-bangle-size-2\/\">Bilezikler<\/a> \u00e7arp\u0131c\u0131 dokulu bir kenarla zenginle\u015ftirilmi\u015f zarif ve minimalist bir siluete sahiptir. Bilekli\u011fin d\u0131\u015f kenar\u0131 boyunca uzanan narin elmas kesim desen, \u0131\u015f\u0131\u011f\u0131 g\u00fczel bir \u015fekilde yakalayan ritmik bir y\u00fczey olu\u015fturur. Parlak alt\u0131n i\u00e7 k\u0131s\u0131m ile dokulu d\u0131\u015f detaylar aras\u0131ndaki kontrast, \u015f\u0131k ve zarif bir profili korurken derinlik katar.<\/p>\n<p>Zanaatkarl\u0131k<\/p>\n<p>Zengin bir \u015fekilde i\u015flenmi\u015f <a href=\"https:\/\/www.purejewels.com\/tr\/product\/22ct-gold-jali-filigree-ring-jali-collection-31926\/\">22ct<\/a> Bu alt\u0131n bilezikler, kenar boyunca keskin yans\u0131t\u0131c\u0131 fasetler olu\u015fturan hassas elmas kesim teknikleri kullan\u0131larak tamamlanm\u0131\u015ft\u0131r. Bu titiz detayland\u0131rma alt\u0131n\u0131n do\u011fal parlakl\u0131\u011f\u0131n\u0131 art\u0131r\u0131rken hafif ve rahat formunu da korur. Her bir bileklik yetenekli kuyumcular taraf\u0131ndan \u00f6zenle parlat\u0131l\u0131r ve alt\u0131n\u0131n safl\u0131\u011f\u0131n\u0131 belgeleyen \u0130ngiltere damgas\u0131n\u0131 ta\u015f\u0131r.<\/p>\n<p>\u015eekillendirme &amp; Hediyele\u015fme<\/p>\n<p>\u00c7ok y\u00f6nl\u00fcl\u00fck i\u00e7in tasarlanan bu bilezikler, sade ve modern bir g\u00f6r\u00fcn\u00fcm i\u00e7in tek tek tak\u0131labilir veya daha dolgun katmanl\u0131 bir stil olu\u015fturmak i\u00e7in \u00fcst \u00fcste dizilebilir. \u0130nce profilleri onlar\u0131 g\u00fcnl\u00fck kullan\u0131m i\u00e7in ideal k\u0131larken, bayram ve geleneksel k\u0131yafetleri tamamlamaya devam eder. Bir hediye olarak zamans\u0131z \u015f\u0131kl\u0131\u011f\u0131 ve kal\u0131c\u0131 de\u011feri temsil eden bu bilezikler, do\u011fum g\u00fcnleri, y\u0131l d\u00f6n\u00fcmleri, festivaller ve \u00f6zel kutlamalar i\u00e7in anlaml\u0131 bir se\u00e7imdir.<\/p>","protected":false},"excerpt":{"rendered":"<ul>\n<li>Bir \u00e7ift (iki bilezik) 22 ayar alt\u0131n g\u00fcnl\u00fck veya ara s\u0131ra tak\u0131lan bilezik -<\/li>\n<li>(Tek bileklik istiyorsan\u0131z l\u00fctfen sohbetten bilgi al\u0131n - burada g\u00f6sterilen fiyat iki bileklik i\u00e7indir)<\/li>\n<li>Rodyum Kaplama Bileklikler<\/li>\n<li>Bileklik1. A\u011f\u0131rl\u0131k :12.0 gms<\/li>\n<li>Bileklik2.  A\u011f\u0131rl\u0131k :12.2 gms<\/li>\n<li>Toplam A\u011f\u0131rl\u0131k: 24,2 gms<\/li>\n<li>Sku 27137, 27138<\/li>\n<li>Londra Tahlil Ofisi Taraf\u0131ndan Damgalanm\u0131\u015f 22 Ayar Alt\u0131n<\/li>\n<li>Sunum Kutusu ile Birlikte Gelir<\/li>\n<li>Teslimat Dahil<\/li>\n<li>T\u00fcm fiyatlara KDV dahildir<\/li>\n<li>Stok durumu ve stokta bulunan benzer tasar\u0131mlar\u0131n daha fazla g\u00f6r\u00fcnt\u00fcs\u00fc i\u00e7in bizimle canl\u0131 sohbet edin<\/li>\n<\/ul>","protected":false},"featured_media":298330,"comment_status":"closed","ping_status":"closed","template":"","meta":{"_eb_attr":"","_crsspst_to_jayantr4sg-hostcom":false},"product_brand":[],"product_cat":[1658,1574],"product_tag":[1514,63,1521],"class_list":{"0":"post-298329","1":"product","2":"type-product","3":"status-publish","4":"has-post-thumbnail","6":"product_cat-bangle-sets","7":"product_cat-womens-jewellery","8":"product_tag-bangles","9":"product_tag-gold","10":"product_tag-kada","12":"first","13":"outofstock","14":"taxable","15":"shipping-taxable","16":"product-type-simple","17":"add-to-wishlist-before_image"},"yoast_head":"<!-- This site is optimized with the Yoast SEO plugin v27.3 - https:\/\/yoast.com\/product\/yoast-seo-wordpress\/ -->\n<title>Shop 22ct Gold Diamond Cut Bangles | Online at PureJewels UK<\/title>\n<meta name=\"description\" content=\"Shop the 22ct Gold Diamond Cut Bangles from PureJewels. Featuring a refined diamond cut texture that enhances brilliance crafted in hallmarked 22ct gold.\" \/>\n<meta name=\"robots\" content=\"index, follow, max-snippet:-1, max-image-preview:large, max-video-preview:-1\" \/>\n<link rel=\"canonical\" href=\"https:\/\/www.purejewels.com\/tr\/urun\/22-ayar-altin-bileklik-2\/\" \/>\n<meta property=\"og:locale\" content=\"tr_TR\" \/>\n<meta property=\"og:type\" content=\"article\" \/>\n<meta property=\"og:title\" content=\"Shop 22ct Gold Diamond Cut Bangles | Online at PureJewels UK\" \/>\n<meta property=\"og:description\" content=\"Shop the 22ct Gold Diamond Cut Bangles from PureJewels. Featuring a refined diamond cut texture that enhances brilliance crafted in hallmarked 22ct gold.\" \/>\n<meta property=\"og:url\" content=\"https:\/\/www.purejewels.com\/tr\/urun\/22-ayar-altin-bileklik-2\/\" \/>\n<meta property=\"og:site_name\" content=\"PureJewels UK\" \/>\n<meta property=\"article:modified_time\" content=\"2026-03-16T11:06:33+00:00\" \/>\n<meta property=\"og:image\" content=\"https:\/\/static.purejewels.com\/wp-content\/uploads\/2018\/01\/11.png\" \/>\n\t<meta property=\"og:image:width\" content=\"1000\" \/>\n\t<meta property=\"og:image:height\" content=\"1000\" \/>\n\t<meta property=\"og:image:type\" content=\"image\/png\" \/>\n<meta name=\"twitter:card\" content=\"summary_large_image\" \/>\n<meta name=\"twitter:label1\" content=\"Tahmini okuma s\u00fcresi\" \/>\n\t<meta name=\"twitter:data1\" content=\"1 dakika\" \/>\n<script type=\"application\/ld+json\" class=\"yoast-schema-graph\">{\"@context\":\"https:\\\/\\\/schema.org\",\"@graph\":[{\"@type\":[\"WebPage\",\"ItemPage\"],\"@id\":\"https:\\\/\\\/www.purejewels.com\\\/product\\\/22ct-gold-bangle-2\\\/\",\"url\":\"https:\\\/\\\/www.purejewels.com\\\/product\\\/22ct-gold-bangle-2\\\/\",\"name\":\"Shop 22ct Gold Diamond Cut Bangles | Online at PureJewels UK\",\"isPartOf\":{\"@id\":\"https:\\\/\\\/www.purejewels.com\\\/#website\"},\"primaryImageOfPage\":{\"@id\":\"https:\\\/\\\/www.purejewels.com\\\/product\\\/22ct-gold-bangle-2\\\/#primaryimage\"},\"image\":{\"@id\":\"https:\\\/\\\/www.purejewels.com\\\/product\\\/22ct-gold-bangle-2\\\/#primaryimage\"},\"thumbnailUrl\":\"https:\\\/\\\/static.purejewels.com\\\/wp-content\\\/uploads\\\/2018\\\/01\\\/11.png\",\"datePublished\":\"2018-01-05T13:11:36+00:00\",\"dateModified\":\"2026-03-16T11:06:33+00:00\",\"description\":\"Shop the 22ct Gold Diamond Cut Bangles from PureJewels. Featuring a refined diamond cut texture that enhances brilliance crafted in hallmarked 22ct gold.\",\"breadcrumb\":{\"@id\":\"https:\\\/\\\/www.purejewels.com\\\/product\\\/22ct-gold-bangle-2\\\/#breadcrumb\"},\"inLanguage\":\"tr\",\"potentialAction\":[{\"@type\":\"ReadAction\",\"target\":[\"https:\\\/\\\/www.purejewels.com\\\/product\\\/22ct-gold-bangle-2\\\/\"]}]},{\"@type\":\"ImageObject\",\"inLanguage\":\"tr\",\"@id\":\"https:\\\/\\\/www.purejewels.com\\\/product\\\/22ct-gold-bangle-2\\\/#primaryimage\",\"url\":\"https:\\\/\\\/static.purejewels.com\\\/wp-content\\\/uploads\\\/2018\\\/01\\\/11.png\",\"contentUrl\":\"https:\\\/\\\/static.purejewels.com\\\/wp-content\\\/uploads\\\/2018\\\/01\\\/11.png\",\"width\":1000,\"height\":1000,\"caption\":\"22ct rhodium plated bangles\"},{\"@type\":\"BreadcrumbList\",\"@id\":\"https:\\\/\\\/www.purejewels.com\\\/product\\\/22ct-gold-bangle-2\\\/#breadcrumb\",\"itemListElement\":[{\"@type\":\"ListItem\",\"position\":1,\"name\":\"Home\",\"item\":\"https:\\\/\\\/www.purejewels.com\\\/\"},{\"@type\":\"ListItem\",\"position\":2,\"name\":\"Shop\",\"item\":\"https:\\\/\\\/www.purejewels.com\\\/shop\\\/\"},{\"@type\":\"ListItem\",\"position\":3,\"name\":\"22ct Gold Diamond Cut Bangles Daily Wear\"}]},{\"@type\":\"WebSite\",\"@id\":\"https:\\\/\\\/www.purejewels.com\\\/#website\",\"url\":\"https:\\\/\\\/www.purejewels.com\\\/\",\"name\":\"PureJewels UK\",\"description\":\"Share the Love\",\"publisher\":{\"@id\":\"https:\\\/\\\/www.purejewels.com\\\/#organization\"},\"potentialAction\":[{\"@type\":\"SearchAction\",\"target\":{\"@type\":\"EntryPoint\",\"urlTemplate\":\"https:\\\/\\\/www.purejewels.com\\\/?s={search_term_string}\"},\"query-input\":{\"@type\":\"PropertyValueSpecification\",\"valueRequired\":true,\"valueName\":\"search_term_string\"}}],\"inLanguage\":\"tr\"},{\"@type\":\"Organization\",\"@id\":\"https:\\\/\\\/www.purejewels.com\\\/#organization\",\"name\":\"PureJewels UK\",\"url\":\"https:\\\/\\\/www.purejewels.com\\\/\",\"logo\":{\"@type\":\"ImageObject\",\"inLanguage\":\"tr\",\"@id\":\"https:\\\/\\\/www.purejewels.com\\\/#\\\/schema\\\/logo\\\/image\\\/\",\"url\":\"https:\\\/\\\/static.purejewels.com\\\/wp-content\\\/uploads\\\/2020\\\/11\\\/Logo-PJ-New-1.png\",\"contentUrl\":\"https:\\\/\\\/static.purejewels.com\\\/wp-content\\\/uploads\\\/2020\\\/11\\\/Logo-PJ-New-1.png\",\"width\":150,\"height\":80,\"caption\":\"PureJewels UK\"},\"image\":{\"@id\":\"https:\\\/\\\/www.purejewels.com\\\/#\\\/schema\\\/logo\\\/image\\\/\"}}]}<\/script>\n<!-- \/ Yoast SEO plugin. -->","yoast_head_json":{"title":"PureJewels UK'de 22 Ayar Alt\u0131n P\u0131rlanta Kesim Bileklik | Online Al\u0131\u015fveri\u015f","description":"PureJewels'ten 22 Ayar Alt\u0131n Elmas Kesim Bilekliklere g\u00f6z at\u0131n. Parlakl\u0131\u011f\u0131 art\u0131ran zarif elmas kesim dokuya sahip, damgal\u0131 22 ayar alt\u0131ndan \u00fcretilmi\u015ftir.","robots":{"index":"index","follow":"follow","max-snippet":"max-snippet:-1","max-image-preview":"max-image-preview:large","max-video-preview":"max-video-preview:-1"},"canonical":"https:\/\/www.purejewels.com\/tr\/urun\/22-ayar-altin-bileklik-2\/","og_locale":"tr_TR","og_type":"article","og_title":"Shop 22ct Gold Diamond Cut Bangles | Online at PureJewels UK","og_description":"Shop the 22ct Gold Diamond Cut Bangles from PureJewels. Featuring a refined diamond cut texture that enhances brilliance crafted in hallmarked 22ct gold.","og_url":"https:\/\/www.purejewels.com\/tr\/urun\/22-ayar-altin-bileklik-2\/","og_site_name":"PureJewels UK","article_modified_time":"2026-03-16T11:06:33+00:00","og_image":[{"width":1000,"height":1000,"url":"https:\/\/static.purejewels.com\/wp-content\/uploads\/2018\/01\/11.png","type":"image\/png"}],"twitter_card":"summary_large_image","twitter_misc":{"Tahmini okuma s\u00fcresi":"1 dakika"},"schema":{"@context":"https:\/\/schema.org","@graph":[{"@type":["WebPage","ItemPage"],"@id":"https:\/\/www.purejewels.com\/product\/22ct-gold-bangle-2\/","url":"https:\/\/www.purejewels.com\/product\/22ct-gold-bangle-2\/","name":"PureJewels UK'de 22 Ayar Alt\u0131n P\u0131rlanta Kesim Bileklik | Online Al\u0131\u015fveri\u015f","isPartOf":{"@id":"https:\/\/www.purejewels.com\/#website"},"primaryImageOfPage":{"@id":"https:\/\/www.purejewels.com\/product\/22ct-gold-bangle-2\/#primaryimage"},"image":{"@id":"https:\/\/www.purejewels.com\/product\/22ct-gold-bangle-2\/#primaryimage"},"thumbnailUrl":"https:\/\/static.purejewels.com\/wp-content\/uploads\/2018\/01\/11.png","datePublished":"2018-01-05T13:11:36+00:00","dateModified":"2026-03-16T11:06:33+00:00","description":"PureJewels'ten 22 Ayar Alt\u0131n Elmas Kesim Bilekliklere g\u00f6z at\u0131n. Parlakl\u0131\u011f\u0131 art\u0131ran zarif elmas kesim dokuya sahip, damgal\u0131 22 ayar alt\u0131ndan \u00fcretilmi\u015ftir.","breadcrumb":{"@id":"https:\/\/www.purejewels.com\/product\/22ct-gold-bangle-2\/#breadcrumb"},"inLanguage":"tr","potentialAction":[{"@type":"ReadAction","target":["https:\/\/www.purejewels.com\/product\/22ct-gold-bangle-2\/"]}]},{"@type":"ImageObject","inLanguage":"tr","@id":"https:\/\/www.purejewels.com\/product\/22ct-gold-bangle-2\/#primaryimage","url":"https:\/\/static.purejewels.com\/wp-content\/uploads\/2018\/01\/11.png","contentUrl":"https:\/\/static.purejewels.com\/wp-content\/uploads\/2018\/01\/11.png","width":1000,"height":1000,"caption":"22ct rhodium plated bangles"},{"@type":"BreadcrumbList","@id":"https:\/\/www.purejewels.com\/product\/22ct-gold-bangle-2\/#breadcrumb","itemListElement":[{"@type":"ListItem","position":1,"name":"Home","item":"https:\/\/www.purejewels.com\/"},{"@type":"ListItem","position":2,"name":"Shop","item":"https:\/\/www.purejewels.com\/shop\/"},{"@type":"ListItem","position":3,"name":"22ct Gold Diamond Cut Bangles Daily Wear"}]},{"@type":"WebSite","@id":"https:\/\/www.purejewels.com\/#website","url":"https:\/\/www.purejewels.com\/","name":"PureJewels \u0130ngiltere","description":"Sevgiyi Payla\u015f\u0131n","publisher":{"@id":"https:\/\/www.purejewels.com\/#organization"},"potentialAction":[{"@type":"SearchAction","target":{"@type":"EntryPoint","urlTemplate":"https:\/\/www.purejewels.com\/?s={search_term_string}"},"query-input":{"@type":"PropertyValueSpecification","valueRequired":true,"valueName":"search_term_string"}}],"inLanguage":"tr"},{"@type":"Organization","@id":"https:\/\/www.purejewels.com\/#organization","name":"PureJewels \u0130ngiltere","url":"https:\/\/www.purejewels.com\/","logo":{"@type":"ImageObject","inLanguage":"tr","@id":"https:\/\/www.purejewels.com\/#\/schema\/logo\/image\/","url":"https:\/\/static.purejewels.com\/wp-content\/uploads\/2020\/11\/Logo-PJ-New-1.png","contentUrl":"https:\/\/static.purejewels.com\/wp-content\/uploads\/2020\/11\/Logo-PJ-New-1.png","width":150,"height":80,"caption":"PureJewels UK"},"image":{"@id":"https:\/\/www.purejewels.com\/#\/schema\/logo\/image\/"}}]}},"_links":{"self":[{"href":"https:\/\/www.purejewels.com\/tr\/wp-json\/wp\/v2\/product\/298329","targetHints":{"allow":["GET"]}}],"collection":[{"href":"https:\/\/www.purejewels.com\/tr\/wp-json\/wp\/v2\/product"}],"about":[{"href":"https:\/\/www.purejewels.com\/tr\/wp-json\/wp\/v2\/types\/product"}],"replies":[{"embeddable":true,"href":"https:\/\/www.purejewels.com\/tr\/wp-json\/wp\/v2\/comments?post=298329"}],"version-history":[{"count":2,"href":"https:\/\/www.purejewels.com\/tr\/wp-json\/wp\/v2\/product\/298329\/revisions"}],"predecessor-version":[{"id":427186,"href":"https:\/\/www.purejewels.com\/tr\/wp-json\/wp\/v2\/product\/298329\/revisions\/427186"}],"wp:featuredmedia":[{"embeddable":true,"href":"https:\/\/www.purejewels.com\/tr\/wp-json\/wp\/v2\/media\/298330"}],"wp:attachment":[{"href":"https:\/\/www.purejewels.com\/tr\/wp-json\/wp\/v2\/media?parent=298329"}],"wp:term":[{"taxonomy":"product_brand","embeddable":true,"href":"https:\/\/www.purejewels.com\/tr\/wp-json\/wp\/v2\/product_brand?post=298329"},{"taxonomy":"product_cat","embeddable":true,"href":"https:\/\/www.purejewels.com\/tr\/wp-json\/wp\/v2\/product_cat?post=298329"},{"taxonomy":"product_tag","embeddable":true,"href":"https:\/\/www.purejewels.com\/tr\/wp-json\/wp\/v2\/product_tag?post=298329"}],"curies":[{"name":"wp","href":"https:\/\/api.w.org\/{rel}","templated":true}]}}