{"id":298343,"date":"2018-01-05T16:27:11","date_gmt":"2018-01-05T16:27:11","guid":{"rendered":"https:\/\/www.purejewels.com\/?post_type=product&#038;p=298343"},"modified":"2026-01-10T16:15:43","modified_gmt":"2026-01-10T16:15:43","slug":"22-ayar-altin-bilezik-49112","status":"publish","type":"product","link":"https:\/\/www.purejewels.com\/tr\/product\/22ct-gold-bangles-4\/","title":{"rendered":"22 Ayar Alt\u0131n Rodyum Kaplama Bileklikler"},"content":{"rendered":"<p>M\u00fccevher koleksiyonunuzu bu zarif tak\u0131larla zenginle\u015ftirin <a href=\"https:\/\/www.purejewels.com\/tr\/product\/22ct-gold-jali-filigree-ring-jali-collection-31926\/\">22ct<\/a> Alt\u0131n Rodyum Kaplama <a href=\"https:\/\/www.purejewels.com\/tr\/how-to-measure-bangle-size-2\/\">Bilezikler<\/a> PureJewels UK'den. G\u00fcnl\u00fck kullan\u0131m veya \u00f6zel g\u00fcnler i\u00e7in m\u00fckemmel olan bu bileklikler bir \u00e7ift halinde gelir ve benzersiz ve \u015f\u0131k bir g\u00f6r\u00fcn\u00fcm i\u00e7in siyah rodyum ile kaplanm\u0131\u015ft\u0131r. Her bir bileklik yakla\u015f\u0131k 13,1 g a\u011f\u0131rl\u0131\u011f\u0131nda olup setin toplam a\u011f\u0131rl\u0131\u011f\u0131 26,3 g'd\u0131r.<\/p>\n<p>Bu bilezikler, i\u00e7 \u00e7ap\u0131 2,6 in\u00e7 olan standart bir boyutla her boyutta sipari\u015f edilebilir. Farkl\u0131 bir boyuta ihtiyac\u0131n\u0131z varsa, l\u00fctfen yard\u0131m i\u00e7in bizimle ileti\u015fime ge\u00e7in. Her set bir sunum kutusuyla birlikte gelir ve teslimat\u0131 i\u00e7erir, bu da onu uygun ve sorunsuz bir sat\u0131n alma haline getirir.<\/p>\n<p>London Assay Office taraf\u0131ndan damgalanan bu bilezikler en y\u00fcksek kalite ve i\u015f\u00e7ili\u011fe sahiptir. \u0130ster kendinizi \u015f\u0131mart\u0131yor ister \u00f6zel bir hediye ar\u0131yor olun, bu bileziklerin sizi etkileyece\u011finden emin olabilirsiniz. \u015eimdi sipari\u015f verin ve endi\u015fesiz bir al\u0131\u015fveri\u015f deneyimi i\u00e7in \u00fccretsiz takipli teslimat\u0131n, g\u00fcvenli \u00e7evrimi\u00e7i \u00f6demelerin ve 15 g\u00fcnl\u00fck para iade garantisinin keyfini \u00e7\u0131kar\u0131n. Bu \u00e7arp\u0131c\u0131 alt\u0131n kaplama bilekliklerle stilinizi bug\u00fcn y\u00fckseltin.<\/p>","protected":false},"excerpt":{"rendered":"<ul>\n<li>Bir \u00e7ift (iki bilezik) 22 ayar alt\u0131n g\u00fcnl\u00fck veya ara s\u0131ra tak\u0131lan bilezik -<\/li>\n<li>(Tek bileklik istiyorsan\u0131z l\u00fctfen sohbetten bilgi al\u0131n - burada g\u00f6sterilen fiyat iki bileklik i\u00e7indir)<\/li>\n<li>Siyah Rodyum Kaplama ile<\/li>\n<li>Bileklik 1 A\u011f\u0131rl\u0131k: 13,1 g<\/li>\n<li>Bileklik 2 A\u011f\u0131rl\u0131k: 13,2 g<\/li>\n<li>Toplam A\u011f\u0131rl\u0131k. 26,3 g<\/li>\n<li>Sku 7528, 7530<\/li>\n<li>T\u00fcm Ebatlarda Sipari\u015f \u00dczerine Yap\u0131labilir<\/li>\n<li>Boyut: 2,6 in\u00e7 i\u00e7 \u00e7ap. Ek boyutlar i\u00e7in l\u00fctfen sorunuz<\/li>\n<li>Sunum Kutusu ile Birlikte Gelir<\/li>\n<li>Teslimat Dahil<\/li>\n<li>T\u00fcm fiyatlara KDV dahildir<\/li>\n<li>Londra Tahlil Ofisi Taraf\u0131ndan Damgalanm\u0131\u015f 22 Ayar Alt\u0131n<\/li>\n<li>Bize Ula\u015f\u0131n \/ \u00dcr\u00fcn Videosu i\u00e7in bizimle canl\u0131 sohbet edin\n<div id=\"wrap_all\">\n<div id=\"main\" class=\"all_colors\">\n<div class=\"container_wrap container_wrap_first main_color sidebar_right template-shop shop_columns_3\">\n<div class=\"container\">\n<div id=\"product-298361\" class=\"post-298361 product type-product status-publish has-post-thumbnail product_cat-gold-festival product_cat-upto-1000-off product_cat-christmas product_cat-super-luxe-best-day-ever product_cat-jewellery product_cat-bangles product_cat-22ct-gold product_cat-collections product_cat-jali first instock sale shipping-taxable purchasable product-type-simple\">\n<div class=\"single-product-summary\">\n<div class=\"summary entry-summary\">\n<div class=\"woocommerce-product-details__short-description\"><\/div>\n<\/div>\n<\/div>\n<\/div>\n<\/div>\n<\/div>\n<\/div>\n<\/div>\n<\/li>\n<li><\/li>\n<\/ul>","protected":false},"featured_media":298344,"comment_status":"closed","ping_status":"closed","template":"","meta":{"_eb_attr":"","_crsspst_to_jayantr4sg-hostcom":false},"product_brand":[],"product_cat":[1658,1559,1573,1574],"product_tag":[1514,63,1521],"class_list":{"0":"post-298343","1":"product","2":"type-product","3":"status-publish","4":"has-post-thumbnail","6":"product_cat-bangle-sets","7":"product_cat-birthday-gifts","8":"product_cat-wedding-gifts","9":"product_cat-womens-jewellery","10":"product_tag-bangles","11":"product_tag-gold","12":"product_tag-kada","14":"first","15":"outofstock","16":"taxable","17":"shipping-taxable","18":"product-type-simple","19":"add-to-wishlist-before_image"},"yoast_head":"<!-- This site is optimized with the Yoast SEO plugin v27.3 - https:\/\/yoast.com\/product\/yoast-seo-wordpress\/ -->\n<title>22ct Gold Rhodium Plated Bangles - PureJewels UK<\/title>\n<meta name=\"robots\" content=\"index, follow, max-snippet:-1, max-image-preview:large, max-video-preview:-1\" \/>\n<link rel=\"canonical\" href=\"https:\/\/www.purejewels.com\/tr\/urun\/22-ayar-altin-bilezik-49112\/\" \/>\n<meta property=\"og:locale\" content=\"tr_TR\" \/>\n<meta property=\"og:type\" content=\"article\" \/>\n<meta property=\"og:title\" content=\"22ct Gold Rhodium Plated Bangles - PureJewels UK\" \/>\n<meta property=\"og:description\" content=\"Pair (two bangles) of 22ct gold daily or occasional wear bangles \u2013  (If you want one bangle please enquire on chat \u2013 the price shown here is for two bangles)  With Black Rhodium Plating  Bangle 1\u00a0 Wt : 13.1 g  Bangle 2\u00a0 Wt : 13.2 g  Total Wt . 26.3 g  Sku 7528, 7530  Can be Made to order in all Sizes  Size : 2.6 inch inside diameter. Please enquire for additional sizes  Comes With Presentation Box  Delivery Included  All prices include VAT  22ct Gold\u00a0Hallmarked by London Assay Office  Contact us \/ Live chat with us for Video of Product\" \/>\n<meta property=\"og:url\" content=\"https:\/\/www.purejewels.com\/tr\/urun\/22-ayar-altin-bilezik-49112\/\" \/>\n<meta property=\"og:site_name\" content=\"PureJewels UK\" \/>\n<meta property=\"article:modified_time\" content=\"2026-01-10T16:15:43+00:00\" \/>\n<meta property=\"og:image\" content=\"https:\/\/www.purejewels.com\/wp-content\/uploads\/2018\/01\/7528_7530.png\" \/>\n\t<meta property=\"og:image:width\" content=\"1000\" \/>\n\t<meta property=\"og:image:height\" content=\"1000\" \/>\n\t<meta property=\"og:image:type\" content=\"image\/png\" \/>\n<meta name=\"twitter:card\" content=\"summary_large_image\" \/>\n<meta name=\"twitter:label1\" content=\"Tahmini okuma s\u00fcresi\" \/>\n\t<meta name=\"twitter:data1\" content=\"1 dakika\" \/>\n<script type=\"application\/ld+json\" class=\"yoast-schema-graph\">{\"@context\":\"https:\\\/\\\/schema.org\",\"@graph\":[{\"@type\":[\"WebPage\",\"ItemPage\"],\"@id\":\"https:\\\/\\\/www.purejewels.com\\\/product\\\/22ct-gold-bangles-4\\\/\",\"url\":\"https:\\\/\\\/www.purejewels.com\\\/product\\\/22ct-gold-bangles-4\\\/\",\"name\":\"22ct Gold Rhodium Plated Bangles - PureJewels UK\",\"isPartOf\":{\"@id\":\"https:\\\/\\\/www.purejewels.com\\\/#website\"},\"primaryImageOfPage\":{\"@id\":\"https:\\\/\\\/www.purejewels.com\\\/product\\\/22ct-gold-bangles-4\\\/#primaryimage\"},\"image\":{\"@id\":\"https:\\\/\\\/www.purejewels.com\\\/product\\\/22ct-gold-bangles-4\\\/#primaryimage\"},\"thumbnailUrl\":\"https:\\\/\\\/static.purejewels.com\\\/wp-content\\\/uploads\\\/2018\\\/01\\\/7528_7530.png\",\"datePublished\":\"2018-01-05T16:27:11+00:00\",\"dateModified\":\"2026-01-10T16:15:43+00:00\",\"breadcrumb\":{\"@id\":\"https:\\\/\\\/www.purejewels.com\\\/product\\\/22ct-gold-bangles-4\\\/#breadcrumb\"},\"inLanguage\":\"tr\",\"potentialAction\":[{\"@type\":\"ReadAction\",\"target\":[\"https:\\\/\\\/www.purejewels.com\\\/product\\\/22ct-gold-bangles-4\\\/\"]}]},{\"@type\":\"ImageObject\",\"inLanguage\":\"tr\",\"@id\":\"https:\\\/\\\/www.purejewels.com\\\/product\\\/22ct-gold-bangles-4\\\/#primaryimage\",\"url\":\"https:\\\/\\\/static.purejewels.com\\\/wp-content\\\/uploads\\\/2018\\\/01\\\/7528_7530.png\",\"contentUrl\":\"https:\\\/\\\/static.purejewels.com\\\/wp-content\\\/uploads\\\/2018\\\/01\\\/7528_7530.png\",\"width\":1000,\"height\":1000,\"caption\":\"22ct gold bangles\"},{\"@type\":\"BreadcrumbList\",\"@id\":\"https:\\\/\\\/www.purejewels.com\\\/product\\\/22ct-gold-bangles-4\\\/#breadcrumb\",\"itemListElement\":[{\"@type\":\"ListItem\",\"position\":1,\"name\":\"Home\",\"item\":\"https:\\\/\\\/www.purejewels.com\\\/\"},{\"@type\":\"ListItem\",\"position\":2,\"name\":\"Shop\",\"item\":\"https:\\\/\\\/www.purejewels.com\\\/shop\\\/\"},{\"@type\":\"ListItem\",\"position\":3,\"name\":\"22ct Gold Rhodium Plated Bangles\"}]},{\"@type\":\"WebSite\",\"@id\":\"https:\\\/\\\/www.purejewels.com\\\/#website\",\"url\":\"https:\\\/\\\/www.purejewels.com\\\/\",\"name\":\"PureJewels UK\",\"description\":\"Share the Love\",\"publisher\":{\"@id\":\"https:\\\/\\\/www.purejewels.com\\\/#organization\"},\"potentialAction\":[{\"@type\":\"SearchAction\",\"target\":{\"@type\":\"EntryPoint\",\"urlTemplate\":\"https:\\\/\\\/www.purejewels.com\\\/?s={search_term_string}\"},\"query-input\":{\"@type\":\"PropertyValueSpecification\",\"valueRequired\":true,\"valueName\":\"search_term_string\"}}],\"inLanguage\":\"tr\"},{\"@type\":\"Organization\",\"@id\":\"https:\\\/\\\/www.purejewels.com\\\/#organization\",\"name\":\"PureJewels UK\",\"url\":\"https:\\\/\\\/www.purejewels.com\\\/\",\"logo\":{\"@type\":\"ImageObject\",\"inLanguage\":\"tr\",\"@id\":\"https:\\\/\\\/www.purejewels.com\\\/#\\\/schema\\\/logo\\\/image\\\/\",\"url\":\"https:\\\/\\\/static.purejewels.com\\\/wp-content\\\/uploads\\\/2020\\\/11\\\/Logo-PJ-New-1.png\",\"contentUrl\":\"https:\\\/\\\/static.purejewels.com\\\/wp-content\\\/uploads\\\/2020\\\/11\\\/Logo-PJ-New-1.png\",\"width\":150,\"height\":80,\"caption\":\"PureJewels UK\"},\"image\":{\"@id\":\"https:\\\/\\\/www.purejewels.com\\\/#\\\/schema\\\/logo\\\/image\\\/\"}}]}<\/script>\n<!-- \/ Yoast SEO plugin. -->","yoast_head_json":{"title":"22 Ayar Alt\u0131n Rodyum Kaplama Bileklikler - PureJewels UK","robots":{"index":"index","follow":"follow","max-snippet":"max-snippet:-1","max-image-preview":"max-image-preview:large","max-video-preview":"max-video-preview:-1"},"canonical":"https:\/\/www.purejewels.com\/tr\/urun\/22-ayar-altin-bilezik-49112\/","og_locale":"tr_TR","og_type":"article","og_title":"22ct Gold Rhodium Plated Bangles - PureJewels UK","og_description":"Pair (two bangles) of 22ct gold daily or occasional wear bangles \u2013  (If you want one bangle please enquire on chat \u2013 the price shown here is for two bangles)  With Black Rhodium Plating  Bangle 1\u00a0 Wt : 13.1 g  Bangle 2\u00a0 Wt : 13.2 g  Total Wt . 26.3 g  Sku 7528, 7530  Can be Made to order in all Sizes  Size : 2.6 inch inside diameter. Please enquire for additional sizes  Comes With Presentation Box  Delivery Included  All prices include VAT  22ct Gold\u00a0Hallmarked by London Assay Office  Contact us \/ Live chat with us for Video of Product","og_url":"https:\/\/www.purejewels.com\/tr\/urun\/22-ayar-altin-bilezik-49112\/","og_site_name":"PureJewels UK","article_modified_time":"2026-01-10T16:15:43+00:00","og_image":[{"width":1000,"height":1000,"url":"https:\/\/www.purejewels.com\/wp-content\/uploads\/2018\/01\/7528_7530.png","type":"image\/png"}],"twitter_card":"summary_large_image","twitter_misc":{"Tahmini okuma s\u00fcresi":"1 dakika"},"schema":{"@context":"https:\/\/schema.org","@graph":[{"@type":["WebPage","ItemPage"],"@id":"https:\/\/www.purejewels.com\/product\/22ct-gold-bangles-4\/","url":"https:\/\/www.purejewels.com\/product\/22ct-gold-bangles-4\/","name":"22 Ayar Alt\u0131n Rodyum Kaplama Bileklikler - PureJewels UK","isPartOf":{"@id":"https:\/\/www.purejewels.com\/#website"},"primaryImageOfPage":{"@id":"https:\/\/www.purejewels.com\/product\/22ct-gold-bangles-4\/#primaryimage"},"image":{"@id":"https:\/\/www.purejewels.com\/product\/22ct-gold-bangles-4\/#primaryimage"},"thumbnailUrl":"https:\/\/static.purejewels.com\/wp-content\/uploads\/2018\/01\/7528_7530.png","datePublished":"2018-01-05T16:27:11+00:00","dateModified":"2026-01-10T16:15:43+00:00","breadcrumb":{"@id":"https:\/\/www.purejewels.com\/product\/22ct-gold-bangles-4\/#breadcrumb"},"inLanguage":"tr","potentialAction":[{"@type":"ReadAction","target":["https:\/\/www.purejewels.com\/product\/22ct-gold-bangles-4\/"]}]},{"@type":"ImageObject","inLanguage":"tr","@id":"https:\/\/www.purejewels.com\/product\/22ct-gold-bangles-4\/#primaryimage","url":"https:\/\/static.purejewels.com\/wp-content\/uploads\/2018\/01\/7528_7530.png","contentUrl":"https:\/\/static.purejewels.com\/wp-content\/uploads\/2018\/01\/7528_7530.png","width":1000,"height":1000,"caption":"22ct gold bangles"},{"@type":"BreadcrumbList","@id":"https:\/\/www.purejewels.com\/product\/22ct-gold-bangles-4\/#breadcrumb","itemListElement":[{"@type":"ListItem","position":1,"name":"Home","item":"https:\/\/www.purejewels.com\/"},{"@type":"ListItem","position":2,"name":"Shop","item":"https:\/\/www.purejewels.com\/shop\/"},{"@type":"ListItem","position":3,"name":"22ct Gold Rhodium Plated Bangles"}]},{"@type":"WebSite","@id":"https:\/\/www.purejewels.com\/#website","url":"https:\/\/www.purejewels.com\/","name":"PureJewels \u0130ngiltere","description":"Sevgiyi Payla\u015f\u0131n","publisher":{"@id":"https:\/\/www.purejewels.com\/#organization"},"potentialAction":[{"@type":"SearchAction","target":{"@type":"EntryPoint","urlTemplate":"https:\/\/www.purejewels.com\/?s={search_term_string}"},"query-input":{"@type":"PropertyValueSpecification","valueRequired":true,"valueName":"search_term_string"}}],"inLanguage":"tr"},{"@type":"Organization","@id":"https:\/\/www.purejewels.com\/#organization","name":"PureJewels \u0130ngiltere","url":"https:\/\/www.purejewels.com\/","logo":{"@type":"ImageObject","inLanguage":"tr","@id":"https:\/\/www.purejewels.com\/#\/schema\/logo\/image\/","url":"https:\/\/static.purejewels.com\/wp-content\/uploads\/2020\/11\/Logo-PJ-New-1.png","contentUrl":"https:\/\/static.purejewels.com\/wp-content\/uploads\/2020\/11\/Logo-PJ-New-1.png","width":150,"height":80,"caption":"PureJewels UK"},"image":{"@id":"https:\/\/www.purejewels.com\/#\/schema\/logo\/image\/"}}]}},"_links":{"self":[{"href":"https:\/\/www.purejewels.com\/tr\/wp-json\/wp\/v2\/product\/298343","targetHints":{"allow":["GET"]}}],"collection":[{"href":"https:\/\/www.purejewels.com\/tr\/wp-json\/wp\/v2\/product"}],"about":[{"href":"https:\/\/www.purejewels.com\/tr\/wp-json\/wp\/v2\/types\/product"}],"replies":[{"embeddable":true,"href":"https:\/\/www.purejewels.com\/tr\/wp-json\/wp\/v2\/comments?post=298343"}],"version-history":[{"count":2,"href":"https:\/\/www.purejewels.com\/tr\/wp-json\/wp\/v2\/product\/298343\/revisions"}],"predecessor-version":[{"id":420284,"href":"https:\/\/www.purejewels.com\/tr\/wp-json\/wp\/v2\/product\/298343\/revisions\/420284"}],"wp:featuredmedia":[{"embeddable":true,"href":"https:\/\/www.purejewels.com\/tr\/wp-json\/wp\/v2\/media\/298344"}],"wp:attachment":[{"href":"https:\/\/www.purejewels.com\/tr\/wp-json\/wp\/v2\/media?parent=298343"}],"wp:term":[{"taxonomy":"product_brand","embeddable":true,"href":"https:\/\/www.purejewels.com\/tr\/wp-json\/wp\/v2\/product_brand?post=298343"},{"taxonomy":"product_cat","embeddable":true,"href":"https:\/\/www.purejewels.com\/tr\/wp-json\/wp\/v2\/product_cat?post=298343"},{"taxonomy":"product_tag","embeddable":true,"href":"https:\/\/www.purejewels.com\/tr\/wp-json\/wp\/v2\/product_tag?post=298343"}],"curies":[{"name":"wp","href":"https:\/\/api.w.org\/{rel}","templated":true}]}}