{"id":298347,"date":"2018-01-06T15:30:37","date_gmt":"2018-01-06T15:30:37","guid":{"rendered":"https:\/\/www.purejewels.com\/?post_type=product&#038;p=298347"},"modified":"2026-01-23T06:09:53","modified_gmt":"2026-01-23T06:09:53","slug":"22-ayar-altin-jali-kada-bilezikler24131-24132","status":"publish","type":"product","link":"https:\/\/www.purejewels.com\/tr\/product\/22ct-gold-jali-kada-bangles24131-24132\/","title":{"rendered":"22 Ayar Alt\u0131n S\u00fcslemeli Jali Charm Bileklik (\u00c7ift)"},"content":{"rendered":"<p>Tasar\u0131m<\/p>\n<p>Bu bilezikler, y\u00fczeyde derinlik, doku ve g\u00f6rsel ritim yaratan katmanl\u0131 jali desenleriyle zengin bir \u015fekilde detayland\u0131r\u0131lm\u0131\u015ft\u0131r. Ajurlu tasar\u0131m yontulmu\u015f motiflerle noktalanm\u0131\u015f ve takan ki\u015fiyle birlikte nazik\u00e7e hareket eden zarif alt\u0131n tak\u0131larla tamamlanm\u0131\u015ft\u0131r. Dengeli ve etkileyici tasar\u0131m, t\u00f6rensel ama rafine bir his veriyor.<\/p>\n<p>Zanaatkarl\u0131k<\/p>\n<p>I\u015f\u0131lt\u0131l\u0131 22 ayar alt\u0131ndan el i\u015f\u00e7ili\u011fiyle \u00fcretilen her bir bileklik, \u0131\u015f\u0131\u011f\u0131n y\u00fczeyden ge\u00e7mesine izin vererek boyutsal kalitesini art\u0131ran ince bir jali \u00e7al\u0131\u015fmas\u0131 sergiliyor. \u0130\u00e7 y\u00fczey rahat kullan\u0131m i\u00e7in p\u00fcr\u00fczs\u00fcz bir \u015fekilde parlat\u0131l\u0131rken, d\u0131\u015f detaylar geleneksel i\u015f\u00e7ili\u011fi yans\u0131tmaktad\u0131r. Her bir par\u00e7a safl\u0131k sertifikas\u0131 i\u00e7in \u0130ngiltere'de damgalanm\u0131\u015ft\u0131r.<\/p>\n<p>\u015eekillendirme &amp; Hediyele\u015fme<\/p>\n<p>\u00c7ift olarak tak\u0131lmak \u00fczere tasarlanan bu bilezikler d\u00fc\u011f\u00fcnler, bayramlar ve aile kutlamalar\u0131 i\u00e7in \u00e7arp\u0131c\u0131 bir ifade olu\u015fturur. S\u00fcsl\u00fc karakterleri ayn\u0131 zamanda onlar\u0131 y\u0131ld\u00f6n\u00fcmleri veya \u00f6zel ba\u015far\u0131lar gibi kilometre ta\u015flar\u0131 i\u00e7in anlaml\u0131 bir hediye haline getirerek hem g\u00fczellik hem de k\u00fclt\u00fcrel \u00f6nem sunar.<\/p>","protected":false},"excerpt":{"rendered":"<ul>\n<li>22 Ayar Alt\u0131n Jali Telkari Bileklikler<\/li>\n<li>Bileklik 1 SKU.   24131 A\u011f\u0131rl\u0131k 28,0 g<\/li>\n<li>Bileklik 2 SKU.  24132 A\u011f\u0131rl\u0131k 28,4 g<\/li>\n<li>Toplam A\u011f\u0131rl\u0131k . 56.4 g<\/li>\n<li>Boyut: 2,4 in\u00e7 i\u00e7 \u00e7ap. Ek boyutlar i\u00e7in l\u00fctfen sorunuz<\/li>\n<li>T\u00fcm \u00fcr\u00fcnlerimiz London Assay Office taraf\u0131ndan damgalanm\u0131\u015ft\u0131r<\/li>\n<li>Sunum Kutusu ile Birlikte Gelir<\/li>\n<li>Teslimat Dahil<\/li>\n<li>T\u00fcm fiyatlara KDV dahildir<\/li>\n<li>\u00dcr\u00fcn\u00fcn canl\u0131 videosu i\u00e7in bize ula\u015f\u0131n \/ bizimle sohbet edin<\/li>\n<\/ul>","protected":false},"featured_media":314410,"comment_status":"closed","ping_status":"closed","template":"","meta":{"_eb_attr":"","_crsspst_to_jayantr4sg-hostcom":false},"product_brand":[],"product_cat":[1659,252,1574],"product_tag":[],"class_list":{"0":"post-298347","1":"product","2":"type-product","3":"status-publish","4":"has-post-thumbnail","6":"product_cat-bridal-and-party-wear-gold-kada-bangle","7":"product_cat-jali-collections","8":"product_cat-womens-jewellery","10":"first","11":"outofstock","12":"featured","13":"taxable","14":"shipping-taxable","15":"product-type-grouped","16":"add-to-wishlist-before_image"},"yoast_head":"<!-- This site is optimized with the Yoast SEO plugin v27.3 - https:\/\/yoast.com\/product\/yoast-seo-wordpress\/ -->\n<title>22ct Gold Ornate Jali Charm Bangles | PureJewels UK<\/title>\n<meta name=\"description\" content=\"Shop the 22ct Gold Ornate Jali Charm Bangles from PureJewels UK. Featuring intricate jali detailing and decorative gold charms, this handcrafted pair celebrates tradition with graceful movement.\" \/>\n<meta name=\"robots\" content=\"index, follow, max-snippet:-1, max-image-preview:large, max-video-preview:-1\" \/>\n<link rel=\"canonical\" href=\"https:\/\/www.purejewels.com\/tr\/urun\/22-ayar-altin-jali-kada-bilezikler24131-24132\/\" \/>\n<meta property=\"og:locale\" content=\"tr_TR\" \/>\n<meta property=\"og:type\" content=\"article\" \/>\n<meta property=\"og:title\" content=\"22ct Gold Ornate Jali Charm Bangles | PureJewels UK\" \/>\n<meta property=\"og:description\" content=\"Shop the 22ct Gold Ornate Jali Charm Bangles from PureJewels UK. Featuring intricate jali detailing and decorative gold charms, this handcrafted pair celebrates tradition with graceful movement.\" \/>\n<meta property=\"og:url\" content=\"https:\/\/www.purejewels.com\/tr\/urun\/22-ayar-altin-jali-kada-bilezikler24131-24132\/\" \/>\n<meta property=\"og:site_name\" content=\"PureJewels UK\" \/>\n<meta property=\"article:modified_time\" content=\"2026-01-23T06:09:53+00:00\" \/>\n<meta property=\"og:image\" content=\"https:\/\/static.purejewels.com\/wp-content\/uploads\/2020\/06\/136817150.png\" \/>\n\t<meta property=\"og:image:width\" content=\"1000\" \/>\n\t<meta property=\"og:image:height\" content=\"1000\" \/>\n\t<meta property=\"og:image:type\" content=\"image\/png\" \/>\n<meta name=\"twitter:card\" content=\"summary_large_image\" \/>\n<meta name=\"twitter:label1\" content=\"Tahmini okuma s\u00fcresi\" \/>\n\t<meta name=\"twitter:data1\" content=\"1 dakika\" \/>\n<script type=\"application\/ld+json\" class=\"yoast-schema-graph\">{\"@context\":\"https:\\\/\\\/schema.org\",\"@graph\":[{\"@type\":[\"WebPage\",\"ItemPage\"],\"@id\":\"https:\\\/\\\/www.purejewels.com\\\/product\\\/22ct-gold-jali-kada-bangles24131-24132\\\/\",\"url\":\"https:\\\/\\\/www.purejewels.com\\\/product\\\/22ct-gold-jali-kada-bangles24131-24132\\\/\",\"name\":\"22ct Gold Ornate Jali Charm Bangles | PureJewels UK\",\"isPartOf\":{\"@id\":\"https:\\\/\\\/www.purejewels.com\\\/#website\"},\"primaryImageOfPage\":{\"@id\":\"https:\\\/\\\/www.purejewels.com\\\/product\\\/22ct-gold-jali-kada-bangles24131-24132\\\/#primaryimage\"},\"image\":{\"@id\":\"https:\\\/\\\/www.purejewels.com\\\/product\\\/22ct-gold-jali-kada-bangles24131-24132\\\/#primaryimage\"},\"thumbnailUrl\":\"https:\\\/\\\/static.purejewels.com\\\/wp-content\\\/uploads\\\/2020\\\/06\\\/136817150.png\",\"datePublished\":\"2018-01-06T15:30:37+00:00\",\"dateModified\":\"2026-01-23T06:09:53+00:00\",\"description\":\"Shop the 22ct Gold Ornate Jali Charm Bangles from PureJewels UK. Featuring intricate jali detailing and decorative gold charms, this handcrafted pair celebrates tradition with graceful movement.\",\"breadcrumb\":{\"@id\":\"https:\\\/\\\/www.purejewels.com\\\/product\\\/22ct-gold-jali-kada-bangles24131-24132\\\/#breadcrumb\"},\"inLanguage\":\"tr\",\"potentialAction\":[{\"@type\":\"ReadAction\",\"target\":[\"https:\\\/\\\/www.purejewels.com\\\/product\\\/22ct-gold-jali-kada-bangles24131-24132\\\/\"]}]},{\"@type\":\"ImageObject\",\"inLanguage\":\"tr\",\"@id\":\"https:\\\/\\\/www.purejewels.com\\\/product\\\/22ct-gold-jali-kada-bangles24131-24132\\\/#primaryimage\",\"url\":\"https:\\\/\\\/static.purejewels.com\\\/wp-content\\\/uploads\\\/2020\\\/06\\\/136817150.png\",\"contentUrl\":\"https:\\\/\\\/static.purejewels.com\\\/wp-content\\\/uploads\\\/2020\\\/06\\\/136817150.png\",\"width\":1000,\"height\":1000,\"caption\":\"Jali 22ct Heavy Flat Filligree Kada JLKD269\"},{\"@type\":\"BreadcrumbList\",\"@id\":\"https:\\\/\\\/www.purejewels.com\\\/product\\\/22ct-gold-jali-kada-bangles24131-24132\\\/#breadcrumb\",\"itemListElement\":[{\"@type\":\"ListItem\",\"position\":1,\"name\":\"Home\",\"item\":\"https:\\\/\\\/www.purejewels.com\\\/\"},{\"@type\":\"ListItem\",\"position\":2,\"name\":\"Shop\",\"item\":\"https:\\\/\\\/www.purejewels.com\\\/shop\\\/\"},{\"@type\":\"ListItem\",\"position\":3,\"name\":\"22ct Gold Ornate Jali Charm Bangles (Pair)\"}]},{\"@type\":\"WebSite\",\"@id\":\"https:\\\/\\\/www.purejewels.com\\\/#website\",\"url\":\"https:\\\/\\\/www.purejewels.com\\\/\",\"name\":\"PureJewels UK\",\"description\":\"Share the Love\",\"publisher\":{\"@id\":\"https:\\\/\\\/www.purejewels.com\\\/#organization\"},\"potentialAction\":[{\"@type\":\"SearchAction\",\"target\":{\"@type\":\"EntryPoint\",\"urlTemplate\":\"https:\\\/\\\/www.purejewels.com\\\/?s={search_term_string}\"},\"query-input\":{\"@type\":\"PropertyValueSpecification\",\"valueRequired\":true,\"valueName\":\"search_term_string\"}}],\"inLanguage\":\"tr\"},{\"@type\":\"Organization\",\"@id\":\"https:\\\/\\\/www.purejewels.com\\\/#organization\",\"name\":\"PureJewels UK\",\"url\":\"https:\\\/\\\/www.purejewels.com\\\/\",\"logo\":{\"@type\":\"ImageObject\",\"inLanguage\":\"tr\",\"@id\":\"https:\\\/\\\/www.purejewels.com\\\/#\\\/schema\\\/logo\\\/image\\\/\",\"url\":\"https:\\\/\\\/static.purejewels.com\\\/wp-content\\\/uploads\\\/2020\\\/11\\\/Logo-PJ-New-1.png\",\"contentUrl\":\"https:\\\/\\\/static.purejewels.com\\\/wp-content\\\/uploads\\\/2020\\\/11\\\/Logo-PJ-New-1.png\",\"width\":150,\"height\":80,\"caption\":\"PureJewels UK\"},\"image\":{\"@id\":\"https:\\\/\\\/www.purejewels.com\\\/#\\\/schema\\\/logo\\\/image\\\/\"}}]}<\/script>\n<!-- \/ Yoast SEO plugin. -->","yoast_head_json":{"title":"22 Ayar Alt\u0131n S\u00fcsl\u00fc Jali Charm Bileklik | PureJewels UK","description":"PureJewels UK'den 22 Ayar Alt\u0131n S\u00fcsl\u00fc Jali Charm Bileklikleri sat\u0131n al\u0131n. Karma\u015f\u0131k jali detaylar\u0131 ve dekoratif alt\u0131n tak\u0131lar i\u00e7eren bu el yap\u0131m\u0131 \u00e7ift, gelene\u011fi zarif bir hareketle kutluyor.","robots":{"index":"index","follow":"follow","max-snippet":"max-snippet:-1","max-image-preview":"max-image-preview:large","max-video-preview":"max-video-preview:-1"},"canonical":"https:\/\/www.purejewels.com\/tr\/urun\/22-ayar-altin-jali-kada-bilezikler24131-24132\/","og_locale":"tr_TR","og_type":"article","og_title":"22ct Gold Ornate Jali Charm Bangles | PureJewels UK","og_description":"Shop the 22ct Gold Ornate Jali Charm Bangles from PureJewels UK. Featuring intricate jali detailing and decorative gold charms, this handcrafted pair celebrates tradition with graceful movement.","og_url":"https:\/\/www.purejewels.com\/tr\/urun\/22-ayar-altin-jali-kada-bilezikler24131-24132\/","og_site_name":"PureJewels UK","article_modified_time":"2026-01-23T06:09:53+00:00","og_image":[{"width":1000,"height":1000,"url":"https:\/\/static.purejewels.com\/wp-content\/uploads\/2020\/06\/136817150.png","type":"image\/png"}],"twitter_card":"summary_large_image","twitter_misc":{"Tahmini okuma s\u00fcresi":"1 dakika"},"schema":{"@context":"https:\/\/schema.org","@graph":[{"@type":["WebPage","ItemPage"],"@id":"https:\/\/www.purejewels.com\/product\/22ct-gold-jali-kada-bangles24131-24132\/","url":"https:\/\/www.purejewels.com\/product\/22ct-gold-jali-kada-bangles24131-24132\/","name":"22 Ayar Alt\u0131n S\u00fcsl\u00fc Jali Charm Bileklik | PureJewels UK","isPartOf":{"@id":"https:\/\/www.purejewels.com\/#website"},"primaryImageOfPage":{"@id":"https:\/\/www.purejewels.com\/product\/22ct-gold-jali-kada-bangles24131-24132\/#primaryimage"},"image":{"@id":"https:\/\/www.purejewels.com\/product\/22ct-gold-jali-kada-bangles24131-24132\/#primaryimage"},"thumbnailUrl":"https:\/\/static.purejewels.com\/wp-content\/uploads\/2020\/06\/136817150.png","datePublished":"2018-01-06T15:30:37+00:00","dateModified":"2026-01-23T06:09:53+00:00","description":"PureJewels UK'den 22 Ayar Alt\u0131n S\u00fcsl\u00fc Jali Charm Bileklikleri sat\u0131n al\u0131n. Karma\u015f\u0131k jali detaylar\u0131 ve dekoratif alt\u0131n tak\u0131lar i\u00e7eren bu el yap\u0131m\u0131 \u00e7ift, gelene\u011fi zarif bir hareketle kutluyor.","breadcrumb":{"@id":"https:\/\/www.purejewels.com\/product\/22ct-gold-jali-kada-bangles24131-24132\/#breadcrumb"},"inLanguage":"tr","potentialAction":[{"@type":"ReadAction","target":["https:\/\/www.purejewels.com\/product\/22ct-gold-jali-kada-bangles24131-24132\/"]}]},{"@type":"ImageObject","inLanguage":"tr","@id":"https:\/\/www.purejewels.com\/product\/22ct-gold-jali-kada-bangles24131-24132\/#primaryimage","url":"https:\/\/static.purejewels.com\/wp-content\/uploads\/2020\/06\/136817150.png","contentUrl":"https:\/\/static.purejewels.com\/wp-content\/uploads\/2020\/06\/136817150.png","width":1000,"height":1000,"caption":"Jali 22ct Heavy Flat Filligree Kada JLKD269"},{"@type":"BreadcrumbList","@id":"https:\/\/www.purejewels.com\/product\/22ct-gold-jali-kada-bangles24131-24132\/#breadcrumb","itemListElement":[{"@type":"ListItem","position":1,"name":"Home","item":"https:\/\/www.purejewels.com\/"},{"@type":"ListItem","position":2,"name":"Shop","item":"https:\/\/www.purejewels.com\/shop\/"},{"@type":"ListItem","position":3,"name":"22ct Gold Ornate Jali Charm Bangles (Pair)"}]},{"@type":"WebSite","@id":"https:\/\/www.purejewels.com\/#website","url":"https:\/\/www.purejewels.com\/","name":"PureJewels \u0130ngiltere","description":"Sevgiyi Payla\u015f\u0131n","publisher":{"@id":"https:\/\/www.purejewels.com\/#organization"},"potentialAction":[{"@type":"SearchAction","target":{"@type":"EntryPoint","urlTemplate":"https:\/\/www.purejewels.com\/?s={search_term_string}"},"query-input":{"@type":"PropertyValueSpecification","valueRequired":true,"valueName":"search_term_string"}}],"inLanguage":"tr"},{"@type":"Organization","@id":"https:\/\/www.purejewels.com\/#organization","name":"PureJewels \u0130ngiltere","url":"https:\/\/www.purejewels.com\/","logo":{"@type":"ImageObject","inLanguage":"tr","@id":"https:\/\/www.purejewels.com\/#\/schema\/logo\/image\/","url":"https:\/\/static.purejewels.com\/wp-content\/uploads\/2020\/11\/Logo-PJ-New-1.png","contentUrl":"https:\/\/static.purejewels.com\/wp-content\/uploads\/2020\/11\/Logo-PJ-New-1.png","width":150,"height":80,"caption":"PureJewels UK"},"image":{"@id":"https:\/\/www.purejewels.com\/#\/schema\/logo\/image\/"}}]}},"_links":{"self":[{"href":"https:\/\/www.purejewels.com\/tr\/wp-json\/wp\/v2\/product\/298347","targetHints":{"allow":["GET"]}}],"collection":[{"href":"https:\/\/www.purejewels.com\/tr\/wp-json\/wp\/v2\/product"}],"about":[{"href":"https:\/\/www.purejewels.com\/tr\/wp-json\/wp\/v2\/types\/product"}],"replies":[{"embeddable":true,"href":"https:\/\/www.purejewels.com\/tr\/wp-json\/wp\/v2\/comments?post=298347"}],"version-history":[{"count":3,"href":"https:\/\/www.purejewels.com\/tr\/wp-json\/wp\/v2\/product\/298347\/revisions"}],"predecessor-version":[{"id":425143,"href":"https:\/\/www.purejewels.com\/tr\/wp-json\/wp\/v2\/product\/298347\/revisions\/425143"}],"wp:featuredmedia":[{"embeddable":true,"href":"https:\/\/www.purejewels.com\/tr\/wp-json\/wp\/v2\/media\/314410"}],"wp:attachment":[{"href":"https:\/\/www.purejewels.com\/tr\/wp-json\/wp\/v2\/media?parent=298347"}],"wp:term":[{"taxonomy":"product_brand","embeddable":true,"href":"https:\/\/www.purejewels.com\/tr\/wp-json\/wp\/v2\/product_brand?post=298347"},{"taxonomy":"product_cat","embeddable":true,"href":"https:\/\/www.purejewels.com\/tr\/wp-json\/wp\/v2\/product_cat?post=298347"},{"taxonomy":"product_tag","embeddable":true,"href":"https:\/\/www.purejewels.com\/tr\/wp-json\/wp\/v2\/product_tag?post=298347"}],"curies":[{"name":"wp","href":"https:\/\/api.w.org\/{rel}","templated":true}]}}