{"id":298349,"date":"2018-01-06T15:47:55","date_gmt":"2018-01-06T15:47:55","guid":{"rendered":"https:\/\/www.purejewels.com\/?post_type=product&#038;p=298349"},"modified":"2026-01-23T05:46:21","modified_gmt":"2026-01-23T05:46:21","slug":"22-ayar-altin-jali-bilezikler","status":"publish","type":"product","link":"https:\/\/www.purejewels.com\/tr\/product\/22ct-gold-jali-bangles\/","title":{"rendered":"22 Ayar Alt\u0131n Klasik Jali Kenarl\u0131 Bileklik"},"content":{"rendered":"<p>Tasar\u0131m<\/p>\n<p>Bu bileklik, temiz dairesel formu ve d\u0131\u015f y\u00fczeyi boyunca zarif\u00e7e uzanan ince eklemli jali kenar\u0131 ile tan\u0131mlan\u0131r. Yap\u0131land\u0131r\u0131lm\u0131\u015f desen, sakin ve abart\u0131s\u0131z bir profili korurken doku ve ritmi de beraberinde getirir. Dengeli ve rafine bir his vermek \u00fczere tasarlanan bu \u00fcr\u00fcn, geleneksel tasar\u0131m\u0131n \u00e7a\u011fda\u015f bir siluette sessiz bir ifadesini sunuyor.<\/p>\n<p>Zanaatkarl\u0131k<\/p>\n<p>Zengin 22 ayar alt\u0131ndan el yap\u0131m\u0131 bileklik, netlik ve kontrast i\u00e7in cilal\u0131 alt\u0131n kenarl\u0131klarla \u00e7er\u00e7evelenmi\u015f hassas jali \u00e7al\u0131\u015fmas\u0131n\u0131 sergiliyor. \u0130\u00e7 k\u0131sm\u0131 g\u00fcnl\u00fck kullan\u0131mda rahatl\u0131k sa\u011flamak i\u00e7in p\u00fcr\u00fczs\u00fcz bir \u015fekilde tamamlanm\u0131\u015ft\u0131r. Her par\u00e7a, PureJewels'in kalite ve \u00f6zg\u00fcnl\u00fc\u011fe olan ba\u011fl\u0131l\u0131\u011f\u0131n\u0131 yans\u0131tan safl\u0131k sertifikas\u0131 i\u00e7in \u0130ngiltere'de damgalanm\u0131\u015ft\u0131r.<\/p>\n<p>\u015eekillendirme &amp; Hediyele\u015fme<\/p>\n<p>Tek ba\u015f\u0131na veya tamamlay\u0131c\u0131 bilekliklerle birlikte \u015f\u0131k bir \u015fekilde tak\u0131labilen bu par\u00e7a, g\u00fcnl\u00fck kullan\u0131mdan bayramlara kadar zahmetsizce ge\u00e7i\u015f yapar. Zamans\u0131z karakteri sayesinde do\u011fum g\u00fcnleri, y\u0131l d\u00f6n\u00fcmleri veya ki\u015fisel d\u00f6n\u00fcm noktalar\u0131 i\u00e7in d\u00fc\u015f\u00fcnceli bir hediye olan bu tasar\u0131m, hem anlaml\u0131 hem de kolay tak\u0131labilen bir tasar\u0131m sunuyor.<\/p>","protected":false},"excerpt":{"rendered":"<ul>\n<li>\u00c7ift (iki bilezik) 22 Ayar Alt\u0131n Gelin veya Parti Giyim Bilezi\u011fi -<\/li>\n<li>(Tek bileklik istiyorsan\u0131z l\u00fctfen sohbetten bilgi al\u0131n - burada g\u00f6sterilen fiyat iki bileklik i\u00e7indir)<\/li>\n<li>Kada 1 A\u011f\u0131rl\u0131k 20.0 gms<\/li>\n<li>Kada 2 A\u011f\u0131rl\u0131k 20,7 gms<\/li>\n<li>Toplam A\u011f\u0131rl\u0131k . 40,7 gms<\/li>\n<li>Boyut: 2,6 in\u00e7 i\u00e7 \u00e7ap. Ek boyutlar i\u00e7in l\u00fctfen sorunuz<\/li>\n<li>Sku 26087, 26090<\/li>\n<li>T\u00fcm \u00fcr\u00fcnlerimiz London Assay Office taraf\u0131ndan damgalanm\u0131\u015ft\u0131r<\/li>\n<li>Sunum Kutusu ile Birlikte Gelir<\/li>\n<li>Teslimat Dahil<\/li>\n<li>T\u00fcm fiyatlara KDV dahildir<\/li>\n<li>\u00dcr\u00fcn\u00fcn canl\u0131 videosu i\u00e7in bize ula\u015f\u0131n \/ bizimle sohbet edin<\/li>\n<\/ul>","protected":false},"featured_media":317479,"comment_status":"closed","ping_status":"closed","template":"","meta":{"_eb_attr":"","_crsspst_to_jayantr4sg-hostcom":true},"product_brand":[],"product_cat":[1658,1559,1659,252,1574],"product_tag":[1514,1502,63,1521],"class_list":{"0":"post-298349","1":"product","2":"type-product","3":"status-publish","4":"has-post-thumbnail","6":"product_cat-bangle-sets","7":"product_cat-birthday-gifts","8":"product_cat-bridal-and-party-wear-gold-kada-bangle","9":"product_cat-jali-collections","10":"product_cat-womens-jewellery","11":"product_tag-bangles","12":"product_tag-filigree","13":"product_tag-gold","14":"product_tag-kada","16":"first","17":"outofstock","18":"featured","19":"taxable","20":"shipping-taxable","21":"product-type-grouped","22":"add-to-wishlist-before_image"},"yoast_head":"<!-- This site is optimized with the Yoast SEO plugin v27.3 - https:\/\/yoast.com\/product\/yoast-seo-wordpress\/ -->\n<title>22ct Gold Classic Jali Edge Bangle | Online at PureJewels UK<\/title>\n<meta name=\"description\" content=\"Shop the 22ct Gold Classic Jali Edge Bangle from PureJewels UK. Featuring refined jali detailing and polished gold borders, this handcrafted bangle balances tradition with everyday elegance.\" \/>\n<meta name=\"robots\" content=\"index, follow, max-snippet:-1, max-image-preview:large, max-video-preview:-1\" \/>\n<link rel=\"canonical\" href=\"https:\/\/www.purejewels.com\/tr\/urun\/22-ayar-altin-jali-bilezikler\/\" \/>\n<meta property=\"og:locale\" content=\"tr_TR\" \/>\n<meta property=\"og:type\" content=\"article\" \/>\n<meta property=\"og:title\" content=\"22ct Gold Classic Jali Edge Bangle | Online at PureJewels UK\" \/>\n<meta property=\"og:description\" content=\"Shop the 22ct Gold Classic Jali Edge Bangle from PureJewels UK. Featuring refined jali detailing and polished gold borders, this handcrafted bangle balances tradition with everyday elegance.\" \/>\n<meta property=\"og:url\" content=\"https:\/\/www.purejewels.com\/tr\/urun\/22-ayar-altin-jali-bilezikler\/\" \/>\n<meta property=\"og:site_name\" content=\"PureJewels UK\" \/>\n<meta property=\"article:modified_time\" content=\"2026-01-23T05:46:21+00:00\" \/>\n<meta property=\"og:image\" content=\"https:\/\/static.purejewels.com\/wp-content\/uploads\/2020\/09\/image186536677.jpg\" \/>\n\t<meta property=\"og:image:width\" content=\"1000\" \/>\n\t<meta property=\"og:image:height\" content=\"1000\" \/>\n\t<meta property=\"og:image:type\" content=\"image\/jpeg\" \/>\n<meta name=\"twitter:card\" content=\"summary_large_image\" \/>\n<meta name=\"twitter:label1\" content=\"Tahmini okuma s\u00fcresi\" \/>\n\t<meta name=\"twitter:data1\" content=\"1 dakika\" \/>\n<script type=\"application\/ld+json\" class=\"yoast-schema-graph\">{\"@context\":\"https:\\\/\\\/schema.org\",\"@graph\":[{\"@type\":[\"WebPage\",\"ItemPage\"],\"@id\":\"https:\\\/\\\/www.purejewels.com\\\/product\\\/22ct-gold-jali-bangles\\\/\",\"url\":\"https:\\\/\\\/www.purejewels.com\\\/product\\\/22ct-gold-jali-bangles\\\/\",\"name\":\"22ct Gold Classic Jali Edge Bangle | Online at PureJewels UK\",\"isPartOf\":{\"@id\":\"https:\\\/\\\/www.purejewels.com\\\/#website\"},\"primaryImageOfPage\":{\"@id\":\"https:\\\/\\\/www.purejewels.com\\\/product\\\/22ct-gold-jali-bangles\\\/#primaryimage\"},\"image\":{\"@id\":\"https:\\\/\\\/www.purejewels.com\\\/product\\\/22ct-gold-jali-bangles\\\/#primaryimage\"},\"thumbnailUrl\":\"https:\\\/\\\/static.purejewels.com\\\/wp-content\\\/uploads\\\/2020\\\/09\\\/image186536677.jpg\",\"datePublished\":\"2018-01-06T15:47:55+00:00\",\"dateModified\":\"2026-01-23T05:46:21+00:00\",\"description\":\"Shop the 22ct Gold Classic Jali Edge Bangle from PureJewels UK. Featuring refined jali detailing and polished gold borders, this handcrafted bangle balances tradition with everyday elegance.\",\"breadcrumb\":{\"@id\":\"https:\\\/\\\/www.purejewels.com\\\/product\\\/22ct-gold-jali-bangles\\\/#breadcrumb\"},\"inLanguage\":\"tr\",\"potentialAction\":[{\"@type\":\"ReadAction\",\"target\":[\"https:\\\/\\\/www.purejewels.com\\\/product\\\/22ct-gold-jali-bangles\\\/\"]}]},{\"@type\":\"ImageObject\",\"inLanguage\":\"tr\",\"@id\":\"https:\\\/\\\/www.purejewels.com\\\/product\\\/22ct-gold-jali-bangles\\\/#primaryimage\",\"url\":\"https:\\\/\\\/static.purejewels.com\\\/wp-content\\\/uploads\\\/2020\\\/09\\\/image186536677.jpg\",\"contentUrl\":\"https:\\\/\\\/static.purejewels.com\\\/wp-content\\\/uploads\\\/2020\\\/09\\\/image186536677.jpg\",\"width\":1000,\"height\":1000},{\"@type\":\"BreadcrumbList\",\"@id\":\"https:\\\/\\\/www.purejewels.com\\\/product\\\/22ct-gold-jali-bangles\\\/#breadcrumb\",\"itemListElement\":[{\"@type\":\"ListItem\",\"position\":1,\"name\":\"Home\",\"item\":\"https:\\\/\\\/www.purejewels.com\\\/\"},{\"@type\":\"ListItem\",\"position\":2,\"name\":\"Shop\",\"item\":\"https:\\\/\\\/www.purejewels.com\\\/shop\\\/\"},{\"@type\":\"ListItem\",\"position\":3,\"name\":\"22ct Gold Classic Jali Edge Bangle\"}]},{\"@type\":\"WebSite\",\"@id\":\"https:\\\/\\\/www.purejewels.com\\\/#website\",\"url\":\"https:\\\/\\\/www.purejewels.com\\\/\",\"name\":\"PureJewels UK\",\"description\":\"Share the Love\",\"publisher\":{\"@id\":\"https:\\\/\\\/www.purejewels.com\\\/#organization\"},\"potentialAction\":[{\"@type\":\"SearchAction\",\"target\":{\"@type\":\"EntryPoint\",\"urlTemplate\":\"https:\\\/\\\/www.purejewels.com\\\/?s={search_term_string}\"},\"query-input\":{\"@type\":\"PropertyValueSpecification\",\"valueRequired\":true,\"valueName\":\"search_term_string\"}}],\"inLanguage\":\"tr\"},{\"@type\":\"Organization\",\"@id\":\"https:\\\/\\\/www.purejewels.com\\\/#organization\",\"name\":\"PureJewels UK\",\"url\":\"https:\\\/\\\/www.purejewels.com\\\/\",\"logo\":{\"@type\":\"ImageObject\",\"inLanguage\":\"tr\",\"@id\":\"https:\\\/\\\/www.purejewels.com\\\/#\\\/schema\\\/logo\\\/image\\\/\",\"url\":\"https:\\\/\\\/static.purejewels.com\\\/wp-content\\\/uploads\\\/2020\\\/11\\\/Logo-PJ-New-1.png\",\"contentUrl\":\"https:\\\/\\\/static.purejewels.com\\\/wp-content\\\/uploads\\\/2020\\\/11\\\/Logo-PJ-New-1.png\",\"width\":150,\"height\":80,\"caption\":\"PureJewels UK\"},\"image\":{\"@id\":\"https:\\\/\\\/www.purejewels.com\\\/#\\\/schema\\\/logo\\\/image\\\/\"}}]}<\/script>\n<!-- \/ Yoast SEO plugin. -->","yoast_head_json":{"title":"22 Ayar Alt\u0131n Klasik Jali Kenarl\u0131 Bileklik | PureJewels UK'de Online","description":"PureJewels UK'den 22 Ayar Alt\u0131n Klasik Jali Kenarl\u0131 Bileklik sat\u0131n al\u0131n. Zarif jali detaylara ve cilal\u0131 alt\u0131n kenarl\u0131klara sahip bu el yap\u0131m\u0131 bileklik, gelene\u011fi g\u00fcnl\u00fck \u015f\u0131kl\u0131kla dengeliyor.","robots":{"index":"index","follow":"follow","max-snippet":"max-snippet:-1","max-image-preview":"max-image-preview:large","max-video-preview":"max-video-preview:-1"},"canonical":"https:\/\/www.purejewels.com\/tr\/urun\/22-ayar-altin-jali-bilezikler\/","og_locale":"tr_TR","og_type":"article","og_title":"22ct Gold Classic Jali Edge Bangle | Online at PureJewels UK","og_description":"Shop the 22ct Gold Classic Jali Edge Bangle from PureJewels UK. Featuring refined jali detailing and polished gold borders, this handcrafted bangle balances tradition with everyday elegance.","og_url":"https:\/\/www.purejewels.com\/tr\/urun\/22-ayar-altin-jali-bilezikler\/","og_site_name":"PureJewels UK","article_modified_time":"2026-01-23T05:46:21+00:00","og_image":[{"width":1000,"height":1000,"url":"https:\/\/static.purejewels.com\/wp-content\/uploads\/2020\/09\/image186536677.jpg","type":"image\/jpeg"}],"twitter_card":"summary_large_image","twitter_misc":{"Tahmini okuma s\u00fcresi":"1 dakika"},"schema":{"@context":"https:\/\/schema.org","@graph":[{"@type":["WebPage","ItemPage"],"@id":"https:\/\/www.purejewels.com\/product\/22ct-gold-jali-bangles\/","url":"https:\/\/www.purejewels.com\/product\/22ct-gold-jali-bangles\/","name":"22 Ayar Alt\u0131n Klasik Jali Kenarl\u0131 Bileklik | PureJewels UK'de Online","isPartOf":{"@id":"https:\/\/www.purejewels.com\/#website"},"primaryImageOfPage":{"@id":"https:\/\/www.purejewels.com\/product\/22ct-gold-jali-bangles\/#primaryimage"},"image":{"@id":"https:\/\/www.purejewels.com\/product\/22ct-gold-jali-bangles\/#primaryimage"},"thumbnailUrl":"https:\/\/static.purejewels.com\/wp-content\/uploads\/2020\/09\/image186536677.jpg","datePublished":"2018-01-06T15:47:55+00:00","dateModified":"2026-01-23T05:46:21+00:00","description":"PureJewels UK'den 22 Ayar Alt\u0131n Klasik Jali Kenarl\u0131 Bileklik sat\u0131n al\u0131n. Zarif jali detaylara ve cilal\u0131 alt\u0131n kenarl\u0131klara sahip bu el yap\u0131m\u0131 bileklik, gelene\u011fi g\u00fcnl\u00fck \u015f\u0131kl\u0131kla dengeliyor.","breadcrumb":{"@id":"https:\/\/www.purejewels.com\/product\/22ct-gold-jali-bangles\/#breadcrumb"},"inLanguage":"tr","potentialAction":[{"@type":"ReadAction","target":["https:\/\/www.purejewels.com\/product\/22ct-gold-jali-bangles\/"]}]},{"@type":"ImageObject","inLanguage":"tr","@id":"https:\/\/www.purejewels.com\/product\/22ct-gold-jali-bangles\/#primaryimage","url":"https:\/\/static.purejewels.com\/wp-content\/uploads\/2020\/09\/image186536677.jpg","contentUrl":"https:\/\/static.purejewels.com\/wp-content\/uploads\/2020\/09\/image186536677.jpg","width":1000,"height":1000},{"@type":"BreadcrumbList","@id":"https:\/\/www.purejewels.com\/product\/22ct-gold-jali-bangles\/#breadcrumb","itemListElement":[{"@type":"ListItem","position":1,"name":"Home","item":"https:\/\/www.purejewels.com\/"},{"@type":"ListItem","position":2,"name":"Shop","item":"https:\/\/www.purejewels.com\/shop\/"},{"@type":"ListItem","position":3,"name":"22ct Gold Classic Jali Edge Bangle"}]},{"@type":"WebSite","@id":"https:\/\/www.purejewels.com\/#website","url":"https:\/\/www.purejewels.com\/","name":"PureJewels \u0130ngiltere","description":"Sevgiyi Payla\u015f\u0131n","publisher":{"@id":"https:\/\/www.purejewels.com\/#organization"},"potentialAction":[{"@type":"SearchAction","target":{"@type":"EntryPoint","urlTemplate":"https:\/\/www.purejewels.com\/?s={search_term_string}"},"query-input":{"@type":"PropertyValueSpecification","valueRequired":true,"valueName":"search_term_string"}}],"inLanguage":"tr"},{"@type":"Organization","@id":"https:\/\/www.purejewels.com\/#organization","name":"PureJewels \u0130ngiltere","url":"https:\/\/www.purejewels.com\/","logo":{"@type":"ImageObject","inLanguage":"tr","@id":"https:\/\/www.purejewels.com\/#\/schema\/logo\/image\/","url":"https:\/\/static.purejewels.com\/wp-content\/uploads\/2020\/11\/Logo-PJ-New-1.png","contentUrl":"https:\/\/static.purejewels.com\/wp-content\/uploads\/2020\/11\/Logo-PJ-New-1.png","width":150,"height":80,"caption":"PureJewels UK"},"image":{"@id":"https:\/\/www.purejewels.com\/#\/schema\/logo\/image\/"}}]}},"_links":{"self":[{"href":"https:\/\/www.purejewels.com\/tr\/wp-json\/wp\/v2\/product\/298349","targetHints":{"allow":["GET"]}}],"collection":[{"href":"https:\/\/www.purejewels.com\/tr\/wp-json\/wp\/v2\/product"}],"about":[{"href":"https:\/\/www.purejewels.com\/tr\/wp-json\/wp\/v2\/types\/product"}],"replies":[{"embeddable":true,"href":"https:\/\/www.purejewels.com\/tr\/wp-json\/wp\/v2\/comments?post=298349"}],"version-history":[{"count":2,"href":"https:\/\/www.purejewels.com\/tr\/wp-json\/wp\/v2\/product\/298349\/revisions"}],"predecessor-version":[{"id":425139,"href":"https:\/\/www.purejewels.com\/tr\/wp-json\/wp\/v2\/product\/298349\/revisions\/425139"}],"wp:featuredmedia":[{"embeddable":true,"href":"https:\/\/www.purejewels.com\/tr\/wp-json\/wp\/v2\/media\/317479"}],"wp:attachment":[{"href":"https:\/\/www.purejewels.com\/tr\/wp-json\/wp\/v2\/media?parent=298349"}],"wp:term":[{"taxonomy":"product_brand","embeddable":true,"href":"https:\/\/www.purejewels.com\/tr\/wp-json\/wp\/v2\/product_brand?post=298349"},{"taxonomy":"product_cat","embeddable":true,"href":"https:\/\/www.purejewels.com\/tr\/wp-json\/wp\/v2\/product_cat?post=298349"},{"taxonomy":"product_tag","embeddable":true,"href":"https:\/\/www.purejewels.com\/tr\/wp-json\/wp\/v2\/product_tag?post=298349"}],"curies":[{"name":"wp","href":"https:\/\/api.w.org\/{rel}","templated":true}]}}