{"id":298355,"date":"2018-01-07T13:05:31","date_gmt":"2018-01-07T13:05:31","guid":{"rendered":"https:\/\/www.purejewels.com\/?post_type=product&#038;p=298355"},"modified":"2026-01-22T13:04:36","modified_gmt":"2026-01-22T13:04:36","slug":"22-ayar-altin-jali-bilezikler-3","status":"publish","type":"product","link":"https:\/\/www.purejewels.com\/tr\/product\/22ct-gold-jali-bangles-3\/","title":{"rendered":"22 Ayar Alt\u0131n S\u00fcslemeli Boncuklu Jali Bileklikler"},"content":{"rendered":"<p>Tasar\u0131m<\/p>\n<p>Bu bilezikler, her biri narin grav\u00fcr ve ince dokusal detaylarla \u00e7er\u00e7evelenmi\u015f yontulmu\u015f boncuk formlar\u0131n\u0131n kesintisiz dizilimiyle tan\u0131mlan\u0131r. Ritmik tekrarlar hareket ve g\u00f6rsel zenginlik yarat\u0131rken, dengeli oranlar bilekliklerin bile\u011fe zarif bir \u015fekilde oturmas\u0131n\u0131 sa\u011fl\u0131yor. S\u00fcsl\u00fc ama bir o kadar da kompoze tasar\u0131m, geleneksel Hint m\u00fccevher dilini rafine ve \u00e7a\u011fda\u015f bir g\u00f6r\u00fcn\u00fcmle bir araya getiriyor.<\/p>\n<p>Zanaatkarl\u0131k<\/p>\n<p>22 ayar alt\u0131ndan el i\u015f\u00e7ili\u011fiyle \u00fcretilen her bir bileklik, geleneksel teknikler ve \u00f6zenli el i\u015flemeleriyle elde edilen titiz y\u00fczey \u00e7al\u0131\u015fmalar\u0131n\u0131 sergiler. Kaz\u0131nm\u0131\u015f motifler ve y\u00fckseltilmi\u015f boncuk unsurlar\u0131, a\u015f\u0131r\u0131 a\u011f\u0131rl\u0131k olmadan derinlik yaratmak i\u00e7in hassasiyetle uygulanm\u0131\u015ft\u0131r. S\u0131cak bir \u0131\u015f\u0131lt\u0131yla parlat\u0131lan bilezikler rahatl\u0131k, dayan\u0131kl\u0131l\u0131k ve g\u00fcnl\u00fck g\u00fcven i\u00e7in tasarlanm\u0131\u015ft\u0131r. Her bir par\u00e7a safl\u0131k sertifikas\u0131 i\u00e7in \u0130ngiltere'de damgalanm\u0131\u015ft\u0131r.<\/p>\n<p>\u015eekillendirme &amp; Hediyele\u015fme<\/p>\n<p>Eksiksiz bir ifade i\u00e7in bu \u00e7ifti birlikte tak\u0131n veya katmanl\u0131 bir g\u00f6r\u00fcn\u00fcm i\u00e7in d\u00fcz alt\u0131n bileziklerle kar\u0131\u015ft\u0131r\u0131n. D\u00fc\u011f\u00fcnler, festivaller ve anlaml\u0131 kutlamalar i\u00e7in ideal olan bu bilezikler ayn\u0131 zamanda zarif g\u00fcnl\u00fck giyime de g\u00fczel bir \u015fekilde uyum sa\u011flar. Y\u0131ld\u00f6n\u00fcmleri, d\u00f6n\u00fcm noktalar\u0131 veya gelin g\u00fcnleri i\u00e7in zamans\u0131z bir hediye olan bu bilezikler i\u015f\u00e7ili\u011fi, miras\u0131 ve ki\u015fisel yolculuklar\u0131 onurland\u0131r\u0131r.<\/p>","protected":false},"excerpt":{"rendered":"<ul>\n<li>Bir \u00e7ift 22 Ayar Alt\u0131n Jali Telkari Kada<\/li>\n<li>SKU. 26386<\/li>\n<li>Kada ba\u015f\u0131na a\u011f\u0131rl\u0131k 23,3 g<\/li>\n<li>Boyut: 2,5 in\u00e7 i\u00e7 \u00e7ap. Ek boyutlar i\u00e7in l\u00fctfen sorunuz<\/li>\n<li>T\u00fcm \u00fcr\u00fcnlerimiz London Assay Office taraf\u0131ndan damgalanm\u0131\u015ft\u0131r<\/li>\n<li>Sunum Kutusu ile Birlikte Gelir<\/li>\n<li>Teslimat Dahil<\/li>\n<li>T\u00fcm fiyatlara KDV dahildir<\/li>\n<li>\u00dcr\u00fcn\u00fcn canl\u0131 videosu i\u00e7in bize ula\u015f\u0131n \/ bizimle sohbet edin<\/li>\n<li><\/li>\n<\/ul>","protected":false},"featured_media":298356,"comment_status":"closed","ping_status":"closed","template":"","meta":{"_eb_attr":"","_crsspst_to_jayantr4sg-hostcom":true},"product_brand":[],"product_cat":[1659,252],"product_tag":[1514,1502,63,1521],"class_list":{"0":"post-298355","1":"product","2":"type-product","3":"status-publish","4":"has-post-thumbnail","6":"product_cat-bridal-and-party-wear-gold-kada-bangle","7":"product_cat-jali-collections","8":"product_tag-bangles","9":"product_tag-filigree","10":"product_tag-gold","11":"product_tag-kada","13":"first","14":"outofstock","15":"featured","16":"taxable","17":"shipping-taxable","18":"product-type-simple","19":"add-to-wishlist-before_image"},"yoast_head":"<!-- This site is optimized with the Yoast SEO plugin v27.3 - https:\/\/yoast.com\/product\/yoast-seo-wordpress\/ -->\n<title>22ct Gold Ornate Beaded Bangles \u2013 Pair | PureJewels UK<\/title>\n<meta name=\"description\" content=\"Shop the 22ct Gold Ornate Beaded Bangles from PureJewels UK. Featuring intricate bead detailing and handcrafted texture, this elegant pair celebrates heritage craftsmanship in radiant gold.\" \/>\n<meta name=\"robots\" content=\"index, follow, max-snippet:-1, max-image-preview:large, max-video-preview:-1\" \/>\n<link rel=\"canonical\" href=\"https:\/\/www.purejewels.com\/tr\/urun\/22-ayar-altin-jali-bilezikler-3\/\" \/>\n<meta property=\"og:locale\" content=\"tr_TR\" \/>\n<meta property=\"og:type\" content=\"article\" \/>\n<meta property=\"og:title\" content=\"22ct Gold Ornate Beaded Bangles \u2013 Pair | PureJewels UK\" \/>\n<meta property=\"og:description\" content=\"Shop the 22ct Gold Ornate Beaded Bangles from PureJewels UK. Featuring intricate bead detailing and handcrafted texture, this elegant pair celebrates heritage craftsmanship in radiant gold.\" \/>\n<meta property=\"og:url\" content=\"https:\/\/www.purejewels.com\/tr\/urun\/22-ayar-altin-jali-bilezikler-3\/\" \/>\n<meta property=\"og:site_name\" content=\"PureJewels UK\" \/>\n<meta property=\"article:modified_time\" content=\"2026-01-22T13:04:36+00:00\" \/>\n<meta property=\"og:image\" content=\"https:\/\/static.purejewels.com\/wp-content\/uploads\/2018\/01\/26386_26387.png\" \/>\n\t<meta property=\"og:image:width\" content=\"1000\" \/>\n\t<meta property=\"og:image:height\" content=\"1000\" \/>\n\t<meta property=\"og:image:type\" content=\"image\/png\" \/>\n<meta name=\"twitter:card\" content=\"summary_large_image\" \/>\n<meta name=\"twitter:label1\" content=\"Tahmini okuma s\u00fcresi\" \/>\n\t<meta name=\"twitter:data1\" content=\"1 dakika\" \/>\n<script type=\"application\/ld+json\" class=\"yoast-schema-graph\">{\"@context\":\"https:\\\/\\\/schema.org\",\"@graph\":[{\"@type\":[\"WebPage\",\"ItemPage\"],\"@id\":\"https:\\\/\\\/www.purejewels.com\\\/product\\\/22ct-gold-jali-bangles-3\\\/\",\"url\":\"https:\\\/\\\/www.purejewels.com\\\/product\\\/22ct-gold-jali-bangles-3\\\/\",\"name\":\"22ct Gold Ornate Beaded Bangles \u2013 Pair | PureJewels UK\",\"isPartOf\":{\"@id\":\"https:\\\/\\\/www.purejewels.com\\\/#website\"},\"primaryImageOfPage\":{\"@id\":\"https:\\\/\\\/www.purejewels.com\\\/product\\\/22ct-gold-jali-bangles-3\\\/#primaryimage\"},\"image\":{\"@id\":\"https:\\\/\\\/www.purejewels.com\\\/product\\\/22ct-gold-jali-bangles-3\\\/#primaryimage\"},\"thumbnailUrl\":\"https:\\\/\\\/static.purejewels.com\\\/wp-content\\\/uploads\\\/2018\\\/01\\\/26386_26387.png\",\"datePublished\":\"2018-01-07T13:05:31+00:00\",\"dateModified\":\"2026-01-22T13:04:36+00:00\",\"description\":\"Shop the 22ct Gold Ornate Beaded Bangles from PureJewels UK. Featuring intricate bead detailing and handcrafted texture, this elegant pair celebrates heritage craftsmanship in radiant gold.\",\"breadcrumb\":{\"@id\":\"https:\\\/\\\/www.purejewels.com\\\/product\\\/22ct-gold-jali-bangles-3\\\/#breadcrumb\"},\"inLanguage\":\"tr\",\"potentialAction\":[{\"@type\":\"ReadAction\",\"target\":[\"https:\\\/\\\/www.purejewels.com\\\/product\\\/22ct-gold-jali-bangles-3\\\/\"]}]},{\"@type\":\"ImageObject\",\"inLanguage\":\"tr\",\"@id\":\"https:\\\/\\\/www.purejewels.com\\\/product\\\/22ct-gold-jali-bangles-3\\\/#primaryimage\",\"url\":\"https:\\\/\\\/static.purejewels.com\\\/wp-content\\\/uploads\\\/2018\\\/01\\\/26386_26387.png\",\"contentUrl\":\"https:\\\/\\\/static.purejewels.com\\\/wp-content\\\/uploads\\\/2018\\\/01\\\/26386_26387.png\",\"width\":1000,\"height\":1000,\"caption\":\"26386_26387 22ct gold bangles\"},{\"@type\":\"BreadcrumbList\",\"@id\":\"https:\\\/\\\/www.purejewels.com\\\/product\\\/22ct-gold-jali-bangles-3\\\/#breadcrumb\",\"itemListElement\":[{\"@type\":\"ListItem\",\"position\":1,\"name\":\"Home\",\"item\":\"https:\\\/\\\/www.purejewels.com\\\/\"},{\"@type\":\"ListItem\",\"position\":2,\"name\":\"Shop\",\"item\":\"https:\\\/\\\/www.purejewels.com\\\/shop\\\/\"},{\"@type\":\"ListItem\",\"position\":3,\"name\":\"22ct Gold Ornate Beaded Jali Bangles\"}]},{\"@type\":\"WebSite\",\"@id\":\"https:\\\/\\\/www.purejewels.com\\\/#website\",\"url\":\"https:\\\/\\\/www.purejewels.com\\\/\",\"name\":\"PureJewels UK\",\"description\":\"Share the Love\",\"publisher\":{\"@id\":\"https:\\\/\\\/www.purejewels.com\\\/#organization\"},\"potentialAction\":[{\"@type\":\"SearchAction\",\"target\":{\"@type\":\"EntryPoint\",\"urlTemplate\":\"https:\\\/\\\/www.purejewels.com\\\/?s={search_term_string}\"},\"query-input\":{\"@type\":\"PropertyValueSpecification\",\"valueRequired\":true,\"valueName\":\"search_term_string\"}}],\"inLanguage\":\"tr\"},{\"@type\":\"Organization\",\"@id\":\"https:\\\/\\\/www.purejewels.com\\\/#organization\",\"name\":\"PureJewels UK\",\"url\":\"https:\\\/\\\/www.purejewels.com\\\/\",\"logo\":{\"@type\":\"ImageObject\",\"inLanguage\":\"tr\",\"@id\":\"https:\\\/\\\/www.purejewels.com\\\/#\\\/schema\\\/logo\\\/image\\\/\",\"url\":\"https:\\\/\\\/static.purejewels.com\\\/wp-content\\\/uploads\\\/2020\\\/11\\\/Logo-PJ-New-1.png\",\"contentUrl\":\"https:\\\/\\\/static.purejewels.com\\\/wp-content\\\/uploads\\\/2020\\\/11\\\/Logo-PJ-New-1.png\",\"width\":150,\"height\":80,\"caption\":\"PureJewels UK\"},\"image\":{\"@id\":\"https:\\\/\\\/www.purejewels.com\\\/#\\\/schema\\\/logo\\\/image\\\/\"}}]}<\/script>\n<!-- \/ Yoast SEO plugin. -->","yoast_head_json":{"title":"22 Ayar Alt\u0131n S\u00fcsl\u00fc Boncuklu Bileklik - \u00c7ift | PureJewels UK","description":"PureJewels UK'den 22 Ayar Alt\u0131n S\u00fcsl\u00fc Boncuklu Bileklikleri sat\u0131n al\u0131n. Karma\u015f\u0131k boncuk detaylar\u0131na ve el yap\u0131m\u0131 dokuya sahip bu zarif \u00e7ift, \u0131\u015f\u0131lt\u0131l\u0131 alt\u0131n i\u015f\u00e7ili\u011finin miras\u0131n\u0131 kutluyor.","robots":{"index":"index","follow":"follow","max-snippet":"max-snippet:-1","max-image-preview":"max-image-preview:large","max-video-preview":"max-video-preview:-1"},"canonical":"https:\/\/www.purejewels.com\/tr\/urun\/22-ayar-altin-jali-bilezikler-3\/","og_locale":"tr_TR","og_type":"article","og_title":"22ct Gold Ornate Beaded Bangles \u2013 Pair | PureJewels UK","og_description":"Shop the 22ct Gold Ornate Beaded Bangles from PureJewels UK. Featuring intricate bead detailing and handcrafted texture, this elegant pair celebrates heritage craftsmanship in radiant gold.","og_url":"https:\/\/www.purejewels.com\/tr\/urun\/22-ayar-altin-jali-bilezikler-3\/","og_site_name":"PureJewels UK","article_modified_time":"2026-01-22T13:04:36+00:00","og_image":[{"width":1000,"height":1000,"url":"https:\/\/static.purejewels.com\/wp-content\/uploads\/2018\/01\/26386_26387.png","type":"image\/png"}],"twitter_card":"summary_large_image","twitter_misc":{"Tahmini okuma s\u00fcresi":"1 dakika"},"schema":{"@context":"https:\/\/schema.org","@graph":[{"@type":["WebPage","ItemPage"],"@id":"https:\/\/www.purejewels.com\/product\/22ct-gold-jali-bangles-3\/","url":"https:\/\/www.purejewels.com\/product\/22ct-gold-jali-bangles-3\/","name":"22 Ayar Alt\u0131n S\u00fcsl\u00fc Boncuklu Bileklik - \u00c7ift | PureJewels UK","isPartOf":{"@id":"https:\/\/www.purejewels.com\/#website"},"primaryImageOfPage":{"@id":"https:\/\/www.purejewels.com\/product\/22ct-gold-jali-bangles-3\/#primaryimage"},"image":{"@id":"https:\/\/www.purejewels.com\/product\/22ct-gold-jali-bangles-3\/#primaryimage"},"thumbnailUrl":"https:\/\/static.purejewels.com\/wp-content\/uploads\/2018\/01\/26386_26387.png","datePublished":"2018-01-07T13:05:31+00:00","dateModified":"2026-01-22T13:04:36+00:00","description":"PureJewels UK'den 22 Ayar Alt\u0131n S\u00fcsl\u00fc Boncuklu Bileklikleri sat\u0131n al\u0131n. Karma\u015f\u0131k boncuk detaylar\u0131na ve el yap\u0131m\u0131 dokuya sahip bu zarif \u00e7ift, \u0131\u015f\u0131lt\u0131l\u0131 alt\u0131n i\u015f\u00e7ili\u011finin miras\u0131n\u0131 kutluyor.","breadcrumb":{"@id":"https:\/\/www.purejewels.com\/product\/22ct-gold-jali-bangles-3\/#breadcrumb"},"inLanguage":"tr","potentialAction":[{"@type":"ReadAction","target":["https:\/\/www.purejewels.com\/product\/22ct-gold-jali-bangles-3\/"]}]},{"@type":"ImageObject","inLanguage":"tr","@id":"https:\/\/www.purejewels.com\/product\/22ct-gold-jali-bangles-3\/#primaryimage","url":"https:\/\/static.purejewels.com\/wp-content\/uploads\/2018\/01\/26386_26387.png","contentUrl":"https:\/\/static.purejewels.com\/wp-content\/uploads\/2018\/01\/26386_26387.png","width":1000,"height":1000,"caption":"26386_26387 22ct gold bangles"},{"@type":"BreadcrumbList","@id":"https:\/\/www.purejewels.com\/product\/22ct-gold-jali-bangles-3\/#breadcrumb","itemListElement":[{"@type":"ListItem","position":1,"name":"Home","item":"https:\/\/www.purejewels.com\/"},{"@type":"ListItem","position":2,"name":"Shop","item":"https:\/\/www.purejewels.com\/shop\/"},{"@type":"ListItem","position":3,"name":"22ct Gold Ornate Beaded Jali Bangles"}]},{"@type":"WebSite","@id":"https:\/\/www.purejewels.com\/#website","url":"https:\/\/www.purejewels.com\/","name":"PureJewels \u0130ngiltere","description":"Sevgiyi Payla\u015f\u0131n","publisher":{"@id":"https:\/\/www.purejewels.com\/#organization"},"potentialAction":[{"@type":"SearchAction","target":{"@type":"EntryPoint","urlTemplate":"https:\/\/www.purejewels.com\/?s={search_term_string}"},"query-input":{"@type":"PropertyValueSpecification","valueRequired":true,"valueName":"search_term_string"}}],"inLanguage":"tr"},{"@type":"Organization","@id":"https:\/\/www.purejewels.com\/#organization","name":"PureJewels \u0130ngiltere","url":"https:\/\/www.purejewels.com\/","logo":{"@type":"ImageObject","inLanguage":"tr","@id":"https:\/\/www.purejewels.com\/#\/schema\/logo\/image\/","url":"https:\/\/static.purejewels.com\/wp-content\/uploads\/2020\/11\/Logo-PJ-New-1.png","contentUrl":"https:\/\/static.purejewels.com\/wp-content\/uploads\/2020\/11\/Logo-PJ-New-1.png","width":150,"height":80,"caption":"PureJewels UK"},"image":{"@id":"https:\/\/www.purejewels.com\/#\/schema\/logo\/image\/"}}]}},"_links":{"self":[{"href":"https:\/\/www.purejewels.com\/tr\/wp-json\/wp\/v2\/product\/298355","targetHints":{"allow":["GET"]}}],"collection":[{"href":"https:\/\/www.purejewels.com\/tr\/wp-json\/wp\/v2\/product"}],"about":[{"href":"https:\/\/www.purejewels.com\/tr\/wp-json\/wp\/v2\/types\/product"}],"replies":[{"embeddable":true,"href":"https:\/\/www.purejewels.com\/tr\/wp-json\/wp\/v2\/comments?post=298355"}],"version-history":[{"count":3,"href":"https:\/\/www.purejewels.com\/tr\/wp-json\/wp\/v2\/product\/298355\/revisions"}],"predecessor-version":[{"id":425129,"href":"https:\/\/www.purejewels.com\/tr\/wp-json\/wp\/v2\/product\/298355\/revisions\/425129"}],"wp:featuredmedia":[{"embeddable":true,"href":"https:\/\/www.purejewels.com\/tr\/wp-json\/wp\/v2\/media\/298356"}],"wp:attachment":[{"href":"https:\/\/www.purejewels.com\/tr\/wp-json\/wp\/v2\/media?parent=298355"}],"wp:term":[{"taxonomy":"product_brand","embeddable":true,"href":"https:\/\/www.purejewels.com\/tr\/wp-json\/wp\/v2\/product_brand?post=298355"},{"taxonomy":"product_cat","embeddable":true,"href":"https:\/\/www.purejewels.com\/tr\/wp-json\/wp\/v2\/product_cat?post=298355"},{"taxonomy":"product_tag","embeddable":true,"href":"https:\/\/www.purejewels.com\/tr\/wp-json\/wp\/v2\/product_tag?post=298355"}],"curies":[{"name":"wp","href":"https:\/\/api.w.org\/{rel}","templated":true}]}}