{"id":298492,"date":"2018-01-26T15:01:59","date_gmt":"2018-01-26T15:01:59","guid":{"rendered":"https:\/\/www.purejewels.com\/product\/22ct-gold-foxtail-chain-3\/"},"modified":"2023-01-30T09:03:34","modified_gmt":"2023-01-30T09:03:34","slug":"22-ayar-altin-tilki-kuyrugu-zincir-28937","status":"publish","type":"product","link":"https:\/\/www.purejewels.com\/tr\/product\/22ct-gold-foxtail-chain-28937\/","title":{"rendered":"22 Ayar Alt\u0131n Tilki Kuyru\u011fu Zincir 20 \u0130n\u00e7"},"content":{"rendered":"<p>[vc_row][vc_column][vc_column_text]<\/p>\n<h3>Inspiration<\/h3>\n<p>This 22K <a href=\"https:\/\/www.purejewels.com\/tr\/product\/22ct-gold-foxtail-chain-33895\/\">Gold foxtail chain<\/a> has been dynamically crafted in a way that looks great on both men and women, inspired by today&#8217;s basic living culture.<\/p>\n<h3>Style<\/h3>\n<p>You may run out of present ideas or be running late, but you still want to give something exquisite, personal, and unique. Isn&#8217;t this just &#8220;the perfect something&#8221;?<\/p>\n<p>Our foxtail gold chain has been painstakingly handcrafted to perfection and may be worn alone to create a minimalist aesthetic. It can, however, be layered with other wonderful <a href=\"https:\/\/www.purejewels.com\/tr\/product-category\/22ct-gold-jewellery\/gold-chains\/\">chains<\/a> from our collection.<\/p>\n<h3>Design<\/h3>\n<p>Our exquisite 22K foxtail chain has been deliberately designed to fit various neck sizes, making it incredibly simple to find the perfect fit for you and your loved ones. This Foxtail chain is immensely intricate and is a result of superior design, precision and patience. The gold foxtail chain has been handcrafted in India by our dedicated master craftsmen as they delicately link two rows of chains together.[\/vc_column_text][\/vc_column][\/vc_row]<\/p>\n","protected":false},"excerpt":{"rendered":"<p>Bir erke\u011fe, kad\u0131na, gence, teyzeye veya anneye al\u0131nacak m\u00fckemmel hediyeyi merak ediyorsan\u0131z... neredeyse her zaman budur.  22 ayar alt\u0131ndan g\u00fczel bir \u015fekilde \u00fcretilen Tilki Kuyru\u011fu alt\u0131n zincirimiz, tatmin edici bir a\u011f\u0131rl\u0131\u011fa sahip ince, \u0131\u015f\u0131lt\u0131l\u0131 bir kurdeledir.  Tek ba\u015f\u0131na, bir bluzun veya g\u00f6mle\u011fin alt\u0131na zarif bir \u015fekilde tak\u0131labilir veya 22 ayar alt\u0131n bir kolye ucuyla as\u0131labilir.  Hatta farkl\u0131 uzunluklardaki kolyelerle - en \u015f\u0131k \u015fekilde - katmanland\u0131r\u0131labilir.  22 ayar alt\u0131n olan Tilki Kuyru\u011fu zinciriniz m\u00fckemmel bir yat\u0131r\u0131md\u0131r ve iyi kullan\u0131ld\u0131\u011f\u0131nda \u00f6m\u00fcr boyu dayan\u0131r - bu s\u00fcre zarf\u0131nda b\u00fcy\u00fck keyif verecektir.  *Not: Uzunlu\u011funuzu dikkatlice se\u00e7in.  \u0130nce boyunlu gen\u00e7 bir kad\u0131n i\u00e7in 16 in\u00e7lik bir zincir idealken, bir erke\u011fin \u00e7ok daha uzun bir zincire ihtiyac\u0131 olacakt\u0131r; ayr\u0131ca dikkate al\u0131nmas\u0131 gereken ki\u015fisel tercihler de vard\u0131r.  Zincirleri iade edebiliyor olsak da, sat\u0131n almadan \u00f6nce \u00f6l\u00e7mek her zaman daha kolayd\u0131r.  Tavsiye i\u00e7in Canl\u0131 Sohbet'te bize sorun.<\/p>\n<ul>\n<li>22 Ayar Alt\u0131n Tilki Kuyru\u011fu Zincir<\/li>\n<li>A\u011f\u0131rl\u0131k 4.7 g<\/li>\n<li>Uzunluk: 20\u2033 in\u00e7<\/li>\n<li>SKU 28937<\/li>\n<li>T\u00fcm fiyatlara KDV dahildir<\/li>\n<li>Londra Tahlil Ofisi Taraf\u0131ndan Damgalanm\u0131\u015f 22 Ayar Alt\u0131n<\/li>\n<li>Sunum Kutusu ile Birlikte Gelir<\/li>\n<li>Teslimat Dahil<\/li>\n<li>Stok durumu ve stokta bulunan benzer tasar\u0131mlar\u0131n daha fazla g\u00f6r\u00fcnt\u00fcs\u00fc i\u00e7in bizimle canl\u0131 sohbet edin<\/li>\n<\/ul>\n<p>&nbsp;<\/p>\n<p><strong>22 Ayar Alt\u0131n Tilki Kuyru\u011fu Zincir<br \/>\n<\/strong>22 ayar alt\u0131n Tilki Kuyru\u011fu zincirimiz, kalbinizin \u00fczerine kurulabilece\u011fi farkl\u0131 bir zincir tarz\u0131d\u0131r.  Baklalar, ak\u0131\u015fkan bir \u0131\u015f\u0131lt\u0131yla dalgalanan bir \u015ferit efekti vermek i\u00e7in s\u0131k\u0131ca ayarlanm\u0131\u015ft\u0131r.  Her alt\u0131n zincirde oldu\u011fu gibi, Alt\u0131n Tilki Kuyru\u011fu zincirinize bir kolye ucu ekleyebilir ya da sadece teninize takabilirsiniz.<\/p>\n<p><strong>E\u011fer Foxtail alt\u0131n zinciri de\u011filse.<\/strong><br \/>\nO halde Alt\u0131n Zincir koleksiyonumuzda \u00e7ok say\u0131da alternatifimiz var.  Hala se\u00e7im yap\u0131yorsan\u0131z, belki de Alt\u0131n Bord\u00fcr zincirimize (baklalar aras\u0131nda daha fazla bo\u015fluk olan) veya Alt\u0131n Fantezi zincirimize (daha a\u011f\u0131r ve daha l\u00fcks) bakabilirsiniz.  \u0130stedi\u011finiz stili veya uzunlu\u011fu g\u00f6remiyorsan\u0131z, sipari\u015f edilip edilemeyece\u011fini \u00f6\u011frenmek i\u00e7in Canl\u0131 Sohbet'i kullan\u0131n.  (Genellikle sipari\u015f edilebilir.) Fiyatlara teslimat ve hediye kutusu dahildir.<\/p>\n<p>&nbsp;<\/p>","protected":false},"featured_media":304668,"comment_status":"closed","ping_status":"closed","template":"","meta":{"_eb_attr":"","_crsspst_to_jayantr4sg-hostcom":false},"product_brand":[],"product_cat":[1773,1774],"product_tag":[],"class_list":{"0":"post-298492","1":"product","2":"type-product","3":"status-publish","4":"has-post-thumbnail","6":"product_cat-ladies-chains","7":"product_cat-mens-chains","9":"first","10":"outofstock","11":"taxable","12":"shipping-taxable","13":"product-type-simple","14":"add-to-wishlist-before_image"},"yoast_head":"<!-- This site is optimized with the Yoast SEO plugin v27.3 - https:\/\/yoast.com\/product\/yoast-seo-wordpress\/ -->\n<title>22ct Gold Foxtail Chain 20 Inches - PureJewels UK<\/title>\n<meta name=\"robots\" content=\"index, follow, max-snippet:-1, max-image-preview:large, max-video-preview:-1\" \/>\n<link rel=\"canonical\" href=\"https:\/\/www.purejewels.com\/tr\/urun\/22-ayar-altin-tilki-kuyrugu-zincir-28937\/\" \/>\n<meta property=\"og:locale\" content=\"tr_TR\" \/>\n<meta property=\"og:type\" content=\"article\" \/>\n<meta property=\"og:title\" content=\"22ct Gold Foxtail Chain 20 Inches - PureJewels UK\" \/>\n<meta property=\"og:description\" content=\"If ever you\u2019re wondering about the perfect gift to buy for a man, woman, teenager, auntie, or mother\u2026 it\u2019s almost always this.\u00a0 Beautifully made in 22ct gold, our Foxtail gold chain is a slender, shimmering ribbon with a satisfying weight.\u00a0 It can be worn alone, elegant beneath a blouse or shirt, or it can be strung with a 22ct gold pendant.\u00a0 It can even be layered up \u2013 most fashionably \u2013 with necklaces in different lengths.\u00a0 Being 22ct gold, your Foxtail chain is an excellent investment and, treated well, will last for a lifetime \u2013 during which it will provide a great deal of enjoyment.\u00a0 *Note:\u00a0 Choose your length carefully.\u00a0 A 16\u201d chain is ideal for a young woman with a fine neck, while a man will need a considerably longer chain; and there\u2019s also personal preference to consider.\u00a0 While we are able to return chains, it is always simpler to measure before buying.\u00a0 For advice, ask us on Live Chat.   22ct Gold Foxtail Chain  Wt. 4.7 g  Length : 20\u2033 inches  SKU 28937  All prices include VAT  22ct Gold\u00a0Hallmarked by London Assay Office  Comes With Presentation Box  Delivery Included  Live chat with us for availability and more images of similar designs currently in stock  &nbsp;  22ct Gold Foxtail Chain Our 22ct gold Foxtail chain is a distinctive style of chain that your heart may be set on.\u00a0 The links are closely set to give a rippling ribbon effect, with a fluid shimmer.\u00a0 Just like any gold chain, you can add a pendant to your Gold Foxtail chain\u2026 or wear it simply against your skin \u2013 it\u2019s bound to become a favourite.  If not a Foxtail gold chain\u2026 Then we have a number of alternatives over in our Gold Chain collection.\u00a0 If you\u2019re still choosing, perhaps look at our Gold Curb chain (with more space between the links) or a Gold Fancy chain (heavier and more luxurious).\u00a0 And if you don\u2019t see the style or length that you want, use Live Chat to find out if it can be ordered.\u00a0 (It usually can.)\u00a0 Prices include delivery and gift box.  &nbsp;\" \/>\n<meta property=\"og:url\" content=\"https:\/\/www.purejewels.com\/tr\/urun\/22-ayar-altin-tilki-kuyrugu-zincir-28937\/\" \/>\n<meta property=\"og:site_name\" content=\"PureJewels UK\" \/>\n<meta property=\"article:modified_time\" content=\"2023-01-30T09:03:34+00:00\" \/>\n<meta property=\"og:image\" content=\"https:\/\/www.purejewels.com\/wp-content\/uploads\/2018\/01\/26412_11.png\" \/>\n\t<meta property=\"og:image:width\" content=\"1000\" \/>\n\t<meta property=\"og:image:height\" content=\"1000\" \/>\n\t<meta property=\"og:image:type\" content=\"image\/png\" \/>\n<meta name=\"twitter:card\" content=\"summary_large_image\" \/>\n<meta name=\"twitter:label1\" content=\"Tahmini okuma s\u00fcresi\" \/>\n\t<meta name=\"twitter:data1\" content=\"1 dakika\" \/>\n<script type=\"application\/ld+json\" class=\"yoast-schema-graph\">{\"@context\":\"https:\\\/\\\/schema.org\",\"@graph\":[{\"@type\":[\"WebPage\",\"ItemPage\"],\"@id\":\"https:\\\/\\\/www.purejewels.com\\\/product\\\/22ct-gold-foxtail-chain-28937\\\/\",\"url\":\"https:\\\/\\\/www.purejewels.com\\\/product\\\/22ct-gold-foxtail-chain-28937\\\/\",\"name\":\"22ct Gold Foxtail Chain 20 Inches - PureJewels UK\",\"isPartOf\":{\"@id\":\"https:\\\/\\\/www.purejewels.com\\\/#website\"},\"primaryImageOfPage\":{\"@id\":\"https:\\\/\\\/www.purejewels.com\\\/product\\\/22ct-gold-foxtail-chain-28937\\\/#primaryimage\"},\"image\":{\"@id\":\"https:\\\/\\\/www.purejewels.com\\\/product\\\/22ct-gold-foxtail-chain-28937\\\/#primaryimage\"},\"thumbnailUrl\":\"https:\\\/\\\/static.purejewels.com\\\/wp-content\\\/uploads\\\/2018\\\/01\\\/26412_11.png\",\"datePublished\":\"2018-01-26T15:01:59+00:00\",\"dateModified\":\"2023-01-30T09:03:34+00:00\",\"breadcrumb\":{\"@id\":\"https:\\\/\\\/www.purejewels.com\\\/product\\\/22ct-gold-foxtail-chain-28937\\\/#breadcrumb\"},\"inLanguage\":\"tr\",\"potentialAction\":[{\"@type\":\"ReadAction\",\"target\":[\"https:\\\/\\\/www.purejewels.com\\\/product\\\/22ct-gold-foxtail-chain-28937\\\/\"]}]},{\"@type\":\"ImageObject\",\"inLanguage\":\"tr\",\"@id\":\"https:\\\/\\\/www.purejewels.com\\\/product\\\/22ct-gold-foxtail-chain-28937\\\/#primaryimage\",\"url\":\"https:\\\/\\\/static.purejewels.com\\\/wp-content\\\/uploads\\\/2018\\\/01\\\/26412_11.png\",\"contentUrl\":\"https:\\\/\\\/static.purejewels.com\\\/wp-content\\\/uploads\\\/2018\\\/01\\\/26412_11.png\",\"width\":1000,\"height\":1000,\"caption\":\"26412_11\"},{\"@type\":\"BreadcrumbList\",\"@id\":\"https:\\\/\\\/www.purejewels.com\\\/product\\\/22ct-gold-foxtail-chain-28937\\\/#breadcrumb\",\"itemListElement\":[{\"@type\":\"ListItem\",\"position\":1,\"name\":\"Home\",\"item\":\"https:\\\/\\\/www.purejewels.com\\\/\"},{\"@type\":\"ListItem\",\"position\":2,\"name\":\"Shop\",\"item\":\"https:\\\/\\\/www.purejewels.com\\\/shop\\\/\"},{\"@type\":\"ListItem\",\"position\":3,\"name\":\"22ct Gold Foxtail Chain 20 Inches\"}]},{\"@type\":\"WebSite\",\"@id\":\"https:\\\/\\\/www.purejewels.com\\\/#website\",\"url\":\"https:\\\/\\\/www.purejewels.com\\\/\",\"name\":\"PureJewels UK\",\"description\":\"Share the Love\",\"publisher\":{\"@id\":\"https:\\\/\\\/www.purejewels.com\\\/#organization\"},\"potentialAction\":[{\"@type\":\"SearchAction\",\"target\":{\"@type\":\"EntryPoint\",\"urlTemplate\":\"https:\\\/\\\/www.purejewels.com\\\/?s={search_term_string}\"},\"query-input\":{\"@type\":\"PropertyValueSpecification\",\"valueRequired\":true,\"valueName\":\"search_term_string\"}}],\"inLanguage\":\"tr\"},{\"@type\":\"Organization\",\"@id\":\"https:\\\/\\\/www.purejewels.com\\\/#organization\",\"name\":\"PureJewels UK\",\"url\":\"https:\\\/\\\/www.purejewels.com\\\/\",\"logo\":{\"@type\":\"ImageObject\",\"inLanguage\":\"tr\",\"@id\":\"https:\\\/\\\/www.purejewels.com\\\/#\\\/schema\\\/logo\\\/image\\\/\",\"url\":\"https:\\\/\\\/static.purejewels.com\\\/wp-content\\\/uploads\\\/2020\\\/11\\\/Logo-PJ-New-1.png\",\"contentUrl\":\"https:\\\/\\\/static.purejewels.com\\\/wp-content\\\/uploads\\\/2020\\\/11\\\/Logo-PJ-New-1.png\",\"width\":150,\"height\":80,\"caption\":\"PureJewels UK\"},\"image\":{\"@id\":\"https:\\\/\\\/www.purejewels.com\\\/#\\\/schema\\\/logo\\\/image\\\/\"}}]}<\/script>\n<!-- \/ Yoast SEO plugin. -->","yoast_head_json":{"title":"22 Ayar Alt\u0131n Tilki Kuyru\u011fu Zincir 20 \u0130n\u00e7 - PureJewels UK","robots":{"index":"index","follow":"follow","max-snippet":"max-snippet:-1","max-image-preview":"max-image-preview:large","max-video-preview":"max-video-preview:-1"},"canonical":"https:\/\/www.purejewels.com\/tr\/urun\/22-ayar-altin-tilki-kuyrugu-zincir-28937\/","og_locale":"tr_TR","og_type":"article","og_title":"22ct Gold Foxtail Chain 20 Inches - PureJewels UK","og_description":"If ever you\u2019re wondering about the perfect gift to buy for a man, woman, teenager, auntie, or mother\u2026 it\u2019s almost always this.\u00a0 Beautifully made in 22ct gold, our Foxtail gold chain is a slender, shimmering ribbon with a satisfying weight.\u00a0 It can be worn alone, elegant beneath a blouse or shirt, or it can be strung with a 22ct gold pendant.\u00a0 It can even be layered up \u2013 most fashionably \u2013 with necklaces in different lengths.\u00a0 Being 22ct gold, your Foxtail chain is an excellent investment and, treated well, will last for a lifetime \u2013 during which it will provide a great deal of enjoyment.\u00a0 *Note:\u00a0 Choose your length carefully.\u00a0 A 16\u201d chain is ideal for a young woman with a fine neck, while a man will need a considerably longer chain; and there\u2019s also personal preference to consider.\u00a0 While we are able to return chains, it is always simpler to measure before buying.\u00a0 For advice, ask us on Live Chat.   22ct Gold Foxtail Chain  Wt. 4.7 g  Length : 20\u2033 inches  SKU 28937  All prices include VAT  22ct Gold\u00a0Hallmarked by London Assay Office  Comes With Presentation Box  Delivery Included  Live chat with us for availability and more images of similar designs currently in stock  &nbsp;  22ct Gold Foxtail Chain Our 22ct gold Foxtail chain is a distinctive style of chain that your heart may be set on.\u00a0 The links are closely set to give a rippling ribbon effect, with a fluid shimmer.\u00a0 Just like any gold chain, you can add a pendant to your Gold Foxtail chain\u2026 or wear it simply against your skin \u2013 it\u2019s bound to become a favourite.  If not a Foxtail gold chain\u2026 Then we have a number of alternatives over in our Gold Chain collection.\u00a0 If you\u2019re still choosing, perhaps look at our Gold Curb chain (with more space between the links) or a Gold Fancy chain (heavier and more luxurious).\u00a0 And if you don\u2019t see the style or length that you want, use Live Chat to find out if it can be ordered.\u00a0 (It usually can.)\u00a0 Prices include delivery and gift box.  &nbsp;","og_url":"https:\/\/www.purejewels.com\/tr\/urun\/22-ayar-altin-tilki-kuyrugu-zincir-28937\/","og_site_name":"PureJewels UK","article_modified_time":"2023-01-30T09:03:34+00:00","og_image":[{"width":1000,"height":1000,"url":"https:\/\/www.purejewels.com\/wp-content\/uploads\/2018\/01\/26412_11.png","type":"image\/png"}],"twitter_card":"summary_large_image","twitter_misc":{"Tahmini okuma s\u00fcresi":"1 dakika"},"schema":{"@context":"https:\/\/schema.org","@graph":[{"@type":["WebPage","ItemPage"],"@id":"https:\/\/www.purejewels.com\/product\/22ct-gold-foxtail-chain-28937\/","url":"https:\/\/www.purejewels.com\/product\/22ct-gold-foxtail-chain-28937\/","name":"22 Ayar Alt\u0131n Tilki Kuyru\u011fu Zincir 20 \u0130n\u00e7 - PureJewels UK","isPartOf":{"@id":"https:\/\/www.purejewels.com\/#website"},"primaryImageOfPage":{"@id":"https:\/\/www.purejewels.com\/product\/22ct-gold-foxtail-chain-28937\/#primaryimage"},"image":{"@id":"https:\/\/www.purejewels.com\/product\/22ct-gold-foxtail-chain-28937\/#primaryimage"},"thumbnailUrl":"https:\/\/static.purejewels.com\/wp-content\/uploads\/2018\/01\/26412_11.png","datePublished":"2018-01-26T15:01:59+00:00","dateModified":"2023-01-30T09:03:34+00:00","breadcrumb":{"@id":"https:\/\/www.purejewels.com\/product\/22ct-gold-foxtail-chain-28937\/#breadcrumb"},"inLanguage":"tr","potentialAction":[{"@type":"ReadAction","target":["https:\/\/www.purejewels.com\/product\/22ct-gold-foxtail-chain-28937\/"]}]},{"@type":"ImageObject","inLanguage":"tr","@id":"https:\/\/www.purejewels.com\/product\/22ct-gold-foxtail-chain-28937\/#primaryimage","url":"https:\/\/static.purejewels.com\/wp-content\/uploads\/2018\/01\/26412_11.png","contentUrl":"https:\/\/static.purejewels.com\/wp-content\/uploads\/2018\/01\/26412_11.png","width":1000,"height":1000,"caption":"26412_11"},{"@type":"BreadcrumbList","@id":"https:\/\/www.purejewels.com\/product\/22ct-gold-foxtail-chain-28937\/#breadcrumb","itemListElement":[{"@type":"ListItem","position":1,"name":"Home","item":"https:\/\/www.purejewels.com\/"},{"@type":"ListItem","position":2,"name":"Shop","item":"https:\/\/www.purejewels.com\/shop\/"},{"@type":"ListItem","position":3,"name":"22ct Gold Foxtail Chain 20 Inches"}]},{"@type":"WebSite","@id":"https:\/\/www.purejewels.com\/#website","url":"https:\/\/www.purejewels.com\/","name":"PureJewels \u0130ngiltere","description":"Sevgiyi Payla\u015f\u0131n","publisher":{"@id":"https:\/\/www.purejewels.com\/#organization"},"potentialAction":[{"@type":"SearchAction","target":{"@type":"EntryPoint","urlTemplate":"https:\/\/www.purejewels.com\/?s={search_term_string}"},"query-input":{"@type":"PropertyValueSpecification","valueRequired":true,"valueName":"search_term_string"}}],"inLanguage":"tr"},{"@type":"Organization","@id":"https:\/\/www.purejewels.com\/#organization","name":"PureJewels \u0130ngiltere","url":"https:\/\/www.purejewels.com\/","logo":{"@type":"ImageObject","inLanguage":"tr","@id":"https:\/\/www.purejewels.com\/#\/schema\/logo\/image\/","url":"https:\/\/static.purejewels.com\/wp-content\/uploads\/2020\/11\/Logo-PJ-New-1.png","contentUrl":"https:\/\/static.purejewels.com\/wp-content\/uploads\/2020\/11\/Logo-PJ-New-1.png","width":150,"height":80,"caption":"PureJewels UK"},"image":{"@id":"https:\/\/www.purejewels.com\/#\/schema\/logo\/image\/"}}]}},"_links":{"self":[{"href":"https:\/\/www.purejewels.com\/tr\/wp-json\/wp\/v2\/product\/298492","targetHints":{"allow":["GET"]}}],"collection":[{"href":"https:\/\/www.purejewels.com\/tr\/wp-json\/wp\/v2\/product"}],"about":[{"href":"https:\/\/www.purejewels.com\/tr\/wp-json\/wp\/v2\/types\/product"}],"replies":[{"embeddable":true,"href":"https:\/\/www.purejewels.com\/tr\/wp-json\/wp\/v2\/comments?post=298492"}],"version-history":[{"count":0,"href":"https:\/\/www.purejewels.com\/tr\/wp-json\/wp\/v2\/product\/298492\/revisions"}],"wp:featuredmedia":[{"embeddable":true,"href":"https:\/\/www.purejewels.com\/tr\/wp-json\/wp\/v2\/media\/304668"}],"wp:attachment":[{"href":"https:\/\/www.purejewels.com\/tr\/wp-json\/wp\/v2\/media?parent=298492"}],"wp:term":[{"taxonomy":"product_brand","embeddable":true,"href":"https:\/\/www.purejewels.com\/tr\/wp-json\/wp\/v2\/product_brand?post=298492"},{"taxonomy":"product_cat","embeddable":true,"href":"https:\/\/www.purejewels.com\/tr\/wp-json\/wp\/v2\/product_cat?post=298492"},{"taxonomy":"product_tag","embeddable":true,"href":"https:\/\/www.purejewels.com\/tr\/wp-json\/wp\/v2\/product_tag?post=298492"}],"curies":[{"name":"wp","href":"https:\/\/api.w.org\/{rel}","templated":true}]}}