{"id":298905,"date":"2018-02-16T15:17:02","date_gmt":"2018-02-16T15:17:02","guid":{"rendered":"https:\/\/www.purejewels.com\/product\/natural-white-gold-and-diamond-vinyasa-peacock-ring-med\/"},"modified":"2026-01-07T06:39:03","modified_gmt":"2026-01-07T06:39:03","slug":"dogal-beyaz-altin-ve-pirlanta-vinyasa-tavus-kusu-yuzuk-med","status":"publish","type":"product","link":"https:\/\/www.purejewels.com\/tr\/product\/natural-white-gold-and-diamond-vinyasa-peacock-ring-med\/","title":{"rendered":"Do\u011fal Beyaz Alt\u0131ndan Vinyasa Tavusku\u015fu Y\u00fcz\u00fck"},"content":{"rendered":"<p>SKU VINRNG001<\/p>","protected":false},"excerpt":{"rendered":"<p>G\u00fczelli\u011finizin parlamas\u0131na izin verin.  Kendini ifade etmenin bir simgesi olan tavus ku\u015fu, Tanr\u0131lar\u0131n g\u00f6zdesi olarak antik \u00e7a\u011flarda \u00f6nemli bir yere sahiptir.  Nazl\u0131 e\u011fik boynu ve par\u0131ldayan g\u00f6zleriyle bu y\u00fcz\u00fck kad\u0131ns\u0131 ve ba\u015ftan \u00e7\u0131kar\u0131c\u0131d\u0131r.  Zarif Beyaz Alt\u0131n, s\u0131cak Sar\u0131 Alt\u0131n veya romantik Pembe Alt\u0131n se\u00e7eneklerinden birini se\u00e7in.<\/p>\n<ul>\n<li>18 Ayar Alt\u0131n<\/li>\n<li>T\u00fcm fiyatlara KDV dahildir<\/li>\n<li>Londra Tahlil Ofisi Taraf\u0131ndan Damgalanm\u0131\u015f 18 Ayar Alt\u0131n<\/li>\n<li>Sunum Kutusu ile Birlikte Gelir<\/li>\n<li>Teslimat Dahil<\/li>\n<li>Stok durumu ve stokta bulunan benzer tasar\u0131mlar\u0131n daha fazla g\u00f6r\u00fcnt\u00fcs\u00fc i\u00e7in bizimle canl\u0131 sohbet edin<\/li>\n<\/ul>","protected":false},"featured_media":298894,"comment_status":"closed","ping_status":"closed","template":"","meta":{"_eb_attr":"","_crsspst_to_jayantr4sg-hostcom":false},"product_brand":[],"product_cat":[5679,1559,5457,5460,1783,1786,1569,1480,1573,5348,1574],"product_tag":[],"class_list":{"0":"post-298905","1":"product","2":"type-product","3":"status-publish","4":"has-post-thumbnail","6":"product_cat-18ct-gold-jewellery","7":"product_cat-birthday-gifts","8":"product_cat-diamond-jewellery","9":"product_cat-diamond-ring","10":"product_cat-ladies-rings","11":"product_cat-occasional-wear-rings","12":"product_cat-valentine-day-gifts","13":"product_cat-vinyasa-collections","14":"product_cat-wedding-gifts","15":"product_cat-white-gold-jewellery","16":"product_cat-womens-jewellery","18":"first","19":"outofstock","20":"featured","21":"taxable","22":"shipping-taxable","23":"product-type-simple","24":"add-to-wishlist-before_image"},"yoast_head":"<!-- This site is optimized with the Yoast SEO plugin v27.5 - https:\/\/yoast.com\/product\/yoast-seo-wordpress\/ -->\n<title>Vinyasa Peacock Ring in Natural White Gold | PureJewels<\/title>\n<meta name=\"description\" content=\"Let your beauty shine. \u00a0An emblem of self-expression, the peacock holds a place in ancient lore as a favourite of the Gods. Buy Vinyasa Ring.\" \/>\n<meta name=\"robots\" content=\"index, follow, max-snippet:-1, max-image-preview:large, max-video-preview:-1\" \/>\n<link rel=\"canonical\" href=\"https:\/\/www.purejewels.com\/tr\/urun\/dogal-beyaz-altin-ve-pirlanta-vinyasa-tavus-kusu-yuzuk-med\/\" \/>\n<meta property=\"og:locale\" content=\"tr_TR\" \/>\n<meta property=\"og:type\" content=\"article\" \/>\n<meta property=\"og:title\" content=\"Vinyasa Peacock Ring in Natural White Gold | PureJewels\" \/>\n<meta property=\"og:description\" content=\"Let your beauty shine. \u00a0An emblem of self-expression, the peacock holds a place in ancient lore as a favourite of the Gods. Buy Vinyasa Ring.\" \/>\n<meta property=\"og:url\" content=\"https:\/\/www.purejewels.com\/tr\/urun\/dogal-beyaz-altin-ve-pirlanta-vinyasa-tavus-kusu-yuzuk-med\/\" \/>\n<meta property=\"og:site_name\" content=\"PureJewels UK\" \/>\n<meta property=\"article:modified_time\" content=\"2026-01-07T06:39:03+00:00\" \/>\n<meta property=\"og:image\" content=\"https:\/\/www.purejewels.com\/wp-content\/uploads\/2018\/02\/Everyday-Peacock-Ring-1.png\" \/>\n\t<meta property=\"og:image:width\" content=\"2000\" \/>\n\t<meta property=\"og:image:height\" content=\"2000\" \/>\n\t<meta property=\"og:image:type\" content=\"image\/png\" \/>\n<meta name=\"twitter:card\" content=\"summary_large_image\" \/>\n<meta name=\"twitter:label1\" content=\"Tahmini okuma s\u00fcresi\" \/>\n\t<meta name=\"twitter:data1\" content=\"1 dakika\" \/>\n<script type=\"application\/ld+json\" class=\"yoast-schema-graph\">{\"@context\":\"https:\\\/\\\/schema.org\",\"@graph\":[{\"@type\":[\"WebPage\",\"ItemPage\"],\"@id\":\"https:\\\/\\\/www.purejewels.com\\\/product\\\/natural-white-gold-and-diamond-vinyasa-peacock-ring-med\\\/\",\"url\":\"https:\\\/\\\/www.purejewels.com\\\/product\\\/natural-white-gold-and-diamond-vinyasa-peacock-ring-med\\\/\",\"name\":\"Vinyasa Peacock Ring in Natural White Gold | PureJewels\",\"isPartOf\":{\"@id\":\"https:\\\/\\\/www.purejewels.com\\\/#website\"},\"primaryImageOfPage\":{\"@id\":\"https:\\\/\\\/www.purejewels.com\\\/product\\\/natural-white-gold-and-diamond-vinyasa-peacock-ring-med\\\/#primaryimage\"},\"image\":{\"@id\":\"https:\\\/\\\/www.purejewels.com\\\/product\\\/natural-white-gold-and-diamond-vinyasa-peacock-ring-med\\\/#primaryimage\"},\"thumbnailUrl\":\"https:\\\/\\\/static.purejewels.com\\\/wp-content\\\/uploads\\\/2018\\\/02\\\/Everyday-Peacock-Ring-1.png\",\"datePublished\":\"2018-02-16T15:17:02+00:00\",\"dateModified\":\"2026-01-07T06:39:03+00:00\",\"description\":\"Let your beauty shine. \u00a0An emblem of self-expression, the peacock holds a place in ancient lore as a favourite of the Gods. Buy Vinyasa Ring.\",\"breadcrumb\":{\"@id\":\"https:\\\/\\\/www.purejewels.com\\\/product\\\/natural-white-gold-and-diamond-vinyasa-peacock-ring-med\\\/#breadcrumb\"},\"inLanguage\":\"tr\",\"potentialAction\":[{\"@type\":\"ReadAction\",\"target\":[\"https:\\\/\\\/www.purejewels.com\\\/product\\\/natural-white-gold-and-diamond-vinyasa-peacock-ring-med\\\/\"]}]},{\"@type\":\"ImageObject\",\"inLanguage\":\"tr\",\"@id\":\"https:\\\/\\\/www.purejewels.com\\\/product\\\/natural-white-gold-and-diamond-vinyasa-peacock-ring-med\\\/#primaryimage\",\"url\":\"https:\\\/\\\/static.purejewels.com\\\/wp-content\\\/uploads\\\/2018\\\/02\\\/Everyday-Peacock-Ring-1.png\",\"contentUrl\":\"https:\\\/\\\/static.purejewels.com\\\/wp-content\\\/uploads\\\/2018\\\/02\\\/Everyday-Peacock-Ring-1.png\",\"width\":2000,\"height\":2000,\"caption\":\"Everyday Peacock Ring 1\"},{\"@type\":\"BreadcrumbList\",\"@id\":\"https:\\\/\\\/www.purejewels.com\\\/product\\\/natural-white-gold-and-diamond-vinyasa-peacock-ring-med\\\/#breadcrumb\",\"itemListElement\":[{\"@type\":\"ListItem\",\"position\":1,\"name\":\"Home\",\"item\":\"https:\\\/\\\/www.purejewels.com\\\/\"},{\"@type\":\"ListItem\",\"position\":2,\"name\":\"Shop\",\"item\":\"https:\\\/\\\/www.purejewels.com\\\/shop\\\/\"},{\"@type\":\"ListItem\",\"position\":3,\"name\":\"Vinyasa Peacock Ring in Natural White Gold\"}]},{\"@type\":\"WebSite\",\"@id\":\"https:\\\/\\\/www.purejewels.com\\\/#website\",\"url\":\"https:\\\/\\\/www.purejewels.com\\\/\",\"name\":\"PureJewels UK\",\"description\":\"Share the Love\",\"publisher\":{\"@id\":\"https:\\\/\\\/www.purejewels.com\\\/#organization\"},\"potentialAction\":[{\"@type\":\"SearchAction\",\"target\":{\"@type\":\"EntryPoint\",\"urlTemplate\":\"https:\\\/\\\/www.purejewels.com\\\/?s={search_term_string}\"},\"query-input\":{\"@type\":\"PropertyValueSpecification\",\"valueRequired\":true,\"valueName\":\"search_term_string\"}}],\"inLanguage\":\"tr\"},{\"@type\":\"Organization\",\"@id\":\"https:\\\/\\\/www.purejewels.com\\\/#organization\",\"name\":\"PureJewels UK\",\"url\":\"https:\\\/\\\/www.purejewels.com\\\/\",\"logo\":{\"@type\":\"ImageObject\",\"inLanguage\":\"tr\",\"@id\":\"https:\\\/\\\/www.purejewels.com\\\/#\\\/schema\\\/logo\\\/image\\\/\",\"url\":\"https:\\\/\\\/static.purejewels.com\\\/wp-content\\\/uploads\\\/2020\\\/11\\\/Logo-PJ-New-1.png\",\"contentUrl\":\"https:\\\/\\\/static.purejewels.com\\\/wp-content\\\/uploads\\\/2020\\\/11\\\/Logo-PJ-New-1.png\",\"width\":150,\"height\":80,\"caption\":\"PureJewels UK\"},\"image\":{\"@id\":\"https:\\\/\\\/www.purejewels.com\\\/#\\\/schema\\\/logo\\\/image\\\/\"}}]}<\/script>\n<!-- \/ Yoast SEO plugin. -->","yoast_head_json":{"title":"Do\u011fal Beyaz Alt\u0131n Vinyasa Tavusku\u015fu Y\u00fcz\u00fck | PureJewels","description":"G\u00fczelli\u011finizin parlamas\u0131na izin verin.  Kendini ifade etmenin bir simgesi olan tavus ku\u015fu, Tanr\u0131lar\u0131n g\u00f6zdesi olarak antik \u00e7a\u011flarda \u00f6nemli bir yere sahiptir. Vinyasa Y\u00fcz\u00fck sat\u0131n al\u0131n.","robots":{"index":"index","follow":"follow","max-snippet":"max-snippet:-1","max-image-preview":"max-image-preview:large","max-video-preview":"max-video-preview:-1"},"canonical":"https:\/\/www.purejewels.com\/tr\/urun\/dogal-beyaz-altin-ve-pirlanta-vinyasa-tavus-kusu-yuzuk-med\/","og_locale":"tr_TR","og_type":"article","og_title":"Vinyasa Peacock Ring in Natural White Gold | PureJewels","og_description":"Let your beauty shine. \u00a0An emblem of self-expression, the peacock holds a place in ancient lore as a favourite of the Gods. Buy Vinyasa Ring.","og_url":"https:\/\/www.purejewels.com\/tr\/urun\/dogal-beyaz-altin-ve-pirlanta-vinyasa-tavus-kusu-yuzuk-med\/","og_site_name":"PureJewels UK","article_modified_time":"2026-01-07T06:39:03+00:00","og_image":[{"width":2000,"height":2000,"url":"https:\/\/www.purejewels.com\/wp-content\/uploads\/2018\/02\/Everyday-Peacock-Ring-1.png","type":"image\/png"}],"twitter_card":"summary_large_image","twitter_misc":{"Tahmini okuma s\u00fcresi":"1 dakika"},"schema":{"@context":"https:\/\/schema.org","@graph":[{"@type":["WebPage","ItemPage"],"@id":"https:\/\/www.purejewels.com\/product\/natural-white-gold-and-diamond-vinyasa-peacock-ring-med\/","url":"https:\/\/www.purejewels.com\/product\/natural-white-gold-and-diamond-vinyasa-peacock-ring-med\/","name":"Do\u011fal Beyaz Alt\u0131n Vinyasa Tavusku\u015fu Y\u00fcz\u00fck | PureJewels","isPartOf":{"@id":"https:\/\/www.purejewels.com\/#website"},"primaryImageOfPage":{"@id":"https:\/\/www.purejewels.com\/product\/natural-white-gold-and-diamond-vinyasa-peacock-ring-med\/#primaryimage"},"image":{"@id":"https:\/\/www.purejewels.com\/product\/natural-white-gold-and-diamond-vinyasa-peacock-ring-med\/#primaryimage"},"thumbnailUrl":"https:\/\/static.purejewels.com\/wp-content\/uploads\/2018\/02\/Everyday-Peacock-Ring-1.png","datePublished":"2018-02-16T15:17:02+00:00","dateModified":"2026-01-07T06:39:03+00:00","description":"G\u00fczelli\u011finizin parlamas\u0131na izin verin.  Kendini ifade etmenin bir simgesi olan tavus ku\u015fu, Tanr\u0131lar\u0131n g\u00f6zdesi olarak antik \u00e7a\u011flarda \u00f6nemli bir yere sahiptir. Vinyasa Y\u00fcz\u00fck sat\u0131n al\u0131n.","breadcrumb":{"@id":"https:\/\/www.purejewels.com\/product\/natural-white-gold-and-diamond-vinyasa-peacock-ring-med\/#breadcrumb"},"inLanguage":"tr","potentialAction":[{"@type":"ReadAction","target":["https:\/\/www.purejewels.com\/product\/natural-white-gold-and-diamond-vinyasa-peacock-ring-med\/"]}]},{"@type":"ImageObject","inLanguage":"tr","@id":"https:\/\/www.purejewels.com\/product\/natural-white-gold-and-diamond-vinyasa-peacock-ring-med\/#primaryimage","url":"https:\/\/static.purejewels.com\/wp-content\/uploads\/2018\/02\/Everyday-Peacock-Ring-1.png","contentUrl":"https:\/\/static.purejewels.com\/wp-content\/uploads\/2018\/02\/Everyday-Peacock-Ring-1.png","width":2000,"height":2000,"caption":"Everyday Peacock Ring 1"},{"@type":"BreadcrumbList","@id":"https:\/\/www.purejewels.com\/product\/natural-white-gold-and-diamond-vinyasa-peacock-ring-med\/#breadcrumb","itemListElement":[{"@type":"ListItem","position":1,"name":"Home","item":"https:\/\/www.purejewels.com\/"},{"@type":"ListItem","position":2,"name":"Shop","item":"https:\/\/www.purejewels.com\/shop\/"},{"@type":"ListItem","position":3,"name":"Vinyasa Peacock Ring in Natural White Gold"}]},{"@type":"WebSite","@id":"https:\/\/www.purejewels.com\/#website","url":"https:\/\/www.purejewels.com\/","name":"PureJewels \u0130ngiltere","description":"Sevgiyi Payla\u015f\u0131n","publisher":{"@id":"https:\/\/www.purejewels.com\/#organization"},"potentialAction":[{"@type":"SearchAction","target":{"@type":"EntryPoint","urlTemplate":"https:\/\/www.purejewels.com\/?s={search_term_string}"},"query-input":{"@type":"PropertyValueSpecification","valueRequired":true,"valueName":"search_term_string"}}],"inLanguage":"tr"},{"@type":"Organization","@id":"https:\/\/www.purejewels.com\/#organization","name":"PureJewels \u0130ngiltere","url":"https:\/\/www.purejewels.com\/","logo":{"@type":"ImageObject","inLanguage":"tr","@id":"https:\/\/www.purejewels.com\/#\/schema\/logo\/image\/","url":"https:\/\/static.purejewels.com\/wp-content\/uploads\/2020\/11\/Logo-PJ-New-1.png","contentUrl":"https:\/\/static.purejewels.com\/wp-content\/uploads\/2020\/11\/Logo-PJ-New-1.png","width":150,"height":80,"caption":"PureJewels UK"},"image":{"@id":"https:\/\/www.purejewels.com\/#\/schema\/logo\/image\/"}}]}},"_links":{"self":[{"href":"https:\/\/www.purejewels.com\/tr\/wp-json\/wp\/v2\/product\/298905","targetHints":{"allow":["GET"]}}],"collection":[{"href":"https:\/\/www.purejewels.com\/tr\/wp-json\/wp\/v2\/product"}],"about":[{"href":"https:\/\/www.purejewels.com\/tr\/wp-json\/wp\/v2\/types\/product"}],"replies":[{"embeddable":true,"href":"https:\/\/www.purejewels.com\/tr\/wp-json\/wp\/v2\/comments?post=298905"}],"version-history":[{"count":1,"href":"https:\/\/www.purejewels.com\/tr\/wp-json\/wp\/v2\/product\/298905\/revisions"}],"predecessor-version":[{"id":392337,"href":"https:\/\/www.purejewels.com\/tr\/wp-json\/wp\/v2\/product\/298905\/revisions\/392337"}],"wp:featuredmedia":[{"embeddable":true,"href":"https:\/\/www.purejewels.com\/tr\/wp-json\/wp\/v2\/media\/298894"}],"wp:attachment":[{"href":"https:\/\/www.purejewels.com\/tr\/wp-json\/wp\/v2\/media?parent=298905"}],"wp:term":[{"taxonomy":"product_brand","embeddable":true,"href":"https:\/\/www.purejewels.com\/tr\/wp-json\/wp\/v2\/product_brand?post=298905"},{"taxonomy":"product_cat","embeddable":true,"href":"https:\/\/www.purejewels.com\/tr\/wp-json\/wp\/v2\/product_cat?post=298905"},{"taxonomy":"product_tag","embeddable":true,"href":"https:\/\/www.purejewels.com\/tr\/wp-json\/wp\/v2\/product_tag?post=298905"}],"curies":[{"name":"wp","href":"https:\/\/api.w.org\/{rel}","templated":true}]}}