{"id":298908,"date":"2018-02-16T15:17:03","date_gmt":"2018-02-16T15:17:03","guid":{"rendered":"https:\/\/www.purejewels.com\/product\/natural-white-gold-and-diamond-vinyasa-hollow-ring\/"},"modified":"2026-02-09T06:45:51","modified_gmt":"2026-02-09T06:45:51","slug":"dogal-beyaz-altin-ve-pirlanta-vinyasa-ici-bos-yuzuk","status":"publish","type":"product","link":"https:\/\/www.purejewels.com\/tr\/product\/natural-white-gold-and-diamond-vinyasa-hollow-ring\/","title":{"rendered":"Vinyasa Do\u011fal Beyaz Alt\u0131n ve P\u0131rlanta \u0130\u00e7i Bo\u015f Y\u00fcz\u00fck"},"content":{"rendered":"<p>Bize g\u00fcvenin, bu y\u00fcz\u00fc\u011f\u00fc parma\u011f\u0131n\u0131za takmak i\u00e7in hi\u00e7bir bahaneye ihtiyac\u0131n\u0131z yok.  Tasar\u0131mc\u0131 stiline sahip g\u00fczel bir par\u00e7a, \u00e7ok y\u00f6nl\u00fcd\u00fcr ve her g\u00fcn sevmek i\u00e7in m\u00fckemmeldir.  Tasar\u0131mc\u0131lar\u0131m\u0131z, g\u00f6steri\u015fli t\u00fcyleri taklit eden \u00e7ekici k\u0131vr\u0131mlarla zarif tavus ku\u015funa sayg\u0131 duyarak yaratt\u0131.  Y\u00fcz\u00fck do\u011fal beyaz alt\u0131ndan \u00fcretilmi\u015ftir ve \u00e7ok y\u00f6nl\u00fc \u0131\u015f\u0131k veren grenli bir ayarda minik p\u0131rlantalarla elle tamamlanm\u0131\u015ft\u0131r.  Saf ve sade beyaz alt\u0131n, pembe alt\u0131n ve sar\u0131 alt\u0131n olarak da mevcuttur.<\/p>","protected":false},"excerpt":{"rendered":"<ul>\n<li>18 Ayar Alt\u0131n<\/li>\n<li>SKU: 27753<\/li>\n<li>T\u00fcm fiyatlara KDV dahildir<\/li>\n<li>Londra Tahlil Ofisi Taraf\u0131ndan Damgalanm\u0131\u015f 18 Ayar Alt\u0131n<\/li>\n<li>Sunum Kutusu ile Birlikte Gelir<\/li>\n<li>Teslimat Dahil<\/li>\n<li>Stok durumu ve stokta bulunan benzer tasar\u0131mlar\u0131n daha fazla g\u00f6r\u00fcnt\u00fcs\u00fc i\u00e7in bizimle canl\u0131 sohbet edin<\/li>\n<\/ul>","protected":false},"featured_media":312606,"comment_status":"closed","ping_status":"closed","template":"","meta":{"_eb_attr":"","_crsspst_to_jayantr4sg-hostcom":false},"product_brand":[],"product_cat":[5679,6085,5457,5460,1783,1786,1480,5348,1574],"product_tag":[],"class_list":{"0":"post-298908","1":"product","2":"type-product","3":"status-publish","4":"has-post-thumbnail","6":"product_cat-18ct-gold-jewellery","7":"product_cat-18ct-gold-ring","8":"product_cat-diamond-jewellery","9":"product_cat-diamond-ring","10":"product_cat-ladies-rings","11":"product_cat-occasional-wear-rings","12":"product_cat-vinyasa-collections","13":"product_cat-white-gold-jewellery","14":"product_cat-womens-jewellery","16":"first","17":"instock","18":"taxable","19":"shipping-taxable","20":"purchasable","21":"product-type-simple","22":"add-to-wishlist-before_image"},"yoast_head":"<!-- This site is optimized with the Yoast SEO plugin v27.5 - https:\/\/yoast.com\/product\/yoast-seo-wordpress\/ -->\n<title>Vinyasa Natural White Gold and Diamond Hollow Ring.<\/title>\n<meta name=\"robots\" content=\"index, follow, max-snippet:-1, max-image-preview:large, max-video-preview:-1\" \/>\n<link rel=\"canonical\" href=\"https:\/\/www.purejewels.com\/tr\/urun\/dogal-beyaz-altin-ve-pirlanta-vinyasa-ici-bos-yuzuk\/\" \/>\n<meta property=\"og:locale\" content=\"tr_TR\" \/>\n<meta property=\"og:type\" content=\"article\" \/>\n<meta property=\"og:title\" content=\"Vinyasa Natural White Gold and Diamond Hollow Ring.\" \/>\n<meta property=\"og:description\" content=\"18ct Gold  SKU: 27753  All prices include VAT  18ct Gold\u00a0Hallmarked by London Assay Office  Comes With Presentation Box  Delivery Included  Live chat with us for availability and more images of similar designs currently in stock\" \/>\n<meta property=\"og:url\" content=\"https:\/\/www.purejewels.com\/tr\/urun\/dogal-beyaz-altin-ve-pirlanta-vinyasa-ici-bos-yuzuk\/\" \/>\n<meta property=\"og:site_name\" content=\"PureJewels UK\" \/>\n<meta property=\"article:modified_time\" content=\"2026-02-09T06:45:51+00:00\" \/>\n<meta property=\"og:image\" content=\"https:\/\/static.purejewels.com\/wp-content\/uploads\/2018\/02\/27753_2.jpg\" \/>\n\t<meta property=\"og:image:width\" content=\"1000\" \/>\n\t<meta property=\"og:image:height\" content=\"1000\" \/>\n\t<meta property=\"og:image:type\" content=\"image\/jpeg\" \/>\n<meta name=\"twitter:card\" content=\"summary_large_image\" \/>\n<meta name=\"twitter:label1\" content=\"Tahmini okuma s\u00fcresi\" \/>\n\t<meta name=\"twitter:data1\" content=\"1 dakika\" \/>\n<script type=\"application\/ld+json\" class=\"yoast-schema-graph\">{\"@context\":\"https:\\\/\\\/schema.org\",\"@graph\":[{\"@type\":[\"WebPage\",\"ItemPage\"],\"@id\":\"https:\\\/\\\/www.purejewels.com\\\/product\\\/natural-white-gold-and-diamond-vinyasa-hollow-ring\\\/\",\"url\":\"https:\\\/\\\/www.purejewels.com\\\/product\\\/natural-white-gold-and-diamond-vinyasa-hollow-ring\\\/\",\"name\":\"Vinyasa Natural White Gold and Diamond Hollow Ring.\",\"isPartOf\":{\"@id\":\"https:\\\/\\\/www.purejewels.com\\\/#website\"},\"primaryImageOfPage\":{\"@id\":\"https:\\\/\\\/www.purejewels.com\\\/product\\\/natural-white-gold-and-diamond-vinyasa-hollow-ring\\\/#primaryimage\"},\"image\":{\"@id\":\"https:\\\/\\\/www.purejewels.com\\\/product\\\/natural-white-gold-and-diamond-vinyasa-hollow-ring\\\/#primaryimage\"},\"thumbnailUrl\":\"https:\\\/\\\/static.purejewels.com\\\/wp-content\\\/uploads\\\/2018\\\/02\\\/27753_2.jpg\",\"datePublished\":\"2018-02-16T15:17:03+00:00\",\"dateModified\":\"2026-02-09T06:45:51+00:00\",\"breadcrumb\":{\"@id\":\"https:\\\/\\\/www.purejewels.com\\\/product\\\/natural-white-gold-and-diamond-vinyasa-hollow-ring\\\/#breadcrumb\"},\"inLanguage\":\"tr\",\"potentialAction\":[{\"@type\":\"ReadAction\",\"target\":[\"https:\\\/\\\/www.purejewels.com\\\/product\\\/natural-white-gold-and-diamond-vinyasa-hollow-ring\\\/\"]}]},{\"@type\":\"ImageObject\",\"inLanguage\":\"tr\",\"@id\":\"https:\\\/\\\/www.purejewels.com\\\/product\\\/natural-white-gold-and-diamond-vinyasa-hollow-ring\\\/#primaryimage\",\"url\":\"https:\\\/\\\/static.purejewels.com\\\/wp-content\\\/uploads\\\/2018\\\/02\\\/27753_2.jpg\",\"contentUrl\":\"https:\\\/\\\/static.purejewels.com\\\/wp-content\\\/uploads\\\/2018\\\/02\\\/27753_2.jpg\",\"width\":1000,\"height\":1000,\"caption\":\"27753_2\"},{\"@type\":\"BreadcrumbList\",\"@id\":\"https:\\\/\\\/www.purejewels.com\\\/product\\\/natural-white-gold-and-diamond-vinyasa-hollow-ring\\\/#breadcrumb\",\"itemListElement\":[{\"@type\":\"ListItem\",\"position\":1,\"name\":\"Home\",\"item\":\"https:\\\/\\\/www.purejewels.com\\\/\"},{\"@type\":\"ListItem\",\"position\":2,\"name\":\"Shop\",\"item\":\"https:\\\/\\\/www.purejewels.com\\\/shop\\\/\"},{\"@type\":\"ListItem\",\"position\":3,\"name\":\"Vinyasa Natural White Gold and Diamond Hollow Ring\"}]},{\"@type\":\"WebSite\",\"@id\":\"https:\\\/\\\/www.purejewels.com\\\/#website\",\"url\":\"https:\\\/\\\/www.purejewels.com\\\/\",\"name\":\"PureJewels UK\",\"description\":\"Share the Love\",\"publisher\":{\"@id\":\"https:\\\/\\\/www.purejewels.com\\\/#organization\"},\"potentialAction\":[{\"@type\":\"SearchAction\",\"target\":{\"@type\":\"EntryPoint\",\"urlTemplate\":\"https:\\\/\\\/www.purejewels.com\\\/?s={search_term_string}\"},\"query-input\":{\"@type\":\"PropertyValueSpecification\",\"valueRequired\":true,\"valueName\":\"search_term_string\"}}],\"inLanguage\":\"tr\"},{\"@type\":\"Organization\",\"@id\":\"https:\\\/\\\/www.purejewels.com\\\/#organization\",\"name\":\"PureJewels UK\",\"url\":\"https:\\\/\\\/www.purejewels.com\\\/\",\"logo\":{\"@type\":\"ImageObject\",\"inLanguage\":\"tr\",\"@id\":\"https:\\\/\\\/www.purejewels.com\\\/#\\\/schema\\\/logo\\\/image\\\/\",\"url\":\"https:\\\/\\\/static.purejewels.com\\\/wp-content\\\/uploads\\\/2020\\\/11\\\/Logo-PJ-New-1.png\",\"contentUrl\":\"https:\\\/\\\/static.purejewels.com\\\/wp-content\\\/uploads\\\/2020\\\/11\\\/Logo-PJ-New-1.png\",\"width\":150,\"height\":80,\"caption\":\"PureJewels UK\"},\"image\":{\"@id\":\"https:\\\/\\\/www.purejewels.com\\\/#\\\/schema\\\/logo\\\/image\\\/\"}}]}<\/script>\n<!-- \/ Yoast SEO plugin. -->","yoast_head_json":{"title":"Vinyasa Do\u011fal Beyaz Alt\u0131n ve P\u0131rlanta \u0130\u00e7i Bo\u015f Y\u00fcz\u00fck.","robots":{"index":"index","follow":"follow","max-snippet":"max-snippet:-1","max-image-preview":"max-image-preview:large","max-video-preview":"max-video-preview:-1"},"canonical":"https:\/\/www.purejewels.com\/tr\/urun\/dogal-beyaz-altin-ve-pirlanta-vinyasa-ici-bos-yuzuk\/","og_locale":"tr_TR","og_type":"article","og_title":"Vinyasa Natural White Gold and Diamond Hollow Ring.","og_description":"18ct Gold  SKU: 27753  All prices include VAT  18ct Gold\u00a0Hallmarked by London Assay Office  Comes With Presentation Box  Delivery Included  Live chat with us for availability and more images of similar designs currently in stock","og_url":"https:\/\/www.purejewels.com\/tr\/urun\/dogal-beyaz-altin-ve-pirlanta-vinyasa-ici-bos-yuzuk\/","og_site_name":"PureJewels UK","article_modified_time":"2026-02-09T06:45:51+00:00","og_image":[{"width":1000,"height":1000,"url":"https:\/\/static.purejewels.com\/wp-content\/uploads\/2018\/02\/27753_2.jpg","type":"image\/jpeg"}],"twitter_card":"summary_large_image","twitter_misc":{"Tahmini okuma s\u00fcresi":"1 dakika"},"schema":{"@context":"https:\/\/schema.org","@graph":[{"@type":["WebPage","ItemPage"],"@id":"https:\/\/www.purejewels.com\/product\/natural-white-gold-and-diamond-vinyasa-hollow-ring\/","url":"https:\/\/www.purejewels.com\/product\/natural-white-gold-and-diamond-vinyasa-hollow-ring\/","name":"Vinyasa Do\u011fal Beyaz Alt\u0131n ve P\u0131rlanta \u0130\u00e7i Bo\u015f Y\u00fcz\u00fck.","isPartOf":{"@id":"https:\/\/www.purejewels.com\/#website"},"primaryImageOfPage":{"@id":"https:\/\/www.purejewels.com\/product\/natural-white-gold-and-diamond-vinyasa-hollow-ring\/#primaryimage"},"image":{"@id":"https:\/\/www.purejewels.com\/product\/natural-white-gold-and-diamond-vinyasa-hollow-ring\/#primaryimage"},"thumbnailUrl":"https:\/\/static.purejewels.com\/wp-content\/uploads\/2018\/02\/27753_2.jpg","datePublished":"2018-02-16T15:17:03+00:00","dateModified":"2026-02-09T06:45:51+00:00","breadcrumb":{"@id":"https:\/\/www.purejewels.com\/product\/natural-white-gold-and-diamond-vinyasa-hollow-ring\/#breadcrumb"},"inLanguage":"tr","potentialAction":[{"@type":"ReadAction","target":["https:\/\/www.purejewels.com\/product\/natural-white-gold-and-diamond-vinyasa-hollow-ring\/"]}]},{"@type":"ImageObject","inLanguage":"tr","@id":"https:\/\/www.purejewels.com\/product\/natural-white-gold-and-diamond-vinyasa-hollow-ring\/#primaryimage","url":"https:\/\/static.purejewels.com\/wp-content\/uploads\/2018\/02\/27753_2.jpg","contentUrl":"https:\/\/static.purejewels.com\/wp-content\/uploads\/2018\/02\/27753_2.jpg","width":1000,"height":1000,"caption":"27753_2"},{"@type":"BreadcrumbList","@id":"https:\/\/www.purejewels.com\/product\/natural-white-gold-and-diamond-vinyasa-hollow-ring\/#breadcrumb","itemListElement":[{"@type":"ListItem","position":1,"name":"Home","item":"https:\/\/www.purejewels.com\/"},{"@type":"ListItem","position":2,"name":"Shop","item":"https:\/\/www.purejewels.com\/shop\/"},{"@type":"ListItem","position":3,"name":"Vinyasa Natural White Gold and Diamond Hollow Ring"}]},{"@type":"WebSite","@id":"https:\/\/www.purejewels.com\/#website","url":"https:\/\/www.purejewels.com\/","name":"PureJewels \u0130ngiltere","description":"Sevgiyi Payla\u015f\u0131n","publisher":{"@id":"https:\/\/www.purejewels.com\/#organization"},"potentialAction":[{"@type":"SearchAction","target":{"@type":"EntryPoint","urlTemplate":"https:\/\/www.purejewels.com\/?s={search_term_string}"},"query-input":{"@type":"PropertyValueSpecification","valueRequired":true,"valueName":"search_term_string"}}],"inLanguage":"tr"},{"@type":"Organization","@id":"https:\/\/www.purejewels.com\/#organization","name":"PureJewels \u0130ngiltere","url":"https:\/\/www.purejewels.com\/","logo":{"@type":"ImageObject","inLanguage":"tr","@id":"https:\/\/www.purejewels.com\/#\/schema\/logo\/image\/","url":"https:\/\/static.purejewels.com\/wp-content\/uploads\/2020\/11\/Logo-PJ-New-1.png","contentUrl":"https:\/\/static.purejewels.com\/wp-content\/uploads\/2020\/11\/Logo-PJ-New-1.png","width":150,"height":80,"caption":"PureJewels UK"},"image":{"@id":"https:\/\/www.purejewels.com\/#\/schema\/logo\/image\/"}}]}},"_links":{"self":[{"href":"https:\/\/www.purejewels.com\/tr\/wp-json\/wp\/v2\/product\/298908","targetHints":{"allow":["GET"]}}],"collection":[{"href":"https:\/\/www.purejewels.com\/tr\/wp-json\/wp\/v2\/product"}],"about":[{"href":"https:\/\/www.purejewels.com\/tr\/wp-json\/wp\/v2\/types\/product"}],"replies":[{"embeddable":true,"href":"https:\/\/www.purejewels.com\/tr\/wp-json\/wp\/v2\/comments?post=298908"}],"version-history":[{"count":3,"href":"https:\/\/www.purejewels.com\/tr\/wp-json\/wp\/v2\/product\/298908\/revisions"}],"predecessor-version":[{"id":416465,"href":"https:\/\/www.purejewels.com\/tr\/wp-json\/wp\/v2\/product\/298908\/revisions\/416465"}],"wp:featuredmedia":[{"embeddable":true,"href":"https:\/\/www.purejewels.com\/tr\/wp-json\/wp\/v2\/media\/312606"}],"wp:attachment":[{"href":"https:\/\/www.purejewels.com\/tr\/wp-json\/wp\/v2\/media?parent=298908"}],"wp:term":[{"taxonomy":"product_brand","embeddable":true,"href":"https:\/\/www.purejewels.com\/tr\/wp-json\/wp\/v2\/product_brand?post=298908"},{"taxonomy":"product_cat","embeddable":true,"href":"https:\/\/www.purejewels.com\/tr\/wp-json\/wp\/v2\/product_cat?post=298908"},{"taxonomy":"product_tag","embeddable":true,"href":"https:\/\/www.purejewels.com\/tr\/wp-json\/wp\/v2\/product_tag?post=298908"}],"curies":[{"name":"wp","href":"https:\/\/api.w.org\/{rel}","templated":true}]}}