{"id":298910,"date":"2018-02-16T15:17:03","date_gmt":"2018-02-16T15:17:03","guid":{"rendered":"https:\/\/www.purejewels.com\/product\/platinum-and-diamond-vinyasasa-peacock-eye-engagement-ring\/"},"modified":"2020-12-21T17:54:30","modified_gmt":"2020-12-21T17:54:30","slug":"platin-ve-pirlanta-vinyasasa-tavus-kusu-gozu-nisan-yuzugu","status":"publish","type":"product","link":"https:\/\/www.purejewels.com\/tr\/product\/platinum-and-diamond-vinyasasa-peacock-eye-engagement-ring\/","title":{"rendered":"Vinyasa Platin ve P\u0131rlanta Tavus Ku\u015fu G\u00f6z\u00fc Ni\u015fan Y\u00fcz\u00fc\u011f\u00fc"},"content":{"rendered":"<p>\u0130lk utanga\u00e7 bak\u0131\u015ftan hayranl\u0131k dolu bak\u0131\u015flara... a\u015fk g\u00f6zlerinizden okunur.  Zarif tavus ku\u015funun b\u00fcy\u00fcleyici bak\u0131\u015flar\u0131ndan esinlenerek tasarlanan bu y\u00fcz\u00fckte g\u00f6rmezden gelinmesi imkans\u0131z armut bi\u00e7imli bir p\u0131rlanta yer al\u0131yor.  Kuyumcular\u0131m\u0131z en \u00fcst d\u00fczey parlakl\u0131k i\u00e7in ta\u015f\u0131n\u0131z\u0131 \u00f6zenle se\u00e7ecek ve y\u00fcz\u00fc\u011f\u00fc tane setli p\u0131rlantalarla elle tamamlayacak.  A\u015fk\u0131n\u0131z e\u015fsiz: i\u015fte onu kutlama an\u0131n\u0131z.<\/p>\n<ul>\n<li><a href=\"https:\/\/www.purejewels.com\/tr\/product\/18ct-white-gold-khanda-sikh-religious-pendant-6226\/\">18ct<\/a> Alt\u0131n<\/li>\n<li>T\u00fcm fiyatlara KDV dahildir<\/li>\n<li>Londra Tahlil Ofisi Taraf\u0131ndan Damgalanm\u0131\u015f 18 Ayar Alt\u0131n<\/li>\n<li>Sunum Kutusu ile Birlikte Gelir<\/li>\n<li>Teslimat Dahil<\/li>\n<li>Stok durumu ve stokta bulunan benzer tasar\u0131mlar\u0131n daha fazla g\u00f6r\u00fcnt\u00fcs\u00fc i\u00e7in bizimle canl\u0131 sohbet edin<\/li>\n<\/ul>","protected":false},"excerpt":{"rendered":"<p>\u0130lk utanga\u00e7 bak\u0131\u015ftan hayranl\u0131k dolu bak\u0131\u015flara... a\u015fk g\u00f6zlerinizden okunur.  Zarif tavus ku\u015funun b\u00fcy\u00fcleyici bak\u0131\u015flar\u0131ndan esinlenerek tasarlanan bu y\u00fcz\u00fckte g\u00f6rmezden gelinmesi imkans\u0131z armut bi\u00e7imli bir p\u0131rlanta yer al\u0131yor.  Kuyumcular\u0131m\u0131z en \u00fcst d\u00fczey parlakl\u0131k i\u00e7in ta\u015f\u0131n\u0131z\u0131 \u00f6zenle se\u00e7ecek ve y\u00fcz\u00fc\u011f\u00fc tane setli p\u0131rlantalarla elle tamamlayacak.  A\u015fk\u0131n\u0131z e\u015fsiz: i\u015fte onu kutlama an\u0131n\u0131z.<\/p>\n<ul>\n<li>18 Ayar Alt\u0131n<\/li>\n<li>T\u00fcm fiyatlara KDV dahildir<\/li>\n<li>Londra Tahlil Ofisi Taraf\u0131ndan Damgalanm\u0131\u015f 18 Ayar Alt\u0131n<\/li>\n<li>Sunum Kutusu ile Birlikte Gelir<\/li>\n<li>Teslimat Dahil<\/li>\n<li>Stok durumu ve stokta bulunan benzer tasar\u0131mlar\u0131n daha fazla g\u00f6r\u00fcnt\u00fcs\u00fc i\u00e7in bizimle canl\u0131 sohbet edin<\/li>\n<\/ul>","protected":false},"featured_media":300281,"comment_status":"closed","ping_status":"closed","template":"","meta":{"_eb_attr":"","_crsspst_to_jayantr4sg-hostcom":false},"product_brand":[],"product_cat":[1679,1559,1533,1569,1480,1573,1574],"product_tag":[],"class_list":{"0":"post-298910","1":"product","2":"type-product","3":"status-publish","4":"has-post-thumbnail","6":"product_cat-18ct-gold-rings","7":"product_cat-birthday-gifts","8":"product_cat-diamond-jewellery-set","9":"product_cat-valentine-day-gifts","10":"product_cat-vinyasa-collections","11":"product_cat-wedding-gifts","12":"product_cat-womens-jewellery","14":"first","15":"outofstock","16":"taxable","17":"shipping-taxable","18":"product-type-simple","19":"add-to-wishlist-before_image"},"yoast_head":"<!-- This site is optimized with the Yoast SEO plugin v27.5 - https:\/\/yoast.com\/product\/yoast-seo-wordpress\/ -->\n<title>Vinyasa Platinum and Diamond Peacock Eye Engagement Ring.<\/title>\n<meta name=\"robots\" content=\"index, follow, max-snippet:-1, max-image-preview:large, max-video-preview:-1\" \/>\n<link rel=\"canonical\" href=\"https:\/\/www.purejewels.com\/tr\/urun\/platin-ve-pirlanta-vinyasasa-tavus-kusu-gozu-nisan-yuzugu\/\" \/>\n<meta property=\"og:locale\" content=\"tr_TR\" \/>\n<meta property=\"og:type\" content=\"article\" \/>\n<meta property=\"og:title\" content=\"Vinyasa Platinum and Diamond Peacock Eye Engagement Ring.\" \/>\n<meta property=\"og:description\" content=\"From that first shy glance to an adoring gaze... love shows in your eyes. \u00a0Inspired by the captivating gaze of the elegant peacock, this ring features a pear-shaped diamond that&#039;s impossible to ignore. \u00a0Our jewellers will carefully select your stone for ultimate brilliance, and hand-finish the ring with grain-set diamonds. \u00a0Your love is unique: here&#039;s your moment to celebrate it.   18ct Gold  All prices include VAT  18ct Gold\u00a0Hallmarked by London Assay Office  Comes With Presentation Box  Delivery Included  Live chat with us for availability and more images of similar designs currently in stock\" \/>\n<meta property=\"og:url\" content=\"https:\/\/www.purejewels.com\/tr\/urun\/platin-ve-pirlanta-vinyasasa-tavus-kusu-gozu-nisan-yuzugu\/\" \/>\n<meta property=\"og:site_name\" content=\"PureJewels UK\" \/>\n<meta property=\"article:modified_time\" content=\"2020-12-21T17:54:30+00:00\" \/>\n<meta property=\"og:image\" content=\"https:\/\/www.purejewels.com\/wp-content\/uploads\/2018\/02\/Peacock-Eye.png\" \/>\n\t<meta property=\"og:image:width\" content=\"2000\" \/>\n\t<meta property=\"og:image:height\" content=\"2000\" \/>\n\t<meta property=\"og:image:type\" content=\"image\/png\" \/>\n<meta name=\"twitter:card\" content=\"summary_large_image\" \/>\n<script type=\"application\/ld+json\" class=\"yoast-schema-graph\">{\"@context\":\"https:\\\/\\\/schema.org\",\"@graph\":[{\"@type\":[\"WebPage\",\"ItemPage\"],\"@id\":\"https:\\\/\\\/www.purejewels.com\\\/product\\\/platinum-and-diamond-vinyasasa-peacock-eye-engagement-ring\\\/\",\"url\":\"https:\\\/\\\/www.purejewels.com\\\/product\\\/platinum-and-diamond-vinyasasa-peacock-eye-engagement-ring\\\/\",\"name\":\"Vinyasa Platinum and Diamond Peacock Eye Engagement Ring.\",\"isPartOf\":{\"@id\":\"https:\\\/\\\/www.purejewels.com\\\/#website\"},\"primaryImageOfPage\":{\"@id\":\"https:\\\/\\\/www.purejewels.com\\\/product\\\/platinum-and-diamond-vinyasasa-peacock-eye-engagement-ring\\\/#primaryimage\"},\"image\":{\"@id\":\"https:\\\/\\\/www.purejewels.com\\\/product\\\/platinum-and-diamond-vinyasasa-peacock-eye-engagement-ring\\\/#primaryimage\"},\"thumbnailUrl\":\"https:\\\/\\\/static.purejewels.com\\\/wp-content\\\/uploads\\\/2018\\\/02\\\/Peacock-Eye.png\",\"datePublished\":\"2018-02-16T15:17:03+00:00\",\"dateModified\":\"2020-12-21T17:54:30+00:00\",\"breadcrumb\":{\"@id\":\"https:\\\/\\\/www.purejewels.com\\\/product\\\/platinum-and-diamond-vinyasasa-peacock-eye-engagement-ring\\\/#breadcrumb\"},\"inLanguage\":\"tr\",\"potentialAction\":[{\"@type\":\"ReadAction\",\"target\":[\"https:\\\/\\\/www.purejewels.com\\\/product\\\/platinum-and-diamond-vinyasasa-peacock-eye-engagement-ring\\\/\"]}]},{\"@type\":\"ImageObject\",\"inLanguage\":\"tr\",\"@id\":\"https:\\\/\\\/www.purejewels.com\\\/product\\\/platinum-and-diamond-vinyasasa-peacock-eye-engagement-ring\\\/#primaryimage\",\"url\":\"https:\\\/\\\/static.purejewels.com\\\/wp-content\\\/uploads\\\/2018\\\/02\\\/Peacock-Eye.png\",\"contentUrl\":\"https:\\\/\\\/static.purejewels.com\\\/wp-content\\\/uploads\\\/2018\\\/02\\\/Peacock-Eye.png\",\"width\":2000,\"height\":2000,\"caption\":\"Peacock Eye\"},{\"@type\":\"BreadcrumbList\",\"@id\":\"https:\\\/\\\/www.purejewels.com\\\/product\\\/platinum-and-diamond-vinyasasa-peacock-eye-engagement-ring\\\/#breadcrumb\",\"itemListElement\":[{\"@type\":\"ListItem\",\"position\":1,\"name\":\"Home\",\"item\":\"https:\\\/\\\/www.purejewels.com\\\/\"},{\"@type\":\"ListItem\",\"position\":2,\"name\":\"Shop\",\"item\":\"https:\\\/\\\/www.purejewels.com\\\/shop\\\/\"},{\"@type\":\"ListItem\",\"position\":3,\"name\":\"Vinyasa Platinum and Diamond Peacock Eye Engagement Ring\"}]},{\"@type\":\"WebSite\",\"@id\":\"https:\\\/\\\/www.purejewels.com\\\/#website\",\"url\":\"https:\\\/\\\/www.purejewels.com\\\/\",\"name\":\"PureJewels UK\",\"description\":\"Share the Love\",\"publisher\":{\"@id\":\"https:\\\/\\\/www.purejewels.com\\\/#organization\"},\"potentialAction\":[{\"@type\":\"SearchAction\",\"target\":{\"@type\":\"EntryPoint\",\"urlTemplate\":\"https:\\\/\\\/www.purejewels.com\\\/?s={search_term_string}\"},\"query-input\":{\"@type\":\"PropertyValueSpecification\",\"valueRequired\":true,\"valueName\":\"search_term_string\"}}],\"inLanguage\":\"tr\"},{\"@type\":\"Organization\",\"@id\":\"https:\\\/\\\/www.purejewels.com\\\/#organization\",\"name\":\"PureJewels UK\",\"url\":\"https:\\\/\\\/www.purejewels.com\\\/\",\"logo\":{\"@type\":\"ImageObject\",\"inLanguage\":\"tr\",\"@id\":\"https:\\\/\\\/www.purejewels.com\\\/#\\\/schema\\\/logo\\\/image\\\/\",\"url\":\"https:\\\/\\\/static.purejewels.com\\\/wp-content\\\/uploads\\\/2020\\\/11\\\/Logo-PJ-New-1.png\",\"contentUrl\":\"https:\\\/\\\/static.purejewels.com\\\/wp-content\\\/uploads\\\/2020\\\/11\\\/Logo-PJ-New-1.png\",\"width\":150,\"height\":80,\"caption\":\"PureJewels UK\"},\"image\":{\"@id\":\"https:\\\/\\\/www.purejewels.com\\\/#\\\/schema\\\/logo\\\/image\\\/\"}}]}<\/script>\n<!-- \/ Yoast SEO plugin. -->","yoast_head_json":{"title":"Vinyasa Platin ve P\u0131rlanta Tavus Ku\u015fu G\u00f6z\u00fc Ni\u015fan Y\u00fcz\u00fc\u011f\u00fc.","robots":{"index":"index","follow":"follow","max-snippet":"max-snippet:-1","max-image-preview":"max-image-preview:large","max-video-preview":"max-video-preview:-1"},"canonical":"https:\/\/www.purejewels.com\/tr\/urun\/platin-ve-pirlanta-vinyasasa-tavus-kusu-gozu-nisan-yuzugu\/","og_locale":"tr_TR","og_type":"article","og_title":"Vinyasa Platinum and Diamond Peacock Eye Engagement Ring.","og_description":"From that first shy glance to an adoring gaze... love shows in your eyes. \u00a0Inspired by the captivating gaze of the elegant peacock, this ring features a pear-shaped diamond that's impossible to ignore. \u00a0Our jewellers will carefully select your stone for ultimate brilliance, and hand-finish the ring with grain-set diamonds. \u00a0Your love is unique: here's your moment to celebrate it.   18ct Gold  All prices include VAT  18ct Gold\u00a0Hallmarked by London Assay Office  Comes With Presentation Box  Delivery Included  Live chat with us for availability and more images of similar designs currently in stock","og_url":"https:\/\/www.purejewels.com\/tr\/urun\/platin-ve-pirlanta-vinyasasa-tavus-kusu-gozu-nisan-yuzugu\/","og_site_name":"PureJewels UK","article_modified_time":"2020-12-21T17:54:30+00:00","og_image":[{"width":2000,"height":2000,"url":"https:\/\/www.purejewels.com\/wp-content\/uploads\/2018\/02\/Peacock-Eye.png","type":"image\/png"}],"twitter_card":"summary_large_image","schema":{"@context":"https:\/\/schema.org","@graph":[{"@type":["WebPage","ItemPage"],"@id":"https:\/\/www.purejewels.com\/product\/platinum-and-diamond-vinyasasa-peacock-eye-engagement-ring\/","url":"https:\/\/www.purejewels.com\/product\/platinum-and-diamond-vinyasasa-peacock-eye-engagement-ring\/","name":"Vinyasa Platin ve P\u0131rlanta Tavus Ku\u015fu G\u00f6z\u00fc Ni\u015fan Y\u00fcz\u00fc\u011f\u00fc.","isPartOf":{"@id":"https:\/\/www.purejewels.com\/#website"},"primaryImageOfPage":{"@id":"https:\/\/www.purejewels.com\/product\/platinum-and-diamond-vinyasasa-peacock-eye-engagement-ring\/#primaryimage"},"image":{"@id":"https:\/\/www.purejewels.com\/product\/platinum-and-diamond-vinyasasa-peacock-eye-engagement-ring\/#primaryimage"},"thumbnailUrl":"https:\/\/static.purejewels.com\/wp-content\/uploads\/2018\/02\/Peacock-Eye.png","datePublished":"2018-02-16T15:17:03+00:00","dateModified":"2020-12-21T17:54:30+00:00","breadcrumb":{"@id":"https:\/\/www.purejewels.com\/product\/platinum-and-diamond-vinyasasa-peacock-eye-engagement-ring\/#breadcrumb"},"inLanguage":"tr","potentialAction":[{"@type":"ReadAction","target":["https:\/\/www.purejewels.com\/product\/platinum-and-diamond-vinyasasa-peacock-eye-engagement-ring\/"]}]},{"@type":"ImageObject","inLanguage":"tr","@id":"https:\/\/www.purejewels.com\/product\/platinum-and-diamond-vinyasasa-peacock-eye-engagement-ring\/#primaryimage","url":"https:\/\/static.purejewels.com\/wp-content\/uploads\/2018\/02\/Peacock-Eye.png","contentUrl":"https:\/\/static.purejewels.com\/wp-content\/uploads\/2018\/02\/Peacock-Eye.png","width":2000,"height":2000,"caption":"Peacock Eye"},{"@type":"BreadcrumbList","@id":"https:\/\/www.purejewels.com\/product\/platinum-and-diamond-vinyasasa-peacock-eye-engagement-ring\/#breadcrumb","itemListElement":[{"@type":"ListItem","position":1,"name":"Home","item":"https:\/\/www.purejewels.com\/"},{"@type":"ListItem","position":2,"name":"Shop","item":"https:\/\/www.purejewels.com\/shop\/"},{"@type":"ListItem","position":3,"name":"Vinyasa Platinum and Diamond Peacock Eye Engagement Ring"}]},{"@type":"WebSite","@id":"https:\/\/www.purejewels.com\/#website","url":"https:\/\/www.purejewels.com\/","name":"PureJewels \u0130ngiltere","description":"Sevgiyi Payla\u015f\u0131n","publisher":{"@id":"https:\/\/www.purejewels.com\/#organization"},"potentialAction":[{"@type":"SearchAction","target":{"@type":"EntryPoint","urlTemplate":"https:\/\/www.purejewels.com\/?s={search_term_string}"},"query-input":{"@type":"PropertyValueSpecification","valueRequired":true,"valueName":"search_term_string"}}],"inLanguage":"tr"},{"@type":"Organization","@id":"https:\/\/www.purejewels.com\/#organization","name":"PureJewels \u0130ngiltere","url":"https:\/\/www.purejewels.com\/","logo":{"@type":"ImageObject","inLanguage":"tr","@id":"https:\/\/www.purejewels.com\/#\/schema\/logo\/image\/","url":"https:\/\/static.purejewels.com\/wp-content\/uploads\/2020\/11\/Logo-PJ-New-1.png","contentUrl":"https:\/\/static.purejewels.com\/wp-content\/uploads\/2020\/11\/Logo-PJ-New-1.png","width":150,"height":80,"caption":"PureJewels UK"},"image":{"@id":"https:\/\/www.purejewels.com\/#\/schema\/logo\/image\/"}}]}},"_links":{"self":[{"href":"https:\/\/www.purejewels.com\/tr\/wp-json\/wp\/v2\/product\/298910","targetHints":{"allow":["GET"]}}],"collection":[{"href":"https:\/\/www.purejewels.com\/tr\/wp-json\/wp\/v2\/product"}],"about":[{"href":"https:\/\/www.purejewels.com\/tr\/wp-json\/wp\/v2\/types\/product"}],"replies":[{"embeddable":true,"href":"https:\/\/www.purejewels.com\/tr\/wp-json\/wp\/v2\/comments?post=298910"}],"version-history":[{"count":0,"href":"https:\/\/www.purejewels.com\/tr\/wp-json\/wp\/v2\/product\/298910\/revisions"}],"wp:featuredmedia":[{"embeddable":true,"href":"https:\/\/www.purejewels.com\/tr\/wp-json\/wp\/v2\/media\/300281"}],"wp:attachment":[{"href":"https:\/\/www.purejewels.com\/tr\/wp-json\/wp\/v2\/media?parent=298910"}],"wp:term":[{"taxonomy":"product_brand","embeddable":true,"href":"https:\/\/www.purejewels.com\/tr\/wp-json\/wp\/v2\/product_brand?post=298910"},{"taxonomy":"product_cat","embeddable":true,"href":"https:\/\/www.purejewels.com\/tr\/wp-json\/wp\/v2\/product_cat?post=298910"},{"taxonomy":"product_tag","embeddable":true,"href":"https:\/\/www.purejewels.com\/tr\/wp-json\/wp\/v2\/product_tag?post=298910"}],"curies":[{"name":"wp","href":"https:\/\/api.w.org\/{rel}","templated":true}]}}