{"id":298911,"date":"2018-02-16T15:17:03","date_gmt":"2018-02-16T15:17:03","guid":{"rendered":"https:\/\/www.purejewels.com\/product\/natural-white-gold-and-diamond-vinyasa-peacock-pendant\/"},"modified":"2026-01-06T08:08:48","modified_gmt":"2026-01-06T08:08:48","slug":"dogal-beyaz-altin-ve-pirlanta-vinyasa-tavus-kusu-kolye-ucu","status":"publish","type":"product","link":"https:\/\/www.purejewels.com\/tr\/product\/natural-white-gold-and-diamond-vinyasa-peacock-pendant\/","title":{"rendered":"Do\u011fal Sar\u0131 Alt\u0131ndan Vinyasa Tavus Ku\u015fu Kolye"},"content":{"rendered":"<p>&nbsp;<\/p>\n<ul>\n<li>SKU . 27749<\/li>\n<\/ul>","protected":false},"excerpt":{"rendered":"<p>I\u015f\u0131k i\u00e7inde y\u00fcr\u00fcy\u00fcn.  Vinyasa Tavusku\u015fu kolye ucu, ki\u015fili\u011finize uygun par\u0131ldayan g\u00f6zleriyle m\u00fctevaz\u0131 bir g\u00fczelliktir.  Ta\u015flar\u0131 tamamlamak i\u00e7in do\u011fal beyaz alt\u0131n, sar\u0131 alt\u0131n ve pembe alt\u0131n se\u00e7tik, b\u00f6ylece kolyeye her enkarnasyonda tamamen farkl\u0131 bir g\u00f6r\u00fcn\u00fcm kazand\u0131rd\u0131k.  Favoriniz ne olursa olsun, \u00e7arp\u0131c\u0131 bir ifade par\u00e7as\u0131d\u0131r.<\/p>\n<ul>\n<li>18 ayar alt\u0131n Vinyasa tavus ku\u015fu kolye ucu<\/li>\n<li>Yuvarlak parlak \u015fekilli Do\u011fal elmaslarla<\/li>\n<li>Elmas say\u0131s\u0131. 1<\/li>\n<li>P\u0131rlanta a\u011f\u0131rl\u0131\u011f\u0131 0,01 karat<\/li>\n<li>Renkler F - G<\/li>\n<li>Berrakl\u0131k. VS<\/li>\n<li>Sertifika no. <strong>SGLJL57471J<\/strong><\/li>\n<li>SKU . 27749<\/li>\n<li>18ct Beyaz \/ G\u00fcl \/ Sar\u0131 Alt\u0131n olarak sipari\u015f \u00fczerine yap\u0131labilir<\/li>\n<li>Zincir fiyata dahil de\u011fildir<\/li>\n<li>T\u00fcm fiyatlara KDV dahildir<\/li>\n<li>T\u00fcm \u00fcr\u00fcnlerimiz London Assay Office taraf\u0131ndan damgalanm\u0131\u015ft\u0131r<\/li>\n<li>Sunum Kutusu ile Birlikte Gelir<\/li>\n<li>Birle\u015fik Krall\u0131k genelinde \u00fccretsiz teslimat<\/li>\n<li>\u00dcr\u00fcn\u00fcn canl\u0131 videosu i\u00e7in bize ula\u015f\u0131n \/ bizimle sohbet edin<\/li>\n<\/ul>","protected":false},"featured_media":300283,"comment_status":"closed","ping_status":"closed","template":"","meta":{"_eb_attr":"","_crsspst_to_jayantr4sg-hostcom":false},"product_brand":[],"product_cat":[1576,1533,1770,1767,1569,1480,1573,1574],"product_tag":[],"class_list":{"0":"post-298911","1":"product","2":"type-product","3":"status-publish","4":"has-post-thumbnail","6":"product_cat-childrens-jewellery","7":"product_cat-diamond-jewellery-set","8":"product_cat-fancy-pendants","9":"product_cat-ladies-pendants","10":"product_cat-valentine-day-gifts","11":"product_cat-vinyasa-collections","12":"product_cat-wedding-gifts","13":"product_cat-womens-jewellery","15":"first","16":"outofstock","17":"taxable","18":"shipping-taxable","19":"product-type-variable","20":"add-to-wishlist-before_image"},"yoast_head":"<!-- This site is optimized with the Yoast SEO plugin v27.5 - https:\/\/yoast.com\/product\/yoast-seo-wordpress\/ -->\n<title>Vinyasa Peacock Pendant in Natural Yellow Gold | PureJewels<\/title>\n<meta name=\"description\" content=\"The Vinyasa Peacock pendant is a modest beauty, with a twinkling eye to suit your personality. Buy online Vinyasa Peacock Pendant.\" \/>\n<meta name=\"robots\" content=\"index, follow, max-snippet:-1, max-image-preview:large, max-video-preview:-1\" \/>\n<link rel=\"canonical\" href=\"https:\/\/www.purejewels.com\/tr\/urun\/dogal-beyaz-altin-ve-pirlanta-vinyasa-tavus-kusu-kolye-ucu\/\" \/>\n<meta property=\"og:locale\" content=\"tr_TR\" \/>\n<meta property=\"og:type\" content=\"article\" \/>\n<meta property=\"og:title\" content=\"Vinyasa Peacock Pendant in Natural Yellow Gold | PureJewels\" \/>\n<meta property=\"og:description\" content=\"The Vinyasa Peacock pendant is a modest beauty, with a twinkling eye to suit your personality. Buy online Vinyasa Peacock Pendant.\" \/>\n<meta property=\"og:url\" content=\"https:\/\/www.purejewels.com\/tr\/urun\/dogal-beyaz-altin-ve-pirlanta-vinyasa-tavus-kusu-kolye-ucu\/\" \/>\n<meta property=\"og:site_name\" content=\"PureJewels UK\" \/>\n<meta property=\"article:modified_time\" content=\"2026-01-06T08:08:48+00:00\" \/>\n<meta property=\"og:image\" content=\"https:\/\/www.purejewels.com\/wp-content\/uploads\/2018\/02\/Pendant-2.png\" \/>\n\t<meta property=\"og:image:width\" content=\"2000\" \/>\n\t<meta property=\"og:image:height\" content=\"2000\" \/>\n\t<meta property=\"og:image:type\" content=\"image\/png\" \/>\n<meta name=\"twitter:card\" content=\"summary_large_image\" \/>\n<meta name=\"twitter:label1\" content=\"Tahmini okuma s\u00fcresi\" \/>\n\t<meta name=\"twitter:data1\" content=\"1 dakika\" \/>\n<script type=\"application\/ld+json\" class=\"yoast-schema-graph\">{\"@context\":\"https:\\\/\\\/schema.org\",\"@graph\":[{\"@type\":[\"WebPage\",\"ItemPage\"],\"@id\":\"https:\\\/\\\/www.purejewels.com\\\/product\\\/natural-white-gold-and-diamond-vinyasa-peacock-pendant\\\/\",\"url\":\"https:\\\/\\\/www.purejewels.com\\\/product\\\/natural-white-gold-and-diamond-vinyasa-peacock-pendant\\\/\",\"name\":\"Vinyasa Peacock Pendant in Natural Yellow Gold | PureJewels\",\"isPartOf\":{\"@id\":\"https:\\\/\\\/www.purejewels.com\\\/#website\"},\"primaryImageOfPage\":{\"@id\":\"https:\\\/\\\/www.purejewels.com\\\/product\\\/natural-white-gold-and-diamond-vinyasa-peacock-pendant\\\/#primaryimage\"},\"image\":{\"@id\":\"https:\\\/\\\/www.purejewels.com\\\/product\\\/natural-white-gold-and-diamond-vinyasa-peacock-pendant\\\/#primaryimage\"},\"thumbnailUrl\":\"https:\\\/\\\/static.purejewels.com\\\/wp-content\\\/uploads\\\/2018\\\/02\\\/Pendant-2.png\",\"datePublished\":\"2018-02-16T15:17:03+00:00\",\"dateModified\":\"2026-01-06T08:08:48+00:00\",\"description\":\"The Vinyasa Peacock pendant is a modest beauty, with a twinkling eye to suit your personality. Buy online Vinyasa Peacock Pendant.\",\"breadcrumb\":{\"@id\":\"https:\\\/\\\/www.purejewels.com\\\/product\\\/natural-white-gold-and-diamond-vinyasa-peacock-pendant\\\/#breadcrumb\"},\"inLanguage\":\"tr\",\"potentialAction\":[{\"@type\":\"ReadAction\",\"target\":[\"https:\\\/\\\/www.purejewels.com\\\/product\\\/natural-white-gold-and-diamond-vinyasa-peacock-pendant\\\/\"]}]},{\"@type\":\"ImageObject\",\"inLanguage\":\"tr\",\"@id\":\"https:\\\/\\\/www.purejewels.com\\\/product\\\/natural-white-gold-and-diamond-vinyasa-peacock-pendant\\\/#primaryimage\",\"url\":\"https:\\\/\\\/static.purejewels.com\\\/wp-content\\\/uploads\\\/2018\\\/02\\\/Pendant-2.png\",\"contentUrl\":\"https:\\\/\\\/static.purejewels.com\\\/wp-content\\\/uploads\\\/2018\\\/02\\\/Pendant-2.png\",\"width\":2000,\"height\":2000,\"caption\":\"Pendant 2\"},{\"@type\":\"BreadcrumbList\",\"@id\":\"https:\\\/\\\/www.purejewels.com\\\/product\\\/natural-white-gold-and-diamond-vinyasa-peacock-pendant\\\/#breadcrumb\",\"itemListElement\":[{\"@type\":\"ListItem\",\"position\":1,\"name\":\"Home\",\"item\":\"https:\\\/\\\/www.purejewels.com\\\/\"},{\"@type\":\"ListItem\",\"position\":2,\"name\":\"Shop\",\"item\":\"https:\\\/\\\/www.purejewels.com\\\/shop\\\/\"},{\"@type\":\"ListItem\",\"position\":3,\"name\":\"Vinyasa Peacock Pendant in Natural Yellow Gold\"}]},{\"@type\":\"WebSite\",\"@id\":\"https:\\\/\\\/www.purejewels.com\\\/#website\",\"url\":\"https:\\\/\\\/www.purejewels.com\\\/\",\"name\":\"PureJewels UK\",\"description\":\"Share the Love\",\"publisher\":{\"@id\":\"https:\\\/\\\/www.purejewels.com\\\/#organization\"},\"potentialAction\":[{\"@type\":\"SearchAction\",\"target\":{\"@type\":\"EntryPoint\",\"urlTemplate\":\"https:\\\/\\\/www.purejewels.com\\\/?s={search_term_string}\"},\"query-input\":{\"@type\":\"PropertyValueSpecification\",\"valueRequired\":true,\"valueName\":\"search_term_string\"}}],\"inLanguage\":\"tr\"},{\"@type\":\"Organization\",\"@id\":\"https:\\\/\\\/www.purejewels.com\\\/#organization\",\"name\":\"PureJewels UK\",\"url\":\"https:\\\/\\\/www.purejewels.com\\\/\",\"logo\":{\"@type\":\"ImageObject\",\"inLanguage\":\"tr\",\"@id\":\"https:\\\/\\\/www.purejewels.com\\\/#\\\/schema\\\/logo\\\/image\\\/\",\"url\":\"https:\\\/\\\/static.purejewels.com\\\/wp-content\\\/uploads\\\/2020\\\/11\\\/Logo-PJ-New-1.png\",\"contentUrl\":\"https:\\\/\\\/static.purejewels.com\\\/wp-content\\\/uploads\\\/2020\\\/11\\\/Logo-PJ-New-1.png\",\"width\":150,\"height\":80,\"caption\":\"PureJewels UK\"},\"image\":{\"@id\":\"https:\\\/\\\/www.purejewels.com\\\/#\\\/schema\\\/logo\\\/image\\\/\"}}]}<\/script>\n<!-- \/ Yoast SEO plugin. -->","yoast_head_json":{"title":"Do\u011fal Sar\u0131 Alt\u0131n Vinyasa Tavus Ku\u015fu Kolye Ucu | PureJewels","description":"Vinyasa Tavusku\u015fu kolye ucu, ki\u015fili\u011finize uygun par\u0131ldayan g\u00f6zleriyle m\u00fctevaz\u0131 bir g\u00fczelliktir. Vinyasa Tavus Ku\u015fu Kolyeyi online sat\u0131n al\u0131n.","robots":{"index":"index","follow":"follow","max-snippet":"max-snippet:-1","max-image-preview":"max-image-preview:large","max-video-preview":"max-video-preview:-1"},"canonical":"https:\/\/www.purejewels.com\/tr\/urun\/dogal-beyaz-altin-ve-pirlanta-vinyasa-tavus-kusu-kolye-ucu\/","og_locale":"tr_TR","og_type":"article","og_title":"Vinyasa Peacock Pendant in Natural Yellow Gold | PureJewels","og_description":"The Vinyasa Peacock pendant is a modest beauty, with a twinkling eye to suit your personality. Buy online Vinyasa Peacock Pendant.","og_url":"https:\/\/www.purejewels.com\/tr\/urun\/dogal-beyaz-altin-ve-pirlanta-vinyasa-tavus-kusu-kolye-ucu\/","og_site_name":"PureJewels UK","article_modified_time":"2026-01-06T08:08:48+00:00","og_image":[{"width":2000,"height":2000,"url":"https:\/\/www.purejewels.com\/wp-content\/uploads\/2018\/02\/Pendant-2.png","type":"image\/png"}],"twitter_card":"summary_large_image","twitter_misc":{"Tahmini okuma s\u00fcresi":"1 dakika"},"schema":{"@context":"https:\/\/schema.org","@graph":[{"@type":["WebPage","ItemPage"],"@id":"https:\/\/www.purejewels.com\/product\/natural-white-gold-and-diamond-vinyasa-peacock-pendant\/","url":"https:\/\/www.purejewels.com\/product\/natural-white-gold-and-diamond-vinyasa-peacock-pendant\/","name":"Do\u011fal Sar\u0131 Alt\u0131n Vinyasa Tavus Ku\u015fu Kolye Ucu | PureJewels","isPartOf":{"@id":"https:\/\/www.purejewels.com\/#website"},"primaryImageOfPage":{"@id":"https:\/\/www.purejewels.com\/product\/natural-white-gold-and-diamond-vinyasa-peacock-pendant\/#primaryimage"},"image":{"@id":"https:\/\/www.purejewels.com\/product\/natural-white-gold-and-diamond-vinyasa-peacock-pendant\/#primaryimage"},"thumbnailUrl":"https:\/\/static.purejewels.com\/wp-content\/uploads\/2018\/02\/Pendant-2.png","datePublished":"2018-02-16T15:17:03+00:00","dateModified":"2026-01-06T08:08:48+00:00","description":"Vinyasa Tavusku\u015fu kolye ucu, ki\u015fili\u011finize uygun par\u0131ldayan g\u00f6zleriyle m\u00fctevaz\u0131 bir g\u00fczelliktir. Vinyasa Tavus Ku\u015fu Kolyeyi online sat\u0131n al\u0131n.","breadcrumb":{"@id":"https:\/\/www.purejewels.com\/product\/natural-white-gold-and-diamond-vinyasa-peacock-pendant\/#breadcrumb"},"inLanguage":"tr","potentialAction":[{"@type":"ReadAction","target":["https:\/\/www.purejewels.com\/product\/natural-white-gold-and-diamond-vinyasa-peacock-pendant\/"]}]},{"@type":"ImageObject","inLanguage":"tr","@id":"https:\/\/www.purejewels.com\/product\/natural-white-gold-and-diamond-vinyasa-peacock-pendant\/#primaryimage","url":"https:\/\/static.purejewels.com\/wp-content\/uploads\/2018\/02\/Pendant-2.png","contentUrl":"https:\/\/static.purejewels.com\/wp-content\/uploads\/2018\/02\/Pendant-2.png","width":2000,"height":2000,"caption":"Pendant 2"},{"@type":"BreadcrumbList","@id":"https:\/\/www.purejewels.com\/product\/natural-white-gold-and-diamond-vinyasa-peacock-pendant\/#breadcrumb","itemListElement":[{"@type":"ListItem","position":1,"name":"Home","item":"https:\/\/www.purejewels.com\/"},{"@type":"ListItem","position":2,"name":"Shop","item":"https:\/\/www.purejewels.com\/shop\/"},{"@type":"ListItem","position":3,"name":"Vinyasa Peacock Pendant in Natural Yellow Gold"}]},{"@type":"WebSite","@id":"https:\/\/www.purejewels.com\/#website","url":"https:\/\/www.purejewels.com\/","name":"PureJewels \u0130ngiltere","description":"Sevgiyi Payla\u015f\u0131n","publisher":{"@id":"https:\/\/www.purejewels.com\/#organization"},"potentialAction":[{"@type":"SearchAction","target":{"@type":"EntryPoint","urlTemplate":"https:\/\/www.purejewels.com\/?s={search_term_string}"},"query-input":{"@type":"PropertyValueSpecification","valueRequired":true,"valueName":"search_term_string"}}],"inLanguage":"tr"},{"@type":"Organization","@id":"https:\/\/www.purejewels.com\/#organization","name":"PureJewels \u0130ngiltere","url":"https:\/\/www.purejewels.com\/","logo":{"@type":"ImageObject","inLanguage":"tr","@id":"https:\/\/www.purejewels.com\/#\/schema\/logo\/image\/","url":"https:\/\/static.purejewels.com\/wp-content\/uploads\/2020\/11\/Logo-PJ-New-1.png","contentUrl":"https:\/\/static.purejewels.com\/wp-content\/uploads\/2020\/11\/Logo-PJ-New-1.png","width":150,"height":80,"caption":"PureJewels UK"},"image":{"@id":"https:\/\/www.purejewels.com\/#\/schema\/logo\/image\/"}}]}},"_links":{"self":[{"href":"https:\/\/www.purejewels.com\/tr\/wp-json\/wp\/v2\/product\/298911","targetHints":{"allow":["GET"]}}],"collection":[{"href":"https:\/\/www.purejewels.com\/tr\/wp-json\/wp\/v2\/product"}],"about":[{"href":"https:\/\/www.purejewels.com\/tr\/wp-json\/wp\/v2\/types\/product"}],"replies":[{"embeddable":true,"href":"https:\/\/www.purejewels.com\/tr\/wp-json\/wp\/v2\/comments?post=298911"}],"version-history":[{"count":0,"href":"https:\/\/www.purejewels.com\/tr\/wp-json\/wp\/v2\/product\/298911\/revisions"}],"wp:featuredmedia":[{"embeddable":true,"href":"https:\/\/www.purejewels.com\/tr\/wp-json\/wp\/v2\/media\/300283"}],"wp:attachment":[{"href":"https:\/\/www.purejewels.com\/tr\/wp-json\/wp\/v2\/media?parent=298911"}],"wp:term":[{"taxonomy":"product_brand","embeddable":true,"href":"https:\/\/www.purejewels.com\/tr\/wp-json\/wp\/v2\/product_brand?post=298911"},{"taxonomy":"product_cat","embeddable":true,"href":"https:\/\/www.purejewels.com\/tr\/wp-json\/wp\/v2\/product_cat?post=298911"},{"taxonomy":"product_tag","embeddable":true,"href":"https:\/\/www.purejewels.com\/tr\/wp-json\/wp\/v2\/product_tag?post=298911"}],"curies":[{"name":"wp","href":"https:\/\/api.w.org\/{rel}","templated":true}]}}