{"id":299090,"date":"2018-02-23T12:18:48","date_gmt":"2018-02-23T12:18:48","guid":{"rendered":"https:\/\/www.purejewels.com\/product\/22ct-gold-bracelet-5\/"},"modified":"2026-03-11T04:34:20","modified_gmt":"2026-03-11T04:34:20","slug":"22-ayar-altin-bilezik-5","status":"publish","type":"product","link":"https:\/\/www.purejewels.com\/tr\/product\/22ct-gold-bracelet-5\/","title":{"rendered":"22 Ayar Alt\u0131n Minimal Boncuklu Bileklik"},"content":{"rendered":"<p><strong>Tasar\u0131m Konsepti<\/strong><\/p>\n<p>22 Ayar Alt\u0131n Minimal Boncuklu Bileklik, abart\u0131s\u0131z tasar\u0131m\u0131n g\u00fczelli\u011finden ilham al\u0131yor. E\u015fit aral\u0131klarla yerle\u015ftirilmi\u015f alt\u0131n boncuklar zincir boyunca nazik bir ritim olu\u015fturarak dengeli ve zarif bir kompozisyon meydana getirir. Her bir boncuk, mat dokusu sayesinde \u0131\u015f\u0131\u011f\u0131 yumu\u015fak bir \u015fekilde yans\u0131tarak y\u00fcksek bir parlakl\u0131k yerine s\u0131cak saten bir \u0131\u015f\u0131lt\u0131 yarat\u0131r. Bu tasar\u0131m yakla\u015f\u0131m\u0131, 22 ayar alt\u0131n\u0131n safl\u0131\u011f\u0131n\u0131 ve zenginli\u011fini vurgularken \u00e7a\u011fda\u015f minimalist esteti\u011fi de koruyor.<\/p>\n<p><strong>Zanaatkarl\u0131k<\/strong><\/p>\n<p>Her bileklik detaylara \u00f6zen g\u00f6sterilerek haz\u0131rlanm\u0131\u015ft\u0131r. Alt\u0131n boncuklar, alt\u0131n\u0131n do\u011fal s\u0131cakl\u0131\u011f\u0131n\u0131 art\u0131ran p\u00fcr\u00fczs\u00fcz mat bir y\u00fczey elde etmek i\u00e7in ayr\u0131 ayr\u0131 \u015fekillendirilir ve tamamlan\u0131r.<\/p>\n<p>Narin zincir halkalar\u0131 bilekte esneklik, dayan\u0131kl\u0131l\u0131k ve rahatl\u0131k sa\u011flamak \u00fczere bir araya getirilmi\u015ftir. Toka, bilezi\u011fin zarif ve minimal g\u00f6r\u00fcn\u00fcm\u00fcn\u00fc korurken g\u00fcvenli bir kullan\u0131m sa\u011flamak \u00fczere tasarlanm\u0131\u015ft\u0131r.<\/p>\n<p><strong>Stil Fikirleri<\/strong><\/p>\n<p>Bu bilekli\u011fin \u00e7ok y\u00f6nl\u00fcl\u00fc\u011f\u00fc onu zahmetsiz bir stil par\u00e7as\u0131 haline getirir.<\/p>\n<p>Giymenin yollar\u0131:<\/p>\n<p>- Temiz bir minimalist ifade i\u00e7in tek ba\u015f\u0131na giyin<br \/>\n- Katmanl\u0131 bir bilek y\u0131\u011f\u0131n\u0131 i\u00e7in di\u011fer alt\u0131n bileziklerle e\u015fle\u015ftirin<br \/>\n- Modern ve kar\u0131\u015f\u0131k dokulu bir g\u00f6r\u00fcn\u00fcm i\u00e7in bileziklerle kombinleyin<br \/>\n- Hem g\u00fcndelik k\u0131yafetlerle hem de \u015f\u0131k gece k\u0131yafetleriyle stilize edin<\/p>\n<p>\u0130nce tasar\u0131m\u0131, rafine alt\u0131n dokusuyla \u00f6ne \u00e7\u0131karken di\u011fer m\u00fccevherleri tamamlamas\u0131na olanak tan\u0131r.<\/p>","protected":false},"excerpt":{"rendered":"<p>22 Ayar Alt\u0131n Minimal Boncuklu Bileklik, modern sadeli\u011fin zarif bir ifadesidir. \u0130nce bir zincir boyunca ba\u011flanm\u0131\u015f e\u015fit aral\u0131kl\u0131 mat alt\u0131n boncuklara sahip bu bileklik, bile\u011fe ince ama farkl\u0131 bir doku getiriyor.<\/p>\n<ul>\n<li><strong>Malzeme:<\/strong>\u00a022 Ayar Alt\u0131n (91,6% Saf Alt\u0131n)<\/li>\n<li><strong>Hallmark:\u00a0<\/strong>\u0130ngiliz Damgas\u0131<\/li>\n<li><strong>Br\u00fct A\u011f\u0131rl\u0131k: <\/strong>4.6 Gms<\/li>\n<li><strong>SKU: <\/strong>26749<\/li>\n<\/ul>\n<p><strong><br \/>\nFiyat ve Teslimat:\u00a0<\/strong>KDV ve teslimat \u00fccretleri dahil<\/p>\n<p><strong><a href=\"https:\/\/www.purejewels.com\/tr\/i%cc%87ade-poli%cc%87ti%cc%87kasi\/\">\u0130ade Politikas\u0131<\/a><\/strong><\/p>\n<p>&nbsp;<\/p>","protected":false},"featured_media":299121,"comment_status":"closed","ping_status":"closed","template":"","meta":{"_eb_attr":"","_crsspst_to_jayantr4sg-hostcom":false},"product_brand":[],"product_cat":[1627,1574],"product_tag":[],"class_list":{"0":"post-299090","1":"product","2":"type-product","3":"status-publish","4":"has-post-thumbnail","6":"product_cat-ladies-bracelet","7":"product_cat-womens-jewellery","9":"first","10":"outofstock","11":"taxable","12":"shipping-taxable","13":"product-type-simple","14":"add-to-wishlist-before_image"},"yoast_head":"<!-- This site is optimized with the Yoast SEO plugin v27.3 - https:\/\/yoast.com\/product\/yoast-seo-wordpress\/ -->\n<title>Shop Minimal 22ct Gold Beaded Bracelet | Modern Gold Bracelet<\/title>\n<meta name=\"description\" content=\"Discover a minimal 22ct gold beaded bracelet crafted with delicate matte gold beads. A refined everyday gold bracelet designed for effortless styling and timeless wear.\" \/>\n<meta name=\"robots\" content=\"index, follow, max-snippet:-1, max-image-preview:large, max-video-preview:-1\" \/>\n<link rel=\"canonical\" href=\"https:\/\/www.purejewels.com\/tr\/urun\/22-ayar-altin-bilezik-5\/\" \/>\n<meta property=\"og:locale\" content=\"tr_TR\" \/>\n<meta property=\"og:type\" content=\"article\" \/>\n<meta property=\"og:title\" content=\"Shop Minimal 22ct Gold Beaded Bracelet | Modern Gold Bracelet\" \/>\n<meta property=\"og:description\" content=\"Discover a minimal 22ct gold beaded bracelet crafted with delicate matte gold beads. A refined everyday gold bracelet designed for effortless styling and timeless wear.\" \/>\n<meta property=\"og:url\" content=\"https:\/\/www.purejewels.com\/tr\/urun\/22-ayar-altin-bilezik-5\/\" \/>\n<meta property=\"og:site_name\" content=\"PureJewels UK\" \/>\n<meta property=\"article:modified_time\" content=\"2026-03-11T04:34:20+00:00\" \/>\n<meta property=\"og:image\" content=\"https:\/\/static.purejewels.com\/wp-content\/uploads\/2018\/02\/26749_1.png\" \/>\n\t<meta property=\"og:image:width\" content=\"1000\" \/>\n\t<meta property=\"og:image:height\" content=\"1000\" \/>\n\t<meta property=\"og:image:type\" content=\"image\/png\" \/>\n<meta name=\"twitter:card\" content=\"summary_large_image\" \/>\n<meta name=\"twitter:label1\" content=\"Tahmini okuma s\u00fcresi\" \/>\n\t<meta name=\"twitter:data1\" content=\"2 dakika\" \/>\n<script type=\"application\/ld+json\" class=\"yoast-schema-graph\">{\"@context\":\"https:\\\/\\\/schema.org\",\"@graph\":[{\"@type\":[\"WebPage\",\"ItemPage\"],\"@id\":\"https:\\\/\\\/www.purejewels.com\\\/product\\\/22ct-gold-bracelet-5\\\/\",\"url\":\"https:\\\/\\\/www.purejewels.com\\\/product\\\/22ct-gold-bracelet-5\\\/\",\"name\":\"Shop Minimal 22ct Gold Beaded Bracelet | Modern Gold Bracelet\",\"isPartOf\":{\"@id\":\"https:\\\/\\\/www.purejewels.com\\\/#website\"},\"primaryImageOfPage\":{\"@id\":\"https:\\\/\\\/www.purejewels.com\\\/product\\\/22ct-gold-bracelet-5\\\/#primaryimage\"},\"image\":{\"@id\":\"https:\\\/\\\/www.purejewels.com\\\/product\\\/22ct-gold-bracelet-5\\\/#primaryimage\"},\"thumbnailUrl\":\"https:\\\/\\\/static.purejewels.com\\\/wp-content\\\/uploads\\\/2018\\\/02\\\/26749_1.png\",\"datePublished\":\"2018-02-23T12:18:48+00:00\",\"dateModified\":\"2026-03-11T04:34:20+00:00\",\"description\":\"Discover a minimal 22ct gold beaded bracelet crafted with delicate matte gold beads. A refined everyday gold bracelet designed for effortless styling and timeless wear.\",\"breadcrumb\":{\"@id\":\"https:\\\/\\\/www.purejewels.com\\\/product\\\/22ct-gold-bracelet-5\\\/#breadcrumb\"},\"inLanguage\":\"tr\",\"potentialAction\":[{\"@type\":\"ReadAction\",\"target\":[\"https:\\\/\\\/www.purejewels.com\\\/product\\\/22ct-gold-bracelet-5\\\/\"]}]},{\"@type\":\"ImageObject\",\"inLanguage\":\"tr\",\"@id\":\"https:\\\/\\\/www.purejewels.com\\\/product\\\/22ct-gold-bracelet-5\\\/#primaryimage\",\"url\":\"https:\\\/\\\/static.purejewels.com\\\/wp-content\\\/uploads\\\/2018\\\/02\\\/26749_1.png\",\"contentUrl\":\"https:\\\/\\\/static.purejewels.com\\\/wp-content\\\/uploads\\\/2018\\\/02\\\/26749_1.png\",\"width\":1000,\"height\":1000,\"caption\":\"26749_1\"},{\"@type\":\"BreadcrumbList\",\"@id\":\"https:\\\/\\\/www.purejewels.com\\\/product\\\/22ct-gold-bracelet-5\\\/#breadcrumb\",\"itemListElement\":[{\"@type\":\"ListItem\",\"position\":1,\"name\":\"Home\",\"item\":\"https:\\\/\\\/www.purejewels.com\\\/\"},{\"@type\":\"ListItem\",\"position\":2,\"name\":\"Shop\",\"item\":\"https:\\\/\\\/www.purejewels.com\\\/shop\\\/\"},{\"@type\":\"ListItem\",\"position\":3,\"name\":\"22ct Gold Minimal Beaded Bracelet\"}]},{\"@type\":\"WebSite\",\"@id\":\"https:\\\/\\\/www.purejewels.com\\\/#website\",\"url\":\"https:\\\/\\\/www.purejewels.com\\\/\",\"name\":\"PureJewels UK\",\"description\":\"Share the Love\",\"publisher\":{\"@id\":\"https:\\\/\\\/www.purejewels.com\\\/#organization\"},\"potentialAction\":[{\"@type\":\"SearchAction\",\"target\":{\"@type\":\"EntryPoint\",\"urlTemplate\":\"https:\\\/\\\/www.purejewels.com\\\/?s={search_term_string}\"},\"query-input\":{\"@type\":\"PropertyValueSpecification\",\"valueRequired\":true,\"valueName\":\"search_term_string\"}}],\"inLanguage\":\"tr\"},{\"@type\":\"Organization\",\"@id\":\"https:\\\/\\\/www.purejewels.com\\\/#organization\",\"name\":\"PureJewels UK\",\"url\":\"https:\\\/\\\/www.purejewels.com\\\/\",\"logo\":{\"@type\":\"ImageObject\",\"inLanguage\":\"tr\",\"@id\":\"https:\\\/\\\/www.purejewels.com\\\/#\\\/schema\\\/logo\\\/image\\\/\",\"url\":\"https:\\\/\\\/static.purejewels.com\\\/wp-content\\\/uploads\\\/2020\\\/11\\\/Logo-PJ-New-1.png\",\"contentUrl\":\"https:\\\/\\\/static.purejewels.com\\\/wp-content\\\/uploads\\\/2020\\\/11\\\/Logo-PJ-New-1.png\",\"width\":150,\"height\":80,\"caption\":\"PureJewels UK\"},\"image\":{\"@id\":\"https:\\\/\\\/www.purejewels.com\\\/#\\\/schema\\\/logo\\\/image\\\/\"}}]}<\/script>\n<!-- \/ Yoast SEO plugin. -->","yoast_head_json":{"title":"Minimal 22 Ayar Alt\u0131n Boncuklu Bileklik Al\u0131\u015fveri\u015fi | Modern Alt\u0131n Bileklik","description":"Narin mat alt\u0131n boncuklarla haz\u0131rlanm\u0131\u015f minimal 22 ayar alt\u0131n boncuklu bilezi\u011fi ke\u015ffedin. Zahmetsiz stil ve zamans\u0131z kullan\u0131m i\u00e7in tasarlanm\u0131\u015f zarif bir g\u00fcnl\u00fck alt\u0131n bileklik.","robots":{"index":"index","follow":"follow","max-snippet":"max-snippet:-1","max-image-preview":"max-image-preview:large","max-video-preview":"max-video-preview:-1"},"canonical":"https:\/\/www.purejewels.com\/tr\/urun\/22-ayar-altin-bilezik-5\/","og_locale":"tr_TR","og_type":"article","og_title":"Shop Minimal 22ct Gold Beaded Bracelet | Modern Gold Bracelet","og_description":"Discover a minimal 22ct gold beaded bracelet crafted with delicate matte gold beads. A refined everyday gold bracelet designed for effortless styling and timeless wear.","og_url":"https:\/\/www.purejewels.com\/tr\/urun\/22-ayar-altin-bilezik-5\/","og_site_name":"PureJewels UK","article_modified_time":"2026-03-11T04:34:20+00:00","og_image":[{"width":1000,"height":1000,"url":"https:\/\/static.purejewels.com\/wp-content\/uploads\/2018\/02\/26749_1.png","type":"image\/png"}],"twitter_card":"summary_large_image","twitter_misc":{"Tahmini okuma s\u00fcresi":"2 dakika"},"schema":{"@context":"https:\/\/schema.org","@graph":[{"@type":["WebPage","ItemPage"],"@id":"https:\/\/www.purejewels.com\/product\/22ct-gold-bracelet-5\/","url":"https:\/\/www.purejewels.com\/product\/22ct-gold-bracelet-5\/","name":"Minimal 22 Ayar Alt\u0131n Boncuklu Bileklik Al\u0131\u015fveri\u015fi | Modern Alt\u0131n Bileklik","isPartOf":{"@id":"https:\/\/www.purejewels.com\/#website"},"primaryImageOfPage":{"@id":"https:\/\/www.purejewels.com\/product\/22ct-gold-bracelet-5\/#primaryimage"},"image":{"@id":"https:\/\/www.purejewels.com\/product\/22ct-gold-bracelet-5\/#primaryimage"},"thumbnailUrl":"https:\/\/static.purejewels.com\/wp-content\/uploads\/2018\/02\/26749_1.png","datePublished":"2018-02-23T12:18:48+00:00","dateModified":"2026-03-11T04:34:20+00:00","description":"Narin mat alt\u0131n boncuklarla haz\u0131rlanm\u0131\u015f minimal 22 ayar alt\u0131n boncuklu bilezi\u011fi ke\u015ffedin. Zahmetsiz stil ve zamans\u0131z kullan\u0131m i\u00e7in tasarlanm\u0131\u015f zarif bir g\u00fcnl\u00fck alt\u0131n bileklik.","breadcrumb":{"@id":"https:\/\/www.purejewels.com\/product\/22ct-gold-bracelet-5\/#breadcrumb"},"inLanguage":"tr","potentialAction":[{"@type":"ReadAction","target":["https:\/\/www.purejewels.com\/product\/22ct-gold-bracelet-5\/"]}]},{"@type":"ImageObject","inLanguage":"tr","@id":"https:\/\/www.purejewels.com\/product\/22ct-gold-bracelet-5\/#primaryimage","url":"https:\/\/static.purejewels.com\/wp-content\/uploads\/2018\/02\/26749_1.png","contentUrl":"https:\/\/static.purejewels.com\/wp-content\/uploads\/2018\/02\/26749_1.png","width":1000,"height":1000,"caption":"26749_1"},{"@type":"BreadcrumbList","@id":"https:\/\/www.purejewels.com\/product\/22ct-gold-bracelet-5\/#breadcrumb","itemListElement":[{"@type":"ListItem","position":1,"name":"Home","item":"https:\/\/www.purejewels.com\/"},{"@type":"ListItem","position":2,"name":"Shop","item":"https:\/\/www.purejewels.com\/shop\/"},{"@type":"ListItem","position":3,"name":"22ct Gold Minimal Beaded Bracelet"}]},{"@type":"WebSite","@id":"https:\/\/www.purejewels.com\/#website","url":"https:\/\/www.purejewels.com\/","name":"PureJewels \u0130ngiltere","description":"Sevgiyi Payla\u015f\u0131n","publisher":{"@id":"https:\/\/www.purejewels.com\/#organization"},"potentialAction":[{"@type":"SearchAction","target":{"@type":"EntryPoint","urlTemplate":"https:\/\/www.purejewels.com\/?s={search_term_string}"},"query-input":{"@type":"PropertyValueSpecification","valueRequired":true,"valueName":"search_term_string"}}],"inLanguage":"tr"},{"@type":"Organization","@id":"https:\/\/www.purejewels.com\/#organization","name":"PureJewels \u0130ngiltere","url":"https:\/\/www.purejewels.com\/","logo":{"@type":"ImageObject","inLanguage":"tr","@id":"https:\/\/www.purejewels.com\/#\/schema\/logo\/image\/","url":"https:\/\/static.purejewels.com\/wp-content\/uploads\/2020\/11\/Logo-PJ-New-1.png","contentUrl":"https:\/\/static.purejewels.com\/wp-content\/uploads\/2020\/11\/Logo-PJ-New-1.png","width":150,"height":80,"caption":"PureJewels UK"},"image":{"@id":"https:\/\/www.purejewels.com\/#\/schema\/logo\/image\/"}}]}},"_links":{"self":[{"href":"https:\/\/www.purejewels.com\/tr\/wp-json\/wp\/v2\/product\/299090","targetHints":{"allow":["GET"]}}],"collection":[{"href":"https:\/\/www.purejewels.com\/tr\/wp-json\/wp\/v2\/product"}],"about":[{"href":"https:\/\/www.purejewels.com\/tr\/wp-json\/wp\/v2\/types\/product"}],"replies":[{"embeddable":true,"href":"https:\/\/www.purejewels.com\/tr\/wp-json\/wp\/v2\/comments?post=299090"}],"version-history":[{"count":4,"href":"https:\/\/www.purejewels.com\/tr\/wp-json\/wp\/v2\/product\/299090\/revisions"}],"predecessor-version":[{"id":426927,"href":"https:\/\/www.purejewels.com\/tr\/wp-json\/wp\/v2\/product\/299090\/revisions\/426927"}],"wp:featuredmedia":[{"embeddable":true,"href":"https:\/\/www.purejewels.com\/tr\/wp-json\/wp\/v2\/media\/299121"}],"wp:attachment":[{"href":"https:\/\/www.purejewels.com\/tr\/wp-json\/wp\/v2\/media?parent=299090"}],"wp:term":[{"taxonomy":"product_brand","embeddable":true,"href":"https:\/\/www.purejewels.com\/tr\/wp-json\/wp\/v2\/product_brand?post=299090"},{"taxonomy":"product_cat","embeddable":true,"href":"https:\/\/www.purejewels.com\/tr\/wp-json\/wp\/v2\/product_cat?post=299090"},{"taxonomy":"product_tag","embeddable":true,"href":"https:\/\/www.purejewels.com\/tr\/wp-json\/wp\/v2\/product_tag?post=299090"}],"curies":[{"name":"wp","href":"https:\/\/api.w.org\/{rel}","templated":true}]}}