{"id":299370,"date":"2018-03-02T15:34:35","date_gmt":"2018-03-02T15:34:35","guid":{"rendered":"https:\/\/www.purejewels.com\/product\/22ct-gold-bauble-bangles\/"},"modified":"2026-03-24T09:21:03","modified_gmt":"2026-03-24T09:21:03","slug":"22-ayar-altin-bilezikler-32322","status":"publish","type":"product","link":"https:\/\/www.purejewels.com\/tr\/product\/22ct-gold-bauble-bangles\/","title":{"rendered":"22 Ayar Alt\u0131n Antik Detay Kada \u00c7ift Bileklik"},"content":{"rendered":"<p>Tasar\u0131m<br \/>\nBu kada \u00e7ifti, y\u00fczey boyunca ince gran\u00fclasyon, oyma desenler ve yontulmu\u015f unsurlar\u0131 birle\u015ftiren katmanl\u0131 motiflerden olu\u015fan zengin detayl\u0131 bir kompozisyona sahiptir. Tasar\u0131m, g\u00f6z\u00fc \u00e7eken ve bir yap\u0131 hissi yaratan merkezi vurgularla tekrar eden formlar arac\u0131l\u0131\u011f\u0131yla derinlik olu\u015fturur. Cesur ancak dengeli silueti, rafine bir uygulama ile g\u00fc\u00e7l\u00fc bir geleneksel etkiyi yans\u0131t\u0131yor.<\/p>\n<p>Zanaatkarl\u0131k<br \/>\n22 ayar alt\u0131ndan \u00fcretilen her bir kada, gran\u00fclasyon ve hassas grav\u00fcr gibi yetenekli tekniklerle elde edilen karma\u015f\u0131k detaylar sergiliyor. Yap\u0131land\u0131r\u0131lm\u0131\u015f form, rahat bir uyum sa\u011flarken dayan\u0131kl\u0131l\u0131\u011f\u0131 da garanti eder. Her bir unsur, uyumlu ve y\u00fcksek bir y\u00fczey olu\u015fturmak i\u00e7in \u00f6zenle bir araya getirilmi\u015ftir. Her bir par\u00e7a \u0130ngiltere'de damgalanarak sertifikal\u0131 alt\u0131n safl\u0131\u011f\u0131 ve i\u015f\u00e7ili\u011fi sa\u011flar.<\/p>\n<p>\u015eekillendirme &amp; Hediyele\u015fme<br \/>\nD\u00fc\u011f\u00fcnler, bayramlar ve kutlamalar i\u00e7in ideal olan bu kada \u00e7ifti, her tak\u0131ma zenginlik ve duru\u015f katar. Geleneksel k\u0131yafetlerle g\u00fczel bir \u015fekilde e\u015fle\u015fir ve ayr\u0131ca \u00e7a\u011fda\u015f g\u00f6r\u00fcn\u00fcmlerle g\u00f6ze \u00e7arpan bir aksesuar olarak da \u015fekillendirilebilir. Kilometre ta\u015f\u0131 kutlamalar\u0131 veya zamans\u0131z ve etkileyici bir \u015fey gerektiren \u00f6zel anlar i\u00e7in anlaml\u0131 bir hediye.<\/p>","protected":false},"excerpt":{"rendered":"<ul>\n<li>22 Ayar Alt\u0131n Bauble Bilezikler<\/li>\n<li>Bileklik 1: SKU: 27233 , A\u011f\u0131rl\u0131k: 34,3 g<\/li>\n<li>Bileklik 2: SKU: 27234 , A\u011f\u0131rl\u0131k: 35,2 g<\/li>\n<li>Toplam a\u011f\u0131rl\u0131k: 69,6 g<\/li>\n<li>Boyut: 2,4 in\u00e7 i\u00e7 \u00e7ap. Ek boyutlar i\u00e7in l\u00fctfen sorunuz<\/li>\n<li>T\u00fcm fiyatlara KDV dahildir<\/li>\n<li>T\u00fcm \u00fcr\u00fcnlerimiz London Assay Office taraf\u0131ndan damgalanm\u0131\u015ft\u0131r<\/li>\n<li>Sunum Kutusu ile Birlikte Gelir<\/li>\n<li>Teslimat Dahil<\/li>\n<li>Stok durumu ve stokta bulunan benzer tasar\u0131mlar\u0131n daha fazla g\u00f6r\u00fcnt\u00fcs\u00fc i\u00e7in bizimle canl\u0131 sohbet edin<\/li>\n<\/ul>","protected":false},"featured_media":299409,"comment_status":"closed","ping_status":"closed","template":"","meta":{"_eb_attr":"","_crsspst_to_jayantr4sg-hostcom":false},"product_brand":[],"product_cat":[1659,1574],"product_tag":[1514,63,1521],"class_list":{"0":"post-299370","1":"product","2":"type-product","3":"status-publish","4":"has-post-thumbnail","6":"product_cat-bridal-and-party-wear-gold-kada-bangle","7":"product_cat-womens-jewellery","8":"product_tag-bangles","9":"product_tag-gold","10":"product_tag-kada","12":"first","13":"outofstock","14":"featured","15":"taxable","16":"shipping-taxable","17":"product-type-simple","18":"add-to-wishlist-before_image"},"yoast_head":"<!-- This site is optimized with the Yoast SEO plugin v27.3 - https:\/\/yoast.com\/product\/yoast-seo-wordpress\/ -->\n<title>22ct Gold Designer Kada Pair Antique Finish | PureJewels UK<\/title>\n<meta name=\"description\" content=\"Shop a pair of 22ct gold kadas with intricate antique detailing and layered design. Handcrafted and UK hallmarked for purity and occasion wear.\" \/>\n<meta name=\"robots\" content=\"index, follow, max-snippet:-1, max-image-preview:large, max-video-preview:-1\" \/>\n<link rel=\"canonical\" href=\"https:\/\/www.purejewels.com\/tr\/urun\/22-ayar-altin-bilezikler-32322\/\" \/>\n<meta property=\"og:locale\" content=\"tr_TR\" \/>\n<meta property=\"og:type\" content=\"article\" \/>\n<meta property=\"og:title\" content=\"22ct Gold Designer Kada Pair Antique Finish | PureJewels UK\" \/>\n<meta property=\"og:description\" content=\"Shop a pair of 22ct gold kadas with intricate antique detailing and layered design. Handcrafted and UK hallmarked for purity and occasion wear.\" \/>\n<meta property=\"og:url\" content=\"https:\/\/www.purejewels.com\/tr\/urun\/22-ayar-altin-bilezikler-32322\/\" \/>\n<meta property=\"og:site_name\" content=\"PureJewels UK\" \/>\n<meta property=\"article:modified_time\" content=\"2026-03-24T09:21:03+00:00\" \/>\n<meta property=\"og:image\" content=\"https:\/\/static.purejewels.com\/wp-content\/uploads\/2018\/03\/27233_34_1.png\" \/>\n\t<meta property=\"og:image:width\" content=\"1000\" \/>\n\t<meta property=\"og:image:height\" content=\"1000\" \/>\n\t<meta property=\"og:image:type\" content=\"image\/png\" \/>\n<meta name=\"twitter:card\" content=\"summary_large_image\" \/>\n<meta name=\"twitter:label1\" content=\"Tahmini okuma s\u00fcresi\" \/>\n\t<meta name=\"twitter:data1\" content=\"1 dakika\" \/>\n<script type=\"application\/ld+json\" class=\"yoast-schema-graph\">{\"@context\":\"https:\\\/\\\/schema.org\",\"@graph\":[{\"@type\":[\"WebPage\",\"ItemPage\"],\"@id\":\"https:\\\/\\\/www.purejewels.com\\\/product\\\/22ct-gold-bauble-bangles\\\/\",\"url\":\"https:\\\/\\\/www.purejewels.com\\\/product\\\/22ct-gold-bauble-bangles\\\/\",\"name\":\"22ct Gold Designer Kada Pair Antique Finish | PureJewels UK\",\"isPartOf\":{\"@id\":\"https:\\\/\\\/www.purejewels.com\\\/#website\"},\"primaryImageOfPage\":{\"@id\":\"https:\\\/\\\/www.purejewels.com\\\/product\\\/22ct-gold-bauble-bangles\\\/#primaryimage\"},\"image\":{\"@id\":\"https:\\\/\\\/www.purejewels.com\\\/product\\\/22ct-gold-bauble-bangles\\\/#primaryimage\"},\"thumbnailUrl\":\"https:\\\/\\\/static.purejewels.com\\\/wp-content\\\/uploads\\\/2018\\\/03\\\/27233_34_1.png\",\"datePublished\":\"2018-03-02T15:34:35+00:00\",\"dateModified\":\"2026-03-24T09:21:03+00:00\",\"description\":\"Shop a pair of 22ct gold kadas with intricate antique detailing and layered design. Handcrafted and UK hallmarked for purity and occasion wear.\",\"breadcrumb\":{\"@id\":\"https:\\\/\\\/www.purejewels.com\\\/product\\\/22ct-gold-bauble-bangles\\\/#breadcrumb\"},\"inLanguage\":\"tr\",\"potentialAction\":[{\"@type\":\"ReadAction\",\"target\":[\"https:\\\/\\\/www.purejewels.com\\\/product\\\/22ct-gold-bauble-bangles\\\/\"]}]},{\"@type\":\"ImageObject\",\"inLanguage\":\"tr\",\"@id\":\"https:\\\/\\\/www.purejewels.com\\\/product\\\/22ct-gold-bauble-bangles\\\/#primaryimage\",\"url\":\"https:\\\/\\\/static.purejewels.com\\\/wp-content\\\/uploads\\\/2018\\\/03\\\/27233_34_1.png\",\"contentUrl\":\"https:\\\/\\\/static.purejewels.com\\\/wp-content\\\/uploads\\\/2018\\\/03\\\/27233_34_1.png\",\"width\":1000,\"height\":1000,\"caption\":\"27233_34_1\"},{\"@type\":\"BreadcrumbList\",\"@id\":\"https:\\\/\\\/www.purejewels.com\\\/product\\\/22ct-gold-bauble-bangles\\\/#breadcrumb\",\"itemListElement\":[{\"@type\":\"ListItem\",\"position\":1,\"name\":\"Home\",\"item\":\"https:\\\/\\\/www.purejewels.com\\\/\"},{\"@type\":\"ListItem\",\"position\":2,\"name\":\"Shop\",\"item\":\"https:\\\/\\\/www.purejewels.com\\\/shop\\\/\"},{\"@type\":\"ListItem\",\"position\":3,\"name\":\"22ct Gold Antique Detail Kada Pair Bangles\"}]},{\"@type\":\"WebSite\",\"@id\":\"https:\\\/\\\/www.purejewels.com\\\/#website\",\"url\":\"https:\\\/\\\/www.purejewels.com\\\/\",\"name\":\"PureJewels UK\",\"description\":\"Share the Love\",\"publisher\":{\"@id\":\"https:\\\/\\\/www.purejewels.com\\\/#organization\"},\"potentialAction\":[{\"@type\":\"SearchAction\",\"target\":{\"@type\":\"EntryPoint\",\"urlTemplate\":\"https:\\\/\\\/www.purejewels.com\\\/?s={search_term_string}\"},\"query-input\":{\"@type\":\"PropertyValueSpecification\",\"valueRequired\":true,\"valueName\":\"search_term_string\"}}],\"inLanguage\":\"tr\"},{\"@type\":\"Organization\",\"@id\":\"https:\\\/\\\/www.purejewels.com\\\/#organization\",\"name\":\"PureJewels UK\",\"url\":\"https:\\\/\\\/www.purejewels.com\\\/\",\"logo\":{\"@type\":\"ImageObject\",\"inLanguage\":\"tr\",\"@id\":\"https:\\\/\\\/www.purejewels.com\\\/#\\\/schema\\\/logo\\\/image\\\/\",\"url\":\"https:\\\/\\\/static.purejewels.com\\\/wp-content\\\/uploads\\\/2020\\\/11\\\/Logo-PJ-New-1.png\",\"contentUrl\":\"https:\\\/\\\/static.purejewels.com\\\/wp-content\\\/uploads\\\/2020\\\/11\\\/Logo-PJ-New-1.png\",\"width\":150,\"height\":80,\"caption\":\"PureJewels UK\"},\"image\":{\"@id\":\"https:\\\/\\\/www.purejewels.com\\\/#\\\/schema\\\/logo\\\/image\\\/\"}}]}<\/script>\n<!-- \/ Yoast SEO plugin. -->","yoast_head_json":{"title":"22 Ayar Alt\u0131n Tasar\u0131mc\u0131 Kada \u00c7ifti Antik Kaplama | PureJewels UK","description":"Karma\u015f\u0131k antika detaylara ve katmanl\u0131 tasar\u0131ma sahip bir \u00e7ift 22 ayar alt\u0131n kadas sat\u0131n al\u0131n. El yap\u0131m\u0131 ve \u0130ngiltere damgal\u0131, safl\u0131k ve f\u0131rsat giyimi i\u00e7in.","robots":{"index":"index","follow":"follow","max-snippet":"max-snippet:-1","max-image-preview":"max-image-preview:large","max-video-preview":"max-video-preview:-1"},"canonical":"https:\/\/www.purejewels.com\/tr\/urun\/22-ayar-altin-bilezikler-32322\/","og_locale":"tr_TR","og_type":"article","og_title":"22ct Gold Designer Kada Pair Antique Finish | PureJewels UK","og_description":"Shop a pair of 22ct gold kadas with intricate antique detailing and layered design. Handcrafted and UK hallmarked for purity and occasion wear.","og_url":"https:\/\/www.purejewels.com\/tr\/urun\/22-ayar-altin-bilezikler-32322\/","og_site_name":"PureJewels UK","article_modified_time":"2026-03-24T09:21:03+00:00","og_image":[{"width":1000,"height":1000,"url":"https:\/\/static.purejewels.com\/wp-content\/uploads\/2018\/03\/27233_34_1.png","type":"image\/png"}],"twitter_card":"summary_large_image","twitter_misc":{"Tahmini okuma s\u00fcresi":"1 dakika"},"schema":{"@context":"https:\/\/schema.org","@graph":[{"@type":["WebPage","ItemPage"],"@id":"https:\/\/www.purejewels.com\/product\/22ct-gold-bauble-bangles\/","url":"https:\/\/www.purejewels.com\/product\/22ct-gold-bauble-bangles\/","name":"22 Ayar Alt\u0131n Tasar\u0131mc\u0131 Kada \u00c7ifti Antik Kaplama | PureJewels UK","isPartOf":{"@id":"https:\/\/www.purejewels.com\/#website"},"primaryImageOfPage":{"@id":"https:\/\/www.purejewels.com\/product\/22ct-gold-bauble-bangles\/#primaryimage"},"image":{"@id":"https:\/\/www.purejewels.com\/product\/22ct-gold-bauble-bangles\/#primaryimage"},"thumbnailUrl":"https:\/\/static.purejewels.com\/wp-content\/uploads\/2018\/03\/27233_34_1.png","datePublished":"2018-03-02T15:34:35+00:00","dateModified":"2026-03-24T09:21:03+00:00","description":"Karma\u015f\u0131k antika detaylara ve katmanl\u0131 tasar\u0131ma sahip bir \u00e7ift 22 ayar alt\u0131n kadas sat\u0131n al\u0131n. El yap\u0131m\u0131 ve \u0130ngiltere damgal\u0131, safl\u0131k ve f\u0131rsat giyimi i\u00e7in.","breadcrumb":{"@id":"https:\/\/www.purejewels.com\/product\/22ct-gold-bauble-bangles\/#breadcrumb"},"inLanguage":"tr","potentialAction":[{"@type":"ReadAction","target":["https:\/\/www.purejewels.com\/product\/22ct-gold-bauble-bangles\/"]}]},{"@type":"ImageObject","inLanguage":"tr","@id":"https:\/\/www.purejewels.com\/product\/22ct-gold-bauble-bangles\/#primaryimage","url":"https:\/\/static.purejewels.com\/wp-content\/uploads\/2018\/03\/27233_34_1.png","contentUrl":"https:\/\/static.purejewels.com\/wp-content\/uploads\/2018\/03\/27233_34_1.png","width":1000,"height":1000,"caption":"27233_34_1"},{"@type":"BreadcrumbList","@id":"https:\/\/www.purejewels.com\/product\/22ct-gold-bauble-bangles\/#breadcrumb","itemListElement":[{"@type":"ListItem","position":1,"name":"Home","item":"https:\/\/www.purejewels.com\/"},{"@type":"ListItem","position":2,"name":"Shop","item":"https:\/\/www.purejewels.com\/shop\/"},{"@type":"ListItem","position":3,"name":"22ct Gold Antique Detail Kada Pair Bangles"}]},{"@type":"WebSite","@id":"https:\/\/www.purejewels.com\/#website","url":"https:\/\/www.purejewels.com\/","name":"PureJewels \u0130ngiltere","description":"Sevgiyi Payla\u015f\u0131n","publisher":{"@id":"https:\/\/www.purejewels.com\/#organization"},"potentialAction":[{"@type":"SearchAction","target":{"@type":"EntryPoint","urlTemplate":"https:\/\/www.purejewels.com\/?s={search_term_string}"},"query-input":{"@type":"PropertyValueSpecification","valueRequired":true,"valueName":"search_term_string"}}],"inLanguage":"tr"},{"@type":"Organization","@id":"https:\/\/www.purejewels.com\/#organization","name":"PureJewels \u0130ngiltere","url":"https:\/\/www.purejewels.com\/","logo":{"@type":"ImageObject","inLanguage":"tr","@id":"https:\/\/www.purejewels.com\/#\/schema\/logo\/image\/","url":"https:\/\/static.purejewels.com\/wp-content\/uploads\/2020\/11\/Logo-PJ-New-1.png","contentUrl":"https:\/\/static.purejewels.com\/wp-content\/uploads\/2020\/11\/Logo-PJ-New-1.png","width":150,"height":80,"caption":"PureJewels UK"},"image":{"@id":"https:\/\/www.purejewels.com\/#\/schema\/logo\/image\/"}}]}},"_links":{"self":[{"href":"https:\/\/www.purejewels.com\/tr\/wp-json\/wp\/v2\/product\/299370","targetHints":{"allow":["GET"]}}],"collection":[{"href":"https:\/\/www.purejewels.com\/tr\/wp-json\/wp\/v2\/product"}],"about":[{"href":"https:\/\/www.purejewels.com\/tr\/wp-json\/wp\/v2\/types\/product"}],"replies":[{"embeddable":true,"href":"https:\/\/www.purejewels.com\/tr\/wp-json\/wp\/v2\/comments?post=299370"}],"version-history":[{"count":1,"href":"https:\/\/www.purejewels.com\/tr\/wp-json\/wp\/v2\/product\/299370\/revisions"}],"predecessor-version":[{"id":427523,"href":"https:\/\/www.purejewels.com\/tr\/wp-json\/wp\/v2\/product\/299370\/revisions\/427523"}],"wp:featuredmedia":[{"embeddable":true,"href":"https:\/\/www.purejewels.com\/tr\/wp-json\/wp\/v2\/media\/299409"}],"wp:attachment":[{"href":"https:\/\/www.purejewels.com\/tr\/wp-json\/wp\/v2\/media?parent=299370"}],"wp:term":[{"taxonomy":"product_brand","embeddable":true,"href":"https:\/\/www.purejewels.com\/tr\/wp-json\/wp\/v2\/product_brand?post=299370"},{"taxonomy":"product_cat","embeddable":true,"href":"https:\/\/www.purejewels.com\/tr\/wp-json\/wp\/v2\/product_cat?post=299370"},{"taxonomy":"product_tag","embeddable":true,"href":"https:\/\/www.purejewels.com\/tr\/wp-json\/wp\/v2\/product_tag?post=299370"}],"curies":[{"name":"wp","href":"https:\/\/api.w.org\/{rel}","templated":true}]}}