{"id":299942,"date":"2018-03-16T13:33:57","date_gmt":"2018-03-16T13:33:57","guid":{"rendered":"https:\/\/www.purejewels.com\/product\/22ct-gold-polki-earring\/"},"modified":"2026-03-10T07:58:08","modified_gmt":"2026-03-10T07:58:08","slug":"22-ayar-altin-polki-kupe","status":"publish","type":"product","link":"https:\/\/www.purejewels.com\/tr\/product\/22ct-gold-polki-earring\/","title":{"rendered":"22 Ayar Alt\u0131n Polki K\u00fcpe"},"content":{"rendered":"<p><strong>Tasar\u0131m Konsepti<\/strong><\/p>\n<p>Bu 22 ayar alt\u0131n polki tarz\u0131 k\u00fcpeler, geleneksel Hint miras\u0131 tak\u0131lardan ilham al\u0131yor. Tasar\u0131m, g\u00fczel detaylara sahip bir damla motifine do\u011fru akan \u00e7i\u00e7ekli bir saplama tepesine sahiptir. Narin telkari desenler ve katmanl\u0131 alt\u0131n unsurlar polki ta\u015flar\u0131n\u0131 \u00e7er\u00e7eveleyerek derinlik ve karakter yarat\u0131r. K\u00fc\u00e7\u00fck alt\u0131n boncuk damlalar hafif bir hareket katarak k\u00fcpelere zarif ve \u015fenlikli bir \u00e7ekicilik kazand\u0131r\u0131r.<\/p>\n<p><strong>Zanaatkarl\u0131k<\/strong><\/p>\n<p>22 ayar alt\u0131ndan \u00fcretilen bu k\u00fcpeler, karma\u015f\u0131k detaylar ve geleneksel tasar\u0131m unsurlar\u0131 sergiliyor. Sentetik polki ta\u015flar\u0131, antik esintili esteti\u011fi korurken yumu\u015fak parlakl\u0131\u011f\u0131 yans\u0131tmak i\u00e7in alt\u0131n \u00e7er\u00e7eve i\u00e7ine \u00f6zenle yerle\u015ftirilmi\u015ftir. \u0130nce dokular ve yontulmu\u015f motifler i\u015f\u00e7ili\u011fi vurgularken, her bir \u00e7ift \u0130ngiltere'de safl\u0131k sertifikas\u0131 i\u00e7in damgalanarak \u00f6zg\u00fcnl\u00fck ve kaliteyi garanti eder.<\/p>\n<p><strong>Stil Fikirleri<\/strong><\/p>\n<p>Bu 22 ayar alt\u0131n polki k\u00fcpeler bayramlar, d\u00fc\u011f\u00fcnler ve k\u00fclt\u00fcrel kutlamalar i\u00e7in idealdir. Mirastan ilham alan g\u00fczelliklerini vurgulamak i\u00e7in sare, lehenga veya zarif gece k\u0131yafetleri gibi geleneksel k\u0131yafetlerle e\u015fle\u015ftirin. Ayr\u0131ca, uyumlu bir alt\u0131n kolye ile \u015fekillendirilebilir veya rafine bir m\u00fccevher g\u00f6r\u00fcn\u00fcm\u00fcn\u00fc y\u00fckseltmek i\u00e7in bir ifade par\u00e7as\u0131 olarak tek ba\u015f\u0131na tak\u0131labilir.<\/p>","protected":false},"excerpt":{"rendered":"<p>Sentetik polki ta\u015flar\u0131 ve detayl\u0131 alt\u0131n motifler i\u00e7eren, geleneksel Hint m\u00fccevher sanat\u0131ndan esinlenerek \u00f6zenle i\u015flenmi\u015f 22 ayar alt\u0131n damla k\u00fcpe.<\/p>\n<ul>\n<li><strong>Malzeme:<\/strong>\u00a022 Ayar Alt\u0131n (91,6% Saf Alt\u0131n)<\/li>\n<li><strong>Hallmark:\u00a0<\/strong>\u0130ngiliz Damgas\u0131<\/li>\n<li><strong>Br\u00fct A\u011f\u0131rl\u0131k: <\/strong>8.4 Gms<\/li>\n<li><strong>SKU: <\/strong>27092<\/li>\n<\/ul>\n<p><strong><br \/>\nFiyat ve Teslimat:\u00a0<\/strong>KDV ve teslimat \u00fccretleri dahil<\/p>\n<p><strong><a href=\"https:\/\/www.purejewels.com\/tr\/i%cc%87ade-poli%cc%87ti%cc%87kasi\/\">\u0130ade Politikas\u0131<\/a><\/strong><\/p>\n<p>&nbsp;<\/p>","protected":false},"featured_media":314360,"comment_status":"closed","ping_status":"closed","template":"","meta":{"_eb_attr":"","_crsspst_to_jayantr4sg-hostcom":false},"product_brand":[],"product_cat":[245,1685,1254,1574],"product_tag":[4122],"class_list":{"0":"post-299942","1":"product","2":"type-product","3":"status-publish","4":"has-post-thumbnail","6":"product_cat-armari-collections","7":"product_cat-drop-earrings","8":"product_cat-gold-earrings","9":"product_cat-womens-jewellery","10":"product_tag-earrings-for-sale","12":"first","13":"outofstock","14":"sale","15":"taxable","16":"shipping-taxable","17":"product-type-simple","18":"add-to-wishlist-before_image"},"yoast_head":"<!-- This site is optimized with the Yoast SEO plugin v27.3 - https:\/\/yoast.com\/product\/yoast-seo-wordpress\/ -->\n<title>Shop Traditional Polki Style Gold Drop Earrings in 22ct Gold<\/title>\n<meta name=\"description\" content=\"Elegant 22ct gold drop earrings featuring synthetic polki stones and intricate detailing. A traditional gold earring design inspired by classic Indian jewellery artistry.\" \/>\n<meta name=\"robots\" content=\"index, follow, max-snippet:-1, max-image-preview:large, max-video-preview:-1\" \/>\n<link rel=\"canonical\" href=\"https:\/\/www.purejewels.com\/tr\/urun\/22-ayar-altin-polki-kupe\/\" \/>\n<meta property=\"og:locale\" content=\"tr_TR\" \/>\n<meta property=\"og:type\" content=\"article\" \/>\n<meta property=\"og:title\" content=\"Shop Traditional Polki Style Gold Drop Earrings in 22ct Gold\" \/>\n<meta property=\"og:description\" content=\"Elegant 22ct gold drop earrings featuring synthetic polki stones and intricate detailing. A traditional gold earring design inspired by classic Indian jewellery artistry.\" \/>\n<meta property=\"og:url\" content=\"https:\/\/www.purejewels.com\/tr\/urun\/22-ayar-altin-polki-kupe\/\" \/>\n<meta property=\"og:site_name\" content=\"PureJewels UK\" \/>\n<meta property=\"article:modified_time\" content=\"2026-03-10T07:58:08+00:00\" \/>\n<meta property=\"og:image\" content=\"https:\/\/static.purejewels.com\/wp-content\/uploads\/2020\/05\/133378648.png\" \/>\n\t<meta property=\"og:image:width\" content=\"1000\" \/>\n\t<meta property=\"og:image:height\" content=\"1000\" \/>\n\t<meta property=\"og:image:type\" content=\"image\/png\" \/>\n<meta name=\"twitter:card\" content=\"summary_large_image\" \/>\n<meta name=\"twitter:label1\" content=\"Tahmini okuma s\u00fcresi\" \/>\n\t<meta name=\"twitter:data1\" content=\"1 dakika\" \/>\n<script type=\"application\/ld+json\" class=\"yoast-schema-graph\">{\"@context\":\"https:\\\/\\\/schema.org\",\"@graph\":[{\"@type\":[\"WebPage\",\"ItemPage\"],\"@id\":\"https:\\\/\\\/www.purejewels.com\\\/product\\\/22ct-gold-polki-earring\\\/\",\"url\":\"https:\\\/\\\/www.purejewels.com\\\/product\\\/22ct-gold-polki-earring\\\/\",\"name\":\"Shop Traditional Polki Style Gold Drop Earrings in 22ct Gold\",\"isPartOf\":{\"@id\":\"https:\\\/\\\/www.purejewels.com\\\/#website\"},\"primaryImageOfPage\":{\"@id\":\"https:\\\/\\\/www.purejewels.com\\\/product\\\/22ct-gold-polki-earring\\\/#primaryimage\"},\"image\":{\"@id\":\"https:\\\/\\\/www.purejewels.com\\\/product\\\/22ct-gold-polki-earring\\\/#primaryimage\"},\"thumbnailUrl\":\"https:\\\/\\\/static.purejewels.com\\\/wp-content\\\/uploads\\\/2020\\\/05\\\/133378648.png\",\"datePublished\":\"2018-03-16T13:33:57+00:00\",\"dateModified\":\"2026-03-10T07:58:08+00:00\",\"description\":\"Elegant 22ct gold drop earrings featuring synthetic polki stones and intricate detailing. A traditional gold earring design inspired by classic Indian jewellery artistry.\",\"breadcrumb\":{\"@id\":\"https:\\\/\\\/www.purejewels.com\\\/product\\\/22ct-gold-polki-earring\\\/#breadcrumb\"},\"inLanguage\":\"tr\",\"potentialAction\":[{\"@type\":\"ReadAction\",\"target\":[\"https:\\\/\\\/www.purejewels.com\\\/product\\\/22ct-gold-polki-earring\\\/\"]}]},{\"@type\":\"ImageObject\",\"inLanguage\":\"tr\",\"@id\":\"https:\\\/\\\/www.purejewels.com\\\/product\\\/22ct-gold-polki-earring\\\/#primaryimage\",\"url\":\"https:\\\/\\\/static.purejewels.com\\\/wp-content\\\/uploads\\\/2020\\\/05\\\/133378648.png\",\"contentUrl\":\"https:\\\/\\\/static.purejewels.com\\\/wp-content\\\/uploads\\\/2020\\\/05\\\/133378648.png\",\"width\":1000,\"height\":1000,\"caption\":\"22ct Gold Earrings with Polki StonesWt : 8.4gmAll prices include VAT22ct Gold\u00a0Hallmarked by London Assay OfficeComes With Presentation BoxDelivery IncludedLive Chat with us on Whatsapp to get more Images And Videos of This Product\"},{\"@type\":\"BreadcrumbList\",\"@id\":\"https:\\\/\\\/www.purejewels.com\\\/product\\\/22ct-gold-polki-earring\\\/#breadcrumb\",\"itemListElement\":[{\"@type\":\"ListItem\",\"position\":1,\"name\":\"Home\",\"item\":\"https:\\\/\\\/www.purejewels.com\\\/\"},{\"@type\":\"ListItem\",\"position\":2,\"name\":\"Shop\",\"item\":\"https:\\\/\\\/www.purejewels.com\\\/shop\\\/\"},{\"@type\":\"ListItem\",\"position\":3,\"name\":\"22ct Gold Polki Earring\"}]},{\"@type\":\"WebSite\",\"@id\":\"https:\\\/\\\/www.purejewels.com\\\/#website\",\"url\":\"https:\\\/\\\/www.purejewels.com\\\/\",\"name\":\"PureJewels UK\",\"description\":\"Share the Love\",\"publisher\":{\"@id\":\"https:\\\/\\\/www.purejewels.com\\\/#organization\"},\"potentialAction\":[{\"@type\":\"SearchAction\",\"target\":{\"@type\":\"EntryPoint\",\"urlTemplate\":\"https:\\\/\\\/www.purejewels.com\\\/?s={search_term_string}\"},\"query-input\":{\"@type\":\"PropertyValueSpecification\",\"valueRequired\":true,\"valueName\":\"search_term_string\"}}],\"inLanguage\":\"tr\"},{\"@type\":\"Organization\",\"@id\":\"https:\\\/\\\/www.purejewels.com\\\/#organization\",\"name\":\"PureJewels UK\",\"url\":\"https:\\\/\\\/www.purejewels.com\\\/\",\"logo\":{\"@type\":\"ImageObject\",\"inLanguage\":\"tr\",\"@id\":\"https:\\\/\\\/www.purejewels.com\\\/#\\\/schema\\\/logo\\\/image\\\/\",\"url\":\"https:\\\/\\\/static.purejewels.com\\\/wp-content\\\/uploads\\\/2020\\\/11\\\/Logo-PJ-New-1.png\",\"contentUrl\":\"https:\\\/\\\/static.purejewels.com\\\/wp-content\\\/uploads\\\/2020\\\/11\\\/Logo-PJ-New-1.png\",\"width\":150,\"height\":80,\"caption\":\"PureJewels UK\"},\"image\":{\"@id\":\"https:\\\/\\\/www.purejewels.com\\\/#\\\/schema\\\/logo\\\/image\\\/\"}}]}<\/script>\n<!-- \/ Yoast SEO plugin. -->","yoast_head_json":{"title":"Geleneksel Polki Tarz\u0131 Alt\u0131n Damla K\u00fcpeleri 22 Ayar Alt\u0131ndan Sat\u0131n Al\u0131n","description":"Sentetik polki ta\u015flar\u0131 ve karma\u015f\u0131k detaylara sahip zarif 22 ayar alt\u0131n damla k\u00fcpeler. Klasik Hint m\u00fccevher sanat\u0131ndan ilham alan geleneksel bir alt\u0131n k\u00fcpe tasar\u0131m\u0131.","robots":{"index":"index","follow":"follow","max-snippet":"max-snippet:-1","max-image-preview":"max-image-preview:large","max-video-preview":"max-video-preview:-1"},"canonical":"https:\/\/www.purejewels.com\/tr\/urun\/22-ayar-altin-polki-kupe\/","og_locale":"tr_TR","og_type":"article","og_title":"Shop Traditional Polki Style Gold Drop Earrings in 22ct Gold","og_description":"Elegant 22ct gold drop earrings featuring synthetic polki stones and intricate detailing. A traditional gold earring design inspired by classic Indian jewellery artistry.","og_url":"https:\/\/www.purejewels.com\/tr\/urun\/22-ayar-altin-polki-kupe\/","og_site_name":"PureJewels UK","article_modified_time":"2026-03-10T07:58:08+00:00","og_image":[{"width":1000,"height":1000,"url":"https:\/\/static.purejewels.com\/wp-content\/uploads\/2020\/05\/133378648.png","type":"image\/png"}],"twitter_card":"summary_large_image","twitter_misc":{"Tahmini okuma s\u00fcresi":"1 dakika"},"schema":{"@context":"https:\/\/schema.org","@graph":[{"@type":["WebPage","ItemPage"],"@id":"https:\/\/www.purejewels.com\/product\/22ct-gold-polki-earring\/","url":"https:\/\/www.purejewels.com\/product\/22ct-gold-polki-earring\/","name":"Geleneksel Polki Tarz\u0131 Alt\u0131n Damla K\u00fcpeleri 22 Ayar Alt\u0131ndan Sat\u0131n Al\u0131n","isPartOf":{"@id":"https:\/\/www.purejewels.com\/#website"},"primaryImageOfPage":{"@id":"https:\/\/www.purejewels.com\/product\/22ct-gold-polki-earring\/#primaryimage"},"image":{"@id":"https:\/\/www.purejewels.com\/product\/22ct-gold-polki-earring\/#primaryimage"},"thumbnailUrl":"https:\/\/static.purejewels.com\/wp-content\/uploads\/2020\/05\/133378648.png","datePublished":"2018-03-16T13:33:57+00:00","dateModified":"2026-03-10T07:58:08+00:00","description":"Sentetik polki ta\u015flar\u0131 ve karma\u015f\u0131k detaylara sahip zarif 22 ayar alt\u0131n damla k\u00fcpeler. Klasik Hint m\u00fccevher sanat\u0131ndan ilham alan geleneksel bir alt\u0131n k\u00fcpe tasar\u0131m\u0131.","breadcrumb":{"@id":"https:\/\/www.purejewels.com\/product\/22ct-gold-polki-earring\/#breadcrumb"},"inLanguage":"tr","potentialAction":[{"@type":"ReadAction","target":["https:\/\/www.purejewels.com\/product\/22ct-gold-polki-earring\/"]}]},{"@type":"ImageObject","inLanguage":"tr","@id":"https:\/\/www.purejewels.com\/product\/22ct-gold-polki-earring\/#primaryimage","url":"https:\/\/static.purejewels.com\/wp-content\/uploads\/2020\/05\/133378648.png","contentUrl":"https:\/\/static.purejewels.com\/wp-content\/uploads\/2020\/05\/133378648.png","width":1000,"height":1000,"caption":"22ct Gold Earrings with Polki StonesWt : 8.4gmAll prices include VAT22ct Gold\u00a0Hallmarked by London Assay OfficeComes With Presentation BoxDelivery IncludedLive Chat with us on Whatsapp to get more Images And Videos of This Product"},{"@type":"BreadcrumbList","@id":"https:\/\/www.purejewels.com\/product\/22ct-gold-polki-earring\/#breadcrumb","itemListElement":[{"@type":"ListItem","position":1,"name":"Home","item":"https:\/\/www.purejewels.com\/"},{"@type":"ListItem","position":2,"name":"Shop","item":"https:\/\/www.purejewels.com\/shop\/"},{"@type":"ListItem","position":3,"name":"22ct Gold Polki Earring"}]},{"@type":"WebSite","@id":"https:\/\/www.purejewels.com\/#website","url":"https:\/\/www.purejewels.com\/","name":"PureJewels \u0130ngiltere","description":"Sevgiyi Payla\u015f\u0131n","publisher":{"@id":"https:\/\/www.purejewels.com\/#organization"},"potentialAction":[{"@type":"SearchAction","target":{"@type":"EntryPoint","urlTemplate":"https:\/\/www.purejewels.com\/?s={search_term_string}"},"query-input":{"@type":"PropertyValueSpecification","valueRequired":true,"valueName":"search_term_string"}}],"inLanguage":"tr"},{"@type":"Organization","@id":"https:\/\/www.purejewels.com\/#organization","name":"PureJewels \u0130ngiltere","url":"https:\/\/www.purejewels.com\/","logo":{"@type":"ImageObject","inLanguage":"tr","@id":"https:\/\/www.purejewels.com\/#\/schema\/logo\/image\/","url":"https:\/\/static.purejewels.com\/wp-content\/uploads\/2020\/11\/Logo-PJ-New-1.png","contentUrl":"https:\/\/static.purejewels.com\/wp-content\/uploads\/2020\/11\/Logo-PJ-New-1.png","width":150,"height":80,"caption":"PureJewels UK"},"image":{"@id":"https:\/\/www.purejewels.com\/#\/schema\/logo\/image\/"}}]}},"_links":{"self":[{"href":"https:\/\/www.purejewels.com\/tr\/wp-json\/wp\/v2\/product\/299942","targetHints":{"allow":["GET"]}}],"collection":[{"href":"https:\/\/www.purejewels.com\/tr\/wp-json\/wp\/v2\/product"}],"about":[{"href":"https:\/\/www.purejewels.com\/tr\/wp-json\/wp\/v2\/types\/product"}],"replies":[{"embeddable":true,"href":"https:\/\/www.purejewels.com\/tr\/wp-json\/wp\/v2\/comments?post=299942"}],"version-history":[{"count":3,"href":"https:\/\/www.purejewels.com\/tr\/wp-json\/wp\/v2\/product\/299942\/revisions"}],"predecessor-version":[{"id":426878,"href":"https:\/\/www.purejewels.com\/tr\/wp-json\/wp\/v2\/product\/299942\/revisions\/426878"}],"wp:featuredmedia":[{"embeddable":true,"href":"https:\/\/www.purejewels.com\/tr\/wp-json\/wp\/v2\/media\/314360"}],"wp:attachment":[{"href":"https:\/\/www.purejewels.com\/tr\/wp-json\/wp\/v2\/media?parent=299942"}],"wp:term":[{"taxonomy":"product_brand","embeddable":true,"href":"https:\/\/www.purejewels.com\/tr\/wp-json\/wp\/v2\/product_brand?post=299942"},{"taxonomy":"product_cat","embeddable":true,"href":"https:\/\/www.purejewels.com\/tr\/wp-json\/wp\/v2\/product_cat?post=299942"},{"taxonomy":"product_tag","embeddable":true,"href":"https:\/\/www.purejewels.com\/tr\/wp-json\/wp\/v2\/product_tag?post=299942"}],"curies":[{"name":"wp","href":"https:\/\/api.w.org\/{rel}","templated":true}]}}