{"id":299944,"date":"2018-03-16T13:33:57","date_gmt":"2018-03-16T13:33:57","guid":{"rendered":"https:\/\/www.purejewels.com\/product\/22ct-gold-polki-earring-2\/"},"modified":"2026-03-10T08:20:27","modified_gmt":"2026-03-10T08:20:27","slug":"22-ayar-altin-polki-kupe-2","status":"publish","type":"product","link":"https:\/\/www.purejewels.com\/tr\/product\/22ct-gold-polki-earring-2\/","title":{"rendered":"22 Ayar Alt\u0131n Polki K\u00fcpe"},"content":{"rendered":"<p><strong>Tasar\u0131m Konsepti<\/strong><\/p>\n<p>Bu <a href=\"https:\/\/www.purejewels.com\/tr\/product\/22ct-gold-jali-filigree-ring-jali-collection-31926\/\">22ct<\/a> Alt\u0131n \u00c7i\u00e7ekli Polki Damla <a href=\"https:\/\/www.purejewels.com\/tr\/product-category\/22ct-gold-jewellery\/gold-earrings\/\">K\u00fcpeler<\/a> Geleneksel m\u00fccevher tasar\u0131m\u0131n\u0131n g\u00fczelli\u011fini zarif bir \u00e7i\u00e7ek kompozisyonuyla kutluyor. Detayl\u0131 bir polki saplama, narin alt\u0131n desenlerle i\u015flenmi\u015f s\u00fcsl\u00fc bir \u00e7i\u00e7ek merkez motifine akan \u00fcst k\u0131sm\u0131 olu\u015fturur. Tasar\u0131m, renk, hareket ve zarafet katan g\u00f6zya\u015f\u0131 damlas\u0131 \u015feklindeki de\u011ferli ta\u015f damlas\u0131yla tamamlanarak \u00e7arp\u0131c\u0131 ama dengeli bir siluet olu\u015fturuyor.<\/p>\n<p><strong>Zanaatkarl\u0131k<\/strong><\/p>\n<p>22 ayar alt\u0131ndan \u00fcretilen bu k\u00fcpeler, tarihi m\u00fccevher tekniklerinden ilham alan karma\u015f\u0131k bir sanat sergiliyor. Ortadaki \u00e7i\u00e7ek motifi, yumu\u015fak ve do\u011fal bir parlakl\u0131k yans\u0131tan \u00f6zenle yerle\u015ftirilmi\u015f polki ta\u015flar\u0131n\u0131 \u00e7evreleyen ince dokulu alt\u0131n unsurlara sahiptir. K\u00fcpeler, safl\u0131k sertifikas\u0131 i\u00e7in Birle\u015fik Krall\u0131k'ta damgalanarak \u00f6zg\u00fcnl\u00fck ve kaliteli alt\u0131n tak\u0131lardan beklenen y\u00fcksek standartlar sa\u011flanm\u0131\u015ft\u0131r.<\/p>\n<p><strong>Stil Fikirleri<\/strong><\/p>\n<p>Bu 22 ayar alt\u0131n polki damla k\u00fcpeler d\u00fc\u011f\u00fcnler, bayram kutlamalar\u0131 ve geleneksel g\u00fcnler i\u00e7in idealdir. S\u00fcsl\u00fc i\u015f\u00e7iliklerini vurgulamak i\u00e7in bunlar\u0131 sariler, lehengalar veya zarif gece k\u0131yafetleriyle e\u015fle\u015ftirin. Bu tasar\u0131m ayn\u0131 zamanda uyumlu alt\u0131n bileklikler veya g\u00f6steri\u015fli bir kolye ile g\u00fczel bir uyum sa\u011flayarak zamans\u0131z gelene\u011fi onurland\u0131ran zarif bir m\u00fccevher g\u00f6r\u00fcn\u00fcm\u00fc yarat\u0131r.<\/p>","protected":false},"excerpt":{"rendered":"<p>Geleneksel Hint tak\u0131lar\u0131ndan esinlenilerek tasarlanan zarif 22 ayar alt\u0131n \u00e7i\u00e7ekli damla k\u00fcpeler, polki ta\u015flar\u0131, karma\u015f\u0131k alt\u0131n detaylar ve zarif bir de\u011ferli ta\u015f damlas\u0131na sahiptir.<\/p>\n<ul>\n<li><strong>Malzeme:<\/strong>\u00a022 Ayar Alt\u0131n (91,6% Saf Alt\u0131n)<\/li>\n<li><strong>Hallmark:\u00a0<\/strong>\u0130ngiliz Damgas\u0131<\/li>\n<li><strong>Br\u00fct A\u011f\u0131rl\u0131k:<\/strong> 15.8 gm<\/li>\n<li><strong>SKU: <\/strong>27094<\/li>\n<\/ul>\n<p><strong><br \/>\nFiyat ve Teslimat:\u00a0<\/strong>KDV ve teslimat \u00fccretleri dahil<\/p>\n<p><strong><a href=\"https:\/\/www.purejewels.com\/tr\/i%cc%87ade-poli%cc%87ti%cc%87kasi\/\">\u0130ade Politikas\u0131<\/a><\/strong><\/p>","protected":false},"featured_media":300008,"comment_status":"closed","ping_status":"closed","template":"","meta":{"_eb_attr":"","_crsspst_to_jayantr4sg-hostcom":false},"product_brand":[],"product_cat":[1685],"product_tag":[],"class_list":{"0":"post-299944","1":"product","2":"type-product","3":"status-publish","4":"has-post-thumbnail","6":"product_cat-drop-earrings","8":"first","9":"outofstock","10":"taxable","11":"shipping-taxable","12":"product-type-simple","13":"add-to-wishlist-before_image"},"yoast_head":"<!-- This site is optimized with the Yoast SEO plugin v27.3 - https:\/\/yoast.com\/product\/yoast-seo-wordpress\/ -->\n<title>22ct Gold Floral Polki Drop Earrings | PureJewels UK<\/title>\n<meta name=\"description\" content=\"Discover elegant 22ct gold floral drop earrings with polki stones and intricate detailing. A heritage inspired gold jewellery design perfect for festive occasions.\" \/>\n<meta name=\"robots\" content=\"index, follow, max-snippet:-1, max-image-preview:large, max-video-preview:-1\" \/>\n<link rel=\"canonical\" href=\"https:\/\/www.purejewels.com\/tr\/urun\/22-ayar-altin-polki-kupe-2\/\" \/>\n<meta property=\"og:locale\" content=\"tr_TR\" \/>\n<meta property=\"og:type\" content=\"article\" \/>\n<meta property=\"og:title\" content=\"22ct Gold Floral Polki Drop Earrings | PureJewels UK\" \/>\n<meta property=\"og:description\" content=\"Discover elegant 22ct gold floral drop earrings with polki stones and intricate detailing. A heritage inspired gold jewellery design perfect for festive occasions.\" \/>\n<meta property=\"og:url\" content=\"https:\/\/www.purejewels.com\/tr\/urun\/22-ayar-altin-polki-kupe-2\/\" \/>\n<meta property=\"og:site_name\" content=\"PureJewels UK\" \/>\n<meta property=\"article:modified_time\" content=\"2026-03-10T08:20:27+00:00\" \/>\n<meta property=\"og:image\" content=\"https:\/\/static.purejewels.com\/wp-content\/uploads\/2018\/03\/27094_.png\" \/>\n\t<meta property=\"og:image:width\" content=\"1000\" \/>\n\t<meta property=\"og:image:height\" content=\"1000\" \/>\n\t<meta property=\"og:image:type\" content=\"image\/png\" \/>\n<meta name=\"twitter:card\" content=\"summary_large_image\" \/>\n<meta name=\"twitter:label1\" content=\"Tahmini okuma s\u00fcresi\" \/>\n\t<meta name=\"twitter:data1\" content=\"1 dakika\" \/>\n<script type=\"application\/ld+json\" class=\"yoast-schema-graph\">{\"@context\":\"https:\\\/\\\/schema.org\",\"@graph\":[{\"@type\":[\"WebPage\",\"ItemPage\"],\"@id\":\"https:\\\/\\\/www.purejewels.com\\\/product\\\/22ct-gold-polki-earring-2\\\/\",\"url\":\"https:\\\/\\\/www.purejewels.com\\\/product\\\/22ct-gold-polki-earring-2\\\/\",\"name\":\"22ct Gold Floral Polki Drop Earrings | PureJewels UK\",\"isPartOf\":{\"@id\":\"https:\\\/\\\/www.purejewels.com\\\/#website\"},\"primaryImageOfPage\":{\"@id\":\"https:\\\/\\\/www.purejewels.com\\\/product\\\/22ct-gold-polki-earring-2\\\/#primaryimage\"},\"image\":{\"@id\":\"https:\\\/\\\/www.purejewels.com\\\/product\\\/22ct-gold-polki-earring-2\\\/#primaryimage\"},\"thumbnailUrl\":\"https:\\\/\\\/static.purejewels.com\\\/wp-content\\\/uploads\\\/2018\\\/03\\\/27094_.png\",\"datePublished\":\"2018-03-16T13:33:57+00:00\",\"dateModified\":\"2026-03-10T08:20:27+00:00\",\"description\":\"Discover elegant 22ct gold floral drop earrings with polki stones and intricate detailing. A heritage inspired gold jewellery design perfect for festive occasions.\",\"breadcrumb\":{\"@id\":\"https:\\\/\\\/www.purejewels.com\\\/product\\\/22ct-gold-polki-earring-2\\\/#breadcrumb\"},\"inLanguage\":\"tr\",\"potentialAction\":[{\"@type\":\"ReadAction\",\"target\":[\"https:\\\/\\\/www.purejewels.com\\\/product\\\/22ct-gold-polki-earring-2\\\/\"]}]},{\"@type\":\"ImageObject\",\"inLanguage\":\"tr\",\"@id\":\"https:\\\/\\\/www.purejewels.com\\\/product\\\/22ct-gold-polki-earring-2\\\/#primaryimage\",\"url\":\"https:\\\/\\\/static.purejewels.com\\\/wp-content\\\/uploads\\\/2018\\\/03\\\/27094_.png\",\"contentUrl\":\"https:\\\/\\\/static.purejewels.com\\\/wp-content\\\/uploads\\\/2018\\\/03\\\/27094_.png\",\"width\":1000,\"height\":1000,\"caption\":\"27094_\"},{\"@type\":\"BreadcrumbList\",\"@id\":\"https:\\\/\\\/www.purejewels.com\\\/product\\\/22ct-gold-polki-earring-2\\\/#breadcrumb\",\"itemListElement\":[{\"@type\":\"ListItem\",\"position\":1,\"name\":\"Home\",\"item\":\"https:\\\/\\\/www.purejewels.com\\\/\"},{\"@type\":\"ListItem\",\"position\":2,\"name\":\"Shop\",\"item\":\"https:\\\/\\\/www.purejewels.com\\\/shop\\\/\"},{\"@type\":\"ListItem\",\"position\":3,\"name\":\"22ct Gold Polki Earring\"}]},{\"@type\":\"WebSite\",\"@id\":\"https:\\\/\\\/www.purejewels.com\\\/#website\",\"url\":\"https:\\\/\\\/www.purejewels.com\\\/\",\"name\":\"PureJewels UK\",\"description\":\"Share the Love\",\"publisher\":{\"@id\":\"https:\\\/\\\/www.purejewels.com\\\/#organization\"},\"potentialAction\":[{\"@type\":\"SearchAction\",\"target\":{\"@type\":\"EntryPoint\",\"urlTemplate\":\"https:\\\/\\\/www.purejewels.com\\\/?s={search_term_string}\"},\"query-input\":{\"@type\":\"PropertyValueSpecification\",\"valueRequired\":true,\"valueName\":\"search_term_string\"}}],\"inLanguage\":\"tr\"},{\"@type\":\"Organization\",\"@id\":\"https:\\\/\\\/www.purejewels.com\\\/#organization\",\"name\":\"PureJewels UK\",\"url\":\"https:\\\/\\\/www.purejewels.com\\\/\",\"logo\":{\"@type\":\"ImageObject\",\"inLanguage\":\"tr\",\"@id\":\"https:\\\/\\\/www.purejewels.com\\\/#\\\/schema\\\/logo\\\/image\\\/\",\"url\":\"https:\\\/\\\/static.purejewels.com\\\/wp-content\\\/uploads\\\/2020\\\/11\\\/Logo-PJ-New-1.png\",\"contentUrl\":\"https:\\\/\\\/static.purejewels.com\\\/wp-content\\\/uploads\\\/2020\\\/11\\\/Logo-PJ-New-1.png\",\"width\":150,\"height\":80,\"caption\":\"PureJewels UK\"},\"image\":{\"@id\":\"https:\\\/\\\/www.purejewels.com\\\/#\\\/schema\\\/logo\\\/image\\\/\"}}]}<\/script>\n<!-- \/ Yoast SEO plugin. -->","yoast_head_json":{"title":"22 Ayar Alt\u0131n \u00c7i\u00e7ekli Polki Damla K\u00fcpe | PureJewels UK","description":"Polki ta\u015fl\u0131 ve karma\u015f\u0131k detaylara sahip zarif 22 ayar alt\u0131n \u00e7i\u00e7ekli damla k\u00fcpeleri ke\u015ffedin. Mirastan ilham alan alt\u0131n tak\u0131 tasar\u0131m\u0131 bayram g\u00fcnleri i\u00e7in m\u00fckemmeldir.","robots":{"index":"index","follow":"follow","max-snippet":"max-snippet:-1","max-image-preview":"max-image-preview:large","max-video-preview":"max-video-preview:-1"},"canonical":"https:\/\/www.purejewels.com\/tr\/urun\/22-ayar-altin-polki-kupe-2\/","og_locale":"tr_TR","og_type":"article","og_title":"22ct Gold Floral Polki Drop Earrings | PureJewels UK","og_description":"Discover elegant 22ct gold floral drop earrings with polki stones and intricate detailing. A heritage inspired gold jewellery design perfect for festive occasions.","og_url":"https:\/\/www.purejewels.com\/tr\/urun\/22-ayar-altin-polki-kupe-2\/","og_site_name":"PureJewels UK","article_modified_time":"2026-03-10T08:20:27+00:00","og_image":[{"width":1000,"height":1000,"url":"https:\/\/static.purejewels.com\/wp-content\/uploads\/2018\/03\/27094_.png","type":"image\/png"}],"twitter_card":"summary_large_image","twitter_misc":{"Tahmini okuma s\u00fcresi":"1 dakika"},"schema":{"@context":"https:\/\/schema.org","@graph":[{"@type":["WebPage","ItemPage"],"@id":"https:\/\/www.purejewels.com\/product\/22ct-gold-polki-earring-2\/","url":"https:\/\/www.purejewels.com\/product\/22ct-gold-polki-earring-2\/","name":"22 Ayar Alt\u0131n \u00c7i\u00e7ekli Polki Damla K\u00fcpe | PureJewels UK","isPartOf":{"@id":"https:\/\/www.purejewels.com\/#website"},"primaryImageOfPage":{"@id":"https:\/\/www.purejewels.com\/product\/22ct-gold-polki-earring-2\/#primaryimage"},"image":{"@id":"https:\/\/www.purejewels.com\/product\/22ct-gold-polki-earring-2\/#primaryimage"},"thumbnailUrl":"https:\/\/static.purejewels.com\/wp-content\/uploads\/2018\/03\/27094_.png","datePublished":"2018-03-16T13:33:57+00:00","dateModified":"2026-03-10T08:20:27+00:00","description":"Polki ta\u015fl\u0131 ve karma\u015f\u0131k detaylara sahip zarif 22 ayar alt\u0131n \u00e7i\u00e7ekli damla k\u00fcpeleri ke\u015ffedin. Mirastan ilham alan alt\u0131n tak\u0131 tasar\u0131m\u0131 bayram g\u00fcnleri i\u00e7in m\u00fckemmeldir.","breadcrumb":{"@id":"https:\/\/www.purejewels.com\/product\/22ct-gold-polki-earring-2\/#breadcrumb"},"inLanguage":"tr","potentialAction":[{"@type":"ReadAction","target":["https:\/\/www.purejewels.com\/product\/22ct-gold-polki-earring-2\/"]}]},{"@type":"ImageObject","inLanguage":"tr","@id":"https:\/\/www.purejewels.com\/product\/22ct-gold-polki-earring-2\/#primaryimage","url":"https:\/\/static.purejewels.com\/wp-content\/uploads\/2018\/03\/27094_.png","contentUrl":"https:\/\/static.purejewels.com\/wp-content\/uploads\/2018\/03\/27094_.png","width":1000,"height":1000,"caption":"27094_"},{"@type":"BreadcrumbList","@id":"https:\/\/www.purejewels.com\/product\/22ct-gold-polki-earring-2\/#breadcrumb","itemListElement":[{"@type":"ListItem","position":1,"name":"Home","item":"https:\/\/www.purejewels.com\/"},{"@type":"ListItem","position":2,"name":"Shop","item":"https:\/\/www.purejewels.com\/shop\/"},{"@type":"ListItem","position":3,"name":"22ct Gold Polki Earring"}]},{"@type":"WebSite","@id":"https:\/\/www.purejewels.com\/#website","url":"https:\/\/www.purejewels.com\/","name":"PureJewels \u0130ngiltere","description":"Sevgiyi Payla\u015f\u0131n","publisher":{"@id":"https:\/\/www.purejewels.com\/#organization"},"potentialAction":[{"@type":"SearchAction","target":{"@type":"EntryPoint","urlTemplate":"https:\/\/www.purejewels.com\/?s={search_term_string}"},"query-input":{"@type":"PropertyValueSpecification","valueRequired":true,"valueName":"search_term_string"}}],"inLanguage":"tr"},{"@type":"Organization","@id":"https:\/\/www.purejewels.com\/#organization","name":"PureJewels \u0130ngiltere","url":"https:\/\/www.purejewels.com\/","logo":{"@type":"ImageObject","inLanguage":"tr","@id":"https:\/\/www.purejewels.com\/#\/schema\/logo\/image\/","url":"https:\/\/static.purejewels.com\/wp-content\/uploads\/2020\/11\/Logo-PJ-New-1.png","contentUrl":"https:\/\/static.purejewels.com\/wp-content\/uploads\/2020\/11\/Logo-PJ-New-1.png","width":150,"height":80,"caption":"PureJewels UK"},"image":{"@id":"https:\/\/www.purejewels.com\/#\/schema\/logo\/image\/"}}]}},"_links":{"self":[{"href":"https:\/\/www.purejewels.com\/tr\/wp-json\/wp\/v2\/product\/299944","targetHints":{"allow":["GET"]}}],"collection":[{"href":"https:\/\/www.purejewels.com\/tr\/wp-json\/wp\/v2\/product"}],"about":[{"href":"https:\/\/www.purejewels.com\/tr\/wp-json\/wp\/v2\/types\/product"}],"replies":[{"embeddable":true,"href":"https:\/\/www.purejewels.com\/tr\/wp-json\/wp\/v2\/comments?post=299944"}],"version-history":[{"count":2,"href":"https:\/\/www.purejewels.com\/tr\/wp-json\/wp\/v2\/product\/299944\/revisions"}],"predecessor-version":[{"id":426880,"href":"https:\/\/www.purejewels.com\/tr\/wp-json\/wp\/v2\/product\/299944\/revisions\/426880"}],"wp:featuredmedia":[{"embeddable":true,"href":"https:\/\/www.purejewels.com\/tr\/wp-json\/wp\/v2\/media\/300008"}],"wp:attachment":[{"href":"https:\/\/www.purejewels.com\/tr\/wp-json\/wp\/v2\/media?parent=299944"}],"wp:term":[{"taxonomy":"product_brand","embeddable":true,"href":"https:\/\/www.purejewels.com\/tr\/wp-json\/wp\/v2\/product_brand?post=299944"},{"taxonomy":"product_cat","embeddable":true,"href":"https:\/\/www.purejewels.com\/tr\/wp-json\/wp\/v2\/product_cat?post=299944"},{"taxonomy":"product_tag","embeddable":true,"href":"https:\/\/www.purejewels.com\/tr\/wp-json\/wp\/v2\/product_tag?post=299944"}],"curies":[{"name":"wp","href":"https:\/\/api.w.org\/{rel}","templated":true}]}}