{"id":300307,"date":"2018-05-02T16:13:34","date_gmt":"2018-05-02T15:13:34","guid":{"rendered":"https:\/\/www.purejewels.com\/?post_type=product&#038;p=300307"},"modified":"2026-03-09T07:57:14","modified_gmt":"2026-03-09T07:57:14","slug":"22-ayar-altin-isiltili-bileklik-14","status":"publish","type":"product","link":"https:\/\/www.purejewels.com\/tr\/product\/22ct-gold-sparkle-bangle-14\/","title":{"rendered":"22 Ayar Alt\u0131n I\u015f\u0131lt\u0131l\u0131 Bileklik"},"content":{"rendered":"<p><strong>Tasar\u0131m Konsepti<\/strong><\/p>\n<p>Bu <a href=\"https:\/\/www.purejewels.com\/tr\/product\/22ct-gold-jali-filigree-ring-jali-collection-31926\/\">22ct<\/a> alt\u0131n bileklik denge ve dokunun g\u00fczelli\u011fini kutluyor. \u015e\u0131k kavisli bant, tasar\u0131m\u0131n merkezini olu\u015fturan \u00fc\u00e7l\u00fc dekoratif alt\u0131n boncuklarla vurgulanmaktad\u0131r. Her bir boncuk, yumu\u015fak bir \u0131\u015f\u0131lt\u0131 yaratan, derinlik ve g\u00f6rsel ilgi katarken temiz ve zarif bir silueti koruyan karma\u015f\u0131k y\u00fczey detaylar\u0131na sahiptir.<\/p>\n<p><strong>Zanaatkarl\u0131k<\/strong><\/p>\n<p>Parlak 22 ayar alt\u0131ndan \u00fcretilen bu bileklik, hassas finisaj ve \u00f6zenle detayland\u0131r\u0131lm\u0131\u015f boncuk i\u015f\u00e7ili\u011fini sergiliyor. Dokulu orta boncuklar \u0131\u015f\u0131\u011f\u0131 nazik\u00e7e yans\u0131tmak i\u00e7in ustal\u0131kla \u015fekillendirilirken, cilal\u0131 bant bilekte p\u00fcr\u00fczs\u00fcz bir rahatl\u0131k sa\u011flar. G\u00fcvenli toka ve dengeli yap\u0131, dayan\u0131kl\u0131l\u0131k ve kal\u0131c\u0131 g\u00fczellik i\u00e7in tasarlanm\u0131\u015f ince m\u00fccevher i\u015f\u00e7ili\u011fini g\u00f6stermektedir.<\/p>\n<p><strong>Stil Fikirleri<\/strong><\/p>\n<p>Bu \u00e7ok y\u00f6nl\u00fc 22 ayar alt\u0131n bileklik, sade bir \u015f\u0131kl\u0131k i\u00e7in tek ba\u015f\u0131na zarif bir par\u00e7a olarak tak\u0131labilir veya \u00e7a\u011fda\u015f bir \u00fcst \u00fcste stil olu\u015fturmak i\u00e7in di\u011fer alt\u0131n bilekliklerle katmanland\u0131r\u0131labilir. Sade alt\u0131n k\u00fcpeler veya ince zincirli bir kolye ile e\u015fle\u015ftirerek hem g\u00fcndelik giyime hem de \u00f6zel g\u00fcnlere uygun, uyumlu bir g\u00fcnl\u00fck tak\u0131 g\u00f6r\u00fcn\u00fcm\u00fc tamamlay\u0131n.<\/p>","protected":false},"excerpt":{"rendered":"<p>P\u00fcr\u00fczs\u00fcz cilal\u0131 bir bant boyunca yerle\u015ftirilmi\u015f dokulu alt\u0131n boncuklara sahip zarif 22 ayar alt\u0131n bileklik. Zamans\u0131z g\u00fcnl\u00fck \u015f\u0131kl\u0131k i\u00e7in tasarlanm\u0131\u015f zarif bir alt\u0131n bileklik.<\/p>\n<ul>\n<li><strong>Malzeme:<\/strong>\u00a022 Ayar Alt\u0131n (91,6% Saf Alt\u0131n)<\/li>\n<li><strong>Hallmark:\u00a0<\/strong>\u0130ngiliz Damgas\u0131<\/li>\n<li><strong>Br\u00fct A\u011f\u0131rl\u0131k: <\/strong>17.0 Gms<\/li>\n<li><strong>SKU: <\/strong>27437<\/li>\n<\/ul>\n<p>&nbsp;<\/p>\n<p><strong>Fiyat ve Teslimat:\u00a0<\/strong>KDV ve teslimat \u00fccretleri dahil<\/p>\n<p><strong><a href=\"https:\/\/www.purejewels.com\/tr\/i%cc%87ade-poli%cc%87ti%cc%87kasi\/\">\u0130ade Politikas\u0131<\/a><\/strong><\/p>\n<p>&nbsp;<\/p>","protected":false},"featured_media":300308,"comment_status":"closed","ping_status":"closed","template":"","meta":{"_eb_attr":"","_crsspst_to_jayantr4sg-hostcom":false},"product_brand":[],"product_cat":[1657,248,1574],"product_tag":[1514,63,1521],"class_list":{"0":"post-300307","1":"product","2":"type-product","3":"status-publish","4":"has-post-thumbnail","6":"product_cat-single-bangle","7":"product_cat-sparkle-collections","8":"product_cat-womens-jewellery","9":"product_tag-bangles","10":"product_tag-gold","11":"product_tag-kada","13":"first","14":"outofstock","15":"taxable","16":"shipping-taxable","17":"product-type-simple","18":"add-to-wishlist-before_image"},"yoast_head":"<!-- This site is optimized with the Yoast SEO plugin v27.3 - https:\/\/yoast.com\/product\/yoast-seo-wordpress\/ -->\n<title>22ct Gold Sparkle Bead Bangle | Textured Gold Statement Bangle<\/title>\n<meta name=\"description\" content=\"Discover a 22ct gold bangle featuring textured gold beads and a sleek polished band. A refined gold bangle designed to add radiant elegance to everyday wear.\" \/>\n<meta name=\"robots\" content=\"index, follow, max-snippet:-1, max-image-preview:large, max-video-preview:-1\" \/>\n<link rel=\"canonical\" href=\"https:\/\/www.purejewels.com\/tr\/urun\/22-ayar-altin-isiltili-bileklik-14\/\" \/>\n<meta property=\"og:locale\" content=\"tr_TR\" \/>\n<meta property=\"og:type\" content=\"article\" \/>\n<meta property=\"og:title\" content=\"22ct Gold Sparkle Bead Bangle | Textured Gold Statement Bangle\" \/>\n<meta property=\"og:description\" content=\"Discover a 22ct gold bangle featuring textured gold beads and a sleek polished band. A refined gold bangle designed to add radiant elegance to everyday wear.\" \/>\n<meta property=\"og:url\" content=\"https:\/\/www.purejewels.com\/tr\/urun\/22-ayar-altin-isiltili-bileklik-14\/\" \/>\n<meta property=\"og:site_name\" content=\"PureJewels UK\" \/>\n<meta property=\"article:modified_time\" content=\"2026-03-09T07:57:14+00:00\" \/>\n<meta property=\"og:image\" content=\"https:\/\/static.purejewels.com\/wp-content\/uploads\/2018\/05\/27437_1.png\" \/>\n\t<meta property=\"og:image:width\" content=\"1000\" \/>\n\t<meta property=\"og:image:height\" content=\"1000\" \/>\n\t<meta property=\"og:image:type\" content=\"image\/png\" \/>\n<meta name=\"twitter:card\" content=\"summary_large_image\" \/>\n<meta name=\"twitter:label1\" content=\"Tahmini okuma s\u00fcresi\" \/>\n\t<meta name=\"twitter:data1\" content=\"1 dakika\" \/>\n<script type=\"application\/ld+json\" class=\"yoast-schema-graph\">{\"@context\":\"https:\\\/\\\/schema.org\",\"@graph\":[{\"@type\":[\"WebPage\",\"ItemPage\"],\"@id\":\"https:\\\/\\\/www.purejewels.com\\\/product\\\/22ct-gold-sparkle-bangle-14\\\/\",\"url\":\"https:\\\/\\\/www.purejewels.com\\\/product\\\/22ct-gold-sparkle-bangle-14\\\/\",\"name\":\"22ct Gold Sparkle Bead Bangle | Textured Gold Statement Bangle\",\"isPartOf\":{\"@id\":\"https:\\\/\\\/www.purejewels.com\\\/#website\"},\"primaryImageOfPage\":{\"@id\":\"https:\\\/\\\/www.purejewels.com\\\/product\\\/22ct-gold-sparkle-bangle-14\\\/#primaryimage\"},\"image\":{\"@id\":\"https:\\\/\\\/www.purejewels.com\\\/product\\\/22ct-gold-sparkle-bangle-14\\\/#primaryimage\"},\"thumbnailUrl\":\"https:\\\/\\\/static.purejewels.com\\\/wp-content\\\/uploads\\\/2018\\\/05\\\/27437_1.png\",\"datePublished\":\"2018-05-02T15:13:34+00:00\",\"dateModified\":\"2026-03-09T07:57:14+00:00\",\"description\":\"Discover a 22ct gold bangle featuring textured gold beads and a sleek polished band. A refined gold bangle designed to add radiant elegance to everyday wear.\",\"breadcrumb\":{\"@id\":\"https:\\\/\\\/www.purejewels.com\\\/product\\\/22ct-gold-sparkle-bangle-14\\\/#breadcrumb\"},\"inLanguage\":\"tr\",\"potentialAction\":[{\"@type\":\"ReadAction\",\"target\":[\"https:\\\/\\\/www.purejewels.com\\\/product\\\/22ct-gold-sparkle-bangle-14\\\/\"]}]},{\"@type\":\"ImageObject\",\"inLanguage\":\"tr\",\"@id\":\"https:\\\/\\\/www.purejewels.com\\\/product\\\/22ct-gold-sparkle-bangle-14\\\/#primaryimage\",\"url\":\"https:\\\/\\\/static.purejewels.com\\\/wp-content\\\/uploads\\\/2018\\\/05\\\/27437_1.png\",\"contentUrl\":\"https:\\\/\\\/static.purejewels.com\\\/wp-content\\\/uploads\\\/2018\\\/05\\\/27437_1.png\",\"width\":1000,\"height\":1000,\"caption\":\"27437_22ct gold bangle\"},{\"@type\":\"BreadcrumbList\",\"@id\":\"https:\\\/\\\/www.purejewels.com\\\/product\\\/22ct-gold-sparkle-bangle-14\\\/#breadcrumb\",\"itemListElement\":[{\"@type\":\"ListItem\",\"position\":1,\"name\":\"Home\",\"item\":\"https:\\\/\\\/www.purejewels.com\\\/\"},{\"@type\":\"ListItem\",\"position\":2,\"name\":\"Shop\",\"item\":\"https:\\\/\\\/www.purejewels.com\\\/shop\\\/\"},{\"@type\":\"ListItem\",\"position\":3,\"name\":\"22ct Gold Sparkle Bangle\"}]},{\"@type\":\"WebSite\",\"@id\":\"https:\\\/\\\/www.purejewels.com\\\/#website\",\"url\":\"https:\\\/\\\/www.purejewels.com\\\/\",\"name\":\"PureJewels UK\",\"description\":\"Share the Love\",\"publisher\":{\"@id\":\"https:\\\/\\\/www.purejewels.com\\\/#organization\"},\"potentialAction\":[{\"@type\":\"SearchAction\",\"target\":{\"@type\":\"EntryPoint\",\"urlTemplate\":\"https:\\\/\\\/www.purejewels.com\\\/?s={search_term_string}\"},\"query-input\":{\"@type\":\"PropertyValueSpecification\",\"valueRequired\":true,\"valueName\":\"search_term_string\"}}],\"inLanguage\":\"tr\"},{\"@type\":\"Organization\",\"@id\":\"https:\\\/\\\/www.purejewels.com\\\/#organization\",\"name\":\"PureJewels UK\",\"url\":\"https:\\\/\\\/www.purejewels.com\\\/\",\"logo\":{\"@type\":\"ImageObject\",\"inLanguage\":\"tr\",\"@id\":\"https:\\\/\\\/www.purejewels.com\\\/#\\\/schema\\\/logo\\\/image\\\/\",\"url\":\"https:\\\/\\\/static.purejewels.com\\\/wp-content\\\/uploads\\\/2020\\\/11\\\/Logo-PJ-New-1.png\",\"contentUrl\":\"https:\\\/\\\/static.purejewels.com\\\/wp-content\\\/uploads\\\/2020\\\/11\\\/Logo-PJ-New-1.png\",\"width\":150,\"height\":80,\"caption\":\"PureJewels UK\"},\"image\":{\"@id\":\"https:\\\/\\\/www.purejewels.com\\\/#\\\/schema\\\/logo\\\/image\\\/\"}}]}<\/script>\n<!-- \/ Yoast SEO plugin. -->","yoast_head_json":{"title":"22 Ayar Alt\u0131n I\u015f\u0131lt\u0131l\u0131 Boncuklu Bileklik | Dokulu Alt\u0131n \u0130fade Bilekli\u011fi","description":"Dokulu alt\u0131n boncuklar ve \u015f\u0131k cilal\u0131 bir bant i\u00e7eren 22 ayar alt\u0131n bilekli\u011fi ke\u015ffedin. G\u00fcnl\u00fck giyime \u0131\u015f\u0131lt\u0131l\u0131 bir zarafet katmak i\u00e7in tasarlanm\u0131\u015f zarif bir alt\u0131n bileklik.","robots":{"index":"index","follow":"follow","max-snippet":"max-snippet:-1","max-image-preview":"max-image-preview:large","max-video-preview":"max-video-preview:-1"},"canonical":"https:\/\/www.purejewels.com\/tr\/urun\/22-ayar-altin-isiltili-bileklik-14\/","og_locale":"tr_TR","og_type":"article","og_title":"22ct Gold Sparkle Bead Bangle | Textured Gold Statement Bangle","og_description":"Discover a 22ct gold bangle featuring textured gold beads and a sleek polished band. A refined gold bangle designed to add radiant elegance to everyday wear.","og_url":"https:\/\/www.purejewels.com\/tr\/urun\/22-ayar-altin-isiltili-bileklik-14\/","og_site_name":"PureJewels UK","article_modified_time":"2026-03-09T07:57:14+00:00","og_image":[{"width":1000,"height":1000,"url":"https:\/\/static.purejewels.com\/wp-content\/uploads\/2018\/05\/27437_1.png","type":"image\/png"}],"twitter_card":"summary_large_image","twitter_misc":{"Tahmini okuma s\u00fcresi":"1 dakika"},"schema":{"@context":"https:\/\/schema.org","@graph":[{"@type":["WebPage","ItemPage"],"@id":"https:\/\/www.purejewels.com\/product\/22ct-gold-sparkle-bangle-14\/","url":"https:\/\/www.purejewels.com\/product\/22ct-gold-sparkle-bangle-14\/","name":"22 Ayar Alt\u0131n I\u015f\u0131lt\u0131l\u0131 Boncuklu Bileklik | Dokulu Alt\u0131n \u0130fade Bilekli\u011fi","isPartOf":{"@id":"https:\/\/www.purejewels.com\/#website"},"primaryImageOfPage":{"@id":"https:\/\/www.purejewels.com\/product\/22ct-gold-sparkle-bangle-14\/#primaryimage"},"image":{"@id":"https:\/\/www.purejewels.com\/product\/22ct-gold-sparkle-bangle-14\/#primaryimage"},"thumbnailUrl":"https:\/\/static.purejewels.com\/wp-content\/uploads\/2018\/05\/27437_1.png","datePublished":"2018-05-02T15:13:34+00:00","dateModified":"2026-03-09T07:57:14+00:00","description":"Dokulu alt\u0131n boncuklar ve \u015f\u0131k cilal\u0131 bir bant i\u00e7eren 22 ayar alt\u0131n bilekli\u011fi ke\u015ffedin. G\u00fcnl\u00fck giyime \u0131\u015f\u0131lt\u0131l\u0131 bir zarafet katmak i\u00e7in tasarlanm\u0131\u015f zarif bir alt\u0131n bileklik.","breadcrumb":{"@id":"https:\/\/www.purejewels.com\/product\/22ct-gold-sparkle-bangle-14\/#breadcrumb"},"inLanguage":"tr","potentialAction":[{"@type":"ReadAction","target":["https:\/\/www.purejewels.com\/product\/22ct-gold-sparkle-bangle-14\/"]}]},{"@type":"ImageObject","inLanguage":"tr","@id":"https:\/\/www.purejewels.com\/product\/22ct-gold-sparkle-bangle-14\/#primaryimage","url":"https:\/\/static.purejewels.com\/wp-content\/uploads\/2018\/05\/27437_1.png","contentUrl":"https:\/\/static.purejewels.com\/wp-content\/uploads\/2018\/05\/27437_1.png","width":1000,"height":1000,"caption":"27437_22ct gold bangle"},{"@type":"BreadcrumbList","@id":"https:\/\/www.purejewels.com\/product\/22ct-gold-sparkle-bangle-14\/#breadcrumb","itemListElement":[{"@type":"ListItem","position":1,"name":"Home","item":"https:\/\/www.purejewels.com\/"},{"@type":"ListItem","position":2,"name":"Shop","item":"https:\/\/www.purejewels.com\/shop\/"},{"@type":"ListItem","position":3,"name":"22ct Gold Sparkle Bangle"}]},{"@type":"WebSite","@id":"https:\/\/www.purejewels.com\/#website","url":"https:\/\/www.purejewels.com\/","name":"PureJewels \u0130ngiltere","description":"Sevgiyi Payla\u015f\u0131n","publisher":{"@id":"https:\/\/www.purejewels.com\/#organization"},"potentialAction":[{"@type":"SearchAction","target":{"@type":"EntryPoint","urlTemplate":"https:\/\/www.purejewels.com\/?s={search_term_string}"},"query-input":{"@type":"PropertyValueSpecification","valueRequired":true,"valueName":"search_term_string"}}],"inLanguage":"tr"},{"@type":"Organization","@id":"https:\/\/www.purejewels.com\/#organization","name":"PureJewels \u0130ngiltere","url":"https:\/\/www.purejewels.com\/","logo":{"@type":"ImageObject","inLanguage":"tr","@id":"https:\/\/www.purejewels.com\/#\/schema\/logo\/image\/","url":"https:\/\/static.purejewels.com\/wp-content\/uploads\/2020\/11\/Logo-PJ-New-1.png","contentUrl":"https:\/\/static.purejewels.com\/wp-content\/uploads\/2020\/11\/Logo-PJ-New-1.png","width":150,"height":80,"caption":"PureJewels UK"},"image":{"@id":"https:\/\/www.purejewels.com\/#\/schema\/logo\/image\/"}}]}},"_links":{"self":[{"href":"https:\/\/www.purejewels.com\/tr\/wp-json\/wp\/v2\/product\/300307","targetHints":{"allow":["GET"]}}],"collection":[{"href":"https:\/\/www.purejewels.com\/tr\/wp-json\/wp\/v2\/product"}],"about":[{"href":"https:\/\/www.purejewels.com\/tr\/wp-json\/wp\/v2\/types\/product"}],"replies":[{"embeddable":true,"href":"https:\/\/www.purejewels.com\/tr\/wp-json\/wp\/v2\/comments?post=300307"}],"version-history":[{"count":3,"href":"https:\/\/www.purejewels.com\/tr\/wp-json\/wp\/v2\/product\/300307\/revisions"}],"predecessor-version":[{"id":426828,"href":"https:\/\/www.purejewels.com\/tr\/wp-json\/wp\/v2\/product\/300307\/revisions\/426828"}],"wp:featuredmedia":[{"embeddable":true,"href":"https:\/\/www.purejewels.com\/tr\/wp-json\/wp\/v2\/media\/300308"}],"wp:attachment":[{"href":"https:\/\/www.purejewels.com\/tr\/wp-json\/wp\/v2\/media?parent=300307"}],"wp:term":[{"taxonomy":"product_brand","embeddable":true,"href":"https:\/\/www.purejewels.com\/tr\/wp-json\/wp\/v2\/product_brand?post=300307"},{"taxonomy":"product_cat","embeddable":true,"href":"https:\/\/www.purejewels.com\/tr\/wp-json\/wp\/v2\/product_cat?post=300307"},{"taxonomy":"product_tag","embeddable":true,"href":"https:\/\/www.purejewels.com\/tr\/wp-json\/wp\/v2\/product_tag?post=300307"}],"curies":[{"name":"wp","href":"https:\/\/api.w.org\/{rel}","templated":true}]}}