{"id":300314,"date":"2018-05-02T16:57:06","date_gmt":"2018-05-02T15:57:06","guid":{"rendered":"https:\/\/www.purejewels.com\/?post_type=product&#038;p=300314"},"modified":"2026-02-03T09:58:49","modified_gmt":"2026-02-03T09:58:49","slug":"22-ayar-altin-isiltili-kolye-7","status":"publish","type":"product","link":"https:\/\/www.purejewels.com\/tr\/product\/22ct-gold-sparkle-necklace-7\/","title":{"rendered":"22 Ayar Alt\u0131n Dokulu Boncuklu Uzun Kolye"},"content":{"rendered":"<p>Tasar\u0131m<\/p>\n<p>Bu uzun kolye, narin ama ak\u0131c\u0131 bir zincir boyunca yerle\u015ftirilmi\u015f dokulu k\u00fcresel boncuklar ve uzun oval alt\u0131n unsurlar\u0131n uyumlu bir d\u00fczenlemesiyle tan\u0131mlan\u0131r. Kademeli yerle\u015ftirme zarif bir ritim yaratarak kolyenin do\u011fal bir \u015fekilde d\u00fc\u015fmesini ve boyun \u00e7izgisini sessiz bir incelikle uzatmas\u0131n\u0131 sa\u011flar.<\/p>\n<p>Zanaatkarl\u0131k<\/p>\n<p>Som 22 ayar alt\u0131ndan el i\u015f\u00e7ili\u011fiyle \u00fcretilen her bir boncuk, derinli\u011fi art\u0131ran ve \u0131\u015f\u0131\u011f\u0131 yumu\u015fak bir \u015fekilde yans\u0131tan ince dokulu bir y\u00fczeyle \u00f6zenle tamamlanm\u0131\u015ft\u0131r. Zincir, esneklik ve rahatl\u0131k i\u00e7in tasarlanm\u0131\u015ft\u0131r ve tak\u0131ld\u0131\u011f\u0131nda p\u00fcr\u00fczs\u00fcz bir \u00f6rt\u00fc sa\u011flar. Her par\u00e7a, PureJewels'in kalite ve sorumlu i\u015f\u00e7ili\u011fe olan ba\u011fl\u0131l\u0131\u011f\u0131n\u0131 yans\u0131tan safl\u0131k sertifikas\u0131 i\u00e7in \u0130ngiltere'de damgalanm\u0131\u015ft\u0131r.<\/p>\n<p>\u015eekillendirme &amp; Hediyele\u015fme<\/p>\n<p>\u00c7ok y\u00f6nl\u00fcl\u00fck i\u00e7in tasarlanan bu kolye, tek ba\u015f\u0131na tak\u0131labilece\u011fi gibi \u00e7a\u011fda\u015f bir g\u00f6r\u00fcn\u00fcm i\u00e7in daha ince alt\u0131n zincirlerle katmanland\u0131r\u0131larak da kullan\u0131labilir. G\u00fcnl\u00fck \u015f\u0131kl\u0131k, festival etkinlikleri veya d\u00f6n\u00fcm noktas\u0131 hediyeleri i\u00e7in ideal olan bu kolye, g\u00fcnd\u00fczden ak\u015fama sorunsuz bir \u015fekilde ge\u00e7i\u015f yapan zamans\u0131z bir \u00e7ekicilik sunar.<\/p>","protected":false},"excerpt":{"rendered":"<ul>\n<li>22 Ayar Alt\u0131n I\u015f\u0131lt\u0131l\u0131 Kolye<\/li>\n<li>A\u011f\u0131rl\u0131k: 40,1 gms<\/li>\n<li>Sku no 27440<\/li>\n<li>T\u00fcm fiyatlara KDV dahildir<\/li>\n<li>Londra Tahlil Ofisi Taraf\u0131ndan Damgalanm\u0131\u015f 22 Ayar Alt\u0131n<\/li>\n<li>Sunum Kutusu ile Birlikte Gelir<\/li>\n<li>Teslimat Dahil<\/li>\n<li>Stok durumu ve stokta bulunan benzer tasar\u0131mlar\u0131n daha fazla g\u00f6r\u00fcnt\u00fcs\u00fc i\u00e7in bizimle canl\u0131 sohbet edin<\/li>\n<\/ul>","protected":false},"featured_media":304419,"comment_status":"closed","ping_status":"closed","template":"","meta":{"_eb_attr":"","_crsspst_to_jayantr4sg-hostcom":false},"product_brand":[],"product_cat":[248],"product_tag":[],"class_list":{"0":"post-300314","1":"product","2":"type-product","3":"status-publish","4":"has-post-thumbnail","6":"product_cat-sparkle-collections","8":"first","9":"outofstock","10":"taxable","11":"shipping-taxable","12":"product-type-simple","13":"add-to-wishlist-before_image"},"yoast_head":"<!-- This site is optimized with the Yoast SEO plugin v27.3 - https:\/\/yoast.com\/product\/yoast-seo-wordpress\/ -->\n<title>22ct Textured Bead Long Necklace | UK Hallmarked | PureJewels<\/title>\n<meta name=\"description\" content=\"Shop the 22ct Gold Textured Bead Long Necklace from PureJewels. Featuring sculpted gold beads and elongated links, handcrafted and UK hallmarked.\" \/>\n<meta name=\"robots\" content=\"index, follow, max-snippet:-1, max-image-preview:large, max-video-preview:-1\" \/>\n<link rel=\"canonical\" href=\"https:\/\/www.purejewels.com\/tr\/urun\/22-ayar-altin-isiltili-kolye-7\/\" \/>\n<meta property=\"og:locale\" content=\"tr_TR\" \/>\n<meta property=\"og:type\" content=\"article\" \/>\n<meta property=\"og:title\" content=\"22ct Textured Bead Long Necklace | UK Hallmarked | PureJewels\" \/>\n<meta property=\"og:description\" content=\"Shop the 22ct Gold Textured Bead Long Necklace from PureJewels. Featuring sculpted gold beads and elongated links, handcrafted and UK hallmarked.\" \/>\n<meta property=\"og:url\" content=\"https:\/\/www.purejewels.com\/tr\/urun\/22-ayar-altin-isiltili-kolye-7\/\" \/>\n<meta property=\"og:site_name\" content=\"PureJewels UK\" \/>\n<meta property=\"article:modified_time\" content=\"2026-02-03T09:58:49+00:00\" \/>\n<meta property=\"og:image\" content=\"https:\/\/static.purejewels.com\/wp-content\/uploads\/2018\/05\/27440_11.png\" \/>\n\t<meta property=\"og:image:width\" content=\"1000\" \/>\n\t<meta property=\"og:image:height\" content=\"1000\" \/>\n\t<meta property=\"og:image:type\" content=\"image\/png\" \/>\n<meta name=\"twitter:card\" content=\"summary_large_image\" \/>\n<meta name=\"twitter:label1\" content=\"Tahmini okuma s\u00fcresi\" \/>\n\t<meta name=\"twitter:data1\" content=\"1 dakika\" \/>\n<script type=\"application\/ld+json\" class=\"yoast-schema-graph\">{\"@context\":\"https:\\\/\\\/schema.org\",\"@graph\":[{\"@type\":[\"WebPage\",\"ItemPage\"],\"@id\":\"https:\\\/\\\/www.purejewels.com\\\/product\\\/22ct-gold-sparkle-necklace-7\\\/\",\"url\":\"https:\\\/\\\/www.purejewels.com\\\/product\\\/22ct-gold-sparkle-necklace-7\\\/\",\"name\":\"22ct Textured Bead Long Necklace | UK Hallmarked | PureJewels\",\"isPartOf\":{\"@id\":\"https:\\\/\\\/www.purejewels.com\\\/#website\"},\"primaryImageOfPage\":{\"@id\":\"https:\\\/\\\/www.purejewels.com\\\/product\\\/22ct-gold-sparkle-necklace-7\\\/#primaryimage\"},\"image\":{\"@id\":\"https:\\\/\\\/www.purejewels.com\\\/product\\\/22ct-gold-sparkle-necklace-7\\\/#primaryimage\"},\"thumbnailUrl\":\"https:\\\/\\\/static.purejewels.com\\\/wp-content\\\/uploads\\\/2018\\\/05\\\/27440_11.png\",\"datePublished\":\"2018-05-02T15:57:06+00:00\",\"dateModified\":\"2026-02-03T09:58:49+00:00\",\"description\":\"Shop the 22ct Gold Textured Bead Long Necklace from PureJewels. Featuring sculpted gold beads and elongated links, handcrafted and UK hallmarked.\",\"breadcrumb\":{\"@id\":\"https:\\\/\\\/www.purejewels.com\\\/product\\\/22ct-gold-sparkle-necklace-7\\\/#breadcrumb\"},\"inLanguage\":\"tr\",\"potentialAction\":[{\"@type\":\"ReadAction\",\"target\":[\"https:\\\/\\\/www.purejewels.com\\\/product\\\/22ct-gold-sparkle-necklace-7\\\/\"]}]},{\"@type\":\"ImageObject\",\"inLanguage\":\"tr\",\"@id\":\"https:\\\/\\\/www.purejewels.com\\\/product\\\/22ct-gold-sparkle-necklace-7\\\/#primaryimage\",\"url\":\"https:\\\/\\\/static.purejewels.com\\\/wp-content\\\/uploads\\\/2018\\\/05\\\/27440_11.png\",\"contentUrl\":\"https:\\\/\\\/static.purejewels.com\\\/wp-content\\\/uploads\\\/2018\\\/05\\\/27440_11.png\",\"width\":1000,\"height\":1000,\"caption\":\"27440_11\"},{\"@type\":\"BreadcrumbList\",\"@id\":\"https:\\\/\\\/www.purejewels.com\\\/product\\\/22ct-gold-sparkle-necklace-7\\\/#breadcrumb\",\"itemListElement\":[{\"@type\":\"ListItem\",\"position\":1,\"name\":\"Home\",\"item\":\"https:\\\/\\\/www.purejewels.com\\\/\"},{\"@type\":\"ListItem\",\"position\":2,\"name\":\"Shop\",\"item\":\"https:\\\/\\\/www.purejewels.com\\\/shop\\\/\"},{\"@type\":\"ListItem\",\"position\":3,\"name\":\"22ct Gold Textured Bead Long Necklace\"}]},{\"@type\":\"WebSite\",\"@id\":\"https:\\\/\\\/www.purejewels.com\\\/#website\",\"url\":\"https:\\\/\\\/www.purejewels.com\\\/\",\"name\":\"PureJewels UK\",\"description\":\"Share the Love\",\"publisher\":{\"@id\":\"https:\\\/\\\/www.purejewels.com\\\/#organization\"},\"potentialAction\":[{\"@type\":\"SearchAction\",\"target\":{\"@type\":\"EntryPoint\",\"urlTemplate\":\"https:\\\/\\\/www.purejewels.com\\\/?s={search_term_string}\"},\"query-input\":{\"@type\":\"PropertyValueSpecification\",\"valueRequired\":true,\"valueName\":\"search_term_string\"}}],\"inLanguage\":\"tr\"},{\"@type\":\"Organization\",\"@id\":\"https:\\\/\\\/www.purejewels.com\\\/#organization\",\"name\":\"PureJewels UK\",\"url\":\"https:\\\/\\\/www.purejewels.com\\\/\",\"logo\":{\"@type\":\"ImageObject\",\"inLanguage\":\"tr\",\"@id\":\"https:\\\/\\\/www.purejewels.com\\\/#\\\/schema\\\/logo\\\/image\\\/\",\"url\":\"https:\\\/\\\/static.purejewels.com\\\/wp-content\\\/uploads\\\/2020\\\/11\\\/Logo-PJ-New-1.png\",\"contentUrl\":\"https:\\\/\\\/static.purejewels.com\\\/wp-content\\\/uploads\\\/2020\\\/11\\\/Logo-PJ-New-1.png\",\"width\":150,\"height\":80,\"caption\":\"PureJewels UK\"},\"image\":{\"@id\":\"https:\\\/\\\/www.purejewels.com\\\/#\\\/schema\\\/logo\\\/image\\\/\"}}]}<\/script>\n<!-- \/ Yoast SEO plugin. -->","yoast_head_json":{"title":"22ct Dokulu Boncuklu Uzun Kolye | \u0130ngiltere Damgal\u0131 | PureJewels","description":"PureJewels'ten 22 Ayar Alt\u0131n Dokulu Boncuklu Uzun Kolye'yi sat\u0131n al\u0131n. Yontulmu\u015f alt\u0131n boncuklar ve uzun ba\u011flant\u0131lara sahip, el yap\u0131m\u0131 ve \u0130ngiltere damgal\u0131.","robots":{"index":"index","follow":"follow","max-snippet":"max-snippet:-1","max-image-preview":"max-image-preview:large","max-video-preview":"max-video-preview:-1"},"canonical":"https:\/\/www.purejewels.com\/tr\/urun\/22-ayar-altin-isiltili-kolye-7\/","og_locale":"tr_TR","og_type":"article","og_title":"22ct Textured Bead Long Necklace | UK Hallmarked | PureJewels","og_description":"Shop the 22ct Gold Textured Bead Long Necklace from PureJewels. Featuring sculpted gold beads and elongated links, handcrafted and UK hallmarked.","og_url":"https:\/\/www.purejewels.com\/tr\/urun\/22-ayar-altin-isiltili-kolye-7\/","og_site_name":"PureJewels UK","article_modified_time":"2026-02-03T09:58:49+00:00","og_image":[{"width":1000,"height":1000,"url":"https:\/\/static.purejewels.com\/wp-content\/uploads\/2018\/05\/27440_11.png","type":"image\/png"}],"twitter_card":"summary_large_image","twitter_misc":{"Tahmini okuma s\u00fcresi":"1 dakika"},"schema":{"@context":"https:\/\/schema.org","@graph":[{"@type":["WebPage","ItemPage"],"@id":"https:\/\/www.purejewels.com\/product\/22ct-gold-sparkle-necklace-7\/","url":"https:\/\/www.purejewels.com\/product\/22ct-gold-sparkle-necklace-7\/","name":"22ct Dokulu Boncuklu Uzun Kolye | \u0130ngiltere Damgal\u0131 | PureJewels","isPartOf":{"@id":"https:\/\/www.purejewels.com\/#website"},"primaryImageOfPage":{"@id":"https:\/\/www.purejewels.com\/product\/22ct-gold-sparkle-necklace-7\/#primaryimage"},"image":{"@id":"https:\/\/www.purejewels.com\/product\/22ct-gold-sparkle-necklace-7\/#primaryimage"},"thumbnailUrl":"https:\/\/static.purejewels.com\/wp-content\/uploads\/2018\/05\/27440_11.png","datePublished":"2018-05-02T15:57:06+00:00","dateModified":"2026-02-03T09:58:49+00:00","description":"PureJewels'ten 22 Ayar Alt\u0131n Dokulu Boncuklu Uzun Kolye'yi sat\u0131n al\u0131n. Yontulmu\u015f alt\u0131n boncuklar ve uzun ba\u011flant\u0131lara sahip, el yap\u0131m\u0131 ve \u0130ngiltere damgal\u0131.","breadcrumb":{"@id":"https:\/\/www.purejewels.com\/product\/22ct-gold-sparkle-necklace-7\/#breadcrumb"},"inLanguage":"tr","potentialAction":[{"@type":"ReadAction","target":["https:\/\/www.purejewels.com\/product\/22ct-gold-sparkle-necklace-7\/"]}]},{"@type":"ImageObject","inLanguage":"tr","@id":"https:\/\/www.purejewels.com\/product\/22ct-gold-sparkle-necklace-7\/#primaryimage","url":"https:\/\/static.purejewels.com\/wp-content\/uploads\/2018\/05\/27440_11.png","contentUrl":"https:\/\/static.purejewels.com\/wp-content\/uploads\/2018\/05\/27440_11.png","width":1000,"height":1000,"caption":"27440_11"},{"@type":"BreadcrumbList","@id":"https:\/\/www.purejewels.com\/product\/22ct-gold-sparkle-necklace-7\/#breadcrumb","itemListElement":[{"@type":"ListItem","position":1,"name":"Home","item":"https:\/\/www.purejewels.com\/"},{"@type":"ListItem","position":2,"name":"Shop","item":"https:\/\/www.purejewels.com\/shop\/"},{"@type":"ListItem","position":3,"name":"22ct Gold Textured Bead Long Necklace"}]},{"@type":"WebSite","@id":"https:\/\/www.purejewels.com\/#website","url":"https:\/\/www.purejewels.com\/","name":"PureJewels \u0130ngiltere","description":"Sevgiyi Payla\u015f\u0131n","publisher":{"@id":"https:\/\/www.purejewels.com\/#organization"},"potentialAction":[{"@type":"SearchAction","target":{"@type":"EntryPoint","urlTemplate":"https:\/\/www.purejewels.com\/?s={search_term_string}"},"query-input":{"@type":"PropertyValueSpecification","valueRequired":true,"valueName":"search_term_string"}}],"inLanguage":"tr"},{"@type":"Organization","@id":"https:\/\/www.purejewels.com\/#organization","name":"PureJewels \u0130ngiltere","url":"https:\/\/www.purejewels.com\/","logo":{"@type":"ImageObject","inLanguage":"tr","@id":"https:\/\/www.purejewels.com\/#\/schema\/logo\/image\/","url":"https:\/\/static.purejewels.com\/wp-content\/uploads\/2020\/11\/Logo-PJ-New-1.png","contentUrl":"https:\/\/static.purejewels.com\/wp-content\/uploads\/2020\/11\/Logo-PJ-New-1.png","width":150,"height":80,"caption":"PureJewels UK"},"image":{"@id":"https:\/\/www.purejewels.com\/#\/schema\/logo\/image\/"}}]}},"_links":{"self":[{"href":"https:\/\/www.purejewels.com\/tr\/wp-json\/wp\/v2\/product\/300314","targetHints":{"allow":["GET"]}}],"collection":[{"href":"https:\/\/www.purejewels.com\/tr\/wp-json\/wp\/v2\/product"}],"about":[{"href":"https:\/\/www.purejewels.com\/tr\/wp-json\/wp\/v2\/types\/product"}],"replies":[{"embeddable":true,"href":"https:\/\/www.purejewels.com\/tr\/wp-json\/wp\/v2\/comments?post=300314"}],"version-history":[{"count":2,"href":"https:\/\/www.purejewels.com\/tr\/wp-json\/wp\/v2\/product\/300314\/revisions"}],"predecessor-version":[{"id":425600,"href":"https:\/\/www.purejewels.com\/tr\/wp-json\/wp\/v2\/product\/300314\/revisions\/425600"}],"wp:featuredmedia":[{"embeddable":true,"href":"https:\/\/www.purejewels.com\/tr\/wp-json\/wp\/v2\/media\/304419"}],"wp:attachment":[{"href":"https:\/\/www.purejewels.com\/tr\/wp-json\/wp\/v2\/media?parent=300314"}],"wp:term":[{"taxonomy":"product_brand","embeddable":true,"href":"https:\/\/www.purejewels.com\/tr\/wp-json\/wp\/v2\/product_brand?post=300314"},{"taxonomy":"product_cat","embeddable":true,"href":"https:\/\/www.purejewels.com\/tr\/wp-json\/wp\/v2\/product_cat?post=300314"},{"taxonomy":"product_tag","embeddable":true,"href":"https:\/\/www.purejewels.com\/tr\/wp-json\/wp\/v2\/product_tag?post=300314"}],"curies":[{"name":"wp","href":"https:\/\/api.w.org\/{rel}","templated":true}]}}