{"id":300316,"date":"2018-05-02T17:04:12","date_gmt":"2018-05-02T16:04:12","guid":{"rendered":"https:\/\/www.purejewels.com\/?post_type=product&#038;p=300316"},"modified":"2026-02-03T10:02:00","modified_gmt":"2026-02-03T10:02:00","slug":"22-ayar-altin-isiltili-kolye-8","status":"publish","type":"product","link":"https:\/\/www.purejewels.com\/tr\/product\/22ct-gold-sparkle-necklace-8\/","title":{"rendered":"G\u00fcl Alt\u0131n Rodyum Kaplama ile 22 Ayar Alt\u0131n Y\u00f6nl\u00fc Boncuk Kolye"},"content":{"rendered":"<p>Tasar\u0131m<\/p>\n<p>Bu kolye, ince bir alt\u0131n zincir boyunca e\u015fit aral\u0131klarla yerle\u015ftirilmi\u015f, ritmik bir dizi y\u00f6nl\u00fc k\u00fcresel boncuk i\u00e7erir. Se\u00e7ilen boncuklar, genel g\u00f6r\u00fcn\u00fcm\u00fc yumu\u015fatan ve sessiz bir g\u00f6rsel ilgi katan hafif bir ton kontrast\u0131 sunan pembe alt\u0131n rodyum ile tamamlanm\u0131\u015ft\u0131r. Tasar\u0131m dengeli, ak\u0131c\u0131 ve kas\u0131tl\u0131 olarak abart\u0131s\u0131zd\u0131r.<\/p>\n<p>Zanaatkarl\u0131k<\/p>\n<p>Som 22 ayar alt\u0131ndan el i\u015f\u00e7ili\u011fiyle \u00fcretilen her bir boncuk, a\u00e7\u0131k bir \u015fekilde par\u0131ldamak yerine \u0131\u015f\u0131\u011f\u0131 zarif bir \u015fekilde yakalamak i\u00e7in hassas bir \u015fekilde i\u015flenmi\u015ftir. Pembe alt\u0131n rodyum kaplama, y\u00fcksek ayar alt\u0131n\u0131n s\u0131cakl\u0131\u011f\u0131n\u0131 korurken dayan\u0131kl\u0131l\u0131\u011f\u0131 ve ton derinli\u011fini art\u0131rmak i\u00e7in \u00f6zenle uygulanm\u0131\u015ft\u0131r. Her par\u00e7a safl\u0131k sertifikas\u0131 i\u00e7in \u0130ngiltere'de damgalanm\u0131\u015ft\u0131r.<\/p>\n<p>\u015eekillendirme &amp; Hediyele\u015fme<\/p>\n<p>G\u00fcnl\u00fck kullan\u0131m i\u00e7in m\u00fckemmel olan bu kolye, modern ve rahat bir g\u00f6r\u00fcn\u00fcm i\u00e7in tek ba\u015f\u0131na veya daha ince zincirlerle katmanl\u0131 olarak g\u00fczel bir \u015fekilde oturur. Yumu\u015fak kontrast\u0131 ve zamans\u0131z formu onu do\u011fum g\u00fcnleri, y\u0131ld\u00f6n\u00fcmleri veya anlaml\u0131 bir ki\u015fisel sat\u0131n alma i\u00e7in ideal k\u0131lar - s\u0131k s\u0131k tak\u0131lmak ve zaman i\u00e7inde de\u011fer verilmek \u00fczere tasarlanm\u0131\u015f bir par\u00e7a.<\/p>","protected":false},"excerpt":{"rendered":"<ul>\n<li>22 Ayar Alt\u0131n I\u015f\u0131lt\u0131l\u0131 Kolye<\/li>\n<li>A\u011f\u0131rl\u0131k: 26,5 gms<\/li>\n<li>sku no 27441<\/li>\n<li>T\u00fcm fiyatlara KDV dahildir<\/li>\n<li>Londra Tahlil Ofisi Taraf\u0131ndan Damgalanm\u0131\u015f 22 Ayar Alt\u0131n<\/li>\n<li>Sunum Kutusu ile Birlikte Gelir<\/li>\n<li>Teslimat Dahil<\/li>\n<li>Stok durumu ve stokta bulunan benzer tasar\u0131mlar\u0131n daha fazla g\u00f6r\u00fcnt\u00fcs\u00fc i\u00e7in bizimle canl\u0131 sohbet edin<\/li>\n<\/ul>","protected":false},"featured_media":304416,"comment_status":"closed","ping_status":"closed","template":"","meta":{"_eb_attr":"","_crsspst_to_jayantr4sg-hostcom":false},"product_brand":[],"product_cat":[1617,1779,248,1574],"product_tag":[],"class_list":{"0":"post-300316","1":"product","2":"type-product","3":"status-publish","4":"has-post-thumbnail","6":"product_cat-fancy-mala-chains","7":"product_cat-mala-style-necklaces","8":"product_cat-sparkle-collections","9":"product_cat-womens-jewellery","11":"first","12":"outofstock","13":"taxable","14":"shipping-taxable","15":"product-type-simple","16":"add-to-wishlist-before_image"},"yoast_head":"<!-- This site is optimized with the Yoast SEO plugin v27.3 - https:\/\/yoast.com\/product\/yoast-seo-wordpress\/ -->\n<title>22ct Bead Necklace | Rose Gold Rhodium Finish | PureJewels<\/title>\n<meta name=\"description\" content=\"Shop the 22ct Gold Faceted Bead Necklace from PureJewels. Finished with rose gold rhodium highlights, this handcrafted design is UK hallmarked for purity.\" \/>\n<meta name=\"robots\" content=\"index, follow, max-snippet:-1, max-image-preview:large, max-video-preview:-1\" \/>\n<link rel=\"canonical\" href=\"https:\/\/www.purejewels.com\/tr\/urun\/22-ayar-altin-isiltili-kolye-8\/\" \/>\n<meta property=\"og:locale\" content=\"tr_TR\" \/>\n<meta property=\"og:type\" content=\"article\" \/>\n<meta property=\"og:title\" content=\"22ct Bead Necklace | Rose Gold Rhodium Finish | PureJewels\" \/>\n<meta property=\"og:description\" content=\"Shop the 22ct Gold Faceted Bead Necklace from PureJewels. Finished with rose gold rhodium highlights, this handcrafted design is UK hallmarked for purity.\" \/>\n<meta property=\"og:url\" content=\"https:\/\/www.purejewels.com\/tr\/urun\/22-ayar-altin-isiltili-kolye-8\/\" \/>\n<meta property=\"og:site_name\" content=\"PureJewels UK\" \/>\n<meta property=\"article:modified_time\" content=\"2026-02-03T10:02:00+00:00\" \/>\n<meta property=\"og:image\" content=\"https:\/\/static.purejewels.com\/wp-content\/uploads\/2018\/05\/27441_11.png\" \/>\n\t<meta property=\"og:image:width\" content=\"1000\" \/>\n\t<meta property=\"og:image:height\" content=\"1000\" \/>\n\t<meta property=\"og:image:type\" content=\"image\/png\" \/>\n<meta name=\"twitter:card\" content=\"summary_large_image\" \/>\n<meta name=\"twitter:label1\" content=\"Tahmini okuma s\u00fcresi\" \/>\n\t<meta name=\"twitter:data1\" content=\"1 dakika\" \/>\n<script type=\"application\/ld+json\" class=\"yoast-schema-graph\">{\"@context\":\"https:\\\/\\\/schema.org\",\"@graph\":[{\"@type\":[\"WebPage\",\"ItemPage\"],\"@id\":\"https:\\\/\\\/www.purejewels.com\\\/product\\\/22ct-gold-sparkle-necklace-8\\\/\",\"url\":\"https:\\\/\\\/www.purejewels.com\\\/product\\\/22ct-gold-sparkle-necklace-8\\\/\",\"name\":\"22ct Bead Necklace | Rose Gold Rhodium Finish | PureJewels\",\"isPartOf\":{\"@id\":\"https:\\\/\\\/www.purejewels.com\\\/#website\"},\"primaryImageOfPage\":{\"@id\":\"https:\\\/\\\/www.purejewels.com\\\/product\\\/22ct-gold-sparkle-necklace-8\\\/#primaryimage\"},\"image\":{\"@id\":\"https:\\\/\\\/www.purejewels.com\\\/product\\\/22ct-gold-sparkle-necklace-8\\\/#primaryimage\"},\"thumbnailUrl\":\"https:\\\/\\\/static.purejewels.com\\\/wp-content\\\/uploads\\\/2018\\\/05\\\/27441_11.png\",\"datePublished\":\"2018-05-02T16:04:12+00:00\",\"dateModified\":\"2026-02-03T10:02:00+00:00\",\"description\":\"Shop the 22ct Gold Faceted Bead Necklace from PureJewels. Finished with rose gold rhodium highlights, this handcrafted design is UK hallmarked for purity.\",\"breadcrumb\":{\"@id\":\"https:\\\/\\\/www.purejewels.com\\\/product\\\/22ct-gold-sparkle-necklace-8\\\/#breadcrumb\"},\"inLanguage\":\"tr\",\"potentialAction\":[{\"@type\":\"ReadAction\",\"target\":[\"https:\\\/\\\/www.purejewels.com\\\/product\\\/22ct-gold-sparkle-necklace-8\\\/\"]}]},{\"@type\":\"ImageObject\",\"inLanguage\":\"tr\",\"@id\":\"https:\\\/\\\/www.purejewels.com\\\/product\\\/22ct-gold-sparkle-necklace-8\\\/#primaryimage\",\"url\":\"https:\\\/\\\/static.purejewels.com\\\/wp-content\\\/uploads\\\/2018\\\/05\\\/27441_11.png\",\"contentUrl\":\"https:\\\/\\\/static.purejewels.com\\\/wp-content\\\/uploads\\\/2018\\\/05\\\/27441_11.png\",\"width\":1000,\"height\":1000,\"caption\":\"27441_11\"},{\"@type\":\"BreadcrumbList\",\"@id\":\"https:\\\/\\\/www.purejewels.com\\\/product\\\/22ct-gold-sparkle-necklace-8\\\/#breadcrumb\",\"itemListElement\":[{\"@type\":\"ListItem\",\"position\":1,\"name\":\"Home\",\"item\":\"https:\\\/\\\/www.purejewels.com\\\/\"},{\"@type\":\"ListItem\",\"position\":2,\"name\":\"Shop\",\"item\":\"https:\\\/\\\/www.purejewels.com\\\/shop\\\/\"},{\"@type\":\"ListItem\",\"position\":3,\"name\":\"22ct Gold Faceted Bead Necklace with Rose Gold Rhodium Finish\"}]},{\"@type\":\"WebSite\",\"@id\":\"https:\\\/\\\/www.purejewels.com\\\/#website\",\"url\":\"https:\\\/\\\/www.purejewels.com\\\/\",\"name\":\"PureJewels UK\",\"description\":\"Share the Love\",\"publisher\":{\"@id\":\"https:\\\/\\\/www.purejewels.com\\\/#organization\"},\"potentialAction\":[{\"@type\":\"SearchAction\",\"target\":{\"@type\":\"EntryPoint\",\"urlTemplate\":\"https:\\\/\\\/www.purejewels.com\\\/?s={search_term_string}\"},\"query-input\":{\"@type\":\"PropertyValueSpecification\",\"valueRequired\":true,\"valueName\":\"search_term_string\"}}],\"inLanguage\":\"tr\"},{\"@type\":\"Organization\",\"@id\":\"https:\\\/\\\/www.purejewels.com\\\/#organization\",\"name\":\"PureJewels UK\",\"url\":\"https:\\\/\\\/www.purejewels.com\\\/\",\"logo\":{\"@type\":\"ImageObject\",\"inLanguage\":\"tr\",\"@id\":\"https:\\\/\\\/www.purejewels.com\\\/#\\\/schema\\\/logo\\\/image\\\/\",\"url\":\"https:\\\/\\\/static.purejewels.com\\\/wp-content\\\/uploads\\\/2020\\\/11\\\/Logo-PJ-New-1.png\",\"contentUrl\":\"https:\\\/\\\/static.purejewels.com\\\/wp-content\\\/uploads\\\/2020\\\/11\\\/Logo-PJ-New-1.png\",\"width\":150,\"height\":80,\"caption\":\"PureJewels UK\"},\"image\":{\"@id\":\"https:\\\/\\\/www.purejewels.com\\\/#\\\/schema\\\/logo\\\/image\\\/\"}}]}<\/script>\n<!-- \/ Yoast SEO plugin. -->","yoast_head_json":{"title":"22 Ayar Boncuk Kolye | Pembe Alt\u0131n Rodyum Kaplama | PureJewels","description":"PureJewels'ten 22 Ayar Alt\u0131n Y\u00f6nl\u00fc Boncuk Kolye sat\u0131n al\u0131n. Pembe alt\u0131n rodyum vurgularla tamamlanan bu el yap\u0131m\u0131 tasar\u0131m, safl\u0131k i\u00e7in \u0130ngiltere damgal\u0131d\u0131r.","robots":{"index":"index","follow":"follow","max-snippet":"max-snippet:-1","max-image-preview":"max-image-preview:large","max-video-preview":"max-video-preview:-1"},"canonical":"https:\/\/www.purejewels.com\/tr\/urun\/22-ayar-altin-isiltili-kolye-8\/","og_locale":"tr_TR","og_type":"article","og_title":"22ct Bead Necklace | Rose Gold Rhodium Finish | PureJewels","og_description":"Shop the 22ct Gold Faceted Bead Necklace from PureJewels. Finished with rose gold rhodium highlights, this handcrafted design is UK hallmarked for purity.","og_url":"https:\/\/www.purejewels.com\/tr\/urun\/22-ayar-altin-isiltili-kolye-8\/","og_site_name":"PureJewels UK","article_modified_time":"2026-02-03T10:02:00+00:00","og_image":[{"width":1000,"height":1000,"url":"https:\/\/static.purejewels.com\/wp-content\/uploads\/2018\/05\/27441_11.png","type":"image\/png"}],"twitter_card":"summary_large_image","twitter_misc":{"Tahmini okuma s\u00fcresi":"1 dakika"},"schema":{"@context":"https:\/\/schema.org","@graph":[{"@type":["WebPage","ItemPage"],"@id":"https:\/\/www.purejewels.com\/product\/22ct-gold-sparkle-necklace-8\/","url":"https:\/\/www.purejewels.com\/product\/22ct-gold-sparkle-necklace-8\/","name":"22 Ayar Boncuk Kolye | Pembe Alt\u0131n Rodyum Kaplama | PureJewels","isPartOf":{"@id":"https:\/\/www.purejewels.com\/#website"},"primaryImageOfPage":{"@id":"https:\/\/www.purejewels.com\/product\/22ct-gold-sparkle-necklace-8\/#primaryimage"},"image":{"@id":"https:\/\/www.purejewels.com\/product\/22ct-gold-sparkle-necklace-8\/#primaryimage"},"thumbnailUrl":"https:\/\/static.purejewels.com\/wp-content\/uploads\/2018\/05\/27441_11.png","datePublished":"2018-05-02T16:04:12+00:00","dateModified":"2026-02-03T10:02:00+00:00","description":"PureJewels'ten 22 Ayar Alt\u0131n Y\u00f6nl\u00fc Boncuk Kolye sat\u0131n al\u0131n. Pembe alt\u0131n rodyum vurgularla tamamlanan bu el yap\u0131m\u0131 tasar\u0131m, safl\u0131k i\u00e7in \u0130ngiltere damgal\u0131d\u0131r.","breadcrumb":{"@id":"https:\/\/www.purejewels.com\/product\/22ct-gold-sparkle-necklace-8\/#breadcrumb"},"inLanguage":"tr","potentialAction":[{"@type":"ReadAction","target":["https:\/\/www.purejewels.com\/product\/22ct-gold-sparkle-necklace-8\/"]}]},{"@type":"ImageObject","inLanguage":"tr","@id":"https:\/\/www.purejewels.com\/product\/22ct-gold-sparkle-necklace-8\/#primaryimage","url":"https:\/\/static.purejewels.com\/wp-content\/uploads\/2018\/05\/27441_11.png","contentUrl":"https:\/\/static.purejewels.com\/wp-content\/uploads\/2018\/05\/27441_11.png","width":1000,"height":1000,"caption":"27441_11"},{"@type":"BreadcrumbList","@id":"https:\/\/www.purejewels.com\/product\/22ct-gold-sparkle-necklace-8\/#breadcrumb","itemListElement":[{"@type":"ListItem","position":1,"name":"Home","item":"https:\/\/www.purejewels.com\/"},{"@type":"ListItem","position":2,"name":"Shop","item":"https:\/\/www.purejewels.com\/shop\/"},{"@type":"ListItem","position":3,"name":"22ct Gold Faceted Bead Necklace with Rose Gold Rhodium Finish"}]},{"@type":"WebSite","@id":"https:\/\/www.purejewels.com\/#website","url":"https:\/\/www.purejewels.com\/","name":"PureJewels \u0130ngiltere","description":"Sevgiyi Payla\u015f\u0131n","publisher":{"@id":"https:\/\/www.purejewels.com\/#organization"},"potentialAction":[{"@type":"SearchAction","target":{"@type":"EntryPoint","urlTemplate":"https:\/\/www.purejewels.com\/?s={search_term_string}"},"query-input":{"@type":"PropertyValueSpecification","valueRequired":true,"valueName":"search_term_string"}}],"inLanguage":"tr"},{"@type":"Organization","@id":"https:\/\/www.purejewels.com\/#organization","name":"PureJewels \u0130ngiltere","url":"https:\/\/www.purejewels.com\/","logo":{"@type":"ImageObject","inLanguage":"tr","@id":"https:\/\/www.purejewels.com\/#\/schema\/logo\/image\/","url":"https:\/\/static.purejewels.com\/wp-content\/uploads\/2020\/11\/Logo-PJ-New-1.png","contentUrl":"https:\/\/static.purejewels.com\/wp-content\/uploads\/2020\/11\/Logo-PJ-New-1.png","width":150,"height":80,"caption":"PureJewels UK"},"image":{"@id":"https:\/\/www.purejewels.com\/#\/schema\/logo\/image\/"}}]}},"_links":{"self":[{"href":"https:\/\/www.purejewels.com\/tr\/wp-json\/wp\/v2\/product\/300316","targetHints":{"allow":["GET"]}}],"collection":[{"href":"https:\/\/www.purejewels.com\/tr\/wp-json\/wp\/v2\/product"}],"about":[{"href":"https:\/\/www.purejewels.com\/tr\/wp-json\/wp\/v2\/types\/product"}],"replies":[{"embeddable":true,"href":"https:\/\/www.purejewels.com\/tr\/wp-json\/wp\/v2\/comments?post=300316"}],"version-history":[{"count":2,"href":"https:\/\/www.purejewels.com\/tr\/wp-json\/wp\/v2\/product\/300316\/revisions"}],"predecessor-version":[{"id":425602,"href":"https:\/\/www.purejewels.com\/tr\/wp-json\/wp\/v2\/product\/300316\/revisions\/425602"}],"wp:featuredmedia":[{"embeddable":true,"href":"https:\/\/www.purejewels.com\/tr\/wp-json\/wp\/v2\/media\/304416"}],"wp:attachment":[{"href":"https:\/\/www.purejewels.com\/tr\/wp-json\/wp\/v2\/media?parent=300316"}],"wp:term":[{"taxonomy":"product_brand","embeddable":true,"href":"https:\/\/www.purejewels.com\/tr\/wp-json\/wp\/v2\/product_brand?post=300316"},{"taxonomy":"product_cat","embeddable":true,"href":"https:\/\/www.purejewels.com\/tr\/wp-json\/wp\/v2\/product_cat?post=300316"},{"taxonomy":"product_tag","embeddable":true,"href":"https:\/\/www.purejewels.com\/tr\/wp-json\/wp\/v2\/product_tag?post=300316"}],"curies":[{"name":"wp","href":"https:\/\/api.w.org\/{rel}","templated":true}]}}