{"id":300324,"date":"2018-05-02T17:22:14","date_gmt":"2018-05-02T16:22:14","guid":{"rendered":"https:\/\/www.purejewels.com\/?post_type=product&#038;p=300324"},"modified":"2026-01-06T06:58:25","modified_gmt":"2026-01-06T06:58:25","slug":"22-ayar-altin-isiltili-kupe-5","status":"publish","type":"product","link":"https:\/\/www.purejewels.com\/tr\/product\/22ct-gold-sparkle-earrings-5\/","title":{"rendered":"22 ayar alt\u0131n damla k\u00fcpe, dokulu y\u0131ld\u0131z kesim boncuklarla"},"content":{"rendered":"<p><strong>Tasar\u0131m<\/strong><\/p>\n<p>Bu zarif uzun damla k\u00fcpeler, farkl\u0131 boyutlarda, g\u00fczel dokulu \u00fc\u00e7 adet boncuktan olu\u015fur. Tasar\u0131m, klasik yuvarlak boncuklar\u0131 karma\u015f\u0131k y\u0131ld\u0131z kesim desenlerle birle\u015ftirir ve g\u00fcl alt\u0131n, sar\u0131 alt\u0131n ve rodyumun kontrastl\u0131 kaplamalar\u0131yla zenginle\u015ftirilerek zarif bir \u0131\u015f\u0131lt\u0131 yarat\u0131r.<\/p>\n<p><strong>Zanaatkarl\u0131k<\/strong><\/p>\n<p>Saf 22 ayar alt\u0131ndan \u00fcretilen her bir boncuk, mat ve parlak y\u00fczeylerin birbirini izledi\u011fi \u00e7arp\u0131c\u0131 el i\u015f\u00e7ili\u011fi detaylara sahiptir. Hafif yap\u0131s\u0131, g\u00fcn boyu rahat\u00e7a tak\u0131labilmesi i\u00e7in tasarlanm\u0131\u015f olup, her bir par\u00e7a do\u011fal ve zarif hareketler sa\u011flayacak \u015fekilde hassas bir \u015fekilde birle\u015ftirilmi\u015ftir.<\/p>\n<p><strong>Stil<\/strong><\/p>\n<p>Geleneksel ve modern esteti\u011fin m\u00fckemmel bir kar\u0131\u015f\u0131m\u0131 olan bu k\u00fcpeler, etnik k\u0131yafetleri zenginle\u015ftirirken, \u00e7a\u011fda\u015f modayla da ayn\u0131 kolayl\u0131kla uyum sa\u011flar. Bayramlar, d\u00fc\u011f\u00fcnler veya resmi toplant\u0131lar i\u00e7in ideal olan bu k\u00fcpeler, cesur ve zamans\u0131z bir zarafet ifadesi olu\u015fturur.<\/p>","protected":false},"excerpt":{"rendered":"<p>G\u00fcl alt\u0131n, sar\u0131 alt\u0131n ve rodyum kaplamal\u0131 \u00fc\u00e7l\u00fc y\u0131ld\u0131z kesimli boncuklara sahip \u015f\u0131k 22 ayar alt\u0131n uzun damla k\u00fcpeler \u2013 dikkat \u00e7ekici bir stil i\u00e7in m\u00fckemmel.<\/p>\n<ul>\n<li>22 Ayar Alt\u0131n I\u015f\u0131lt\u0131l\u0131 K\u00fcpe<\/li>\n<li>A\u011f\u0131rl\u0131k: 11,5 gms<\/li>\n<li>SKU 27442<\/li>\n<li>T\u00fcm fiyatlara KDV dahildir<\/li>\n<li>Londra Tahlil Ofisi Taraf\u0131ndan Damgalanm\u0131\u015f 22 Ayar Alt\u0131n<\/li>\n<li>Sunum Kutusu ile Birlikte Gelir<\/li>\n<li>Teslimat Dahil<\/li>\n<li>Stok durumu ve stokta bulunan benzer tasar\u0131mlar\u0131n daha fazla g\u00f6r\u00fcnt\u00fcs\u00fc i\u00e7in bizimle canl\u0131 sohbet edin<\/li>\n<\/ul>","protected":false},"featured_media":300325,"comment_status":"closed","ping_status":"closed","template":"","meta":{"_eb_attr":"","_crsspst_to_jayantr4sg-hostcom":false},"product_brand":[],"product_cat":[1559,236,1685,1254,1229,248,1573,1574],"product_tag":[],"class_list":{"0":"post-300324","1":"product","2":"type-product","3":"status-publish","4":"has-post-thumbnail","6":"product_cat-birthday-gifts","7":"product_cat-collections","8":"product_cat-drop-earrings","9":"product_cat-gold-earrings","10":"product_cat-22ct-gold-jewellery","11":"product_cat-sparkle-collections","12":"product_cat-wedding-gifts","13":"product_cat-womens-jewellery","15":"first","16":"outofstock","17":"taxable","18":"shipping-taxable","19":"product-type-simple","20":"add-to-wishlist-before_image"},"yoast_head":"<!-- This site is optimized with the Yoast SEO plugin v27.3 - https:\/\/yoast.com\/product\/yoast-seo-wordpress\/ -->\n<title>22ct Gold Drop Earrings | Star-Cut Textured Beads | PureJewels<\/title>\n<meta name=\"description\" content=\"Add glamour to any outfit with PureJewels\u2019 22ct Gold Long Drop Earrings featuring elegant star-cut textured beads in a cascading design.\" \/>\n<meta name=\"robots\" content=\"index, follow, max-snippet:-1, max-image-preview:large, max-video-preview:-1\" \/>\n<link rel=\"canonical\" href=\"https:\/\/www.purejewels.com\/tr\/urun\/22-ayar-altin-isiltili-kupe-5\/\" \/>\n<meta property=\"og:locale\" content=\"tr_TR\" \/>\n<meta property=\"og:type\" content=\"article\" \/>\n<meta property=\"og:title\" content=\"22ct Gold Drop Earrings | Star-Cut Textured Beads | PureJewels\" \/>\n<meta property=\"og:description\" content=\"Add glamour to any outfit with PureJewels\u2019 22ct Gold Long Drop Earrings featuring elegant star-cut textured beads in a cascading design.\" \/>\n<meta property=\"og:url\" content=\"https:\/\/www.purejewels.com\/tr\/urun\/22-ayar-altin-isiltili-kupe-5\/\" \/>\n<meta property=\"og:site_name\" content=\"PureJewels UK\" \/>\n<meta property=\"article:modified_time\" content=\"2026-01-06T06:58:25+00:00\" \/>\n<meta property=\"og:image\" content=\"https:\/\/static.purejewels.com\/wp-content\/uploads\/2018\/05\/27442_1-copy.png\" \/>\n\t<meta property=\"og:image:width\" content=\"1000\" \/>\n\t<meta property=\"og:image:height\" content=\"1000\" \/>\n\t<meta property=\"og:image:type\" content=\"image\/png\" \/>\n<meta name=\"twitter:card\" content=\"summary_large_image\" \/>\n<meta name=\"twitter:label1\" content=\"Tahmini okuma s\u00fcresi\" \/>\n\t<meta name=\"twitter:data1\" content=\"1 dakika\" \/>\n<script type=\"application\/ld+json\" class=\"yoast-schema-graph\">{\"@context\":\"https:\\\/\\\/schema.org\",\"@graph\":[{\"@type\":[\"WebPage\",\"ItemPage\"],\"@id\":\"https:\\\/\\\/www.purejewels.com\\\/product\\\/22ct-gold-sparkle-earrings-5\\\/\",\"url\":\"https:\\\/\\\/www.purejewels.com\\\/product\\\/22ct-gold-sparkle-earrings-5\\\/\",\"name\":\"22ct Gold Drop Earrings | Star-Cut Textured Beads | PureJewels\",\"isPartOf\":{\"@id\":\"https:\\\/\\\/www.purejewels.com\\\/#website\"},\"primaryImageOfPage\":{\"@id\":\"https:\\\/\\\/www.purejewels.com\\\/product\\\/22ct-gold-sparkle-earrings-5\\\/#primaryimage\"},\"image\":{\"@id\":\"https:\\\/\\\/www.purejewels.com\\\/product\\\/22ct-gold-sparkle-earrings-5\\\/#primaryimage\"},\"thumbnailUrl\":\"https:\\\/\\\/static.purejewels.com\\\/wp-content\\\/uploads\\\/2018\\\/05\\\/27442_1-copy.png\",\"datePublished\":\"2018-05-02T16:22:14+00:00\",\"dateModified\":\"2026-01-06T06:58:25+00:00\",\"description\":\"Add glamour to any outfit with PureJewels\u2019 22ct Gold Long Drop Earrings featuring elegant star-cut textured beads in a cascading design.\",\"breadcrumb\":{\"@id\":\"https:\\\/\\\/www.purejewels.com\\\/product\\\/22ct-gold-sparkle-earrings-5\\\/#breadcrumb\"},\"inLanguage\":\"tr\",\"potentialAction\":[{\"@type\":\"ReadAction\",\"target\":[\"https:\\\/\\\/www.purejewels.com\\\/product\\\/22ct-gold-sparkle-earrings-5\\\/\"]}]},{\"@type\":\"ImageObject\",\"inLanguage\":\"tr\",\"@id\":\"https:\\\/\\\/www.purejewels.com\\\/product\\\/22ct-gold-sparkle-earrings-5\\\/#primaryimage\",\"url\":\"https:\\\/\\\/static.purejewels.com\\\/wp-content\\\/uploads\\\/2018\\\/05\\\/27442_1-copy.png\",\"contentUrl\":\"https:\\\/\\\/static.purejewels.com\\\/wp-content\\\/uploads\\\/2018\\\/05\\\/27442_1-copy.png\",\"width\":1000,\"height\":1000,\"caption\":\"27442_22ct gold earrings\"},{\"@type\":\"BreadcrumbList\",\"@id\":\"https:\\\/\\\/www.purejewels.com\\\/product\\\/22ct-gold-sparkle-earrings-5\\\/#breadcrumb\",\"itemListElement\":[{\"@type\":\"ListItem\",\"position\":1,\"name\":\"Home\",\"item\":\"https:\\\/\\\/www.purejewels.com\\\/\"},{\"@type\":\"ListItem\",\"position\":2,\"name\":\"Shop\",\"item\":\"https:\\\/\\\/www.purejewels.com\\\/shop\\\/\"},{\"@type\":\"ListItem\",\"position\":3,\"name\":\"22ct Gold Drop Earrings with Textured Star-Cut Beads\"}]},{\"@type\":\"WebSite\",\"@id\":\"https:\\\/\\\/www.purejewels.com\\\/#website\",\"url\":\"https:\\\/\\\/www.purejewels.com\\\/\",\"name\":\"PureJewels UK\",\"description\":\"Share the Love\",\"publisher\":{\"@id\":\"https:\\\/\\\/www.purejewels.com\\\/#organization\"},\"potentialAction\":[{\"@type\":\"SearchAction\",\"target\":{\"@type\":\"EntryPoint\",\"urlTemplate\":\"https:\\\/\\\/www.purejewels.com\\\/?s={search_term_string}\"},\"query-input\":{\"@type\":\"PropertyValueSpecification\",\"valueRequired\":true,\"valueName\":\"search_term_string\"}}],\"inLanguage\":\"tr\"},{\"@type\":\"Organization\",\"@id\":\"https:\\\/\\\/www.purejewels.com\\\/#organization\",\"name\":\"PureJewels UK\",\"url\":\"https:\\\/\\\/www.purejewels.com\\\/\",\"logo\":{\"@type\":\"ImageObject\",\"inLanguage\":\"tr\",\"@id\":\"https:\\\/\\\/www.purejewels.com\\\/#\\\/schema\\\/logo\\\/image\\\/\",\"url\":\"https:\\\/\\\/static.purejewels.com\\\/wp-content\\\/uploads\\\/2020\\\/11\\\/Logo-PJ-New-1.png\",\"contentUrl\":\"https:\\\/\\\/static.purejewels.com\\\/wp-content\\\/uploads\\\/2020\\\/11\\\/Logo-PJ-New-1.png\",\"width\":150,\"height\":80,\"caption\":\"PureJewels UK\"},\"image\":{\"@id\":\"https:\\\/\\\/www.purejewels.com\\\/#\\\/schema\\\/logo\\\/image\\\/\"}}]}<\/script>\n<!-- \/ Yoast SEO plugin. -->","yoast_head_json":{"title":"22 ayar alt\u0131n damla k\u00fcpeler | Y\u0131ld\u0131z kesim dokulu boncuklar | PureJewels","description":"PureJewels'\u0131n 22 ayar alt\u0131n uzun damla k\u00fcpeleri, zarif y\u0131ld\u0131z kesim dokulu boncuklar\u0131 ve \u00e7a\u011flayan tasar\u0131mlar\u0131yla her k\u0131yafete \u015f\u0131kl\u0131k katar.","robots":{"index":"index","follow":"follow","max-snippet":"max-snippet:-1","max-image-preview":"max-image-preview:large","max-video-preview":"max-video-preview:-1"},"canonical":"https:\/\/www.purejewels.com\/tr\/urun\/22-ayar-altin-isiltili-kupe-5\/","og_locale":"tr_TR","og_type":"article","og_title":"22ct Gold Drop Earrings | Star-Cut Textured Beads | PureJewels","og_description":"Add glamour to any outfit with PureJewels\u2019 22ct Gold Long Drop Earrings featuring elegant star-cut textured beads in a cascading design.","og_url":"https:\/\/www.purejewels.com\/tr\/urun\/22-ayar-altin-isiltili-kupe-5\/","og_site_name":"PureJewels UK","article_modified_time":"2026-01-06T06:58:25+00:00","og_image":[{"width":1000,"height":1000,"url":"https:\/\/static.purejewels.com\/wp-content\/uploads\/2018\/05\/27442_1-copy.png","type":"image\/png"}],"twitter_card":"summary_large_image","twitter_misc":{"Tahmini okuma s\u00fcresi":"1 dakika"},"schema":{"@context":"https:\/\/schema.org","@graph":[{"@type":["WebPage","ItemPage"],"@id":"https:\/\/www.purejewels.com\/product\/22ct-gold-sparkle-earrings-5\/","url":"https:\/\/www.purejewels.com\/product\/22ct-gold-sparkle-earrings-5\/","name":"22 ayar alt\u0131n damla k\u00fcpeler | Y\u0131ld\u0131z kesim dokulu boncuklar | PureJewels","isPartOf":{"@id":"https:\/\/www.purejewels.com\/#website"},"primaryImageOfPage":{"@id":"https:\/\/www.purejewels.com\/product\/22ct-gold-sparkle-earrings-5\/#primaryimage"},"image":{"@id":"https:\/\/www.purejewels.com\/product\/22ct-gold-sparkle-earrings-5\/#primaryimage"},"thumbnailUrl":"https:\/\/static.purejewels.com\/wp-content\/uploads\/2018\/05\/27442_1-copy.png","datePublished":"2018-05-02T16:22:14+00:00","dateModified":"2026-01-06T06:58:25+00:00","description":"PureJewels'\u0131n 22 ayar alt\u0131n uzun damla k\u00fcpeleri, zarif y\u0131ld\u0131z kesim dokulu boncuklar\u0131 ve \u00e7a\u011flayan tasar\u0131mlar\u0131yla her k\u0131yafete \u015f\u0131kl\u0131k katar.","breadcrumb":{"@id":"https:\/\/www.purejewels.com\/product\/22ct-gold-sparkle-earrings-5\/#breadcrumb"},"inLanguage":"tr","potentialAction":[{"@type":"ReadAction","target":["https:\/\/www.purejewels.com\/product\/22ct-gold-sparkle-earrings-5\/"]}]},{"@type":"ImageObject","inLanguage":"tr","@id":"https:\/\/www.purejewels.com\/product\/22ct-gold-sparkle-earrings-5\/#primaryimage","url":"https:\/\/static.purejewels.com\/wp-content\/uploads\/2018\/05\/27442_1-copy.png","contentUrl":"https:\/\/static.purejewels.com\/wp-content\/uploads\/2018\/05\/27442_1-copy.png","width":1000,"height":1000,"caption":"27442_22ct gold earrings"},{"@type":"BreadcrumbList","@id":"https:\/\/www.purejewels.com\/product\/22ct-gold-sparkle-earrings-5\/#breadcrumb","itemListElement":[{"@type":"ListItem","position":1,"name":"Home","item":"https:\/\/www.purejewels.com\/"},{"@type":"ListItem","position":2,"name":"Shop","item":"https:\/\/www.purejewels.com\/shop\/"},{"@type":"ListItem","position":3,"name":"22ct Gold Drop Earrings with Textured Star-Cut Beads"}]},{"@type":"WebSite","@id":"https:\/\/www.purejewels.com\/#website","url":"https:\/\/www.purejewels.com\/","name":"PureJewels \u0130ngiltere","description":"Sevgiyi Payla\u015f\u0131n","publisher":{"@id":"https:\/\/www.purejewels.com\/#organization"},"potentialAction":[{"@type":"SearchAction","target":{"@type":"EntryPoint","urlTemplate":"https:\/\/www.purejewels.com\/?s={search_term_string}"},"query-input":{"@type":"PropertyValueSpecification","valueRequired":true,"valueName":"search_term_string"}}],"inLanguage":"tr"},{"@type":"Organization","@id":"https:\/\/www.purejewels.com\/#organization","name":"PureJewels \u0130ngiltere","url":"https:\/\/www.purejewels.com\/","logo":{"@type":"ImageObject","inLanguage":"tr","@id":"https:\/\/www.purejewels.com\/#\/schema\/logo\/image\/","url":"https:\/\/static.purejewels.com\/wp-content\/uploads\/2020\/11\/Logo-PJ-New-1.png","contentUrl":"https:\/\/static.purejewels.com\/wp-content\/uploads\/2020\/11\/Logo-PJ-New-1.png","width":150,"height":80,"caption":"PureJewels UK"},"image":{"@id":"https:\/\/www.purejewels.com\/#\/schema\/logo\/image\/"}}]}},"_links":{"self":[{"href":"https:\/\/www.purejewels.com\/tr\/wp-json\/wp\/v2\/product\/300324","targetHints":{"allow":["GET"]}}],"collection":[{"href":"https:\/\/www.purejewels.com\/tr\/wp-json\/wp\/v2\/product"}],"about":[{"href":"https:\/\/www.purejewels.com\/tr\/wp-json\/wp\/v2\/types\/product"}],"replies":[{"embeddable":true,"href":"https:\/\/www.purejewels.com\/tr\/wp-json\/wp\/v2\/comments?post=300324"}],"version-history":[{"count":2,"href":"https:\/\/www.purejewels.com\/tr\/wp-json\/wp\/v2\/product\/300324\/revisions"}],"predecessor-version":[{"id":424092,"href":"https:\/\/www.purejewels.com\/tr\/wp-json\/wp\/v2\/product\/300324\/revisions\/424092"}],"wp:featuredmedia":[{"embeddable":true,"href":"https:\/\/www.purejewels.com\/tr\/wp-json\/wp\/v2\/media\/300325"}],"wp:attachment":[{"href":"https:\/\/www.purejewels.com\/tr\/wp-json\/wp\/v2\/media?parent=300324"}],"wp:term":[{"taxonomy":"product_brand","embeddable":true,"href":"https:\/\/www.purejewels.com\/tr\/wp-json\/wp\/v2\/product_brand?post=300324"},{"taxonomy":"product_cat","embeddable":true,"href":"https:\/\/www.purejewels.com\/tr\/wp-json\/wp\/v2\/product_cat?post=300324"},{"taxonomy":"product_tag","embeddable":true,"href":"https:\/\/www.purejewels.com\/tr\/wp-json\/wp\/v2\/product_tag?post=300324"}],"curies":[{"name":"wp","href":"https:\/\/api.w.org\/{rel}","templated":true}]}}