{"id":300335,"date":"2018-05-03T15:14:05","date_gmt":"2018-05-03T14:14:05","guid":{"rendered":"https:\/\/www.purejewels.com\/?post_type=product&#038;p=300335"},"modified":"2025-12-26T09:27:35","modified_gmt":"2025-12-26T09:27:35","slug":"damlacikli-22-ayar-altin-halka-kupe","status":"publish","type":"product","link":"https:\/\/www.purejewels.com\/tr\/product\/22ct-gold-hoop-earrings-with-droplet\/","title":{"rendered":"Geleneksel Jhumki Damlal\u0131kl\u0131 22 Ayar Alt\u0131n Halka K\u00fcpeler"},"content":{"rendered":"<p><strong>Tasar\u0131m:<\/strong><br \/>\nBu b\u00fcy\u00fcleyici k\u00fcpeler, zamans\u0131z halka siluetini geleneksel G\u00fcney Asya jhumki tasar\u0131m\u0131yla harmanl\u0131yor. Alt\u0131n halkalar, doku ve derinlik katan karma\u015f\u0131k boncuk motifleriyle s\u00fcslenmi\u015ftir. Alt\u0131nda as\u0131l\u0131 duran kubbe \u015feklindeki jhumki damlac\u0131klar\u0131, par\u00e7aya zarif bir hareket ve \u00e7ekicilik kat\u0131yor.<\/p>\n<p><strong>\u0130\u015f\u00e7ilik:<\/strong><br \/>\nY\u00fcksek kaliteli 22 ayar alt\u0131ndan \u00fcretilen k\u00fcpeler, detaylara ola\u011fan\u00fcst\u00fc bir \u00f6zen g\u00f6sterilmesiyle dikkat \u00e7ekiyor. Dokulu boncuklar ve oyulmu\u015f damlac\u0131klar kusursuz bir \u015fekilde i\u015flenmi\u015f olup, geleneksel m\u00fccevher yap\u0131m tekniklerinin sanatsal y\u00f6n\u00fcn\u00fc ortaya koyuyor.<\/p>\n<p><strong>Stil:<\/strong><br \/>\nK\u00fclt\u00fcrel miras ve klasik zarafetin uyumlu bir kar\u0131\u015f\u0131m\u0131 olan bu k\u00fcpeler, bayramlar, geleneksel t\u00f6renler veya modern tarzda g\u00f6ze \u00e7arpan bir aksesuar olarak m\u00fckemmeldir. Hafif tasar\u0131m\u0131 rahatl\u0131k sa\u011flarken, s\u00fcsl\u00fc detaylar\u0131 cesur bir ifade yarat\u0131r.<\/p>","protected":false},"excerpt":{"rendered":"<ul>\n<li>Damlac\u0131kl\u0131 22 Ayar Alt\u0131n Halka K\u00fcpe<\/li>\n<li>A\u011f\u0131rl\u0131k: 18,5 gms<\/li>\n<li>T\u00fcm fiyatlara KDV dahildir<\/li>\n<li>Londra Tahlil Ofisi Taraf\u0131ndan Damgalanm\u0131\u015f 22 Ayar Alt\u0131n<\/li>\n<li>Sunum Kutusu ile Birlikte Gelir<\/li>\n<li>Teslimat Dahil<\/li>\n<li>Stok durumu ve stokta bulunan benzer tasar\u0131mlar\u0131n daha fazla g\u00f6r\u00fcnt\u00fcs\u00fc i\u00e7in bizimle canl\u0131 sohbet edin<\/li>\n<\/ul>","protected":false},"featured_media":300336,"comment_status":"closed","ping_status":"closed","template":"","meta":{"_eb_attr":"","_crsspst_to_jayantr4sg-hostcom":true},"product_brand":[],"product_cat":[1579],"product_tag":[],"class_list":{"0":"post-300335","1":"product","2":"type-product","3":"status-publish","4":"has-post-thumbnail","6":"product_cat-hoop-earrings","8":"first","9":"outofstock","10":"taxable","11":"shipping-taxable","12":"product-type-simple","13":"add-to-wishlist-before_image"},"yoast_head":"<!-- This site is optimized with the Yoast SEO plugin v27.3 - https:\/\/yoast.com\/product\/yoast-seo-wordpress\/ -->\n<title>22ct Gold Hoop Earrings with Jhumki Droplets | PureJewels UK<\/title>\n<meta name=\"description\" content=\"Shop Elegant 22ct gold hoop earrings featuring ornate beaded detailing and traditional jhumki droplet charms in PureJewels UK.\" \/>\n<meta name=\"robots\" content=\"index, follow, max-snippet:-1, max-image-preview:large, max-video-preview:-1\" \/>\n<link rel=\"canonical\" href=\"https:\/\/www.purejewels.com\/tr\/urun\/damlacikli-22-ayar-altin-halka-kupe\/\" \/>\n<meta property=\"og:locale\" content=\"tr_TR\" \/>\n<meta property=\"og:type\" content=\"article\" \/>\n<meta property=\"og:title\" content=\"22ct Gold Hoop Earrings with Jhumki Droplets | PureJewels UK\" \/>\n<meta property=\"og:description\" content=\"Shop Elegant 22ct gold hoop earrings featuring ornate beaded detailing and traditional jhumki droplet charms in PureJewels UK.\" \/>\n<meta property=\"og:url\" content=\"https:\/\/www.purejewels.com\/tr\/urun\/damlacikli-22-ayar-altin-halka-kupe\/\" \/>\n<meta property=\"og:site_name\" content=\"PureJewels UK\" \/>\n<meta property=\"article:modified_time\" content=\"2025-12-26T09:27:35+00:00\" \/>\n<meta property=\"og:image\" content=\"https:\/\/static.purejewels.com\/wp-content\/uploads\/2018\/05\/24959_1.png\" \/>\n\t<meta property=\"og:image:width\" content=\"1000\" \/>\n\t<meta property=\"og:image:height\" content=\"1000\" \/>\n\t<meta property=\"og:image:type\" content=\"image\/png\" \/>\n<meta name=\"twitter:card\" content=\"summary_large_image\" \/>\n<meta name=\"twitter:label1\" content=\"Tahmini okuma s\u00fcresi\" \/>\n\t<meta name=\"twitter:data1\" content=\"1 dakika\" \/>\n<script type=\"application\/ld+json\" class=\"yoast-schema-graph\">{\"@context\":\"https:\\\/\\\/schema.org\",\"@graph\":[{\"@type\":[\"WebPage\",\"ItemPage\"],\"@id\":\"https:\\\/\\\/www.purejewels.com\\\/product\\\/22ct-gold-hoop-earrings-with-droplet\\\/\",\"url\":\"https:\\\/\\\/www.purejewels.com\\\/product\\\/22ct-gold-hoop-earrings-with-droplet\\\/\",\"name\":\"22ct Gold Hoop Earrings with Jhumki Droplets | PureJewels UK\",\"isPartOf\":{\"@id\":\"https:\\\/\\\/www.purejewels.com\\\/#website\"},\"primaryImageOfPage\":{\"@id\":\"https:\\\/\\\/www.purejewels.com\\\/product\\\/22ct-gold-hoop-earrings-with-droplet\\\/#primaryimage\"},\"image\":{\"@id\":\"https:\\\/\\\/www.purejewels.com\\\/product\\\/22ct-gold-hoop-earrings-with-droplet\\\/#primaryimage\"},\"thumbnailUrl\":\"https:\\\/\\\/static.purejewels.com\\\/wp-content\\\/uploads\\\/2018\\\/05\\\/24959_1.png\",\"datePublished\":\"2018-05-03T14:14:05+00:00\",\"dateModified\":\"2025-12-26T09:27:35+00:00\",\"description\":\"Shop Elegant 22ct gold hoop earrings featuring ornate beaded detailing and traditional jhumki droplet charms in PureJewels UK.\",\"breadcrumb\":{\"@id\":\"https:\\\/\\\/www.purejewels.com\\\/product\\\/22ct-gold-hoop-earrings-with-droplet\\\/#breadcrumb\"},\"inLanguage\":\"tr\",\"potentialAction\":[{\"@type\":\"ReadAction\",\"target\":[\"https:\\\/\\\/www.purejewels.com\\\/product\\\/22ct-gold-hoop-earrings-with-droplet\\\/\"]}]},{\"@type\":\"ImageObject\",\"inLanguage\":\"tr\",\"@id\":\"https:\\\/\\\/www.purejewels.com\\\/product\\\/22ct-gold-hoop-earrings-with-droplet\\\/#primaryimage\",\"url\":\"https:\\\/\\\/static.purejewels.com\\\/wp-content\\\/uploads\\\/2018\\\/05\\\/24959_1.png\",\"contentUrl\":\"https:\\\/\\\/static.purejewels.com\\\/wp-content\\\/uploads\\\/2018\\\/05\\\/24959_1.png\",\"width\":1000,\"height\":1000,\"caption\":\"24959_22ct gold earrings\"},{\"@type\":\"BreadcrumbList\",\"@id\":\"https:\\\/\\\/www.purejewels.com\\\/product\\\/22ct-gold-hoop-earrings-with-droplet\\\/#breadcrumb\",\"itemListElement\":[{\"@type\":\"ListItem\",\"position\":1,\"name\":\"Home\",\"item\":\"https:\\\/\\\/www.purejewels.com\\\/\"},{\"@type\":\"ListItem\",\"position\":2,\"name\":\"Shop\",\"item\":\"https:\\\/\\\/www.purejewels.com\\\/shop\\\/\"},{\"@type\":\"ListItem\",\"position\":3,\"name\":\"22ct Gold Hoop Earrings with Traditional Jhumki Droplets\"}]},{\"@type\":\"WebSite\",\"@id\":\"https:\\\/\\\/www.purejewels.com\\\/#website\",\"url\":\"https:\\\/\\\/www.purejewels.com\\\/\",\"name\":\"PureJewels UK\",\"description\":\"Share the Love\",\"publisher\":{\"@id\":\"https:\\\/\\\/www.purejewels.com\\\/#organization\"},\"potentialAction\":[{\"@type\":\"SearchAction\",\"target\":{\"@type\":\"EntryPoint\",\"urlTemplate\":\"https:\\\/\\\/www.purejewels.com\\\/?s={search_term_string}\"},\"query-input\":{\"@type\":\"PropertyValueSpecification\",\"valueRequired\":true,\"valueName\":\"search_term_string\"}}],\"inLanguage\":\"tr\"},{\"@type\":\"Organization\",\"@id\":\"https:\\\/\\\/www.purejewels.com\\\/#organization\",\"name\":\"PureJewels UK\",\"url\":\"https:\\\/\\\/www.purejewels.com\\\/\",\"logo\":{\"@type\":\"ImageObject\",\"inLanguage\":\"tr\",\"@id\":\"https:\\\/\\\/www.purejewels.com\\\/#\\\/schema\\\/logo\\\/image\\\/\",\"url\":\"https:\\\/\\\/static.purejewels.com\\\/wp-content\\\/uploads\\\/2020\\\/11\\\/Logo-PJ-New-1.png\",\"contentUrl\":\"https:\\\/\\\/static.purejewels.com\\\/wp-content\\\/uploads\\\/2020\\\/11\\\/Logo-PJ-New-1.png\",\"width\":150,\"height\":80,\"caption\":\"PureJewels UK\"},\"image\":{\"@id\":\"https:\\\/\\\/www.purejewels.com\\\/#\\\/schema\\\/logo\\\/image\\\/\"}}]}<\/script>\n<!-- \/ Yoast SEO plugin. -->","yoast_head_json":{"title":"Jhumki Damlal\u0131kl\u0131 22 Ayar Alt\u0131n Halka K\u00fcpeler | PureJewels UK","description":"PureJewels UK'de, s\u00fcsl\u00fc boncuk detaylar\u0131 ve geleneksel jhumki damla charmlar\u0131 ile zarif 22 ayar alt\u0131n halka k\u00fcpeler sat\u0131n al\u0131n.","robots":{"index":"index","follow":"follow","max-snippet":"max-snippet:-1","max-image-preview":"max-image-preview:large","max-video-preview":"max-video-preview:-1"},"canonical":"https:\/\/www.purejewels.com\/tr\/urun\/damlacikli-22-ayar-altin-halka-kupe\/","og_locale":"tr_TR","og_type":"article","og_title":"22ct Gold Hoop Earrings with Jhumki Droplets | PureJewels UK","og_description":"Shop Elegant 22ct gold hoop earrings featuring ornate beaded detailing and traditional jhumki droplet charms in PureJewels UK.","og_url":"https:\/\/www.purejewels.com\/tr\/urun\/damlacikli-22-ayar-altin-halka-kupe\/","og_site_name":"PureJewels UK","article_modified_time":"2025-12-26T09:27:35+00:00","og_image":[{"width":1000,"height":1000,"url":"https:\/\/static.purejewels.com\/wp-content\/uploads\/2018\/05\/24959_1.png","type":"image\/png"}],"twitter_card":"summary_large_image","twitter_misc":{"Tahmini okuma s\u00fcresi":"1 dakika"},"schema":{"@context":"https:\/\/schema.org","@graph":[{"@type":["WebPage","ItemPage"],"@id":"https:\/\/www.purejewels.com\/product\/22ct-gold-hoop-earrings-with-droplet\/","url":"https:\/\/www.purejewels.com\/product\/22ct-gold-hoop-earrings-with-droplet\/","name":"Jhumki Damlal\u0131kl\u0131 22 Ayar Alt\u0131n Halka K\u00fcpeler | PureJewels UK","isPartOf":{"@id":"https:\/\/www.purejewels.com\/#website"},"primaryImageOfPage":{"@id":"https:\/\/www.purejewels.com\/product\/22ct-gold-hoop-earrings-with-droplet\/#primaryimage"},"image":{"@id":"https:\/\/www.purejewels.com\/product\/22ct-gold-hoop-earrings-with-droplet\/#primaryimage"},"thumbnailUrl":"https:\/\/static.purejewels.com\/wp-content\/uploads\/2018\/05\/24959_1.png","datePublished":"2018-05-03T14:14:05+00:00","dateModified":"2025-12-26T09:27:35+00:00","description":"PureJewels UK'de, s\u00fcsl\u00fc boncuk detaylar\u0131 ve geleneksel jhumki damla charmlar\u0131 ile zarif 22 ayar alt\u0131n halka k\u00fcpeler sat\u0131n al\u0131n.","breadcrumb":{"@id":"https:\/\/www.purejewels.com\/product\/22ct-gold-hoop-earrings-with-droplet\/#breadcrumb"},"inLanguage":"tr","potentialAction":[{"@type":"ReadAction","target":["https:\/\/www.purejewels.com\/product\/22ct-gold-hoop-earrings-with-droplet\/"]}]},{"@type":"ImageObject","inLanguage":"tr","@id":"https:\/\/www.purejewels.com\/product\/22ct-gold-hoop-earrings-with-droplet\/#primaryimage","url":"https:\/\/static.purejewels.com\/wp-content\/uploads\/2018\/05\/24959_1.png","contentUrl":"https:\/\/static.purejewels.com\/wp-content\/uploads\/2018\/05\/24959_1.png","width":1000,"height":1000,"caption":"24959_22ct gold earrings"},{"@type":"BreadcrumbList","@id":"https:\/\/www.purejewels.com\/product\/22ct-gold-hoop-earrings-with-droplet\/#breadcrumb","itemListElement":[{"@type":"ListItem","position":1,"name":"Home","item":"https:\/\/www.purejewels.com\/"},{"@type":"ListItem","position":2,"name":"Shop","item":"https:\/\/www.purejewels.com\/shop\/"},{"@type":"ListItem","position":3,"name":"22ct Gold Hoop Earrings with Traditional Jhumki Droplets"}]},{"@type":"WebSite","@id":"https:\/\/www.purejewels.com\/#website","url":"https:\/\/www.purejewels.com\/","name":"PureJewels \u0130ngiltere","description":"Sevgiyi Payla\u015f\u0131n","publisher":{"@id":"https:\/\/www.purejewels.com\/#organization"},"potentialAction":[{"@type":"SearchAction","target":{"@type":"EntryPoint","urlTemplate":"https:\/\/www.purejewels.com\/?s={search_term_string}"},"query-input":{"@type":"PropertyValueSpecification","valueRequired":true,"valueName":"search_term_string"}}],"inLanguage":"tr"},{"@type":"Organization","@id":"https:\/\/www.purejewels.com\/#organization","name":"PureJewels \u0130ngiltere","url":"https:\/\/www.purejewels.com\/","logo":{"@type":"ImageObject","inLanguage":"tr","@id":"https:\/\/www.purejewels.com\/#\/schema\/logo\/image\/","url":"https:\/\/static.purejewels.com\/wp-content\/uploads\/2020\/11\/Logo-PJ-New-1.png","contentUrl":"https:\/\/static.purejewels.com\/wp-content\/uploads\/2020\/11\/Logo-PJ-New-1.png","width":150,"height":80,"caption":"PureJewels UK"},"image":{"@id":"https:\/\/www.purejewels.com\/#\/schema\/logo\/image\/"}}]}},"_links":{"self":[{"href":"https:\/\/www.purejewels.com\/tr\/wp-json\/wp\/v2\/product\/300335","targetHints":{"allow":["GET"]}}],"collection":[{"href":"https:\/\/www.purejewels.com\/tr\/wp-json\/wp\/v2\/product"}],"about":[{"href":"https:\/\/www.purejewels.com\/tr\/wp-json\/wp\/v2\/types\/product"}],"replies":[{"embeddable":true,"href":"https:\/\/www.purejewels.com\/tr\/wp-json\/wp\/v2\/comments?post=300335"}],"version-history":[{"count":3,"href":"https:\/\/www.purejewels.com\/tr\/wp-json\/wp\/v2\/product\/300335\/revisions"}],"predecessor-version":[{"id":423903,"href":"https:\/\/www.purejewels.com\/tr\/wp-json\/wp\/v2\/product\/300335\/revisions\/423903"}],"wp:featuredmedia":[{"embeddable":true,"href":"https:\/\/www.purejewels.com\/tr\/wp-json\/wp\/v2\/media\/300336"}],"wp:attachment":[{"href":"https:\/\/www.purejewels.com\/tr\/wp-json\/wp\/v2\/media?parent=300335"}],"wp:term":[{"taxonomy":"product_brand","embeddable":true,"href":"https:\/\/www.purejewels.com\/tr\/wp-json\/wp\/v2\/product_brand?post=300335"},{"taxonomy":"product_cat","embeddable":true,"href":"https:\/\/www.purejewels.com\/tr\/wp-json\/wp\/v2\/product_cat?post=300335"},{"taxonomy":"product_tag","embeddable":true,"href":"https:\/\/www.purejewels.com\/tr\/wp-json\/wp\/v2\/product_tag?post=300335"}],"curies":[{"name":"wp","href":"https:\/\/api.w.org\/{rel}","templated":true}]}}