{"id":301123,"date":"2018-05-31T13:14:20","date_gmt":"2018-05-31T12:14:20","guid":{"rendered":"https:\/\/www.purejewels.com\/?post_type=product&#038;p=301123"},"modified":"2026-01-06T06:58:26","modified_gmt":"2026-01-06T06:58:26","slug":"22-ayar-altin-armari-kupe-27573","status":"publish","type":"product","link":"https:\/\/www.purejewels.com\/tr\/product\/22ct-gold-armari-earrings-27573\/","title":{"rendered":"22 ayar alt\u0131n Polki k\u00fcpe, inci damla"},"content":{"rendered":"<p>\u00dcnl\u00fc Armari Koleksiyonu'ndan, kraliyet miras\u0131n\u0131n zarafetini yans\u0131tmak \u00fczere tasarlanm\u0131\u015f bu muhte\u015fem 22 ayar alt\u0131n k\u00fcpe \u00e7ifti. Zengin antika kaplamayla i\u015flenmi\u015f bu k\u00fcpeler, zamans\u0131z zarafeti yans\u0131tan \u0131\u015f\u0131ldayan \u00e7i\u00e7ek deseninde d\u00fczenlenmi\u015f geleneksel kesilmemi\u015f polki ta\u015flarla s\u00fcslenmi\u015ftir.<\/p>\n<p>Karma\u015f\u0131k dairesel \u00e7er\u00e7eveler, telkari i\u015f\u00e7ili\u011fi ve dokulu boncuklu kenarlarla s\u00fcslenmi\u015f olup, yumu\u015fak bir hareket ve asil bir cazibe katan parlak sedefli damlac\u0131klarla tamamlanmaktad\u0131r. Her bir unsur, geleneksel sanat ve kal\u0131c\u0131 zarafeti yans\u0131tacak \u015fekilde \u00f6zenle dengelenmi\u015ftir.<\/p>\n<p>D\u00fc\u011f\u00fcnler, bayramlar veya k\u00fclt\u00fcrel kutlamalar i\u00e7in m\u00fckemmel olan bu k\u00fcpeler, sofistike bir tarz\u0131 ve zanaatkarl\u0131\u011fa olan ba\u011fl\u0131l\u0131\u011f\u0131 yans\u0131t\u0131yor.<\/p>","protected":false},"excerpt":{"rendered":"<p>Antik i\u015f\u00e7ilik, \u0131\u015f\u0131lt\u0131l\u0131 polki ta\u015flar\u0131 ve zarif inci damlalar\u0131yla g\u00f6z al\u0131c\u0131, 22 ayar alt\u0131n bir \u00e7ift k\u00fcpe \u2013 Armari Koleksiyonumuzdan.<\/p>\n<ul>\n<li>Antik Kaplama, Polki Ta\u015flar\u0131 ve \u0130nci Damlas\u0131 ile 22 Ayar Alt\u0131n K\u00fcpe<\/li>\n<li>A\u011f\u0131rl\u0131k 19,5 gms<\/li>\n<li>T\u00fcm fiyatlara KDV dahildir<\/li>\n<li>T\u00fcm \u00fcr\u00fcnlerimiz Londra Tahlil Ofisi taraf\u0131ndan Alt\u0131n Damgal\u0131d\u0131r<\/li>\n<li>Sunum Kutusu ile Birlikte Gelir<\/li>\n<li>Teslimat Dahil<\/li>\n<li>Ma\u011fazada bulunan t\u00fcm Polki koleksiyonunu g\u00f6rmek i\u00e7in bizimle canl\u0131 sohbet edin.<\/li>\n<\/ul>","protected":false},"featured_media":309524,"comment_status":"closed","ping_status":"closed","template":"","meta":{"_eb_attr":"","_crsspst_to_jayantr4sg-hostcom":false},"product_brand":[],"product_cat":[245,236,1685,1254,1229,1573,1574],"product_tag":[],"class_list":{"0":"post-301123","1":"product","2":"type-product","3":"status-publish","4":"has-post-thumbnail","6":"product_cat-armari-collections","7":"product_cat-collections","8":"product_cat-drop-earrings","9":"product_cat-gold-earrings","10":"product_cat-22ct-gold-jewellery","11":"product_cat-wedding-gifts","12":"product_cat-womens-jewellery","14":"first","15":"outofstock","16":"taxable","17":"shipping-taxable","18":"product-type-simple","19":"add-to-wishlist-before_image"},"yoast_head":"<!-- This site is optimized with the Yoast SEO plugin v27.6 - https:\/\/yoast.com\/product\/yoast-seo-wordpress\/ -->\n<title>22ct Gold Polki Earrings | Antique Finish &amp; Pearl Drop | PureJewels<\/title>\n<meta name=\"description\" content=\"Elegant 22ct gold earrings with antique finish, polki stones, and pearl droplet. Part of the PureJewels Armari Collection. Heritage-inspired design.\" \/>\n<meta name=\"robots\" content=\"index, follow, max-snippet:-1, max-image-preview:large, max-video-preview:-1\" \/>\n<link rel=\"canonical\" href=\"https:\/\/www.purejewels.com\/tr\/urun\/22-ayar-altin-armari-kupe-27573\/\" \/>\n<meta property=\"og:locale\" content=\"tr_TR\" \/>\n<meta property=\"og:type\" content=\"article\" \/>\n<meta property=\"og:title\" content=\"22ct Gold Polki Earrings | Antique Finish &amp; Pearl Drop | PureJewels\" \/>\n<meta property=\"og:description\" content=\"Elegant 22ct gold earrings with antique finish, polki stones, and pearl droplet. Part of the PureJewels Armari Collection. Heritage-inspired design.\" \/>\n<meta property=\"og:url\" content=\"https:\/\/www.purejewels.com\/tr\/urun\/22-ayar-altin-armari-kupe-27573\/\" \/>\n<meta property=\"og:site_name\" content=\"PureJewels UK\" \/>\n<meta property=\"article:modified_time\" content=\"2026-01-06T06:58:26+00:00\" \/>\n<meta property=\"og:image\" content=\"https:\/\/static.purejewels.com\/wp-content\/uploads\/2018\/05\/27573_1.png\" \/>\n\t<meta property=\"og:image:width\" content=\"1000\" \/>\n\t<meta property=\"og:image:height\" content=\"1000\" \/>\n\t<meta property=\"og:image:type\" content=\"image\/png\" \/>\n<meta name=\"twitter:card\" content=\"summary_large_image\" \/>\n<meta name=\"twitter:label1\" content=\"Tahmini okuma s\u00fcresi\" \/>\n\t<meta name=\"twitter:data1\" content=\"1 dakika\" \/>\n<script type=\"application\/ld+json\" class=\"yoast-schema-graph\">{\"@context\":\"https:\\\/\\\/schema.org\",\"@graph\":[{\"@type\":[\"WebPage\",\"ItemPage\"],\"@id\":\"https:\\\/\\\/www.purejewels.com\\\/product\\\/22ct-gold-armari-earrings-27573\\\/\",\"url\":\"https:\\\/\\\/www.purejewels.com\\\/product\\\/22ct-gold-armari-earrings-27573\\\/\",\"name\":\"22ct Gold Polki Earrings | Antique Finish & Pearl Drop | PureJewels\",\"isPartOf\":{\"@id\":\"https:\\\/\\\/www.purejewels.com\\\/#website\"},\"primaryImageOfPage\":{\"@id\":\"https:\\\/\\\/www.purejewels.com\\\/product\\\/22ct-gold-armari-earrings-27573\\\/#primaryimage\"},\"image\":{\"@id\":\"https:\\\/\\\/www.purejewels.com\\\/product\\\/22ct-gold-armari-earrings-27573\\\/#primaryimage\"},\"thumbnailUrl\":\"https:\\\/\\\/static.purejewels.com\\\/wp-content\\\/uploads\\\/2018\\\/05\\\/27573_1.png\",\"datePublished\":\"2018-05-31T12:14:20+00:00\",\"dateModified\":\"2026-01-06T06:58:26+00:00\",\"description\":\"Elegant 22ct gold earrings with antique finish, polki stones, and pearl droplet. Part of the PureJewels Armari Collection. Heritage-inspired design.\",\"breadcrumb\":{\"@id\":\"https:\\\/\\\/www.purejewels.com\\\/product\\\/22ct-gold-armari-earrings-27573\\\/#breadcrumb\"},\"inLanguage\":\"tr\",\"potentialAction\":[{\"@type\":\"ReadAction\",\"target\":[\"https:\\\/\\\/www.purejewels.com\\\/product\\\/22ct-gold-armari-earrings-27573\\\/\"]}]},{\"@type\":\"ImageObject\",\"inLanguage\":\"tr\",\"@id\":\"https:\\\/\\\/www.purejewels.com\\\/product\\\/22ct-gold-armari-earrings-27573\\\/#primaryimage\",\"url\":\"https:\\\/\\\/static.purejewels.com\\\/wp-content\\\/uploads\\\/2018\\\/05\\\/27573_1.png\",\"contentUrl\":\"https:\\\/\\\/static.purejewels.com\\\/wp-content\\\/uploads\\\/2018\\\/05\\\/27573_1.png\",\"width\":1000,\"height\":1000,\"caption\":\"27573_1\"},{\"@type\":\"BreadcrumbList\",\"@id\":\"https:\\\/\\\/www.purejewels.com\\\/product\\\/22ct-gold-armari-earrings-27573\\\/#breadcrumb\",\"itemListElement\":[{\"@type\":\"ListItem\",\"position\":1,\"name\":\"Home\",\"item\":\"https:\\\/\\\/www.purejewels.com\\\/\"},{\"@type\":\"ListItem\",\"position\":2,\"name\":\"Shop\",\"item\":\"https:\\\/\\\/www.purejewels.com\\\/shop\\\/\"},{\"@type\":\"ListItem\",\"position\":3,\"name\":\"22ct Gold Polki Earrings with Pearl Drop\"}]},{\"@type\":\"WebSite\",\"@id\":\"https:\\\/\\\/www.purejewels.com\\\/#website\",\"url\":\"https:\\\/\\\/www.purejewels.com\\\/\",\"name\":\"PureJewels UK\",\"description\":\"Share the Love\",\"publisher\":{\"@id\":\"https:\\\/\\\/www.purejewels.com\\\/#organization\"},\"potentialAction\":[{\"@type\":\"SearchAction\",\"target\":{\"@type\":\"EntryPoint\",\"urlTemplate\":\"https:\\\/\\\/www.purejewels.com\\\/?s={search_term_string}\"},\"query-input\":{\"@type\":\"PropertyValueSpecification\",\"valueRequired\":true,\"valueName\":\"search_term_string\"}}],\"inLanguage\":\"tr\"},{\"@type\":\"Organization\",\"@id\":\"https:\\\/\\\/www.purejewels.com\\\/#organization\",\"name\":\"PureJewels UK\",\"url\":\"https:\\\/\\\/www.purejewels.com\\\/\",\"logo\":{\"@type\":\"ImageObject\",\"inLanguage\":\"tr\",\"@id\":\"https:\\\/\\\/www.purejewels.com\\\/#\\\/schema\\\/logo\\\/image\\\/\",\"url\":\"https:\\\/\\\/static.purejewels.com\\\/wp-content\\\/uploads\\\/2020\\\/11\\\/Logo-PJ-New-1.png\",\"contentUrl\":\"https:\\\/\\\/static.purejewels.com\\\/wp-content\\\/uploads\\\/2020\\\/11\\\/Logo-PJ-New-1.png\",\"width\":150,\"height\":80,\"caption\":\"PureJewels UK\"},\"image\":{\"@id\":\"https:\\\/\\\/www.purejewels.com\\\/#\\\/schema\\\/logo\\\/image\\\/\"}}]}<\/script>\n<!-- \/ Yoast SEO plugin. -->","yoast_head_json":{"title":"22 ayar alt\u0131n Polki k\u00fcpeler | Antik kaplama ve inci damla | PureJewels","description":"Antik kaplama, polki ta\u015flar\u0131 ve inci damlas\u0131 ile zarif 22 ayar alt\u0131n k\u00fcpeler. PureJewels Armari Koleksiyonunun bir par\u00e7as\u0131. Mirastan ilham alan tasar\u0131m.","robots":{"index":"index","follow":"follow","max-snippet":"max-snippet:-1","max-image-preview":"max-image-preview:large","max-video-preview":"max-video-preview:-1"},"canonical":"https:\/\/www.purejewels.com\/tr\/urun\/22-ayar-altin-armari-kupe-27573\/","og_locale":"tr_TR","og_type":"article","og_title":"22ct Gold Polki Earrings | Antique Finish & Pearl Drop | PureJewels","og_description":"Elegant 22ct gold earrings with antique finish, polki stones, and pearl droplet. Part of the PureJewels Armari Collection. Heritage-inspired design.","og_url":"https:\/\/www.purejewels.com\/tr\/urun\/22-ayar-altin-armari-kupe-27573\/","og_site_name":"PureJewels UK","article_modified_time":"2026-01-06T06:58:26+00:00","og_image":[{"width":1000,"height":1000,"url":"https:\/\/static.purejewels.com\/wp-content\/uploads\/2018\/05\/27573_1.png","type":"image\/png"}],"twitter_card":"summary_large_image","twitter_misc":{"Tahmini okuma s\u00fcresi":"1 dakika"},"schema":{"@context":"https:\/\/schema.org","@graph":[{"@type":["WebPage","ItemPage"],"@id":"https:\/\/www.purejewels.com\/product\/22ct-gold-armari-earrings-27573\/","url":"https:\/\/www.purejewels.com\/product\/22ct-gold-armari-earrings-27573\/","name":"22 ayar alt\u0131n Polki k\u00fcpeler | Antik kaplama ve inci damla | PureJewels","isPartOf":{"@id":"https:\/\/www.purejewels.com\/#website"},"primaryImageOfPage":{"@id":"https:\/\/www.purejewels.com\/product\/22ct-gold-armari-earrings-27573\/#primaryimage"},"image":{"@id":"https:\/\/www.purejewels.com\/product\/22ct-gold-armari-earrings-27573\/#primaryimage"},"thumbnailUrl":"https:\/\/static.purejewels.com\/wp-content\/uploads\/2018\/05\/27573_1.png","datePublished":"2018-05-31T12:14:20+00:00","dateModified":"2026-01-06T06:58:26+00:00","description":"Antik kaplama, polki ta\u015flar\u0131 ve inci damlas\u0131 ile zarif 22 ayar alt\u0131n k\u00fcpeler. PureJewels Armari Koleksiyonunun bir par\u00e7as\u0131. Mirastan ilham alan tasar\u0131m.","breadcrumb":{"@id":"https:\/\/www.purejewels.com\/product\/22ct-gold-armari-earrings-27573\/#breadcrumb"},"inLanguage":"tr","potentialAction":[{"@type":"ReadAction","target":["https:\/\/www.purejewels.com\/product\/22ct-gold-armari-earrings-27573\/"]}]},{"@type":"ImageObject","inLanguage":"tr","@id":"https:\/\/www.purejewels.com\/product\/22ct-gold-armari-earrings-27573\/#primaryimage","url":"https:\/\/static.purejewels.com\/wp-content\/uploads\/2018\/05\/27573_1.png","contentUrl":"https:\/\/static.purejewels.com\/wp-content\/uploads\/2018\/05\/27573_1.png","width":1000,"height":1000,"caption":"27573_1"},{"@type":"BreadcrumbList","@id":"https:\/\/www.purejewels.com\/product\/22ct-gold-armari-earrings-27573\/#breadcrumb","itemListElement":[{"@type":"ListItem","position":1,"name":"Home","item":"https:\/\/www.purejewels.com\/"},{"@type":"ListItem","position":2,"name":"Shop","item":"https:\/\/www.purejewels.com\/shop\/"},{"@type":"ListItem","position":3,"name":"22ct Gold Polki Earrings with Pearl Drop"}]},{"@type":"WebSite","@id":"https:\/\/www.purejewels.com\/#website","url":"https:\/\/www.purejewels.com\/","name":"PureJewels \u0130ngiltere","description":"Sevgiyi Payla\u015f\u0131n","publisher":{"@id":"https:\/\/www.purejewels.com\/#organization"},"potentialAction":[{"@type":"SearchAction","target":{"@type":"EntryPoint","urlTemplate":"https:\/\/www.purejewels.com\/?s={search_term_string}"},"query-input":{"@type":"PropertyValueSpecification","valueRequired":true,"valueName":"search_term_string"}}],"inLanguage":"tr"},{"@type":"Organization","@id":"https:\/\/www.purejewels.com\/#organization","name":"PureJewels \u0130ngiltere","url":"https:\/\/www.purejewels.com\/","logo":{"@type":"ImageObject","inLanguage":"tr","@id":"https:\/\/www.purejewels.com\/#\/schema\/logo\/image\/","url":"https:\/\/static.purejewels.com\/wp-content\/uploads\/2020\/11\/Logo-PJ-New-1.png","contentUrl":"https:\/\/static.purejewels.com\/wp-content\/uploads\/2020\/11\/Logo-PJ-New-1.png","width":150,"height":80,"caption":"PureJewels UK"},"image":{"@id":"https:\/\/www.purejewels.com\/#\/schema\/logo\/image\/"}}]}},"_links":{"self":[{"href":"https:\/\/www.purejewels.com\/tr\/wp-json\/wp\/v2\/product\/301123","targetHints":{"allow":["GET"]}}],"collection":[{"href":"https:\/\/www.purejewels.com\/tr\/wp-json\/wp\/v2\/product"}],"about":[{"href":"https:\/\/www.purejewels.com\/tr\/wp-json\/wp\/v2\/types\/product"}],"replies":[{"embeddable":true,"href":"https:\/\/www.purejewels.com\/tr\/wp-json\/wp\/v2\/comments?post=301123"}],"version-history":[{"count":3,"href":"https:\/\/www.purejewels.com\/tr\/wp-json\/wp\/v2\/product\/301123\/revisions"}],"predecessor-version":[{"id":423420,"href":"https:\/\/www.purejewels.com\/tr\/wp-json\/wp\/v2\/product\/301123\/revisions\/423420"}],"wp:featuredmedia":[{"embeddable":true,"href":"https:\/\/www.purejewels.com\/tr\/wp-json\/wp\/v2\/media\/309524"}],"wp:attachment":[{"href":"https:\/\/www.purejewels.com\/tr\/wp-json\/wp\/v2\/media?parent=301123"}],"wp:term":[{"taxonomy":"product_brand","embeddable":true,"href":"https:\/\/www.purejewels.com\/tr\/wp-json\/wp\/v2\/product_brand?post=301123"},{"taxonomy":"product_cat","embeddable":true,"href":"https:\/\/www.purejewels.com\/tr\/wp-json\/wp\/v2\/product_cat?post=301123"},{"taxonomy":"product_tag","embeddable":true,"href":"https:\/\/www.purejewels.com\/tr\/wp-json\/wp\/v2\/product_tag?post=301123"}],"curies":[{"name":"wp","href":"https:\/\/api.w.org\/{rel}","templated":true}]}}