{"id":301128,"date":"2018-05-31T16:23:28","date_gmt":"2018-05-31T15:23:28","guid":{"rendered":"https:\/\/www.purejewels.com\/?post_type=product&#038;p=301128"},"modified":"2025-11-06T07:10:50","modified_gmt":"2025-11-06T07:10:50","slug":"22-ayar-altin-bordur-zincir-27602","status":"publish","type":"product","link":"https:\/\/www.purejewels.com\/tr\/product\/22k-gold-curb-chain-27602\/","title":{"rendered":"22 Ayar Alt\u0131n Bord\u00fcr Zincir 20 in\u00e7"},"content":{"rendered":"<h3>\u0130lham kayna\u011f\u0131<\/h3>\n<p>Tam istedi\u011finiz gibi \u00f6zenle haz\u0131rland\u0131! Purejewels'in bu ince ve y\u00fcksek cilal\u0131 22K bord\u00fcr zinciri, g\u00fcn\u00fcm\u00fcz\u00fcn minimal ya\u015fam tarzlar\u0131ndan ilham al\u0131yor. \"Az\u0131n \u00e7ok oldu\u011funa\" inanan insanlar taraf\u0131ndan benimsenen ve pop\u00fclerlik kazanan minimal ya\u015fam tarz\u0131yla uyumludur.<\/p>\n<h3>Stil<\/h3>\n<p>Saf 22 ayar alt\u0131n\u0131n \u0131\u015f\u0131lt\u0131l\u0131 parlakl\u0131\u011f\u0131 cezbedicidir, ancak bu dramatik bord\u00fcr zincirin silueti b\u00fcy\u00fcleyicidir ve i\u015f\u00e7ili\u011finin kar\u015f\u0131 konulmaz g\u00fczelli\u011fi herkesin dikkatini \u00e7ekecek kapasiteye sahiptir. Tasar\u0131m\u0131n sadeli\u011finin yan\u0131 s\u0131ra \u00e7ok y\u00f6nl\u00fcl\u00fc\u011f\u00fc de hem resmi hem de resmi olmayan topluluklarla bir a\u00e7\u0131klama yapar. Narin 22K kolyemiz son derece dinamik ve ayarlanabilirdir ve tek ba\u015f\u0131na veya di\u011fer kolyelerle birlikte tak\u0131labilir.<\/p>\n<h3>Tasar\u0131m<\/h3>\n<p>Daha az\u0131yla yetinmeyin. M\u00fccevher kutunuza ve koleksiyonumuza anlaml\u0131 bir ekleme olan bu 22 ayar alt\u0131n zincire bir g\u00f6z at\u0131n, detaylara ve tasar\u0131ma azami \u00f6zen g\u00f6sterilerek haz\u0131rlanm\u0131\u015ft\u0131r. Asya alt\u0131n zincirimizin her bir halkas\u0131 el i\u015f\u00e7ili\u011fiyle \u00f6zenle haz\u0131rlanm\u0131\u015f olup, her biri kusursuz bir \u015fekilde m\u00fckemmelle\u015ftirilirken, bu halkalar\u0131n karma\u015f\u0131k bir \u015fekilde bir araya getirilmesi zinciri bir sanat eseri haline getirmektedir.<\/p>","protected":false},"excerpt":{"rendered":"<ul>\n<li>22 Ayar Alt\u0131n Bord\u00fcr Zincir 20 in\u00e7<\/li>\n<li>SKU 44251<\/li>\n<li>A\u011f\u0131rl\u0131k 13,9 gms<\/li>\n<li>Farkl\u0131 zincir se\u00e7enekleri i\u00e7in ileti\u015fime ge\u00e7in.<\/li>\n<li>T\u00fcm fiyatlara KDV dahildir<\/li>\n<li>Londra Tahlil Ofisi Taraf\u0131ndan Damgalanm\u0131\u015f 22 Ayar Alt\u0131n<\/li>\n<li>Sunum Kutusu ile Birlikte Gelir<\/li>\n<li>Teslimat Dahil<\/li>\n<li>Stok durumu ve stokta bulunan benzer tasar\u0131mlar\u0131n daha fazla g\u00f6r\u00fcnt\u00fcs\u00fc i\u00e7in bizimle canl\u0131 sohbet edin<\/li>\n<\/ul>","protected":false},"featured_media":317272,"comment_status":"closed","ping_status":"closed","template":"","meta":{"_eb_attr":"","_crsspst_to_jayantr4sg-hostcom":false},"product_brand":[],"product_cat":[1475,1773,1572,1774,1574],"product_tag":[3990,4121],"class_list":{"0":"post-301128","1":"product","2":"type-product","3":"status-publish","4":"has-post-thumbnail","6":"product_cat-gold-chains","7":"product_cat-ladies-chains","8":"product_cat-mens-jewellery","9":"product_cat-mens-chains","10":"product_cat-womens-jewellery","11":"product_tag-22-carat-gold-chain","12":"product_tag-chains-for-sale","14":"first","15":"outofstock","16":"taxable","17":"shipping-taxable","18":"product-type-simple","19":"add-to-wishlist-before_image"},"yoast_head":"<!-- This site is optimized with the Yoast SEO plugin v27.3 - https:\/\/yoast.com\/product\/yoast-seo-wordpress\/ -->\n<title>Real Gold Chain | 22k Gold Curb Chain 20 inches | PureJewels<\/title>\n<meta name=\"description\" content=\"Looking for gold curb chain online in UK? Shop for the best gold curb chain from our collection of exclusive, customized &amp; handmade Jewellery.\" \/>\n<meta name=\"robots\" content=\"index, follow, max-snippet:-1, max-image-preview:large, max-video-preview:-1\" \/>\n<link rel=\"canonical\" href=\"https:\/\/www.purejewels.com\/tr\/urun\/22-ayar-altin-bordur-zincir-27602\/\" \/>\n<meta property=\"og:locale\" content=\"tr_TR\" \/>\n<meta property=\"og:type\" content=\"article\" \/>\n<meta property=\"og:title\" content=\"Real Gold Chain | 22k Gold Curb Chain 20 inches | PureJewels\" \/>\n<meta property=\"og:description\" content=\"Looking for gold curb chain online in UK? Shop for the best gold curb chain from our collection of exclusive, customized &amp; handmade Jewellery.\" \/>\n<meta property=\"og:url\" content=\"https:\/\/www.purejewels.com\/tr\/urun\/22-ayar-altin-bordur-zincir-27602\/\" \/>\n<meta property=\"og:site_name\" content=\"PureJewels UK\" \/>\n<meta property=\"article:modified_time\" content=\"2025-11-06T07:10:50+00:00\" \/>\n<meta property=\"og:image\" content=\"https:\/\/www.purejewels.com\/wp-content\/uploads\/2020\/09\/image185591212.jpg\" \/>\n\t<meta property=\"og:image:width\" content=\"1000\" \/>\n\t<meta property=\"og:image:height\" content=\"1000\" \/>\n\t<meta property=\"og:image:type\" content=\"image\/jpeg\" \/>\n<meta name=\"twitter:card\" content=\"summary_large_image\" \/>\n<meta name=\"twitter:label1\" content=\"Tahmini okuma s\u00fcresi\" \/>\n\t<meta name=\"twitter:data1\" content=\"2 dakika\" \/>\n<script type=\"application\/ld+json\" class=\"yoast-schema-graph\">{\"@context\":\"https:\\\/\\\/schema.org\",\"@graph\":[{\"@type\":[\"WebPage\",\"ItemPage\"],\"@id\":\"https:\\\/\\\/www.purejewels.com\\\/product\\\/22k-gold-curb-chain-27602\\\/\",\"url\":\"https:\\\/\\\/www.purejewels.com\\\/product\\\/22k-gold-curb-chain-27602\\\/\",\"name\":\"Real Gold Chain | 22k Gold Curb Chain 20 inches | PureJewels\",\"isPartOf\":{\"@id\":\"https:\\\/\\\/www.purejewels.com\\\/#website\"},\"primaryImageOfPage\":{\"@id\":\"https:\\\/\\\/www.purejewels.com\\\/product\\\/22k-gold-curb-chain-27602\\\/#primaryimage\"},\"image\":{\"@id\":\"https:\\\/\\\/www.purejewels.com\\\/product\\\/22k-gold-curb-chain-27602\\\/#primaryimage\"},\"thumbnailUrl\":\"https:\\\/\\\/static.purejewels.com\\\/wp-content\\\/uploads\\\/2020\\\/09\\\/image185591212.jpg\",\"datePublished\":\"2018-05-31T15:23:28+00:00\",\"dateModified\":\"2025-11-06T07:10:50+00:00\",\"description\":\"Looking for gold curb chain online in UK? Shop for the best gold curb chain from our collection of exclusive, customized & handmade Jewellery.\",\"breadcrumb\":{\"@id\":\"https:\\\/\\\/www.purejewels.com\\\/product\\\/22k-gold-curb-chain-27602\\\/#breadcrumb\"},\"inLanguage\":\"tr\",\"potentialAction\":[{\"@type\":\"ReadAction\",\"target\":[\"https:\\\/\\\/www.purejewels.com\\\/product\\\/22k-gold-curb-chain-27602\\\/\"]}]},{\"@type\":\"ImageObject\",\"inLanguage\":\"tr\",\"@id\":\"https:\\\/\\\/www.purejewels.com\\\/product\\\/22k-gold-curb-chain-27602\\\/#primaryimage\",\"url\":\"https:\\\/\\\/static.purejewels.com\\\/wp-content\\\/uploads\\\/2020\\\/09\\\/image185591212.jpg\",\"contentUrl\":\"https:\\\/\\\/static.purejewels.com\\\/wp-content\\\/uploads\\\/2020\\\/09\\\/image185591212.jpg\",\"width\":1000,\"height\":1000,\"caption\":\"22ct gold Curb chain\"},{\"@type\":\"BreadcrumbList\",\"@id\":\"https:\\\/\\\/www.purejewels.com\\\/product\\\/22k-gold-curb-chain-27602\\\/#breadcrumb\",\"itemListElement\":[{\"@type\":\"ListItem\",\"position\":1,\"name\":\"Home\",\"item\":\"https:\\\/\\\/www.purejewels.com\\\/\"},{\"@type\":\"ListItem\",\"position\":2,\"name\":\"Shop\",\"item\":\"https:\\\/\\\/www.purejewels.com\\\/shop\\\/\"},{\"@type\":\"ListItem\",\"position\":3,\"name\":\"22k Gold Curb Chain 20 inches\"}]},{\"@type\":\"WebSite\",\"@id\":\"https:\\\/\\\/www.purejewels.com\\\/#website\",\"url\":\"https:\\\/\\\/www.purejewels.com\\\/\",\"name\":\"PureJewels UK\",\"description\":\"Share the Love\",\"publisher\":{\"@id\":\"https:\\\/\\\/www.purejewels.com\\\/#organization\"},\"potentialAction\":[{\"@type\":\"SearchAction\",\"target\":{\"@type\":\"EntryPoint\",\"urlTemplate\":\"https:\\\/\\\/www.purejewels.com\\\/?s={search_term_string}\"},\"query-input\":{\"@type\":\"PropertyValueSpecification\",\"valueRequired\":true,\"valueName\":\"search_term_string\"}}],\"inLanguage\":\"tr\"},{\"@type\":\"Organization\",\"@id\":\"https:\\\/\\\/www.purejewels.com\\\/#organization\",\"name\":\"PureJewels UK\",\"url\":\"https:\\\/\\\/www.purejewels.com\\\/\",\"logo\":{\"@type\":\"ImageObject\",\"inLanguage\":\"tr\",\"@id\":\"https:\\\/\\\/www.purejewels.com\\\/#\\\/schema\\\/logo\\\/image\\\/\",\"url\":\"https:\\\/\\\/static.purejewels.com\\\/wp-content\\\/uploads\\\/2020\\\/11\\\/Logo-PJ-New-1.png\",\"contentUrl\":\"https:\\\/\\\/static.purejewels.com\\\/wp-content\\\/uploads\\\/2020\\\/11\\\/Logo-PJ-New-1.png\",\"width\":150,\"height\":80,\"caption\":\"PureJewels UK\"},\"image\":{\"@id\":\"https:\\\/\\\/www.purejewels.com\\\/#\\\/schema\\\/logo\\\/image\\\/\"}}]}<\/script>\n<!-- \/ Yoast SEO plugin. -->","yoast_head_json":{"title":"Ger\u00e7ek Alt\u0131n Zincir | 22 Ayar Alt\u0131n Bord\u00fcr Zincir 20 in\u00e7 | PureJewels","description":"\u0130ngiltere'de \u00e7evrimi\u00e7i alt\u0131n bord\u00fcr zinciri mi ar\u0131yorsunuz? \u00d6zel, \u00f6zelle\u015ftirilmi\u015f ve el yap\u0131m\u0131 M\u00fccevher koleksiyonumuzdan en iyi alt\u0131n bord\u00fcr zinciri i\u00e7in al\u0131\u015fveri\u015f yap\u0131n.","robots":{"index":"index","follow":"follow","max-snippet":"max-snippet:-1","max-image-preview":"max-image-preview:large","max-video-preview":"max-video-preview:-1"},"canonical":"https:\/\/www.purejewels.com\/tr\/urun\/22-ayar-altin-bordur-zincir-27602\/","og_locale":"tr_TR","og_type":"article","og_title":"Real Gold Chain | 22k Gold Curb Chain 20 inches | PureJewels","og_description":"Looking for gold curb chain online in UK? Shop for the best gold curb chain from our collection of exclusive, customized & handmade Jewellery.","og_url":"https:\/\/www.purejewels.com\/tr\/urun\/22-ayar-altin-bordur-zincir-27602\/","og_site_name":"PureJewels UK","article_modified_time":"2025-11-06T07:10:50+00:00","og_image":[{"width":1000,"height":1000,"url":"https:\/\/www.purejewels.com\/wp-content\/uploads\/2020\/09\/image185591212.jpg","type":"image\/jpeg"}],"twitter_card":"summary_large_image","twitter_misc":{"Tahmini okuma s\u00fcresi":"2 dakika"},"schema":{"@context":"https:\/\/schema.org","@graph":[{"@type":["WebPage","ItemPage"],"@id":"https:\/\/www.purejewels.com\/product\/22k-gold-curb-chain-27602\/","url":"https:\/\/www.purejewels.com\/product\/22k-gold-curb-chain-27602\/","name":"Ger\u00e7ek Alt\u0131n Zincir | 22 Ayar Alt\u0131n Bord\u00fcr Zincir 20 in\u00e7 | PureJewels","isPartOf":{"@id":"https:\/\/www.purejewels.com\/#website"},"primaryImageOfPage":{"@id":"https:\/\/www.purejewels.com\/product\/22k-gold-curb-chain-27602\/#primaryimage"},"image":{"@id":"https:\/\/www.purejewels.com\/product\/22k-gold-curb-chain-27602\/#primaryimage"},"thumbnailUrl":"https:\/\/static.purejewels.com\/wp-content\/uploads\/2020\/09\/image185591212.jpg","datePublished":"2018-05-31T15:23:28+00:00","dateModified":"2025-11-06T07:10:50+00:00","description":"\u0130ngiltere'de \u00e7evrimi\u00e7i alt\u0131n bord\u00fcr zinciri mi ar\u0131yorsunuz? \u00d6zel, \u00f6zelle\u015ftirilmi\u015f ve el yap\u0131m\u0131 M\u00fccevher koleksiyonumuzdan en iyi alt\u0131n bord\u00fcr zinciri i\u00e7in al\u0131\u015fveri\u015f yap\u0131n.","breadcrumb":{"@id":"https:\/\/www.purejewels.com\/product\/22k-gold-curb-chain-27602\/#breadcrumb"},"inLanguage":"tr","potentialAction":[{"@type":"ReadAction","target":["https:\/\/www.purejewels.com\/product\/22k-gold-curb-chain-27602\/"]}]},{"@type":"ImageObject","inLanguage":"tr","@id":"https:\/\/www.purejewels.com\/product\/22k-gold-curb-chain-27602\/#primaryimage","url":"https:\/\/static.purejewels.com\/wp-content\/uploads\/2020\/09\/image185591212.jpg","contentUrl":"https:\/\/static.purejewels.com\/wp-content\/uploads\/2020\/09\/image185591212.jpg","width":1000,"height":1000,"caption":"22ct gold Curb chain"},{"@type":"BreadcrumbList","@id":"https:\/\/www.purejewels.com\/product\/22k-gold-curb-chain-27602\/#breadcrumb","itemListElement":[{"@type":"ListItem","position":1,"name":"Home","item":"https:\/\/www.purejewels.com\/"},{"@type":"ListItem","position":2,"name":"Shop","item":"https:\/\/www.purejewels.com\/shop\/"},{"@type":"ListItem","position":3,"name":"22k Gold Curb Chain 20 inches"}]},{"@type":"WebSite","@id":"https:\/\/www.purejewels.com\/#website","url":"https:\/\/www.purejewels.com\/","name":"PureJewels \u0130ngiltere","description":"Sevgiyi Payla\u015f\u0131n","publisher":{"@id":"https:\/\/www.purejewels.com\/#organization"},"potentialAction":[{"@type":"SearchAction","target":{"@type":"EntryPoint","urlTemplate":"https:\/\/www.purejewels.com\/?s={search_term_string}"},"query-input":{"@type":"PropertyValueSpecification","valueRequired":true,"valueName":"search_term_string"}}],"inLanguage":"tr"},{"@type":"Organization","@id":"https:\/\/www.purejewels.com\/#organization","name":"PureJewels \u0130ngiltere","url":"https:\/\/www.purejewels.com\/","logo":{"@type":"ImageObject","inLanguage":"tr","@id":"https:\/\/www.purejewels.com\/#\/schema\/logo\/image\/","url":"https:\/\/static.purejewels.com\/wp-content\/uploads\/2020\/11\/Logo-PJ-New-1.png","contentUrl":"https:\/\/static.purejewels.com\/wp-content\/uploads\/2020\/11\/Logo-PJ-New-1.png","width":150,"height":80,"caption":"PureJewels UK"},"image":{"@id":"https:\/\/www.purejewels.com\/#\/schema\/logo\/image\/"}}]}},"_links":{"self":[{"href":"https:\/\/www.purejewels.com\/tr\/wp-json\/wp\/v2\/product\/301128","targetHints":{"allow":["GET"]}}],"collection":[{"href":"https:\/\/www.purejewels.com\/tr\/wp-json\/wp\/v2\/product"}],"about":[{"href":"https:\/\/www.purejewels.com\/tr\/wp-json\/wp\/v2\/types\/product"}],"replies":[{"embeddable":true,"href":"https:\/\/www.purejewels.com\/tr\/wp-json\/wp\/v2\/comments?post=301128"}],"version-history":[{"count":1,"href":"https:\/\/www.purejewels.com\/tr\/wp-json\/wp\/v2\/product\/301128\/revisions"}],"predecessor-version":[{"id":420344,"href":"https:\/\/www.purejewels.com\/tr\/wp-json\/wp\/v2\/product\/301128\/revisions\/420344"}],"wp:featuredmedia":[{"embeddable":true,"href":"https:\/\/www.purejewels.com\/tr\/wp-json\/wp\/v2\/media\/317272"}],"wp:attachment":[{"href":"https:\/\/www.purejewels.com\/tr\/wp-json\/wp\/v2\/media?parent=301128"}],"wp:term":[{"taxonomy":"product_brand","embeddable":true,"href":"https:\/\/www.purejewels.com\/tr\/wp-json\/wp\/v2\/product_brand?post=301128"},{"taxonomy":"product_cat","embeddable":true,"href":"https:\/\/www.purejewels.com\/tr\/wp-json\/wp\/v2\/product_cat?post=301128"},{"taxonomy":"product_tag","embeddable":true,"href":"https:\/\/www.purejewels.com\/tr\/wp-json\/wp\/v2\/product_tag?post=301128"}],"curies":[{"name":"wp","href":"https:\/\/api.w.org\/{rel}","templated":true}]}}