{"id":301139,"date":"2018-06-02T14:41:03","date_gmt":"2018-06-02T13:41:03","guid":{"rendered":"https:\/\/www.purejewels.com\/?post_type=product&#038;p=301139"},"modified":"2025-12-18T09:00:45","modified_gmt":"2025-12-18T09:00:45","slug":"22-ayar-altin-armari-saplama-kupe-27616","status":"publish","type":"product","link":"https:\/\/www.purejewels.com\/tr\/product\/22ct-gold-armari-stud-earring-27616\/","title":{"rendered":"22 ayar alt\u0131n Kundan k\u00fcpe \u2013 Armari Koleksiyonu"},"content":{"rendered":"<p>Hint kraliyet sanat\u0131ndan ilham alan Armari Koleksiyonumuzun bir par\u00e7as\u0131 olan bu \u00e7arp\u0131c\u0131 22 ayar alt\u0131n saplama k\u00fcpelerle geleneksel zanaatkarl\u0131\u011f\u0131 kutlay\u0131n.<\/p>\n<p>Cesur \u00e7i\u00e7ek motifleriyle tasarlanan her bir k\u00fcpe, ortas\u0131nda tek bir cilal\u0131 kundan ta\u015f\u0131 bar\u0131nd\u0131r\u0131yor. Bu ta\u015f, ince dokulu, yaprak benzeri alt\u0131n detaylarla \u00e7evrili ve antika bir dokunu\u015fla tamamlanm\u0131\u015f. I\u015f\u0131ldayan tasar\u0131m, a\u00e7an kadife \u00e7i\u00e7e\u011finin ihti\u015fam\u0131n\u0131 \u00e7a\u011fr\u0131\u015ft\u0131r\u0131yor ve k\u00fclt\u00fcrel zarafete ba\u011fl\u0131 kalarak dikkat \u00e7eken bir par\u00e7a haline geliyor.<\/p>\n<p>Antik alt\u0131n kaplama, zamans\u0131z cazibesini art\u0131r\u0131rken, b\u00fcy\u00fck kundan merkezi par\u0131ldayan bir odak noktas\u0131 olu\u015fturur. Bu k\u00fcpeler, \u015fenlikli veya gelinlik k\u0131yafetleriyle g\u00fczel bir uyum sa\u011flar ve vintage ihti\u015fam ile zarif zarafetin m\u00fckemmel bir kar\u0131\u015f\u0131m\u0131n\u0131 sunar.<\/p>","protected":false},"excerpt":{"rendered":"<p>Kundan merkez par\u00e7as\u0131 ve antika kaplamal\u0131, cesur ve g\u00fczel 22 ayar alt\u0131n \u00e7i\u00e7ek motifli k\u00fcpe \u2014 g\u00f6rkemli Armari Koleksiyonundan.<\/p>\n<ul>\n<li>22 Ayar Alt\u0131n Armari Saplama K\u00fcpe<\/li>\n<li>Kundan &amp; Antik kaplama ile<\/li>\n<li>A\u011f\u0131rl\u0131k  7,6 gms<\/li>\n<li>SKU. 27616<\/li>\n<li>T\u00fcm fiyatlara KDV dahildir<\/li>\n<li>T\u00fcm \u00fcr\u00fcnlerimiz London Assay Office taraf\u0131ndan damgalanm\u0131\u015ft\u0131r<\/li>\n<li>Sunum Kutusu ile Birlikte Gelir<\/li>\n<li>Teslimat Dahil<\/li>\n<li>En yeni 22 ayar alt\u0131n k\u00fcpe \u0130ngiltere koleksiyonumuzu ke\u015ffetmek i\u00e7in whatsapp \u00fczerinden bizimle ileti\u015fime ge\u00e7in<\/li>\n<\/ul>","protected":false},"featured_media":323995,"comment_status":"closed","ping_status":"closed","template":"","meta":{"_eb_attr":"","_crsspst_to_jayantr4sg-hostcom":false},"product_brand":[],"product_cat":[1791,245,1559,1254,1570,1577,1574],"product_tag":[],"class_list":{"0":"post-301139","1":"product","2":"type-product","3":"status-publish","4":"has-post-thumbnail","6":"product_cat-anniversary-gifts","7":"product_cat-armari-collections","8":"product_cat-birthday-gifts","9":"product_cat-gold-earrings","10":"product_cat-mothers-day-gifts","11":"product_cat-stud-earrings","12":"product_cat-womens-jewellery","14":"first","15":"outofstock","16":"taxable","17":"shipping-taxable","18":"product-type-simple","19":"add-to-wishlist-before_image"},"yoast_head":"<!-- This site is optimized with the Yoast SEO plugin v27.3 - https:\/\/yoast.com\/product\/yoast-seo-wordpress\/ -->\n<title>22ct Gold Kundan Stud Earrings | Antique Finish | Armari Collection<\/title>\n<meta name=\"description\" content=\"Shop exquisite 22ct gold stud earrings with kundan stone and antique floral design. A signature piece from the Armari Collection, celebrating timeless heritage.\" \/>\n<meta name=\"robots\" content=\"index, follow, max-snippet:-1, max-image-preview:large, max-video-preview:-1\" \/>\n<link rel=\"canonical\" href=\"https:\/\/www.purejewels.com\/tr\/urun\/22-ayar-altin-armari-saplama-kupe-27616\/\" \/>\n<meta property=\"og:locale\" content=\"tr_TR\" \/>\n<meta property=\"og:type\" content=\"article\" \/>\n<meta property=\"og:title\" content=\"22ct Gold Kundan Stud Earrings | Antique Finish | Armari Collection\" \/>\n<meta property=\"og:description\" content=\"Shop exquisite 22ct gold stud earrings with kundan stone and antique floral design. A signature piece from the Armari Collection, celebrating timeless heritage.\" \/>\n<meta property=\"og:url\" content=\"https:\/\/www.purejewels.com\/tr\/urun\/22-ayar-altin-armari-saplama-kupe-27616\/\" \/>\n<meta property=\"og:site_name\" content=\"PureJewels UK\" \/>\n<meta property=\"article:modified_time\" content=\"2025-12-18T09:00:45+00:00\" \/>\n<meta property=\"og:image\" content=\"https:\/\/static.purejewels.com\/wp-content\/uploads\/2018\/06\/27616.jpg\" \/>\n\t<meta property=\"og:image:width\" content=\"1000\" \/>\n\t<meta property=\"og:image:height\" content=\"1000\" \/>\n\t<meta property=\"og:image:type\" content=\"image\/jpeg\" \/>\n<meta name=\"twitter:card\" content=\"summary_large_image\" \/>\n<meta name=\"twitter:label1\" content=\"Tahmini okuma s\u00fcresi\" \/>\n\t<meta name=\"twitter:data1\" content=\"1 dakika\" \/>\n<script type=\"application\/ld+json\" class=\"yoast-schema-graph\">{\"@context\":\"https:\\\/\\\/schema.org\",\"@graph\":[{\"@type\":[\"WebPage\",\"ItemPage\"],\"@id\":\"https:\\\/\\\/www.purejewels.com\\\/product\\\/22ct-gold-armari-stud-earring-27616\\\/\",\"url\":\"https:\\\/\\\/www.purejewels.com\\\/product\\\/22ct-gold-armari-stud-earring-27616\\\/\",\"name\":\"22ct Gold Kundan Stud Earrings | Antique Finish | Armari Collection\",\"isPartOf\":{\"@id\":\"https:\\\/\\\/www.purejewels.com\\\/#website\"},\"primaryImageOfPage\":{\"@id\":\"https:\\\/\\\/www.purejewels.com\\\/product\\\/22ct-gold-armari-stud-earring-27616\\\/#primaryimage\"},\"image\":{\"@id\":\"https:\\\/\\\/www.purejewels.com\\\/product\\\/22ct-gold-armari-stud-earring-27616\\\/#primaryimage\"},\"thumbnailUrl\":\"https:\\\/\\\/static.purejewels.com\\\/wp-content\\\/uploads\\\/2018\\\/06\\\/27616.jpg\",\"datePublished\":\"2018-06-02T13:41:03+00:00\",\"dateModified\":\"2025-12-18T09:00:45+00:00\",\"description\":\"Shop exquisite 22ct gold stud earrings with kundan stone and antique floral design. A signature piece from the Armari Collection, celebrating timeless heritage.\",\"breadcrumb\":{\"@id\":\"https:\\\/\\\/www.purejewels.com\\\/product\\\/22ct-gold-armari-stud-earring-27616\\\/#breadcrumb\"},\"inLanguage\":\"tr\",\"potentialAction\":[{\"@type\":\"ReadAction\",\"target\":[\"https:\\\/\\\/www.purejewels.com\\\/product\\\/22ct-gold-armari-stud-earring-27616\\\/\"]}]},{\"@type\":\"ImageObject\",\"inLanguage\":\"tr\",\"@id\":\"https:\\\/\\\/www.purejewels.com\\\/product\\\/22ct-gold-armari-stud-earring-27616\\\/#primaryimage\",\"url\":\"https:\\\/\\\/static.purejewels.com\\\/wp-content\\\/uploads\\\/2018\\\/06\\\/27616.jpg\",\"contentUrl\":\"https:\\\/\\\/static.purejewels.com\\\/wp-content\\\/uploads\\\/2018\\\/06\\\/27616.jpg\",\"width\":1000,\"height\":1000,\"caption\":\"22ct Gold Earrings\"},{\"@type\":\"BreadcrumbList\",\"@id\":\"https:\\\/\\\/www.purejewels.com\\\/product\\\/22ct-gold-armari-stud-earring-27616\\\/#breadcrumb\",\"itemListElement\":[{\"@type\":\"ListItem\",\"position\":1,\"name\":\"Home\",\"item\":\"https:\\\/\\\/www.purejewels.com\\\/\"},{\"@type\":\"ListItem\",\"position\":2,\"name\":\"Shop\",\"item\":\"https:\\\/\\\/www.purejewels.com\\\/shop\\\/\"},{\"@type\":\"ListItem\",\"position\":3,\"name\":\"22ct Gold Kundan Stud Earrings \u2013 Armari Collection\"}]},{\"@type\":\"WebSite\",\"@id\":\"https:\\\/\\\/www.purejewels.com\\\/#website\",\"url\":\"https:\\\/\\\/www.purejewels.com\\\/\",\"name\":\"PureJewels UK\",\"description\":\"Share the Love\",\"publisher\":{\"@id\":\"https:\\\/\\\/www.purejewels.com\\\/#organization\"},\"potentialAction\":[{\"@type\":\"SearchAction\",\"target\":{\"@type\":\"EntryPoint\",\"urlTemplate\":\"https:\\\/\\\/www.purejewels.com\\\/?s={search_term_string}\"},\"query-input\":{\"@type\":\"PropertyValueSpecification\",\"valueRequired\":true,\"valueName\":\"search_term_string\"}}],\"inLanguage\":\"tr\"},{\"@type\":\"Organization\",\"@id\":\"https:\\\/\\\/www.purejewels.com\\\/#organization\",\"name\":\"PureJewels UK\",\"url\":\"https:\\\/\\\/www.purejewels.com\\\/\",\"logo\":{\"@type\":\"ImageObject\",\"inLanguage\":\"tr\",\"@id\":\"https:\\\/\\\/www.purejewels.com\\\/#\\\/schema\\\/logo\\\/image\\\/\",\"url\":\"https:\\\/\\\/static.purejewels.com\\\/wp-content\\\/uploads\\\/2020\\\/11\\\/Logo-PJ-New-1.png\",\"contentUrl\":\"https:\\\/\\\/static.purejewels.com\\\/wp-content\\\/uploads\\\/2020\\\/11\\\/Logo-PJ-New-1.png\",\"width\":150,\"height\":80,\"caption\":\"PureJewels UK\"},\"image\":{\"@id\":\"https:\\\/\\\/www.purejewels.com\\\/#\\\/schema\\\/logo\\\/image\\\/\"}}]}<\/script>\n<!-- \/ Yoast SEO plugin. -->","yoast_head_json":{"title":"22 ayar alt\u0131n Kundan k\u00fcpe | Antik kaplama | Armari Koleksiyonu","description":"Kundan ta\u015f\u0131 ve antika \u00e7i\u00e7ek desenli zarif 22 ayar alt\u0131n saplama k\u00fcpeleri sat\u0131n al\u0131n. Zamans\u0131z miras\u0131 kutlayan Armari Koleksiyonu'nun imza par\u00e7as\u0131.","robots":{"index":"index","follow":"follow","max-snippet":"max-snippet:-1","max-image-preview":"max-image-preview:large","max-video-preview":"max-video-preview:-1"},"canonical":"https:\/\/www.purejewels.com\/tr\/urun\/22-ayar-altin-armari-saplama-kupe-27616\/","og_locale":"tr_TR","og_type":"article","og_title":"22ct Gold Kundan Stud Earrings | Antique Finish | Armari Collection","og_description":"Shop exquisite 22ct gold stud earrings with kundan stone and antique floral design. A signature piece from the Armari Collection, celebrating timeless heritage.","og_url":"https:\/\/www.purejewels.com\/tr\/urun\/22-ayar-altin-armari-saplama-kupe-27616\/","og_site_name":"PureJewels UK","article_modified_time":"2025-12-18T09:00:45+00:00","og_image":[{"width":1000,"height":1000,"url":"https:\/\/static.purejewels.com\/wp-content\/uploads\/2018\/06\/27616.jpg","type":"image\/jpeg"}],"twitter_card":"summary_large_image","twitter_misc":{"Tahmini okuma s\u00fcresi":"1 dakika"},"schema":{"@context":"https:\/\/schema.org","@graph":[{"@type":["WebPage","ItemPage"],"@id":"https:\/\/www.purejewels.com\/product\/22ct-gold-armari-stud-earring-27616\/","url":"https:\/\/www.purejewels.com\/product\/22ct-gold-armari-stud-earring-27616\/","name":"22 ayar alt\u0131n Kundan k\u00fcpe | Antik kaplama | Armari Koleksiyonu","isPartOf":{"@id":"https:\/\/www.purejewels.com\/#website"},"primaryImageOfPage":{"@id":"https:\/\/www.purejewels.com\/product\/22ct-gold-armari-stud-earring-27616\/#primaryimage"},"image":{"@id":"https:\/\/www.purejewels.com\/product\/22ct-gold-armari-stud-earring-27616\/#primaryimage"},"thumbnailUrl":"https:\/\/static.purejewels.com\/wp-content\/uploads\/2018\/06\/27616.jpg","datePublished":"2018-06-02T13:41:03+00:00","dateModified":"2025-12-18T09:00:45+00:00","description":"Kundan ta\u015f\u0131 ve antika \u00e7i\u00e7ek desenli zarif 22 ayar alt\u0131n saplama k\u00fcpeleri sat\u0131n al\u0131n. Zamans\u0131z miras\u0131 kutlayan Armari Koleksiyonu'nun imza par\u00e7as\u0131.","breadcrumb":{"@id":"https:\/\/www.purejewels.com\/product\/22ct-gold-armari-stud-earring-27616\/#breadcrumb"},"inLanguage":"tr","potentialAction":[{"@type":"ReadAction","target":["https:\/\/www.purejewels.com\/product\/22ct-gold-armari-stud-earring-27616\/"]}]},{"@type":"ImageObject","inLanguage":"tr","@id":"https:\/\/www.purejewels.com\/product\/22ct-gold-armari-stud-earring-27616\/#primaryimage","url":"https:\/\/static.purejewels.com\/wp-content\/uploads\/2018\/06\/27616.jpg","contentUrl":"https:\/\/static.purejewels.com\/wp-content\/uploads\/2018\/06\/27616.jpg","width":1000,"height":1000,"caption":"22ct Gold Earrings"},{"@type":"BreadcrumbList","@id":"https:\/\/www.purejewels.com\/product\/22ct-gold-armari-stud-earring-27616\/#breadcrumb","itemListElement":[{"@type":"ListItem","position":1,"name":"Home","item":"https:\/\/www.purejewels.com\/"},{"@type":"ListItem","position":2,"name":"Shop","item":"https:\/\/www.purejewels.com\/shop\/"},{"@type":"ListItem","position":3,"name":"22ct Gold Kundan Stud Earrings \u2013 Armari Collection"}]},{"@type":"WebSite","@id":"https:\/\/www.purejewels.com\/#website","url":"https:\/\/www.purejewels.com\/","name":"PureJewels \u0130ngiltere","description":"Sevgiyi Payla\u015f\u0131n","publisher":{"@id":"https:\/\/www.purejewels.com\/#organization"},"potentialAction":[{"@type":"SearchAction","target":{"@type":"EntryPoint","urlTemplate":"https:\/\/www.purejewels.com\/?s={search_term_string}"},"query-input":{"@type":"PropertyValueSpecification","valueRequired":true,"valueName":"search_term_string"}}],"inLanguage":"tr"},{"@type":"Organization","@id":"https:\/\/www.purejewels.com\/#organization","name":"PureJewels \u0130ngiltere","url":"https:\/\/www.purejewels.com\/","logo":{"@type":"ImageObject","inLanguage":"tr","@id":"https:\/\/www.purejewels.com\/#\/schema\/logo\/image\/","url":"https:\/\/static.purejewels.com\/wp-content\/uploads\/2020\/11\/Logo-PJ-New-1.png","contentUrl":"https:\/\/static.purejewels.com\/wp-content\/uploads\/2020\/11\/Logo-PJ-New-1.png","width":150,"height":80,"caption":"PureJewels UK"},"image":{"@id":"https:\/\/www.purejewels.com\/#\/schema\/logo\/image\/"}}]}},"_links":{"self":[{"href":"https:\/\/www.purejewels.com\/tr\/wp-json\/wp\/v2\/product\/301139","targetHints":{"allow":["GET"]}}],"collection":[{"href":"https:\/\/www.purejewels.com\/tr\/wp-json\/wp\/v2\/product"}],"about":[{"href":"https:\/\/www.purejewels.com\/tr\/wp-json\/wp\/v2\/types\/product"}],"replies":[{"embeddable":true,"href":"https:\/\/www.purejewels.com\/tr\/wp-json\/wp\/v2\/comments?post=301139"}],"version-history":[{"count":3,"href":"https:\/\/www.purejewels.com\/tr\/wp-json\/wp\/v2\/product\/301139\/revisions"}],"predecessor-version":[{"id":423426,"href":"https:\/\/www.purejewels.com\/tr\/wp-json\/wp\/v2\/product\/301139\/revisions\/423426"}],"wp:featuredmedia":[{"embeddable":true,"href":"https:\/\/www.purejewels.com\/tr\/wp-json\/wp\/v2\/media\/323995"}],"wp:attachment":[{"href":"https:\/\/www.purejewels.com\/tr\/wp-json\/wp\/v2\/media?parent=301139"}],"wp:term":[{"taxonomy":"product_brand","embeddable":true,"href":"https:\/\/www.purejewels.com\/tr\/wp-json\/wp\/v2\/product_brand?post=301139"},{"taxonomy":"product_cat","embeddable":true,"href":"https:\/\/www.purejewels.com\/tr\/wp-json\/wp\/v2\/product_cat?post=301139"},{"taxonomy":"product_tag","embeddable":true,"href":"https:\/\/www.purejewels.com\/tr\/wp-json\/wp\/v2\/product_tag?post=301139"}],"curies":[{"name":"wp","href":"https:\/\/api.w.org\/{rel}","templated":true}]}}