{"id":301142,"date":"2018-06-02T14:53:37","date_gmt":"2018-06-02T13:53:37","guid":{"rendered":"https:\/\/www.purejewels.com\/?post_type=product&#038;p=301142"},"modified":"2025-12-18T08:58:48","modified_gmt":"2025-12-18T08:58:48","slug":"22-ayar-altin-armari-saplama-kupe-27576","status":"publish","type":"product","link":"https:\/\/www.purejewels.com\/tr\/product\/22ct-gold-armari-stud-earring-27576\/","title":{"rendered":"22 ayar alt\u0131n antika Polki k\u00fcpe"},"content":{"rendered":"<p>Armari Koleksiyonumuzdan 22 ayar alt\u0131n saplama k\u00fcpelerimizle, vintage zarafeti ve zanaatkar ustal\u0131\u011f\u0131n\u0131 yans\u0131tan rafine geleneklerin d\u00fcnyas\u0131na ad\u0131m at\u0131n.<\/p>\n<p>Her bir k\u00fcpe dairesel bir tasar\u0131ma sahiptir ve ortas\u0131nda, daha k\u00fc\u00e7\u00fck kesilmemi\u015f elmaslardan (polki) olu\u015fan e\u015fmerkezli katmanlarla \u00e7evrili bir polki ta\u015f\u0131 bulunur. Bu ta\u015flar, s\u00fcsl\u00fc alt\u0131n i\u015f\u00e7ili\u011fiyle olu\u015fturulmu\u015f bir yata\u011fa yerle\u015ftirilmi\u015ftir. Yaprak motifleri ve ip benzeri dokular gibi ince detaylar, eski kuyumculuk sanat\u0131n\u0131n inceli\u011fini yans\u0131tmaktad\u0131r.<\/p>\n<p>Antik kaplama, zengin ve geleneksel bir g\u00f6r\u00fcn\u00fcm kazand\u0131r\u0131r \u2014 d\u00fc\u011f\u00fcnler, bayramlar veya resmi kutlamalar i\u00e7in m\u00fckemmel bir vurgu. Karma\u015f\u0131k tasar\u0131mlar\u0131na ra\u011fmen, bu k\u00fcpeler kompakt yap\u0131dad\u0131r, bu da onlar\u0131 zamans\u0131z zarafet ve ince ihti\u015fam\u0131 sevenler i\u00e7in m\u00fckemmel bir se\u00e7im haline getirir.<\/p>","protected":false},"excerpt":{"rendered":"<p>Geleneksel 22 ayar alt\u0131n saplama k\u00fcpeler, karma\u015f\u0131k antika detaylar ve \u0131\u015f\u0131lt\u0131l\u0131 polki ta\u015flarla s\u00fcslenmi\u015f \u2014 g\u00f6rkemli Armari Koleksiyonundan.<\/p>\n<ul>\n<li>Antik Kaplama ve Polki Ta\u015fl\u0131 22 Ayar Alt\u0131n Saplama K\u00fcpe<\/li>\n<li>A\u011f\u0131rl\u0131k 16.3 gms<\/li>\n<li>SKU 27576<\/li>\n<li>T\u00fcm fiyatlara KDV dahildir<\/li>\n<li>Londra Tahlil Ofisi Taraf\u0131ndan Damgalanm\u0131\u015f 22 Ayar Alt\u0131n<\/li>\n<li>Sunum Kutusu ile Birlikte Gelir<\/li>\n<li>Teslimat Dahil<\/li>\n<li>Stok durumu ve stokta bulunan benzer tasar\u0131mlar\u0131n daha fazla g\u00f6r\u00fcnt\u00fcs\u00fc i\u00e7in bizimle canl\u0131 sohbet edin<\/li>\n<\/ul>","protected":false},"featured_media":301146,"comment_status":"closed","ping_status":"closed","template":"","meta":{"_eb_attr":"","_crsspst_to_jayantr4sg-hostcom":false},"product_brand":[],"product_cat":[245,1559,1254,1577,1573,1574],"product_tag":[4122],"class_list":{"0":"post-301142","1":"product","2":"type-product","3":"status-publish","4":"has-post-thumbnail","6":"product_cat-armari-collections","7":"product_cat-birthday-gifts","8":"product_cat-gold-earrings","9":"product_cat-stud-earrings","10":"product_cat-wedding-gifts","11":"product_cat-womens-jewellery","12":"product_tag-earrings-for-sale","14":"first","15":"outofstock","16":"sale","17":"taxable","18":"shipping-taxable","19":"product-type-simple","20":"add-to-wishlist-before_image"},"yoast_head":"<!-- This site is optimized with the Yoast SEO plugin v27.3 - https:\/\/yoast.com\/product\/yoast-seo-wordpress\/ -->\n<title>22ct Gold Round Stud Earrings with Polki Stones | PureJewels UK<\/title>\n<meta name=\"description\" content=\"Elegant 22ct gold stud earrings with antique finish and polki stones from the Armari Collection. A timeless heritage design for classic elegance.\" \/>\n<meta name=\"robots\" content=\"index, follow, max-snippet:-1, max-image-preview:large, max-video-preview:-1\" \/>\n<link rel=\"canonical\" href=\"https:\/\/www.purejewels.com\/tr\/urun\/22-ayar-altin-armari-saplama-kupe-27576\/\" \/>\n<meta property=\"og:locale\" content=\"tr_TR\" \/>\n<meta property=\"og:type\" content=\"article\" \/>\n<meta property=\"og:title\" content=\"22ct Gold Round Stud Earrings with Polki Stones | PureJewels UK\" \/>\n<meta property=\"og:description\" content=\"Elegant 22ct gold stud earrings with antique finish and polki stones from the Armari Collection. A timeless heritage design for classic elegance.\" \/>\n<meta property=\"og:url\" content=\"https:\/\/www.purejewels.com\/tr\/urun\/22-ayar-altin-armari-saplama-kupe-27576\/\" \/>\n<meta property=\"og:site_name\" content=\"PureJewels UK\" \/>\n<meta property=\"article:modified_time\" content=\"2025-12-18T08:58:48+00:00\" \/>\n<meta property=\"og:image\" content=\"https:\/\/static.purejewels.com\/wp-content\/uploads\/2018\/06\/27576_1-copy.png\" \/>\n\t<meta property=\"og:image:width\" content=\"1000\" \/>\n\t<meta property=\"og:image:height\" content=\"1000\" \/>\n\t<meta property=\"og:image:type\" content=\"image\/png\" \/>\n<meta name=\"twitter:card\" content=\"summary_large_image\" \/>\n<meta name=\"twitter:label1\" content=\"Tahmini okuma s\u00fcresi\" \/>\n\t<meta name=\"twitter:data1\" content=\"1 dakika\" \/>\n<script type=\"application\/ld+json\" class=\"yoast-schema-graph\">{\"@context\":\"https:\\\/\\\/schema.org\",\"@graph\":[{\"@type\":[\"WebPage\",\"ItemPage\"],\"@id\":\"https:\\\/\\\/www.purejewels.com\\\/product\\\/22ct-gold-armari-stud-earring-27576\\\/\",\"url\":\"https:\\\/\\\/www.purejewels.com\\\/product\\\/22ct-gold-armari-stud-earring-27576\\\/\",\"name\":\"22ct Gold Round Stud Earrings with Polki Stones | PureJewels UK\",\"isPartOf\":{\"@id\":\"https:\\\/\\\/www.purejewels.com\\\/#website\"},\"primaryImageOfPage\":{\"@id\":\"https:\\\/\\\/www.purejewels.com\\\/product\\\/22ct-gold-armari-stud-earring-27576\\\/#primaryimage\"},\"image\":{\"@id\":\"https:\\\/\\\/www.purejewels.com\\\/product\\\/22ct-gold-armari-stud-earring-27576\\\/#primaryimage\"},\"thumbnailUrl\":\"https:\\\/\\\/static.purejewels.com\\\/wp-content\\\/uploads\\\/2018\\\/06\\\/27576_1-copy.png\",\"datePublished\":\"2018-06-02T13:53:37+00:00\",\"dateModified\":\"2025-12-18T08:58:48+00:00\",\"description\":\"Elegant 22ct gold stud earrings with antique finish and polki stones from the Armari Collection. A timeless heritage design for classic elegance.\",\"breadcrumb\":{\"@id\":\"https:\\\/\\\/www.purejewels.com\\\/product\\\/22ct-gold-armari-stud-earring-27576\\\/#breadcrumb\"},\"inLanguage\":\"tr\",\"potentialAction\":[{\"@type\":\"ReadAction\",\"target\":[\"https:\\\/\\\/www.purejewels.com\\\/product\\\/22ct-gold-armari-stud-earring-27576\\\/\"]}]},{\"@type\":\"ImageObject\",\"inLanguage\":\"tr\",\"@id\":\"https:\\\/\\\/www.purejewels.com\\\/product\\\/22ct-gold-armari-stud-earring-27576\\\/#primaryimage\",\"url\":\"https:\\\/\\\/static.purejewels.com\\\/wp-content\\\/uploads\\\/2018\\\/06\\\/27576_1-copy.png\",\"contentUrl\":\"https:\\\/\\\/static.purejewels.com\\\/wp-content\\\/uploads\\\/2018\\\/06\\\/27576_1-copy.png\",\"width\":1000,\"height\":1000,\"caption\":\"27576_22ct gold stud\"},{\"@type\":\"BreadcrumbList\",\"@id\":\"https:\\\/\\\/www.purejewels.com\\\/product\\\/22ct-gold-armari-stud-earring-27576\\\/#breadcrumb\",\"itemListElement\":[{\"@type\":\"ListItem\",\"position\":1,\"name\":\"Home\",\"item\":\"https:\\\/\\\/www.purejewels.com\\\/\"},{\"@type\":\"ListItem\",\"position\":2,\"name\":\"Shop\",\"item\":\"https:\\\/\\\/www.purejewels.com\\\/shop\\\/\"},{\"@type\":\"ListItem\",\"position\":3,\"name\":\"22ct Gold Antique Polki Stud Earrings\"}]},{\"@type\":\"WebSite\",\"@id\":\"https:\\\/\\\/www.purejewels.com\\\/#website\",\"url\":\"https:\\\/\\\/www.purejewels.com\\\/\",\"name\":\"PureJewels UK\",\"description\":\"Share the Love\",\"publisher\":{\"@id\":\"https:\\\/\\\/www.purejewels.com\\\/#organization\"},\"potentialAction\":[{\"@type\":\"SearchAction\",\"target\":{\"@type\":\"EntryPoint\",\"urlTemplate\":\"https:\\\/\\\/www.purejewels.com\\\/?s={search_term_string}\"},\"query-input\":{\"@type\":\"PropertyValueSpecification\",\"valueRequired\":true,\"valueName\":\"search_term_string\"}}],\"inLanguage\":\"tr\"},{\"@type\":\"Organization\",\"@id\":\"https:\\\/\\\/www.purejewels.com\\\/#organization\",\"name\":\"PureJewels UK\",\"url\":\"https:\\\/\\\/www.purejewels.com\\\/\",\"logo\":{\"@type\":\"ImageObject\",\"inLanguage\":\"tr\",\"@id\":\"https:\\\/\\\/www.purejewels.com\\\/#\\\/schema\\\/logo\\\/image\\\/\",\"url\":\"https:\\\/\\\/static.purejewels.com\\\/wp-content\\\/uploads\\\/2020\\\/11\\\/Logo-PJ-New-1.png\",\"contentUrl\":\"https:\\\/\\\/static.purejewels.com\\\/wp-content\\\/uploads\\\/2020\\\/11\\\/Logo-PJ-New-1.png\",\"width\":150,\"height\":80,\"caption\":\"PureJewels UK\"},\"image\":{\"@id\":\"https:\\\/\\\/www.purejewels.com\\\/#\\\/schema\\\/logo\\\/image\\\/\"}}]}<\/script>\n<!-- \/ Yoast SEO plugin. -->","yoast_head_json":{"title":"Polki Ta\u015fl\u0131 22 Ayar Alt\u0131n Yuvarlak K\u00fcpe | PureJewels UK","description":"Armari Koleksiyonundan antika kaplama ve polki ta\u015fl\u0131 zarif 22 ayar alt\u0131n saplama k\u00fcpeler. Klasik zarafet i\u00e7in zamans\u0131z bir miras tasar\u0131m\u0131.","robots":{"index":"index","follow":"follow","max-snippet":"max-snippet:-1","max-image-preview":"max-image-preview:large","max-video-preview":"max-video-preview:-1"},"canonical":"https:\/\/www.purejewels.com\/tr\/urun\/22-ayar-altin-armari-saplama-kupe-27576\/","og_locale":"tr_TR","og_type":"article","og_title":"22ct Gold Round Stud Earrings with Polki Stones | PureJewels UK","og_description":"Elegant 22ct gold stud earrings with antique finish and polki stones from the Armari Collection. A timeless heritage design for classic elegance.","og_url":"https:\/\/www.purejewels.com\/tr\/urun\/22-ayar-altin-armari-saplama-kupe-27576\/","og_site_name":"PureJewels UK","article_modified_time":"2025-12-18T08:58:48+00:00","og_image":[{"width":1000,"height":1000,"url":"https:\/\/static.purejewels.com\/wp-content\/uploads\/2018\/06\/27576_1-copy.png","type":"image\/png"}],"twitter_card":"summary_large_image","twitter_misc":{"Tahmini okuma s\u00fcresi":"1 dakika"},"schema":{"@context":"https:\/\/schema.org","@graph":[{"@type":["WebPage","ItemPage"],"@id":"https:\/\/www.purejewels.com\/product\/22ct-gold-armari-stud-earring-27576\/","url":"https:\/\/www.purejewels.com\/product\/22ct-gold-armari-stud-earring-27576\/","name":"Polki Ta\u015fl\u0131 22 Ayar Alt\u0131n Yuvarlak K\u00fcpe | PureJewels UK","isPartOf":{"@id":"https:\/\/www.purejewels.com\/#website"},"primaryImageOfPage":{"@id":"https:\/\/www.purejewels.com\/product\/22ct-gold-armari-stud-earring-27576\/#primaryimage"},"image":{"@id":"https:\/\/www.purejewels.com\/product\/22ct-gold-armari-stud-earring-27576\/#primaryimage"},"thumbnailUrl":"https:\/\/static.purejewels.com\/wp-content\/uploads\/2018\/06\/27576_1-copy.png","datePublished":"2018-06-02T13:53:37+00:00","dateModified":"2025-12-18T08:58:48+00:00","description":"Armari Koleksiyonundan antika kaplama ve polki ta\u015fl\u0131 zarif 22 ayar alt\u0131n saplama k\u00fcpeler. Klasik zarafet i\u00e7in zamans\u0131z bir miras tasar\u0131m\u0131.","breadcrumb":{"@id":"https:\/\/www.purejewels.com\/product\/22ct-gold-armari-stud-earring-27576\/#breadcrumb"},"inLanguage":"tr","potentialAction":[{"@type":"ReadAction","target":["https:\/\/www.purejewels.com\/product\/22ct-gold-armari-stud-earring-27576\/"]}]},{"@type":"ImageObject","inLanguage":"tr","@id":"https:\/\/www.purejewels.com\/product\/22ct-gold-armari-stud-earring-27576\/#primaryimage","url":"https:\/\/static.purejewels.com\/wp-content\/uploads\/2018\/06\/27576_1-copy.png","contentUrl":"https:\/\/static.purejewels.com\/wp-content\/uploads\/2018\/06\/27576_1-copy.png","width":1000,"height":1000,"caption":"27576_22ct gold stud"},{"@type":"BreadcrumbList","@id":"https:\/\/www.purejewels.com\/product\/22ct-gold-armari-stud-earring-27576\/#breadcrumb","itemListElement":[{"@type":"ListItem","position":1,"name":"Home","item":"https:\/\/www.purejewels.com\/"},{"@type":"ListItem","position":2,"name":"Shop","item":"https:\/\/www.purejewels.com\/shop\/"},{"@type":"ListItem","position":3,"name":"22ct Gold Antique Polki Stud Earrings"}]},{"@type":"WebSite","@id":"https:\/\/www.purejewels.com\/#website","url":"https:\/\/www.purejewels.com\/","name":"PureJewels \u0130ngiltere","description":"Sevgiyi Payla\u015f\u0131n","publisher":{"@id":"https:\/\/www.purejewels.com\/#organization"},"potentialAction":[{"@type":"SearchAction","target":{"@type":"EntryPoint","urlTemplate":"https:\/\/www.purejewels.com\/?s={search_term_string}"},"query-input":{"@type":"PropertyValueSpecification","valueRequired":true,"valueName":"search_term_string"}}],"inLanguage":"tr"},{"@type":"Organization","@id":"https:\/\/www.purejewels.com\/#organization","name":"PureJewels \u0130ngiltere","url":"https:\/\/www.purejewels.com\/","logo":{"@type":"ImageObject","inLanguage":"tr","@id":"https:\/\/www.purejewels.com\/#\/schema\/logo\/image\/","url":"https:\/\/static.purejewels.com\/wp-content\/uploads\/2020\/11\/Logo-PJ-New-1.png","contentUrl":"https:\/\/static.purejewels.com\/wp-content\/uploads\/2020\/11\/Logo-PJ-New-1.png","width":150,"height":80,"caption":"PureJewels UK"},"image":{"@id":"https:\/\/www.purejewels.com\/#\/schema\/logo\/image\/"}}]}},"_links":{"self":[{"href":"https:\/\/www.purejewels.com\/tr\/wp-json\/wp\/v2\/product\/301142","targetHints":{"allow":["GET"]}}],"collection":[{"href":"https:\/\/www.purejewels.com\/tr\/wp-json\/wp\/v2\/product"}],"about":[{"href":"https:\/\/www.purejewels.com\/tr\/wp-json\/wp\/v2\/types\/product"}],"replies":[{"embeddable":true,"href":"https:\/\/www.purejewels.com\/tr\/wp-json\/wp\/v2\/comments?post=301142"}],"version-history":[{"count":3,"href":"https:\/\/www.purejewels.com\/tr\/wp-json\/wp\/v2\/product\/301142\/revisions"}],"predecessor-version":[{"id":423425,"href":"https:\/\/www.purejewels.com\/tr\/wp-json\/wp\/v2\/product\/301142\/revisions\/423425"}],"wp:featuredmedia":[{"embeddable":true,"href":"https:\/\/www.purejewels.com\/tr\/wp-json\/wp\/v2\/media\/301146"}],"wp:attachment":[{"href":"https:\/\/www.purejewels.com\/tr\/wp-json\/wp\/v2\/media?parent=301142"}],"wp:term":[{"taxonomy":"product_brand","embeddable":true,"href":"https:\/\/www.purejewels.com\/tr\/wp-json\/wp\/v2\/product_brand?post=301142"},{"taxonomy":"product_cat","embeddable":true,"href":"https:\/\/www.purejewels.com\/tr\/wp-json\/wp\/v2\/product_cat?post=301142"},{"taxonomy":"product_tag","embeddable":true,"href":"https:\/\/www.purejewels.com\/tr\/wp-json\/wp\/v2\/product_tag?post=301142"}],"curies":[{"name":"wp","href":"https:\/\/api.w.org\/{rel}","templated":true}]}}