{"id":301278,"date":"2018-06-25T15:03:13","date_gmt":"2018-06-25T14:03:13","guid":{"rendered":"https:\/\/www.purejewels.com\/?post_type=product&#038;p=301278"},"modified":"2024-09-12T10:08:35","modified_gmt":"2024-09-12T09:08:35","slug":"vinyasa-tavus-kusu-kolye-ucu-pembe-altin","status":"publish","type":"product","link":"https:\/\/www.purejewels.com\/tr\/product\/vinyasa-peacock-pendant-in-rose-gold\/","title":{"rendered":"Pembe Alt\u0131n Vinyasa Tavus Ku\u015fu Kolye Ucu"},"content":{"rendered":"<p>I\u015f\u0131k i\u00e7inde y\u00fcr\u00fcy\u00fcn.  Vinyasa Tavusku\u015fu kolye ucu, ki\u015fili\u011finize uygun par\u0131ldayan g\u00f6zleriyle m\u00fctevaz\u0131 bir g\u00fczelliktir.  Ta\u015flar\u0131 tamamlamak i\u00e7in do\u011fal beyaz alt\u0131n, sar\u0131 alt\u0131n ve pembe alt\u0131n se\u00e7tik, b\u00f6ylece kolyeye her enkarnasyonda tamamen farkl\u0131 bir g\u00f6r\u00fcn\u00fcm kazand\u0131rd\u0131k.  Favoriniz ne olursa olsun, \u00e7arp\u0131c\u0131 bir ifade par\u00e7as\u0131d\u0131r.<\/p>\n<ul>\n<li><a href=\"https:\/\/www.purejewels.com\/tr\/product\/18ct-white-gold-khanda-sikh-religious-pendant-6226\/\">18ct<\/a> Alt\u0131n<\/li>\n<li>T\u00fcm fiyatlara KDV dahildir<\/li>\n<li>Londra Tahlil Ofisi Taraf\u0131ndan Damgalanm\u0131\u015f 18 Ayar Alt\u0131n<\/li>\n<li>Sunum Kutusu ile Birlikte Gelir<\/li>\n<li>Teslimat Dahil<\/li>\n<li>Stok durumu ve stokta bulunan benzer tasar\u0131mlar\u0131n daha fazla g\u00f6r\u00fcnt\u00fcs\u00fc i\u00e7in bizimle canl\u0131 sohbet edin<\/li>\n<\/ul>\n<p><strong>Vinyasa Tavus Ku\u015fu Kolye<\/strong><br \/>\nI\u015f\u0131k i\u00e7inde y\u00fcr\u00fcy\u00fcn.  Vinyasa Tavusku\u015fu kolye ucu, ki\u015fili\u011finize uygun bir alt\u0131n tonunda m\u00fctevaz\u0131 bir g\u00fczelliktir.  Do\u011fal beyaz alt\u0131n, sar\u0131 alt\u0131n ve pembe alt\u0131n renkleri mevcuttur ve kolyeye her enkarnasyonda tamamen farkl\u0131 bir g\u00f6r\u00fcn\u00fcm kazand\u0131r\u0131r.  Favoriniz ne olursa olsun, \u00e7arp\u0131c\u0131 bir ifade par\u00e7as\u0131d\u0131r.<\/p>\n<p><strong>i\u00e7in en iyi kayna\u011f\u0131n\u0131z <a href=\"https:\/\/www.purejewels.com\/tr\/product\/22ct-gold-jali-filigree-ring-jali-collection-31926\/\">22ct<\/a> Londra'daki Hint m\u00fccevherleri<\/strong><br \/>\nHangi kuyumcuya sorsan\u0131z size s\u00f6yleyecektir: PureJewels Londra'daki en iyi alt\u0131n d\u00fckkanlar\u0131ndan biridir.  Elbette size gizli, tan\u0131nm\u0131\u015f m\u00fc\u015fterilerimizden bahsedemeyeceklerdir.  Ancak ziyaret ederseniz, standartlar\u0131m\u0131z\u0131 ve tarz\u0131m\u0131z\u0131 kendiniz ke\u015ffedebilirsiniz.  Gelin ve Londra'daki Hint m\u00fccevherlerimizi ke\u015ffedin - butik g\u00f6steri salonumuz Green Street'te.  Vinyasa koleksiyonumuzun yan\u0131 s\u0131ra daha bir\u00e7ok yeni par\u00e7am\u0131z ve geleneksel favorilerimiz sergileniyor.<\/p>\n<p><strong>Hintli <a href=\"https:\/\/www.purejewels.com\/tr\/elegance-of-sold-gold\/\">alt\u0131n tak\u0131lar<\/a> Londra'da - bizim hikayemiz nedir?<\/strong><br \/>\n1960'larda kurucumuz Bhanji Gokaldas, g\u00fczel el i\u015f\u00e7ili\u011fiyle yapt\u0131\u011f\u0131 alt\u0131n tak\u0131lar\u0131 Londra'da satmay\u0131 hayal ediyordu.  Cesaretini toplayarak gemiyle seyahat etti ve birka\u00e7 y\u0131l sonra \u015fehirde bir at\u00f6lye kurdu. K\u0131sa s\u00fcre i\u00e7inde Londra'da otantik Hint alt\u0131n tak\u0131lar\u0131yla tan\u0131nmaya ba\u015flad\u0131.  Bug\u00fcn hala ayn\u0131 aile taraf\u0131ndan i\u015fletilen PureJewels, k\u00fc\u00e7\u00fck bir tasar\u0131m ekibi istihdam etmekte ve teknolojiden biraz \u00f6d\u00fcn vermekle birlikte hala geleneksel teknik ve stilleri tercih etmektedir.  Uzmanl\u0131k alanlar\u0131 <a href=\"https:\/\/www.purejewels.com\/tr\/product-category\/22ct-gold-jewellery\/\">22 ayar Hint m\u00fccevherleri<\/a>\u00f6zel Vinyasa koleksiyonu da dahil olmak \u00fczere bir\u00e7ok par\u00e7ay\u0131 kendimiz \u00fcretiyoruz.<\/p>\n<p><strong>Ki\u015fisel bir dokunu\u015fla online alt\u0131n al\u0131\u015fveri\u015fi<\/strong><br \/>\nHerhangi bir ki\u015fiselle\u015ftirme talebinde bulunmak, ma\u011fazadaki son yenilikleri \u00f6\u011frenmek veya 22 ayar alt\u0131n m\u00fccevherlerimizi g\u00f6rmek i\u00e7in randevu almak i\u00e7in Canl\u0131 Sohbet'i a\u00e7man\u0131z yeterlidir.  Ma\u011faza i\u00e7i bir dan\u0131\u015fmana ula\u015facak ve ki\u015fisel hizmet alacaks\u0131n\u0131z - neredeyse burada olmak gibi!  Online alt\u0131n al\u0131\u015fveri\u015finizi verimli ve hatta belki de keyifli hale getirmenize yard\u0131mc\u0131 olaca\u011f\u0131z.<\/p>","protected":false},"excerpt":{"rendered":"<p>I\u015f\u0131k i\u00e7inde y\u00fcr\u00fcy\u00fcn.  Vinyasa Tavusku\u015fu kolye ucu, ki\u015fili\u011finize uygun par\u0131ldayan g\u00f6zleriyle m\u00fctevaz\u0131 bir g\u00fczelliktir.  Ta\u015flar\u0131 tamamlamak i\u00e7in do\u011fal beyaz alt\u0131n, sar\u0131 alt\u0131n ve pembe alt\u0131n se\u00e7tik, b\u00f6ylece kolyeye her enkarnasyonda tamamen farkl\u0131 bir g\u00f6r\u00fcn\u00fcm kazand\u0131rd\u0131k.  Favoriniz ne olursa olsun, \u00e7arp\u0131c\u0131 bir ifade par\u00e7as\u0131d\u0131r.<\/p>\n<ul>\n<li>18 Ayar Alt\u0131n<\/li>\n<li>T\u00fcm fiyatlara KDV dahildir<\/li>\n<li>Zincir dahil de\u011fildir.<\/li>\n<li>Londra Tahlil Ofisi Taraf\u0131ndan Damgalanm\u0131\u015f 18 Ayar Alt\u0131n<\/li>\n<li>Sunum Kutusu ile Birlikte Gelir<\/li>\n<li>Teslimat Dahil<\/li>\n<li>Stok durumu ve stokta bulunan benzer tasar\u0131mlar\u0131n daha fazla g\u00f6r\u00fcnt\u00fcs\u00fc i\u00e7in bizimle canl\u0131 sohbet edin<\/li>\n<\/ul>","protected":false},"featured_media":301216,"comment_status":"closed","ping_status":"closed","template":"","meta":{"_eb_attr":"","_crsspst_to_jayantr4sg-hostcom":false},"product_brand":[],"product_cat":[1576,236,1767,1569,1480,1574],"product_tag":[],"class_list":{"0":"post-301278","1":"product","2":"type-product","3":"status-publish","4":"has-post-thumbnail","6":"product_cat-childrens-jewellery","7":"product_cat-collections","8":"product_cat-ladies-pendants","9":"product_cat-valentine-day-gifts","10":"product_cat-vinyasa-collections","11":"product_cat-womens-jewellery","13":"first","14":"outofstock","15":"taxable","16":"shipping-taxable","17":"product-type-simple","18":"add-to-wishlist-before_image"},"yoast_head":"<!-- This site is optimized with the Yoast SEO plugin v27.5 - https:\/\/yoast.com\/product\/yoast-seo-wordpress\/ -->\n<title>Vinyasa Peacock Pendant in Rose Gold - PureJewels UK<\/title>\n<meta name=\"robots\" content=\"index, follow, max-snippet:-1, max-image-preview:large, max-video-preview:-1\" \/>\n<link rel=\"canonical\" href=\"https:\/\/www.purejewels.com\/tr\/urun\/vinyasa-tavus-kusu-kolye-ucu-pembe-altin\/\" \/>\n<meta property=\"og:locale\" content=\"tr_TR\" \/>\n<meta property=\"og:type\" content=\"article\" \/>\n<meta property=\"og:title\" content=\"Vinyasa Peacock Pendant in Rose Gold - PureJewels UK\" \/>\n<meta property=\"og:description\" content=\"Walk in light. \u00a0The Vinyasa Peacock pendant is a modest beauty, with a twinkling eye to suit your personality. \u00a0To compliment the stones we&#039;ve chosen natural white gold, yellow gold, and rose gold, giving the pendant a completely different look in every incarnation. \u00a0Whatever your favourite, it makes a striking statement piece.   18ct Gold  All prices include VAT  Chain not included.  18ct Gold\u00a0Hallmarked by London Assay Office  Comes With Presentation Box  Delivery Included  Live chat with us for availability and more images of similar designs currently in stock\" \/>\n<meta property=\"og:url\" content=\"https:\/\/www.purejewels.com\/tr\/urun\/vinyasa-tavus-kusu-kolye-ucu-pembe-altin\/\" \/>\n<meta property=\"og:site_name\" content=\"PureJewels UK\" \/>\n<meta property=\"article:modified_time\" content=\"2024-09-12T09:08:35+00:00\" \/>\n<meta property=\"og:image\" content=\"https:\/\/www.purejewels.com\/wp-content\/uploads\/2018\/02\/Pendant-1-1.png\" \/>\n\t<meta property=\"og:image:width\" content=\"2000\" \/>\n\t<meta property=\"og:image:height\" content=\"2000\" \/>\n\t<meta property=\"og:image:type\" content=\"image\/png\" \/>\n<meta name=\"twitter:card\" content=\"summary_large_image\" \/>\n<meta name=\"twitter:label1\" content=\"Tahmini okuma s\u00fcresi\" \/>\n\t<meta name=\"twitter:data1\" content=\"2 dakika\" \/>\n<script type=\"application\/ld+json\" class=\"yoast-schema-graph\">{\"@context\":\"https:\\\/\\\/schema.org\",\"@graph\":[{\"@type\":[\"WebPage\",\"ItemPage\"],\"@id\":\"https:\\\/\\\/www.purejewels.com\\\/product\\\/vinyasa-peacock-pendant-in-rose-gold\\\/\",\"url\":\"https:\\\/\\\/www.purejewels.com\\\/product\\\/vinyasa-peacock-pendant-in-rose-gold\\\/\",\"name\":\"Vinyasa Peacock Pendant in Rose Gold - PureJewels UK\",\"isPartOf\":{\"@id\":\"https:\\\/\\\/www.purejewels.com\\\/#website\"},\"primaryImageOfPage\":{\"@id\":\"https:\\\/\\\/www.purejewels.com\\\/product\\\/vinyasa-peacock-pendant-in-rose-gold\\\/#primaryimage\"},\"image\":{\"@id\":\"https:\\\/\\\/www.purejewels.com\\\/product\\\/vinyasa-peacock-pendant-in-rose-gold\\\/#primaryimage\"},\"thumbnailUrl\":\"https:\\\/\\\/static.purejewels.com\\\/wp-content\\\/uploads\\\/2018\\\/02\\\/Pendant-1-1.png\",\"datePublished\":\"2018-06-25T14:03:13+00:00\",\"dateModified\":\"2024-09-12T09:08:35+00:00\",\"breadcrumb\":{\"@id\":\"https:\\\/\\\/www.purejewels.com\\\/product\\\/vinyasa-peacock-pendant-in-rose-gold\\\/#breadcrumb\"},\"inLanguage\":\"tr\",\"potentialAction\":[{\"@type\":\"ReadAction\",\"target\":[\"https:\\\/\\\/www.purejewels.com\\\/product\\\/vinyasa-peacock-pendant-in-rose-gold\\\/\"]}]},{\"@type\":\"ImageObject\",\"inLanguage\":\"tr\",\"@id\":\"https:\\\/\\\/www.purejewels.com\\\/product\\\/vinyasa-peacock-pendant-in-rose-gold\\\/#primaryimage\",\"url\":\"https:\\\/\\\/static.purejewels.com\\\/wp-content\\\/uploads\\\/2018\\\/02\\\/Pendant-1-1.png\",\"contentUrl\":\"https:\\\/\\\/static.purejewels.com\\\/wp-content\\\/uploads\\\/2018\\\/02\\\/Pendant-1-1.png\",\"width\":2000,\"height\":2000,\"caption\":\"Pendant 1\"},{\"@type\":\"BreadcrumbList\",\"@id\":\"https:\\\/\\\/www.purejewels.com\\\/product\\\/vinyasa-peacock-pendant-in-rose-gold\\\/#breadcrumb\",\"itemListElement\":[{\"@type\":\"ListItem\",\"position\":1,\"name\":\"Home\",\"item\":\"https:\\\/\\\/www.purejewels.com\\\/\"},{\"@type\":\"ListItem\",\"position\":2,\"name\":\"Shop\",\"item\":\"https:\\\/\\\/www.purejewels.com\\\/shop\\\/\"},{\"@type\":\"ListItem\",\"position\":3,\"name\":\"Vinyasa Peacock Pendant in Rose Gold\"}]},{\"@type\":\"WebSite\",\"@id\":\"https:\\\/\\\/www.purejewels.com\\\/#website\",\"url\":\"https:\\\/\\\/www.purejewels.com\\\/\",\"name\":\"PureJewels UK\",\"description\":\"Share the Love\",\"publisher\":{\"@id\":\"https:\\\/\\\/www.purejewels.com\\\/#organization\"},\"potentialAction\":[{\"@type\":\"SearchAction\",\"target\":{\"@type\":\"EntryPoint\",\"urlTemplate\":\"https:\\\/\\\/www.purejewels.com\\\/?s={search_term_string}\"},\"query-input\":{\"@type\":\"PropertyValueSpecification\",\"valueRequired\":true,\"valueName\":\"search_term_string\"}}],\"inLanguage\":\"tr\"},{\"@type\":\"Organization\",\"@id\":\"https:\\\/\\\/www.purejewels.com\\\/#organization\",\"name\":\"PureJewels UK\",\"url\":\"https:\\\/\\\/www.purejewels.com\\\/\",\"logo\":{\"@type\":\"ImageObject\",\"inLanguage\":\"tr\",\"@id\":\"https:\\\/\\\/www.purejewels.com\\\/#\\\/schema\\\/logo\\\/image\\\/\",\"url\":\"https:\\\/\\\/static.purejewels.com\\\/wp-content\\\/uploads\\\/2020\\\/11\\\/Logo-PJ-New-1.png\",\"contentUrl\":\"https:\\\/\\\/static.purejewels.com\\\/wp-content\\\/uploads\\\/2020\\\/11\\\/Logo-PJ-New-1.png\",\"width\":150,\"height\":80,\"caption\":\"PureJewels UK\"},\"image\":{\"@id\":\"https:\\\/\\\/www.purejewels.com\\\/#\\\/schema\\\/logo\\\/image\\\/\"}}]}<\/script>\n<!-- \/ Yoast SEO plugin. -->","yoast_head_json":{"title":"Pembe Alt\u0131n Vinyasa Tavusku\u015fu Kolye Ucu - PureJewels UK","robots":{"index":"index","follow":"follow","max-snippet":"max-snippet:-1","max-image-preview":"max-image-preview:large","max-video-preview":"max-video-preview:-1"},"canonical":"https:\/\/www.purejewels.com\/tr\/urun\/vinyasa-tavus-kusu-kolye-ucu-pembe-altin\/","og_locale":"tr_TR","og_type":"article","og_title":"Vinyasa Peacock Pendant in Rose Gold - PureJewels UK","og_description":"Walk in light. \u00a0The Vinyasa Peacock pendant is a modest beauty, with a twinkling eye to suit your personality. \u00a0To compliment the stones we've chosen natural white gold, yellow gold, and rose gold, giving the pendant a completely different look in every incarnation. \u00a0Whatever your favourite, it makes a striking statement piece.   18ct Gold  All prices include VAT  Chain not included.  18ct Gold\u00a0Hallmarked by London Assay Office  Comes With Presentation Box  Delivery Included  Live chat with us for availability and more images of similar designs currently in stock","og_url":"https:\/\/www.purejewels.com\/tr\/urun\/vinyasa-tavus-kusu-kolye-ucu-pembe-altin\/","og_site_name":"PureJewels UK","article_modified_time":"2024-09-12T09:08:35+00:00","og_image":[{"width":2000,"height":2000,"url":"https:\/\/www.purejewels.com\/wp-content\/uploads\/2018\/02\/Pendant-1-1.png","type":"image\/png"}],"twitter_card":"summary_large_image","twitter_misc":{"Tahmini okuma s\u00fcresi":"2 dakika"},"schema":{"@context":"https:\/\/schema.org","@graph":[{"@type":["WebPage","ItemPage"],"@id":"https:\/\/www.purejewels.com\/product\/vinyasa-peacock-pendant-in-rose-gold\/","url":"https:\/\/www.purejewels.com\/product\/vinyasa-peacock-pendant-in-rose-gold\/","name":"Pembe Alt\u0131n Vinyasa Tavusku\u015fu Kolye Ucu - PureJewels UK","isPartOf":{"@id":"https:\/\/www.purejewels.com\/#website"},"primaryImageOfPage":{"@id":"https:\/\/www.purejewels.com\/product\/vinyasa-peacock-pendant-in-rose-gold\/#primaryimage"},"image":{"@id":"https:\/\/www.purejewels.com\/product\/vinyasa-peacock-pendant-in-rose-gold\/#primaryimage"},"thumbnailUrl":"https:\/\/static.purejewels.com\/wp-content\/uploads\/2018\/02\/Pendant-1-1.png","datePublished":"2018-06-25T14:03:13+00:00","dateModified":"2024-09-12T09:08:35+00:00","breadcrumb":{"@id":"https:\/\/www.purejewels.com\/product\/vinyasa-peacock-pendant-in-rose-gold\/#breadcrumb"},"inLanguage":"tr","potentialAction":[{"@type":"ReadAction","target":["https:\/\/www.purejewels.com\/product\/vinyasa-peacock-pendant-in-rose-gold\/"]}]},{"@type":"ImageObject","inLanguage":"tr","@id":"https:\/\/www.purejewels.com\/product\/vinyasa-peacock-pendant-in-rose-gold\/#primaryimage","url":"https:\/\/static.purejewels.com\/wp-content\/uploads\/2018\/02\/Pendant-1-1.png","contentUrl":"https:\/\/static.purejewels.com\/wp-content\/uploads\/2018\/02\/Pendant-1-1.png","width":2000,"height":2000,"caption":"Pendant 1"},{"@type":"BreadcrumbList","@id":"https:\/\/www.purejewels.com\/product\/vinyasa-peacock-pendant-in-rose-gold\/#breadcrumb","itemListElement":[{"@type":"ListItem","position":1,"name":"Home","item":"https:\/\/www.purejewels.com\/"},{"@type":"ListItem","position":2,"name":"Shop","item":"https:\/\/www.purejewels.com\/shop\/"},{"@type":"ListItem","position":3,"name":"Vinyasa Peacock Pendant in Rose Gold"}]},{"@type":"WebSite","@id":"https:\/\/www.purejewels.com\/#website","url":"https:\/\/www.purejewels.com\/","name":"PureJewels \u0130ngiltere","description":"Sevgiyi Payla\u015f\u0131n","publisher":{"@id":"https:\/\/www.purejewels.com\/#organization"},"potentialAction":[{"@type":"SearchAction","target":{"@type":"EntryPoint","urlTemplate":"https:\/\/www.purejewels.com\/?s={search_term_string}"},"query-input":{"@type":"PropertyValueSpecification","valueRequired":true,"valueName":"search_term_string"}}],"inLanguage":"tr"},{"@type":"Organization","@id":"https:\/\/www.purejewels.com\/#organization","name":"PureJewels \u0130ngiltere","url":"https:\/\/www.purejewels.com\/","logo":{"@type":"ImageObject","inLanguage":"tr","@id":"https:\/\/www.purejewels.com\/#\/schema\/logo\/image\/","url":"https:\/\/static.purejewels.com\/wp-content\/uploads\/2020\/11\/Logo-PJ-New-1.png","contentUrl":"https:\/\/static.purejewels.com\/wp-content\/uploads\/2020\/11\/Logo-PJ-New-1.png","width":150,"height":80,"caption":"PureJewels UK"},"image":{"@id":"https:\/\/www.purejewels.com\/#\/schema\/logo\/image\/"}}]}},"_links":{"self":[{"href":"https:\/\/www.purejewels.com\/tr\/wp-json\/wp\/v2\/product\/301278","targetHints":{"allow":["GET"]}}],"collection":[{"href":"https:\/\/www.purejewels.com\/tr\/wp-json\/wp\/v2\/product"}],"about":[{"href":"https:\/\/www.purejewels.com\/tr\/wp-json\/wp\/v2\/types\/product"}],"replies":[{"embeddable":true,"href":"https:\/\/www.purejewels.com\/tr\/wp-json\/wp\/v2\/comments?post=301278"}],"version-history":[{"count":1,"href":"https:\/\/www.purejewels.com\/tr\/wp-json\/wp\/v2\/product\/301278\/revisions"}],"predecessor-version":[{"id":371834,"href":"https:\/\/www.purejewels.com\/tr\/wp-json\/wp\/v2\/product\/301278\/revisions\/371834"}],"wp:featuredmedia":[{"embeddable":true,"href":"https:\/\/www.purejewels.com\/tr\/wp-json\/wp\/v2\/media\/301216"}],"wp:attachment":[{"href":"https:\/\/www.purejewels.com\/tr\/wp-json\/wp\/v2\/media?parent=301278"}],"wp:term":[{"taxonomy":"product_brand","embeddable":true,"href":"https:\/\/www.purejewels.com\/tr\/wp-json\/wp\/v2\/product_brand?post=301278"},{"taxonomy":"product_cat","embeddable":true,"href":"https:\/\/www.purejewels.com\/tr\/wp-json\/wp\/v2\/product_cat?post=301278"},{"taxonomy":"product_tag","embeddable":true,"href":"https:\/\/www.purejewels.com\/tr\/wp-json\/wp\/v2\/product_tag?post=301278"}],"curies":[{"name":"wp","href":"https:\/\/api.w.org\/{rel}","templated":true}]}}