{"id":301279,"date":"2018-06-25T15:00:15","date_gmt":"2018-06-25T14:00:15","guid":{"rendered":"https:\/\/www.purejewels.com\/?post_type=product&#038;p=301279"},"modified":"2024-09-12T08:08:15","modified_gmt":"2024-09-12T07:08:15","slug":"vinyasa-tavus-kusu-kolye-ucu-sari-altin","status":"publish","type":"product","link":"https:\/\/www.purejewels.com\/tr\/product\/vinyasa-peacock-pendant-in-yellow-gold\/","title":{"rendered":"Sar\u0131 Alt\u0131n Vinyasa Tavus Ku\u015fu Kolye"},"content":{"rendered":"<p>I\u015f\u0131kta y\u00fcr\u00fcy\u00fcn.  Vinyasa <a href=\"https:\/\/www.purejewels.com\/tr\/product\/22carat-gold-indian-pendant-23635\/\">Tavus ku\u015fu kolye<\/a> ki\u015fili\u011finize uygun par\u0131ldayan g\u00f6zleriyle m\u00fctevaz\u0131 bir g\u00fczelliktir.  Ta\u015flar\u0131 tamamlamak i\u00e7in do\u011fal beyaz alt\u0131n, sar\u0131 alt\u0131n ve pembe alt\u0131n se\u00e7tik, b\u00f6ylece kolyeye her enkarnasyonda tamamen farkl\u0131 bir g\u00f6r\u00fcn\u00fcm kazand\u0131rd\u0131k.  Favoriniz ne olursa olsun, \u00e7arp\u0131c\u0131 bir ifade par\u00e7as\u0131d\u0131r.<\/p>\n<ul>\n<li><a href=\"https:\/\/www.purejewels.com\/tr\/product\/18ct-white-gold-khanda-sikh-religious-pendant-6226\/\">18ct<\/a> Alt\u0131n<\/li>\n<li>T\u00fcm fiyatlara KDV dahildir<\/li>\n<li>Londra Tahlil Ofisi Taraf\u0131ndan Damgalanm\u0131\u015f 18 Ayar Alt\u0131n<\/li>\n<li>Sunum Kutusu ile Birlikte Gelir<\/li>\n<li>Teslimat Dahil<\/li>\n<li>Stok durumu ve stokta bulunan benzer tasar\u0131mlar\u0131n daha fazla g\u00f6r\u00fcnt\u00fcs\u00fc i\u00e7in bizimle canl\u0131 sohbet edin<\/li>\n<\/ul>","protected":false},"excerpt":{"rendered":"<p>I\u015f\u0131k i\u00e7inde y\u00fcr\u00fcy\u00fcn.  Vinyasa Tavusku\u015fu kolye ucu, ki\u015fili\u011finize uygun par\u0131ldayan g\u00f6zleriyle m\u00fctevaz\u0131 bir g\u00fczelliktir.  Ta\u015flar\u0131 tamamlamak i\u00e7in do\u011fal beyaz alt\u0131n, sar\u0131 alt\u0131n ve pembe alt\u0131n se\u00e7tik, b\u00f6ylece kolyeye her enkarnasyonda tamamen farkl\u0131 bir g\u00f6r\u00fcn\u00fcm kazand\u0131rd\u0131k.  Favoriniz ne olursa olsun, \u00e7arp\u0131c\u0131 bir ifade par\u00e7as\u0131d\u0131r.<\/p>\n<ul>\n<li>18 Ayar Alt\u0131n Tavus Ku\u015fu Kolye<\/li>\n<li>Zincir dahil de\u011fildir.<\/li>\n<li>T\u00fcm fiyatlara KDV dahildir<\/li>\n<li>Londra Tahlil Ofisi Taraf\u0131ndan Damgalanm\u0131\u015f 18 Ayar Alt\u0131n<\/li>\n<li>Sunum Kutusu ile Birlikte Gelir<\/li>\n<li>Teslimat Dahil<\/li>\n<li>Stok durumu ve stokta bulunan benzer tasar\u0131mlar\u0131n daha fazla g\u00f6r\u00fcnt\u00fcs\u00fc i\u00e7in bizimle canl\u0131 sohbet edin<\/li>\n<\/ul>","protected":false},"featured_media":301215,"comment_status":"closed","ping_status":"closed","template":"","meta":{"_eb_attr":"","_crsspst_to_jayantr4sg-hostcom":false},"product_brand":[],"product_cat":[1559,1576,1767,1569,1480,1573,1574],"product_tag":[],"class_list":{"0":"post-301279","1":"product","2":"type-product","3":"status-publish","4":"has-post-thumbnail","6":"product_cat-birthday-gifts","7":"product_cat-childrens-jewellery","8":"product_cat-ladies-pendants","9":"product_cat-valentine-day-gifts","10":"product_cat-vinyasa-collections","11":"product_cat-wedding-gifts","12":"product_cat-womens-jewellery","14":"first","15":"outofstock","16":"taxable","17":"shipping-taxable","18":"product-type-simple","19":"add-to-wishlist-before_image"},"yoast_head":"<!-- This site is optimized with the Yoast SEO plugin v27.5 - https:\/\/yoast.com\/product\/yoast-seo-wordpress\/ -->\n<title>Vinyasa Peacock Pendant in Yellow Gold.<\/title>\n<meta name=\"robots\" content=\"index, follow, max-snippet:-1, max-image-preview:large, max-video-preview:-1\" \/>\n<link rel=\"canonical\" href=\"https:\/\/www.purejewels.com\/tr\/urun\/vinyasa-tavus-kusu-kolye-ucu-sari-altin\/\" \/>\n<meta property=\"og:locale\" content=\"tr_TR\" \/>\n<meta property=\"og:type\" content=\"article\" \/>\n<meta property=\"og:title\" content=\"Vinyasa Peacock Pendant in Yellow Gold.\" \/>\n<meta property=\"og:description\" content=\"Walk in light. \u00a0The Vinyasa Peacock pendant is a modest beauty, with a twinkling eye to suit your personality. \u00a0To compliment the stones we&#039;ve chosen natural white gold, yellow gold, and rose gold, giving the pendant a completely different look in every incarnation. \u00a0Whatever your favourite, it makes a striking statement piece.   18ct Gold Peacock Pendant  Chain not included.  All prices include VAT  18ct Gold\u00a0Hallmarked by London Assay Office  Comes With Presentation Box  Delivery Included  Live chat with us for availability and more images of similar designs currently in stock\" \/>\n<meta property=\"og:url\" content=\"https:\/\/www.purejewels.com\/tr\/urun\/vinyasa-tavus-kusu-kolye-ucu-sari-altin\/\" \/>\n<meta property=\"og:site_name\" content=\"PureJewels UK\" \/>\n<meta property=\"article:modified_time\" content=\"2024-09-12T07:08:15+00:00\" \/>\n<meta property=\"og:image\" content=\"https:\/\/www.purejewels.com\/wp-content\/uploads\/2018\/02\/Pendant-2-1.png\" \/>\n\t<meta property=\"og:image:width\" content=\"2000\" \/>\n\t<meta property=\"og:image:height\" content=\"2000\" \/>\n\t<meta property=\"og:image:type\" content=\"image\/png\" \/>\n<meta name=\"twitter:card\" content=\"summary_large_image\" \/>\n<script type=\"application\/ld+json\" class=\"yoast-schema-graph\">{\"@context\":\"https:\\\/\\\/schema.org\",\"@graph\":[{\"@type\":[\"WebPage\",\"ItemPage\"],\"@id\":\"https:\\\/\\\/www.purejewels.com\\\/product\\\/vinyasa-peacock-pendant-in-yellow-gold\\\/\",\"url\":\"https:\\\/\\\/www.purejewels.com\\\/product\\\/vinyasa-peacock-pendant-in-yellow-gold\\\/\",\"name\":\"Vinyasa Peacock Pendant in Yellow Gold.\",\"isPartOf\":{\"@id\":\"https:\\\/\\\/www.purejewels.com\\\/#website\"},\"primaryImageOfPage\":{\"@id\":\"https:\\\/\\\/www.purejewels.com\\\/product\\\/vinyasa-peacock-pendant-in-yellow-gold\\\/#primaryimage\"},\"image\":{\"@id\":\"https:\\\/\\\/www.purejewels.com\\\/product\\\/vinyasa-peacock-pendant-in-yellow-gold\\\/#primaryimage\"},\"thumbnailUrl\":\"https:\\\/\\\/static.purejewels.com\\\/wp-content\\\/uploads\\\/2018\\\/02\\\/Pendant-2-1.png\",\"datePublished\":\"2018-06-25T14:00:15+00:00\",\"dateModified\":\"2024-09-12T07:08:15+00:00\",\"breadcrumb\":{\"@id\":\"https:\\\/\\\/www.purejewels.com\\\/product\\\/vinyasa-peacock-pendant-in-yellow-gold\\\/#breadcrumb\"},\"inLanguage\":\"tr\",\"potentialAction\":[{\"@type\":\"ReadAction\",\"target\":[\"https:\\\/\\\/www.purejewels.com\\\/product\\\/vinyasa-peacock-pendant-in-yellow-gold\\\/\"]}]},{\"@type\":\"ImageObject\",\"inLanguage\":\"tr\",\"@id\":\"https:\\\/\\\/www.purejewels.com\\\/product\\\/vinyasa-peacock-pendant-in-yellow-gold\\\/#primaryimage\",\"url\":\"https:\\\/\\\/static.purejewels.com\\\/wp-content\\\/uploads\\\/2018\\\/02\\\/Pendant-2-1.png\",\"contentUrl\":\"https:\\\/\\\/static.purejewels.com\\\/wp-content\\\/uploads\\\/2018\\\/02\\\/Pendant-2-1.png\",\"width\":2000,\"height\":2000,\"caption\":\"Pendant 2\"},{\"@type\":\"BreadcrumbList\",\"@id\":\"https:\\\/\\\/www.purejewels.com\\\/product\\\/vinyasa-peacock-pendant-in-yellow-gold\\\/#breadcrumb\",\"itemListElement\":[{\"@type\":\"ListItem\",\"position\":1,\"name\":\"Home\",\"item\":\"https:\\\/\\\/www.purejewels.com\\\/\"},{\"@type\":\"ListItem\",\"position\":2,\"name\":\"Shop\",\"item\":\"https:\\\/\\\/www.purejewels.com\\\/shop\\\/\"},{\"@type\":\"ListItem\",\"position\":3,\"name\":\"Vinyasa Peacock Pendant in Yellow Gold\"}]},{\"@type\":\"WebSite\",\"@id\":\"https:\\\/\\\/www.purejewels.com\\\/#website\",\"url\":\"https:\\\/\\\/www.purejewels.com\\\/\",\"name\":\"PureJewels UK\",\"description\":\"Share the Love\",\"publisher\":{\"@id\":\"https:\\\/\\\/www.purejewels.com\\\/#organization\"},\"potentialAction\":[{\"@type\":\"SearchAction\",\"target\":{\"@type\":\"EntryPoint\",\"urlTemplate\":\"https:\\\/\\\/www.purejewels.com\\\/?s={search_term_string}\"},\"query-input\":{\"@type\":\"PropertyValueSpecification\",\"valueRequired\":true,\"valueName\":\"search_term_string\"}}],\"inLanguage\":\"tr\"},{\"@type\":\"Organization\",\"@id\":\"https:\\\/\\\/www.purejewels.com\\\/#organization\",\"name\":\"PureJewels UK\",\"url\":\"https:\\\/\\\/www.purejewels.com\\\/\",\"logo\":{\"@type\":\"ImageObject\",\"inLanguage\":\"tr\",\"@id\":\"https:\\\/\\\/www.purejewels.com\\\/#\\\/schema\\\/logo\\\/image\\\/\",\"url\":\"https:\\\/\\\/static.purejewels.com\\\/wp-content\\\/uploads\\\/2020\\\/11\\\/Logo-PJ-New-1.png\",\"contentUrl\":\"https:\\\/\\\/static.purejewels.com\\\/wp-content\\\/uploads\\\/2020\\\/11\\\/Logo-PJ-New-1.png\",\"width\":150,\"height\":80,\"caption\":\"PureJewels UK\"},\"image\":{\"@id\":\"https:\\\/\\\/www.purejewels.com\\\/#\\\/schema\\\/logo\\\/image\\\/\"}}]}<\/script>\n<!-- \/ Yoast SEO plugin. -->","yoast_head_json":{"title":"Sar\u0131 Alt\u0131n Vinyasa Tavus Ku\u015fu Kolye Ucu.","robots":{"index":"index","follow":"follow","max-snippet":"max-snippet:-1","max-image-preview":"max-image-preview:large","max-video-preview":"max-video-preview:-1"},"canonical":"https:\/\/www.purejewels.com\/tr\/urun\/vinyasa-tavus-kusu-kolye-ucu-sari-altin\/","og_locale":"tr_TR","og_type":"article","og_title":"Vinyasa Peacock Pendant in Yellow Gold.","og_description":"Walk in light. \u00a0The Vinyasa Peacock pendant is a modest beauty, with a twinkling eye to suit your personality. \u00a0To compliment the stones we've chosen natural white gold, yellow gold, and rose gold, giving the pendant a completely different look in every incarnation. \u00a0Whatever your favourite, it makes a striking statement piece.   18ct Gold Peacock Pendant  Chain not included.  All prices include VAT  18ct Gold\u00a0Hallmarked by London Assay Office  Comes With Presentation Box  Delivery Included  Live chat with us for availability and more images of similar designs currently in stock","og_url":"https:\/\/www.purejewels.com\/tr\/urun\/vinyasa-tavus-kusu-kolye-ucu-sari-altin\/","og_site_name":"PureJewels UK","article_modified_time":"2024-09-12T07:08:15+00:00","og_image":[{"width":2000,"height":2000,"url":"https:\/\/www.purejewels.com\/wp-content\/uploads\/2018\/02\/Pendant-2-1.png","type":"image\/png"}],"twitter_card":"summary_large_image","schema":{"@context":"https:\/\/schema.org","@graph":[{"@type":["WebPage","ItemPage"],"@id":"https:\/\/www.purejewels.com\/product\/vinyasa-peacock-pendant-in-yellow-gold\/","url":"https:\/\/www.purejewels.com\/product\/vinyasa-peacock-pendant-in-yellow-gold\/","name":"Sar\u0131 Alt\u0131n Vinyasa Tavus Ku\u015fu Kolye Ucu.","isPartOf":{"@id":"https:\/\/www.purejewels.com\/#website"},"primaryImageOfPage":{"@id":"https:\/\/www.purejewels.com\/product\/vinyasa-peacock-pendant-in-yellow-gold\/#primaryimage"},"image":{"@id":"https:\/\/www.purejewels.com\/product\/vinyasa-peacock-pendant-in-yellow-gold\/#primaryimage"},"thumbnailUrl":"https:\/\/static.purejewels.com\/wp-content\/uploads\/2018\/02\/Pendant-2-1.png","datePublished":"2018-06-25T14:00:15+00:00","dateModified":"2024-09-12T07:08:15+00:00","breadcrumb":{"@id":"https:\/\/www.purejewels.com\/product\/vinyasa-peacock-pendant-in-yellow-gold\/#breadcrumb"},"inLanguage":"tr","potentialAction":[{"@type":"ReadAction","target":["https:\/\/www.purejewels.com\/product\/vinyasa-peacock-pendant-in-yellow-gold\/"]}]},{"@type":"ImageObject","inLanguage":"tr","@id":"https:\/\/www.purejewels.com\/product\/vinyasa-peacock-pendant-in-yellow-gold\/#primaryimage","url":"https:\/\/static.purejewels.com\/wp-content\/uploads\/2018\/02\/Pendant-2-1.png","contentUrl":"https:\/\/static.purejewels.com\/wp-content\/uploads\/2018\/02\/Pendant-2-1.png","width":2000,"height":2000,"caption":"Pendant 2"},{"@type":"BreadcrumbList","@id":"https:\/\/www.purejewels.com\/product\/vinyasa-peacock-pendant-in-yellow-gold\/#breadcrumb","itemListElement":[{"@type":"ListItem","position":1,"name":"Home","item":"https:\/\/www.purejewels.com\/"},{"@type":"ListItem","position":2,"name":"Shop","item":"https:\/\/www.purejewels.com\/shop\/"},{"@type":"ListItem","position":3,"name":"Vinyasa Peacock Pendant in Yellow Gold"}]},{"@type":"WebSite","@id":"https:\/\/www.purejewels.com\/#website","url":"https:\/\/www.purejewels.com\/","name":"PureJewels \u0130ngiltere","description":"Sevgiyi Payla\u015f\u0131n","publisher":{"@id":"https:\/\/www.purejewels.com\/#organization"},"potentialAction":[{"@type":"SearchAction","target":{"@type":"EntryPoint","urlTemplate":"https:\/\/www.purejewels.com\/?s={search_term_string}"},"query-input":{"@type":"PropertyValueSpecification","valueRequired":true,"valueName":"search_term_string"}}],"inLanguage":"tr"},{"@type":"Organization","@id":"https:\/\/www.purejewels.com\/#organization","name":"PureJewels \u0130ngiltere","url":"https:\/\/www.purejewels.com\/","logo":{"@type":"ImageObject","inLanguage":"tr","@id":"https:\/\/www.purejewels.com\/#\/schema\/logo\/image\/","url":"https:\/\/static.purejewels.com\/wp-content\/uploads\/2020\/11\/Logo-PJ-New-1.png","contentUrl":"https:\/\/static.purejewels.com\/wp-content\/uploads\/2020\/11\/Logo-PJ-New-1.png","width":150,"height":80,"caption":"PureJewels UK"},"image":{"@id":"https:\/\/www.purejewels.com\/#\/schema\/logo\/image\/"}}]}},"_links":{"self":[{"href":"https:\/\/www.purejewels.com\/tr\/wp-json\/wp\/v2\/product\/301279","targetHints":{"allow":["GET"]}}],"collection":[{"href":"https:\/\/www.purejewels.com\/tr\/wp-json\/wp\/v2\/product"}],"about":[{"href":"https:\/\/www.purejewels.com\/tr\/wp-json\/wp\/v2\/types\/product"}],"replies":[{"embeddable":true,"href":"https:\/\/www.purejewels.com\/tr\/wp-json\/wp\/v2\/comments?post=301279"}],"version-history":[{"count":1,"href":"https:\/\/www.purejewels.com\/tr\/wp-json\/wp\/v2\/product\/301279\/revisions"}],"predecessor-version":[{"id":371778,"href":"https:\/\/www.purejewels.com\/tr\/wp-json\/wp\/v2\/product\/301279\/revisions\/371778"}],"wp:featuredmedia":[{"embeddable":true,"href":"https:\/\/www.purejewels.com\/tr\/wp-json\/wp\/v2\/media\/301215"}],"wp:attachment":[{"href":"https:\/\/www.purejewels.com\/tr\/wp-json\/wp\/v2\/media?parent=301279"}],"wp:term":[{"taxonomy":"product_brand","embeddable":true,"href":"https:\/\/www.purejewels.com\/tr\/wp-json\/wp\/v2\/product_brand?post=301279"},{"taxonomy":"product_cat","embeddable":true,"href":"https:\/\/www.purejewels.com\/tr\/wp-json\/wp\/v2\/product_cat?post=301279"},{"taxonomy":"product_tag","embeddable":true,"href":"https:\/\/www.purejewels.com\/tr\/wp-json\/wp\/v2\/product_tag?post=301279"}],"curies":[{"name":"wp","href":"https:\/\/api.w.org\/{rel}","templated":true}]}}