{"id":302467,"date":"2018-08-02T18:29:29","date_gmt":"2018-08-02T17:29:29","guid":{"rendered":"https:\/\/www.purejewels.com\/?post_type=product&#038;p=302467"},"modified":"2026-01-06T09:51:04","modified_gmt":"2026-01-06T09:51:04","slug":"22-ayar-altin-bebek-bilekligi-27208","status":"publish","type":"product","link":"https:\/\/www.purejewels.com\/tr\/product\/22ct-gold-baby-bracelet-27208\/","title":{"rendered":"Siyah Boncuklu 22 Ayar Alt\u0131n Bebek Bilezi\u011fi"},"content":{"rendered":"<p><strong>Tasar\u0131m<\/strong><\/p>\n<p>Bu g\u00fczel dengeli bileklik, siyah boncuklar ve g\u00f6z al\u0131c\u0131 dokulu alt\u0131n toplar\u0131n s\u0131rayla dizilmesiyle dikkat \u00e7ekiyor. Her alt\u0131n boncuk \u00fczerindeki spiral oluklar, derinlik ve \u0131\u015f\u0131lt\u0131l\u0131 bir \u00e7ekicilik katarak, bebekler i\u00e7in m\u00fckemmel olan l\u00fcks ve \u00e7ekici bir g\u00f6r\u00fcn\u00fcm yarat\u0131yor.<\/p>\n<p><strong>Zanaatkarl\u0131k<\/strong><\/p>\n<p>22 ayar alt\u0131nla ustal\u0131kla el yap\u0131m\u0131 olan bu bileklik, g\u00fcvenlik, rahatl\u0131k ve kal\u0131c\u0131 g\u00fczelli\u011fi sa\u011flamak i\u00e7in en y\u00fcksek hassasiyetle \u00fcretilmi\u015ftir. Ba\u011flant\u0131lar\u0131 p\u00fcr\u00fczs\u00fcz ve esnektir, hassas bileklere tahri\u015f etmeden nazik\u00e7e oturur.<\/p>\n<p><strong>Stil<\/strong><\/p>\n<p>K\u00fclt\u00fcrel miras\u0131 modern zarafetle harmanlayan bu par\u00e7a, yeni do\u011fanlar ve k\u00fc\u00e7\u00fck \u00e7ocuklar i\u00e7in idealdir. Geleneksel olarak nazardan korudu\u011funa inan\u0131lan siyah boncuklar, s\u00fcsl\u00fc alt\u0131n detaylarla bir araya getirilerek hem anlaml\u0131 hem de modaya uygun bir hediye olu\u015fturur.<\/p>","protected":false},"excerpt":{"rendered":"<p>Siyah boncuklar ve karma\u015f\u0131k dokulu alt\u0131n toplar\u0131n s\u0131rayla dizildi\u011fi zarif 22 ayar alt\u0131n bebek bilezi\u011fi. Rahatl\u0131k, koruma ve stil i\u00e7in tasarlanm\u0131\u015ft\u0131r.<\/p>\n<ul>\n<li>Yeni do\u011fan bebek i\u00e7in 22 ayar alt\u0131n mania m\u00fccevher bileklik.<\/li>\n<li>\u00c7ocuklar, \u00c7ocuklar, \u00c7ocuk, Bebek, Yeni Do\u011fan i\u00e7in uygundur.<\/li>\n<li>22 ayar damgal\u0131 \u00e7ocuk alt\u0131n tak\u0131lar\u0131.<\/li>\n<li>\u00a0Uzunluk : 5 \u0130n\u00e7<\/li>\n<li>A\u011f\u0131rl\u0131k :2.4grms<\/li>\n<li>SKU 27208<\/li>\n<li>T\u00fcm fiyatlara KDV dahildir<\/li>\n<li>Londra Tahlil Ofisi Taraf\u0131ndan Damgalanm\u0131\u015f 22 Ayar Alt\u0131n<\/li>\n<li>Sunum Kutusu ile Birlikte Gelir<\/li>\n<li>Teslimat Dahil<\/li>\n<li>Stok durumu ve stokta bulunan benzer tasar\u0131mlar\u0131n daha fazla g\u00f6r\u00fcnt\u00fcs\u00fc i\u00e7in bizimle canl\u0131 sohbet edin<\/li>\n<\/ul>","protected":false},"featured_media":327608,"comment_status":"closed","ping_status":"closed","template":"","meta":{"_eb_attr":"","_crsspst_to_jayantr4sg-hostcom":true},"product_brand":[],"product_cat":[1576,1324,1436],"product_tag":[],"class_list":{"0":"post-302467","1":"product","2":"type-product","3":"status-publish","4":"has-post-thumbnail","6":"product_cat-childrens-jewellery","7":"product_cat-gold-bracelet","8":"product_cat-kids-bracelet-kada","10":"first","11":"outofstock","12":"taxable","13":"shipping-taxable","14":"product-type-simple","15":"add-to-wishlist-before_image"},"yoast_head":"<!-- This site is optimized with the Yoast SEO plugin v27.3 - https:\/\/yoast.com\/product\/yoast-seo-wordpress\/ -->\n<title>22ct Gold Baby Bracelet with Black Beads &amp; Textured Gold Balls<\/title>\n<meta name=\"description\" content=\"Premium 22ct gold bracelet for babies with glossy black beads and textured gold balls. Ideal for newborns with cultural charm and everyday elegance.\" \/>\n<meta name=\"robots\" content=\"index, follow, max-snippet:-1, max-image-preview:large, max-video-preview:-1\" \/>\n<link rel=\"canonical\" href=\"https:\/\/www.purejewels.com\/tr\/urun\/22-ayar-altin-bebek-bilekligi-27208\/\" \/>\n<meta property=\"og:locale\" content=\"tr_TR\" \/>\n<meta property=\"og:type\" content=\"article\" \/>\n<meta property=\"og:title\" content=\"22ct Gold Baby Bracelet with Black Beads &amp; Textured Gold Balls\" \/>\n<meta property=\"og:description\" content=\"Premium 22ct gold bracelet for babies with glossy black beads and textured gold balls. Ideal for newborns with cultural charm and everyday elegance.\" \/>\n<meta property=\"og:url\" content=\"https:\/\/www.purejewels.com\/tr\/urun\/22-ayar-altin-bebek-bilekligi-27208\/\" \/>\n<meta property=\"og:site_name\" content=\"PureJewels UK\" \/>\n<meta property=\"article:modified_time\" content=\"2026-01-06T09:51:04+00:00\" \/>\n<meta property=\"og:image\" content=\"https:\/\/static.purejewels.com\/wp-content\/uploads\/2018\/08\/27208-1.jpg\" \/>\n\t<meta property=\"og:image:width\" content=\"1000\" \/>\n\t<meta property=\"og:image:height\" content=\"1000\" \/>\n\t<meta property=\"og:image:type\" content=\"image\/jpeg\" \/>\n<meta name=\"twitter:card\" content=\"summary_large_image\" \/>\n<meta name=\"twitter:label1\" content=\"Tahmini okuma s\u00fcresi\" \/>\n\t<meta name=\"twitter:data1\" content=\"1 dakika\" \/>\n<script type=\"application\/ld+json\" class=\"yoast-schema-graph\">{\"@context\":\"https:\\\/\\\/schema.org\",\"@graph\":[{\"@type\":[\"WebPage\",\"ItemPage\"],\"@id\":\"https:\\\/\\\/www.purejewels.com\\\/product\\\/22ct-gold-baby-bracelet-27208\\\/\",\"url\":\"https:\\\/\\\/www.purejewels.com\\\/product\\\/22ct-gold-baby-bracelet-27208\\\/\",\"name\":\"22ct Gold Baby Bracelet with Black Beads & Textured Gold Balls\",\"isPartOf\":{\"@id\":\"https:\\\/\\\/www.purejewels.com\\\/#website\"},\"primaryImageOfPage\":{\"@id\":\"https:\\\/\\\/www.purejewels.com\\\/product\\\/22ct-gold-baby-bracelet-27208\\\/#primaryimage\"},\"image\":{\"@id\":\"https:\\\/\\\/www.purejewels.com\\\/product\\\/22ct-gold-baby-bracelet-27208\\\/#primaryimage\"},\"thumbnailUrl\":\"https:\\\/\\\/static.purejewels.com\\\/wp-content\\\/uploads\\\/2018\\\/08\\\/27208-1.jpg\",\"datePublished\":\"2018-08-02T17:29:29+00:00\",\"dateModified\":\"2026-01-06T09:51:04+00:00\",\"description\":\"Premium 22ct gold bracelet for babies with glossy black beads and textured gold balls. Ideal for newborns with cultural charm and everyday elegance.\",\"breadcrumb\":{\"@id\":\"https:\\\/\\\/www.purejewels.com\\\/product\\\/22ct-gold-baby-bracelet-27208\\\/#breadcrumb\"},\"inLanguage\":\"tr\",\"potentialAction\":[{\"@type\":\"ReadAction\",\"target\":[\"https:\\\/\\\/www.purejewels.com\\\/product\\\/22ct-gold-baby-bracelet-27208\\\/\"]}]},{\"@type\":\"ImageObject\",\"inLanguage\":\"tr\",\"@id\":\"https:\\\/\\\/www.purejewels.com\\\/product\\\/22ct-gold-baby-bracelet-27208\\\/#primaryimage\",\"url\":\"https:\\\/\\\/static.purejewels.com\\\/wp-content\\\/uploads\\\/2018\\\/08\\\/27208-1.jpg\",\"contentUrl\":\"https:\\\/\\\/static.purejewels.com\\\/wp-content\\\/uploads\\\/2018\\\/08\\\/27208-1.jpg\",\"width\":1000,\"height\":1000,\"caption\":\"22ct Gold Baby Bracelet 27208-1\"},{\"@type\":\"BreadcrumbList\",\"@id\":\"https:\\\/\\\/www.purejewels.com\\\/product\\\/22ct-gold-baby-bracelet-27208\\\/#breadcrumb\",\"itemListElement\":[{\"@type\":\"ListItem\",\"position\":1,\"name\":\"Home\",\"item\":\"https:\\\/\\\/www.purejewels.com\\\/\"},{\"@type\":\"ListItem\",\"position\":2,\"name\":\"Shop\",\"item\":\"https:\\\/\\\/www.purejewels.com\\\/shop\\\/\"},{\"@type\":\"ListItem\",\"position\":3,\"name\":\"22ct Gold Baby Bracelet with Black Beads\"}]},{\"@type\":\"WebSite\",\"@id\":\"https:\\\/\\\/www.purejewels.com\\\/#website\",\"url\":\"https:\\\/\\\/www.purejewels.com\\\/\",\"name\":\"PureJewels UK\",\"description\":\"Share the Love\",\"publisher\":{\"@id\":\"https:\\\/\\\/www.purejewels.com\\\/#organization\"},\"potentialAction\":[{\"@type\":\"SearchAction\",\"target\":{\"@type\":\"EntryPoint\",\"urlTemplate\":\"https:\\\/\\\/www.purejewels.com\\\/?s={search_term_string}\"},\"query-input\":{\"@type\":\"PropertyValueSpecification\",\"valueRequired\":true,\"valueName\":\"search_term_string\"}}],\"inLanguage\":\"tr\"},{\"@type\":\"Organization\",\"@id\":\"https:\\\/\\\/www.purejewels.com\\\/#organization\",\"name\":\"PureJewels UK\",\"url\":\"https:\\\/\\\/www.purejewels.com\\\/\",\"logo\":{\"@type\":\"ImageObject\",\"inLanguage\":\"tr\",\"@id\":\"https:\\\/\\\/www.purejewels.com\\\/#\\\/schema\\\/logo\\\/image\\\/\",\"url\":\"https:\\\/\\\/static.purejewels.com\\\/wp-content\\\/uploads\\\/2020\\\/11\\\/Logo-PJ-New-1.png\",\"contentUrl\":\"https:\\\/\\\/static.purejewels.com\\\/wp-content\\\/uploads\\\/2020\\\/11\\\/Logo-PJ-New-1.png\",\"width\":150,\"height\":80,\"caption\":\"PureJewels UK\"},\"image\":{\"@id\":\"https:\\\/\\\/www.purejewels.com\\\/#\\\/schema\\\/logo\\\/image\\\/\"}}]}<\/script>\n<!-- \/ Yoast SEO plugin. -->","yoast_head_json":{"title":"Siyah Boncuklu ve Dokulu Alt\u0131n Toplu 22 Ayar Alt\u0131n Bebek Bilezi\u011fi","description":"Parlak siyah boncuklar ve dokulu alt\u0131n toplarla s\u00fcslenmi\u015f, bebekler i\u00e7in \u00f6zel olarak tasarlanm\u0131\u015f 22 ayar alt\u0131n bilezik. K\u00fclt\u00fcrel cazibe ve g\u00fcnl\u00fck \u015f\u0131kl\u0131kla yeni do\u011fanlar i\u00e7in ideal.","robots":{"index":"index","follow":"follow","max-snippet":"max-snippet:-1","max-image-preview":"max-image-preview:large","max-video-preview":"max-video-preview:-1"},"canonical":"https:\/\/www.purejewels.com\/tr\/urun\/22-ayar-altin-bebek-bilekligi-27208\/","og_locale":"tr_TR","og_type":"article","og_title":"22ct Gold Baby Bracelet with Black Beads & Textured Gold Balls","og_description":"Premium 22ct gold bracelet for babies with glossy black beads and textured gold balls. Ideal for newborns with cultural charm and everyday elegance.","og_url":"https:\/\/www.purejewels.com\/tr\/urun\/22-ayar-altin-bebek-bilekligi-27208\/","og_site_name":"PureJewels UK","article_modified_time":"2026-01-06T09:51:04+00:00","og_image":[{"width":1000,"height":1000,"url":"https:\/\/static.purejewels.com\/wp-content\/uploads\/2018\/08\/27208-1.jpg","type":"image\/jpeg"}],"twitter_card":"summary_large_image","twitter_misc":{"Tahmini okuma s\u00fcresi":"1 dakika"},"schema":{"@context":"https:\/\/schema.org","@graph":[{"@type":["WebPage","ItemPage"],"@id":"https:\/\/www.purejewels.com\/product\/22ct-gold-baby-bracelet-27208\/","url":"https:\/\/www.purejewels.com\/product\/22ct-gold-baby-bracelet-27208\/","name":"Siyah Boncuklu ve Dokulu Alt\u0131n Toplu 22 Ayar Alt\u0131n Bebek Bilezi\u011fi","isPartOf":{"@id":"https:\/\/www.purejewels.com\/#website"},"primaryImageOfPage":{"@id":"https:\/\/www.purejewels.com\/product\/22ct-gold-baby-bracelet-27208\/#primaryimage"},"image":{"@id":"https:\/\/www.purejewels.com\/product\/22ct-gold-baby-bracelet-27208\/#primaryimage"},"thumbnailUrl":"https:\/\/static.purejewels.com\/wp-content\/uploads\/2018\/08\/27208-1.jpg","datePublished":"2018-08-02T17:29:29+00:00","dateModified":"2026-01-06T09:51:04+00:00","description":"Parlak siyah boncuklar ve dokulu alt\u0131n toplarla s\u00fcslenmi\u015f, bebekler i\u00e7in \u00f6zel olarak tasarlanm\u0131\u015f 22 ayar alt\u0131n bilezik. K\u00fclt\u00fcrel cazibe ve g\u00fcnl\u00fck \u015f\u0131kl\u0131kla yeni do\u011fanlar i\u00e7in ideal.","breadcrumb":{"@id":"https:\/\/www.purejewels.com\/product\/22ct-gold-baby-bracelet-27208\/#breadcrumb"},"inLanguage":"tr","potentialAction":[{"@type":"ReadAction","target":["https:\/\/www.purejewels.com\/product\/22ct-gold-baby-bracelet-27208\/"]}]},{"@type":"ImageObject","inLanguage":"tr","@id":"https:\/\/www.purejewels.com\/product\/22ct-gold-baby-bracelet-27208\/#primaryimage","url":"https:\/\/static.purejewels.com\/wp-content\/uploads\/2018\/08\/27208-1.jpg","contentUrl":"https:\/\/static.purejewels.com\/wp-content\/uploads\/2018\/08\/27208-1.jpg","width":1000,"height":1000,"caption":"22ct Gold Baby Bracelet 27208-1"},{"@type":"BreadcrumbList","@id":"https:\/\/www.purejewels.com\/product\/22ct-gold-baby-bracelet-27208\/#breadcrumb","itemListElement":[{"@type":"ListItem","position":1,"name":"Home","item":"https:\/\/www.purejewels.com\/"},{"@type":"ListItem","position":2,"name":"Shop","item":"https:\/\/www.purejewels.com\/shop\/"},{"@type":"ListItem","position":3,"name":"22ct Gold Baby Bracelet with Black Beads"}]},{"@type":"WebSite","@id":"https:\/\/www.purejewels.com\/#website","url":"https:\/\/www.purejewels.com\/","name":"PureJewels \u0130ngiltere","description":"Sevgiyi Payla\u015f\u0131n","publisher":{"@id":"https:\/\/www.purejewels.com\/#organization"},"potentialAction":[{"@type":"SearchAction","target":{"@type":"EntryPoint","urlTemplate":"https:\/\/www.purejewels.com\/?s={search_term_string}"},"query-input":{"@type":"PropertyValueSpecification","valueRequired":true,"valueName":"search_term_string"}}],"inLanguage":"tr"},{"@type":"Organization","@id":"https:\/\/www.purejewels.com\/#organization","name":"PureJewels \u0130ngiltere","url":"https:\/\/www.purejewels.com\/","logo":{"@type":"ImageObject","inLanguage":"tr","@id":"https:\/\/www.purejewels.com\/#\/schema\/logo\/image\/","url":"https:\/\/static.purejewels.com\/wp-content\/uploads\/2020\/11\/Logo-PJ-New-1.png","contentUrl":"https:\/\/static.purejewels.com\/wp-content\/uploads\/2020\/11\/Logo-PJ-New-1.png","width":150,"height":80,"caption":"PureJewels UK"},"image":{"@id":"https:\/\/www.purejewels.com\/#\/schema\/logo\/image\/"}}]}},"_links":{"self":[{"href":"https:\/\/www.purejewels.com\/tr\/wp-json\/wp\/v2\/product\/302467","targetHints":{"allow":["GET"]}}],"collection":[{"href":"https:\/\/www.purejewels.com\/tr\/wp-json\/wp\/v2\/product"}],"about":[{"href":"https:\/\/www.purejewels.com\/tr\/wp-json\/wp\/v2\/types\/product"}],"replies":[{"embeddable":true,"href":"https:\/\/www.purejewels.com\/tr\/wp-json\/wp\/v2\/comments?post=302467"}],"version-history":[{"count":3,"href":"https:\/\/www.purejewels.com\/tr\/wp-json\/wp\/v2\/product\/302467\/revisions"}],"predecessor-version":[{"id":423456,"href":"https:\/\/www.purejewels.com\/tr\/wp-json\/wp\/v2\/product\/302467\/revisions\/423456"}],"wp:featuredmedia":[{"embeddable":true,"href":"https:\/\/www.purejewels.com\/tr\/wp-json\/wp\/v2\/media\/327608"}],"wp:attachment":[{"href":"https:\/\/www.purejewels.com\/tr\/wp-json\/wp\/v2\/media?parent=302467"}],"wp:term":[{"taxonomy":"product_brand","embeddable":true,"href":"https:\/\/www.purejewels.com\/tr\/wp-json\/wp\/v2\/product_brand?post=302467"},{"taxonomy":"product_cat","embeddable":true,"href":"https:\/\/www.purejewels.com\/tr\/wp-json\/wp\/v2\/product_cat?post=302467"},{"taxonomy":"product_tag","embeddable":true,"href":"https:\/\/www.purejewels.com\/tr\/wp-json\/wp\/v2\/product_tag?post=302467"}],"curies":[{"name":"wp","href":"https:\/\/api.w.org\/{rel}","templated":true}]}}