{"id":302562,"date":"2018-08-10T05:39:52","date_gmt":"2018-08-10T04:39:52","guid":{"rendered":"https:\/\/www.purejewels.com\/?post_type=product&#038;p=302562"},"modified":"2026-01-06T11:12:44","modified_gmt":"2026-01-06T11:12:44","slug":"22-ayar-altin-bayan-cz-yuzuk-8","status":"publish","type":"product","link":"https:\/\/www.purejewels.com\/tr\/product\/22ct-gold-ladies-cz-ring-8\/","title":{"rendered":"CZ Ta\u015fl\u0131 22 Ayar Hint Alt\u0131n\u0131 Ni\u015fan Y\u00fcz\u00fc\u011f\u00fc"},"content":{"rendered":"<p>Bu zarif 22 ayar Hint Alt\u0131n\u0131 K\u00fcbik Zirkon Ta\u015fl\u0131 Ni\u015fan Y\u00fcz\u00fc\u011f\u00fc, zarafet ve l\u00fcks\u00fc yans\u0131tan \u00e7arp\u0131c\u0131 bir par\u00e7ad\u0131r. Hassasiyet ve detaylara g\u00f6sterilen \u00f6zenle haz\u0131rlanan bu y\u00fcz\u00fck, zamans\u0131z ve sofistike bir m\u00fccevher par\u00e7as\u0131 arayanlar i\u00e7in m\u00fckemmel bir se\u00e7imdir. Y\u00fcz\u00fck, \u0131\u015f\u0131l \u0131\u015f\u0131l parlayan ve her k\u0131yafete cazibe katan g\u00fczel bir CZ ta\u015f\u0131na sahiptir.<\/p>\n<p>22 ayar alt\u0131ndan \u00fcretilen bu y\u00fcz\u00fck sadece g\u00fczel de\u011fil ayn\u0131 zamanda dayan\u0131kl\u0131 ve uzun \u00f6m\u00fcrl\u00fcd\u00fcr. Y\u00fcz\u00fck 4,9 gram a\u011f\u0131rl\u0131\u011f\u0131ndad\u0131r ve P beden olarak mevcuttur, ancak parma\u011f\u0131n\u0131za m\u00fckemmel \u015fekilde uymas\u0131 i\u00e7in sipari\u015f \u00fczerine yap\u0131labilir. \u00dcr\u00fcnlerimizin her biri Londra Assay Ofisi taraf\u0131ndan damgalanarak orijinalli\u011fi ve kalitesi garanti alt\u0131na al\u0131nm\u0131\u015ft\u0131r.<\/p>\n<p>\u0130ster m\u00fckemmel bir ni\u015fan y\u00fcz\u00fc\u011f\u00fc ister sevdi\u011finiz biri i\u00e7in \u00f6zel bir hediye ar\u0131yor olun, bu 22 ayar Hint Alt\u0131n\u0131 Ni\u015fan Y\u00fcz\u00fc\u011f\u00fcn\u00fcn sizi etkileyece\u011finden emin olabilirsiniz.  Bu \u00e7arp\u0131c\u0131 m\u00fccevher par\u00e7as\u0131n\u0131 ka\u00e7\u0131rmay\u0131n - bug\u00fcn sipari\u015finizi verin!<\/p>","protected":false},"excerpt":{"rendered":"<ul>\n<li>22 Ayar Hint Alt\u0131n\u0131 Ni\u015fan Y\u00fcz\u00fc\u011f\u00fc<\/li>\n<li>K\u00fcbik Zirkon Ta\u015fl\u0131<\/li>\n<li>Y\u00fcz\u00fck a\u011f\u0131rl\u0131\u011f\u0131 4,9 g<\/li>\n<li>Boyut. P<\/li>\n<li>Parmak \u00f6l\u00e7\u00fcn\u00fcze g\u00f6re sipari\u015f edilebilir<\/li>\n<li>SKU. 27697<\/li>\n<li>T\u00fcm \u00fcr\u00fcnlerimiz London Assay Office taraf\u0131ndan damgalanm\u0131\u015ft\u0131r<\/li>\n<li>Sunum Kutusu ile Birlikte Gelir<\/li>\n<li>Teslimat Dahil<\/li>\n<li>T\u00fcm fiyatlara KDV dahildir<\/li>\n<li>Stok durumu ve stokta bulunan benzer tasar\u0131mlar\u0131n daha fazla g\u00f6r\u00fcnt\u00fcs\u00fc i\u00e7in bizimle canl\u0131 sohbet edin<\/li>\n<\/ul>","protected":false},"featured_media":315643,"comment_status":"closed","ping_status":"closed","template":"","meta":{"_eb_attr":"","_crsspst_to_jayantr4sg-hostcom":false},"product_brand":[],"product_cat":[1229,1235],"product_tag":[],"class_list":{"0":"post-302562","1":"product","2":"type-product","3":"status-publish","4":"has-post-thumbnail","6":"product_cat-22ct-gold-jewellery","7":"product_cat-gold-rings","9":"first","10":"outofstock","11":"taxable","12":"shipping-taxable","13":"product-type-simple","14":"add-to-wishlist-before_image"},"yoast_head":"<!-- This site is optimized with the Yoast SEO plugin v27.3 - https:\/\/yoast.com\/product\/yoast-seo-wordpress\/ -->\n<title>22ct Indian Gold Engagement Ring With CZ Stone | PureJewels UK<\/title>\n<meta name=\"description\" content=\"Make your engagement unforgettable with our 22ct Indian Gold Engagement Ring, adorned with sparkling Cubic Zirconia stones.\" \/>\n<meta name=\"robots\" content=\"index, follow, max-snippet:-1, max-image-preview:large, max-video-preview:-1\" \/>\n<link rel=\"canonical\" href=\"https:\/\/www.purejewels.com\/tr\/urun\/22-ayar-altin-bayan-cz-yuzuk-8\/\" \/>\n<meta property=\"og:locale\" content=\"tr_TR\" \/>\n<meta property=\"og:type\" content=\"article\" \/>\n<meta property=\"og:title\" content=\"22ct Indian Gold Engagement Ring With CZ Stone | PureJewels UK\" \/>\n<meta property=\"og:description\" content=\"Make your engagement unforgettable with our 22ct Indian Gold Engagement Ring, adorned with sparkling Cubic Zirconia stones.\" \/>\n<meta property=\"og:url\" content=\"https:\/\/www.purejewels.com\/tr\/urun\/22-ayar-altin-bayan-cz-yuzuk-8\/\" \/>\n<meta property=\"og:site_name\" content=\"PureJewels UK\" \/>\n<meta property=\"article:modified_time\" content=\"2026-01-06T11:12:44+00:00\" \/>\n<meta property=\"og:image\" content=\"https:\/\/www.purejewels.com\/wp-content\/uploads\/2020\/07\/175586603.jpg\" \/>\n\t<meta property=\"og:image:width\" content=\"1000\" \/>\n\t<meta property=\"og:image:height\" content=\"1000\" \/>\n\t<meta property=\"og:image:type\" content=\"image\/jpeg\" \/>\n<meta name=\"twitter:card\" content=\"summary_large_image\" \/>\n<meta name=\"twitter:label1\" content=\"Tahmini okuma s\u00fcresi\" \/>\n\t<meta name=\"twitter:data1\" content=\"1 dakika\" \/>\n<script type=\"application\/ld+json\" class=\"yoast-schema-graph\">{\"@context\":\"https:\\\/\\\/schema.org\",\"@graph\":[{\"@type\":[\"WebPage\",\"ItemPage\"],\"@id\":\"https:\\\/\\\/www.purejewels.com\\\/product\\\/22ct-gold-ladies-cz-ring-8\\\/\",\"url\":\"https:\\\/\\\/www.purejewels.com\\\/product\\\/22ct-gold-ladies-cz-ring-8\\\/\",\"name\":\"22ct Indian Gold Engagement Ring With CZ Stone | PureJewels UK\",\"isPartOf\":{\"@id\":\"https:\\\/\\\/www.purejewels.com\\\/#website\"},\"primaryImageOfPage\":{\"@id\":\"https:\\\/\\\/www.purejewels.com\\\/product\\\/22ct-gold-ladies-cz-ring-8\\\/#primaryimage\"},\"image\":{\"@id\":\"https:\\\/\\\/www.purejewels.com\\\/product\\\/22ct-gold-ladies-cz-ring-8\\\/#primaryimage\"},\"thumbnailUrl\":\"https:\\\/\\\/static.purejewels.com\\\/wp-content\\\/uploads\\\/2020\\\/07\\\/175586603.jpg\",\"datePublished\":\"2018-08-10T04:39:52+00:00\",\"dateModified\":\"2026-01-06T11:12:44+00:00\",\"description\":\"Make your engagement unforgettable with our 22ct Indian Gold Engagement Ring, adorned with sparkling Cubic Zirconia stones.\",\"breadcrumb\":{\"@id\":\"https:\\\/\\\/www.purejewels.com\\\/product\\\/22ct-gold-ladies-cz-ring-8\\\/#breadcrumb\"},\"inLanguage\":\"tr\",\"potentialAction\":[{\"@type\":\"ReadAction\",\"target\":[\"https:\\\/\\\/www.purejewels.com\\\/product\\\/22ct-gold-ladies-cz-ring-8\\\/\"]}]},{\"@type\":\"ImageObject\",\"inLanguage\":\"tr\",\"@id\":\"https:\\\/\\\/www.purejewels.com\\\/product\\\/22ct-gold-ladies-cz-ring-8\\\/#primaryimage\",\"url\":\"https:\\\/\\\/static.purejewels.com\\\/wp-content\\\/uploads\\\/2020\\\/07\\\/175586603.jpg\",\"contentUrl\":\"https:\\\/\\\/static.purejewels.com\\\/wp-content\\\/uploads\\\/2020\\\/07\\\/175586603.jpg\",\"width\":1000,\"height\":1000},{\"@type\":\"BreadcrumbList\",\"@id\":\"https:\\\/\\\/www.purejewels.com\\\/product\\\/22ct-gold-ladies-cz-ring-8\\\/#breadcrumb\",\"itemListElement\":[{\"@type\":\"ListItem\",\"position\":1,\"name\":\"Home\",\"item\":\"https:\\\/\\\/www.purejewels.com\\\/\"},{\"@type\":\"ListItem\",\"position\":2,\"name\":\"Shop\",\"item\":\"https:\\\/\\\/www.purejewels.com\\\/shop\\\/\"},{\"@type\":\"ListItem\",\"position\":3,\"name\":\"22ct Indian Gold Engagement Ring With CZ Stone\"}]},{\"@type\":\"WebSite\",\"@id\":\"https:\\\/\\\/www.purejewels.com\\\/#website\",\"url\":\"https:\\\/\\\/www.purejewels.com\\\/\",\"name\":\"PureJewels UK\",\"description\":\"Share the Love\",\"publisher\":{\"@id\":\"https:\\\/\\\/www.purejewels.com\\\/#organization\"},\"potentialAction\":[{\"@type\":\"SearchAction\",\"target\":{\"@type\":\"EntryPoint\",\"urlTemplate\":\"https:\\\/\\\/www.purejewels.com\\\/?s={search_term_string}\"},\"query-input\":{\"@type\":\"PropertyValueSpecification\",\"valueRequired\":true,\"valueName\":\"search_term_string\"}}],\"inLanguage\":\"tr\"},{\"@type\":\"Organization\",\"@id\":\"https:\\\/\\\/www.purejewels.com\\\/#organization\",\"name\":\"PureJewels UK\",\"url\":\"https:\\\/\\\/www.purejewels.com\\\/\",\"logo\":{\"@type\":\"ImageObject\",\"inLanguage\":\"tr\",\"@id\":\"https:\\\/\\\/www.purejewels.com\\\/#\\\/schema\\\/logo\\\/image\\\/\",\"url\":\"https:\\\/\\\/static.purejewels.com\\\/wp-content\\\/uploads\\\/2020\\\/11\\\/Logo-PJ-New-1.png\",\"contentUrl\":\"https:\\\/\\\/static.purejewels.com\\\/wp-content\\\/uploads\\\/2020\\\/11\\\/Logo-PJ-New-1.png\",\"width\":150,\"height\":80,\"caption\":\"PureJewels UK\"},\"image\":{\"@id\":\"https:\\\/\\\/www.purejewels.com\\\/#\\\/schema\\\/logo\\\/image\\\/\"}}]}<\/script>\n<!-- \/ Yoast SEO plugin. -->","yoast_head_json":{"title":"CZ Ta\u015fl\u0131 22 Ayar Hint Alt\u0131n\u0131 Ni\u015fan Y\u00fcz\u00fc\u011f\u00fc | PureJewels UK","description":"I\u015f\u0131lt\u0131l\u0131 K\u00fcbik Zirkon ta\u015flarla bezenmi\u015f 22 ayar Hint Alt\u0131n\u0131 Ni\u015fan Y\u00fcz\u00fc\u011f\u00fcm\u00fczle ni\u015fan\u0131n\u0131z\u0131 unutulmaz k\u0131l\u0131n.","robots":{"index":"index","follow":"follow","max-snippet":"max-snippet:-1","max-image-preview":"max-image-preview:large","max-video-preview":"max-video-preview:-1"},"canonical":"https:\/\/www.purejewels.com\/tr\/urun\/22-ayar-altin-bayan-cz-yuzuk-8\/","og_locale":"tr_TR","og_type":"article","og_title":"22ct Indian Gold Engagement Ring With CZ Stone | PureJewels UK","og_description":"Make your engagement unforgettable with our 22ct Indian Gold Engagement Ring, adorned with sparkling Cubic Zirconia stones.","og_url":"https:\/\/www.purejewels.com\/tr\/urun\/22-ayar-altin-bayan-cz-yuzuk-8\/","og_site_name":"PureJewels UK","article_modified_time":"2026-01-06T11:12:44+00:00","og_image":[{"width":1000,"height":1000,"url":"https:\/\/www.purejewels.com\/wp-content\/uploads\/2020\/07\/175586603.jpg","type":"image\/jpeg"}],"twitter_card":"summary_large_image","twitter_misc":{"Tahmini okuma s\u00fcresi":"1 dakika"},"schema":{"@context":"https:\/\/schema.org","@graph":[{"@type":["WebPage","ItemPage"],"@id":"https:\/\/www.purejewels.com\/product\/22ct-gold-ladies-cz-ring-8\/","url":"https:\/\/www.purejewels.com\/product\/22ct-gold-ladies-cz-ring-8\/","name":"CZ Ta\u015fl\u0131 22 Ayar Hint Alt\u0131n\u0131 Ni\u015fan Y\u00fcz\u00fc\u011f\u00fc | PureJewels UK","isPartOf":{"@id":"https:\/\/www.purejewels.com\/#website"},"primaryImageOfPage":{"@id":"https:\/\/www.purejewels.com\/product\/22ct-gold-ladies-cz-ring-8\/#primaryimage"},"image":{"@id":"https:\/\/www.purejewels.com\/product\/22ct-gold-ladies-cz-ring-8\/#primaryimage"},"thumbnailUrl":"https:\/\/static.purejewels.com\/wp-content\/uploads\/2020\/07\/175586603.jpg","datePublished":"2018-08-10T04:39:52+00:00","dateModified":"2026-01-06T11:12:44+00:00","description":"I\u015f\u0131lt\u0131l\u0131 K\u00fcbik Zirkon ta\u015flarla bezenmi\u015f 22 ayar Hint Alt\u0131n\u0131 Ni\u015fan Y\u00fcz\u00fc\u011f\u00fcm\u00fczle ni\u015fan\u0131n\u0131z\u0131 unutulmaz k\u0131l\u0131n.","breadcrumb":{"@id":"https:\/\/www.purejewels.com\/product\/22ct-gold-ladies-cz-ring-8\/#breadcrumb"},"inLanguage":"tr","potentialAction":[{"@type":"ReadAction","target":["https:\/\/www.purejewels.com\/product\/22ct-gold-ladies-cz-ring-8\/"]}]},{"@type":"ImageObject","inLanguage":"tr","@id":"https:\/\/www.purejewels.com\/product\/22ct-gold-ladies-cz-ring-8\/#primaryimage","url":"https:\/\/static.purejewels.com\/wp-content\/uploads\/2020\/07\/175586603.jpg","contentUrl":"https:\/\/static.purejewels.com\/wp-content\/uploads\/2020\/07\/175586603.jpg","width":1000,"height":1000},{"@type":"BreadcrumbList","@id":"https:\/\/www.purejewels.com\/product\/22ct-gold-ladies-cz-ring-8\/#breadcrumb","itemListElement":[{"@type":"ListItem","position":1,"name":"Home","item":"https:\/\/www.purejewels.com\/"},{"@type":"ListItem","position":2,"name":"Shop","item":"https:\/\/www.purejewels.com\/shop\/"},{"@type":"ListItem","position":3,"name":"22ct Indian Gold Engagement Ring With CZ Stone"}]},{"@type":"WebSite","@id":"https:\/\/www.purejewels.com\/#website","url":"https:\/\/www.purejewels.com\/","name":"PureJewels \u0130ngiltere","description":"Sevgiyi Payla\u015f\u0131n","publisher":{"@id":"https:\/\/www.purejewels.com\/#organization"},"potentialAction":[{"@type":"SearchAction","target":{"@type":"EntryPoint","urlTemplate":"https:\/\/www.purejewels.com\/?s={search_term_string}"},"query-input":{"@type":"PropertyValueSpecification","valueRequired":true,"valueName":"search_term_string"}}],"inLanguage":"tr"},{"@type":"Organization","@id":"https:\/\/www.purejewels.com\/#organization","name":"PureJewels \u0130ngiltere","url":"https:\/\/www.purejewels.com\/","logo":{"@type":"ImageObject","inLanguage":"tr","@id":"https:\/\/www.purejewels.com\/#\/schema\/logo\/image\/","url":"https:\/\/static.purejewels.com\/wp-content\/uploads\/2020\/11\/Logo-PJ-New-1.png","contentUrl":"https:\/\/static.purejewels.com\/wp-content\/uploads\/2020\/11\/Logo-PJ-New-1.png","width":150,"height":80,"caption":"PureJewels UK"},"image":{"@id":"https:\/\/www.purejewels.com\/#\/schema\/logo\/image\/"}}]}},"_links":{"self":[{"href":"https:\/\/www.purejewels.com\/tr\/wp-json\/wp\/v2\/product\/302562","targetHints":{"allow":["GET"]}}],"collection":[{"href":"https:\/\/www.purejewels.com\/tr\/wp-json\/wp\/v2\/product"}],"about":[{"href":"https:\/\/www.purejewels.com\/tr\/wp-json\/wp\/v2\/types\/product"}],"replies":[{"embeddable":true,"href":"https:\/\/www.purejewels.com\/tr\/wp-json\/wp\/v2\/comments?post=302562"}],"version-history":[{"count":1,"href":"https:\/\/www.purejewels.com\/tr\/wp-json\/wp\/v2\/product\/302562\/revisions"}],"predecessor-version":[{"id":420523,"href":"https:\/\/www.purejewels.com\/tr\/wp-json\/wp\/v2\/product\/302562\/revisions\/420523"}],"wp:featuredmedia":[{"embeddable":true,"href":"https:\/\/www.purejewels.com\/tr\/wp-json\/wp\/v2\/media\/315643"}],"wp:attachment":[{"href":"https:\/\/www.purejewels.com\/tr\/wp-json\/wp\/v2\/media?parent=302562"}],"wp:term":[{"taxonomy":"product_brand","embeddable":true,"href":"https:\/\/www.purejewels.com\/tr\/wp-json\/wp\/v2\/product_brand?post=302562"},{"taxonomy":"product_cat","embeddable":true,"href":"https:\/\/www.purejewels.com\/tr\/wp-json\/wp\/v2\/product_cat?post=302562"},{"taxonomy":"product_tag","embeddable":true,"href":"https:\/\/www.purejewels.com\/tr\/wp-json\/wp\/v2\/product_tag?post=302562"}],"curies":[{"name":"wp","href":"https:\/\/api.w.org\/{rel}","templated":true}]}}