{"id":302563,"date":"2018-08-10T05:43:31","date_gmt":"2018-08-10T04:43:31","guid":{"rendered":"https:\/\/www.purejewels.com\/?post_type=product&#038;p=302563"},"modified":"2026-01-06T11:12:44","modified_gmt":"2026-01-06T11:12:44","slug":"22-ayar-altin-bayan-cz-yuzuk-9","status":"publish","type":"product","link":"https:\/\/www.purejewels.com\/tr\/product\/22ct-gold-ladies-cz-ring-9\/","title":{"rendered":"22 Ayar Alt\u0131n CZ Y\u00fcz\u00fck"},"content":{"rendered":"<p><span data-sheets-root=\"1\">PureJewels UK'den bu zarif 22 ayar alt\u0131n CZ y\u00fcz\u00fck, zarafet ve sofistike bir g\u00f6r\u00fcn\u00fcm sunan \u00e7arp\u0131c\u0131 bir par\u00e7ad\u0131r. Y\u00fcz\u00fck, l\u00fcks 22 ayar alt\u0131na yerle\u015ftirilmi\u015f g\u00f6z kama\u015ft\u0131r\u0131c\u0131 bir k\u00fcbik zirkonya ta\u015f\u0131na sahiptir ve her durum i\u00e7in m\u00fckemmel olan zamans\u0131z ve klasik bir g\u00f6r\u00fcn\u00fcm yarat\u0131r. \u0130ster m\u00fckemmel bir d\u00fc\u011f\u00fcn hediyesi ar\u0131yor olun, ister sadece g\u00fczel bir m\u00fccevherle kendinizi \u015f\u0131martmak istiyor olun, bu y\u00fcz\u00fc\u011f\u00fcn sizi etkileyece\u011finden emin olabilirsiniz.<\/p>\n<p>Y\u00fcksek kaliteli i\u015f\u00e7ilik ve detaylara g\u00f6sterilen \u00f6zen, bu y\u00fcz\u00fc\u011f\u00fc her m\u00fccevher koleksiyonunda g\u00f6ze \u00e7arpan bir par\u00e7a haline getirir. CZ ta\u015f\u0131n parlak \u0131\u015f\u0131lt\u0131s\u0131, zengin alt\u0131n ayar\u0131 ile m\u00fckemmel bir \u015fekilde tamamlanarak hem l\u00fcks hem de g\u00f6z al\u0131c\u0131 bir g\u00f6r\u00fcn\u00fcm yarat\u0131r. Bu y\u00fcz\u00fck, ister \u00f6zel bir etkinlik i\u00e7in giyiniyor olun ister sadece g\u00fcnl\u00fck stilinizi y\u00fckseltmek isteyin, her k\u0131yafete cazibe katmak i\u00e7in m\u00fckemmel bir aksesuard\u0131r.<\/p>\n<p>PureJewels UK'den bu \u00e7arp\u0131c\u0131 22 ayar alt\u0131n CZ y\u00fcz\u00fc\u011fe sahip olma f\u0131rsat\u0131n\u0131 ka\u00e7\u0131rmay\u0131n. \u015eimdi sipari\u015f verin ve \u00fccretsiz takipli teslimat\u0131n, g\u00fcvenli \u00e7evrimi\u00e7i \u00f6demelerin ve i\u00e7inizin rahat etmesi i\u00e7in 30 g\u00fcnl\u00fck para iade garantisinin keyfini \u00e7\u0131kar\u0131n.<\/span><\/p>","protected":false},"excerpt":{"rendered":"<ul>\n<li>22 Ayar Alt\u0131n Y\u00fcz\u00fck<\/li>\n<li>K\u00fcbik Zirkon Ta\u015fl\u0131<\/li>\n<li>Y\u00fcz\u00fck a\u011f\u0131rl\u0131\u011f\u0131 3,4 g<\/li>\n<li>Boyut.  N<\/li>\n<li>SKU. 27701<\/li>\n<li>T\u00fcm \u00dcr\u00fcnlerimiz Londra Tahlil Ofisi Taraf\u0131ndan Damgalanm\u0131\u015ft\u0131r<\/li>\n<li>T\u00fcm 22 kt Alt\u0131n Y\u00fcz\u00fcklerimiz sunum kutusu ile birlikte gelir<\/li>\n<li>Teslimat dahil<\/li>\n<li>T\u00fcm fiyatlara KDV dahildir<\/li>\n<li>\u00dcr\u00fcn\u00fcn videosunu g\u00f6rmek i\u00e7in bize ula\u015f\u0131n \/ bizimle sohbet edin<\/li>\n<\/ul>","protected":false},"featured_media":315644,"comment_status":"closed","ping_status":"closed","template":"","meta":{"_eb_attr":"","_crsspst_to_jayantr4sg-hostcom":false},"product_brand":[],"product_cat":[1229,1235,1573],"product_tag":[],"class_list":{"0":"post-302563","1":"product","2":"type-product","3":"status-publish","4":"has-post-thumbnail","6":"product_cat-22ct-gold-jewellery","7":"product_cat-gold-rings","8":"product_cat-wedding-gifts","10":"first","11":"outofstock","12":"taxable","13":"shipping-taxable","14":"product-type-simple","15":"add-to-wishlist-before_image"},"yoast_head":"<!-- This site is optimized with the Yoast SEO plugin v27.3 - https:\/\/yoast.com\/product\/yoast-seo-wordpress\/ -->\n<title>22ct Gold CZ Ring - PureJewels UK<\/title>\n<meta name=\"robots\" content=\"index, follow, max-snippet:-1, max-image-preview:large, max-video-preview:-1\" \/>\n<link rel=\"canonical\" href=\"https:\/\/www.purejewels.com\/tr\/urun\/22-ayar-altin-bayan-cz-yuzuk-9\/\" \/>\n<meta property=\"og:locale\" content=\"tr_TR\" \/>\n<meta property=\"og:type\" content=\"article\" \/>\n<meta property=\"og:title\" content=\"22ct Gold CZ Ring - PureJewels UK\" \/>\n<meta property=\"og:description\" content=\"22ct Gold Ring  With Cubic Zirconia Stones  Ring wt. 3.4 g  Size.\u00a0 N  SKU. 27701  All our Products are Hallmarked by London Assay Office  All our 22 ct Gold Ring comes with presentation box  Delivery included  All prices include VAT  Contact us \/ chat with us to see video of the product\" \/>\n<meta property=\"og:url\" content=\"https:\/\/www.purejewels.com\/tr\/urun\/22-ayar-altin-bayan-cz-yuzuk-9\/\" \/>\n<meta property=\"og:site_name\" content=\"PureJewels UK\" \/>\n<meta property=\"article:modified_time\" content=\"2026-01-06T11:12:44+00:00\" \/>\n<meta property=\"og:image\" content=\"https:\/\/www.purejewels.com\/wp-content\/uploads\/2020\/07\/175586657.jpg\" \/>\n\t<meta property=\"og:image:width\" content=\"1000\" \/>\n\t<meta property=\"og:image:height\" content=\"1000\" \/>\n\t<meta property=\"og:image:type\" content=\"image\/jpeg\" \/>\n<meta name=\"twitter:card\" content=\"summary_large_image\" \/>\n<meta name=\"twitter:label1\" content=\"Tahmini okuma s\u00fcresi\" \/>\n\t<meta name=\"twitter:data1\" content=\"1 dakika\" \/>\n<script type=\"application\/ld+json\" class=\"yoast-schema-graph\">{\"@context\":\"https:\\\/\\\/schema.org\",\"@graph\":[{\"@type\":[\"WebPage\",\"ItemPage\"],\"@id\":\"https:\\\/\\\/www.purejewels.com\\\/product\\\/22ct-gold-ladies-cz-ring-9\\\/\",\"url\":\"https:\\\/\\\/www.purejewels.com\\\/product\\\/22ct-gold-ladies-cz-ring-9\\\/\",\"name\":\"22ct Gold CZ Ring - PureJewels UK\",\"isPartOf\":{\"@id\":\"https:\\\/\\\/www.purejewels.com\\\/#website\"},\"primaryImageOfPage\":{\"@id\":\"https:\\\/\\\/www.purejewels.com\\\/product\\\/22ct-gold-ladies-cz-ring-9\\\/#primaryimage\"},\"image\":{\"@id\":\"https:\\\/\\\/www.purejewels.com\\\/product\\\/22ct-gold-ladies-cz-ring-9\\\/#primaryimage\"},\"thumbnailUrl\":\"https:\\\/\\\/static.purejewels.com\\\/wp-content\\\/uploads\\\/2020\\\/07\\\/175586657.jpg\",\"datePublished\":\"2018-08-10T04:43:31+00:00\",\"dateModified\":\"2026-01-06T11:12:44+00:00\",\"breadcrumb\":{\"@id\":\"https:\\\/\\\/www.purejewels.com\\\/product\\\/22ct-gold-ladies-cz-ring-9\\\/#breadcrumb\"},\"inLanguage\":\"tr\",\"potentialAction\":[{\"@type\":\"ReadAction\",\"target\":[\"https:\\\/\\\/www.purejewels.com\\\/product\\\/22ct-gold-ladies-cz-ring-9\\\/\"]}]},{\"@type\":\"ImageObject\",\"inLanguage\":\"tr\",\"@id\":\"https:\\\/\\\/www.purejewels.com\\\/product\\\/22ct-gold-ladies-cz-ring-9\\\/#primaryimage\",\"url\":\"https:\\\/\\\/static.purejewels.com\\\/wp-content\\\/uploads\\\/2020\\\/07\\\/175586657.jpg\",\"contentUrl\":\"https:\\\/\\\/static.purejewels.com\\\/wp-content\\\/uploads\\\/2020\\\/07\\\/175586657.jpg\",\"width\":1000,\"height\":1000},{\"@type\":\"BreadcrumbList\",\"@id\":\"https:\\\/\\\/www.purejewels.com\\\/product\\\/22ct-gold-ladies-cz-ring-9\\\/#breadcrumb\",\"itemListElement\":[{\"@type\":\"ListItem\",\"position\":1,\"name\":\"Home\",\"item\":\"https:\\\/\\\/www.purejewels.com\\\/\"},{\"@type\":\"ListItem\",\"position\":2,\"name\":\"Shop\",\"item\":\"https:\\\/\\\/www.purejewels.com\\\/shop\\\/\"},{\"@type\":\"ListItem\",\"position\":3,\"name\":\"22ct Gold CZ Ring\"}]},{\"@type\":\"WebSite\",\"@id\":\"https:\\\/\\\/www.purejewels.com\\\/#website\",\"url\":\"https:\\\/\\\/www.purejewels.com\\\/\",\"name\":\"PureJewels UK\",\"description\":\"Share the Love\",\"publisher\":{\"@id\":\"https:\\\/\\\/www.purejewels.com\\\/#organization\"},\"potentialAction\":[{\"@type\":\"SearchAction\",\"target\":{\"@type\":\"EntryPoint\",\"urlTemplate\":\"https:\\\/\\\/www.purejewels.com\\\/?s={search_term_string}\"},\"query-input\":{\"@type\":\"PropertyValueSpecification\",\"valueRequired\":true,\"valueName\":\"search_term_string\"}}],\"inLanguage\":\"tr\"},{\"@type\":\"Organization\",\"@id\":\"https:\\\/\\\/www.purejewels.com\\\/#organization\",\"name\":\"PureJewels UK\",\"url\":\"https:\\\/\\\/www.purejewels.com\\\/\",\"logo\":{\"@type\":\"ImageObject\",\"inLanguage\":\"tr\",\"@id\":\"https:\\\/\\\/www.purejewels.com\\\/#\\\/schema\\\/logo\\\/image\\\/\",\"url\":\"https:\\\/\\\/static.purejewels.com\\\/wp-content\\\/uploads\\\/2020\\\/11\\\/Logo-PJ-New-1.png\",\"contentUrl\":\"https:\\\/\\\/static.purejewels.com\\\/wp-content\\\/uploads\\\/2020\\\/11\\\/Logo-PJ-New-1.png\",\"width\":150,\"height\":80,\"caption\":\"PureJewels UK\"},\"image\":{\"@id\":\"https:\\\/\\\/www.purejewels.com\\\/#\\\/schema\\\/logo\\\/image\\\/\"}}]}<\/script>\n<!-- \/ Yoast SEO plugin. -->","yoast_head_json":{"title":"22 Ayar Alt\u0131n CZ Y\u00fcz\u00fck - PureJewels UK","robots":{"index":"index","follow":"follow","max-snippet":"max-snippet:-1","max-image-preview":"max-image-preview:large","max-video-preview":"max-video-preview:-1"},"canonical":"https:\/\/www.purejewels.com\/tr\/urun\/22-ayar-altin-bayan-cz-yuzuk-9\/","og_locale":"tr_TR","og_type":"article","og_title":"22ct Gold CZ Ring - PureJewels UK","og_description":"22ct Gold Ring  With Cubic Zirconia Stones  Ring wt. 3.4 g  Size.\u00a0 N  SKU. 27701  All our Products are Hallmarked by London Assay Office  All our 22 ct Gold Ring comes with presentation box  Delivery included  All prices include VAT  Contact us \/ chat with us to see video of the product","og_url":"https:\/\/www.purejewels.com\/tr\/urun\/22-ayar-altin-bayan-cz-yuzuk-9\/","og_site_name":"PureJewels UK","article_modified_time":"2026-01-06T11:12:44+00:00","og_image":[{"width":1000,"height":1000,"url":"https:\/\/www.purejewels.com\/wp-content\/uploads\/2020\/07\/175586657.jpg","type":"image\/jpeg"}],"twitter_card":"summary_large_image","twitter_misc":{"Tahmini okuma s\u00fcresi":"1 dakika"},"schema":{"@context":"https:\/\/schema.org","@graph":[{"@type":["WebPage","ItemPage"],"@id":"https:\/\/www.purejewels.com\/product\/22ct-gold-ladies-cz-ring-9\/","url":"https:\/\/www.purejewels.com\/product\/22ct-gold-ladies-cz-ring-9\/","name":"22 Ayar Alt\u0131n CZ Y\u00fcz\u00fck - PureJewels UK","isPartOf":{"@id":"https:\/\/www.purejewels.com\/#website"},"primaryImageOfPage":{"@id":"https:\/\/www.purejewels.com\/product\/22ct-gold-ladies-cz-ring-9\/#primaryimage"},"image":{"@id":"https:\/\/www.purejewels.com\/product\/22ct-gold-ladies-cz-ring-9\/#primaryimage"},"thumbnailUrl":"https:\/\/static.purejewels.com\/wp-content\/uploads\/2020\/07\/175586657.jpg","datePublished":"2018-08-10T04:43:31+00:00","dateModified":"2026-01-06T11:12:44+00:00","breadcrumb":{"@id":"https:\/\/www.purejewels.com\/product\/22ct-gold-ladies-cz-ring-9\/#breadcrumb"},"inLanguage":"tr","potentialAction":[{"@type":"ReadAction","target":["https:\/\/www.purejewels.com\/product\/22ct-gold-ladies-cz-ring-9\/"]}]},{"@type":"ImageObject","inLanguage":"tr","@id":"https:\/\/www.purejewels.com\/product\/22ct-gold-ladies-cz-ring-9\/#primaryimage","url":"https:\/\/static.purejewels.com\/wp-content\/uploads\/2020\/07\/175586657.jpg","contentUrl":"https:\/\/static.purejewels.com\/wp-content\/uploads\/2020\/07\/175586657.jpg","width":1000,"height":1000},{"@type":"BreadcrumbList","@id":"https:\/\/www.purejewels.com\/product\/22ct-gold-ladies-cz-ring-9\/#breadcrumb","itemListElement":[{"@type":"ListItem","position":1,"name":"Home","item":"https:\/\/www.purejewels.com\/"},{"@type":"ListItem","position":2,"name":"Shop","item":"https:\/\/www.purejewels.com\/shop\/"},{"@type":"ListItem","position":3,"name":"22ct Gold CZ Ring"}]},{"@type":"WebSite","@id":"https:\/\/www.purejewels.com\/#website","url":"https:\/\/www.purejewels.com\/","name":"PureJewels \u0130ngiltere","description":"Sevgiyi Payla\u015f\u0131n","publisher":{"@id":"https:\/\/www.purejewels.com\/#organization"},"potentialAction":[{"@type":"SearchAction","target":{"@type":"EntryPoint","urlTemplate":"https:\/\/www.purejewels.com\/?s={search_term_string}"},"query-input":{"@type":"PropertyValueSpecification","valueRequired":true,"valueName":"search_term_string"}}],"inLanguage":"tr"},{"@type":"Organization","@id":"https:\/\/www.purejewels.com\/#organization","name":"PureJewels \u0130ngiltere","url":"https:\/\/www.purejewels.com\/","logo":{"@type":"ImageObject","inLanguage":"tr","@id":"https:\/\/www.purejewels.com\/#\/schema\/logo\/image\/","url":"https:\/\/static.purejewels.com\/wp-content\/uploads\/2020\/11\/Logo-PJ-New-1.png","contentUrl":"https:\/\/static.purejewels.com\/wp-content\/uploads\/2020\/11\/Logo-PJ-New-1.png","width":150,"height":80,"caption":"PureJewels UK"},"image":{"@id":"https:\/\/www.purejewels.com\/#\/schema\/logo\/image\/"}}]}},"_links":{"self":[{"href":"https:\/\/www.purejewels.com\/tr\/wp-json\/wp\/v2\/product\/302563","targetHints":{"allow":["GET"]}}],"collection":[{"href":"https:\/\/www.purejewels.com\/tr\/wp-json\/wp\/v2\/product"}],"about":[{"href":"https:\/\/www.purejewels.com\/tr\/wp-json\/wp\/v2\/types\/product"}],"replies":[{"embeddable":true,"href":"https:\/\/www.purejewels.com\/tr\/wp-json\/wp\/v2\/comments?post=302563"}],"version-history":[{"count":1,"href":"https:\/\/www.purejewels.com\/tr\/wp-json\/wp\/v2\/product\/302563\/revisions"}],"predecessor-version":[{"id":420072,"href":"https:\/\/www.purejewels.com\/tr\/wp-json\/wp\/v2\/product\/302563\/revisions\/420072"}],"wp:featuredmedia":[{"embeddable":true,"href":"https:\/\/www.purejewels.com\/tr\/wp-json\/wp\/v2\/media\/315644"}],"wp:attachment":[{"href":"https:\/\/www.purejewels.com\/tr\/wp-json\/wp\/v2\/media?parent=302563"}],"wp:term":[{"taxonomy":"product_brand","embeddable":true,"href":"https:\/\/www.purejewels.com\/tr\/wp-json\/wp\/v2\/product_brand?post=302563"},{"taxonomy":"product_cat","embeddable":true,"href":"https:\/\/www.purejewels.com\/tr\/wp-json\/wp\/v2\/product_cat?post=302563"},{"taxonomy":"product_tag","embeddable":true,"href":"https:\/\/www.purejewels.com\/tr\/wp-json\/wp\/v2\/product_tag?post=302563"}],"curies":[{"name":"wp","href":"https:\/\/api.w.org\/{rel}","templated":true}]}}