{"id":302650,"date":"2018-08-13T08:57:33","date_gmt":"2018-08-13T07:57:33","guid":{"rendered":"https:\/\/www.purejewels.com\/?post_type=product&#038;p=302650"},"modified":"2026-01-06T09:43:32","modified_gmt":"2026-01-06T09:43:32","slug":"22-ayar-altin-elmas-kesim-bilezik","status":"publish","type":"product","link":"https:\/\/www.purejewels.com\/tr\/product\/22ct-gold-diamond-cut-bracelet\/","title":{"rendered":"22 ayar alt\u0131n elmas kesim boncuklu bileklik"},"content":{"rendered":"<p><strong>Tasar\u0131m<\/strong><\/p>\n<p>Bu zarif <a href=\"https:\/\/www.purejewels.com\/tr\/product-category\/22ct-gold-jewellery\/gold-bracelet\/\">Bilezik<\/a> ince i\u015f\u00e7ilikle yap\u0131lm\u0131\u015f elmas kesim alt\u0131n boncuklar\u0131n kesintisiz bir s\u0131ras\u0131n\u0131 sergiliyor. Her bir boncuk, \u0131\u015f\u0131\u011f\u0131 g\u00fczel bir \u015fekilde yans\u0131tmak i\u00e7in titizlikle kesilmi\u015f. Tekd\u00fcze geometrik form, bilekte ritmik bir \u0131\u015f\u0131lt\u0131 yaratarak zengin s\u0131cakl\u0131\u011f\u0131 ve safl\u0131\u011f\u0131 kutluyor. <a href=\"https:\/\/www.purejewels.com\/tr\/product\/22ct-gold-jali-filigree-ring-jali-collection-31926\/\">22ct<\/a> alt\u0131n. G\u00fcvenli bir toka ile tamamlanan tasar\u0131m, hem zarif hem de rahatl\u0131kla tak\u0131labilir.<\/p>\n<p><strong>Zanaatkarl\u0131k<\/strong><\/p>\n<p>Parlak 22 ayar alt\u0131nla ustaca i\u015flenmi\u015f her bir boncuk, \u0131\u015f\u0131lt\u0131l\u0131 ve dokulu bir y\u00fczey elde etmek i\u00e7in hassas bir \u015fekilde elmas kesimlidir. Bileklik, detaylara ve dengeye b\u00fcy\u00fck \u00f6nem veren PureJewels'in ince alt\u0131n i\u015f\u00e7ili\u011fi miras\u0131n\u0131 yans\u0131tmaktad\u0131r. M\u00fckemmelli\u011fe ula\u015fana kadar cilalanm\u0131\u015f ve \u00f6zenle birle\u015ftirilmi\u015f bu bileklik, hem dayan\u0131kl\u0131l\u0131k hem de kal\u0131c\u0131 g\u00fczellik sunar.<\/p>\n<p><strong>Stil<\/strong><\/p>\n<p>Zamans\u0131z ve \u00e7ok y\u00f6nl\u00fc olan bu 22 ayar alt\u0131n elmas kesim bilezik, g\u00fcnl\u00fck \u015f\u0131kl\u0131k veya di\u011fer alt\u0131n bilezikler ve bilekliklerle katmanl\u0131 stil i\u00e7in idealdir. Geleneksel k\u0131yafetler veya \u00e7a\u011fda\u015f kombinlerle e\u015fit derecede uyumlu olan bu bilezik, anlaml\u0131 bir hediye veya de\u011ferli bir ki\u015fisel zevk olarak kullan\u0131labilir. Y\u0131llarca giyilip saklanmak \u00fczere tasarlanm\u0131\u015f zarif bir temel par\u00e7a.<\/p>","protected":false},"excerpt":{"rendered":"<p>Her hareketle \u0131\u015f\u0131\u011f\u0131 yakalamak i\u00e7in tasarlanm\u0131\u015f, elmas kesim faceted boncuklara sahip klasik 22 ayar alt\u0131n bilezik.<\/p>\n<ul>\n<li>22 Ayar Alt\u0131n P\u0131rlanta Kesim Bileklik<\/li>\n<li>A\u011f\u0131rl\u0131k 7.3grms<\/li>\n<li>T\u00fcm fiyatlara KDV dahildir<\/li>\n<li>Londra Tahlil Ofisi Taraf\u0131ndan Damgalanm\u0131\u015f 22 Ayar Alt\u0131n<\/li>\n<li>Sunum Kutusu ile Birlikte Gelir<\/li>\n<li>Teslimat Dahil<\/li>\n<li>Stok durumu ve stokta bulunan benzer tasar\u0131mlar\u0131n daha fazla g\u00f6r\u00fcnt\u00fcs\u00fc i\u00e7in bizimle canl\u0131 sohbet edin<\/li>\n<\/ul>","protected":false},"featured_media":302652,"comment_status":"closed","ping_status":"closed","template":"","meta":{"_eb_attr":"","_crsspst_to_jayantr4sg-hostcom":false},"product_brand":[],"product_cat":[1627,1574],"product_tag":[],"class_list":{"0":"post-302650","1":"product","2":"type-product","3":"status-publish","4":"has-post-thumbnail","6":"product_cat-ladies-bracelet","7":"product_cat-womens-jewellery","9":"first","10":"outofstock","11":"taxable","12":"shipping-taxable","13":"product-type-simple","14":"add-to-wishlist-before_image"},"yoast_head":"<!-- This site is optimized with the Yoast SEO plugin v27.3 - https:\/\/yoast.com\/product\/yoast-seo-wordpress\/ -->\n<title>22ct Gold Diamond Cut Beaded Bracelet | PureJewels London<\/title>\n<meta name=\"description\" content=\"A radiant 22ct gold diamond cut bracelet featuring finely faceted beads for exceptional brilliance. Timeless craftsmanship by PureJewels London.\" \/>\n<meta name=\"robots\" content=\"index, follow, max-snippet:-1, max-image-preview:large, max-video-preview:-1\" \/>\n<link rel=\"canonical\" href=\"https:\/\/www.purejewels.com\/tr\/urun\/22-ayar-altin-elmas-kesim-bilezik\/\" \/>\n<meta property=\"og:locale\" content=\"tr_TR\" \/>\n<meta property=\"og:type\" content=\"article\" \/>\n<meta property=\"og:title\" content=\"22ct Gold Diamond Cut Beaded Bracelet | PureJewels London\" \/>\n<meta property=\"og:description\" content=\"A radiant 22ct gold diamond cut bracelet featuring finely faceted beads for exceptional brilliance. Timeless craftsmanship by PureJewels London.\" \/>\n<meta property=\"og:url\" content=\"https:\/\/www.purejewels.com\/tr\/urun\/22-ayar-altin-elmas-kesim-bilezik\/\" \/>\n<meta property=\"og:site_name\" content=\"PureJewels UK\" \/>\n<meta property=\"article:modified_time\" content=\"2026-01-06T09:43:32+00:00\" \/>\n<meta property=\"og:image\" content=\"https:\/\/static.purejewels.com\/wp-content\/uploads\/2018\/08\/27847_1.png\" \/>\n\t<meta property=\"og:image:width\" content=\"1000\" \/>\n\t<meta property=\"og:image:height\" content=\"1000\" \/>\n\t<meta property=\"og:image:type\" content=\"image\/png\" \/>\n<meta name=\"twitter:card\" content=\"summary_large_image\" \/>\n<meta name=\"twitter:label1\" content=\"Tahmini okuma s\u00fcresi\" \/>\n\t<meta name=\"twitter:data1\" content=\"1 dakika\" \/>\n<script type=\"application\/ld+json\" class=\"yoast-schema-graph\">{\"@context\":\"https:\\\/\\\/schema.org\",\"@graph\":[{\"@type\":[\"WebPage\",\"ItemPage\"],\"@id\":\"https:\\\/\\\/www.purejewels.com\\\/product\\\/22ct-gold-diamond-cut-bracelet\\\/\",\"url\":\"https:\\\/\\\/www.purejewels.com\\\/product\\\/22ct-gold-diamond-cut-bracelet\\\/\",\"name\":\"22ct Gold Diamond Cut Beaded Bracelet | PureJewels London\",\"isPartOf\":{\"@id\":\"https:\\\/\\\/www.purejewels.com\\\/#website\"},\"primaryImageOfPage\":{\"@id\":\"https:\\\/\\\/www.purejewels.com\\\/product\\\/22ct-gold-diamond-cut-bracelet\\\/#primaryimage\"},\"image\":{\"@id\":\"https:\\\/\\\/www.purejewels.com\\\/product\\\/22ct-gold-diamond-cut-bracelet\\\/#primaryimage\"},\"thumbnailUrl\":\"https:\\\/\\\/static.purejewels.com\\\/wp-content\\\/uploads\\\/2018\\\/08\\\/27847_1.png\",\"datePublished\":\"2018-08-13T07:57:33+00:00\",\"dateModified\":\"2026-01-06T09:43:32+00:00\",\"description\":\"A radiant 22ct gold diamond cut bracelet featuring finely faceted beads for exceptional brilliance. Timeless craftsmanship by PureJewels London.\",\"breadcrumb\":{\"@id\":\"https:\\\/\\\/www.purejewels.com\\\/product\\\/22ct-gold-diamond-cut-bracelet\\\/#breadcrumb\"},\"inLanguage\":\"tr\",\"potentialAction\":[{\"@type\":\"ReadAction\",\"target\":[\"https:\\\/\\\/www.purejewels.com\\\/product\\\/22ct-gold-diamond-cut-bracelet\\\/\"]}]},{\"@type\":\"ImageObject\",\"inLanguage\":\"tr\",\"@id\":\"https:\\\/\\\/www.purejewels.com\\\/product\\\/22ct-gold-diamond-cut-bracelet\\\/#primaryimage\",\"url\":\"https:\\\/\\\/static.purejewels.com\\\/wp-content\\\/uploads\\\/2018\\\/08\\\/27847_1.png\",\"contentUrl\":\"https:\\\/\\\/static.purejewels.com\\\/wp-content\\\/uploads\\\/2018\\\/08\\\/27847_1.png\",\"width\":1000,\"height\":1000,\"caption\":\"27847_1\"},{\"@type\":\"BreadcrumbList\",\"@id\":\"https:\\\/\\\/www.purejewels.com\\\/product\\\/22ct-gold-diamond-cut-bracelet\\\/#breadcrumb\",\"itemListElement\":[{\"@type\":\"ListItem\",\"position\":1,\"name\":\"Home\",\"item\":\"https:\\\/\\\/www.purejewels.com\\\/\"},{\"@type\":\"ListItem\",\"position\":2,\"name\":\"Shop\",\"item\":\"https:\\\/\\\/www.purejewels.com\\\/shop\\\/\"},{\"@type\":\"ListItem\",\"position\":3,\"name\":\"22ct Gold Diamond Cut Beaded Bracelet\"}]},{\"@type\":\"WebSite\",\"@id\":\"https:\\\/\\\/www.purejewels.com\\\/#website\",\"url\":\"https:\\\/\\\/www.purejewels.com\\\/\",\"name\":\"PureJewels UK\",\"description\":\"Share the Love\",\"publisher\":{\"@id\":\"https:\\\/\\\/www.purejewels.com\\\/#organization\"},\"potentialAction\":[{\"@type\":\"SearchAction\",\"target\":{\"@type\":\"EntryPoint\",\"urlTemplate\":\"https:\\\/\\\/www.purejewels.com\\\/?s={search_term_string}\"},\"query-input\":{\"@type\":\"PropertyValueSpecification\",\"valueRequired\":true,\"valueName\":\"search_term_string\"}}],\"inLanguage\":\"tr\"},{\"@type\":\"Organization\",\"@id\":\"https:\\\/\\\/www.purejewels.com\\\/#organization\",\"name\":\"PureJewels UK\",\"url\":\"https:\\\/\\\/www.purejewels.com\\\/\",\"logo\":{\"@type\":\"ImageObject\",\"inLanguage\":\"tr\",\"@id\":\"https:\\\/\\\/www.purejewels.com\\\/#\\\/schema\\\/logo\\\/image\\\/\",\"url\":\"https:\\\/\\\/static.purejewels.com\\\/wp-content\\\/uploads\\\/2020\\\/11\\\/Logo-PJ-New-1.png\",\"contentUrl\":\"https:\\\/\\\/static.purejewels.com\\\/wp-content\\\/uploads\\\/2020\\\/11\\\/Logo-PJ-New-1.png\",\"width\":150,\"height\":80,\"caption\":\"PureJewels UK\"},\"image\":{\"@id\":\"https:\\\/\\\/www.purejewels.com\\\/#\\\/schema\\\/logo\\\/image\\\/\"}}]}<\/script>\n<!-- \/ Yoast SEO plugin. -->","yoast_head_json":{"title":"22 ayar alt\u0131n elmas kesim boncuklu bileklik | PureJewels London","description":"Ola\u011fan\u00fcst\u00fc parlakl\u0131k i\u00e7in ince kesimli boncuklara sahip, 22 ayar alt\u0131n elmas kesim bilezik. PureJewels London'\u0131n zamans\u0131z i\u015f\u00e7ili\u011fi.","robots":{"index":"index","follow":"follow","max-snippet":"max-snippet:-1","max-image-preview":"max-image-preview:large","max-video-preview":"max-video-preview:-1"},"canonical":"https:\/\/www.purejewels.com\/tr\/urun\/22-ayar-altin-elmas-kesim-bilezik\/","og_locale":"tr_TR","og_type":"article","og_title":"22ct Gold Diamond Cut Beaded Bracelet | PureJewels London","og_description":"A radiant 22ct gold diamond cut bracelet featuring finely faceted beads for exceptional brilliance. Timeless craftsmanship by PureJewels London.","og_url":"https:\/\/www.purejewels.com\/tr\/urun\/22-ayar-altin-elmas-kesim-bilezik\/","og_site_name":"PureJewels UK","article_modified_time":"2026-01-06T09:43:32+00:00","og_image":[{"width":1000,"height":1000,"url":"https:\/\/static.purejewels.com\/wp-content\/uploads\/2018\/08\/27847_1.png","type":"image\/png"}],"twitter_card":"summary_large_image","twitter_misc":{"Tahmini okuma s\u00fcresi":"1 dakika"},"schema":{"@context":"https:\/\/schema.org","@graph":[{"@type":["WebPage","ItemPage"],"@id":"https:\/\/www.purejewels.com\/product\/22ct-gold-diamond-cut-bracelet\/","url":"https:\/\/www.purejewels.com\/product\/22ct-gold-diamond-cut-bracelet\/","name":"22 ayar alt\u0131n elmas kesim boncuklu bileklik | PureJewels London","isPartOf":{"@id":"https:\/\/www.purejewels.com\/#website"},"primaryImageOfPage":{"@id":"https:\/\/www.purejewels.com\/product\/22ct-gold-diamond-cut-bracelet\/#primaryimage"},"image":{"@id":"https:\/\/www.purejewels.com\/product\/22ct-gold-diamond-cut-bracelet\/#primaryimage"},"thumbnailUrl":"https:\/\/static.purejewels.com\/wp-content\/uploads\/2018\/08\/27847_1.png","datePublished":"2018-08-13T07:57:33+00:00","dateModified":"2026-01-06T09:43:32+00:00","description":"Ola\u011fan\u00fcst\u00fc parlakl\u0131k i\u00e7in ince kesimli boncuklara sahip, 22 ayar alt\u0131n elmas kesim bilezik. PureJewels London'\u0131n zamans\u0131z i\u015f\u00e7ili\u011fi.","breadcrumb":{"@id":"https:\/\/www.purejewels.com\/product\/22ct-gold-diamond-cut-bracelet\/#breadcrumb"},"inLanguage":"tr","potentialAction":[{"@type":"ReadAction","target":["https:\/\/www.purejewels.com\/product\/22ct-gold-diamond-cut-bracelet\/"]}]},{"@type":"ImageObject","inLanguage":"tr","@id":"https:\/\/www.purejewels.com\/product\/22ct-gold-diamond-cut-bracelet\/#primaryimage","url":"https:\/\/static.purejewels.com\/wp-content\/uploads\/2018\/08\/27847_1.png","contentUrl":"https:\/\/static.purejewels.com\/wp-content\/uploads\/2018\/08\/27847_1.png","width":1000,"height":1000,"caption":"27847_1"},{"@type":"BreadcrumbList","@id":"https:\/\/www.purejewels.com\/product\/22ct-gold-diamond-cut-bracelet\/#breadcrumb","itemListElement":[{"@type":"ListItem","position":1,"name":"Home","item":"https:\/\/www.purejewels.com\/"},{"@type":"ListItem","position":2,"name":"Shop","item":"https:\/\/www.purejewels.com\/shop\/"},{"@type":"ListItem","position":3,"name":"22ct Gold Diamond Cut Beaded Bracelet"}]},{"@type":"WebSite","@id":"https:\/\/www.purejewels.com\/#website","url":"https:\/\/www.purejewels.com\/","name":"PureJewels \u0130ngiltere","description":"Sevgiyi Payla\u015f\u0131n","publisher":{"@id":"https:\/\/www.purejewels.com\/#organization"},"potentialAction":[{"@type":"SearchAction","target":{"@type":"EntryPoint","urlTemplate":"https:\/\/www.purejewels.com\/?s={search_term_string}"},"query-input":{"@type":"PropertyValueSpecification","valueRequired":true,"valueName":"search_term_string"}}],"inLanguage":"tr"},{"@type":"Organization","@id":"https:\/\/www.purejewels.com\/#organization","name":"PureJewels \u0130ngiltere","url":"https:\/\/www.purejewels.com\/","logo":{"@type":"ImageObject","inLanguage":"tr","@id":"https:\/\/www.purejewels.com\/#\/schema\/logo\/image\/","url":"https:\/\/static.purejewels.com\/wp-content\/uploads\/2020\/11\/Logo-PJ-New-1.png","contentUrl":"https:\/\/static.purejewels.com\/wp-content\/uploads\/2020\/11\/Logo-PJ-New-1.png","width":150,"height":80,"caption":"PureJewels UK"},"image":{"@id":"https:\/\/www.purejewels.com\/#\/schema\/logo\/image\/"}}]}},"_links":{"self":[{"href":"https:\/\/www.purejewels.com\/tr\/wp-json\/wp\/v2\/product\/302650","targetHints":{"allow":["GET"]}}],"collection":[{"href":"https:\/\/www.purejewels.com\/tr\/wp-json\/wp\/v2\/product"}],"about":[{"href":"https:\/\/www.purejewels.com\/tr\/wp-json\/wp\/v2\/types\/product"}],"replies":[{"embeddable":true,"href":"https:\/\/www.purejewels.com\/tr\/wp-json\/wp\/v2\/comments?post=302650"}],"version-history":[{"count":2,"href":"https:\/\/www.purejewels.com\/tr\/wp-json\/wp\/v2\/product\/302650\/revisions"}],"predecessor-version":[{"id":423749,"href":"https:\/\/www.purejewels.com\/tr\/wp-json\/wp\/v2\/product\/302650\/revisions\/423749"}],"wp:featuredmedia":[{"embeddable":true,"href":"https:\/\/www.purejewels.com\/tr\/wp-json\/wp\/v2\/media\/302652"}],"wp:attachment":[{"href":"https:\/\/www.purejewels.com\/tr\/wp-json\/wp\/v2\/media?parent=302650"}],"wp:term":[{"taxonomy":"product_brand","embeddable":true,"href":"https:\/\/www.purejewels.com\/tr\/wp-json\/wp\/v2\/product_brand?post=302650"},{"taxonomy":"product_cat","embeddable":true,"href":"https:\/\/www.purejewels.com\/tr\/wp-json\/wp\/v2\/product_cat?post=302650"},{"taxonomy":"product_tag","embeddable":true,"href":"https:\/\/www.purejewels.com\/tr\/wp-json\/wp\/v2\/product_tag?post=302650"}],"curies":[{"name":"wp","href":"https:\/\/api.w.org\/{rel}","templated":true}]}}