{"id":302696,"date":"2018-08-17T07:06:34","date_gmt":"2018-08-17T06:06:34","guid":{"rendered":"https:\/\/www.purejewels.com\/?post_type=product&#038;p=302696"},"modified":"2026-01-10T16:15:13","modified_gmt":"2026-01-10T16:15:13","slug":"22-ayar-altin-bebek-bilekligi-49222","status":"publish","type":"product","link":"https:\/\/www.purejewels.com\/tr\/product\/22ct-gold-baby-bangle\/","title":{"rendered":"22 ayar alt\u0131n ayarlanabilir bebek bilezi\u011fi, ortas\u0131nda oyma s\u00fcslemeli"},"content":{"rendered":"<p><strong>Tasar\u0131m<\/strong><\/p>\n<p>Bu g\u00f6z al\u0131c\u0131 <a href=\"https:\/\/www.purejewels.com\/tr\/product\/indian-gold-baby-bangles-uk-41086\/\">bebek bilekli\u011fi<\/a> minimalist bir tasar\u0131ma sahip olan bu bilezi\u011fin ortas\u0131nda, cesur bir tasar\u0131m \u00f6\u011fesi olan modern, a\u00e7\u0131k kesimli bir detay bulunmaktad\u0131r. Simetrik \u015fekli, bilezi\u011fin formuna denge ve uyum katarak onu hem \u00f6zg\u00fcn hem de \u015f\u0131k hale getirir.<\/p>\n<p><strong>Zanaatkarl\u0131k<\/strong><\/p>\n<p>Saf malzemeden \u00fcretilmi\u015ftir <a href=\"https:\/\/www.purejewels.com\/tr\/product\/22ct-gold-jali-filigree-ring-jali-collection-31926\/\">22ct<\/a> Alt\u0131n, bu bileklik keskin kenarlar\u0131 olmayan \u015f\u0131k bir y\u00fczeye sahiptir ve bebe\u011finizin hassas cildi i\u00e7in idealdir. P\u00fcr\u00fczs\u00fcz cilas\u0131 ve kesimlerinin hassasiyeti, uzman kuyumcular\u0131n el i\u015f\u00e7ili\u011fini yans\u0131tmaktad\u0131r. Ayarlanabilir toka, bilekli\u011fin \u00e7ocu\u011funuzla birlikte b\u00fcy\u00fcmesini ve rahat\u00e7a sabit kalmas\u0131n\u0131 sa\u011flar.<\/p>\n<p><strong>Stil<\/strong><\/p>\n<p>Minimalist ancak etkileyici olan bu bileklik, hem geleneksel hem de \u00e7a\u011fda\u015f bebek k\u0131yafetlerine uyar. E\u015fsiz tasar\u0131m\u0131, zarif ancak farkl\u0131 bir \u015fey arayan ebeveynler i\u00e7in m\u00fckemmel bir se\u00e7enek olmas\u0131n\u0131 sa\u011flar. Do\u011fum g\u00fcnleri, t\u00f6renler veya sadece yeni do\u011fan bebe\u011finizin \u00f6nemli anlar\u0131n\u0131 kutlamak i\u00e7in idealdir.<\/p>","protected":false},"excerpt":{"rendered":"<p>Cesur ve minimalist 22 ayar alt\u0131n bebek bilezi\u011fi, benzersiz bir oyma i\u015f\u00e7ili\u011fi ile s\u00fcslenmi\u015f. G\u00fcvenli bir oturu\u015f i\u00e7in ayarlanabilir. Hediye etmek veya g\u00fcnl\u00fck kullan\u0131m i\u00e7in ideal.<\/p>\n<ul>\n<li>22 Ayar Alt\u0131n Bebek Bilekli\u011fi.<\/li>\n<li>\u00c7ocuklar, \u00c7ocuklar, \u00c7ocuk, Bebek, Yeni Do\u011fan i\u00e7in uygundur.<\/li>\n<li>22 ayar damgal\u0131 \u00e7ocuk alt\u0131n tak\u0131lar\u0131.<\/li>\n<li>A\u011f\u0131rl\u0131k.6.4 gm<\/li>\n<li>T\u00fcm fiyatlara KDV dahildir<\/li>\n<li>Londra Tahlil Ofisi Taraf\u0131ndan Damgalanm\u0131\u015f 22 Ayar Alt\u0131n<\/li>\n<li>Sunum Kutusu ile Birlikte Gelir<\/li>\n<li>Teslimat Dahil<\/li>\n<li>Stok durumu ve stokta bulunan benzer tasar\u0131mlar\u0131n daha fazla g\u00f6r\u00fcnt\u00fcs\u00fc i\u00e7in bizimle canl\u0131 sohbet edin<\/li>\n<\/ul>","protected":false},"featured_media":302697,"comment_status":"closed","ping_status":"closed","template":"","meta":{"_eb_attr":"","_crsspst_to_jayantr4sg-hostcom":false},"product_brand":[],"product_cat":[1576,1526],"product_tag":[],"class_list":{"0":"post-302696","1":"product","2":"type-product","3":"status-publish","4":"has-post-thumbnail","6":"product_cat-childrens-jewellery","7":"product_cat-kids-bangles","9":"first","10":"outofstock","11":"featured","12":"taxable","13":"shipping-taxable","14":"product-type-simple","15":"add-to-wishlist-before_image"},"yoast_head":"<!-- This site is optimized with the Yoast SEO plugin v27.3 - https:\/\/yoast.com\/product\/yoast-seo-wordpress\/ -->\n<title>22ct Gold Baby Bangle with Bold Cutwork Design | Adjustable Fit<\/title>\n<meta name=\"description\" content=\"Make a statement with this 22ct gold baby bangle featuring a bold cutwork centerpiece and smooth, adjustable design\u2014perfect for everyday wear.\" \/>\n<meta name=\"robots\" content=\"index, follow, max-snippet:-1, max-image-preview:large, max-video-preview:-1\" \/>\n<link rel=\"canonical\" href=\"https:\/\/www.purejewels.com\/tr\/urun\/22-ayar-altin-bebek-bilekligi-49222\/\" \/>\n<meta property=\"og:locale\" content=\"tr_TR\" \/>\n<meta property=\"og:type\" content=\"article\" \/>\n<meta property=\"og:title\" content=\"22ct Gold Baby Bangle with Bold Cutwork Design | Adjustable Fit\" \/>\n<meta property=\"og:description\" content=\"Make a statement with this 22ct gold baby bangle featuring a bold cutwork centerpiece and smooth, adjustable design\u2014perfect for everyday wear.\" \/>\n<meta property=\"og:url\" content=\"https:\/\/www.purejewels.com\/tr\/urun\/22-ayar-altin-bebek-bilekligi-49222\/\" \/>\n<meta property=\"og:site_name\" content=\"PureJewels UK\" \/>\n<meta property=\"article:modified_time\" content=\"2026-01-10T16:15:13+00:00\" \/>\n<meta property=\"og:image\" content=\"https:\/\/static.purejewels.com\/wp-content\/uploads\/2018\/08\/21353_1.png\" \/>\n\t<meta property=\"og:image:width\" content=\"1000\" \/>\n\t<meta property=\"og:image:height\" content=\"1000\" \/>\n\t<meta property=\"og:image:type\" content=\"image\/png\" \/>\n<meta name=\"twitter:card\" content=\"summary_large_image\" \/>\n<meta name=\"twitter:label1\" content=\"Tahmini okuma s\u00fcresi\" \/>\n\t<meta name=\"twitter:data1\" content=\"1 dakika\" \/>\n<script type=\"application\/ld+json\" class=\"yoast-schema-graph\">{\"@context\":\"https:\\\/\\\/schema.org\",\"@graph\":[{\"@type\":[\"WebPage\",\"ItemPage\"],\"@id\":\"https:\\\/\\\/www.purejewels.com\\\/product\\\/22ct-gold-baby-bangle\\\/\",\"url\":\"https:\\\/\\\/www.purejewels.com\\\/product\\\/22ct-gold-baby-bangle\\\/\",\"name\":\"22ct Gold Baby Bangle with Bold Cutwork Design | Adjustable Fit\",\"isPartOf\":{\"@id\":\"https:\\\/\\\/www.purejewels.com\\\/#website\"},\"primaryImageOfPage\":{\"@id\":\"https:\\\/\\\/www.purejewels.com\\\/product\\\/22ct-gold-baby-bangle\\\/#primaryimage\"},\"image\":{\"@id\":\"https:\\\/\\\/www.purejewels.com\\\/product\\\/22ct-gold-baby-bangle\\\/#primaryimage\"},\"thumbnailUrl\":\"https:\\\/\\\/static.purejewels.com\\\/wp-content\\\/uploads\\\/2018\\\/08\\\/21353_1.png\",\"datePublished\":\"2018-08-17T06:06:34+00:00\",\"dateModified\":\"2026-01-10T16:15:13+00:00\",\"description\":\"Make a statement with this 22ct gold baby bangle featuring a bold cutwork centerpiece and smooth, adjustable design\u2014perfect for everyday wear.\",\"breadcrumb\":{\"@id\":\"https:\\\/\\\/www.purejewels.com\\\/product\\\/22ct-gold-baby-bangle\\\/#breadcrumb\"},\"inLanguage\":\"tr\",\"potentialAction\":[{\"@type\":\"ReadAction\",\"target\":[\"https:\\\/\\\/www.purejewels.com\\\/product\\\/22ct-gold-baby-bangle\\\/\"]}]},{\"@type\":\"ImageObject\",\"inLanguage\":\"tr\",\"@id\":\"https:\\\/\\\/www.purejewels.com\\\/product\\\/22ct-gold-baby-bangle\\\/#primaryimage\",\"url\":\"https:\\\/\\\/static.purejewels.com\\\/wp-content\\\/uploads\\\/2018\\\/08\\\/21353_1.png\",\"contentUrl\":\"https:\\\/\\\/static.purejewels.com\\\/wp-content\\\/uploads\\\/2018\\\/08\\\/21353_1.png\",\"width\":1000,\"height\":1000,\"caption\":\"21353_1\"},{\"@type\":\"BreadcrumbList\",\"@id\":\"https:\\\/\\\/www.purejewels.com\\\/product\\\/22ct-gold-baby-bangle\\\/#breadcrumb\",\"itemListElement\":[{\"@type\":\"ListItem\",\"position\":1,\"name\":\"Home\",\"item\":\"https:\\\/\\\/www.purejewels.com\\\/\"},{\"@type\":\"ListItem\",\"position\":2,\"name\":\"Shop\",\"item\":\"https:\\\/\\\/www.purejewels.com\\\/shop\\\/\"},{\"@type\":\"ListItem\",\"position\":3,\"name\":\"22ct Gold Adjustable Baby Bangle with Cutwork Centerpiece\"}]},{\"@type\":\"WebSite\",\"@id\":\"https:\\\/\\\/www.purejewels.com\\\/#website\",\"url\":\"https:\\\/\\\/www.purejewels.com\\\/\",\"name\":\"PureJewels UK\",\"description\":\"Share the Love\",\"publisher\":{\"@id\":\"https:\\\/\\\/www.purejewels.com\\\/#organization\"},\"potentialAction\":[{\"@type\":\"SearchAction\",\"target\":{\"@type\":\"EntryPoint\",\"urlTemplate\":\"https:\\\/\\\/www.purejewels.com\\\/?s={search_term_string}\"},\"query-input\":{\"@type\":\"PropertyValueSpecification\",\"valueRequired\":true,\"valueName\":\"search_term_string\"}}],\"inLanguage\":\"tr\"},{\"@type\":\"Organization\",\"@id\":\"https:\\\/\\\/www.purejewels.com\\\/#organization\",\"name\":\"PureJewels UK\",\"url\":\"https:\\\/\\\/www.purejewels.com\\\/\",\"logo\":{\"@type\":\"ImageObject\",\"inLanguage\":\"tr\",\"@id\":\"https:\\\/\\\/www.purejewels.com\\\/#\\\/schema\\\/logo\\\/image\\\/\",\"url\":\"https:\\\/\\\/static.purejewels.com\\\/wp-content\\\/uploads\\\/2020\\\/11\\\/Logo-PJ-New-1.png\",\"contentUrl\":\"https:\\\/\\\/static.purejewels.com\\\/wp-content\\\/uploads\\\/2020\\\/11\\\/Logo-PJ-New-1.png\",\"width\":150,\"height\":80,\"caption\":\"PureJewels UK\"},\"image\":{\"@id\":\"https:\\\/\\\/www.purejewels.com\\\/#\\\/schema\\\/logo\\\/image\\\/\"}}]}<\/script>\n<!-- \/ Yoast SEO plugin. -->","yoast_head_json":{"title":"22 ayar alt\u0131n bebek bilezi\u011fi, cesur oyma tasar\u0131ml\u0131 | Ayarlanabilir boyut","description":"Cesur kesimli orta k\u0131sm\u0131 ve p\u00fcr\u00fczs\u00fcz, ayarlanabilir tasar\u0131m\u0131yla g\u00fcnl\u00fck kullan\u0131m i\u00e7in m\u00fckemmel olan bu 22 ayar alt\u0131n bebek bilezi\u011fi ile tarz\u0131n\u0131z\u0131 ortaya koyun.","robots":{"index":"index","follow":"follow","max-snippet":"max-snippet:-1","max-image-preview":"max-image-preview:large","max-video-preview":"max-video-preview:-1"},"canonical":"https:\/\/www.purejewels.com\/tr\/urun\/22-ayar-altin-bebek-bilekligi-49222\/","og_locale":"tr_TR","og_type":"article","og_title":"22ct Gold Baby Bangle with Bold Cutwork Design | Adjustable Fit","og_description":"Make a statement with this 22ct gold baby bangle featuring a bold cutwork centerpiece and smooth, adjustable design\u2014perfect for everyday wear.","og_url":"https:\/\/www.purejewels.com\/tr\/urun\/22-ayar-altin-bebek-bilekligi-49222\/","og_site_name":"PureJewels UK","article_modified_time":"2026-01-10T16:15:13+00:00","og_image":[{"width":1000,"height":1000,"url":"https:\/\/static.purejewels.com\/wp-content\/uploads\/2018\/08\/21353_1.png","type":"image\/png"}],"twitter_card":"summary_large_image","twitter_misc":{"Tahmini okuma s\u00fcresi":"1 dakika"},"schema":{"@context":"https:\/\/schema.org","@graph":[{"@type":["WebPage","ItemPage"],"@id":"https:\/\/www.purejewels.com\/product\/22ct-gold-baby-bangle\/","url":"https:\/\/www.purejewels.com\/product\/22ct-gold-baby-bangle\/","name":"22 ayar alt\u0131n bebek bilezi\u011fi, cesur oyma tasar\u0131ml\u0131 | Ayarlanabilir boyut","isPartOf":{"@id":"https:\/\/www.purejewels.com\/#website"},"primaryImageOfPage":{"@id":"https:\/\/www.purejewels.com\/product\/22ct-gold-baby-bangle\/#primaryimage"},"image":{"@id":"https:\/\/www.purejewels.com\/product\/22ct-gold-baby-bangle\/#primaryimage"},"thumbnailUrl":"https:\/\/static.purejewels.com\/wp-content\/uploads\/2018\/08\/21353_1.png","datePublished":"2018-08-17T06:06:34+00:00","dateModified":"2026-01-10T16:15:13+00:00","description":"Cesur kesimli orta k\u0131sm\u0131 ve p\u00fcr\u00fczs\u00fcz, ayarlanabilir tasar\u0131m\u0131yla g\u00fcnl\u00fck kullan\u0131m i\u00e7in m\u00fckemmel olan bu 22 ayar alt\u0131n bebek bilezi\u011fi ile tarz\u0131n\u0131z\u0131 ortaya koyun.","breadcrumb":{"@id":"https:\/\/www.purejewels.com\/product\/22ct-gold-baby-bangle\/#breadcrumb"},"inLanguage":"tr","potentialAction":[{"@type":"ReadAction","target":["https:\/\/www.purejewels.com\/product\/22ct-gold-baby-bangle\/"]}]},{"@type":"ImageObject","inLanguage":"tr","@id":"https:\/\/www.purejewels.com\/product\/22ct-gold-baby-bangle\/#primaryimage","url":"https:\/\/static.purejewels.com\/wp-content\/uploads\/2018\/08\/21353_1.png","contentUrl":"https:\/\/static.purejewels.com\/wp-content\/uploads\/2018\/08\/21353_1.png","width":1000,"height":1000,"caption":"21353_1"},{"@type":"BreadcrumbList","@id":"https:\/\/www.purejewels.com\/product\/22ct-gold-baby-bangle\/#breadcrumb","itemListElement":[{"@type":"ListItem","position":1,"name":"Home","item":"https:\/\/www.purejewels.com\/"},{"@type":"ListItem","position":2,"name":"Shop","item":"https:\/\/www.purejewels.com\/shop\/"},{"@type":"ListItem","position":3,"name":"22ct Gold Adjustable Baby Bangle with Cutwork Centerpiece"}]},{"@type":"WebSite","@id":"https:\/\/www.purejewels.com\/#website","url":"https:\/\/www.purejewels.com\/","name":"PureJewels \u0130ngiltere","description":"Sevgiyi Payla\u015f\u0131n","publisher":{"@id":"https:\/\/www.purejewels.com\/#organization"},"potentialAction":[{"@type":"SearchAction","target":{"@type":"EntryPoint","urlTemplate":"https:\/\/www.purejewels.com\/?s={search_term_string}"},"query-input":{"@type":"PropertyValueSpecification","valueRequired":true,"valueName":"search_term_string"}}],"inLanguage":"tr"},{"@type":"Organization","@id":"https:\/\/www.purejewels.com\/#organization","name":"PureJewels \u0130ngiltere","url":"https:\/\/www.purejewels.com\/","logo":{"@type":"ImageObject","inLanguage":"tr","@id":"https:\/\/www.purejewels.com\/#\/schema\/logo\/image\/","url":"https:\/\/static.purejewels.com\/wp-content\/uploads\/2020\/11\/Logo-PJ-New-1.png","contentUrl":"https:\/\/static.purejewels.com\/wp-content\/uploads\/2020\/11\/Logo-PJ-New-1.png","width":150,"height":80,"caption":"PureJewels UK"},"image":{"@id":"https:\/\/www.purejewels.com\/#\/schema\/logo\/image\/"}}]}},"_links":{"self":[{"href":"https:\/\/www.purejewels.com\/tr\/wp-json\/wp\/v2\/product\/302696","targetHints":{"allow":["GET"]}}],"collection":[{"href":"https:\/\/www.purejewels.com\/tr\/wp-json\/wp\/v2\/product"}],"about":[{"href":"https:\/\/www.purejewels.com\/tr\/wp-json\/wp\/v2\/types\/product"}],"replies":[{"embeddable":true,"href":"https:\/\/www.purejewels.com\/tr\/wp-json\/wp\/v2\/comments?post=302696"}],"version-history":[{"count":2,"href":"https:\/\/www.purejewels.com\/tr\/wp-json\/wp\/v2\/product\/302696\/revisions"}],"predecessor-version":[{"id":423447,"href":"https:\/\/www.purejewels.com\/tr\/wp-json\/wp\/v2\/product\/302696\/revisions\/423447"}],"wp:featuredmedia":[{"embeddable":true,"href":"https:\/\/www.purejewels.com\/tr\/wp-json\/wp\/v2\/media\/302697"}],"wp:attachment":[{"href":"https:\/\/www.purejewels.com\/tr\/wp-json\/wp\/v2\/media?parent=302696"}],"wp:term":[{"taxonomy":"product_brand","embeddable":true,"href":"https:\/\/www.purejewels.com\/tr\/wp-json\/wp\/v2\/product_brand?post=302696"},{"taxonomy":"product_cat","embeddable":true,"href":"https:\/\/www.purejewels.com\/tr\/wp-json\/wp\/v2\/product_cat?post=302696"},{"taxonomy":"product_tag","embeddable":true,"href":"https:\/\/www.purejewels.com\/tr\/wp-json\/wp\/v2\/product_tag?post=302696"}],"curies":[{"name":"wp","href":"https:\/\/api.w.org\/{rel}","templated":true}]}}