{"id":302728,"date":"2018-08-17T10:33:40","date_gmt":"2018-08-17T09:33:40","guid":{"rendered":"https:\/\/www.purejewels.com\/?post_type=product&#038;p=302728"},"modified":"2026-01-10T16:15:14","modified_gmt":"2026-01-10T16:15:14","slug":"22-ayar-altin-bebek-bilekligi-8","status":"publish","type":"product","link":"https:\/\/www.purejewels.com\/tr\/product\/22ct-gold-baby-bangle-8\/","title":{"rendered":"22 ayar alt\u0131n, \u00e7i\u00e7ek desenli, ayarlanabilir bebek bilezi\u011fi"},"content":{"rendered":"<p><strong>Tasar\u0131m<\/strong><\/p>\n<p>Bu bebek bilezi\u011fi, zarif asmalar ve karma\u015f\u0131k detaylarla \u00e7evrili, saf metalden d\u00f6k\u00fclm\u00fc\u015f zarif bir \u00e7i\u00e7ek motifine sahiptir. <a href=\"https:\/\/www.purejewels.com\/tr\/product\/22ct-gold-jali-filigree-ring-jali-collection-31926\/\">22ct<\/a> alt\u0131n. \u00c7i\u00e7ek motifi masumiyeti ve \u00e7ekicili\u011fi \u00e7a\u011fr\u0131\u015ft\u0131rarak, \u00e7ocu\u011funuzun ilk y\u0131llar\u0131 i\u00e7in m\u00fckemmel bir hat\u0131ra olur.<\/p>\n<p><strong>Zanaatkarl\u0131k<\/strong><\/p>\n<p>Deneyimli zanaatkarlar taraf\u0131ndan ustaca el i\u015f\u00e7ili\u011fi ile \u00fcretilen bu bileklik, en kaliteli 22 ayar alt\u0131n ile yap\u0131lm\u0131\u015f ve y\u00fcksek hassasiyetle i\u015flenmi\u015ftir. Bilezi\u011fin \u00fczerindeki detaylar, geleneksel gran\u00fclasyon i\u015f\u00e7ili\u011fini yans\u0131tarak l\u00fcks bir his verirken, hassas ciltler i\u00e7in p\u00fcr\u00fczs\u00fczl\u00fck ve rahatl\u0131k sa\u011flar. Ayarlanabilir mekanizma, rahat ve g\u00fcvenli bir oturu\u015f sa\u011flar.<\/p>\n<p><strong>Stil<\/strong><\/p>\n<p>Zamans\u0131z g\u00fczelli\u011fi ve g\u00fcnl\u00fck pratikli\u011fi yans\u0131tacak \u015fekilde tasarlanan bu bileklik, bebek partileri, isim koyma t\u00f6renleri, do\u011fum g\u00fcnleri veya sadece de\u011ferli anlar\u0131 kutlamak i\u00e7in hediye etmek i\u00e7in m\u00fckemmeldir. \u00c7i\u00e7ek temas\u0131, do\u011fa ve sevgiye yumu\u015fak, sembolik bir dokunu\u015f katar.<\/p>","protected":false},"excerpt":{"rendered":"<p>22 ayar alt\u0131n, ayarlanabilir bebek bilezi\u011fi, karma\u015f\u0131k \u00e7i\u00e7ek detaylar\u0131 ile. Hafif, cilt dostu ve hem gelenek hem de zarafet i\u00e7in tasarlanm\u0131\u015f.<\/p>\n<ul>\n<li>22 Ayar Alt\u0131n Ayarlanabilir Bebek Bilekli\u011fi.<\/li>\n<li>\u00c7ocuklar i\u00e7in uygun, \u00c7ocuklar, \u00c7ocuk<\/li>\n<li>22 ayar damgal\u0131 \u00e7ocuk alt\u0131n tak\u0131lar\u0131<\/li>\n<li>A\u011f\u0131rl\u0131k 6,4 g<\/li>\n<li>T\u00fcm fiyatlara KDV dahildir<\/li>\n<li>Londra Tahlil Ofisi Taraf\u0131ndan Damgalanm\u0131\u015f 22 Ayar Alt\u0131n<\/li>\n<li>Sunum Kutusu ile Birlikte Gelir<\/li>\n<li>Teslimat Dahil<\/li>\n<li>Stok durumu ve stokta bulunan benzer tasar\u0131mlar\u0131n daha fazla g\u00f6r\u00fcnt\u00fcs\u00fc i\u00e7in bizimle canl\u0131 sohbet edin<\/li>\n<\/ul>","protected":false},"featured_media":302729,"comment_status":"closed","ping_status":"closed","template":"","meta":{"_eb_attr":"","_crsspst_to_jayantr4sg-hostcom":false},"product_brand":[],"product_cat":[1576,1526],"product_tag":[],"class_list":{"0":"post-302728","1":"product","2":"type-product","3":"status-publish","4":"has-post-thumbnail","6":"product_cat-childrens-jewellery","7":"product_cat-kids-bangles","9":"first","10":"outofstock","11":"featured","12":"taxable","13":"shipping-taxable","14":"product-type-simple","15":"add-to-wishlist-before_image"},"yoast_head":"<!-- This site is optimized with the Yoast SEO plugin v27.5 - https:\/\/yoast.com\/product\/yoast-seo-wordpress\/ -->\n<title>22ct Gold Baby Bangle with Floral Motif | Adjustable Design<\/title>\n<meta name=\"description\" content=\"Adorn your little one with this 22ct gold baby bangle featuring a delicate floral design and adjustable fit. Crafted for elegance and comfort.\" \/>\n<meta name=\"robots\" content=\"index, follow, max-snippet:-1, max-image-preview:large, max-video-preview:-1\" \/>\n<link rel=\"canonical\" href=\"https:\/\/www.purejewels.com\/tr\/urun\/22-ayar-altin-bebek-bilekligi-8\/\" \/>\n<meta property=\"og:locale\" content=\"tr_TR\" \/>\n<meta property=\"og:type\" content=\"article\" \/>\n<meta property=\"og:title\" content=\"22ct Gold Baby Bangle with Floral Motif | Adjustable Design\" \/>\n<meta property=\"og:description\" content=\"Adorn your little one with this 22ct gold baby bangle featuring a delicate floral design and adjustable fit. Crafted for elegance and comfort.\" \/>\n<meta property=\"og:url\" content=\"https:\/\/www.purejewels.com\/tr\/urun\/22-ayar-altin-bebek-bilekligi-8\/\" \/>\n<meta property=\"og:site_name\" content=\"PureJewels UK\" \/>\n<meta property=\"article:modified_time\" content=\"2026-01-10T16:15:14+00:00\" \/>\n<meta property=\"og:image\" content=\"https:\/\/static.purejewels.com\/wp-content\/uploads\/2018\/08\/27652_1.png\" \/>\n\t<meta property=\"og:image:width\" content=\"1000\" \/>\n\t<meta property=\"og:image:height\" content=\"1000\" \/>\n\t<meta property=\"og:image:type\" content=\"image\/png\" \/>\n<meta name=\"twitter:card\" content=\"summary_large_image\" \/>\n<meta name=\"twitter:label1\" content=\"Tahmini okuma s\u00fcresi\" \/>\n\t<meta name=\"twitter:data1\" content=\"1 dakika\" \/>\n<script type=\"application\/ld+json\" class=\"yoast-schema-graph\">{\"@context\":\"https:\\\/\\\/schema.org\",\"@graph\":[{\"@type\":[\"WebPage\",\"ItemPage\"],\"@id\":\"https:\\\/\\\/www.purejewels.com\\\/product\\\/22ct-gold-baby-bangle-8\\\/\",\"url\":\"https:\\\/\\\/www.purejewels.com\\\/product\\\/22ct-gold-baby-bangle-8\\\/\",\"name\":\"22ct Gold Baby Bangle with Floral Motif | Adjustable Design\",\"isPartOf\":{\"@id\":\"https:\\\/\\\/www.purejewels.com\\\/#website\"},\"primaryImageOfPage\":{\"@id\":\"https:\\\/\\\/www.purejewels.com\\\/product\\\/22ct-gold-baby-bangle-8\\\/#primaryimage\"},\"image\":{\"@id\":\"https:\\\/\\\/www.purejewels.com\\\/product\\\/22ct-gold-baby-bangle-8\\\/#primaryimage\"},\"thumbnailUrl\":\"https:\\\/\\\/static.purejewels.com\\\/wp-content\\\/uploads\\\/2018\\\/08\\\/27652_1.png\",\"datePublished\":\"2018-08-17T09:33:40+00:00\",\"dateModified\":\"2026-01-10T16:15:14+00:00\",\"description\":\"Adorn your little one with this 22ct gold baby bangle featuring a delicate floral design and adjustable fit. Crafted for elegance and comfort.\",\"breadcrumb\":{\"@id\":\"https:\\\/\\\/www.purejewels.com\\\/product\\\/22ct-gold-baby-bangle-8\\\/#breadcrumb\"},\"inLanguage\":\"tr\",\"potentialAction\":[{\"@type\":\"ReadAction\",\"target\":[\"https:\\\/\\\/www.purejewels.com\\\/product\\\/22ct-gold-baby-bangle-8\\\/\"]}]},{\"@type\":\"ImageObject\",\"inLanguage\":\"tr\",\"@id\":\"https:\\\/\\\/www.purejewels.com\\\/product\\\/22ct-gold-baby-bangle-8\\\/#primaryimage\",\"url\":\"https:\\\/\\\/static.purejewels.com\\\/wp-content\\\/uploads\\\/2018\\\/08\\\/27652_1.png\",\"contentUrl\":\"https:\\\/\\\/static.purejewels.com\\\/wp-content\\\/uploads\\\/2018\\\/08\\\/27652_1.png\",\"width\":1000,\"height\":1000,\"caption\":\"27652_1\"},{\"@type\":\"BreadcrumbList\",\"@id\":\"https:\\\/\\\/www.purejewels.com\\\/product\\\/22ct-gold-baby-bangle-8\\\/#breadcrumb\",\"itemListElement\":[{\"@type\":\"ListItem\",\"position\":1,\"name\":\"Home\",\"item\":\"https:\\\/\\\/www.purejewels.com\\\/\"},{\"@type\":\"ListItem\",\"position\":2,\"name\":\"Shop\",\"item\":\"https:\\\/\\\/www.purejewels.com\\\/shop\\\/\"},{\"@type\":\"ListItem\",\"position\":3,\"name\":\"22ct Gold Adjustable Baby Bangle with Floral Design\"}]},{\"@type\":\"WebSite\",\"@id\":\"https:\\\/\\\/www.purejewels.com\\\/#website\",\"url\":\"https:\\\/\\\/www.purejewels.com\\\/\",\"name\":\"PureJewels UK\",\"description\":\"Share the Love\",\"publisher\":{\"@id\":\"https:\\\/\\\/www.purejewels.com\\\/#organization\"},\"potentialAction\":[{\"@type\":\"SearchAction\",\"target\":{\"@type\":\"EntryPoint\",\"urlTemplate\":\"https:\\\/\\\/www.purejewels.com\\\/?s={search_term_string}\"},\"query-input\":{\"@type\":\"PropertyValueSpecification\",\"valueRequired\":true,\"valueName\":\"search_term_string\"}}],\"inLanguage\":\"tr\"},{\"@type\":\"Organization\",\"@id\":\"https:\\\/\\\/www.purejewels.com\\\/#organization\",\"name\":\"PureJewels UK\",\"url\":\"https:\\\/\\\/www.purejewels.com\\\/\",\"logo\":{\"@type\":\"ImageObject\",\"inLanguage\":\"tr\",\"@id\":\"https:\\\/\\\/www.purejewels.com\\\/#\\\/schema\\\/logo\\\/image\\\/\",\"url\":\"https:\\\/\\\/static.purejewels.com\\\/wp-content\\\/uploads\\\/2020\\\/11\\\/Logo-PJ-New-1.png\",\"contentUrl\":\"https:\\\/\\\/static.purejewels.com\\\/wp-content\\\/uploads\\\/2020\\\/11\\\/Logo-PJ-New-1.png\",\"width\":150,\"height\":80,\"caption\":\"PureJewels UK\"},\"image\":{\"@id\":\"https:\\\/\\\/www.purejewels.com\\\/#\\\/schema\\\/logo\\\/image\\\/\"}}]}<\/script>\n<!-- \/ Yoast SEO plugin. -->","yoast_head_json":{"title":"\u00c7i\u00e7ek Motifli 22 Ayar Alt\u0131n Bebek Bilezik | Ayarlanabilir Tasar\u0131m","description":"Hassas \u00e7i\u00e7ek desenli ve ayarlanabilir bu 22 ayar alt\u0131n bebek bilezi\u011fi ile minik yavrunuzu s\u00fcsleyin. Zariflik ve rahatl\u0131k i\u00e7in tasarlanm\u0131\u015ft\u0131r.","robots":{"index":"index","follow":"follow","max-snippet":"max-snippet:-1","max-image-preview":"max-image-preview:large","max-video-preview":"max-video-preview:-1"},"canonical":"https:\/\/www.purejewels.com\/tr\/urun\/22-ayar-altin-bebek-bilekligi-8\/","og_locale":"tr_TR","og_type":"article","og_title":"22ct Gold Baby Bangle with Floral Motif | Adjustable Design","og_description":"Adorn your little one with this 22ct gold baby bangle featuring a delicate floral design and adjustable fit. Crafted for elegance and comfort.","og_url":"https:\/\/www.purejewels.com\/tr\/urun\/22-ayar-altin-bebek-bilekligi-8\/","og_site_name":"PureJewels UK","article_modified_time":"2026-01-10T16:15:14+00:00","og_image":[{"width":1000,"height":1000,"url":"https:\/\/static.purejewels.com\/wp-content\/uploads\/2018\/08\/27652_1.png","type":"image\/png"}],"twitter_card":"summary_large_image","twitter_misc":{"Tahmini okuma s\u00fcresi":"1 dakika"},"schema":{"@context":"https:\/\/schema.org","@graph":[{"@type":["WebPage","ItemPage"],"@id":"https:\/\/www.purejewels.com\/product\/22ct-gold-baby-bangle-8\/","url":"https:\/\/www.purejewels.com\/product\/22ct-gold-baby-bangle-8\/","name":"\u00c7i\u00e7ek Motifli 22 Ayar Alt\u0131n Bebek Bilezik | Ayarlanabilir Tasar\u0131m","isPartOf":{"@id":"https:\/\/www.purejewels.com\/#website"},"primaryImageOfPage":{"@id":"https:\/\/www.purejewels.com\/product\/22ct-gold-baby-bangle-8\/#primaryimage"},"image":{"@id":"https:\/\/www.purejewels.com\/product\/22ct-gold-baby-bangle-8\/#primaryimage"},"thumbnailUrl":"https:\/\/static.purejewels.com\/wp-content\/uploads\/2018\/08\/27652_1.png","datePublished":"2018-08-17T09:33:40+00:00","dateModified":"2026-01-10T16:15:14+00:00","description":"Hassas \u00e7i\u00e7ek desenli ve ayarlanabilir bu 22 ayar alt\u0131n bebek bilezi\u011fi ile minik yavrunuzu s\u00fcsleyin. Zariflik ve rahatl\u0131k i\u00e7in tasarlanm\u0131\u015ft\u0131r.","breadcrumb":{"@id":"https:\/\/www.purejewels.com\/product\/22ct-gold-baby-bangle-8\/#breadcrumb"},"inLanguage":"tr","potentialAction":[{"@type":"ReadAction","target":["https:\/\/www.purejewels.com\/product\/22ct-gold-baby-bangle-8\/"]}]},{"@type":"ImageObject","inLanguage":"tr","@id":"https:\/\/www.purejewels.com\/product\/22ct-gold-baby-bangle-8\/#primaryimage","url":"https:\/\/static.purejewels.com\/wp-content\/uploads\/2018\/08\/27652_1.png","contentUrl":"https:\/\/static.purejewels.com\/wp-content\/uploads\/2018\/08\/27652_1.png","width":1000,"height":1000,"caption":"27652_1"},{"@type":"BreadcrumbList","@id":"https:\/\/www.purejewels.com\/product\/22ct-gold-baby-bangle-8\/#breadcrumb","itemListElement":[{"@type":"ListItem","position":1,"name":"Home","item":"https:\/\/www.purejewels.com\/"},{"@type":"ListItem","position":2,"name":"Shop","item":"https:\/\/www.purejewels.com\/shop\/"},{"@type":"ListItem","position":3,"name":"22ct Gold Adjustable Baby Bangle with Floral Design"}]},{"@type":"WebSite","@id":"https:\/\/www.purejewels.com\/#website","url":"https:\/\/www.purejewels.com\/","name":"PureJewels \u0130ngiltere","description":"Sevgiyi Payla\u015f\u0131n","publisher":{"@id":"https:\/\/www.purejewels.com\/#organization"},"potentialAction":[{"@type":"SearchAction","target":{"@type":"EntryPoint","urlTemplate":"https:\/\/www.purejewels.com\/?s={search_term_string}"},"query-input":{"@type":"PropertyValueSpecification","valueRequired":true,"valueName":"search_term_string"}}],"inLanguage":"tr"},{"@type":"Organization","@id":"https:\/\/www.purejewels.com\/#organization","name":"PureJewels \u0130ngiltere","url":"https:\/\/www.purejewels.com\/","logo":{"@type":"ImageObject","inLanguage":"tr","@id":"https:\/\/www.purejewels.com\/#\/schema\/logo\/image\/","url":"https:\/\/static.purejewels.com\/wp-content\/uploads\/2020\/11\/Logo-PJ-New-1.png","contentUrl":"https:\/\/static.purejewels.com\/wp-content\/uploads\/2020\/11\/Logo-PJ-New-1.png","width":150,"height":80,"caption":"PureJewels UK"},"image":{"@id":"https:\/\/www.purejewels.com\/#\/schema\/logo\/image\/"}}]}},"_links":{"self":[{"href":"https:\/\/www.purejewels.com\/tr\/wp-json\/wp\/v2\/product\/302728","targetHints":{"allow":["GET"]}}],"collection":[{"href":"https:\/\/www.purejewels.com\/tr\/wp-json\/wp\/v2\/product"}],"about":[{"href":"https:\/\/www.purejewels.com\/tr\/wp-json\/wp\/v2\/types\/product"}],"replies":[{"embeddable":true,"href":"https:\/\/www.purejewels.com\/tr\/wp-json\/wp\/v2\/comments?post=302728"}],"version-history":[{"count":2,"href":"https:\/\/www.purejewels.com\/tr\/wp-json\/wp\/v2\/product\/302728\/revisions"}],"predecessor-version":[{"id":423445,"href":"https:\/\/www.purejewels.com\/tr\/wp-json\/wp\/v2\/product\/302728\/revisions\/423445"}],"wp:featuredmedia":[{"embeddable":true,"href":"https:\/\/www.purejewels.com\/tr\/wp-json\/wp\/v2\/media\/302729"}],"wp:attachment":[{"href":"https:\/\/www.purejewels.com\/tr\/wp-json\/wp\/v2\/media?parent=302728"}],"wp:term":[{"taxonomy":"product_brand","embeddable":true,"href":"https:\/\/www.purejewels.com\/tr\/wp-json\/wp\/v2\/product_brand?post=302728"},{"taxonomy":"product_cat","embeddable":true,"href":"https:\/\/www.purejewels.com\/tr\/wp-json\/wp\/v2\/product_cat?post=302728"},{"taxonomy":"product_tag","embeddable":true,"href":"https:\/\/www.purejewels.com\/tr\/wp-json\/wp\/v2\/product_tag?post=302728"}],"curies":[{"name":"wp","href":"https:\/\/api.w.org\/{rel}","templated":true}]}}