{"id":302759,"date":"2018-08-21T06:26:19","date_gmt":"2018-08-21T05:26:19","guid":{"rendered":"https:\/\/www.purejewels.com\/?post_type=product&#038;p=302759"},"modified":"2026-01-06T09:43:33","modified_gmt":"2026-01-06T09:43:33","slug":"22-ayar-altin-bilezik-9","status":"publish","type":"product","link":"https:\/\/www.purejewels.com\/tr\/product\/22ct-gold-bracelet-9\/","title":{"rendered":"22 Ayar Alt\u0131n Mangalsutra Bileklik"},"content":{"rendered":"<h3>\u00c7arp\u0131c\u0131 22 Ayar Alt\u0131n Mangalsutra Bilezik - Gelene\u011fin Modern Bir Sembol\u00fc<\/h3>\n<p>Geleneksel ve modern zarafetin m\u00fckemmel kar\u0131\u015f\u0131m\u0131n\u0131 ke\u015ffedin <strong>22 Ayar Alt\u0131n Mangalsutra Bileklik<\/strong>. Bu g\u00fczel i\u015f\u00e7ilikli par\u00e7a, ebedi a\u015fk\u0131 ve ba\u011fl\u0131l\u0131\u011f\u0131 simgelerken klasik tasar\u0131ma \u00e7a\u011fda\u015f bir dokunu\u015f getiriyor. Karma\u015f\u0131k detaylara sahip bu <strong><a href=\"https:\/\/www.purejewels.com\/tr\/product\/22ct-gold-ladies-bracelet-33784\/\">22 Ayar Alt\u0131n Bayan Bileklik<\/a> Siyah Boncuklu<\/strong> geleneksel mangalsutran\u0131n \u00f6z\u00fcn\u00fc zarif ve \u015f\u0131k bir bilezik formunda yakalar.<\/p>\n<p>Hem anlaml\u0131 hem de \u00e7ok y\u00f6nl\u00fc olmas\u0131 i\u00e7in tasarlanan bu <strong>mangalsutra bileklik<\/strong> Her k\u0131yafetle m\u00fckemmel uyum sa\u011flar, g\u00fcnl\u00fck kullan\u0131m veya \u00f6zel g\u00fcnler i\u00e7in ideal bir aksesuard\u0131r. P\u0131r\u0131l p\u0131r\u0131l alt\u0131n ve \u00e7arp\u0131c\u0131 siyah boncuklar\u0131n birle\u015fimi, modern moday\u0131 kucaklarken gelene\u011fi onurland\u0131ran zamans\u0131z bir par\u00e7a yarat\u0131yor.<\/p>\n<h3>Modern \u015e\u0131kl\u0131k: 22 Ayar Alt\u0131n Mangalsutra Bileklik<\/h3>\n<p>Gelenekselli\u011fin ve stilin m\u00fckemmel dengesini kucaklay\u0131n <strong>22 Ayar Alt\u0131n Mangalsutra Bileklik<\/strong>. Klasik mangalsutray\u0131 yeniden tan\u0131mlayan bu zarif par\u00e7a, gelene\u011fe de\u011fer veren modern kad\u0131nlar i\u00e7in \u00e7a\u011fda\u015f bir tasar\u0131mla \u00fcretilmi\u015ftir.<\/p>\n<h3>Siyah Boncuklu 22 Ayar Alt\u0131n Bayan Bileklik<\/h3>\n<p>Bile\u011finizi zamans\u0131z bir aksesuarla s\u00fcsleyin. Bizim <strong>Siyah Boncuklu 22 Ayar Alt\u0131n Bayan Bileklik<\/strong> alt\u0131n\u0131n sofistikeli\u011fini siyah boncuklar\u0131n klasik cazibesiyle birle\u015ftirerek her durum i\u00e7in \u00e7ok y\u00f6nl\u00fc bir par\u00e7a haline getiriyor.<\/p>\n<h3>Zamans\u0131z Gelenek, Modern Tasar\u0131m<\/h3>\n<p>Bu <strong>Mangalsutra Bileklik<\/strong> miras\u0131 modern moda ile g\u00fczel bir \u015fekilde harmanl\u0131yor. G\u00fcnl\u00fck kullan\u0131m veya \u00f6zel etkinlikler i\u00e7in m\u00fckemmel olan bu tak\u0131, g\u00f6r\u00fcn\u00fcm\u00fcn\u00fcze \u015f\u0131k bir hava katarken a\u015fk\u0131 ve ba\u011fl\u0131l\u0131\u011f\u0131 sembolize eder.<\/p>","protected":false},"excerpt":{"rendered":"<ul>\n<li>22 Ayar Alt\u0131n <strong>Mangalsutra Bileklik<\/strong><\/li>\n<li>Siyah Boncuklu 22 Ayar Alt\u0131n Bayan Bileklik<\/li>\n<li>A\u011f\u0131rl\u0131k  2 g<\/li>\n<li>SKU. 24672<\/li>\n<li>T\u00fcm fiyatlara KDV dahildir<\/li>\n<li>T\u00fcm \u00dcr\u00fcnlerimiz Londra Tahlil Ofisi Taraf\u0131ndan Damgalanm\u0131\u015ft\u0131r<\/li>\n<li>Sunum Kutusu ile Birlikte Gelir<\/li>\n<li>Teslimat Dahil<\/li>\n<li>Benzer tasar\u0131mlar\u0131 g\u00f6rmek i\u00e7in bize ula\u015f\u0131n \/ canl\u0131 sohbet<\/li>\n<\/ul>","protected":false},"featured_media":302760,"comment_status":"closed","ping_status":"closed","template":"","meta":{"_eb_attr":"","_crsspst_to_jayantr4sg-hostcom":false},"product_brand":[],"product_cat":[1627,1574],"product_tag":[],"class_list":{"0":"post-302759","1":"product","2":"type-product","3":"status-publish","4":"has-post-thumbnail","6":"product_cat-ladies-bracelet","7":"product_cat-womens-jewellery","9":"first","10":"outofstock","11":"taxable","12":"shipping-taxable","13":"product-type-simple","14":"add-to-wishlist-before_image"},"yoast_head":"<!-- This site is optimized with the Yoast SEO plugin v27.5 - https:\/\/yoast.com\/product\/yoast-seo-wordpress\/ -->\n<title>22ct Gold Mangalsutra Bracelet online at PureJewels UK<\/title>\n<meta name=\"description\" content=\"Explore our stunning 22ct Gold Mangalsutra Bracelet, a modern take on tradition. Featuring black beads and crafted from luxurious gold.\" \/>\n<meta name=\"robots\" content=\"index, follow, max-snippet:-1, max-image-preview:large, max-video-preview:-1\" \/>\n<link rel=\"canonical\" href=\"https:\/\/www.purejewels.com\/tr\/urun\/22-ayar-altin-bilezik-9\/\" \/>\n<meta property=\"og:locale\" content=\"tr_TR\" \/>\n<meta property=\"og:type\" content=\"article\" \/>\n<meta property=\"og:title\" content=\"22ct Gold Mangalsutra Bracelet online at PureJewels UK\" \/>\n<meta property=\"og:description\" content=\"Explore our stunning 22ct Gold Mangalsutra Bracelet, a modern take on tradition. Featuring black beads and crafted from luxurious gold.\" \/>\n<meta property=\"og:url\" content=\"https:\/\/www.purejewels.com\/tr\/urun\/22-ayar-altin-bilezik-9\/\" \/>\n<meta property=\"og:site_name\" content=\"PureJewels UK\" \/>\n<meta property=\"article:modified_time\" content=\"2026-01-06T09:43:33+00:00\" \/>\n<meta property=\"og:image\" content=\"https:\/\/www.purejewels.com\/wp-content\/uploads\/2018\/08\/24672_2.png\" \/>\n\t<meta property=\"og:image:width\" content=\"1000\" \/>\n\t<meta property=\"og:image:height\" content=\"1000\" \/>\n\t<meta property=\"og:image:type\" content=\"image\/png\" \/>\n<meta name=\"twitter:card\" content=\"summary_large_image\" \/>\n<meta name=\"twitter:label1\" content=\"Tahmini okuma s\u00fcresi\" \/>\n\t<meta name=\"twitter:data1\" content=\"1 dakika\" \/>\n<script type=\"application\/ld+json\" class=\"yoast-schema-graph\">{\"@context\":\"https:\\\/\\\/schema.org\",\"@graph\":[{\"@type\":[\"WebPage\",\"ItemPage\"],\"@id\":\"https:\\\/\\\/www.purejewels.com\\\/product\\\/22ct-gold-bracelet-9\\\/\",\"url\":\"https:\\\/\\\/www.purejewels.com\\\/product\\\/22ct-gold-bracelet-9\\\/\",\"name\":\"22ct Gold Mangalsutra Bracelet online at PureJewels UK\",\"isPartOf\":{\"@id\":\"https:\\\/\\\/www.purejewels.com\\\/#website\"},\"primaryImageOfPage\":{\"@id\":\"https:\\\/\\\/www.purejewels.com\\\/product\\\/22ct-gold-bracelet-9\\\/#primaryimage\"},\"image\":{\"@id\":\"https:\\\/\\\/www.purejewels.com\\\/product\\\/22ct-gold-bracelet-9\\\/#primaryimage\"},\"thumbnailUrl\":\"https:\\\/\\\/static.purejewels.com\\\/wp-content\\\/uploads\\\/2018\\\/08\\\/24672_2.png\",\"datePublished\":\"2018-08-21T05:26:19+00:00\",\"dateModified\":\"2026-01-06T09:43:33+00:00\",\"description\":\"Explore our stunning 22ct Gold Mangalsutra Bracelet, a modern take on tradition. Featuring black beads and crafted from luxurious gold.\",\"breadcrumb\":{\"@id\":\"https:\\\/\\\/www.purejewels.com\\\/product\\\/22ct-gold-bracelet-9\\\/#breadcrumb\"},\"inLanguage\":\"tr\",\"potentialAction\":[{\"@type\":\"ReadAction\",\"target\":[\"https:\\\/\\\/www.purejewels.com\\\/product\\\/22ct-gold-bracelet-9\\\/\"]}]},{\"@type\":\"ImageObject\",\"inLanguage\":\"tr\",\"@id\":\"https:\\\/\\\/www.purejewels.com\\\/product\\\/22ct-gold-bracelet-9\\\/#primaryimage\",\"url\":\"https:\\\/\\\/static.purejewels.com\\\/wp-content\\\/uploads\\\/2018\\\/08\\\/24672_2.png\",\"contentUrl\":\"https:\\\/\\\/static.purejewels.com\\\/wp-content\\\/uploads\\\/2018\\\/08\\\/24672_2.png\",\"width\":1000,\"height\":1000,\"caption\":\"24672_2\"},{\"@type\":\"BreadcrumbList\",\"@id\":\"https:\\\/\\\/www.purejewels.com\\\/product\\\/22ct-gold-bracelet-9\\\/#breadcrumb\",\"itemListElement\":[{\"@type\":\"ListItem\",\"position\":1,\"name\":\"Home\",\"item\":\"https:\\\/\\\/www.purejewels.com\\\/\"},{\"@type\":\"ListItem\",\"position\":2,\"name\":\"Shop\",\"item\":\"https:\\\/\\\/www.purejewels.com\\\/shop\\\/\"},{\"@type\":\"ListItem\",\"position\":3,\"name\":\"22ct Gold Mangalsutra Bracelet\"}]},{\"@type\":\"WebSite\",\"@id\":\"https:\\\/\\\/www.purejewels.com\\\/#website\",\"url\":\"https:\\\/\\\/www.purejewels.com\\\/\",\"name\":\"PureJewels UK\",\"description\":\"Share the Love\",\"publisher\":{\"@id\":\"https:\\\/\\\/www.purejewels.com\\\/#organization\"},\"potentialAction\":[{\"@type\":\"SearchAction\",\"target\":{\"@type\":\"EntryPoint\",\"urlTemplate\":\"https:\\\/\\\/www.purejewels.com\\\/?s={search_term_string}\"},\"query-input\":{\"@type\":\"PropertyValueSpecification\",\"valueRequired\":true,\"valueName\":\"search_term_string\"}}],\"inLanguage\":\"tr\"},{\"@type\":\"Organization\",\"@id\":\"https:\\\/\\\/www.purejewels.com\\\/#organization\",\"name\":\"PureJewels UK\",\"url\":\"https:\\\/\\\/www.purejewels.com\\\/\",\"logo\":{\"@type\":\"ImageObject\",\"inLanguage\":\"tr\",\"@id\":\"https:\\\/\\\/www.purejewels.com\\\/#\\\/schema\\\/logo\\\/image\\\/\",\"url\":\"https:\\\/\\\/static.purejewels.com\\\/wp-content\\\/uploads\\\/2020\\\/11\\\/Logo-PJ-New-1.png\",\"contentUrl\":\"https:\\\/\\\/static.purejewels.com\\\/wp-content\\\/uploads\\\/2020\\\/11\\\/Logo-PJ-New-1.png\",\"width\":150,\"height\":80,\"caption\":\"PureJewels UK\"},\"image\":{\"@id\":\"https:\\\/\\\/www.purejewels.com\\\/#\\\/schema\\\/logo\\\/image\\\/\"}}]}<\/script>\n<!-- \/ Yoast SEO plugin. -->","yoast_head_json":{"title":"PureJewels UK'de online 22 Ayar Alt\u0131n Mangalsutra Bileklik","description":"Gelene\u011fin modern bir yorumu olan \u00e7arp\u0131c\u0131 22 Ayar Alt\u0131n Mangalsutra Bilekli\u011fimizi ke\u015ffedin. Siyah boncuklara sahip ve l\u00fcks alt\u0131ndan \u00fcretilmi\u015ftir.","robots":{"index":"index","follow":"follow","max-snippet":"max-snippet:-1","max-image-preview":"max-image-preview:large","max-video-preview":"max-video-preview:-1"},"canonical":"https:\/\/www.purejewels.com\/tr\/urun\/22-ayar-altin-bilezik-9\/","og_locale":"tr_TR","og_type":"article","og_title":"22ct Gold Mangalsutra Bracelet online at PureJewels UK","og_description":"Explore our stunning 22ct Gold Mangalsutra Bracelet, a modern take on tradition. Featuring black beads and crafted from luxurious gold.","og_url":"https:\/\/www.purejewels.com\/tr\/urun\/22-ayar-altin-bilezik-9\/","og_site_name":"PureJewels UK","article_modified_time":"2026-01-06T09:43:33+00:00","og_image":[{"width":1000,"height":1000,"url":"https:\/\/www.purejewels.com\/wp-content\/uploads\/2018\/08\/24672_2.png","type":"image\/png"}],"twitter_card":"summary_large_image","twitter_misc":{"Tahmini okuma s\u00fcresi":"1 dakika"},"schema":{"@context":"https:\/\/schema.org","@graph":[{"@type":["WebPage","ItemPage"],"@id":"https:\/\/www.purejewels.com\/product\/22ct-gold-bracelet-9\/","url":"https:\/\/www.purejewels.com\/product\/22ct-gold-bracelet-9\/","name":"PureJewels UK'de online 22 Ayar Alt\u0131n Mangalsutra Bileklik","isPartOf":{"@id":"https:\/\/www.purejewels.com\/#website"},"primaryImageOfPage":{"@id":"https:\/\/www.purejewels.com\/product\/22ct-gold-bracelet-9\/#primaryimage"},"image":{"@id":"https:\/\/www.purejewels.com\/product\/22ct-gold-bracelet-9\/#primaryimage"},"thumbnailUrl":"https:\/\/static.purejewels.com\/wp-content\/uploads\/2018\/08\/24672_2.png","datePublished":"2018-08-21T05:26:19+00:00","dateModified":"2026-01-06T09:43:33+00:00","description":"Gelene\u011fin modern bir yorumu olan \u00e7arp\u0131c\u0131 22 Ayar Alt\u0131n Mangalsutra Bilekli\u011fimizi ke\u015ffedin. Siyah boncuklara sahip ve l\u00fcks alt\u0131ndan \u00fcretilmi\u015ftir.","breadcrumb":{"@id":"https:\/\/www.purejewels.com\/product\/22ct-gold-bracelet-9\/#breadcrumb"},"inLanguage":"tr","potentialAction":[{"@type":"ReadAction","target":["https:\/\/www.purejewels.com\/product\/22ct-gold-bracelet-9\/"]}]},{"@type":"ImageObject","inLanguage":"tr","@id":"https:\/\/www.purejewels.com\/product\/22ct-gold-bracelet-9\/#primaryimage","url":"https:\/\/static.purejewels.com\/wp-content\/uploads\/2018\/08\/24672_2.png","contentUrl":"https:\/\/static.purejewels.com\/wp-content\/uploads\/2018\/08\/24672_2.png","width":1000,"height":1000,"caption":"24672_2"},{"@type":"BreadcrumbList","@id":"https:\/\/www.purejewels.com\/product\/22ct-gold-bracelet-9\/#breadcrumb","itemListElement":[{"@type":"ListItem","position":1,"name":"Home","item":"https:\/\/www.purejewels.com\/"},{"@type":"ListItem","position":2,"name":"Shop","item":"https:\/\/www.purejewels.com\/shop\/"},{"@type":"ListItem","position":3,"name":"22ct Gold Mangalsutra Bracelet"}]},{"@type":"WebSite","@id":"https:\/\/www.purejewels.com\/#website","url":"https:\/\/www.purejewels.com\/","name":"PureJewels \u0130ngiltere","description":"Sevgiyi Payla\u015f\u0131n","publisher":{"@id":"https:\/\/www.purejewels.com\/#organization"},"potentialAction":[{"@type":"SearchAction","target":{"@type":"EntryPoint","urlTemplate":"https:\/\/www.purejewels.com\/?s={search_term_string}"},"query-input":{"@type":"PropertyValueSpecification","valueRequired":true,"valueName":"search_term_string"}}],"inLanguage":"tr"},{"@type":"Organization","@id":"https:\/\/www.purejewels.com\/#organization","name":"PureJewels \u0130ngiltere","url":"https:\/\/www.purejewels.com\/","logo":{"@type":"ImageObject","inLanguage":"tr","@id":"https:\/\/www.purejewels.com\/#\/schema\/logo\/image\/","url":"https:\/\/static.purejewels.com\/wp-content\/uploads\/2020\/11\/Logo-PJ-New-1.png","contentUrl":"https:\/\/static.purejewels.com\/wp-content\/uploads\/2020\/11\/Logo-PJ-New-1.png","width":150,"height":80,"caption":"PureJewels UK"},"image":{"@id":"https:\/\/www.purejewels.com\/#\/schema\/logo\/image\/"}}]}},"_links":{"self":[{"href":"https:\/\/www.purejewels.com\/tr\/wp-json\/wp\/v2\/product\/302759","targetHints":{"allow":["GET"]}}],"collection":[{"href":"https:\/\/www.purejewels.com\/tr\/wp-json\/wp\/v2\/product"}],"about":[{"href":"https:\/\/www.purejewels.com\/tr\/wp-json\/wp\/v2\/types\/product"}],"replies":[{"embeddable":true,"href":"https:\/\/www.purejewels.com\/tr\/wp-json\/wp\/v2\/comments?post=302759"}],"version-history":[{"count":3,"href":"https:\/\/www.purejewels.com\/tr\/wp-json\/wp\/v2\/product\/302759\/revisions"}],"predecessor-version":[{"id":371292,"href":"https:\/\/www.purejewels.com\/tr\/wp-json\/wp\/v2\/product\/302759\/revisions\/371292"}],"wp:featuredmedia":[{"embeddable":true,"href":"https:\/\/www.purejewels.com\/tr\/wp-json\/wp\/v2\/media\/302760"}],"wp:attachment":[{"href":"https:\/\/www.purejewels.com\/tr\/wp-json\/wp\/v2\/media?parent=302759"}],"wp:term":[{"taxonomy":"product_brand","embeddable":true,"href":"https:\/\/www.purejewels.com\/tr\/wp-json\/wp\/v2\/product_brand?post=302759"},{"taxonomy":"product_cat","embeddable":true,"href":"https:\/\/www.purejewels.com\/tr\/wp-json\/wp\/v2\/product_cat?post=302759"},{"taxonomy":"product_tag","embeddable":true,"href":"https:\/\/www.purejewels.com\/tr\/wp-json\/wp\/v2\/product_tag?post=302759"}],"curies":[{"name":"wp","href":"https:\/\/api.w.org\/{rel}","templated":true}]}}