{"id":302770,"date":"2018-08-21T15:14:07","date_gmt":"2018-08-21T14:14:07","guid":{"rendered":"https:\/\/www.purejewels.com\/?post_type=product&#038;p=302770"},"modified":"2026-01-06T09:55:45","modified_gmt":"2026-01-06T09:55:45","slug":"22-ayar-altin-bilezik-11","status":"publish","type":"product","link":"https:\/\/www.purejewels.com\/tr\/product\/22ct-gold-bracelet-11\/","title":{"rendered":"22 ayar alt\u0131n klasik zincir bilezik"},"content":{"rendered":"<p><strong>Tasar\u0131m<\/strong><\/p>\n<p>Klasik kald\u0131r\u0131m kenar\u0131 ba\u011flant\u0131s\u0131 <a href=\"https:\/\/www.purejewels.com\/tr\/product-category\/22ct-gold-jewellery\/gold-bracelet\/\">Bilezik<\/a> G\u00fcnl\u00fck kullan\u0131mda g\u00fcven ve kal\u0131c\u0131 stil i\u00e7in tasarlanm\u0131\u015ft\u0131r. Birbirine ge\u00e7meli zincir halkalar\u0131, bile\u011fe rahat\u00e7a oturmas\u0131 i\u00e7in tasarlanm\u0131\u015ft\u0131r ve her duruma uygun cesur ama zarif bir estetik sunar.<\/p>\n<p><strong>Zanaatkarl\u0131k<\/strong><\/p>\n<p>Saf malzemeden ustal\u0131kla \u00fcretilmi\u015f <a href=\"https:\/\/www.purejewels.com\/tr\/product\/22ct-gold-jali-filigree-ring-jali-collection-31926\/\">22ct<\/a> Her bir halka, metalin parlak s\u0131cakl\u0131\u011f\u0131n\u0131 ve \u0131\u015f\u0131lt\u0131s\u0131n\u0131 vurgulamak i\u00e7in cilalanm\u0131\u015ft\u0131r. Bilezik, alt\u0131n safl\u0131\u011f\u0131n\u0131 ve orijinalli\u011fini onaylayan Birle\u015fik Krall\u0131k'ta ba\u011f\u0131ms\u0131z olarak damgalanm\u0131\u015ft\u0131r. G\u00fcvenli toka, g\u00fcn boyu rahat ve g\u00fcvenilir kullan\u0131m sa\u011flar.<\/p>\n<p><strong>\u015eekillendirme &amp; Hediyele\u015fme<\/strong><\/p>\n<p>Hem g\u00fcndelik hem de \u015f\u0131k k\u0131yafetlerle kolayca kombinlenebilen \u00e7ok y\u00f6nl\u00fc bir aksesuar. Minimalist bir g\u00f6r\u00fcn\u00fcm i\u00e7in tek ba\u015f\u0131na tak\u0131n veya daha etkileyici bir stil i\u00e7in di\u011fer bilezikler ve bilekliklerle birlikte kombinleyin. Do\u011fum g\u00fcnleri, y\u0131ld\u00f6n\u00fcmleri ve kutlamalar i\u00e7in d\u00fc\u015f\u00fcnceli bir hediye olan bu par\u00e7a, \u00f6m\u00fcr boyu sevgiyle saklanacak \u015fekilde tasarlanm\u0131\u015ft\u0131r.<\/p>","protected":false},"excerpt":{"rendered":"<ul>\n<li>22 Ayar Alt\u0131n Bileklik<\/li>\n<li>Lovely Daily, Ofis k\u0131yafetleri Bayanlar (Kad\u0131nlar) Bilezik<\/li>\n<li>A\u011f\u0131rl\u0131k 5.7 g<\/li>\n<li>SKU. 26671<\/li>\n<li>T\u00fcm fiyatlara KDV dahildir<\/li>\n<li>T\u00fcm \u00fcr\u00fcnlerimiz London Assay Office taraf\u0131ndan damgalanm\u0131\u015ft\u0131r<\/li>\n<li>Sunum kutusu ile birlikte gelir<\/li>\n<li>Teslimat Dahil<\/li>\n<li>Benzer Hint Alt\u0131n Bileziklerini ke\u015ffetmek i\u00e7in bize ula\u015f\u0131n \/ bizimle sohbet edin<\/li>\n<\/ul>","protected":false},"featured_media":302771,"comment_status":"closed","ping_status":"closed","template":"","meta":{"_eb_attr":"","_crsspst_to_jayantr4sg-hostcom":false},"product_brand":[],"product_cat":[1559,1571,1627,1229,1572,1628,1574],"product_tag":[],"class_list":{"0":"post-302770","1":"product","2":"type-product","3":"status-publish","4":"has-post-thumbnail","6":"product_cat-birthday-gifts","7":"product_cat-fathers-day-gifts","8":"product_cat-ladies-bracelet","9":"product_cat-22ct-gold-jewellery","10":"product_cat-mens-jewellery","11":"product_cat-mens-bracelet","12":"product_cat-womens-jewellery","14":"first","15":"outofstock","16":"taxable","17":"shipping-taxable","18":"product-type-simple","19":"add-to-wishlist-before_image"},"yoast_head":"<!-- This site is optimized with the Yoast SEO plugin v27.5 - https:\/\/yoast.com\/product\/yoast-seo-wordpress\/ -->\n<title>22ct Gold Classic Curb Bracelet | PureJewels UK | Buy Online<\/title>\n<meta name=\"description\" content=\"Shop the 22ct Gold Classic Curb Bracelet at PureJewels UK. A timeless curb-link design crafted in pure 22ct gold with a secure clasp fastening.\" \/>\n<meta name=\"robots\" content=\"index, follow, max-snippet:-1, max-image-preview:large, max-video-preview:-1\" \/>\n<link rel=\"canonical\" href=\"https:\/\/www.purejewels.com\/tr\/urun\/22-ayar-altin-bilezik-11\/\" \/>\n<meta property=\"og:locale\" content=\"tr_TR\" \/>\n<meta property=\"og:type\" content=\"article\" \/>\n<meta property=\"og:title\" content=\"22ct Gold Classic Curb Bracelet | PureJewels UK | Buy Online\" \/>\n<meta property=\"og:description\" content=\"Shop the 22ct Gold Classic Curb Bracelet at PureJewels UK. A timeless curb-link design crafted in pure 22ct gold with a secure clasp fastening.\" \/>\n<meta property=\"og:url\" content=\"https:\/\/www.purejewels.com\/tr\/urun\/22-ayar-altin-bilezik-11\/\" \/>\n<meta property=\"og:site_name\" content=\"PureJewels UK\" \/>\n<meta property=\"article:modified_time\" content=\"2026-01-06T09:55:45+00:00\" \/>\n<meta property=\"og:image\" content=\"https:\/\/static.purejewels.com\/wp-content\/uploads\/2018\/08\/26671_2-1.png\" \/>\n\t<meta property=\"og:image:width\" content=\"1000\" \/>\n\t<meta property=\"og:image:height\" content=\"1000\" \/>\n\t<meta property=\"og:image:type\" content=\"image\/png\" \/>\n<meta name=\"twitter:card\" content=\"summary_large_image\" \/>\n<meta name=\"twitter:label1\" content=\"Tahmini okuma s\u00fcresi\" \/>\n\t<meta name=\"twitter:data1\" content=\"1 dakika\" \/>\n<script type=\"application\/ld+json\" class=\"yoast-schema-graph\">{\"@context\":\"https:\\\/\\\/schema.org\",\"@graph\":[{\"@type\":[\"WebPage\",\"ItemPage\"],\"@id\":\"https:\\\/\\\/www.purejewels.com\\\/product\\\/22ct-gold-bracelet-11\\\/\",\"url\":\"https:\\\/\\\/www.purejewels.com\\\/product\\\/22ct-gold-bracelet-11\\\/\",\"name\":\"22ct Gold Classic Curb Bracelet | PureJewels UK | Buy Online\",\"isPartOf\":{\"@id\":\"https:\\\/\\\/www.purejewels.com\\\/#website\"},\"primaryImageOfPage\":{\"@id\":\"https:\\\/\\\/www.purejewels.com\\\/product\\\/22ct-gold-bracelet-11\\\/#primaryimage\"},\"image\":{\"@id\":\"https:\\\/\\\/www.purejewels.com\\\/product\\\/22ct-gold-bracelet-11\\\/#primaryimage\"},\"thumbnailUrl\":\"https:\\\/\\\/static.purejewels.com\\\/wp-content\\\/uploads\\\/2018\\\/08\\\/26671_2-1.png\",\"datePublished\":\"2018-08-21T14:14:07+00:00\",\"dateModified\":\"2026-01-06T09:55:45+00:00\",\"description\":\"Shop the 22ct Gold Classic Curb Bracelet at PureJewels UK. A timeless curb-link design crafted in pure 22ct gold with a secure clasp fastening.\",\"breadcrumb\":{\"@id\":\"https:\\\/\\\/www.purejewels.com\\\/product\\\/22ct-gold-bracelet-11\\\/#breadcrumb\"},\"inLanguage\":\"tr\",\"potentialAction\":[{\"@type\":\"ReadAction\",\"target\":[\"https:\\\/\\\/www.purejewels.com\\\/product\\\/22ct-gold-bracelet-11\\\/\"]}]},{\"@type\":\"ImageObject\",\"inLanguage\":\"tr\",\"@id\":\"https:\\\/\\\/www.purejewels.com\\\/product\\\/22ct-gold-bracelet-11\\\/#primaryimage\",\"url\":\"https:\\\/\\\/static.purejewels.com\\\/wp-content\\\/uploads\\\/2018\\\/08\\\/26671_2-1.png\",\"contentUrl\":\"https:\\\/\\\/static.purejewels.com\\\/wp-content\\\/uploads\\\/2018\\\/08\\\/26671_2-1.png\",\"width\":1000,\"height\":1000,\"caption\":\"26671_2\"},{\"@type\":\"BreadcrumbList\",\"@id\":\"https:\\\/\\\/www.purejewels.com\\\/product\\\/22ct-gold-bracelet-11\\\/#breadcrumb\",\"itemListElement\":[{\"@type\":\"ListItem\",\"position\":1,\"name\":\"Home\",\"item\":\"https:\\\/\\\/www.purejewels.com\\\/\"},{\"@type\":\"ListItem\",\"position\":2,\"name\":\"Shop\",\"item\":\"https:\\\/\\\/www.purejewels.com\\\/shop\\\/\"},{\"@type\":\"ListItem\",\"position\":3,\"name\":\"22ct Gold Classic Curb Bracelet\"}]},{\"@type\":\"WebSite\",\"@id\":\"https:\\\/\\\/www.purejewels.com\\\/#website\",\"url\":\"https:\\\/\\\/www.purejewels.com\\\/\",\"name\":\"PureJewels UK\",\"description\":\"Share the Love\",\"publisher\":{\"@id\":\"https:\\\/\\\/www.purejewels.com\\\/#organization\"},\"potentialAction\":[{\"@type\":\"SearchAction\",\"target\":{\"@type\":\"EntryPoint\",\"urlTemplate\":\"https:\\\/\\\/www.purejewels.com\\\/?s={search_term_string}\"},\"query-input\":{\"@type\":\"PropertyValueSpecification\",\"valueRequired\":true,\"valueName\":\"search_term_string\"}}],\"inLanguage\":\"tr\"},{\"@type\":\"Organization\",\"@id\":\"https:\\\/\\\/www.purejewels.com\\\/#organization\",\"name\":\"PureJewels UK\",\"url\":\"https:\\\/\\\/www.purejewels.com\\\/\",\"logo\":{\"@type\":\"ImageObject\",\"inLanguage\":\"tr\",\"@id\":\"https:\\\/\\\/www.purejewels.com\\\/#\\\/schema\\\/logo\\\/image\\\/\",\"url\":\"https:\\\/\\\/static.purejewels.com\\\/wp-content\\\/uploads\\\/2020\\\/11\\\/Logo-PJ-New-1.png\",\"contentUrl\":\"https:\\\/\\\/static.purejewels.com\\\/wp-content\\\/uploads\\\/2020\\\/11\\\/Logo-PJ-New-1.png\",\"width\":150,\"height\":80,\"caption\":\"PureJewels UK\"},\"image\":{\"@id\":\"https:\\\/\\\/www.purejewels.com\\\/#\\\/schema\\\/logo\\\/image\\\/\"}}]}<\/script>\n<!-- \/ Yoast SEO plugin. -->","yoast_head_json":{"title":"22 ayar alt\u0131n klasik zincir bilezik | PureJewels UK | Online sat\u0131n al","description":"PureJewels UK'de 22 ayar alt\u0131n klasik zincir bilezi\u011fi sat\u0131n al\u0131n. G\u00fcvenli bir toka ile sabitlenmi\u015f, saf 22 ayar alt\u0131ndan yap\u0131lm\u0131\u015f zamans\u0131z zincir ba\u011flant\u0131 tasar\u0131m\u0131.","robots":{"index":"index","follow":"follow","max-snippet":"max-snippet:-1","max-image-preview":"max-image-preview:large","max-video-preview":"max-video-preview:-1"},"canonical":"https:\/\/www.purejewels.com\/tr\/urun\/22-ayar-altin-bilezik-11\/","og_locale":"tr_TR","og_type":"article","og_title":"22ct Gold Classic Curb Bracelet | PureJewels UK | Buy Online","og_description":"Shop the 22ct Gold Classic Curb Bracelet at PureJewels UK. A timeless curb-link design crafted in pure 22ct gold with a secure clasp fastening.","og_url":"https:\/\/www.purejewels.com\/tr\/urun\/22-ayar-altin-bilezik-11\/","og_site_name":"PureJewels UK","article_modified_time":"2026-01-06T09:55:45+00:00","og_image":[{"width":1000,"height":1000,"url":"https:\/\/static.purejewels.com\/wp-content\/uploads\/2018\/08\/26671_2-1.png","type":"image\/png"}],"twitter_card":"summary_large_image","twitter_misc":{"Tahmini okuma s\u00fcresi":"1 dakika"},"schema":{"@context":"https:\/\/schema.org","@graph":[{"@type":["WebPage","ItemPage"],"@id":"https:\/\/www.purejewels.com\/product\/22ct-gold-bracelet-11\/","url":"https:\/\/www.purejewels.com\/product\/22ct-gold-bracelet-11\/","name":"22 ayar alt\u0131n klasik zincir bilezik | PureJewels UK | Online sat\u0131n al","isPartOf":{"@id":"https:\/\/www.purejewels.com\/#website"},"primaryImageOfPage":{"@id":"https:\/\/www.purejewels.com\/product\/22ct-gold-bracelet-11\/#primaryimage"},"image":{"@id":"https:\/\/www.purejewels.com\/product\/22ct-gold-bracelet-11\/#primaryimage"},"thumbnailUrl":"https:\/\/static.purejewels.com\/wp-content\/uploads\/2018\/08\/26671_2-1.png","datePublished":"2018-08-21T14:14:07+00:00","dateModified":"2026-01-06T09:55:45+00:00","description":"PureJewels UK'de 22 ayar alt\u0131n klasik zincir bilezi\u011fi sat\u0131n al\u0131n. G\u00fcvenli bir toka ile sabitlenmi\u015f, saf 22 ayar alt\u0131ndan yap\u0131lm\u0131\u015f zamans\u0131z zincir ba\u011flant\u0131 tasar\u0131m\u0131.","breadcrumb":{"@id":"https:\/\/www.purejewels.com\/product\/22ct-gold-bracelet-11\/#breadcrumb"},"inLanguage":"tr","potentialAction":[{"@type":"ReadAction","target":["https:\/\/www.purejewels.com\/product\/22ct-gold-bracelet-11\/"]}]},{"@type":"ImageObject","inLanguage":"tr","@id":"https:\/\/www.purejewels.com\/product\/22ct-gold-bracelet-11\/#primaryimage","url":"https:\/\/static.purejewels.com\/wp-content\/uploads\/2018\/08\/26671_2-1.png","contentUrl":"https:\/\/static.purejewels.com\/wp-content\/uploads\/2018\/08\/26671_2-1.png","width":1000,"height":1000,"caption":"26671_2"},{"@type":"BreadcrumbList","@id":"https:\/\/www.purejewels.com\/product\/22ct-gold-bracelet-11\/#breadcrumb","itemListElement":[{"@type":"ListItem","position":1,"name":"Home","item":"https:\/\/www.purejewels.com\/"},{"@type":"ListItem","position":2,"name":"Shop","item":"https:\/\/www.purejewels.com\/shop\/"},{"@type":"ListItem","position":3,"name":"22ct Gold Classic Curb Bracelet"}]},{"@type":"WebSite","@id":"https:\/\/www.purejewels.com\/#website","url":"https:\/\/www.purejewels.com\/","name":"PureJewels \u0130ngiltere","description":"Sevgiyi Payla\u015f\u0131n","publisher":{"@id":"https:\/\/www.purejewels.com\/#organization"},"potentialAction":[{"@type":"SearchAction","target":{"@type":"EntryPoint","urlTemplate":"https:\/\/www.purejewels.com\/?s={search_term_string}"},"query-input":{"@type":"PropertyValueSpecification","valueRequired":true,"valueName":"search_term_string"}}],"inLanguage":"tr"},{"@type":"Organization","@id":"https:\/\/www.purejewels.com\/#organization","name":"PureJewels \u0130ngiltere","url":"https:\/\/www.purejewels.com\/","logo":{"@type":"ImageObject","inLanguage":"tr","@id":"https:\/\/www.purejewels.com\/#\/schema\/logo\/image\/","url":"https:\/\/static.purejewels.com\/wp-content\/uploads\/2020\/11\/Logo-PJ-New-1.png","contentUrl":"https:\/\/static.purejewels.com\/wp-content\/uploads\/2020\/11\/Logo-PJ-New-1.png","width":150,"height":80,"caption":"PureJewels UK"},"image":{"@id":"https:\/\/www.purejewels.com\/#\/schema\/logo\/image\/"}}]}},"_links":{"self":[{"href":"https:\/\/www.purejewels.com\/tr\/wp-json\/wp\/v2\/product\/302770","targetHints":{"allow":["GET"]}}],"collection":[{"href":"https:\/\/www.purejewels.com\/tr\/wp-json\/wp\/v2\/product"}],"about":[{"href":"https:\/\/www.purejewels.com\/tr\/wp-json\/wp\/v2\/types\/product"}],"replies":[{"embeddable":true,"href":"https:\/\/www.purejewels.com\/tr\/wp-json\/wp\/v2\/comments?post=302770"}],"version-history":[{"count":2,"href":"https:\/\/www.purejewels.com\/tr\/wp-json\/wp\/v2\/product\/302770\/revisions"}],"predecessor-version":[{"id":422506,"href":"https:\/\/www.purejewels.com\/tr\/wp-json\/wp\/v2\/product\/302770\/revisions\/422506"}],"wp:featuredmedia":[{"embeddable":true,"href":"https:\/\/www.purejewels.com\/tr\/wp-json\/wp\/v2\/media\/302771"}],"wp:attachment":[{"href":"https:\/\/www.purejewels.com\/tr\/wp-json\/wp\/v2\/media?parent=302770"}],"wp:term":[{"taxonomy":"product_brand","embeddable":true,"href":"https:\/\/www.purejewels.com\/tr\/wp-json\/wp\/v2\/product_brand?post=302770"},{"taxonomy":"product_cat","embeddable":true,"href":"https:\/\/www.purejewels.com\/tr\/wp-json\/wp\/v2\/product_cat?post=302770"},{"taxonomy":"product_tag","embeddable":true,"href":"https:\/\/www.purejewels.com\/tr\/wp-json\/wp\/v2\/product_tag?post=302770"}],"curies":[{"name":"wp","href":"https:\/\/api.w.org\/{rel}","templated":true}]}}