{"id":302780,"date":"2018-08-21T15:57:02","date_gmt":"2018-08-21T14:57:02","guid":{"rendered":"https:\/\/www.purejewels.com\/?post_type=product&#038;p=302780"},"modified":"2026-01-06T09:43:34","modified_gmt":"2026-01-06T09:43:34","slug":"302780","status":"publish","type":"product","link":"https:\/\/www.purejewels.com\/tr\/product\/302780\/","title":{"rendered":"22 ayar alt\u0131n markiz charm bilezik"},"content":{"rendered":"<p><strong>Tasar\u0131m<\/strong><\/p>\n<p>Bu <a href=\"https:\/\/www.purejewels.com\/tr\/product-category\/22ct-gold-jewellery\/gold-bracelet\/\">Bilezik<\/a> I\u015f\u0131\u011f\u0131n oyununu vurgulamak i\u00e7in her biri ince dokularla i\u015flenmi\u015f markiz \u015fekilli damla \u015feklinde charmlarla s\u00fcslenmi\u015f zarif bir zincirden olu\u015fur. Charmlar\u0131n zarif hareketi, her harekete zarafet katan modern ve feminen bir siluet yarat\u0131r.<\/p>\n<p><strong>Zanaatkarl\u0131k<\/strong><\/p>\n<p>Saf el yap\u0131m\u0131 <a href=\"https:\/\/www.purejewels.com\/tr\/product\/22ct-gold-jali-filigree-ring-jali-collection-31926\/\">22ct<\/a> Alt\u0131n cilal\u0131 y\u00fczey ve detayl\u0131 i\u015f\u00e7ilik, yetenekli kuyumcular\u0131n sanat\u0131n\u0131 yans\u0131t\u0131yor. Bilezik, alt\u0131n safl\u0131\u011f\u0131n\u0131 ve otantik i\u015f\u00e7ili\u011fini onaylayan, Birle\u015fik Krall\u0131k'ta ba\u011f\u0131ms\u0131z olarak damgalanm\u0131\u015ft\u0131r. G\u00fcvenli bir toka, g\u00fcnl\u00fck kullan\u0131mda zahmetsiz rahatl\u0131k sa\u011flar.<\/p>\n<p><strong>\u015eekillendirme &amp; Hediyele\u015fme<\/strong><\/p>\n<p>G\u00fcndelik giyimden \u015f\u0131k giyime sorunsuzca ge\u00e7i\u015f yapan \u00e7ok y\u00f6nl\u00fc bir par\u00e7a. Zarif sadelik i\u00e7in tek ba\u015f\u0131na giyin veya bilezikler ve zincir bileziklerle kombinleyerek ki\u015fisel stilinizi yans\u0131t\u0131n. Do\u011fum g\u00fcnleri, y\u0131ld\u00f6n\u00fcmleri ve ne\u015feli kutlamalar i\u00e7in \u00f6zenle se\u00e7ilmi\u015f bir hediye se\u00e7ene\u011fi.<\/p>","protected":false},"excerpt":{"rendered":"<ul>\n<li>T\u0131ls\u0131ml\u0131 22 Ayar Alt\u0131n Bileklik<\/li>\n<li>G\u00fczel G\u00fcnl\u00fck, Ofis giyim Bayan Bileklik<\/li>\n<li>A\u011f\u0131rl\u0131k 3.9 g<\/li>\n<li>T\u00fcm fiyatlara KDV dahildir<\/li>\n<li>T\u00fcm \u00dcr\u00fcnlerimiz Londra Tahlil Ofisi Taraf\u0131ndan Damgalanm\u0131\u015ft\u0131r<\/li>\n<li>T\u00fcm Hint Alt\u0131n Bilekliklerimiz sunum kutusu ile birlikte gelir<\/li>\n<li>Teslimat Dahil<\/li>\n<li>\u00dcr\u00fcn Videosu i\u00e7in Bize Ula\u015f\u0131n \/ Bizimle Sohbet Edin<\/li>\n<\/ul>","protected":false},"featured_media":302781,"comment_status":"closed","ping_status":"closed","template":"","meta":{"_eb_attr":"","_crsspst_to_jayantr4sg-hostcom":false},"product_brand":[],"product_cat":[1559,1627,1573,1574],"product_tag":[],"class_list":{"0":"post-302780","1":"product","2":"type-product","3":"status-publish","4":"has-post-thumbnail","6":"product_cat-birthday-gifts","7":"product_cat-ladies-bracelet","8":"product_cat-wedding-gifts","9":"product_cat-womens-jewellery","11":"first","12":"outofstock","13":"taxable","14":"shipping-taxable","15":"product-type-simple","16":"add-to-wishlist-before_image"},"yoast_head":"<!-- This site is optimized with the Yoast SEO plugin v27.3 - https:\/\/yoast.com\/product\/yoast-seo-wordpress\/ -->\n<title>22ct Gold Marquise Charm Bracelet | PureJewels UK | Shop Online<\/title>\n<meta name=\"description\" content=\"Discover the 22ct Gold Marquise Charm Bracelet at PureJewels UK. A delicate chain bracelet with textured marquise-shaped charms crafted in pure 22ct gold.\" \/>\n<meta name=\"robots\" content=\"index, follow, max-snippet:-1, max-image-preview:large, max-video-preview:-1\" \/>\n<link rel=\"canonical\" href=\"https:\/\/www.purejewels.com\/tr\/urun\/302780\/\" \/>\n<meta property=\"og:locale\" content=\"tr_TR\" \/>\n<meta property=\"og:type\" content=\"article\" \/>\n<meta property=\"og:title\" content=\"22ct Gold Marquise Charm Bracelet | PureJewels UK | Shop Online\" \/>\n<meta property=\"og:description\" content=\"Discover the 22ct Gold Marquise Charm Bracelet at PureJewels UK. A delicate chain bracelet with textured marquise-shaped charms crafted in pure 22ct gold.\" \/>\n<meta property=\"og:url\" content=\"https:\/\/www.purejewels.com\/tr\/urun\/302780\/\" \/>\n<meta property=\"og:site_name\" content=\"PureJewels UK\" \/>\n<meta property=\"article:modified_time\" content=\"2026-01-06T09:43:34+00:00\" \/>\n<meta property=\"og:image\" content=\"https:\/\/static.purejewels.com\/wp-content\/uploads\/2018\/08\/27132_2.png\" \/>\n\t<meta property=\"og:image:width\" content=\"1000\" \/>\n\t<meta property=\"og:image:height\" content=\"1000\" \/>\n\t<meta property=\"og:image:type\" content=\"image\/png\" \/>\n<meta name=\"twitter:card\" content=\"summary_large_image\" \/>\n<meta name=\"twitter:label1\" content=\"Tahmini okuma s\u00fcresi\" \/>\n\t<meta name=\"twitter:data1\" content=\"1 dakika\" \/>\n<script type=\"application\/ld+json\" class=\"yoast-schema-graph\">{\"@context\":\"https:\\\/\\\/schema.org\",\"@graph\":[{\"@type\":[\"WebPage\",\"ItemPage\"],\"@id\":\"https:\\\/\\\/www.purejewels.com\\\/product\\\/302780\\\/\",\"url\":\"https:\\\/\\\/www.purejewels.com\\\/product\\\/302780\\\/\",\"name\":\"22ct Gold Marquise Charm Bracelet | PureJewels UK | Shop Online\",\"isPartOf\":{\"@id\":\"https:\\\/\\\/www.purejewels.com\\\/#website\"},\"primaryImageOfPage\":{\"@id\":\"https:\\\/\\\/www.purejewels.com\\\/product\\\/302780\\\/#primaryimage\"},\"image\":{\"@id\":\"https:\\\/\\\/www.purejewels.com\\\/product\\\/302780\\\/#primaryimage\"},\"thumbnailUrl\":\"https:\\\/\\\/static.purejewels.com\\\/wp-content\\\/uploads\\\/2018\\\/08\\\/27132_2.png\",\"datePublished\":\"2018-08-21T14:57:02+00:00\",\"dateModified\":\"2026-01-06T09:43:34+00:00\",\"description\":\"Discover the 22ct Gold Marquise Charm Bracelet at PureJewels UK. A delicate chain bracelet with textured marquise-shaped charms crafted in pure 22ct gold.\",\"breadcrumb\":{\"@id\":\"https:\\\/\\\/www.purejewels.com\\\/product\\\/302780\\\/#breadcrumb\"},\"inLanguage\":\"tr\",\"potentialAction\":[{\"@type\":\"ReadAction\",\"target\":[\"https:\\\/\\\/www.purejewels.com\\\/product\\\/302780\\\/\"]}]},{\"@type\":\"ImageObject\",\"inLanguage\":\"tr\",\"@id\":\"https:\\\/\\\/www.purejewels.com\\\/product\\\/302780\\\/#primaryimage\",\"url\":\"https:\\\/\\\/static.purejewels.com\\\/wp-content\\\/uploads\\\/2018\\\/08\\\/27132_2.png\",\"contentUrl\":\"https:\\\/\\\/static.purejewels.com\\\/wp-content\\\/uploads\\\/2018\\\/08\\\/27132_2.png\",\"width\":1000,\"height\":1000,\"caption\":\"27132_2\"},{\"@type\":\"BreadcrumbList\",\"@id\":\"https:\\\/\\\/www.purejewels.com\\\/product\\\/302780\\\/#breadcrumb\",\"itemListElement\":[{\"@type\":\"ListItem\",\"position\":1,\"name\":\"Home\",\"item\":\"https:\\\/\\\/www.purejewels.com\\\/\"},{\"@type\":\"ListItem\",\"position\":2,\"name\":\"Shop\",\"item\":\"https:\\\/\\\/www.purejewels.com\\\/shop\\\/\"},{\"@type\":\"ListItem\",\"position\":3,\"name\":\"22ct Gold Marquise Charm Bracelet\"}]},{\"@type\":\"WebSite\",\"@id\":\"https:\\\/\\\/www.purejewels.com\\\/#website\",\"url\":\"https:\\\/\\\/www.purejewels.com\\\/\",\"name\":\"PureJewels UK\",\"description\":\"Share the Love\",\"publisher\":{\"@id\":\"https:\\\/\\\/www.purejewels.com\\\/#organization\"},\"potentialAction\":[{\"@type\":\"SearchAction\",\"target\":{\"@type\":\"EntryPoint\",\"urlTemplate\":\"https:\\\/\\\/www.purejewels.com\\\/?s={search_term_string}\"},\"query-input\":{\"@type\":\"PropertyValueSpecification\",\"valueRequired\":true,\"valueName\":\"search_term_string\"}}],\"inLanguage\":\"tr\"},{\"@type\":\"Organization\",\"@id\":\"https:\\\/\\\/www.purejewels.com\\\/#organization\",\"name\":\"PureJewels UK\",\"url\":\"https:\\\/\\\/www.purejewels.com\\\/\",\"logo\":{\"@type\":\"ImageObject\",\"inLanguage\":\"tr\",\"@id\":\"https:\\\/\\\/www.purejewels.com\\\/#\\\/schema\\\/logo\\\/image\\\/\",\"url\":\"https:\\\/\\\/static.purejewels.com\\\/wp-content\\\/uploads\\\/2020\\\/11\\\/Logo-PJ-New-1.png\",\"contentUrl\":\"https:\\\/\\\/static.purejewels.com\\\/wp-content\\\/uploads\\\/2020\\\/11\\\/Logo-PJ-New-1.png\",\"width\":150,\"height\":80,\"caption\":\"PureJewels UK\"},\"image\":{\"@id\":\"https:\\\/\\\/www.purejewels.com\\\/#\\\/schema\\\/logo\\\/image\\\/\"}}]}<\/script>\n<!-- \/ Yoast SEO plugin. -->","yoast_head_json":{"title":"22 ayar alt\u0131n markiz charm bilezik | PureJewels UK | Online Al\u0131\u015fveri\u015f","description":"PureJewels UK'de 22 ayar alt\u0131n markiz charm bilezi\u011fi ke\u015ffedin. Saf 22 ayar alt\u0131ndan yap\u0131lm\u0131\u015f, dokulu markiz \u015fekilli charm'larla s\u00fcslenmi\u015f zarif bir zincir bilezik.","robots":{"index":"index","follow":"follow","max-snippet":"max-snippet:-1","max-image-preview":"max-image-preview:large","max-video-preview":"max-video-preview:-1"},"canonical":"https:\/\/www.purejewels.com\/tr\/urun\/302780\/","og_locale":"tr_TR","og_type":"article","og_title":"22ct Gold Marquise Charm Bracelet | PureJewels UK | Shop Online","og_description":"Discover the 22ct Gold Marquise Charm Bracelet at PureJewels UK. A delicate chain bracelet with textured marquise-shaped charms crafted in pure 22ct gold.","og_url":"https:\/\/www.purejewels.com\/tr\/urun\/302780\/","og_site_name":"PureJewels UK","article_modified_time":"2026-01-06T09:43:34+00:00","og_image":[{"width":1000,"height":1000,"url":"https:\/\/static.purejewels.com\/wp-content\/uploads\/2018\/08\/27132_2.png","type":"image\/png"}],"twitter_card":"summary_large_image","twitter_misc":{"Tahmini okuma s\u00fcresi":"1 dakika"},"schema":{"@context":"https:\/\/schema.org","@graph":[{"@type":["WebPage","ItemPage"],"@id":"https:\/\/www.purejewels.com\/product\/302780\/","url":"https:\/\/www.purejewels.com\/product\/302780\/","name":"22 ayar alt\u0131n markiz charm bilezik | PureJewels UK | Online Al\u0131\u015fveri\u015f","isPartOf":{"@id":"https:\/\/www.purejewels.com\/#website"},"primaryImageOfPage":{"@id":"https:\/\/www.purejewels.com\/product\/302780\/#primaryimage"},"image":{"@id":"https:\/\/www.purejewels.com\/product\/302780\/#primaryimage"},"thumbnailUrl":"https:\/\/static.purejewels.com\/wp-content\/uploads\/2018\/08\/27132_2.png","datePublished":"2018-08-21T14:57:02+00:00","dateModified":"2026-01-06T09:43:34+00:00","description":"PureJewels UK'de 22 ayar alt\u0131n markiz charm bilezi\u011fi ke\u015ffedin. Saf 22 ayar alt\u0131ndan yap\u0131lm\u0131\u015f, dokulu markiz \u015fekilli charm'larla s\u00fcslenmi\u015f zarif bir zincir bilezik.","breadcrumb":{"@id":"https:\/\/www.purejewels.com\/product\/302780\/#breadcrumb"},"inLanguage":"tr","potentialAction":[{"@type":"ReadAction","target":["https:\/\/www.purejewels.com\/product\/302780\/"]}]},{"@type":"ImageObject","inLanguage":"tr","@id":"https:\/\/www.purejewels.com\/product\/302780\/#primaryimage","url":"https:\/\/static.purejewels.com\/wp-content\/uploads\/2018\/08\/27132_2.png","contentUrl":"https:\/\/static.purejewels.com\/wp-content\/uploads\/2018\/08\/27132_2.png","width":1000,"height":1000,"caption":"27132_2"},{"@type":"BreadcrumbList","@id":"https:\/\/www.purejewels.com\/product\/302780\/#breadcrumb","itemListElement":[{"@type":"ListItem","position":1,"name":"Home","item":"https:\/\/www.purejewels.com\/"},{"@type":"ListItem","position":2,"name":"Shop","item":"https:\/\/www.purejewels.com\/shop\/"},{"@type":"ListItem","position":3,"name":"22ct Gold Marquise Charm Bracelet"}]},{"@type":"WebSite","@id":"https:\/\/www.purejewels.com\/#website","url":"https:\/\/www.purejewels.com\/","name":"PureJewels \u0130ngiltere","description":"Sevgiyi Payla\u015f\u0131n","publisher":{"@id":"https:\/\/www.purejewels.com\/#organization"},"potentialAction":[{"@type":"SearchAction","target":{"@type":"EntryPoint","urlTemplate":"https:\/\/www.purejewels.com\/?s={search_term_string}"},"query-input":{"@type":"PropertyValueSpecification","valueRequired":true,"valueName":"search_term_string"}}],"inLanguage":"tr"},{"@type":"Organization","@id":"https:\/\/www.purejewels.com\/#organization","name":"PureJewels \u0130ngiltere","url":"https:\/\/www.purejewels.com\/","logo":{"@type":"ImageObject","inLanguage":"tr","@id":"https:\/\/www.purejewels.com\/#\/schema\/logo\/image\/","url":"https:\/\/static.purejewels.com\/wp-content\/uploads\/2020\/11\/Logo-PJ-New-1.png","contentUrl":"https:\/\/static.purejewels.com\/wp-content\/uploads\/2020\/11\/Logo-PJ-New-1.png","width":150,"height":80,"caption":"PureJewels UK"},"image":{"@id":"https:\/\/www.purejewels.com\/#\/schema\/logo\/image\/"}}]}},"_links":{"self":[{"href":"https:\/\/www.purejewels.com\/tr\/wp-json\/wp\/v2\/product\/302780","targetHints":{"allow":["GET"]}}],"collection":[{"href":"https:\/\/www.purejewels.com\/tr\/wp-json\/wp\/v2\/product"}],"about":[{"href":"https:\/\/www.purejewels.com\/tr\/wp-json\/wp\/v2\/types\/product"}],"replies":[{"embeddable":true,"href":"https:\/\/www.purejewels.com\/tr\/wp-json\/wp\/v2\/comments?post=302780"}],"version-history":[{"count":1,"href":"https:\/\/www.purejewels.com\/tr\/wp-json\/wp\/v2\/product\/302780\/revisions"}],"predecessor-version":[{"id":422525,"href":"https:\/\/www.purejewels.com\/tr\/wp-json\/wp\/v2\/product\/302780\/revisions\/422525"}],"wp:featuredmedia":[{"embeddable":true,"href":"https:\/\/www.purejewels.com\/tr\/wp-json\/wp\/v2\/media\/302781"}],"wp:attachment":[{"href":"https:\/\/www.purejewels.com\/tr\/wp-json\/wp\/v2\/media?parent=302780"}],"wp:term":[{"taxonomy":"product_brand","embeddable":true,"href":"https:\/\/www.purejewels.com\/tr\/wp-json\/wp\/v2\/product_brand?post=302780"},{"taxonomy":"product_cat","embeddable":true,"href":"https:\/\/www.purejewels.com\/tr\/wp-json\/wp\/v2\/product_cat?post=302780"},{"taxonomy":"product_tag","embeddable":true,"href":"https:\/\/www.purejewels.com\/tr\/wp-json\/wp\/v2\/product_tag?post=302780"}],"curies":[{"name":"wp","href":"https:\/\/api.w.org\/{rel}","templated":true}]}}