{"id":302874,"date":"2018-08-28T06:17:54","date_gmt":"2018-08-28T05:17:54","guid":{"rendered":"https:\/\/www.purejewels.com\/?post_type=product&#038;p=302874"},"modified":"2025-12-23T07:43:05","modified_gmt":"2025-12-23T07:43:05","slug":"22-ayar-altin-cz-saplama-kupe-4","status":"publish","type":"product","link":"https:\/\/www.purejewels.com\/tr\/product\/22ct-gold-cz-stud-earring-4\/","title":{"rendered":"22 ayar alt\u0131n CZ \u00e7i\u00e7ek desenli halo k\u00fcpe"},"content":{"rendered":"<p><strong>Tasar\u0131m<\/strong><\/p>\n<p>Bu g\u00fczel dengelenmi\u015f \u00e7iviler <a href=\"https:\/\/www.purejewels.com\/tr\/product-category\/22ct-gold-jewellery\/gold-earrings\/\">K\u00fcpeler<\/a> klasik \u00e7i\u00e7ek halka motifinden ilham alm\u0131\u015ft\u0131r. Ortada, daha k\u00fc\u00e7\u00fck yuvarlak CZ ta\u015flarla zarif bir \u015fekilde \u00e7er\u00e7evelenmi\u015f oval kesim k\u00fcbik zirkon yer almaktad\u0131r. Dalgal\u0131 alt\u0131n \u00e7er\u00e7eve, \u00e7i\u00e7ek siluetini vurgular ve \u0131\u015f\u0131\u011f\u0131n her a\u00e7\u0131dan yumu\u015fak bir \u015fekilde yans\u0131t\u0131lmas\u0131n\u0131 sa\u011flarken, zengin s\u0131cakl\u0131\u011f\u0131 da vurgular. <a href=\"https:\/\/www.purejewels.com\/tr\/product\/22ct-gold-jali-filigree-ring-jali-collection-31926\/\">22ct<\/a> alt\u0131n.<\/p>\n<p><strong>Zanaatkarl\u0131k<\/strong><\/p>\n<p>Parlak 22 ayar alt\u0131nla ustaca i\u015flenmi\u015f her bir k\u00fcpe, PureJewels'in hassasiyete ve geleneksel zanaatkarl\u0131\u011fa olan ba\u011fl\u0131l\u0131\u011f\u0131n\u0131 yans\u0131t\u0131yor. K\u00fcbik zirkon ta\u015flar, simetri, parlakl\u0131k ve dayan\u0131kl\u0131l\u0131k sa\u011flamak i\u00e7in \u00f6zenle elle yerle\u015ftirilmi\u015ftir. Alt\u0131n kenarlardaki ince detaylar, derinlik ve doku katarak hem zarif hem de dayan\u0131kl\u0131 bir par\u00e7a yarat\u0131yor.<\/p>\n<p><strong>Stil<\/strong><\/p>\n<p>Zarif ve \u00e7ok y\u00f6nl\u00fc olan bu 22 ayar alt\u0131n CZ \u00e7i\u00e7ek k\u00fcpeler, g\u00fcnl\u00fck kullan\u0131m, \u00f6zel g\u00fcnler veya anlaml\u0131 hediyeler i\u00e7in idealdir. Zamans\u0131z tasar\u0131mlar\u0131, hem geleneksel k\u0131yafetlerle hem de modern kombinlerle kolayca uyum sa\u011flar ve onlar\u0131 her m\u00fccevher koleksiyonunda de\u011ferli bir temel par\u00e7a haline getirir. Zarif ancak abart\u0131s\u0131z olan bu k\u00fcpeler, hayat\u0131n her a\u015famas\u0131nda kal\u0131c\u0131 bir g\u00fczellik sunar.<\/p>","protected":false},"excerpt":{"rendered":"<p>Zamans\u0131z \u00e7i\u00e7ek motifli k\u00fcpe, parlak 22 ayar alt\u0131nla i\u015flenmi\u015f, ortas\u0131nda k\u00fcbik zirkonya ta\u015f ve onu \u00e7evreleyen narin bir \u0131\u015f\u0131lt\u0131 halesi ile s\u00fcslenmi\u015ftir.<\/p>\n<ul>\n<li>22 Ayar Alt\u0131n CZ Saplama K\u00fcpe<\/li>\n<li>K\u00fcbik Zirkon Ta\u015fl\u0131<\/li>\n<li>A\u011f\u0131rl\u0131k 2,6 gms<\/li>\n<li>T\u00fcm fiyatlara KDV dahildir<\/li>\n<li>Londra Tahlil Ofisi Taraf\u0131ndan Damgalanm\u0131\u015f 22 Ayar Alt\u0131n<\/li>\n<li>Sunum Kutusu ile Birlikte Gelir<\/li>\n<li>Teslimat Dahil<\/li>\n<li>Stok durumu ve stokta bulunan benzer tasar\u0131mlar\u0131n daha fazla g\u00f6r\u00fcnt\u00fcs\u00fc i\u00e7in bizimle canl\u0131 sohbet edin<\/li>\n<\/ul>","protected":false},"featured_media":303780,"comment_status":"closed","ping_status":"closed","template":"","meta":{"_eb_attr":"","_crsspst_to_jayantr4sg-hostcom":false},"product_brand":[],"product_cat":[1229,1577],"product_tag":[],"class_list":{"0":"post-302874","1":"product","2":"type-product","3":"status-publish","4":"has-post-thumbnail","6":"product_cat-22ct-gold-jewellery","7":"product_cat-stud-earrings","9":"first","10":"outofstock","11":"taxable","12":"shipping-taxable","13":"product-type-simple","14":"add-to-wishlist-before_image"},"yoast_head":"<!-- This site is optimized with the Yoast SEO plugin v27.3 - https:\/\/yoast.com\/product\/yoast-seo-wordpress\/ -->\n<title>22ct Gold CZ Floral Halo Stud Earrings | PureJewels London<\/title>\n<meta name=\"description\" content=\"Classic 22ct gold stud earrings featuring a floral halo of sparkling cubic zirconia. Timeless elegance and fine craftsmanship by PureJewels London.\" \/>\n<meta name=\"robots\" content=\"index, follow, max-snippet:-1, max-image-preview:large, max-video-preview:-1\" \/>\n<link rel=\"canonical\" href=\"https:\/\/www.purejewels.com\/tr\/urun\/22-ayar-altin-cz-saplama-kupe-4\/\" \/>\n<meta property=\"og:locale\" content=\"tr_TR\" \/>\n<meta property=\"og:type\" content=\"article\" \/>\n<meta property=\"og:title\" content=\"22ct Gold CZ Floral Halo Stud Earrings | PureJewels London\" \/>\n<meta property=\"og:description\" content=\"Classic 22ct gold stud earrings featuring a floral halo of sparkling cubic zirconia. Timeless elegance and fine craftsmanship by PureJewels London.\" \/>\n<meta property=\"og:url\" content=\"https:\/\/www.purejewels.com\/tr\/urun\/22-ayar-altin-cz-saplama-kupe-4\/\" \/>\n<meta property=\"og:site_name\" content=\"PureJewels UK\" \/>\n<meta property=\"article:modified_time\" content=\"2025-12-23T07:43:05+00:00\" \/>\n<meta property=\"og:image\" content=\"https:\/\/static.purejewels.com\/wp-content\/uploads\/2018\/08\/26904_1-copy.png\" \/>\n\t<meta property=\"og:image:width\" content=\"1000\" \/>\n\t<meta property=\"og:image:height\" content=\"1000\" \/>\n\t<meta property=\"og:image:type\" content=\"image\/png\" \/>\n<meta name=\"twitter:card\" content=\"summary_large_image\" \/>\n<meta name=\"twitter:label1\" content=\"Tahmini okuma s\u00fcresi\" \/>\n\t<meta name=\"twitter:data1\" content=\"1 dakika\" \/>\n<script type=\"application\/ld+json\" class=\"yoast-schema-graph\">{\"@context\":\"https:\\\/\\\/schema.org\",\"@graph\":[{\"@type\":[\"WebPage\",\"ItemPage\"],\"@id\":\"https:\\\/\\\/www.purejewels.com\\\/product\\\/22ct-gold-cz-stud-earring-4\\\/\",\"url\":\"https:\\\/\\\/www.purejewels.com\\\/product\\\/22ct-gold-cz-stud-earring-4\\\/\",\"name\":\"22ct Gold CZ Floral Halo Stud Earrings | PureJewels London\",\"isPartOf\":{\"@id\":\"https:\\\/\\\/www.purejewels.com\\\/#website\"},\"primaryImageOfPage\":{\"@id\":\"https:\\\/\\\/www.purejewels.com\\\/product\\\/22ct-gold-cz-stud-earring-4\\\/#primaryimage\"},\"image\":{\"@id\":\"https:\\\/\\\/www.purejewels.com\\\/product\\\/22ct-gold-cz-stud-earring-4\\\/#primaryimage\"},\"thumbnailUrl\":\"https:\\\/\\\/static.purejewels.com\\\/wp-content\\\/uploads\\\/2018\\\/08\\\/26904_1-copy.png\",\"datePublished\":\"2018-08-28T05:17:54+00:00\",\"dateModified\":\"2025-12-23T07:43:05+00:00\",\"description\":\"Classic 22ct gold stud earrings featuring a floral halo of sparkling cubic zirconia. Timeless elegance and fine craftsmanship by PureJewels London.\",\"breadcrumb\":{\"@id\":\"https:\\\/\\\/www.purejewels.com\\\/product\\\/22ct-gold-cz-stud-earring-4\\\/#breadcrumb\"},\"inLanguage\":\"tr\",\"potentialAction\":[{\"@type\":\"ReadAction\",\"target\":[\"https:\\\/\\\/www.purejewels.com\\\/product\\\/22ct-gold-cz-stud-earring-4\\\/\"]}]},{\"@type\":\"ImageObject\",\"inLanguage\":\"tr\",\"@id\":\"https:\\\/\\\/www.purejewels.com\\\/product\\\/22ct-gold-cz-stud-earring-4\\\/#primaryimage\",\"url\":\"https:\\\/\\\/static.purejewels.com\\\/wp-content\\\/uploads\\\/2018\\\/08\\\/26904_1-copy.png\",\"contentUrl\":\"https:\\\/\\\/static.purejewels.com\\\/wp-content\\\/uploads\\\/2018\\\/08\\\/26904_1-copy.png\",\"width\":1000,\"height\":1000,\"caption\":\"26904_1 copy\"},{\"@type\":\"BreadcrumbList\",\"@id\":\"https:\\\/\\\/www.purejewels.com\\\/product\\\/22ct-gold-cz-stud-earring-4\\\/#breadcrumb\",\"itemListElement\":[{\"@type\":\"ListItem\",\"position\":1,\"name\":\"Home\",\"item\":\"https:\\\/\\\/www.purejewels.com\\\/\"},{\"@type\":\"ListItem\",\"position\":2,\"name\":\"Shop\",\"item\":\"https:\\\/\\\/www.purejewels.com\\\/shop\\\/\"},{\"@type\":\"ListItem\",\"position\":3,\"name\":\"22ct Gold CZ Floral Halo Stud Earrings\"}]},{\"@type\":\"WebSite\",\"@id\":\"https:\\\/\\\/www.purejewels.com\\\/#website\",\"url\":\"https:\\\/\\\/www.purejewels.com\\\/\",\"name\":\"PureJewels UK\",\"description\":\"Share the Love\",\"publisher\":{\"@id\":\"https:\\\/\\\/www.purejewels.com\\\/#organization\"},\"potentialAction\":[{\"@type\":\"SearchAction\",\"target\":{\"@type\":\"EntryPoint\",\"urlTemplate\":\"https:\\\/\\\/www.purejewels.com\\\/?s={search_term_string}\"},\"query-input\":{\"@type\":\"PropertyValueSpecification\",\"valueRequired\":true,\"valueName\":\"search_term_string\"}}],\"inLanguage\":\"tr\"},{\"@type\":\"Organization\",\"@id\":\"https:\\\/\\\/www.purejewels.com\\\/#organization\",\"name\":\"PureJewels UK\",\"url\":\"https:\\\/\\\/www.purejewels.com\\\/\",\"logo\":{\"@type\":\"ImageObject\",\"inLanguage\":\"tr\",\"@id\":\"https:\\\/\\\/www.purejewels.com\\\/#\\\/schema\\\/logo\\\/image\\\/\",\"url\":\"https:\\\/\\\/static.purejewels.com\\\/wp-content\\\/uploads\\\/2020\\\/11\\\/Logo-PJ-New-1.png\",\"contentUrl\":\"https:\\\/\\\/static.purejewels.com\\\/wp-content\\\/uploads\\\/2020\\\/11\\\/Logo-PJ-New-1.png\",\"width\":150,\"height\":80,\"caption\":\"PureJewels UK\"},\"image\":{\"@id\":\"https:\\\/\\\/www.purejewels.com\\\/#\\\/schema\\\/logo\\\/image\\\/\"}}]}<\/script>\n<!-- \/ Yoast SEO plugin. -->","yoast_head_json":{"title":"22 ayar alt\u0131n CZ \u00e7i\u00e7ek desenli halo k\u00fcpe | PureJewels London","description":"Parlak k\u00fcbik zirkonya \u00e7i\u00e7ek halosu ile s\u00fcslenmi\u015f klasik 22 ayar alt\u0131n saplama k\u00fcpeler. PureJewels London'\u0131n zamans\u0131z zarafeti ve ince i\u015f\u00e7ili\u011fi.","robots":{"index":"index","follow":"follow","max-snippet":"max-snippet:-1","max-image-preview":"max-image-preview:large","max-video-preview":"max-video-preview:-1"},"canonical":"https:\/\/www.purejewels.com\/tr\/urun\/22-ayar-altin-cz-saplama-kupe-4\/","og_locale":"tr_TR","og_type":"article","og_title":"22ct Gold CZ Floral Halo Stud Earrings | PureJewels London","og_description":"Classic 22ct gold stud earrings featuring a floral halo of sparkling cubic zirconia. Timeless elegance and fine craftsmanship by PureJewels London.","og_url":"https:\/\/www.purejewels.com\/tr\/urun\/22-ayar-altin-cz-saplama-kupe-4\/","og_site_name":"PureJewels UK","article_modified_time":"2025-12-23T07:43:05+00:00","og_image":[{"width":1000,"height":1000,"url":"https:\/\/static.purejewels.com\/wp-content\/uploads\/2018\/08\/26904_1-copy.png","type":"image\/png"}],"twitter_card":"summary_large_image","twitter_misc":{"Tahmini okuma s\u00fcresi":"1 dakika"},"schema":{"@context":"https:\/\/schema.org","@graph":[{"@type":["WebPage","ItemPage"],"@id":"https:\/\/www.purejewels.com\/product\/22ct-gold-cz-stud-earring-4\/","url":"https:\/\/www.purejewels.com\/product\/22ct-gold-cz-stud-earring-4\/","name":"22 ayar alt\u0131n CZ \u00e7i\u00e7ek desenli halo k\u00fcpe | PureJewels London","isPartOf":{"@id":"https:\/\/www.purejewels.com\/#website"},"primaryImageOfPage":{"@id":"https:\/\/www.purejewels.com\/product\/22ct-gold-cz-stud-earring-4\/#primaryimage"},"image":{"@id":"https:\/\/www.purejewels.com\/product\/22ct-gold-cz-stud-earring-4\/#primaryimage"},"thumbnailUrl":"https:\/\/static.purejewels.com\/wp-content\/uploads\/2018\/08\/26904_1-copy.png","datePublished":"2018-08-28T05:17:54+00:00","dateModified":"2025-12-23T07:43:05+00:00","description":"Parlak k\u00fcbik zirkonya \u00e7i\u00e7ek halosu ile s\u00fcslenmi\u015f klasik 22 ayar alt\u0131n saplama k\u00fcpeler. PureJewels London'\u0131n zamans\u0131z zarafeti ve ince i\u015f\u00e7ili\u011fi.","breadcrumb":{"@id":"https:\/\/www.purejewels.com\/product\/22ct-gold-cz-stud-earring-4\/#breadcrumb"},"inLanguage":"tr","potentialAction":[{"@type":"ReadAction","target":["https:\/\/www.purejewels.com\/product\/22ct-gold-cz-stud-earring-4\/"]}]},{"@type":"ImageObject","inLanguage":"tr","@id":"https:\/\/www.purejewels.com\/product\/22ct-gold-cz-stud-earring-4\/#primaryimage","url":"https:\/\/static.purejewels.com\/wp-content\/uploads\/2018\/08\/26904_1-copy.png","contentUrl":"https:\/\/static.purejewels.com\/wp-content\/uploads\/2018\/08\/26904_1-copy.png","width":1000,"height":1000,"caption":"26904_1 copy"},{"@type":"BreadcrumbList","@id":"https:\/\/www.purejewels.com\/product\/22ct-gold-cz-stud-earring-4\/#breadcrumb","itemListElement":[{"@type":"ListItem","position":1,"name":"Home","item":"https:\/\/www.purejewels.com\/"},{"@type":"ListItem","position":2,"name":"Shop","item":"https:\/\/www.purejewels.com\/shop\/"},{"@type":"ListItem","position":3,"name":"22ct Gold CZ Floral Halo Stud Earrings"}]},{"@type":"WebSite","@id":"https:\/\/www.purejewels.com\/#website","url":"https:\/\/www.purejewels.com\/","name":"PureJewels \u0130ngiltere","description":"Sevgiyi Payla\u015f\u0131n","publisher":{"@id":"https:\/\/www.purejewels.com\/#organization"},"potentialAction":[{"@type":"SearchAction","target":{"@type":"EntryPoint","urlTemplate":"https:\/\/www.purejewels.com\/?s={search_term_string}"},"query-input":{"@type":"PropertyValueSpecification","valueRequired":true,"valueName":"search_term_string"}}],"inLanguage":"tr"},{"@type":"Organization","@id":"https:\/\/www.purejewels.com\/#organization","name":"PureJewels \u0130ngiltere","url":"https:\/\/www.purejewels.com\/","logo":{"@type":"ImageObject","inLanguage":"tr","@id":"https:\/\/www.purejewels.com\/#\/schema\/logo\/image\/","url":"https:\/\/static.purejewels.com\/wp-content\/uploads\/2020\/11\/Logo-PJ-New-1.png","contentUrl":"https:\/\/static.purejewels.com\/wp-content\/uploads\/2020\/11\/Logo-PJ-New-1.png","width":150,"height":80,"caption":"PureJewels UK"},"image":{"@id":"https:\/\/www.purejewels.com\/#\/schema\/logo\/image\/"}}]}},"_links":{"self":[{"href":"https:\/\/www.purejewels.com\/tr\/wp-json\/wp\/v2\/product\/302874","targetHints":{"allow":["GET"]}}],"collection":[{"href":"https:\/\/www.purejewels.com\/tr\/wp-json\/wp\/v2\/product"}],"about":[{"href":"https:\/\/www.purejewels.com\/tr\/wp-json\/wp\/v2\/types\/product"}],"replies":[{"embeddable":true,"href":"https:\/\/www.purejewels.com\/tr\/wp-json\/wp\/v2\/comments?post=302874"}],"version-history":[{"count":2,"href":"https:\/\/www.purejewels.com\/tr\/wp-json\/wp\/v2\/product\/302874\/revisions"}],"predecessor-version":[{"id":423741,"href":"https:\/\/www.purejewels.com\/tr\/wp-json\/wp\/v2\/product\/302874\/revisions\/423741"}],"wp:featuredmedia":[{"embeddable":true,"href":"https:\/\/www.purejewels.com\/tr\/wp-json\/wp\/v2\/media\/303780"}],"wp:attachment":[{"href":"https:\/\/www.purejewels.com\/tr\/wp-json\/wp\/v2\/media?parent=302874"}],"wp:term":[{"taxonomy":"product_brand","embeddable":true,"href":"https:\/\/www.purejewels.com\/tr\/wp-json\/wp\/v2\/product_brand?post=302874"},{"taxonomy":"product_cat","embeddable":true,"href":"https:\/\/www.purejewels.com\/tr\/wp-json\/wp\/v2\/product_cat?post=302874"},{"taxonomy":"product_tag","embeddable":true,"href":"https:\/\/www.purejewels.com\/tr\/wp-json\/wp\/v2\/product_tag?post=302874"}],"curies":[{"name":"wp","href":"https:\/\/api.w.org\/{rel}","templated":true}]}}