{"id":302877,"date":"2018-08-28T11:45:42","date_gmt":"2018-08-28T10:45:42","guid":{"rendered":"https:\/\/www.purejewels.com\/?post_type=product&#038;p=302877"},"modified":"2025-12-30T07:08:22","modified_gmt":"2025-12-30T07:08:22","slug":"22-ayar-altin-inci-saplama-kupe","status":"publish","type":"product","link":"https:\/\/www.purejewels.com\/tr\/product\/22ct-gold-pearl-stud-earring\/","title":{"rendered":"22 Ayar Alt\u0131n \u0130nci Kulak Saplama K\u00fcpe"},"content":{"rendered":"<p><strong>Zarif ve Klasik Stil:<\/strong><br \/>\nBu inci k\u00fcpe, her m\u00fccevher koleksiyonunun vazge\u00e7ilmez par\u00e7as\u0131d\u0131r. 22 ayar sar\u0131 alt\u0131nla i\u015flenmi\u015f bu k\u00fcpe, sadelik ve l\u00fcks\u00fc bir araya getirir.<\/p>\n<p><strong>Ger\u00e7ek \u0130nci Aksesuar:<\/strong><br \/>\nHer bir k\u00fcpe, g\u00fcvenli ve \u015f\u0131k bir g\u00f6r\u00fcn\u00fcm i\u00e7in 6 \u00e7atal ayar ile sa\u011flam bir \u015fekilde tutturulmu\u015f parlak do\u011fal inciye sahiptir.<\/p>\n<p><strong>Her ya\u015f i\u00e7in m\u00fckemmel:<\/strong><br \/>\nG\u00fcnl\u00fck kullan\u0131m veya resmi giyim i\u00e7in olsun, bu k\u00fcpeler her ya\u015ftan ve her tarzdan kad\u0131na yak\u0131\u015f\u0131r.<\/p>\n<p><strong>G\u00fcvenli Uyum:<\/strong><br \/>\nVida veya itmeli tutturma mekanizmas\u0131yla (tercihinize g\u00f6re) t\u00fcm g\u00fcn boyunca rahatl\u0131k ve huzur sa\u011flar.<\/p>\n<p><strong>\u0130deal Hediye Se\u00e7imi:<\/strong><br \/>\nD\u00fc\u015f\u00fcnceli ve zamans\u0131z olan bu k\u00fcpeler, do\u011fum g\u00fcnleri, d\u00fc\u011f\u00fcnler, y\u0131ld\u00f6n\u00fcmleri veya \u00f6zel birine zarif bir hediye olarak m\u00fckemmeldir.<\/p>","protected":false},"excerpt":{"rendered":"<p>22 ayar sar\u0131 alt\u0131ndan i\u015flenmi\u015f klasik inci k\u00fcpeler, her ortamda zamans\u0131z bir zarafet ve \u015f\u0131kl\u0131k katar.<\/p>\n<ul>\n<li>22 Ayar Alt\u0131n \u0130nci Kulak Saplama K\u00fcpe<\/li>\n<li>A\u011f\u0131rl\u0131k 1,1 gms<\/li>\n<li>SKU. 26062<\/li>\n<li>T\u00fcm fiyatlara KDV dahildir<\/li>\n<li>T\u00fcm \u00fcr\u00fcnlerimiz Londra Tahlil Ofisi taraf\u0131ndan damgalanm\u0131\u015ft\u0131r<\/li>\n<li>Sunum Kutusu ile Birlikte Gelir<\/li>\n<li>Teslimat Dahil<\/li>\n<li>\u00dcr\u00fcn videosu i\u00e7in bize ula\u015f\u0131n \/ bizimle sohbet edin<\/li>\n<\/ul>","protected":false},"featured_media":303773,"comment_status":"closed","ping_status":"closed","template":"","meta":{"_eb_attr":"","_crsspst_to_jayantr4sg-hostcom":false},"product_brand":[],"product_cat":[1576,1229,1577,1573,1574],"product_tag":[],"class_list":{"0":"post-302877","1":"product","2":"type-product","3":"status-publish","4":"has-post-thumbnail","6":"product_cat-childrens-jewellery","7":"product_cat-22ct-gold-jewellery","8":"product_cat-stud-earrings","9":"product_cat-wedding-gifts","10":"product_cat-womens-jewellery","12":"first","13":"outofstock","14":"featured","15":"taxable","16":"shipping-taxable","17":"product-type-simple","18":"add-to-wishlist-before_image"},"yoast_head":"<!-- This site is optimized with the Yoast SEO plugin v27.3 - https:\/\/yoast.com\/product\/yoast-seo-wordpress\/ -->\n<title>22ct Gold Pearl Stud Earrings | Classic Elegance | PureJewels UK<\/title>\n<meta name=\"description\" content=\"Discover timeless beauty with our 22ct gold pearl stud earrings. Elegant and versatile, ideal for everyday wear or special occasions.\" \/>\n<meta name=\"robots\" content=\"index, follow, max-snippet:-1, max-image-preview:large, max-video-preview:-1\" \/>\n<link rel=\"canonical\" href=\"https:\/\/www.purejewels.com\/tr\/urun\/22-ayar-altin-inci-saplama-kupe\/\" \/>\n<meta property=\"og:locale\" content=\"tr_TR\" \/>\n<meta property=\"og:type\" content=\"article\" \/>\n<meta property=\"og:title\" content=\"22ct Gold Pearl Stud Earrings | Classic Elegance | PureJewels UK\" \/>\n<meta property=\"og:description\" content=\"Discover timeless beauty with our 22ct gold pearl stud earrings. Elegant and versatile, ideal for everyday wear or special occasions.\" \/>\n<meta property=\"og:url\" content=\"https:\/\/www.purejewels.com\/tr\/urun\/22-ayar-altin-inci-saplama-kupe\/\" \/>\n<meta property=\"og:site_name\" content=\"PureJewels UK\" \/>\n<meta property=\"article:modified_time\" content=\"2025-12-30T07:08:22+00:00\" \/>\n<meta property=\"og:image\" content=\"https:\/\/static.purejewels.com\/wp-content\/uploads\/2018\/08\/26062_1-copy.png\" \/>\n\t<meta property=\"og:image:width\" content=\"1000\" \/>\n\t<meta property=\"og:image:height\" content=\"1000\" \/>\n\t<meta property=\"og:image:type\" content=\"image\/png\" \/>\n<meta name=\"twitter:card\" content=\"summary_large_image\" \/>\n<meta name=\"twitter:label1\" content=\"Tahmini okuma s\u00fcresi\" \/>\n\t<meta name=\"twitter:data1\" content=\"1 dakika\" \/>\n<script type=\"application\/ld+json\" class=\"yoast-schema-graph\">{\"@context\":\"https:\\\/\\\/schema.org\",\"@graph\":[{\"@type\":[\"WebPage\",\"ItemPage\"],\"@id\":\"https:\\\/\\\/www.purejewels.com\\\/product\\\/22ct-gold-pearl-stud-earring\\\/\",\"url\":\"https:\\\/\\\/www.purejewels.com\\\/product\\\/22ct-gold-pearl-stud-earring\\\/\",\"name\":\"22ct Gold Pearl Stud Earrings | Classic Elegance | PureJewels UK\",\"isPartOf\":{\"@id\":\"https:\\\/\\\/www.purejewels.com\\\/#website\"},\"primaryImageOfPage\":{\"@id\":\"https:\\\/\\\/www.purejewels.com\\\/product\\\/22ct-gold-pearl-stud-earring\\\/#primaryimage\"},\"image\":{\"@id\":\"https:\\\/\\\/www.purejewels.com\\\/product\\\/22ct-gold-pearl-stud-earring\\\/#primaryimage\"},\"thumbnailUrl\":\"https:\\\/\\\/static.purejewels.com\\\/wp-content\\\/uploads\\\/2018\\\/08\\\/26062_1-copy.png\",\"datePublished\":\"2018-08-28T10:45:42+00:00\",\"dateModified\":\"2025-12-30T07:08:22+00:00\",\"description\":\"Discover timeless beauty with our 22ct gold pearl stud earrings. Elegant and versatile, ideal for everyday wear or special occasions.\",\"breadcrumb\":{\"@id\":\"https:\\\/\\\/www.purejewels.com\\\/product\\\/22ct-gold-pearl-stud-earring\\\/#breadcrumb\"},\"inLanguage\":\"tr\",\"potentialAction\":[{\"@type\":\"ReadAction\",\"target\":[\"https:\\\/\\\/www.purejewels.com\\\/product\\\/22ct-gold-pearl-stud-earring\\\/\"]}]},{\"@type\":\"ImageObject\",\"inLanguage\":\"tr\",\"@id\":\"https:\\\/\\\/www.purejewels.com\\\/product\\\/22ct-gold-pearl-stud-earring\\\/#primaryimage\",\"url\":\"https:\\\/\\\/static.purejewels.com\\\/wp-content\\\/uploads\\\/2018\\\/08\\\/26062_1-copy.png\",\"contentUrl\":\"https:\\\/\\\/static.purejewels.com\\\/wp-content\\\/uploads\\\/2018\\\/08\\\/26062_1-copy.png\",\"width\":1000,\"height\":1000,\"caption\":\"26062_1 copy\"},{\"@type\":\"BreadcrumbList\",\"@id\":\"https:\\\/\\\/www.purejewels.com\\\/product\\\/22ct-gold-pearl-stud-earring\\\/#breadcrumb\",\"itemListElement\":[{\"@type\":\"ListItem\",\"position\":1,\"name\":\"Home\",\"item\":\"https:\\\/\\\/www.purejewels.com\\\/\"},{\"@type\":\"ListItem\",\"position\":2,\"name\":\"Shop\",\"item\":\"https:\\\/\\\/www.purejewels.com\\\/shop\\\/\"},{\"@type\":\"ListItem\",\"position\":3,\"name\":\"22ct Gold Pearl Ear Stud Earrings\"}]},{\"@type\":\"WebSite\",\"@id\":\"https:\\\/\\\/www.purejewels.com\\\/#website\",\"url\":\"https:\\\/\\\/www.purejewels.com\\\/\",\"name\":\"PureJewels UK\",\"description\":\"Share the Love\",\"publisher\":{\"@id\":\"https:\\\/\\\/www.purejewels.com\\\/#organization\"},\"potentialAction\":[{\"@type\":\"SearchAction\",\"target\":{\"@type\":\"EntryPoint\",\"urlTemplate\":\"https:\\\/\\\/www.purejewels.com\\\/?s={search_term_string}\"},\"query-input\":{\"@type\":\"PropertyValueSpecification\",\"valueRequired\":true,\"valueName\":\"search_term_string\"}}],\"inLanguage\":\"tr\"},{\"@type\":\"Organization\",\"@id\":\"https:\\\/\\\/www.purejewels.com\\\/#organization\",\"name\":\"PureJewels UK\",\"url\":\"https:\\\/\\\/www.purejewels.com\\\/\",\"logo\":{\"@type\":\"ImageObject\",\"inLanguage\":\"tr\",\"@id\":\"https:\\\/\\\/www.purejewels.com\\\/#\\\/schema\\\/logo\\\/image\\\/\",\"url\":\"https:\\\/\\\/static.purejewels.com\\\/wp-content\\\/uploads\\\/2020\\\/11\\\/Logo-PJ-New-1.png\",\"contentUrl\":\"https:\\\/\\\/static.purejewels.com\\\/wp-content\\\/uploads\\\/2020\\\/11\\\/Logo-PJ-New-1.png\",\"width\":150,\"height\":80,\"caption\":\"PureJewels UK\"},\"image\":{\"@id\":\"https:\\\/\\\/www.purejewels.com\\\/#\\\/schema\\\/logo\\\/image\\\/\"}}]}<\/script>\n<!-- \/ Yoast SEO plugin. -->","yoast_head_json":{"title":"22 ayar alt\u0131n inci k\u00fcpe | Klasik zarafet | PureJewels UK","description":"22 ayar alt\u0131n inci k\u00fcpe ile zamans\u0131z g\u00fczelli\u011fi ke\u015ffedin. Zarif ve \u00e7ok y\u00f6nl\u00fc, g\u00fcnl\u00fck kullan\u0131m veya \u00f6zel g\u00fcnler i\u00e7in ideal.","robots":{"index":"index","follow":"follow","max-snippet":"max-snippet:-1","max-image-preview":"max-image-preview:large","max-video-preview":"max-video-preview:-1"},"canonical":"https:\/\/www.purejewels.com\/tr\/urun\/22-ayar-altin-inci-saplama-kupe\/","og_locale":"tr_TR","og_type":"article","og_title":"22ct Gold Pearl Stud Earrings | Classic Elegance | PureJewels UK","og_description":"Discover timeless beauty with our 22ct gold pearl stud earrings. Elegant and versatile, ideal for everyday wear or special occasions.","og_url":"https:\/\/www.purejewels.com\/tr\/urun\/22-ayar-altin-inci-saplama-kupe\/","og_site_name":"PureJewels UK","article_modified_time":"2025-12-30T07:08:22+00:00","og_image":[{"width":1000,"height":1000,"url":"https:\/\/static.purejewels.com\/wp-content\/uploads\/2018\/08\/26062_1-copy.png","type":"image\/png"}],"twitter_card":"summary_large_image","twitter_misc":{"Tahmini okuma s\u00fcresi":"1 dakika"},"schema":{"@context":"https:\/\/schema.org","@graph":[{"@type":["WebPage","ItemPage"],"@id":"https:\/\/www.purejewels.com\/product\/22ct-gold-pearl-stud-earring\/","url":"https:\/\/www.purejewels.com\/product\/22ct-gold-pearl-stud-earring\/","name":"22 ayar alt\u0131n inci k\u00fcpe | Klasik zarafet | PureJewels UK","isPartOf":{"@id":"https:\/\/www.purejewels.com\/#website"},"primaryImageOfPage":{"@id":"https:\/\/www.purejewels.com\/product\/22ct-gold-pearl-stud-earring\/#primaryimage"},"image":{"@id":"https:\/\/www.purejewels.com\/product\/22ct-gold-pearl-stud-earring\/#primaryimage"},"thumbnailUrl":"https:\/\/static.purejewels.com\/wp-content\/uploads\/2018\/08\/26062_1-copy.png","datePublished":"2018-08-28T10:45:42+00:00","dateModified":"2025-12-30T07:08:22+00:00","description":"22 ayar alt\u0131n inci k\u00fcpe ile zamans\u0131z g\u00fczelli\u011fi ke\u015ffedin. Zarif ve \u00e7ok y\u00f6nl\u00fc, g\u00fcnl\u00fck kullan\u0131m veya \u00f6zel g\u00fcnler i\u00e7in ideal.","breadcrumb":{"@id":"https:\/\/www.purejewels.com\/product\/22ct-gold-pearl-stud-earring\/#breadcrumb"},"inLanguage":"tr","potentialAction":[{"@type":"ReadAction","target":["https:\/\/www.purejewels.com\/product\/22ct-gold-pearl-stud-earring\/"]}]},{"@type":"ImageObject","inLanguage":"tr","@id":"https:\/\/www.purejewels.com\/product\/22ct-gold-pearl-stud-earring\/#primaryimage","url":"https:\/\/static.purejewels.com\/wp-content\/uploads\/2018\/08\/26062_1-copy.png","contentUrl":"https:\/\/static.purejewels.com\/wp-content\/uploads\/2018\/08\/26062_1-copy.png","width":1000,"height":1000,"caption":"26062_1 copy"},{"@type":"BreadcrumbList","@id":"https:\/\/www.purejewels.com\/product\/22ct-gold-pearl-stud-earring\/#breadcrumb","itemListElement":[{"@type":"ListItem","position":1,"name":"Home","item":"https:\/\/www.purejewels.com\/"},{"@type":"ListItem","position":2,"name":"Shop","item":"https:\/\/www.purejewels.com\/shop\/"},{"@type":"ListItem","position":3,"name":"22ct Gold Pearl Ear Stud Earrings"}]},{"@type":"WebSite","@id":"https:\/\/www.purejewels.com\/#website","url":"https:\/\/www.purejewels.com\/","name":"PureJewels \u0130ngiltere","description":"Sevgiyi Payla\u015f\u0131n","publisher":{"@id":"https:\/\/www.purejewels.com\/#organization"},"potentialAction":[{"@type":"SearchAction","target":{"@type":"EntryPoint","urlTemplate":"https:\/\/www.purejewels.com\/?s={search_term_string}"},"query-input":{"@type":"PropertyValueSpecification","valueRequired":true,"valueName":"search_term_string"}}],"inLanguage":"tr"},{"@type":"Organization","@id":"https:\/\/www.purejewels.com\/#organization","name":"PureJewels \u0130ngiltere","url":"https:\/\/www.purejewels.com\/","logo":{"@type":"ImageObject","inLanguage":"tr","@id":"https:\/\/www.purejewels.com\/#\/schema\/logo\/image\/","url":"https:\/\/static.purejewels.com\/wp-content\/uploads\/2020\/11\/Logo-PJ-New-1.png","contentUrl":"https:\/\/static.purejewels.com\/wp-content\/uploads\/2020\/11\/Logo-PJ-New-1.png","width":150,"height":80,"caption":"PureJewels UK"},"image":{"@id":"https:\/\/www.purejewels.com\/#\/schema\/logo\/image\/"}}]}},"_links":{"self":[{"href":"https:\/\/www.purejewels.com\/tr\/wp-json\/wp\/v2\/product\/302877","targetHints":{"allow":["GET"]}}],"collection":[{"href":"https:\/\/www.purejewels.com\/tr\/wp-json\/wp\/v2\/product"}],"about":[{"href":"https:\/\/www.purejewels.com\/tr\/wp-json\/wp\/v2\/types\/product"}],"replies":[{"embeddable":true,"href":"https:\/\/www.purejewels.com\/tr\/wp-json\/wp\/v2\/comments?post=302877"}],"version-history":[{"count":2,"href":"https:\/\/www.purejewels.com\/tr\/wp-json\/wp\/v2\/product\/302877\/revisions"}],"predecessor-version":[{"id":424023,"href":"https:\/\/www.purejewels.com\/tr\/wp-json\/wp\/v2\/product\/302877\/revisions\/424023"}],"wp:featuredmedia":[{"embeddable":true,"href":"https:\/\/www.purejewels.com\/tr\/wp-json\/wp\/v2\/media\/303773"}],"wp:attachment":[{"href":"https:\/\/www.purejewels.com\/tr\/wp-json\/wp\/v2\/media?parent=302877"}],"wp:term":[{"taxonomy":"product_brand","embeddable":true,"href":"https:\/\/www.purejewels.com\/tr\/wp-json\/wp\/v2\/product_brand?post=302877"},{"taxonomy":"product_cat","embeddable":true,"href":"https:\/\/www.purejewels.com\/tr\/wp-json\/wp\/v2\/product_cat?post=302877"},{"taxonomy":"product_tag","embeddable":true,"href":"https:\/\/www.purejewels.com\/tr\/wp-json\/wp\/v2\/product_tag?post=302877"}],"curies":[{"name":"wp","href":"https:\/\/api.w.org\/{rel}","templated":true}]}}