{"id":302970,"date":"2018-09-03T06:17:26","date_gmt":"2018-09-03T05:17:26","guid":{"rendered":"https:\/\/www.purejewels.com\/?post_type=product&#038;p=302970"},"modified":"2025-12-16T12:03:54","modified_gmt":"2025-12-16T12:03:54","slug":"18-ayar-beyaz-altin-pirlanta-burun-ignesi-2","status":"publish","type":"product","link":"https:\/\/www.purejewels.com\/tr\/product\/18ct-white-gold-diamond-nose-pin-2\/","title":{"rendered":"18 ayar beyaz alt\u0131n p\u0131rlanta burun pimi \u2013 \u00c7i\u00e7ek k\u00fcmesi tasar\u0131m\u0131"},"content":{"rendered":"<p>Gelenekleri \u015f\u0131k bir \u015fekilde onurland\u0131ran modern kad\u0131nlar i\u00e7in tasarlanan bu 18 ayar beyaz alt\u0131n <a href=\"https:\/\/www.purejewels.com\/tr\/product\/18ct-white-gold-diamond-nose-stud-uk-34153\/\">Elmas Burun Pimi<\/a> narin g\u00fczelli\u011fin ve hassas i\u015f\u00e7ili\u011fin bir kutlamas\u0131d\u0131r.<\/p>\n<p>Yumu\u015fak bir \u00e7i\u00e7ek formunda d\u00f6rt adet ince i\u015flenmi\u015f yuvarlak elmas ile s\u00fcslenmi\u015f bu par\u00e7a, saf 18 ayar beyaz alt\u0131ndan d\u00f6v\u00fclerek \u00fcretilmi\u015ftir \u2014 damgal\u0131 ve \u0130ngiltere'de \u00fcretilmi\u015ftir. \u0130nce l\u00fcks ve k\u00fclt\u00fcrel zarafetin m\u00fckemmel dengesi ile g\u00fcnl\u00fck kullan\u0131m veya \u00f6zel t\u00f6renler i\u00e7in idealdir.<\/p>\n<p><strong>Tasar\u0131m<\/strong><\/p>\n<ul>\n<li>D\u00f6rt adet hassas kesim p\u0131rlanta ile i\u015flenmi\u015f minik \u00e7i\u00e7ek motifi<\/li>\n<li>Konfor ve g\u00fcvenli oturma i\u00e7in tasarlanm\u0131\u015f \u015f\u0131k profil<\/li>\n<li>I\u015f\u0131lt\u0131l\u0131 parlakl\u0131k ile sade zarafet<\/li>\n<\/ul>\n<p><strong>Zanaatkarl\u0131k<\/strong><\/p>\n<ul>\n<li>\u0130ngiltere'de 18 ayar beyaz alt\u0131n kullan\u0131larak \u00fcretilmi\u015ftir.<\/li>\n<li>Londra Assay Office taraf\u0131ndan orijinalli\u011fi onaylanm\u0131\u015ft\u0131r.<\/li>\n<li>Kal\u0131c\u0131 parlakl\u0131k i\u00e7in \u00f6zenle yerle\u015ftirilmi\u015f elmaslar<\/li>\n<\/ul>\n<p><strong>Stil<\/strong><\/p>\n<ul>\n<li>D\u00fc\u011f\u00fcnler, hediyeler veya modern g\u00fcnl\u00fck s\u00fcslemeler i\u00e7in idealdir.<\/li>\n<li>Di\u011fer beyaz alt\u0131n veya p\u0131rlanta tak\u0131larla m\u00fckemmel uyum sa\u011flar.<\/li>\n<li>PureJewels'\u0131n \u00f6zel kutusu i\u00e7inde sunulur, hediye etmek veya saklamak i\u00e7in haz\u0131rd\u0131r.<\/li>\n<\/ul>","protected":false},"excerpt":{"rendered":"<p>El yap\u0131m\u0131 18 ayar beyaz alt\u0131n p\u0131rlanta burun pimi, zarif d\u00f6rt ta\u015fl\u0131 \u00e7i\u00e7ek motifiyle hassas bir \u0131\u015f\u0131lt\u0131 ve g\u00fcnl\u00fck \u015f\u0131kl\u0131k sunar.<\/p>\n<ul>\n<li>Elmas Burun i\u011fnesi \u0130ngiltere<\/li>\n<li>18 ayar Beyaz Alt\u0131n<\/li>\n<li>G\u00fcnl\u00fck Kullan\u0131ma Uygun Burun Tak\u0131lar\u0131<\/li>\n<li>0,05 ct Yuvarlak Parlak Kesim 4 Do\u011fal P\u0131rlanta<\/li>\n<li>Toplam a\u011f\u0131rl\u0131k 0,31 g<\/li>\n<li>T\u00fcp Kal\u0131nl\u0131\u011f\u0131. 1 mm\n<ul>\n<li>P\u0131rlanta Berrakl\u0131\u011f\u0131. VVS<\/li>\n<li>P\u0131rlanta Rengi. G - H<\/li>\n<\/ul>\n<\/li>\n<li>Sertifika No. <strong>SGLJ332684G<\/strong><\/li>\n<li>T\u00fcm fiyatlara KDV dahildir<\/li>\n<li>Sunum Kutusu ile Birlikte Gelir<\/li>\n<li>Teslimat Dahil<\/li>\n<li>\u00dcr\u00fcn videosu i\u00e7in bize ula\u015f\u0131n \/ bizimle canl\u0131 sohbet edin<\/li>\n<\/ul>","protected":false},"featured_media":302972,"comment_status":"closed","ping_status":"closed","template":"","meta":{"_eb_attr":"","_crsspst_to_jayantr4sg-hostcom":false},"product_brand":[],"product_cat":[1530,1574],"product_tag":[],"class_list":{"0":"post-302970","1":"product","2":"type-product","3":"status-publish","4":"has-post-thumbnail","6":"product_cat-diamond-nose-pin","7":"product_cat-womens-jewellery","9":"first","10":"outofstock","11":"taxable","12":"shipping-taxable","13":"product-type-simple","14":"add-to-wishlist-before_image"},"yoast_head":"<!-- This site is optimized with the Yoast SEO plugin v27.3 - https:\/\/yoast.com\/product\/yoast-seo-wordpress\/ -->\n<title>18ct White Gold Diamond Nose Pin | Elegant Design | PureJewels<\/title>\n<meta name=\"description\" content=\"Discover understated beauty with our 18ct White Gold Diamond Nose Pin, handcrafted in the UK. Featuring a refined floral motif with brilliant diamonds for subtle sparkle.\" \/>\n<meta name=\"robots\" content=\"index, follow, max-snippet:-1, max-image-preview:large, max-video-preview:-1\" \/>\n<link rel=\"canonical\" href=\"https:\/\/www.purejewels.com\/tr\/urun\/18-ayar-beyaz-altin-pirlanta-burun-ignesi-2\/\" \/>\n<meta property=\"og:locale\" content=\"tr_TR\" \/>\n<meta property=\"og:type\" content=\"article\" \/>\n<meta property=\"og:title\" content=\"18ct White Gold Diamond Nose Pin | Elegant Design | PureJewels\" \/>\n<meta property=\"og:description\" content=\"Discover understated beauty with our 18ct White Gold Diamond Nose Pin, handcrafted in the UK. Featuring a refined floral motif with brilliant diamonds for subtle sparkle.\" \/>\n<meta property=\"og:url\" content=\"https:\/\/www.purejewels.com\/tr\/urun\/18-ayar-beyaz-altin-pirlanta-burun-ignesi-2\/\" \/>\n<meta property=\"og:site_name\" content=\"PureJewels UK\" \/>\n<meta property=\"article:modified_time\" content=\"2025-12-16T12:03:54+00:00\" \/>\n<meta property=\"og:image\" content=\"https:\/\/static.purejewels.com\/wp-content\/uploads\/2018\/09\/28102-2.png\" \/>\n\t<meta property=\"og:image:width\" content=\"1000\" \/>\n\t<meta property=\"og:image:height\" content=\"1000\" \/>\n\t<meta property=\"og:image:type\" content=\"image\/png\" \/>\n<meta name=\"twitter:card\" content=\"summary_large_image\" \/>\n<meta name=\"twitter:label1\" content=\"Tahmini okuma s\u00fcresi\" \/>\n\t<meta name=\"twitter:data1\" content=\"1 dakika\" \/>\n<script type=\"application\/ld+json\" class=\"yoast-schema-graph\">{\"@context\":\"https:\\\/\\\/schema.org\",\"@graph\":[{\"@type\":[\"WebPage\",\"ItemPage\"],\"@id\":\"https:\\\/\\\/www.purejewels.com\\\/product\\\/18ct-white-gold-diamond-nose-pin-2\\\/\",\"url\":\"https:\\\/\\\/www.purejewels.com\\\/product\\\/18ct-white-gold-diamond-nose-pin-2\\\/\",\"name\":\"18ct White Gold Diamond Nose Pin | Elegant Design | PureJewels\",\"isPartOf\":{\"@id\":\"https:\\\/\\\/www.purejewels.com\\\/#website\"},\"primaryImageOfPage\":{\"@id\":\"https:\\\/\\\/www.purejewels.com\\\/product\\\/18ct-white-gold-diamond-nose-pin-2\\\/#primaryimage\"},\"image\":{\"@id\":\"https:\\\/\\\/www.purejewels.com\\\/product\\\/18ct-white-gold-diamond-nose-pin-2\\\/#primaryimage\"},\"thumbnailUrl\":\"https:\\\/\\\/static.purejewels.com\\\/wp-content\\\/uploads\\\/2018\\\/09\\\/28102-2.png\",\"datePublished\":\"2018-09-03T05:17:26+00:00\",\"dateModified\":\"2025-12-16T12:03:54+00:00\",\"description\":\"Discover understated beauty with our 18ct White Gold Diamond Nose Pin, handcrafted in the UK. Featuring a refined floral motif with brilliant diamonds for subtle sparkle.\",\"breadcrumb\":{\"@id\":\"https:\\\/\\\/www.purejewels.com\\\/product\\\/18ct-white-gold-diamond-nose-pin-2\\\/#breadcrumb\"},\"inLanguage\":\"tr\",\"potentialAction\":[{\"@type\":\"ReadAction\",\"target\":[\"https:\\\/\\\/www.purejewels.com\\\/product\\\/18ct-white-gold-diamond-nose-pin-2\\\/\"]}]},{\"@type\":\"ImageObject\",\"inLanguage\":\"tr\",\"@id\":\"https:\\\/\\\/www.purejewels.com\\\/product\\\/18ct-white-gold-diamond-nose-pin-2\\\/#primaryimage\",\"url\":\"https:\\\/\\\/static.purejewels.com\\\/wp-content\\\/uploads\\\/2018\\\/09\\\/28102-2.png\",\"contentUrl\":\"https:\\\/\\\/static.purejewels.com\\\/wp-content\\\/uploads\\\/2018\\\/09\\\/28102-2.png\",\"width\":1000,\"height\":1000,\"caption\":\"28102-2\"},{\"@type\":\"BreadcrumbList\",\"@id\":\"https:\\\/\\\/www.purejewels.com\\\/product\\\/18ct-white-gold-diamond-nose-pin-2\\\/#breadcrumb\",\"itemListElement\":[{\"@type\":\"ListItem\",\"position\":1,\"name\":\"Home\",\"item\":\"https:\\\/\\\/www.purejewels.com\\\/\"},{\"@type\":\"ListItem\",\"position\":2,\"name\":\"Shop\",\"item\":\"https:\\\/\\\/www.purejewels.com\\\/shop\\\/\"},{\"@type\":\"ListItem\",\"position\":3,\"name\":\"18ct White Gold Diamond Nose Pin \u2013 Floral Cluster Design\"}]},{\"@type\":\"WebSite\",\"@id\":\"https:\\\/\\\/www.purejewels.com\\\/#website\",\"url\":\"https:\\\/\\\/www.purejewels.com\\\/\",\"name\":\"PureJewels UK\",\"description\":\"Share the Love\",\"publisher\":{\"@id\":\"https:\\\/\\\/www.purejewels.com\\\/#organization\"},\"potentialAction\":[{\"@type\":\"SearchAction\",\"target\":{\"@type\":\"EntryPoint\",\"urlTemplate\":\"https:\\\/\\\/www.purejewels.com\\\/?s={search_term_string}\"},\"query-input\":{\"@type\":\"PropertyValueSpecification\",\"valueRequired\":true,\"valueName\":\"search_term_string\"}}],\"inLanguage\":\"tr\"},{\"@type\":\"Organization\",\"@id\":\"https:\\\/\\\/www.purejewels.com\\\/#organization\",\"name\":\"PureJewels UK\",\"url\":\"https:\\\/\\\/www.purejewels.com\\\/\",\"logo\":{\"@type\":\"ImageObject\",\"inLanguage\":\"tr\",\"@id\":\"https:\\\/\\\/www.purejewels.com\\\/#\\\/schema\\\/logo\\\/image\\\/\",\"url\":\"https:\\\/\\\/static.purejewels.com\\\/wp-content\\\/uploads\\\/2020\\\/11\\\/Logo-PJ-New-1.png\",\"contentUrl\":\"https:\\\/\\\/static.purejewels.com\\\/wp-content\\\/uploads\\\/2020\\\/11\\\/Logo-PJ-New-1.png\",\"width\":150,\"height\":80,\"caption\":\"PureJewels UK\"},\"image\":{\"@id\":\"https:\\\/\\\/www.purejewels.com\\\/#\\\/schema\\\/logo\\\/image\\\/\"}}]}<\/script>\n<!-- \/ Yoast SEO plugin. -->","yoast_head_json":{"title":"18 ayar beyaz alt\u0131n p\u0131rlanta burun pimi | Zarif tasar\u0131m | PureJewels","description":"\u0130ngiltere'de el i\u015f\u00e7ili\u011fi ile \u00fcretilen 18 ayar beyaz alt\u0131n p\u0131rlanta burun pimimizle sade g\u00fczelli\u011fi ke\u015ffedin. Zarif \u00e7i\u00e7ek motifleri ve parlak p\u0131rlantalarla ince bir \u0131\u015f\u0131lt\u0131 sunar.","robots":{"index":"index","follow":"follow","max-snippet":"max-snippet:-1","max-image-preview":"max-image-preview:large","max-video-preview":"max-video-preview:-1"},"canonical":"https:\/\/www.purejewels.com\/tr\/urun\/18-ayar-beyaz-altin-pirlanta-burun-ignesi-2\/","og_locale":"tr_TR","og_type":"article","og_title":"18ct White Gold Diamond Nose Pin | Elegant Design | PureJewels","og_description":"Discover understated beauty with our 18ct White Gold Diamond Nose Pin, handcrafted in the UK. Featuring a refined floral motif with brilliant diamonds for subtle sparkle.","og_url":"https:\/\/www.purejewels.com\/tr\/urun\/18-ayar-beyaz-altin-pirlanta-burun-ignesi-2\/","og_site_name":"PureJewels UK","article_modified_time":"2025-12-16T12:03:54+00:00","og_image":[{"width":1000,"height":1000,"url":"https:\/\/static.purejewels.com\/wp-content\/uploads\/2018\/09\/28102-2.png","type":"image\/png"}],"twitter_card":"summary_large_image","twitter_misc":{"Tahmini okuma s\u00fcresi":"1 dakika"},"schema":{"@context":"https:\/\/schema.org","@graph":[{"@type":["WebPage","ItemPage"],"@id":"https:\/\/www.purejewels.com\/product\/18ct-white-gold-diamond-nose-pin-2\/","url":"https:\/\/www.purejewels.com\/product\/18ct-white-gold-diamond-nose-pin-2\/","name":"18 ayar beyaz alt\u0131n p\u0131rlanta burun pimi | Zarif tasar\u0131m | PureJewels","isPartOf":{"@id":"https:\/\/www.purejewels.com\/#website"},"primaryImageOfPage":{"@id":"https:\/\/www.purejewels.com\/product\/18ct-white-gold-diamond-nose-pin-2\/#primaryimage"},"image":{"@id":"https:\/\/www.purejewels.com\/product\/18ct-white-gold-diamond-nose-pin-2\/#primaryimage"},"thumbnailUrl":"https:\/\/static.purejewels.com\/wp-content\/uploads\/2018\/09\/28102-2.png","datePublished":"2018-09-03T05:17:26+00:00","dateModified":"2025-12-16T12:03:54+00:00","description":"\u0130ngiltere'de el i\u015f\u00e7ili\u011fi ile \u00fcretilen 18 ayar beyaz alt\u0131n p\u0131rlanta burun pimimizle sade g\u00fczelli\u011fi ke\u015ffedin. Zarif \u00e7i\u00e7ek motifleri ve parlak p\u0131rlantalarla ince bir \u0131\u015f\u0131lt\u0131 sunar.","breadcrumb":{"@id":"https:\/\/www.purejewels.com\/product\/18ct-white-gold-diamond-nose-pin-2\/#breadcrumb"},"inLanguage":"tr","potentialAction":[{"@type":"ReadAction","target":["https:\/\/www.purejewels.com\/product\/18ct-white-gold-diamond-nose-pin-2\/"]}]},{"@type":"ImageObject","inLanguage":"tr","@id":"https:\/\/www.purejewels.com\/product\/18ct-white-gold-diamond-nose-pin-2\/#primaryimage","url":"https:\/\/static.purejewels.com\/wp-content\/uploads\/2018\/09\/28102-2.png","contentUrl":"https:\/\/static.purejewels.com\/wp-content\/uploads\/2018\/09\/28102-2.png","width":1000,"height":1000,"caption":"28102-2"},{"@type":"BreadcrumbList","@id":"https:\/\/www.purejewels.com\/product\/18ct-white-gold-diamond-nose-pin-2\/#breadcrumb","itemListElement":[{"@type":"ListItem","position":1,"name":"Home","item":"https:\/\/www.purejewels.com\/"},{"@type":"ListItem","position":2,"name":"Shop","item":"https:\/\/www.purejewels.com\/shop\/"},{"@type":"ListItem","position":3,"name":"18ct White Gold Diamond Nose Pin \u2013 Floral Cluster Design"}]},{"@type":"WebSite","@id":"https:\/\/www.purejewels.com\/#website","url":"https:\/\/www.purejewels.com\/","name":"PureJewels \u0130ngiltere","description":"Sevgiyi Payla\u015f\u0131n","publisher":{"@id":"https:\/\/www.purejewels.com\/#organization"},"potentialAction":[{"@type":"SearchAction","target":{"@type":"EntryPoint","urlTemplate":"https:\/\/www.purejewels.com\/?s={search_term_string}"},"query-input":{"@type":"PropertyValueSpecification","valueRequired":true,"valueName":"search_term_string"}}],"inLanguage":"tr"},{"@type":"Organization","@id":"https:\/\/www.purejewels.com\/#organization","name":"PureJewels \u0130ngiltere","url":"https:\/\/www.purejewels.com\/","logo":{"@type":"ImageObject","inLanguage":"tr","@id":"https:\/\/www.purejewels.com\/#\/schema\/logo\/image\/","url":"https:\/\/static.purejewels.com\/wp-content\/uploads\/2020\/11\/Logo-PJ-New-1.png","contentUrl":"https:\/\/static.purejewels.com\/wp-content\/uploads\/2020\/11\/Logo-PJ-New-1.png","width":150,"height":80,"caption":"PureJewels UK"},"image":{"@id":"https:\/\/www.purejewels.com\/#\/schema\/logo\/image\/"}}]}},"_links":{"self":[{"href":"https:\/\/www.purejewels.com\/tr\/wp-json\/wp\/v2\/product\/302970","targetHints":{"allow":["GET"]}}],"collection":[{"href":"https:\/\/www.purejewels.com\/tr\/wp-json\/wp\/v2\/product"}],"about":[{"href":"https:\/\/www.purejewels.com\/tr\/wp-json\/wp\/v2\/types\/product"}],"replies":[{"embeddable":true,"href":"https:\/\/www.purejewels.com\/tr\/wp-json\/wp\/v2\/comments?post=302970"}],"version-history":[{"count":2,"href":"https:\/\/www.purejewels.com\/tr\/wp-json\/wp\/v2\/product\/302970\/revisions"}],"predecessor-version":[{"id":423221,"href":"https:\/\/www.purejewels.com\/tr\/wp-json\/wp\/v2\/product\/302970\/revisions\/423221"}],"wp:featuredmedia":[{"embeddable":true,"href":"https:\/\/www.purejewels.com\/tr\/wp-json\/wp\/v2\/media\/302972"}],"wp:attachment":[{"href":"https:\/\/www.purejewels.com\/tr\/wp-json\/wp\/v2\/media?parent=302970"}],"wp:term":[{"taxonomy":"product_brand","embeddable":true,"href":"https:\/\/www.purejewels.com\/tr\/wp-json\/wp\/v2\/product_brand?post=302970"},{"taxonomy":"product_cat","embeddable":true,"href":"https:\/\/www.purejewels.com\/tr\/wp-json\/wp\/v2\/product_cat?post=302970"},{"taxonomy":"product_tag","embeddable":true,"href":"https:\/\/www.purejewels.com\/tr\/wp-json\/wp\/v2\/product_tag?post=302970"}],"curies":[{"name":"wp","href":"https:\/\/api.w.org\/{rel}","templated":true}]}}