{"id":302974,"date":"2018-09-03T06:25:00","date_gmt":"2018-09-03T05:25:00","guid":{"rendered":"https:\/\/www.purejewels.com\/?post_type=product&#038;p=302974"},"modified":"2025-12-16T13:29:00","modified_gmt":"2025-12-16T13:29:00","slug":"18-ayar-sari-altin-pirlanta-burun-ignesi-2","status":"publish","type":"product","link":"https:\/\/www.purejewels.com\/tr\/product\/18ct-yellow-gold-diamond-nose-pin-2\/","title":{"rendered":"18 ayar sar\u0131 alt\u0131n p\u0131rlanta burun pimi"},"content":{"rendered":"<p>Parlak, zarif ve do\u011fal bir zarafet.<\/p>\n<p>Bu 18 ayar sar\u0131 alt\u0131n <a href=\"https:\/\/www.purejewels.com\/tr\/product\/18ct-white-gold-diamond-nose-stud-uk-34153\/\">Elmas Burun Pimi<\/a> klasik g\u00fczelli\u011fi \u00e7a\u011fda\u015f bir dokunu\u015fla sevenler i\u00e7in tasarlanm\u0131\u015ft\u0131r. Hafif kavisli bir profile sahip olan bu par\u00e7a, bir s\u0131ra parlak yuvarlak p\u0131rlanta ile pav\u00e9 ayarlamal\u0131d\u0131r ve her ifadeyi g\u00fczelle\u015ftiren \u015f\u0131k bir parlakl\u0131k \u00e7izgisi olu\u015fturur.<\/p>\n<p>18 ayar sar\u0131 alt\u0131ndan \u00fcretilen ve Birle\u015fik Krall\u0131k'ta damgal\u0131 olan bu tasar\u0131m, konforu ve sofistike bir g\u00f6r\u00fcn\u00fcm\u00fc bir araya getiriyor. G\u00fcnl\u00fck kullan\u0131m veya \u00f6zel g\u00fcnler i\u00e7in ideal olan bu aksesuar, g\u00f6r\u00fcn\u00fcm\u00fcn\u00fcz\u00fc l\u00fcks bir dokunu\u015fla tamamlayan zarif ve \u00e7arp\u0131c\u0131 bir par\u00e7ad\u0131r.<\/p>","protected":false},"excerpt":{"rendered":"<p>Nazik bir k\u0131vr\u0131m ve \u0131\u015f\u0131lt\u0131l\u0131 pav\u00e9 ayar elmaslarla s\u00fcslenmi\u015f zarif 18 ayar sar\u0131 alt\u0131n burun pimi. Rahatl\u0131k, parlakl\u0131k ve zamans\u0131z bir \u00e7ekicilik i\u00e7in \u0130ngiltere'de el yap\u0131m\u0131.<\/p>\n<ul>\n<li>Elmas Burun i\u011fnesi \u0130ngiltere<\/li>\n<li>18 Ayar Sar\u0131 Alt\u0131n<\/li>\n<li>G\u00fcnl\u00fck Kullan\u0131m i\u00e7in Burun Tak\u0131lar\u0131<\/li>\n<li>Yuvarlak Parlak Kesim Do\u011fal P\u0131rlantal\u0131<\/li>\n<li>Elmas say\u0131s\u0131. 6<\/li>\n<li>P\u0131rlanta a\u011f\u0131rl\u0131\u011f\u0131 0,06 karat<\/li>\n<li>Toplam a\u011f\u0131rl\u0131k 0,47 g<\/li>\n<li>T\u00fcp Kal\u0131nl\u0131\u011f\u0131. 1 mm\n<ul>\n<li>P\u0131rlanta Berrakl\u0131\u011f\u0131.  VVS<\/li>\n<li>P\u0131rlanta Rengi.  G - H<\/li>\n<\/ul>\n<\/li>\n<li>Sertifika no.\u00a0\u00a0<strong>SGLJ332723G<\/strong><\/li>\n<li>SKU. 28103<\/li>\n<li>T\u00fcm fiyatlara KDV dahildir<\/li>\n<li>Sunum Kutusu ile Birlikte Gelir<\/li>\n<li>Teslimat Dahil<\/li>\n<li>P\u0131rlanta Burun \u00c7\u0131t\u00e7\u0131tlar\u0131 koleksiyonumuzu ke\u015ffedin<\/li>\n<li>\u00dcr\u00fcn videosu i\u00e7in bizimle ileti\u015fime ge\u00e7in\/canl\u0131 sohbet edin<\/li>\n<\/ul>","protected":false},"featured_media":302976,"comment_status":"closed","ping_status":"closed","template":"","meta":{"_eb_attr":"","_crsspst_to_jayantr4sg-hostcom":false},"product_brand":[],"product_cat":[1530,1574],"product_tag":[],"class_list":{"0":"post-302974","1":"product","2":"type-product","3":"status-publish","4":"has-post-thumbnail","6":"product_cat-diamond-nose-pin","7":"product_cat-womens-jewellery","9":"first","10":"outofstock","11":"taxable","12":"shipping-taxable","13":"product-type-simple","14":"add-to-wishlist-before_image"},"yoast_head":"<!-- This site is optimized with the Yoast SEO plugin v27.3 - https:\/\/yoast.com\/product\/yoast-seo-wordpress\/ -->\n<title>18kt Yellow Gold Diamond Nose Pin | PureJewels UK<\/title>\n<meta name=\"description\" content=\"Discover our 18kt Yellow Gold Diamond Nose Pin, handcrafted in the UK. A curved design encrusted with pav\u00e9 diamonds \u2014 timeless elegance with everyday comfort.\" \/>\n<meta name=\"robots\" content=\"index, follow, max-snippet:-1, max-image-preview:large, max-video-preview:-1\" \/>\n<link rel=\"canonical\" href=\"https:\/\/www.purejewels.com\/tr\/urun\/18-ayar-sari-altin-pirlanta-burun-ignesi-2\/\" \/>\n<meta property=\"og:locale\" content=\"tr_TR\" \/>\n<meta property=\"og:type\" content=\"article\" \/>\n<meta property=\"og:title\" content=\"18kt Yellow Gold Diamond Nose Pin | PureJewels UK\" \/>\n<meta property=\"og:description\" content=\"Discover our 18kt Yellow Gold Diamond Nose Pin, handcrafted in the UK. A curved design encrusted with pav\u00e9 diamonds \u2014 timeless elegance with everyday comfort.\" \/>\n<meta property=\"og:url\" content=\"https:\/\/www.purejewels.com\/tr\/urun\/18-ayar-sari-altin-pirlanta-burun-ignesi-2\/\" \/>\n<meta property=\"og:site_name\" content=\"PureJewels UK\" \/>\n<meta property=\"article:modified_time\" content=\"2025-12-16T13:29:00+00:00\" \/>\n<meta property=\"og:image\" content=\"https:\/\/static.purejewels.com\/wp-content\/uploads\/2018\/09\/28103-2.png\" \/>\n\t<meta property=\"og:image:width\" content=\"1000\" \/>\n\t<meta property=\"og:image:height\" content=\"1000\" \/>\n\t<meta property=\"og:image:type\" content=\"image\/png\" \/>\n<meta name=\"twitter:card\" content=\"summary_large_image\" \/>\n<meta name=\"twitter:label1\" content=\"Tahmini okuma s\u00fcresi\" \/>\n\t<meta name=\"twitter:data1\" content=\"1 dakika\" \/>\n<script type=\"application\/ld+json\" class=\"yoast-schema-graph\">{\"@context\":\"https:\\\/\\\/schema.org\",\"@graph\":[{\"@type\":[\"WebPage\",\"ItemPage\"],\"@id\":\"https:\\\/\\\/www.purejewels.com\\\/product\\\/18ct-yellow-gold-diamond-nose-pin-2\\\/\",\"url\":\"https:\\\/\\\/www.purejewels.com\\\/product\\\/18ct-yellow-gold-diamond-nose-pin-2\\\/\",\"name\":\"18kt Yellow Gold Diamond Nose Pin | PureJewels UK\",\"isPartOf\":{\"@id\":\"https:\\\/\\\/www.purejewels.com\\\/#website\"},\"primaryImageOfPage\":{\"@id\":\"https:\\\/\\\/www.purejewels.com\\\/product\\\/18ct-yellow-gold-diamond-nose-pin-2\\\/#primaryimage\"},\"image\":{\"@id\":\"https:\\\/\\\/www.purejewels.com\\\/product\\\/18ct-yellow-gold-diamond-nose-pin-2\\\/#primaryimage\"},\"thumbnailUrl\":\"https:\\\/\\\/static.purejewels.com\\\/wp-content\\\/uploads\\\/2018\\\/09\\\/28103-2.png\",\"datePublished\":\"2018-09-03T05:25:00+00:00\",\"dateModified\":\"2025-12-16T13:29:00+00:00\",\"description\":\"Discover our 18kt Yellow Gold Diamond Nose Pin, handcrafted in the UK. A curved design encrusted with pav\u00e9 diamonds \u2014 timeless elegance with everyday comfort.\",\"breadcrumb\":{\"@id\":\"https:\\\/\\\/www.purejewels.com\\\/product\\\/18ct-yellow-gold-diamond-nose-pin-2\\\/#breadcrumb\"},\"inLanguage\":\"tr\",\"potentialAction\":[{\"@type\":\"ReadAction\",\"target\":[\"https:\\\/\\\/www.purejewels.com\\\/product\\\/18ct-yellow-gold-diamond-nose-pin-2\\\/\"]}]},{\"@type\":\"ImageObject\",\"inLanguage\":\"tr\",\"@id\":\"https:\\\/\\\/www.purejewels.com\\\/product\\\/18ct-yellow-gold-diamond-nose-pin-2\\\/#primaryimage\",\"url\":\"https:\\\/\\\/static.purejewels.com\\\/wp-content\\\/uploads\\\/2018\\\/09\\\/28103-2.png\",\"contentUrl\":\"https:\\\/\\\/static.purejewels.com\\\/wp-content\\\/uploads\\\/2018\\\/09\\\/28103-2.png\",\"width\":1000,\"height\":1000,\"caption\":\"28103-2\"},{\"@type\":\"BreadcrumbList\",\"@id\":\"https:\\\/\\\/www.purejewels.com\\\/product\\\/18ct-yellow-gold-diamond-nose-pin-2\\\/#breadcrumb\",\"itemListElement\":[{\"@type\":\"ListItem\",\"position\":1,\"name\":\"Home\",\"item\":\"https:\\\/\\\/www.purejewels.com\\\/\"},{\"@type\":\"ListItem\",\"position\":2,\"name\":\"Shop\",\"item\":\"https:\\\/\\\/www.purejewels.com\\\/shop\\\/\"},{\"@type\":\"ListItem\",\"position\":3,\"name\":\"18kt Yellow Gold Diamond Nose Pin\"}]},{\"@type\":\"WebSite\",\"@id\":\"https:\\\/\\\/www.purejewels.com\\\/#website\",\"url\":\"https:\\\/\\\/www.purejewels.com\\\/\",\"name\":\"PureJewels UK\",\"description\":\"Share the Love\",\"publisher\":{\"@id\":\"https:\\\/\\\/www.purejewels.com\\\/#organization\"},\"potentialAction\":[{\"@type\":\"SearchAction\",\"target\":{\"@type\":\"EntryPoint\",\"urlTemplate\":\"https:\\\/\\\/www.purejewels.com\\\/?s={search_term_string}\"},\"query-input\":{\"@type\":\"PropertyValueSpecification\",\"valueRequired\":true,\"valueName\":\"search_term_string\"}}],\"inLanguage\":\"tr\"},{\"@type\":\"Organization\",\"@id\":\"https:\\\/\\\/www.purejewels.com\\\/#organization\",\"name\":\"PureJewels UK\",\"url\":\"https:\\\/\\\/www.purejewels.com\\\/\",\"logo\":{\"@type\":\"ImageObject\",\"inLanguage\":\"tr\",\"@id\":\"https:\\\/\\\/www.purejewels.com\\\/#\\\/schema\\\/logo\\\/image\\\/\",\"url\":\"https:\\\/\\\/static.purejewels.com\\\/wp-content\\\/uploads\\\/2020\\\/11\\\/Logo-PJ-New-1.png\",\"contentUrl\":\"https:\\\/\\\/static.purejewels.com\\\/wp-content\\\/uploads\\\/2020\\\/11\\\/Logo-PJ-New-1.png\",\"width\":150,\"height\":80,\"caption\":\"PureJewels UK\"},\"image\":{\"@id\":\"https:\\\/\\\/www.purejewels.com\\\/#\\\/schema\\\/logo\\\/image\\\/\"}}]}<\/script>\n<!-- \/ Yoast SEO plugin. -->","yoast_head_json":{"title":"18 ayar sar\u0131 alt\u0131n p\u0131rlanta burun pimi | PureJewels UK","description":"\u0130ngiltere'de el i\u015f\u00e7ili\u011fi ile \u00fcretilen 18 ayar sar\u0131 alt\u0131n p\u0131rlanta burun pimimizi ke\u015ffedin. Pav\u00e9 p\u0131rlantalarla s\u00fcslenmi\u015f kavisli tasar\u0131m \u2014 zamans\u0131z zarafet ve g\u00fcnl\u00fck rahatl\u0131k.","robots":{"index":"index","follow":"follow","max-snippet":"max-snippet:-1","max-image-preview":"max-image-preview:large","max-video-preview":"max-video-preview:-1"},"canonical":"https:\/\/www.purejewels.com\/tr\/urun\/18-ayar-sari-altin-pirlanta-burun-ignesi-2\/","og_locale":"tr_TR","og_type":"article","og_title":"18kt Yellow Gold Diamond Nose Pin | PureJewels UK","og_description":"Discover our 18kt Yellow Gold Diamond Nose Pin, handcrafted in the UK. A curved design encrusted with pav\u00e9 diamonds \u2014 timeless elegance with everyday comfort.","og_url":"https:\/\/www.purejewels.com\/tr\/urun\/18-ayar-sari-altin-pirlanta-burun-ignesi-2\/","og_site_name":"PureJewels UK","article_modified_time":"2025-12-16T13:29:00+00:00","og_image":[{"width":1000,"height":1000,"url":"https:\/\/static.purejewels.com\/wp-content\/uploads\/2018\/09\/28103-2.png","type":"image\/png"}],"twitter_card":"summary_large_image","twitter_misc":{"Tahmini okuma s\u00fcresi":"1 dakika"},"schema":{"@context":"https:\/\/schema.org","@graph":[{"@type":["WebPage","ItemPage"],"@id":"https:\/\/www.purejewels.com\/product\/18ct-yellow-gold-diamond-nose-pin-2\/","url":"https:\/\/www.purejewels.com\/product\/18ct-yellow-gold-diamond-nose-pin-2\/","name":"18 ayar sar\u0131 alt\u0131n p\u0131rlanta burun pimi | PureJewels UK","isPartOf":{"@id":"https:\/\/www.purejewels.com\/#website"},"primaryImageOfPage":{"@id":"https:\/\/www.purejewels.com\/product\/18ct-yellow-gold-diamond-nose-pin-2\/#primaryimage"},"image":{"@id":"https:\/\/www.purejewels.com\/product\/18ct-yellow-gold-diamond-nose-pin-2\/#primaryimage"},"thumbnailUrl":"https:\/\/static.purejewels.com\/wp-content\/uploads\/2018\/09\/28103-2.png","datePublished":"2018-09-03T05:25:00+00:00","dateModified":"2025-12-16T13:29:00+00:00","description":"\u0130ngiltere'de el i\u015f\u00e7ili\u011fi ile \u00fcretilen 18 ayar sar\u0131 alt\u0131n p\u0131rlanta burun pimimizi ke\u015ffedin. Pav\u00e9 p\u0131rlantalarla s\u00fcslenmi\u015f kavisli tasar\u0131m \u2014 zamans\u0131z zarafet ve g\u00fcnl\u00fck rahatl\u0131k.","breadcrumb":{"@id":"https:\/\/www.purejewels.com\/product\/18ct-yellow-gold-diamond-nose-pin-2\/#breadcrumb"},"inLanguage":"tr","potentialAction":[{"@type":"ReadAction","target":["https:\/\/www.purejewels.com\/product\/18ct-yellow-gold-diamond-nose-pin-2\/"]}]},{"@type":"ImageObject","inLanguage":"tr","@id":"https:\/\/www.purejewels.com\/product\/18ct-yellow-gold-diamond-nose-pin-2\/#primaryimage","url":"https:\/\/static.purejewels.com\/wp-content\/uploads\/2018\/09\/28103-2.png","contentUrl":"https:\/\/static.purejewels.com\/wp-content\/uploads\/2018\/09\/28103-2.png","width":1000,"height":1000,"caption":"28103-2"},{"@type":"BreadcrumbList","@id":"https:\/\/www.purejewels.com\/product\/18ct-yellow-gold-diamond-nose-pin-2\/#breadcrumb","itemListElement":[{"@type":"ListItem","position":1,"name":"Home","item":"https:\/\/www.purejewels.com\/"},{"@type":"ListItem","position":2,"name":"Shop","item":"https:\/\/www.purejewels.com\/shop\/"},{"@type":"ListItem","position":3,"name":"18kt Yellow Gold Diamond Nose Pin"}]},{"@type":"WebSite","@id":"https:\/\/www.purejewels.com\/#website","url":"https:\/\/www.purejewels.com\/","name":"PureJewels \u0130ngiltere","description":"Sevgiyi Payla\u015f\u0131n","publisher":{"@id":"https:\/\/www.purejewels.com\/#organization"},"potentialAction":[{"@type":"SearchAction","target":{"@type":"EntryPoint","urlTemplate":"https:\/\/www.purejewels.com\/?s={search_term_string}"},"query-input":{"@type":"PropertyValueSpecification","valueRequired":true,"valueName":"search_term_string"}}],"inLanguage":"tr"},{"@type":"Organization","@id":"https:\/\/www.purejewels.com\/#organization","name":"PureJewels \u0130ngiltere","url":"https:\/\/www.purejewels.com\/","logo":{"@type":"ImageObject","inLanguage":"tr","@id":"https:\/\/www.purejewels.com\/#\/schema\/logo\/image\/","url":"https:\/\/static.purejewels.com\/wp-content\/uploads\/2020\/11\/Logo-PJ-New-1.png","contentUrl":"https:\/\/static.purejewels.com\/wp-content\/uploads\/2020\/11\/Logo-PJ-New-1.png","width":150,"height":80,"caption":"PureJewels UK"},"image":{"@id":"https:\/\/www.purejewels.com\/#\/schema\/logo\/image\/"}}]}},"_links":{"self":[{"href":"https:\/\/www.purejewels.com\/tr\/wp-json\/wp\/v2\/product\/302974","targetHints":{"allow":["GET"]}}],"collection":[{"href":"https:\/\/www.purejewels.com\/tr\/wp-json\/wp\/v2\/product"}],"about":[{"href":"https:\/\/www.purejewels.com\/tr\/wp-json\/wp\/v2\/types\/product"}],"replies":[{"embeddable":true,"href":"https:\/\/www.purejewels.com\/tr\/wp-json\/wp\/v2\/comments?post=302974"}],"version-history":[{"count":3,"href":"https:\/\/www.purejewels.com\/tr\/wp-json\/wp\/v2\/product\/302974\/revisions"}],"predecessor-version":[{"id":423236,"href":"https:\/\/www.purejewels.com\/tr\/wp-json\/wp\/v2\/product\/302974\/revisions\/423236"}],"wp:featuredmedia":[{"embeddable":true,"href":"https:\/\/www.purejewels.com\/tr\/wp-json\/wp\/v2\/media\/302976"}],"wp:attachment":[{"href":"https:\/\/www.purejewels.com\/tr\/wp-json\/wp\/v2\/media?parent=302974"}],"wp:term":[{"taxonomy":"product_brand","embeddable":true,"href":"https:\/\/www.purejewels.com\/tr\/wp-json\/wp\/v2\/product_brand?post=302974"},{"taxonomy":"product_cat","embeddable":true,"href":"https:\/\/www.purejewels.com\/tr\/wp-json\/wp\/v2\/product_cat?post=302974"},{"taxonomy":"product_tag","embeddable":true,"href":"https:\/\/www.purejewels.com\/tr\/wp-json\/wp\/v2\/product_tag?post=302974"}],"curies":[{"name":"wp","href":"https:\/\/api.w.org\/{rel}","templated":true}]}}