{"id":302978,"date":"2018-09-03T06:46:57","date_gmt":"2018-09-03T05:46:57","guid":{"rendered":"https:\/\/www.purejewels.com\/?post_type=product&#038;p=302978"},"modified":"2024-07-11T08:52:13","modified_gmt":"2024-07-11T07:52:13","slug":"18-ayar-beyaz-altin-burun-ignesi","status":"publish","type":"product","link":"https:\/\/www.purejewels.com\/tr\/product\/18ct-white-gold-nose-pin\/","title":{"rendered":"18 Ayar Beyaz Alt\u0131n Burun \u0130\u011fnesi"},"content":{"rendered":"<p><strong>\u0130lham kayna\u011f\u0131<\/strong><\/p>\n<p>Kad\u0131nlar\u0131n burunlar\u0131n\u0131 deldirmeleri \u00e7a\u011flar boyunca geleneksel bir uygulama olmu\u015ftur. \u0130lerleyen zamanlarda erkekler de bunu uygulamaya ba\u015flam\u0131\u015f ve bu gelenek kraliyet ailelerinde bile ya\u015fat\u0131lm\u0131\u015ft\u0131r. Burun piercinginin, geleneksel olarak sembolik ve biyolojik olarak kad\u0131nlar i\u00e7in gerekli olan bir noktaya yap\u0131ld\u0131\u011f\u0131na inan\u0131l\u0131yordu. Dahas\u0131, burnu s\u00fcsleme fikri Hintli kad\u0131nlar ve kuyumcular taraf\u0131ndan co\u015fkuyla benimsendi.<\/p>\n<p><strong>Tasar\u0131m<\/strong><\/p>\n<p>Bizim <strong>beyaz alt\u0131n h\u0131zma<\/strong> UK by Purejewels, Hindistan'dan usta zanaatkarlar\u0131m\u0131z\u0131n uzmanl\u0131\u011f\u0131yla elle \u00fcretilmi\u015ftir. Bunun tasar\u0131m\u0131 <a href=\"https:\/\/www.purejewels.com\/tr\/product\/18-carat-yellow-gold-nose-pin-33271\/\">alt\u0131n burun saplamas\u0131<\/a> do\u011fadan ve k\u0131\u015f a\u011fa\u00e7lar\u0131ndan esinlenmi\u015ftir. Geleneksel olarak Hindistan'dan geliyor ancak tonu ve genel silueti \u015fenlikli ve \u00e7ok Noelvari bir hava veriyor. Eleman, bir araya gelerek bir yaprak olu\u015fturan d\u00f6rt mini yaprak gibi g\u00f6r\u00fcn\u00fcyor. <a href=\"https:\/\/www.purejewels.com\/tr\/product\/18ct-white-gold-diamond-nose-stud-uk-34153\/\">elmas burun saplamas\u0131<\/a> Hindistan \u0130ngiltere. Yapraklar uzaktan \u0131\u015f\u0131l \u0131\u015f\u0131l parlayan .08 karat parlak elmaslarla detayland\u0131r\u0131lm\u0131\u015ft\u0131r. Zarif ve g\u00fczel burun i\u011fnemiz, her g\u00fcn ve g\u00fcn boyu ta\u015f\u0131man\u0131z i\u00e7in m\u00fckemmeldir.<\/p>\n<p><strong>Tasar\u0131m<\/strong><\/p>\n<p>Bu biblo, \u015fenlikli bir ak\u015fam veya geleneksel bir d\u00fc\u011f\u00fcn etkinli\u011fi i\u00e7in d\u0131\u015far\u0131 \u00e7\u0131karken stiliniz i\u00e7in m\u00fckemmeldir. Bunu geleneksel kurtalar\u0131n\u0131zla ya da gard\u0131robunuzdaki kaplumba\u011fa yaka g\u00fcndelik k\u0131yafetlerinizle ba\u011f\u0131ms\u0131z bir \u015fekilde sergileyin ve t\u00fcm bak\u0131\u015flar\u0131 \u00fczerinize \u00e7ekin. Bu g\u00fczellik, ayn\u0131 zamanda e\u011flenceli, muhte\u015fem ve \u015f\u0131k g\u00f6r\u00fcn\u00fcrken parlaman\u0131z i\u00e7in burada.<\/p>","protected":false},"excerpt":{"rendered":"<ul>\n<li>Elmas Burun \u00c7\u0131t\u00e7\u0131tl\u0131 Hint<\/li>\n<li>18 ayar Beyaz Alt\u0131n<\/li>\n<li>G\u00fcnl\u00fck Kullan\u0131ma Uygun Burun Tak\u0131lar\u0131<\/li>\n<li><strong>Yuvarlak Parlak<\/strong>\u00a0Kesilmi\u015f Do\u011fal P\u0131rlantalar<\/li>\n<li>Elmas say\u0131s\u0131.  8<\/li>\n<li>P\u0131rlanta a\u011f\u0131rl\u0131\u011f\u0131 0,08 karat<\/li>\n<li>Toplam a\u011f\u0131rl\u0131k 0,57 g<\/li>\n<li>T\u00fcp Kal\u0131nl\u0131\u011f\u0131. 1 mm\n<ul>\n<li>P\u0131rlanta Berrakl\u0131\u011f\u0131.  VVS - VS<\/li>\n<li>P\u0131rlanta Rengi.  G - H<\/li>\n<\/ul>\n<\/li>\n<li>Sertifika no.\u00a0\u00a0<strong>SGLJ332710G<\/strong><\/li>\n<li>SKU. 28105<\/li>\n<li>T\u00fcm fiyatlara KDV dahildir<\/li>\n<li>Sunum Kutusu ile Birlikte Gelir<\/li>\n<li>Teslimat Dahil<\/li>\n<li>P\u0131rlanta Burun \u00c7\u0131t\u00e7\u0131tlar\u0131 koleksiyonumuzu ke\u015ffedin<\/li>\n<li>\u00dcr\u00fcn videosu i\u00e7in bizimle ileti\u015fime ge\u00e7in\/canl\u0131 sohbet edin<\/li>\n<\/ul>","protected":false},"featured_media":317291,"comment_status":"closed","ping_status":"closed","template":"","meta":{"_eb_attr":"","_crsspst_to_jayantr4sg-hostcom":false},"product_brand":[],"product_cat":[1530],"product_tag":[],"class_list":{"0":"post-302978","1":"product","2":"type-product","3":"status-publish","4":"has-post-thumbnail","6":"product_cat-diamond-nose-pin","8":"first","9":"outofstock","10":"taxable","11":"shipping-taxable","12":"product-type-simple","13":"add-to-wishlist-before_image"},"yoast_head":"<!-- This site is optimized with the Yoast SEO plugin v27.3 - https:\/\/yoast.com\/product\/yoast-seo-wordpress\/ -->\n<title>Gold Nose Studs | Shop trending nose rings at PureJewels U<\/title>\n<meta name=\"description\" content=\"diamond nose pin | Buy White Gold Nose Pin Online at UK&#039;s. Best quality assured. Explore more on https:\/\/www.purejewels.com\/\" \/>\n<meta name=\"robots\" content=\"index, follow, max-snippet:-1, max-image-preview:large, max-video-preview:-1\" \/>\n<link rel=\"canonical\" href=\"https:\/\/www.purejewels.com\/tr\/urun\/18-ayar-beyaz-altin-burun-ignesi\/\" \/>\n<meta property=\"og:locale\" content=\"tr_TR\" \/>\n<meta property=\"og:type\" content=\"article\" \/>\n<meta property=\"og:title\" content=\"Gold Nose Studs | Shop trending nose rings at PureJewels U\" \/>\n<meta property=\"og:description\" content=\"diamond nose pin | Buy White Gold Nose Pin Online at UK&#039;s. Best quality assured. Explore more on https:\/\/www.purejewels.com\/\" \/>\n<meta property=\"og:url\" content=\"https:\/\/www.purejewels.com\/tr\/urun\/18-ayar-beyaz-altin-burun-ignesi\/\" \/>\n<meta property=\"og:site_name\" content=\"PureJewels UK\" \/>\n<meta property=\"article:modified_time\" content=\"2024-07-11T07:52:13+00:00\" \/>\n<meta property=\"og:image\" content=\"https:\/\/www.purejewels.com\/wp-content\/uploads\/2020\/09\/185620674-2.jpg\" \/>\n\t<meta property=\"og:image:width\" content=\"300\" \/>\n\t<meta property=\"og:image:height\" content=\"300\" \/>\n\t<meta property=\"og:image:type\" content=\"image\/jpeg\" \/>\n<meta name=\"twitter:card\" content=\"summary_large_image\" \/>\n<meta name=\"twitter:label1\" content=\"Tahmini okuma s\u00fcresi\" \/>\n\t<meta name=\"twitter:data1\" content=\"2 dakika\" \/>\n<script type=\"application\/ld+json\" class=\"yoast-schema-graph\">{\"@context\":\"https:\\\/\\\/schema.org\",\"@graph\":[{\"@type\":[\"WebPage\",\"ItemPage\"],\"@id\":\"https:\\\/\\\/www.purejewels.com\\\/product\\\/18ct-white-gold-nose-pin\\\/\",\"url\":\"https:\\\/\\\/www.purejewels.com\\\/product\\\/18ct-white-gold-nose-pin\\\/\",\"name\":\"Gold Nose Studs | Shop trending nose rings at PureJewels U\",\"isPartOf\":{\"@id\":\"https:\\\/\\\/www.purejewels.com\\\/#website\"},\"primaryImageOfPage\":{\"@id\":\"https:\\\/\\\/www.purejewels.com\\\/product\\\/18ct-white-gold-nose-pin\\\/#primaryimage\"},\"image\":{\"@id\":\"https:\\\/\\\/www.purejewels.com\\\/product\\\/18ct-white-gold-nose-pin\\\/#primaryimage\"},\"thumbnailUrl\":\"https:\\\/\\\/static.purejewels.com\\\/wp-content\\\/uploads\\\/2020\\\/09\\\/185620674-2.jpg\",\"datePublished\":\"2018-09-03T05:46:57+00:00\",\"dateModified\":\"2024-07-11T07:52:13+00:00\",\"description\":\"diamond nose pin | Buy White Gold Nose Pin Online at UK's. Best quality assured. Explore more on https:\\\/\\\/www.purejewels.com\\\/\",\"breadcrumb\":{\"@id\":\"https:\\\/\\\/www.purejewels.com\\\/product\\\/18ct-white-gold-nose-pin\\\/#breadcrumb\"},\"inLanguage\":\"tr\",\"potentialAction\":[{\"@type\":\"ReadAction\",\"target\":[\"https:\\\/\\\/www.purejewels.com\\\/product\\\/18ct-white-gold-nose-pin\\\/\"]}]},{\"@type\":\"ImageObject\",\"inLanguage\":\"tr\",\"@id\":\"https:\\\/\\\/www.purejewels.com\\\/product\\\/18ct-white-gold-nose-pin\\\/#primaryimage\",\"url\":\"https:\\\/\\\/static.purejewels.com\\\/wp-content\\\/uploads\\\/2020\\\/09\\\/185620674-2.jpg\",\"contentUrl\":\"https:\\\/\\\/static.purejewels.com\\\/wp-content\\\/uploads\\\/2020\\\/09\\\/185620674-2.jpg\",\"width\":300,\"height\":300},{\"@type\":\"BreadcrumbList\",\"@id\":\"https:\\\/\\\/www.purejewels.com\\\/product\\\/18ct-white-gold-nose-pin\\\/#breadcrumb\",\"itemListElement\":[{\"@type\":\"ListItem\",\"position\":1,\"name\":\"Home\",\"item\":\"https:\\\/\\\/www.purejewels.com\\\/\"},{\"@type\":\"ListItem\",\"position\":2,\"name\":\"Shop\",\"item\":\"https:\\\/\\\/www.purejewels.com\\\/shop\\\/\"},{\"@type\":\"ListItem\",\"position\":3,\"name\":\"18ct White Gold Nose Pin\"}]},{\"@type\":\"WebSite\",\"@id\":\"https:\\\/\\\/www.purejewels.com\\\/#website\",\"url\":\"https:\\\/\\\/www.purejewels.com\\\/\",\"name\":\"PureJewels UK\",\"description\":\"Share the Love\",\"publisher\":{\"@id\":\"https:\\\/\\\/www.purejewels.com\\\/#organization\"},\"potentialAction\":[{\"@type\":\"SearchAction\",\"target\":{\"@type\":\"EntryPoint\",\"urlTemplate\":\"https:\\\/\\\/www.purejewels.com\\\/?s={search_term_string}\"},\"query-input\":{\"@type\":\"PropertyValueSpecification\",\"valueRequired\":true,\"valueName\":\"search_term_string\"}}],\"inLanguage\":\"tr\"},{\"@type\":\"Organization\",\"@id\":\"https:\\\/\\\/www.purejewels.com\\\/#organization\",\"name\":\"PureJewels UK\",\"url\":\"https:\\\/\\\/www.purejewels.com\\\/\",\"logo\":{\"@type\":\"ImageObject\",\"inLanguage\":\"tr\",\"@id\":\"https:\\\/\\\/www.purejewels.com\\\/#\\\/schema\\\/logo\\\/image\\\/\",\"url\":\"https:\\\/\\\/static.purejewels.com\\\/wp-content\\\/uploads\\\/2020\\\/11\\\/Logo-PJ-New-1.png\",\"contentUrl\":\"https:\\\/\\\/static.purejewels.com\\\/wp-content\\\/uploads\\\/2020\\\/11\\\/Logo-PJ-New-1.png\",\"width\":150,\"height\":80,\"caption\":\"PureJewels UK\"},\"image\":{\"@id\":\"https:\\\/\\\/www.purejewels.com\\\/#\\\/schema\\\/logo\\\/image\\\/\"}}]}<\/script>\n<!-- \/ Yoast SEO plugin. -->","yoast_head_json":{"title":"Alt\u0131n Burun \u00c7\u0131t\u00e7\u0131tlar\u0131 | PureJewels U'da trend burun halkalar\u0131n\u0131 sat\u0131n al\u0131n","description":"elmas burun i\u011fnesi | \u0130ngiltere'de Online Beyaz Alt\u0131n Burun \u0130\u011fnesi Sat\u0131n Al\u0131n. En iyi kalite garantilidir. https:\/\/www.purejewels.com\/ adresinde daha fazlas\u0131n\u0131 ke\u015ffedin","robots":{"index":"index","follow":"follow","max-snippet":"max-snippet:-1","max-image-preview":"max-image-preview:large","max-video-preview":"max-video-preview:-1"},"canonical":"https:\/\/www.purejewels.com\/tr\/urun\/18-ayar-beyaz-altin-burun-ignesi\/","og_locale":"tr_TR","og_type":"article","og_title":"Gold Nose Studs | Shop trending nose rings at PureJewels U","og_description":"diamond nose pin | Buy White Gold Nose Pin Online at UK's. Best quality assured. Explore more on https:\/\/www.purejewels.com\/","og_url":"https:\/\/www.purejewels.com\/tr\/urun\/18-ayar-beyaz-altin-burun-ignesi\/","og_site_name":"PureJewels UK","article_modified_time":"2024-07-11T07:52:13+00:00","og_image":[{"width":300,"height":300,"url":"https:\/\/www.purejewels.com\/wp-content\/uploads\/2020\/09\/185620674-2.jpg","type":"image\/jpeg"}],"twitter_card":"summary_large_image","twitter_misc":{"Tahmini okuma s\u00fcresi":"2 dakika"},"schema":{"@context":"https:\/\/schema.org","@graph":[{"@type":["WebPage","ItemPage"],"@id":"https:\/\/www.purejewels.com\/product\/18ct-white-gold-nose-pin\/","url":"https:\/\/www.purejewels.com\/product\/18ct-white-gold-nose-pin\/","name":"Alt\u0131n Burun \u00c7\u0131t\u00e7\u0131tlar\u0131 | PureJewels U'da trend burun halkalar\u0131n\u0131 sat\u0131n al\u0131n","isPartOf":{"@id":"https:\/\/www.purejewels.com\/#website"},"primaryImageOfPage":{"@id":"https:\/\/www.purejewels.com\/product\/18ct-white-gold-nose-pin\/#primaryimage"},"image":{"@id":"https:\/\/www.purejewels.com\/product\/18ct-white-gold-nose-pin\/#primaryimage"},"thumbnailUrl":"https:\/\/static.purejewels.com\/wp-content\/uploads\/2020\/09\/185620674-2.jpg","datePublished":"2018-09-03T05:46:57+00:00","dateModified":"2024-07-11T07:52:13+00:00","description":"elmas burun i\u011fnesi | \u0130ngiltere'de Online Beyaz Alt\u0131n Burun \u0130\u011fnesi Sat\u0131n Al\u0131n. En iyi kalite garantilidir. https:\/\/www.purejewels.com\/ adresinde daha fazlas\u0131n\u0131 ke\u015ffedin","breadcrumb":{"@id":"https:\/\/www.purejewels.com\/product\/18ct-white-gold-nose-pin\/#breadcrumb"},"inLanguage":"tr","potentialAction":[{"@type":"ReadAction","target":["https:\/\/www.purejewels.com\/product\/18ct-white-gold-nose-pin\/"]}]},{"@type":"ImageObject","inLanguage":"tr","@id":"https:\/\/www.purejewels.com\/product\/18ct-white-gold-nose-pin\/#primaryimage","url":"https:\/\/static.purejewels.com\/wp-content\/uploads\/2020\/09\/185620674-2.jpg","contentUrl":"https:\/\/static.purejewels.com\/wp-content\/uploads\/2020\/09\/185620674-2.jpg","width":300,"height":300},{"@type":"BreadcrumbList","@id":"https:\/\/www.purejewels.com\/product\/18ct-white-gold-nose-pin\/#breadcrumb","itemListElement":[{"@type":"ListItem","position":1,"name":"Home","item":"https:\/\/www.purejewels.com\/"},{"@type":"ListItem","position":2,"name":"Shop","item":"https:\/\/www.purejewels.com\/shop\/"},{"@type":"ListItem","position":3,"name":"18ct White Gold Nose Pin"}]},{"@type":"WebSite","@id":"https:\/\/www.purejewels.com\/#website","url":"https:\/\/www.purejewels.com\/","name":"PureJewels \u0130ngiltere","description":"Sevgiyi Payla\u015f\u0131n","publisher":{"@id":"https:\/\/www.purejewels.com\/#organization"},"potentialAction":[{"@type":"SearchAction","target":{"@type":"EntryPoint","urlTemplate":"https:\/\/www.purejewels.com\/?s={search_term_string}"},"query-input":{"@type":"PropertyValueSpecification","valueRequired":true,"valueName":"search_term_string"}}],"inLanguage":"tr"},{"@type":"Organization","@id":"https:\/\/www.purejewels.com\/#organization","name":"PureJewels \u0130ngiltere","url":"https:\/\/www.purejewels.com\/","logo":{"@type":"ImageObject","inLanguage":"tr","@id":"https:\/\/www.purejewels.com\/#\/schema\/logo\/image\/","url":"https:\/\/static.purejewels.com\/wp-content\/uploads\/2020\/11\/Logo-PJ-New-1.png","contentUrl":"https:\/\/static.purejewels.com\/wp-content\/uploads\/2020\/11\/Logo-PJ-New-1.png","width":150,"height":80,"caption":"PureJewels UK"},"image":{"@id":"https:\/\/www.purejewels.com\/#\/schema\/logo\/image\/"}}]}},"_links":{"self":[{"href":"https:\/\/www.purejewels.com\/tr\/wp-json\/wp\/v2\/product\/302978","targetHints":{"allow":["GET"]}}],"collection":[{"href":"https:\/\/www.purejewels.com\/tr\/wp-json\/wp\/v2\/product"}],"about":[{"href":"https:\/\/www.purejewels.com\/tr\/wp-json\/wp\/v2\/types\/product"}],"replies":[{"embeddable":true,"href":"https:\/\/www.purejewels.com\/tr\/wp-json\/wp\/v2\/comments?post=302978"}],"version-history":[{"count":1,"href":"https:\/\/www.purejewels.com\/tr\/wp-json\/wp\/v2\/product\/302978\/revisions"}],"predecessor-version":[{"id":366816,"href":"https:\/\/www.purejewels.com\/tr\/wp-json\/wp\/v2\/product\/302978\/revisions\/366816"}],"wp:featuredmedia":[{"embeddable":true,"href":"https:\/\/www.purejewels.com\/tr\/wp-json\/wp\/v2\/media\/317291"}],"wp:attachment":[{"href":"https:\/\/www.purejewels.com\/tr\/wp-json\/wp\/v2\/media?parent=302978"}],"wp:term":[{"taxonomy":"product_brand","embeddable":true,"href":"https:\/\/www.purejewels.com\/tr\/wp-json\/wp\/v2\/product_brand?post=302978"},{"taxonomy":"product_cat","embeddable":true,"href":"https:\/\/www.purejewels.com\/tr\/wp-json\/wp\/v2\/product_cat?post=302978"},{"taxonomy":"product_tag","embeddable":true,"href":"https:\/\/www.purejewels.com\/tr\/wp-json\/wp\/v2\/product_tag?post=302978"}],"curies":[{"name":"wp","href":"https:\/\/api.w.org\/{rel}","templated":true}]}}