{"id":303170,"date":"2018-09-16T15:30:15","date_gmt":"2018-09-16T14:30:15","guid":{"rendered":"https:\/\/www.purejewels.com\/?post_type=product&#038;p=303170"},"modified":"2026-01-23T07:35:16","modified_gmt":"2026-01-23T07:35:16","slug":"22-ayar-altin-yuzuk-bandi-4","status":"publish","type":"product","link":"https:\/\/www.purejewels.com\/tr\/product\/22ct-gold-ring-band-4\/","title":{"rendered":"22 Ayar Sar\u0131 Alt\u0131n Kademeli Kenar Band\u0131 Y\u00fcz\u00fck"},"content":{"rendered":"<p>Tasar\u0131m<\/p>\n<p>Bu bant y\u00fcz\u00fck, ince kademeli kenar detaylar\u0131yla \u00e7er\u00e7evelenmi\u015f p\u00fcr\u00fczs\u00fcz, kesintisiz bir orta panel ile karakterize edilir. Parlak merkez ve dokulu kenarlar aras\u0131ndaki kontrast, modern ancak geleneksel alt\u0131n i\u015f\u00e7ili\u011fine dayanan zarif bir mimari profil olu\u015fturur.<\/p>\n<p>Zanaatkarl\u0131k<\/p>\n<p>El yap\u0131m\u0131 <a href=\"https:\/\/www.purejewels.com\/tr\/product\/22ct-gold-jali-filigree-ring-jali-collection-31926\/\">22ct<\/a> Sar\u0131 alt\u0131n y\u00fcz\u00fck, keskin kenar detaylar\u0131 ve g\u00fcnl\u00fck konfor i\u00e7in ayna cilal\u0131 i\u00e7 k\u0131sm\u0131 ile tamamlanm\u0131\u015ft\u0131r. Kademeli kenarl\u0131klar, dengeli bir a\u011f\u0131rl\u0131k ve his sa\u011flarken belirginli\u011fi korumak i\u00e7in hassas bir \u015fekilde kesilmi\u015ftir. Her bir par\u00e7a safl\u0131k sertifikas\u0131 i\u00e7in \u0130ngiltere'de damgalanm\u0131\u015ft\u0131r.<\/p>\n<p>\u015eekillendirme &amp; Hediyele\u015fme<\/p>\n<p>Tek ba\u015f\u0131na bir ifade band\u0131 olarak veya kontrast i\u00e7in daha ince y\u00fcz\u00fcklerle birlikte tak\u0131lmak i\u00e7in idealdir. Bu tasar\u0131m, zarif bir g\u00fcnl\u00fck y\u00fcz\u00fck, bir alyans veya y\u0131ld\u00f6n\u00fcmleri, kilometre ta\u015flar\u0131 ve ki\u015fisel ba\u015far\u0131lar i\u00e7in anlaml\u0131 bir hediye olarak e\u015fit derecede iyi \u00e7al\u0131\u015f\u0131r.<\/p>","protected":false},"excerpt":{"rendered":"<ul>\n<li>22 Ayar Alt\u0131n Y\u00fcz\u00fck Band\u0131<\/li>\n<li>Y\u00fcz\u00fck a\u011f\u0131rl\u0131\u011f\u0131 10,1 g<\/li>\n<li>Y\u00fcz\u00fck \u00d6l\u00e7\u00fcs\u00fc. U<\/li>\n<li>Parmak \u00f6l\u00e7\u00fcn\u00fcze g\u00f6re sipari\u015f edilebilir<\/li>\n<li>SKU. 27845<\/li>\n<li>T\u00fcm \u00fcr\u00fcnlerimiz London Assay Office taraf\u0131ndan damgalanm\u0131\u015ft\u0131r<\/li>\n<li>Sunum Kutusu ile Birlikte Gelir<\/li>\n<li>Teslimat Dahil<\/li>\n<li>T\u00fcm fiyatlara KDV dahildir<\/li>\n<li>\u00dcr\u00fcn\u00fcn canl\u0131 videosu i\u00e7in bize ula\u015f\u0131n \/ bizimle sohbet edin<\/li>\n<\/ul>","protected":false},"featured_media":315746,"comment_status":"closed","ping_status":"closed","template":"","meta":{"_eb_attr":"","_crsspst_to_jayantr4sg-hostcom":true},"product_brand":[],"product_cat":[1229,229],"product_tag":[],"class_list":{"0":"post-303170","1":"product","2":"type-product","3":"status-publish","4":"has-post-thumbnail","6":"product_cat-22ct-gold-jewellery","7":"product_cat-wedding-bands","9":"first","10":"outofstock","11":"featured","12":"taxable","13":"shipping-taxable","14":"product-type-simple","15":"add-to-wishlist-before_image"},"yoast_head":"<!-- This site is optimized with the Yoast SEO plugin v27.3 - https:\/\/yoast.com\/product\/yoast-seo-wordpress\/ -->\n<title>22ct Yellow Gold Stepped Edge Band Ring | PureJewels UK<\/title>\n<meta name=\"description\" content=\"Shop the 22ct Yellow Gold Stepped Edge Band Ring from PureJewels UK. Featuring a smooth central panel framed by finely stepped borders, this handcrafted ring balances clean form with subtle texture.\" \/>\n<meta name=\"robots\" content=\"index, follow, max-snippet:-1, max-image-preview:large, max-video-preview:-1\" \/>\n<link rel=\"canonical\" href=\"https:\/\/www.purejewels.com\/tr\/urun\/22-ayar-altin-yuzuk-bandi-4\/\" \/>\n<meta property=\"og:locale\" content=\"tr_TR\" \/>\n<meta property=\"og:type\" content=\"article\" \/>\n<meta property=\"og:title\" content=\"22ct Yellow Gold Stepped Edge Band Ring | PureJewels UK\" \/>\n<meta property=\"og:description\" content=\"Shop the 22ct Yellow Gold Stepped Edge Band Ring from PureJewels UK. Featuring a smooth central panel framed by finely stepped borders, this handcrafted ring balances clean form with subtle texture.\" \/>\n<meta property=\"og:url\" content=\"https:\/\/www.purejewels.com\/tr\/urun\/22-ayar-altin-yuzuk-bandi-4\/\" \/>\n<meta property=\"og:site_name\" content=\"PureJewels UK\" \/>\n<meta property=\"article:modified_time\" content=\"2026-01-23T07:35:16+00:00\" \/>\n<meta property=\"og:image\" content=\"https:\/\/static.purejewels.com\/wp-content\/uploads\/2020\/07\/175586764-1.jpg\" \/>\n\t<meta property=\"og:image:width\" content=\"1000\" \/>\n\t<meta property=\"og:image:height\" content=\"1000\" \/>\n\t<meta property=\"og:image:type\" content=\"image\/jpeg\" \/>\n<meta name=\"twitter:card\" content=\"summary_large_image\" \/>\n<meta name=\"twitter:label1\" content=\"Tahmini okuma s\u00fcresi\" \/>\n\t<meta name=\"twitter:data1\" content=\"1 dakika\" \/>\n<script type=\"application\/ld+json\" class=\"yoast-schema-graph\">{\"@context\":\"https:\\\/\\\/schema.org\",\"@graph\":[{\"@type\":[\"WebPage\",\"ItemPage\"],\"@id\":\"https:\\\/\\\/www.purejewels.com\\\/product\\\/22ct-gold-ring-band-4\\\/\",\"url\":\"https:\\\/\\\/www.purejewels.com\\\/product\\\/22ct-gold-ring-band-4\\\/\",\"name\":\"22ct Yellow Gold Stepped Edge Band Ring | PureJewels UK\",\"isPartOf\":{\"@id\":\"https:\\\/\\\/www.purejewels.com\\\/#website\"},\"primaryImageOfPage\":{\"@id\":\"https:\\\/\\\/www.purejewels.com\\\/product\\\/22ct-gold-ring-band-4\\\/#primaryimage\"},\"image\":{\"@id\":\"https:\\\/\\\/www.purejewels.com\\\/product\\\/22ct-gold-ring-band-4\\\/#primaryimage\"},\"thumbnailUrl\":\"https:\\\/\\\/static.purejewels.com\\\/wp-content\\\/uploads\\\/2020\\\/07\\\/175586764-1.jpg\",\"datePublished\":\"2018-09-16T14:30:15+00:00\",\"dateModified\":\"2026-01-23T07:35:16+00:00\",\"description\":\"Shop the 22ct Yellow Gold Stepped Edge Band Ring from PureJewels UK. Featuring a smooth central panel framed by finely stepped borders, this handcrafted ring balances clean form with subtle texture.\",\"breadcrumb\":{\"@id\":\"https:\\\/\\\/www.purejewels.com\\\/product\\\/22ct-gold-ring-band-4\\\/#breadcrumb\"},\"inLanguage\":\"tr\",\"potentialAction\":[{\"@type\":\"ReadAction\",\"target\":[\"https:\\\/\\\/www.purejewels.com\\\/product\\\/22ct-gold-ring-band-4\\\/\"]}]},{\"@type\":\"ImageObject\",\"inLanguage\":\"tr\",\"@id\":\"https:\\\/\\\/www.purejewels.com\\\/product\\\/22ct-gold-ring-band-4\\\/#primaryimage\",\"url\":\"https:\\\/\\\/static.purejewels.com\\\/wp-content\\\/uploads\\\/2020\\\/07\\\/175586764-1.jpg\",\"contentUrl\":\"https:\\\/\\\/static.purejewels.com\\\/wp-content\\\/uploads\\\/2020\\\/07\\\/175586764-1.jpg\",\"width\":1000,\"height\":1000},{\"@type\":\"BreadcrumbList\",\"@id\":\"https:\\\/\\\/www.purejewels.com\\\/product\\\/22ct-gold-ring-band-4\\\/#breadcrumb\",\"itemListElement\":[{\"@type\":\"ListItem\",\"position\":1,\"name\":\"Home\",\"item\":\"https:\\\/\\\/www.purejewels.com\\\/\"},{\"@type\":\"ListItem\",\"position\":2,\"name\":\"Shop\",\"item\":\"https:\\\/\\\/www.purejewels.com\\\/shop\\\/\"},{\"@type\":\"ListItem\",\"position\":3,\"name\":\"22ct Yellow Gold Stepped Edge Band Ring\"}]},{\"@type\":\"WebSite\",\"@id\":\"https:\\\/\\\/www.purejewels.com\\\/#website\",\"url\":\"https:\\\/\\\/www.purejewels.com\\\/\",\"name\":\"PureJewels UK\",\"description\":\"Share the Love\",\"publisher\":{\"@id\":\"https:\\\/\\\/www.purejewels.com\\\/#organization\"},\"potentialAction\":[{\"@type\":\"SearchAction\",\"target\":{\"@type\":\"EntryPoint\",\"urlTemplate\":\"https:\\\/\\\/www.purejewels.com\\\/?s={search_term_string}\"},\"query-input\":{\"@type\":\"PropertyValueSpecification\",\"valueRequired\":true,\"valueName\":\"search_term_string\"}}],\"inLanguage\":\"tr\"},{\"@type\":\"Organization\",\"@id\":\"https:\\\/\\\/www.purejewels.com\\\/#organization\",\"name\":\"PureJewels UK\",\"url\":\"https:\\\/\\\/www.purejewels.com\\\/\",\"logo\":{\"@type\":\"ImageObject\",\"inLanguage\":\"tr\",\"@id\":\"https:\\\/\\\/www.purejewels.com\\\/#\\\/schema\\\/logo\\\/image\\\/\",\"url\":\"https:\\\/\\\/static.purejewels.com\\\/wp-content\\\/uploads\\\/2020\\\/11\\\/Logo-PJ-New-1.png\",\"contentUrl\":\"https:\\\/\\\/static.purejewels.com\\\/wp-content\\\/uploads\\\/2020\\\/11\\\/Logo-PJ-New-1.png\",\"width\":150,\"height\":80,\"caption\":\"PureJewels UK\"},\"image\":{\"@id\":\"https:\\\/\\\/www.purejewels.com\\\/#\\\/schema\\\/logo\\\/image\\\/\"}}]}<\/script>\n<!-- \/ Yoast SEO plugin. -->","yoast_head_json":{"title":"22 Ayar Sar\u0131 Alt\u0131n Kademeli Kenar Band\u0131 Y\u00fcz\u00fck | PureJewels UK","description":"PureJewels UK'den 22 Ayar Sar\u0131 Alt\u0131n Kademeli Kenar Bantl\u0131 Y\u00fcz\u00fck sat\u0131n al\u0131n. \u0130nce basamakl\u0131 kenarl\u0131klarla \u00e7er\u00e7evelenmi\u015f p\u00fcr\u00fczs\u00fcz bir orta panele sahip olan bu el yap\u0131m\u0131 y\u00fcz\u00fck, temiz formu ince dokuyla dengeler.","robots":{"index":"index","follow":"follow","max-snippet":"max-snippet:-1","max-image-preview":"max-image-preview:large","max-video-preview":"max-video-preview:-1"},"canonical":"https:\/\/www.purejewels.com\/tr\/urun\/22-ayar-altin-yuzuk-bandi-4\/","og_locale":"tr_TR","og_type":"article","og_title":"22ct Yellow Gold Stepped Edge Band Ring | PureJewels UK","og_description":"Shop the 22ct Yellow Gold Stepped Edge Band Ring from PureJewels UK. Featuring a smooth central panel framed by finely stepped borders, this handcrafted ring balances clean form with subtle texture.","og_url":"https:\/\/www.purejewels.com\/tr\/urun\/22-ayar-altin-yuzuk-bandi-4\/","og_site_name":"PureJewels UK","article_modified_time":"2026-01-23T07:35:16+00:00","og_image":[{"width":1000,"height":1000,"url":"https:\/\/static.purejewels.com\/wp-content\/uploads\/2020\/07\/175586764-1.jpg","type":"image\/jpeg"}],"twitter_card":"summary_large_image","twitter_misc":{"Tahmini okuma s\u00fcresi":"1 dakika"},"schema":{"@context":"https:\/\/schema.org","@graph":[{"@type":["WebPage","ItemPage"],"@id":"https:\/\/www.purejewels.com\/product\/22ct-gold-ring-band-4\/","url":"https:\/\/www.purejewels.com\/product\/22ct-gold-ring-band-4\/","name":"22 Ayar Sar\u0131 Alt\u0131n Kademeli Kenar Band\u0131 Y\u00fcz\u00fck | PureJewels UK","isPartOf":{"@id":"https:\/\/www.purejewels.com\/#website"},"primaryImageOfPage":{"@id":"https:\/\/www.purejewels.com\/product\/22ct-gold-ring-band-4\/#primaryimage"},"image":{"@id":"https:\/\/www.purejewels.com\/product\/22ct-gold-ring-band-4\/#primaryimage"},"thumbnailUrl":"https:\/\/static.purejewels.com\/wp-content\/uploads\/2020\/07\/175586764-1.jpg","datePublished":"2018-09-16T14:30:15+00:00","dateModified":"2026-01-23T07:35:16+00:00","description":"PureJewels UK'den 22 Ayar Sar\u0131 Alt\u0131n Kademeli Kenar Bantl\u0131 Y\u00fcz\u00fck sat\u0131n al\u0131n. \u0130nce basamakl\u0131 kenarl\u0131klarla \u00e7er\u00e7evelenmi\u015f p\u00fcr\u00fczs\u00fcz bir orta panele sahip olan bu el yap\u0131m\u0131 y\u00fcz\u00fck, temiz formu ince dokuyla dengeler.","breadcrumb":{"@id":"https:\/\/www.purejewels.com\/product\/22ct-gold-ring-band-4\/#breadcrumb"},"inLanguage":"tr","potentialAction":[{"@type":"ReadAction","target":["https:\/\/www.purejewels.com\/product\/22ct-gold-ring-band-4\/"]}]},{"@type":"ImageObject","inLanguage":"tr","@id":"https:\/\/www.purejewels.com\/product\/22ct-gold-ring-band-4\/#primaryimage","url":"https:\/\/static.purejewels.com\/wp-content\/uploads\/2020\/07\/175586764-1.jpg","contentUrl":"https:\/\/static.purejewels.com\/wp-content\/uploads\/2020\/07\/175586764-1.jpg","width":1000,"height":1000},{"@type":"BreadcrumbList","@id":"https:\/\/www.purejewels.com\/product\/22ct-gold-ring-band-4\/#breadcrumb","itemListElement":[{"@type":"ListItem","position":1,"name":"Home","item":"https:\/\/www.purejewels.com\/"},{"@type":"ListItem","position":2,"name":"Shop","item":"https:\/\/www.purejewels.com\/shop\/"},{"@type":"ListItem","position":3,"name":"22ct Yellow Gold Stepped Edge Band Ring"}]},{"@type":"WebSite","@id":"https:\/\/www.purejewels.com\/#website","url":"https:\/\/www.purejewels.com\/","name":"PureJewels \u0130ngiltere","description":"Sevgiyi Payla\u015f\u0131n","publisher":{"@id":"https:\/\/www.purejewels.com\/#organization"},"potentialAction":[{"@type":"SearchAction","target":{"@type":"EntryPoint","urlTemplate":"https:\/\/www.purejewels.com\/?s={search_term_string}"},"query-input":{"@type":"PropertyValueSpecification","valueRequired":true,"valueName":"search_term_string"}}],"inLanguage":"tr"},{"@type":"Organization","@id":"https:\/\/www.purejewels.com\/#organization","name":"PureJewels \u0130ngiltere","url":"https:\/\/www.purejewels.com\/","logo":{"@type":"ImageObject","inLanguage":"tr","@id":"https:\/\/www.purejewels.com\/#\/schema\/logo\/image\/","url":"https:\/\/static.purejewels.com\/wp-content\/uploads\/2020\/11\/Logo-PJ-New-1.png","contentUrl":"https:\/\/static.purejewels.com\/wp-content\/uploads\/2020\/11\/Logo-PJ-New-1.png","width":150,"height":80,"caption":"PureJewels UK"},"image":{"@id":"https:\/\/www.purejewels.com\/#\/schema\/logo\/image\/"}}]}},"_links":{"self":[{"href":"https:\/\/www.purejewels.com\/tr\/wp-json\/wp\/v2\/product\/303170","targetHints":{"allow":["GET"]}}],"collection":[{"href":"https:\/\/www.purejewels.com\/tr\/wp-json\/wp\/v2\/product"}],"about":[{"href":"https:\/\/www.purejewels.com\/tr\/wp-json\/wp\/v2\/types\/product"}],"replies":[{"embeddable":true,"href":"https:\/\/www.purejewels.com\/tr\/wp-json\/wp\/v2\/comments?post=303170"}],"version-history":[{"count":3,"href":"https:\/\/www.purejewels.com\/tr\/wp-json\/wp\/v2\/product\/303170\/revisions"}],"predecessor-version":[{"id":425159,"href":"https:\/\/www.purejewels.com\/tr\/wp-json\/wp\/v2\/product\/303170\/revisions\/425159"}],"wp:featuredmedia":[{"embeddable":true,"href":"https:\/\/www.purejewels.com\/tr\/wp-json\/wp\/v2\/media\/315746"}],"wp:attachment":[{"href":"https:\/\/www.purejewels.com\/tr\/wp-json\/wp\/v2\/media?parent=303170"}],"wp:term":[{"taxonomy":"product_brand","embeddable":true,"href":"https:\/\/www.purejewels.com\/tr\/wp-json\/wp\/v2\/product_brand?post=303170"},{"taxonomy":"product_cat","embeddable":true,"href":"https:\/\/www.purejewels.com\/tr\/wp-json\/wp\/v2\/product_cat?post=303170"},{"taxonomy":"product_tag","embeddable":true,"href":"https:\/\/www.purejewels.com\/tr\/wp-json\/wp\/v2\/product_tag?post=303170"}],"curies":[{"name":"wp","href":"https:\/\/api.w.org\/{rel}","templated":true}]}}