{"id":303179,"date":"2018-09-16T15:39:36","date_gmt":"2018-09-16T14:39:36","guid":{"rendered":"https:\/\/www.purejewels.com\/?post_type=product&#038;p=303179"},"modified":"2026-01-07T06:42:05","modified_gmt":"2026-01-07T06:42:05","slug":"22-ayar-altin-yuzuk-bandi-23824-2","status":"publish","type":"product","link":"https:\/\/www.purejewels.com\/tr\/product\/22ct-gold-ring-band-23824-2\/","title":{"rendered":"22 ayar alt\u0131n mat kaplama erkek alyans"},"content":{"rendered":"<p><strong>Tasar\u0131m:<\/strong><br \/>\nSade ama zarif olan bu erkek alyans, f\u0131r\u00e7alanm\u0131\u015f mat bir y\u00fczeye sahiptir ve ortas\u0131ndan ge\u00e7en tek bir cilal\u0131 \u00e7izgi ile kontrast olu\u015fturur. Bu y\u00fcz\u00fck, sofistike beyefendiler i\u00e7in tasarlanm\u0131\u015f, zamans\u0131z bir sembol\u00fcn \u00e7a\u011fda\u015f bir yorumu.<\/p>\n<p><strong>\u0130\u015f\u00e7ilik:<\/strong><br \/>\nSaf 22 ayar sar\u0131 alt\u0131ndan \u00fcretilen y\u00fcz\u00fck, rahatl\u0131k ve dayan\u0131kl\u0131l\u0131k g\u00f6z \u00f6n\u00fcnde bulundurularak ustal\u0131kla i\u015flenmi\u015ftir. \u0130\u00e7 y\u00fczeyi g\u00fcnl\u00fck kullan\u0131m i\u00e7in p\u00fcr\u00fczs\u00fcz ve yuvarlakt\u0131r, d\u0131\u015f y\u00fczeyindeki dokulu kaplama ise zarif bir dokunu\u015f katmaktad\u0131r.<\/p>\n<p><strong>\u00d6nemi:<\/strong><br \/>\nD\u00fc\u011f\u00fcnler, y\u0131ld\u00f6n\u00fcmleri veya \u00f6nemli anlar i\u00e7in m\u00fckemmel bir se\u00e7im. Dokudaki ince kontrast, ili\u015fkideki bireysellik ve birlikteli\u011fin dengesini simgeliyor. Dayan\u0131kl\u0131, sembolik ve \u015f\u0131k olan bu \u00fcr\u00fcn, g\u00fcnl\u00fck kullan\u0131m i\u00e7in idealdir.<\/p>","protected":false},"excerpt":{"rendered":"<p>Bu 22 ayar alt\u0131n erkek alyans, modern mat kaplama ve \u015f\u0131k bir merkezi cilal\u0131 oluk ile gelenek ile \u00e7a\u011fda\u015f stili harmanlamaktad\u0131r.<\/p>\n<ul>\n<li>22 Ayar Alt\u0131n Y\u00fcz\u00fck Band\u0131<\/li>\n<li>Y\u00fcz\u00fck a\u011f\u0131rl\u0131\u011f\u0131 6,3 gms<\/li>\n<li>Y\u00fcz\u00fck \u00d6l\u00e7\u00fcs\u00fc. O1\/2<\/li>\n<li>Parmak \u00f6l\u00e7\u00fcn\u00fcze g\u00f6re sipari\u015f edilebilir<\/li>\n<li>SKU. 23824-2<\/li>\n<li>T\u00fcm \u00fcr\u00fcnlerimiz London Assay Office taraf\u0131ndan damgalanm\u0131\u015ft\u0131r<\/li>\n<li>Sunum Kutusu ile Birlikte Gelir<\/li>\n<li>Teslimat Dahil<\/li>\n<li>T\u00fcm fiyatlara KDV dahildir<\/li>\n<li>Stok durumu ve stokta bulunan benzer tasar\u0131mlar\u0131n daha fazla g\u00f6r\u00fcnt\u00fcs\u00fc i\u00e7in bizimle canl\u0131 sohbet edin<\/li>\n<\/ul>","protected":false},"featured_media":315772,"comment_status":"closed","ping_status":"closed","template":"","meta":{"_eb_attr":"","_crsspst_to_jayantr4sg-hostcom":false},"product_brand":[],"product_cat":[1640,1571,1784,1572,229],"product_tag":[],"class_list":{"0":"post-303179","1":"product","2":"type-product","3":"status-publish","4":"has-post-thumbnail","6":"product_cat-22ct-gold-bands","7":"product_cat-fathers-day-gifts","8":"product_cat-gents-rings","9":"product_cat-mens-jewellery","10":"product_cat-wedding-bands","12":"first","13":"outofstock","14":"featured","15":"taxable","16":"shipping-taxable","17":"product-type-simple","18":"add-to-wishlist-before_image"},"yoast_head":"<!-- This site is optimized with the Yoast SEO plugin v27.3 - https:\/\/yoast.com\/product\/yoast-seo-wordpress\/ -->\n<title>22ct Gold Matte Men\u2019s Wedding Band | Subtle Brushed Finish Ring<\/title>\n<meta name=\"description\" content=\"Shop 22ct gold men\u2019s wedding band with a modern matte finish and subtle polished groove. A refined choice for timeless elegance and daily wear.\" \/>\n<meta name=\"robots\" content=\"index, follow, max-snippet:-1, max-image-preview:large, max-video-preview:-1\" \/>\n<link rel=\"canonical\" href=\"https:\/\/www.purejewels.com\/tr\/urun\/22-ayar-altin-yuzuk-bandi-23824-2\/\" \/>\n<meta property=\"og:locale\" content=\"tr_TR\" \/>\n<meta property=\"og:type\" content=\"article\" \/>\n<meta property=\"og:title\" content=\"22ct Gold Matte Men\u2019s Wedding Band | Subtle Brushed Finish Ring\" \/>\n<meta property=\"og:description\" content=\"Shop 22ct gold men\u2019s wedding band with a modern matte finish and subtle polished groove. A refined choice for timeless elegance and daily wear.\" \/>\n<meta property=\"og:url\" content=\"https:\/\/www.purejewels.com\/tr\/urun\/22-ayar-altin-yuzuk-bandi-23824-2\/\" \/>\n<meta property=\"og:site_name\" content=\"PureJewels UK\" \/>\n<meta property=\"article:modified_time\" content=\"2026-01-07T06:42:05+00:00\" \/>\n<meta property=\"og:image\" content=\"https:\/\/static.purejewels.com\/wp-content\/uploads\/2020\/07\/175532165-6.jpg\" \/>\n\t<meta property=\"og:image:width\" content=\"1000\" \/>\n\t<meta property=\"og:image:height\" content=\"1000\" \/>\n\t<meta property=\"og:image:type\" content=\"image\/jpeg\" \/>\n<meta name=\"twitter:card\" content=\"summary_large_image\" \/>\n<meta name=\"twitter:label1\" content=\"Tahmini okuma s\u00fcresi\" \/>\n\t<meta name=\"twitter:data1\" content=\"1 dakika\" \/>\n<script type=\"application\/ld+json\" class=\"yoast-schema-graph\">{\"@context\":\"https:\\\/\\\/schema.org\",\"@graph\":[{\"@type\":[\"WebPage\",\"ItemPage\"],\"@id\":\"https:\\\/\\\/www.purejewels.com\\\/product\\\/22ct-gold-ring-band-23824-2\\\/\",\"url\":\"https:\\\/\\\/www.purejewels.com\\\/product\\\/22ct-gold-ring-band-23824-2\\\/\",\"name\":\"22ct Gold Matte Men\u2019s Wedding Band | Subtle Brushed Finish Ring\",\"isPartOf\":{\"@id\":\"https:\\\/\\\/www.purejewels.com\\\/#website\"},\"primaryImageOfPage\":{\"@id\":\"https:\\\/\\\/www.purejewels.com\\\/product\\\/22ct-gold-ring-band-23824-2\\\/#primaryimage\"},\"image\":{\"@id\":\"https:\\\/\\\/www.purejewels.com\\\/product\\\/22ct-gold-ring-band-23824-2\\\/#primaryimage\"},\"thumbnailUrl\":\"https:\\\/\\\/static.purejewels.com\\\/wp-content\\\/uploads\\\/2020\\\/07\\\/175532165-6.jpg\",\"datePublished\":\"2018-09-16T14:39:36+00:00\",\"dateModified\":\"2026-01-07T06:42:05+00:00\",\"description\":\"Shop 22ct gold men\u2019s wedding band with a modern matte finish and subtle polished groove. A refined choice for timeless elegance and daily wear.\",\"breadcrumb\":{\"@id\":\"https:\\\/\\\/www.purejewels.com\\\/product\\\/22ct-gold-ring-band-23824-2\\\/#breadcrumb\"},\"inLanguage\":\"tr\",\"potentialAction\":[{\"@type\":\"ReadAction\",\"target\":[\"https:\\\/\\\/www.purejewels.com\\\/product\\\/22ct-gold-ring-band-23824-2\\\/\"]}]},{\"@type\":\"ImageObject\",\"inLanguage\":\"tr\",\"@id\":\"https:\\\/\\\/www.purejewels.com\\\/product\\\/22ct-gold-ring-band-23824-2\\\/#primaryimage\",\"url\":\"https:\\\/\\\/static.purejewels.com\\\/wp-content\\\/uploads\\\/2020\\\/07\\\/175532165-6.jpg\",\"contentUrl\":\"https:\\\/\\\/static.purejewels.com\\\/wp-content\\\/uploads\\\/2020\\\/07\\\/175532165-6.jpg\",\"width\":1000,\"height\":1000},{\"@type\":\"BreadcrumbList\",\"@id\":\"https:\\\/\\\/www.purejewels.com\\\/product\\\/22ct-gold-ring-band-23824-2\\\/#breadcrumb\",\"itemListElement\":[{\"@type\":\"ListItem\",\"position\":1,\"name\":\"Home\",\"item\":\"https:\\\/\\\/www.purejewels.com\\\/\"},{\"@type\":\"ListItem\",\"position\":2,\"name\":\"Shop\",\"item\":\"https:\\\/\\\/www.purejewels.com\\\/shop\\\/\"},{\"@type\":\"ListItem\",\"position\":3,\"name\":\"22ct Gold Matte Finish Men&#8217;s Wedding Band\"}]},{\"@type\":\"WebSite\",\"@id\":\"https:\\\/\\\/www.purejewels.com\\\/#website\",\"url\":\"https:\\\/\\\/www.purejewels.com\\\/\",\"name\":\"PureJewels UK\",\"description\":\"Share the Love\",\"publisher\":{\"@id\":\"https:\\\/\\\/www.purejewels.com\\\/#organization\"},\"potentialAction\":[{\"@type\":\"SearchAction\",\"target\":{\"@type\":\"EntryPoint\",\"urlTemplate\":\"https:\\\/\\\/www.purejewels.com\\\/?s={search_term_string}\"},\"query-input\":{\"@type\":\"PropertyValueSpecification\",\"valueRequired\":true,\"valueName\":\"search_term_string\"}}],\"inLanguage\":\"tr\"},{\"@type\":\"Organization\",\"@id\":\"https:\\\/\\\/www.purejewels.com\\\/#organization\",\"name\":\"PureJewels UK\",\"url\":\"https:\\\/\\\/www.purejewels.com\\\/\",\"logo\":{\"@type\":\"ImageObject\",\"inLanguage\":\"tr\",\"@id\":\"https:\\\/\\\/www.purejewels.com\\\/#\\\/schema\\\/logo\\\/image\\\/\",\"url\":\"https:\\\/\\\/static.purejewels.com\\\/wp-content\\\/uploads\\\/2020\\\/11\\\/Logo-PJ-New-1.png\",\"contentUrl\":\"https:\\\/\\\/static.purejewels.com\\\/wp-content\\\/uploads\\\/2020\\\/11\\\/Logo-PJ-New-1.png\",\"width\":150,\"height\":80,\"caption\":\"PureJewels UK\"},\"image\":{\"@id\":\"https:\\\/\\\/www.purejewels.com\\\/#\\\/schema\\\/logo\\\/image\\\/\"}}]}<\/script>\n<!-- \/ Yoast SEO plugin. -->","yoast_head_json":{"title":"22 ayar alt\u0131n mat erkek alyans | \u0130nce f\u0131r\u00e7alanm\u0131\u015f y\u00fczeyli y\u00fcz\u00fck","description":"Modern mat kaplama ve ince cilal\u0131 oluklu 22 ayar alt\u0131n erkek alyans\u0131n\u0131 sat\u0131n al\u0131n. Zamans\u0131z zarafet ve g\u00fcnl\u00fck kullan\u0131m i\u00e7in zarif bir se\u00e7im.","robots":{"index":"index","follow":"follow","max-snippet":"max-snippet:-1","max-image-preview":"max-image-preview:large","max-video-preview":"max-video-preview:-1"},"canonical":"https:\/\/www.purejewels.com\/tr\/urun\/22-ayar-altin-yuzuk-bandi-23824-2\/","og_locale":"tr_TR","og_type":"article","og_title":"22ct Gold Matte Men\u2019s Wedding Band | Subtle Brushed Finish Ring","og_description":"Shop 22ct gold men\u2019s wedding band with a modern matte finish and subtle polished groove. A refined choice for timeless elegance and daily wear.","og_url":"https:\/\/www.purejewels.com\/tr\/urun\/22-ayar-altin-yuzuk-bandi-23824-2\/","og_site_name":"PureJewels UK","article_modified_time":"2026-01-07T06:42:05+00:00","og_image":[{"width":1000,"height":1000,"url":"https:\/\/static.purejewels.com\/wp-content\/uploads\/2020\/07\/175532165-6.jpg","type":"image\/jpeg"}],"twitter_card":"summary_large_image","twitter_misc":{"Tahmini okuma s\u00fcresi":"1 dakika"},"schema":{"@context":"https:\/\/schema.org","@graph":[{"@type":["WebPage","ItemPage"],"@id":"https:\/\/www.purejewels.com\/product\/22ct-gold-ring-band-23824-2\/","url":"https:\/\/www.purejewels.com\/product\/22ct-gold-ring-band-23824-2\/","name":"22 ayar alt\u0131n mat erkek alyans | \u0130nce f\u0131r\u00e7alanm\u0131\u015f y\u00fczeyli y\u00fcz\u00fck","isPartOf":{"@id":"https:\/\/www.purejewels.com\/#website"},"primaryImageOfPage":{"@id":"https:\/\/www.purejewels.com\/product\/22ct-gold-ring-band-23824-2\/#primaryimage"},"image":{"@id":"https:\/\/www.purejewels.com\/product\/22ct-gold-ring-band-23824-2\/#primaryimage"},"thumbnailUrl":"https:\/\/static.purejewels.com\/wp-content\/uploads\/2020\/07\/175532165-6.jpg","datePublished":"2018-09-16T14:39:36+00:00","dateModified":"2026-01-07T06:42:05+00:00","description":"Modern mat kaplama ve ince cilal\u0131 oluklu 22 ayar alt\u0131n erkek alyans\u0131n\u0131 sat\u0131n al\u0131n. Zamans\u0131z zarafet ve g\u00fcnl\u00fck kullan\u0131m i\u00e7in zarif bir se\u00e7im.","breadcrumb":{"@id":"https:\/\/www.purejewels.com\/product\/22ct-gold-ring-band-23824-2\/#breadcrumb"},"inLanguage":"tr","potentialAction":[{"@type":"ReadAction","target":["https:\/\/www.purejewels.com\/product\/22ct-gold-ring-band-23824-2\/"]}]},{"@type":"ImageObject","inLanguage":"tr","@id":"https:\/\/www.purejewels.com\/product\/22ct-gold-ring-band-23824-2\/#primaryimage","url":"https:\/\/static.purejewels.com\/wp-content\/uploads\/2020\/07\/175532165-6.jpg","contentUrl":"https:\/\/static.purejewels.com\/wp-content\/uploads\/2020\/07\/175532165-6.jpg","width":1000,"height":1000},{"@type":"BreadcrumbList","@id":"https:\/\/www.purejewels.com\/product\/22ct-gold-ring-band-23824-2\/#breadcrumb","itemListElement":[{"@type":"ListItem","position":1,"name":"Home","item":"https:\/\/www.purejewels.com\/"},{"@type":"ListItem","position":2,"name":"Shop","item":"https:\/\/www.purejewels.com\/shop\/"},{"@type":"ListItem","position":3,"name":"22ct Gold Matte Finish Men&#8217;s Wedding Band"}]},{"@type":"WebSite","@id":"https:\/\/www.purejewels.com\/#website","url":"https:\/\/www.purejewels.com\/","name":"PureJewels \u0130ngiltere","description":"Sevgiyi Payla\u015f\u0131n","publisher":{"@id":"https:\/\/www.purejewels.com\/#organization"},"potentialAction":[{"@type":"SearchAction","target":{"@type":"EntryPoint","urlTemplate":"https:\/\/www.purejewels.com\/?s={search_term_string}"},"query-input":{"@type":"PropertyValueSpecification","valueRequired":true,"valueName":"search_term_string"}}],"inLanguage":"tr"},{"@type":"Organization","@id":"https:\/\/www.purejewels.com\/#organization","name":"PureJewels \u0130ngiltere","url":"https:\/\/www.purejewels.com\/","logo":{"@type":"ImageObject","inLanguage":"tr","@id":"https:\/\/www.purejewels.com\/#\/schema\/logo\/image\/","url":"https:\/\/static.purejewels.com\/wp-content\/uploads\/2020\/11\/Logo-PJ-New-1.png","contentUrl":"https:\/\/static.purejewels.com\/wp-content\/uploads\/2020\/11\/Logo-PJ-New-1.png","width":150,"height":80,"caption":"PureJewels UK"},"image":{"@id":"https:\/\/www.purejewels.com\/#\/schema\/logo\/image\/"}}]}},"_links":{"self":[{"href":"https:\/\/www.purejewels.com\/tr\/wp-json\/wp\/v2\/product\/303179","targetHints":{"allow":["GET"]}}],"collection":[{"href":"https:\/\/www.purejewels.com\/tr\/wp-json\/wp\/v2\/product"}],"about":[{"href":"https:\/\/www.purejewels.com\/tr\/wp-json\/wp\/v2\/types\/product"}],"replies":[{"embeddable":true,"href":"https:\/\/www.purejewels.com\/tr\/wp-json\/wp\/v2\/comments?post=303179"}],"version-history":[{"count":3,"href":"https:\/\/www.purejewels.com\/tr\/wp-json\/wp\/v2\/product\/303179\/revisions"}],"predecessor-version":[{"id":424073,"href":"https:\/\/www.purejewels.com\/tr\/wp-json\/wp\/v2\/product\/303179\/revisions\/424073"}],"wp:featuredmedia":[{"embeddable":true,"href":"https:\/\/www.purejewels.com\/tr\/wp-json\/wp\/v2\/media\/315772"}],"wp:attachment":[{"href":"https:\/\/www.purejewels.com\/tr\/wp-json\/wp\/v2\/media?parent=303179"}],"wp:term":[{"taxonomy":"product_brand","embeddable":true,"href":"https:\/\/www.purejewels.com\/tr\/wp-json\/wp\/v2\/product_brand?post=303179"},{"taxonomy":"product_cat","embeddable":true,"href":"https:\/\/www.purejewels.com\/tr\/wp-json\/wp\/v2\/product_cat?post=303179"},{"taxonomy":"product_tag","embeddable":true,"href":"https:\/\/www.purejewels.com\/tr\/wp-json\/wp\/v2\/product_tag?post=303179"}],"curies":[{"name":"wp","href":"https:\/\/api.w.org\/{rel}","templated":true}]}}