{"id":303242,"date":"2018-09-18T16:51:39","date_gmt":"2018-09-18T15:51:39","guid":{"rendered":"https:\/\/www.purejewels.com\/?post_type=product&#038;p=303242"},"modified":"2026-01-06T11:14:15","modified_gmt":"2026-01-06T11:14:15","slug":"22-ayar-altin-bayan-yuzuk-8","status":"publish","type":"product","link":"https:\/\/www.purejewels.com\/tr\/product\/22ct-gold-ladies-ring-8\/","title":{"rendered":"Telkari Tasar\u0131ml\u0131 22 Ayar Alt\u0131n Bayan Hint Y\u00fcz\u00fc\u011f\u00fc"},"content":{"rendered":"<p>Geleneksel Hint tasar\u0131m\u0131n\u0131 l\u00fcks ile birle\u015ftiren \u00e7arp\u0131c\u0131 bir m\u00fccevher par\u00e7as\u0131 m\u0131 ar\u0131yorsunuz? <a href=\"https:\/\/www.purejewels.com\/tr\/product\/22ct-gold-jali-filigree-ring-jali-collection-31926\/\">22ct<\/a> Alt\u0131n m\u0131? Telkari Tasar\u0131ml\u0131 22 Ayar Alt\u0131n Bayan Hint Y\u00fcz\u00fc\u011f\u00fcm\u00fczden ba\u015fkas\u0131na bakmay\u0131n. Bu zarif y\u00fcz\u00fck, ister \u00f6zel bir g\u00fcn i\u00e7in giyiniyor olun ister g\u00fcnl\u00fck g\u00f6r\u00fcn\u00fcm\u00fcn\u00fcze ihti\u015faml\u0131 bir dokunu\u015f katmak isteyin, her k\u0131yafete \u015f\u0131kl\u0131k katmak i\u00e7in m\u00fckemmeldir.<\/p>\n<p>En iyi 22 ayar alt\u0131ndan \u00fcretilen bu y\u00fcz\u00fck, par\u00e7aya benzersiz ve karma\u015f\u0131k bir dokunu\u015f katan hassas bir telkari tasar\u0131ma sahiptir. Y\u00fcz\u00fck a\u011f\u0131rl\u0131\u011f\u0131 2,3 gram ve y\u00fcz\u00fck \u00f6l\u00e7\u00fcs\u00fc F1\/2 olan bu y\u00fcz\u00fck, g\u00fcnl\u00fck kullan\u0131m i\u00e7in m\u00fckemmel boyuttad\u0131r. Ayr\u0131ca, t\u00fcm \u00fcr\u00fcnlerimiz Londra Assay Ofisi taraf\u0131ndan damgalanm\u0131\u015ft\u0131r, b\u00f6ylece sat\u0131n ald\u0131\u011f\u0131n\u0131z \u00fcr\u00fcn\u00fcn kalitesine ve orijinalli\u011fine g\u00fcvenebilirsiniz.<\/p>\n<p>\u0130ster kendinizi \u015f\u0131mart\u0131yor olun ister sevdi\u011finiz biri i\u00e7in m\u00fckemmel bir hediye ar\u0131yor olun, bu Telkari Tasar\u0131ml\u0131 22 Ayar Alt\u0131n Bayan Hint Y\u00fcz\u00fc\u011f\u00fcn\u00fcn sizi etkileyece\u011finden emin olabilirsiniz.<\/p>","protected":false},"excerpt":{"rendered":"<ul>\n<li>22 Ayar Alt\u0131n Bayan Y\u00fcz\u00fck<\/li>\n<li>Telkari Tasar\u0131ml\u0131<\/li>\n<li>Y\u00fcz\u00fck a\u011f\u0131rl\u0131\u011f\u0131 2,3 gms<\/li>\n<li>Y\u00fcz\u00fck \u00d6l\u00e7\u00fcs\u00fc F1\/2<\/li>\n<li>T\u00fcm \u00fcr\u00fcnlerimiz London Assay Office taraf\u0131ndan damgalanm\u0131\u015ft\u0131r<\/li>\n<li>Sunum Kutusu ile Birlikte Gelir<\/li>\n<li>Teslimat Dahil<\/li>\n<li>T\u00fcm fiyatlara KDV dahildir<\/li>\n<li>Bize ula\u015f\u0131n \/ Bizimle canl\u0131 sohbet edin Anneler G\u00fcn\u00fc M\u00fccevher hediye koleksiyonumuzdan \u00f6zel hediyelerin videosu i\u00e7in<\/li>\n<\/ul>","protected":false},"featured_media":313065,"comment_status":"closed","ping_status":"closed","template":"","meta":{"_eb_attr":"","_crsspst_to_jayantr4sg-hostcom":true},"product_brand":[],"product_cat":[1229,1235,1570,1573,1574],"product_tag":[],"class_list":{"0":"post-303242","1":"product","2":"type-product","3":"status-publish","4":"has-post-thumbnail","6":"product_cat-22ct-gold-jewellery","7":"product_cat-gold-rings","8":"product_cat-mothers-day-gifts","9":"product_cat-wedding-gifts","10":"product_cat-womens-jewellery","12":"first","13":"outofstock","14":"taxable","15":"shipping-taxable","16":"product-type-simple","17":"add-to-wishlist-before_image"},"yoast_head":"<!-- This site is optimized with the Yoast SEO plugin v27.5 - https:\/\/yoast.com\/product\/yoast-seo-wordpress\/ -->\n<title>22ct\u00a0Gold Ladies Indian Ring With Filigree Design | PureJewels UK<\/title>\n<meta name=\"description\" content=\"Adorn your fingers with timeless beauty. Explore our 22ct Gold Ladies Indian Ring with Filigree Design in Size F1\/2 at PureJewels UK.\" \/>\n<meta name=\"robots\" content=\"index, follow, max-snippet:-1, max-image-preview:large, max-video-preview:-1\" \/>\n<link rel=\"canonical\" href=\"https:\/\/www.purejewels.com\/tr\/urun\/22-ayar-altin-bayan-yuzuk-8\/\" \/>\n<meta property=\"og:locale\" content=\"tr_TR\" \/>\n<meta property=\"og:type\" content=\"article\" \/>\n<meta property=\"og:title\" content=\"22ct\u00a0Gold Ladies Indian Ring With Filigree Design | PureJewels UK\" \/>\n<meta property=\"og:description\" content=\"Adorn your fingers with timeless beauty. Explore our 22ct Gold Ladies Indian Ring with Filigree Design in Size F1\/2 at PureJewels UK.\" \/>\n<meta property=\"og:url\" content=\"https:\/\/www.purejewels.com\/tr\/urun\/22-ayar-altin-bayan-yuzuk-8\/\" \/>\n<meta property=\"og:site_name\" content=\"PureJewels UK\" \/>\n<meta property=\"article:modified_time\" content=\"2026-01-06T11:14:15+00:00\" \/>\n<meta property=\"og:image\" content=\"https:\/\/www.purejewels.com\/wp-content\/uploads\/2020\/03\/135705407.png\" \/>\n\t<meta property=\"og:image:width\" content=\"1000\" \/>\n\t<meta property=\"og:image:height\" content=\"1000\" \/>\n\t<meta property=\"og:image:type\" content=\"image\/png\" \/>\n<meta name=\"twitter:card\" content=\"summary_large_image\" \/>\n<meta name=\"twitter:label1\" content=\"Tahmini okuma s\u00fcresi\" \/>\n\t<meta name=\"twitter:data1\" content=\"1 dakika\" \/>\n<script type=\"application\/ld+json\" class=\"yoast-schema-graph\">{\"@context\":\"https:\\\/\\\/schema.org\",\"@graph\":[{\"@type\":[\"WebPage\",\"ItemPage\"],\"@id\":\"https:\\\/\\\/www.purejewels.com\\\/product\\\/22ct-gold-ladies-ring-8\\\/\",\"url\":\"https:\\\/\\\/www.purejewels.com\\\/product\\\/22ct-gold-ladies-ring-8\\\/\",\"name\":\"22ct\u00a0Gold Ladies Indian Ring With Filigree Design | PureJewels UK\",\"isPartOf\":{\"@id\":\"https:\\\/\\\/www.purejewels.com\\\/#website\"},\"primaryImageOfPage\":{\"@id\":\"https:\\\/\\\/www.purejewels.com\\\/product\\\/22ct-gold-ladies-ring-8\\\/#primaryimage\"},\"image\":{\"@id\":\"https:\\\/\\\/www.purejewels.com\\\/product\\\/22ct-gold-ladies-ring-8\\\/#primaryimage\"},\"thumbnailUrl\":\"https:\\\/\\\/static.purejewels.com\\\/wp-content\\\/uploads\\\/2020\\\/03\\\/135705407.png\",\"datePublished\":\"2018-09-18T15:51:39+00:00\",\"dateModified\":\"2026-01-06T11:14:15+00:00\",\"description\":\"Adorn your fingers with timeless beauty. Explore our 22ct Gold Ladies Indian Ring with Filigree Design in Size F1\\\/2 at PureJewels UK.\",\"breadcrumb\":{\"@id\":\"https:\\\/\\\/www.purejewels.com\\\/product\\\/22ct-gold-ladies-ring-8\\\/#breadcrumb\"},\"inLanguage\":\"tr\",\"potentialAction\":[{\"@type\":\"ReadAction\",\"target\":[\"https:\\\/\\\/www.purejewels.com\\\/product\\\/22ct-gold-ladies-ring-8\\\/\"]}]},{\"@type\":\"ImageObject\",\"inLanguage\":\"tr\",\"@id\":\"https:\\\/\\\/www.purejewels.com\\\/product\\\/22ct-gold-ladies-ring-8\\\/#primaryimage\",\"url\":\"https:\\\/\\\/static.purejewels.com\\\/wp-content\\\/uploads\\\/2020\\\/03\\\/135705407.png\",\"contentUrl\":\"https:\\\/\\\/static.purejewels.com\\\/wp-content\\\/uploads\\\/2020\\\/03\\\/135705407.png\",\"width\":1000,\"height\":1000,\"caption\":\"22ct Gold Ladies RingWith Filigree DesignRing wt. 2.3 gRing Size F1\\\/2All our products are hallmarked by London Assay OfficeComes With Presentation BoxDelivery IncludedAll prices include VATLive chat with us for availability and more images of similar designs currently in stock\"},{\"@type\":\"BreadcrumbList\",\"@id\":\"https:\\\/\\\/www.purejewels.com\\\/product\\\/22ct-gold-ladies-ring-8\\\/#breadcrumb\",\"itemListElement\":[{\"@type\":\"ListItem\",\"position\":1,\"name\":\"Home\",\"item\":\"https:\\\/\\\/www.purejewels.com\\\/\"},{\"@type\":\"ListItem\",\"position\":2,\"name\":\"Shop\",\"item\":\"https:\\\/\\\/www.purejewels.com\\\/shop\\\/\"},{\"@type\":\"ListItem\",\"position\":3,\"name\":\"22ct\u00a0Gold Ladies Indian Ring With Filigree Design\"}]},{\"@type\":\"WebSite\",\"@id\":\"https:\\\/\\\/www.purejewels.com\\\/#website\",\"url\":\"https:\\\/\\\/www.purejewels.com\\\/\",\"name\":\"PureJewels UK\",\"description\":\"Share the Love\",\"publisher\":{\"@id\":\"https:\\\/\\\/www.purejewels.com\\\/#organization\"},\"potentialAction\":[{\"@type\":\"SearchAction\",\"target\":{\"@type\":\"EntryPoint\",\"urlTemplate\":\"https:\\\/\\\/www.purejewels.com\\\/?s={search_term_string}\"},\"query-input\":{\"@type\":\"PropertyValueSpecification\",\"valueRequired\":true,\"valueName\":\"search_term_string\"}}],\"inLanguage\":\"tr\"},{\"@type\":\"Organization\",\"@id\":\"https:\\\/\\\/www.purejewels.com\\\/#organization\",\"name\":\"PureJewels UK\",\"url\":\"https:\\\/\\\/www.purejewels.com\\\/\",\"logo\":{\"@type\":\"ImageObject\",\"inLanguage\":\"tr\",\"@id\":\"https:\\\/\\\/www.purejewels.com\\\/#\\\/schema\\\/logo\\\/image\\\/\",\"url\":\"https:\\\/\\\/static.purejewels.com\\\/wp-content\\\/uploads\\\/2020\\\/11\\\/Logo-PJ-New-1.png\",\"contentUrl\":\"https:\\\/\\\/static.purejewels.com\\\/wp-content\\\/uploads\\\/2020\\\/11\\\/Logo-PJ-New-1.png\",\"width\":150,\"height\":80,\"caption\":\"PureJewels UK\"},\"image\":{\"@id\":\"https:\\\/\\\/www.purejewels.com\\\/#\\\/schema\\\/logo\\\/image\\\/\"}}]}<\/script>\n<!-- \/ Yoast SEO plugin. -->","yoast_head_json":{"title":"Telkari Tasar\u0131ml\u0131 22 Ayar Alt\u0131n Bayan Hint Y\u00fcz\u00fc\u011f\u00fc | PureJewels UK","description":"Parmaklar\u0131n\u0131z\u0131 zamans\u0131z bir g\u00fczellikle s\u00fcsleyin. PureJewels UK'de F1\/2 Beden Telkari Tasar\u0131ml\u0131 22 Ayar Alt\u0131n Bayan Hint Y\u00fcz\u00fc\u011f\u00fcm\u00fcz\u00fc ke\u015ffedin.","robots":{"index":"index","follow":"follow","max-snippet":"max-snippet:-1","max-image-preview":"max-image-preview:large","max-video-preview":"max-video-preview:-1"},"canonical":"https:\/\/www.purejewels.com\/tr\/urun\/22-ayar-altin-bayan-yuzuk-8\/","og_locale":"tr_TR","og_type":"article","og_title":"22ct\u00a0Gold Ladies Indian Ring With Filigree Design | PureJewels UK","og_description":"Adorn your fingers with timeless beauty. Explore our 22ct Gold Ladies Indian Ring with Filigree Design in Size F1\/2 at PureJewels UK.","og_url":"https:\/\/www.purejewels.com\/tr\/urun\/22-ayar-altin-bayan-yuzuk-8\/","og_site_name":"PureJewels UK","article_modified_time":"2026-01-06T11:14:15+00:00","og_image":[{"width":1000,"height":1000,"url":"https:\/\/www.purejewels.com\/wp-content\/uploads\/2020\/03\/135705407.png","type":"image\/png"}],"twitter_card":"summary_large_image","twitter_misc":{"Tahmini okuma s\u00fcresi":"1 dakika"},"schema":{"@context":"https:\/\/schema.org","@graph":[{"@type":["WebPage","ItemPage"],"@id":"https:\/\/www.purejewels.com\/product\/22ct-gold-ladies-ring-8\/","url":"https:\/\/www.purejewels.com\/product\/22ct-gold-ladies-ring-8\/","name":"Telkari Tasar\u0131ml\u0131 22 Ayar Alt\u0131n Bayan Hint Y\u00fcz\u00fc\u011f\u00fc | PureJewels UK","isPartOf":{"@id":"https:\/\/www.purejewels.com\/#website"},"primaryImageOfPage":{"@id":"https:\/\/www.purejewels.com\/product\/22ct-gold-ladies-ring-8\/#primaryimage"},"image":{"@id":"https:\/\/www.purejewels.com\/product\/22ct-gold-ladies-ring-8\/#primaryimage"},"thumbnailUrl":"https:\/\/static.purejewels.com\/wp-content\/uploads\/2020\/03\/135705407.png","datePublished":"2018-09-18T15:51:39+00:00","dateModified":"2026-01-06T11:14:15+00:00","description":"Parmaklar\u0131n\u0131z\u0131 zamans\u0131z bir g\u00fczellikle s\u00fcsleyin. PureJewels UK'de F1\/2 Beden Telkari Tasar\u0131ml\u0131 22 Ayar Alt\u0131n Bayan Hint Y\u00fcz\u00fc\u011f\u00fcm\u00fcz\u00fc ke\u015ffedin.","breadcrumb":{"@id":"https:\/\/www.purejewels.com\/product\/22ct-gold-ladies-ring-8\/#breadcrumb"},"inLanguage":"tr","potentialAction":[{"@type":"ReadAction","target":["https:\/\/www.purejewels.com\/product\/22ct-gold-ladies-ring-8\/"]}]},{"@type":"ImageObject","inLanguage":"tr","@id":"https:\/\/www.purejewels.com\/product\/22ct-gold-ladies-ring-8\/#primaryimage","url":"https:\/\/static.purejewels.com\/wp-content\/uploads\/2020\/03\/135705407.png","contentUrl":"https:\/\/static.purejewels.com\/wp-content\/uploads\/2020\/03\/135705407.png","width":1000,"height":1000,"caption":"22ct Gold Ladies RingWith Filigree DesignRing wt. 2.3 gRing Size F1\/2All our products are hallmarked by London Assay OfficeComes With Presentation BoxDelivery IncludedAll prices include VATLive chat with us for availability and more images of similar designs currently in stock"},{"@type":"BreadcrumbList","@id":"https:\/\/www.purejewels.com\/product\/22ct-gold-ladies-ring-8\/#breadcrumb","itemListElement":[{"@type":"ListItem","position":1,"name":"Home","item":"https:\/\/www.purejewels.com\/"},{"@type":"ListItem","position":2,"name":"Shop","item":"https:\/\/www.purejewels.com\/shop\/"},{"@type":"ListItem","position":3,"name":"22ct\u00a0Gold Ladies Indian Ring With Filigree Design"}]},{"@type":"WebSite","@id":"https:\/\/www.purejewels.com\/#website","url":"https:\/\/www.purejewels.com\/","name":"PureJewels \u0130ngiltere","description":"Sevgiyi Payla\u015f\u0131n","publisher":{"@id":"https:\/\/www.purejewels.com\/#organization"},"potentialAction":[{"@type":"SearchAction","target":{"@type":"EntryPoint","urlTemplate":"https:\/\/www.purejewels.com\/?s={search_term_string}"},"query-input":{"@type":"PropertyValueSpecification","valueRequired":true,"valueName":"search_term_string"}}],"inLanguage":"tr"},{"@type":"Organization","@id":"https:\/\/www.purejewels.com\/#organization","name":"PureJewels \u0130ngiltere","url":"https:\/\/www.purejewels.com\/","logo":{"@type":"ImageObject","inLanguage":"tr","@id":"https:\/\/www.purejewels.com\/#\/schema\/logo\/image\/","url":"https:\/\/static.purejewels.com\/wp-content\/uploads\/2020\/11\/Logo-PJ-New-1.png","contentUrl":"https:\/\/static.purejewels.com\/wp-content\/uploads\/2020\/11\/Logo-PJ-New-1.png","width":150,"height":80,"caption":"PureJewels UK"},"image":{"@id":"https:\/\/www.purejewels.com\/#\/schema\/logo\/image\/"}}]}},"_links":{"self":[{"href":"https:\/\/www.purejewels.com\/tr\/wp-json\/wp\/v2\/product\/303242","targetHints":{"allow":["GET"]}}],"collection":[{"href":"https:\/\/www.purejewels.com\/tr\/wp-json\/wp\/v2\/product"}],"about":[{"href":"https:\/\/www.purejewels.com\/tr\/wp-json\/wp\/v2\/types\/product"}],"replies":[{"embeddable":true,"href":"https:\/\/www.purejewels.com\/tr\/wp-json\/wp\/v2\/comments?post=303242"}],"version-history":[{"count":2,"href":"https:\/\/www.purejewels.com\/tr\/wp-json\/wp\/v2\/product\/303242\/revisions"}],"predecessor-version":[{"id":420529,"href":"https:\/\/www.purejewels.com\/tr\/wp-json\/wp\/v2\/product\/303242\/revisions\/420529"}],"wp:featuredmedia":[{"embeddable":true,"href":"https:\/\/www.purejewels.com\/tr\/wp-json\/wp\/v2\/media\/313065"}],"wp:attachment":[{"href":"https:\/\/www.purejewels.com\/tr\/wp-json\/wp\/v2\/media?parent=303242"}],"wp:term":[{"taxonomy":"product_brand","embeddable":true,"href":"https:\/\/www.purejewels.com\/tr\/wp-json\/wp\/v2\/product_brand?post=303242"},{"taxonomy":"product_cat","embeddable":true,"href":"https:\/\/www.purejewels.com\/tr\/wp-json\/wp\/v2\/product_cat?post=303242"},{"taxonomy":"product_tag","embeddable":true,"href":"https:\/\/www.purejewels.com\/tr\/wp-json\/wp\/v2\/product_tag?post=303242"}],"curies":[{"name":"wp","href":"https:\/\/api.w.org\/{rel}","templated":true}]}}