{"id":303324,"date":"2018-09-28T11:09:08","date_gmt":"2018-09-28T10:09:08","guid":{"rendered":"https:\/\/www.purejewels.com\/?post_type=product&#038;p=303324"},"modified":"2026-01-10T16:15:44","modified_gmt":"2026-01-10T16:15:44","slug":"22-ayar-altin-kada-bileklik-seti","status":"publish","type":"product","link":"https:\/\/www.purejewels.com\/tr\/product\/22ct-gold-kada-bangle-set\/","title":{"rendered":"22 Ayar Alt\u0131n Bileklik Kada Seti"},"content":{"rendered":"<ul>\n<li>3'l\u00fc Set <a href=\"https:\/\/www.purejewels.com\/tr\/how-to-measure-bangle-size-2\/\">B\u0130LEZ\u0130KLER<\/a> 22 ayar alt\u0131ndan g\u00fcnl\u00fck veya ara s\u0131ra tak\u0131lan bilezikler -<\/li>\n<li>(Tek bileklik istiyorsan\u0131z l\u00fctfen sohbetten bilgi al\u0131n - burada g\u00f6sterilen fiyat 3 bileklik i\u00e7indir)<\/li>\n<li>Pembe Alt\u0131n Kaplama ve rodyum Kaplama ile<\/li>\n<li>Bileklik 1, A\u011f\u0131rl\u0131k.  15.9 g<\/li>\n<li>Bileklik 2, A\u011f\u0131rl\u0131k.  15.1 g<\/li>\n<li>Bileklik 3, A\u011f\u0131rl\u0131k.  14.5 g<\/li>\n<li>Toplam A\u011f\u0131rl\u0131k 45.50 g<\/li>\n<li>Sku 28142, 28170, 28171<\/li>\n<li>\u0130lave boyutlar i\u00e7in l\u00fctfen sorunuz<\/li>\n<li>T\u00fcm \u00fcr\u00fcnlerimiz London Assay Office taraf\u0131ndan damgalanm\u0131\u015ft\u0131r<\/li>\n<li>Sunum Kutusu ile Birlikte Gelir<\/li>\n<li>Teslimat Dahil<\/li>\n<li>T\u00fcm fiyatlara KDV dahildir<\/li>\n<li>\u00dcr\u00fcn\u00fcn canl\u0131 videosu i\u00e7in bize ula\u015f\u0131n \/ bizimle sohbet edin<\/li>\n<\/ul>","protected":false},"excerpt":{"rendered":"<ul>\n<li>3'l\u00fc 22 ayar alt\u0131n bileklik seti g\u00fcnl\u00fck veya ara s\u0131ra tak\u0131lan bileklikler -<\/li>\n<li>(Tek bileklik istiyorsan\u0131z l\u00fctfen sohbetten bilgi al\u0131n - burada g\u00f6sterilen fiyat 3 bileklik i\u00e7indir)<\/li>\n<li>Pembe Alt\u0131n Kaplama ve rodyum Kaplama ile<\/li>\n<li>Bileklik 1, A\u011f\u0131rl\u0131k.  15.9 g<\/li>\n<li>Bileklik 2, A\u011f\u0131rl\u0131k.  15.1 g<\/li>\n<li>Bileklik 3, A\u011f\u0131rl\u0131k.  14.5 g<\/li>\n<li>Toplam A\u011f\u0131rl\u0131k 45.50 g<\/li>\n<li>Sku 28142, 28170, 28171<\/li>\n<li>\u0130lave boyutlar i\u00e7in l\u00fctfen sorunuz<\/li>\n<li>T\u00fcm \u00fcr\u00fcnlerimiz London Assay Office taraf\u0131ndan damgalanm\u0131\u015ft\u0131r<\/li>\n<li>Sunum Kutusu ile Birlikte Gelir<\/li>\n<li>Teslimat Dahil<\/li>\n<li>T\u00fcm fiyatlara KDV dahildir<\/li>\n<li>\u00dcr\u00fcn\u00fcn canl\u0131 videosu i\u00e7in bize ula\u015f\u0131n \/ bizimle sohbet edin<\/li>\n<li><\/li>\n<\/ul>","protected":false},"featured_media":303325,"comment_status":"closed","ping_status":"closed","template":"","meta":{"_eb_attr":"","_crsspst_to_jayantr4sg-hostcom":false},"product_brand":[],"product_cat":[1658,1574],"product_tag":[],"class_list":{"0":"post-303324","1":"product","2":"type-product","3":"status-publish","4":"has-post-thumbnail","6":"product_cat-bangle-sets","7":"product_cat-womens-jewellery","9":"first","10":"outofstock","11":"taxable","12":"shipping-taxable","13":"product-type-simple","14":"add-to-wishlist-before_image"},"yoast_head":"<!-- This site is optimized with the Yoast SEO plugin v27.5 - https:\/\/yoast.com\/product\/yoast-seo-wordpress\/ -->\n<title>22K Gold Bangle Kada Set - PureJewels UK<\/title>\n<meta name=\"robots\" content=\"index, follow, max-snippet:-1, max-image-preview:large, max-video-preview:-1\" \/>\n<link rel=\"canonical\" href=\"https:\/\/www.purejewels.com\/tr\/urun\/22-ayar-altin-kada-bileklik-seti\/\" \/>\n<meta property=\"og:locale\" content=\"tr_TR\" \/>\n<meta property=\"og:type\" content=\"article\" \/>\n<meta property=\"og:title\" content=\"22K Gold Bangle Kada Set - PureJewels UK\" \/>\n<meta property=\"og:description\" content=\"Set of 3 bangles of 22k gold daily or occasional wear bangles \u2013  (If you want one bangle please enquire on chat \u2013 the price shown here is for 3 bangles)  With Rose Gold Finish and rhodium Plating  Bangle 1,\u00a0 Weight.\u00a0 15.9 g  Bangle 2,\u00a0 Weight.\u00a0 15.1 g  Bangle 3,\u00a0 Weight.\u00a0 14.5 g  Total Wt. 45.50 g  Sku 28142, 28170, 28171  Please enquire for additional sizes  All our products are hallmarked by London Assay Office  Comes With Presentation Box  Delivery Included  All prices include VAT  Contact us \/ chat with us for live video of product\" \/>\n<meta property=\"og:url\" content=\"https:\/\/www.purejewels.com\/tr\/urun\/22-ayar-altin-kada-bileklik-seti\/\" \/>\n<meta property=\"og:site_name\" content=\"PureJewels UK\" \/>\n<meta property=\"article:modified_time\" content=\"2026-01-10T16:15:44+00:00\" \/>\n<meta property=\"og:image\" content=\"https:\/\/www.purejewels.com\/wp-content\/uploads\/2018\/09\/28142-28170-28171.png\" \/>\n\t<meta property=\"og:image:width\" content=\"1000\" \/>\n\t<meta property=\"og:image:height\" content=\"1000\" \/>\n\t<meta property=\"og:image:type\" content=\"image\/png\" \/>\n<meta name=\"twitter:card\" content=\"summary_large_image\" \/>\n<script type=\"application\/ld+json\" class=\"yoast-schema-graph\">{\"@context\":\"https:\\\/\\\/schema.org\",\"@graph\":[{\"@type\":[\"WebPage\",\"ItemPage\"],\"@id\":\"https:\\\/\\\/www.purejewels.com\\\/product\\\/22ct-gold-kada-bangle-set\\\/\",\"url\":\"https:\\\/\\\/www.purejewels.com\\\/product\\\/22ct-gold-kada-bangle-set\\\/\",\"name\":\"22K Gold Bangle Kada Set - PureJewels UK\",\"isPartOf\":{\"@id\":\"https:\\\/\\\/www.purejewels.com\\\/#website\"},\"primaryImageOfPage\":{\"@id\":\"https:\\\/\\\/www.purejewels.com\\\/product\\\/22ct-gold-kada-bangle-set\\\/#primaryimage\"},\"image\":{\"@id\":\"https:\\\/\\\/www.purejewels.com\\\/product\\\/22ct-gold-kada-bangle-set\\\/#primaryimage\"},\"thumbnailUrl\":\"https:\\\/\\\/static.purejewels.com\\\/wp-content\\\/uploads\\\/2018\\\/09\\\/28142-28170-28171.png\",\"datePublished\":\"2018-09-28T10:09:08+00:00\",\"dateModified\":\"2026-01-10T16:15:44+00:00\",\"breadcrumb\":{\"@id\":\"https:\\\/\\\/www.purejewels.com\\\/product\\\/22ct-gold-kada-bangle-set\\\/#breadcrumb\"},\"inLanguage\":\"tr\",\"potentialAction\":[{\"@type\":\"ReadAction\",\"target\":[\"https:\\\/\\\/www.purejewels.com\\\/product\\\/22ct-gold-kada-bangle-set\\\/\"]}]},{\"@type\":\"ImageObject\",\"inLanguage\":\"tr\",\"@id\":\"https:\\\/\\\/www.purejewels.com\\\/product\\\/22ct-gold-kada-bangle-set\\\/#primaryimage\",\"url\":\"https:\\\/\\\/static.purejewels.com\\\/wp-content\\\/uploads\\\/2018\\\/09\\\/28142-28170-28171.png\",\"contentUrl\":\"https:\\\/\\\/static.purejewels.com\\\/wp-content\\\/uploads\\\/2018\\\/09\\\/28142-28170-28171.png\",\"width\":1000,\"height\":1000,\"caption\":\"28142-28170-28171\"},{\"@type\":\"BreadcrumbList\",\"@id\":\"https:\\\/\\\/www.purejewels.com\\\/product\\\/22ct-gold-kada-bangle-set\\\/#breadcrumb\",\"itemListElement\":[{\"@type\":\"ListItem\",\"position\":1,\"name\":\"Home\",\"item\":\"https:\\\/\\\/www.purejewels.com\\\/\"},{\"@type\":\"ListItem\",\"position\":2,\"name\":\"Shop\",\"item\":\"https:\\\/\\\/www.purejewels.com\\\/shop\\\/\"},{\"@type\":\"ListItem\",\"position\":3,\"name\":\"22K Gold Bangle Kada Set\"}]},{\"@type\":\"WebSite\",\"@id\":\"https:\\\/\\\/www.purejewels.com\\\/#website\",\"url\":\"https:\\\/\\\/www.purejewels.com\\\/\",\"name\":\"PureJewels UK\",\"description\":\"Share the Love\",\"publisher\":{\"@id\":\"https:\\\/\\\/www.purejewels.com\\\/#organization\"},\"potentialAction\":[{\"@type\":\"SearchAction\",\"target\":{\"@type\":\"EntryPoint\",\"urlTemplate\":\"https:\\\/\\\/www.purejewels.com\\\/?s={search_term_string}\"},\"query-input\":{\"@type\":\"PropertyValueSpecification\",\"valueRequired\":true,\"valueName\":\"search_term_string\"}}],\"inLanguage\":\"tr\"},{\"@type\":\"Organization\",\"@id\":\"https:\\\/\\\/www.purejewels.com\\\/#organization\",\"name\":\"PureJewels UK\",\"url\":\"https:\\\/\\\/www.purejewels.com\\\/\",\"logo\":{\"@type\":\"ImageObject\",\"inLanguage\":\"tr\",\"@id\":\"https:\\\/\\\/www.purejewels.com\\\/#\\\/schema\\\/logo\\\/image\\\/\",\"url\":\"https:\\\/\\\/static.purejewels.com\\\/wp-content\\\/uploads\\\/2020\\\/11\\\/Logo-PJ-New-1.png\",\"contentUrl\":\"https:\\\/\\\/static.purejewels.com\\\/wp-content\\\/uploads\\\/2020\\\/11\\\/Logo-PJ-New-1.png\",\"width\":150,\"height\":80,\"caption\":\"PureJewels UK\"},\"image\":{\"@id\":\"https:\\\/\\\/www.purejewels.com\\\/#\\\/schema\\\/logo\\\/image\\\/\"}}]}<\/script>\n<!-- \/ Yoast SEO plugin. -->","yoast_head_json":{"title":"22K Alt\u0131n Bileklik Kada Seti - PureJewels UK","robots":{"index":"index","follow":"follow","max-snippet":"max-snippet:-1","max-image-preview":"max-image-preview:large","max-video-preview":"max-video-preview:-1"},"canonical":"https:\/\/www.purejewels.com\/tr\/urun\/22-ayar-altin-kada-bileklik-seti\/","og_locale":"tr_TR","og_type":"article","og_title":"22K Gold Bangle Kada Set - PureJewels UK","og_description":"Set of 3 bangles of 22k gold daily or occasional wear bangles \u2013  (If you want one bangle please enquire on chat \u2013 the price shown here is for 3 bangles)  With Rose Gold Finish and rhodium Plating  Bangle 1,\u00a0 Weight.\u00a0 15.9 g  Bangle 2,\u00a0 Weight.\u00a0 15.1 g  Bangle 3,\u00a0 Weight.\u00a0 14.5 g  Total Wt. 45.50 g  Sku 28142, 28170, 28171  Please enquire for additional sizes  All our products are hallmarked by London Assay Office  Comes With Presentation Box  Delivery Included  All prices include VAT  Contact us \/ chat with us for live video of product","og_url":"https:\/\/www.purejewels.com\/tr\/urun\/22-ayar-altin-kada-bileklik-seti\/","og_site_name":"PureJewels UK","article_modified_time":"2026-01-10T16:15:44+00:00","og_image":[{"width":1000,"height":1000,"url":"https:\/\/www.purejewels.com\/wp-content\/uploads\/2018\/09\/28142-28170-28171.png","type":"image\/png"}],"twitter_card":"summary_large_image","schema":{"@context":"https:\/\/schema.org","@graph":[{"@type":["WebPage","ItemPage"],"@id":"https:\/\/www.purejewels.com\/product\/22ct-gold-kada-bangle-set\/","url":"https:\/\/www.purejewels.com\/product\/22ct-gold-kada-bangle-set\/","name":"22K Alt\u0131n Bileklik Kada Seti - PureJewels UK","isPartOf":{"@id":"https:\/\/www.purejewels.com\/#website"},"primaryImageOfPage":{"@id":"https:\/\/www.purejewels.com\/product\/22ct-gold-kada-bangle-set\/#primaryimage"},"image":{"@id":"https:\/\/www.purejewels.com\/product\/22ct-gold-kada-bangle-set\/#primaryimage"},"thumbnailUrl":"https:\/\/static.purejewels.com\/wp-content\/uploads\/2018\/09\/28142-28170-28171.png","datePublished":"2018-09-28T10:09:08+00:00","dateModified":"2026-01-10T16:15:44+00:00","breadcrumb":{"@id":"https:\/\/www.purejewels.com\/product\/22ct-gold-kada-bangle-set\/#breadcrumb"},"inLanguage":"tr","potentialAction":[{"@type":"ReadAction","target":["https:\/\/www.purejewels.com\/product\/22ct-gold-kada-bangle-set\/"]}]},{"@type":"ImageObject","inLanguage":"tr","@id":"https:\/\/www.purejewels.com\/product\/22ct-gold-kada-bangle-set\/#primaryimage","url":"https:\/\/static.purejewels.com\/wp-content\/uploads\/2018\/09\/28142-28170-28171.png","contentUrl":"https:\/\/static.purejewels.com\/wp-content\/uploads\/2018\/09\/28142-28170-28171.png","width":1000,"height":1000,"caption":"28142-28170-28171"},{"@type":"BreadcrumbList","@id":"https:\/\/www.purejewels.com\/product\/22ct-gold-kada-bangle-set\/#breadcrumb","itemListElement":[{"@type":"ListItem","position":1,"name":"Home","item":"https:\/\/www.purejewels.com\/"},{"@type":"ListItem","position":2,"name":"Shop","item":"https:\/\/www.purejewels.com\/shop\/"},{"@type":"ListItem","position":3,"name":"22K Gold Bangle Kada Set"}]},{"@type":"WebSite","@id":"https:\/\/www.purejewels.com\/#website","url":"https:\/\/www.purejewels.com\/","name":"PureJewels \u0130ngiltere","description":"Sevgiyi Payla\u015f\u0131n","publisher":{"@id":"https:\/\/www.purejewels.com\/#organization"},"potentialAction":[{"@type":"SearchAction","target":{"@type":"EntryPoint","urlTemplate":"https:\/\/www.purejewels.com\/?s={search_term_string}"},"query-input":{"@type":"PropertyValueSpecification","valueRequired":true,"valueName":"search_term_string"}}],"inLanguage":"tr"},{"@type":"Organization","@id":"https:\/\/www.purejewels.com\/#organization","name":"PureJewels \u0130ngiltere","url":"https:\/\/www.purejewels.com\/","logo":{"@type":"ImageObject","inLanguage":"tr","@id":"https:\/\/www.purejewels.com\/#\/schema\/logo\/image\/","url":"https:\/\/static.purejewels.com\/wp-content\/uploads\/2020\/11\/Logo-PJ-New-1.png","contentUrl":"https:\/\/static.purejewels.com\/wp-content\/uploads\/2020\/11\/Logo-PJ-New-1.png","width":150,"height":80,"caption":"PureJewels UK"},"image":{"@id":"https:\/\/www.purejewels.com\/#\/schema\/logo\/image\/"}}]}},"_links":{"self":[{"href":"https:\/\/www.purejewels.com\/tr\/wp-json\/wp\/v2\/product\/303324","targetHints":{"allow":["GET"]}}],"collection":[{"href":"https:\/\/www.purejewels.com\/tr\/wp-json\/wp\/v2\/product"}],"about":[{"href":"https:\/\/www.purejewels.com\/tr\/wp-json\/wp\/v2\/types\/product"}],"replies":[{"embeddable":true,"href":"https:\/\/www.purejewels.com\/tr\/wp-json\/wp\/v2\/comments?post=303324"}],"version-history":[{"count":0,"href":"https:\/\/www.purejewels.com\/tr\/wp-json\/wp\/v2\/product\/303324\/revisions"}],"wp:featuredmedia":[{"embeddable":true,"href":"https:\/\/www.purejewels.com\/tr\/wp-json\/wp\/v2\/media\/303325"}],"wp:attachment":[{"href":"https:\/\/www.purejewels.com\/tr\/wp-json\/wp\/v2\/media?parent=303324"}],"wp:term":[{"taxonomy":"product_brand","embeddable":true,"href":"https:\/\/www.purejewels.com\/tr\/wp-json\/wp\/v2\/product_brand?post=303324"},{"taxonomy":"product_cat","embeddable":true,"href":"https:\/\/www.purejewels.com\/tr\/wp-json\/wp\/v2\/product_cat?post=303324"},{"taxonomy":"product_tag","embeddable":true,"href":"https:\/\/www.purejewels.com\/tr\/wp-json\/wp\/v2\/product_tag?post=303324"}],"curies":[{"name":"wp","href":"https:\/\/api.w.org\/{rel}","templated":true}]}}