{"id":303327,"date":"2018-09-28T11:16:42","date_gmt":"2018-09-28T10:16:42","guid":{"rendered":"https:\/\/www.purejewels.com\/?post_type=product&#038;p=303327"},"modified":"2026-01-10T16:15:28","modified_gmt":"2026-01-10T16:15:28","slug":"22-ayar-altin-kada-bileklik","status":"publish","type":"product","link":"https:\/\/www.purejewels.com\/tr\/product\/22ct-gold-kada-bangle\/","title":{"rendered":"22 ayar alt\u0131n Kada bileklik, rodyum detayl\u0131"},"content":{"rendered":"<p><strong>Tasar\u0131m:<\/strong><\/p>\n<p>Bu 22 ayar alt\u0131n Kada bileklik, gelenek ve \u00e7a\u011fda\u015f sanat\u0131n bir kar\u0131\u015f\u0131m\u0131n\u0131 sergiliyor. En dikkat \u00e7ekici unsur, bir dizi y\u00fckseltilmi\u015f, rodyum kapl\u0131 oval motiflerle \u00e7er\u00e7evelenmi\u015f, elmas kesimli \u00f6rg\u00fc tarz\u0131 orta bantt\u0131r. Bu bant, dokusal zenginlik ve modern bir \u00e7ekicilik katmaktad\u0131r.<\/p>\n<p><strong>\u0130\u015f\u00e7ilik:<\/strong><\/p>\n<p>Y\u00fcksek safl\u0131kta 22 ayar alt\u0131ndan ustal\u0131kla el i\u015f\u00e7ili\u011fi ile \u00fcretilen bu par\u00e7a, hassas kesim delikler ve rodyum kaplama detaylarla \u0131\u015f\u0131lt\u0131l\u0131 \u00e7ift tonlu bir g\u00f6r\u00fcn\u00fcm sunar. G\u00fcvenli toka kapatma ve yumu\u015fak kavisli kenarlar, g\u00fcn boyu rahat kullan\u0131m sa\u011flar.<\/p>\n<p><strong>Stil:<\/strong><\/p>\n<p>Cesur ve zarif bir se\u00e7im olan bu Kada bileklik, \u00f6zel g\u00fcnler ve \u015fenlikli k\u0131yafetler i\u00e7in idealdir. Etnik k\u0131yafetlerle veya modern bir kombin i\u00e7inde dikkat \u00e7eken bir par\u00e7a olarak kombinlenebilir, her m\u00fccevher koleksiyonuna \u00e7ok y\u00f6nl\u00fc ve zamans\u0131z bir katk\u0131 sa\u011flar.<\/p>","protected":false},"excerpt":{"rendered":"<p>\u015e\u0131k 22 ayar alt\u0131n Kada bileklik, ince \u00f6rg\u00fc i\u015f\u00e7ili\u011fi ve \u00e7a\u011fda\u015f bir dokunu\u015f i\u00e7in rodyum kaplama oval motiflerle.<\/p>\n<ul>\n<li>22 Ayar Alt\u0131n Kada Bileklik<\/li>\n<li>Londra Tahlil Ofisi Taraf\u0131ndan Damgalanm\u0131\u015f 22 Ayar Alt\u0131n<\/li>\n<li>Rodyum Kaplama ile<\/li>\n<li>SKU :28144 A\u011f\u0131rl\u0131k. 21.4gms,<\/li>\n<li>Man\u015fet kilidi vard\u0131r<\/li>\n<li>Sunum Kutusu ile Birlikte Gelir<\/li>\n<li>Teslimat Dahil<\/li>\n<li>T\u00fcm fiyatlara KDV dahildir<\/li>\n<li>Bu \u00dcr\u00fcn\u00fcn Daha Fazla Resim ve Videosu \u0130\u00e7in Whatsapp \u00dczerinden Bizimle Canl\u0131 Sohbet Edin<\/li>\n<\/ul>","protected":false},"featured_media":303328,"comment_status":"closed","ping_status":"closed","template":"","meta":{"_eb_attr":"","_crsspst_to_jayantr4sg-hostcom":false},"product_brand":[],"product_cat":[1657,1574],"product_tag":[],"class_list":{"0":"post-303327","1":"product","2":"type-product","3":"status-publish","4":"has-post-thumbnail","6":"product_cat-single-bangle","7":"product_cat-womens-jewellery","9":"first","10":"outofstock","11":"taxable","12":"shipping-taxable","13":"product-type-simple","14":"add-to-wishlist-before_image"},"yoast_head":"<!-- This site is optimized with the Yoast SEO plugin v27.5 - https:\/\/yoast.com\/product\/yoast-seo-wordpress\/ -->\n<title>22ct Gold Rhodium Plated Kada Bangle | PureJewels UK<\/title>\n<meta name=\"description\" content=\"Discover elegance with this 22ct gold Kada bangle featuring intricate cutwork and rhodium plated oval accents. Shop exclusive bangles at PureJewels UK.\" \/>\n<meta name=\"robots\" content=\"index, follow, max-snippet:-1, max-image-preview:large, max-video-preview:-1\" \/>\n<link rel=\"canonical\" href=\"https:\/\/www.purejewels.com\/tr\/urun\/22-ayar-altin-kada-bileklik\/\" \/>\n<meta property=\"og:locale\" content=\"tr_TR\" \/>\n<meta property=\"og:type\" content=\"article\" \/>\n<meta property=\"og:title\" content=\"22ct Gold Rhodium Plated Kada Bangle | PureJewels UK\" \/>\n<meta property=\"og:description\" content=\"Discover elegance with this 22ct gold Kada bangle featuring intricate cutwork and rhodium plated oval accents. Shop exclusive bangles at PureJewels UK.\" \/>\n<meta property=\"og:url\" content=\"https:\/\/www.purejewels.com\/tr\/urun\/22-ayar-altin-kada-bileklik\/\" \/>\n<meta property=\"og:site_name\" content=\"PureJewels UK\" \/>\n<meta property=\"article:modified_time\" content=\"2026-01-10T16:15:28+00:00\" \/>\n<meta property=\"og:image\" content=\"https:\/\/static.purejewels.com\/wp-content\/uploads\/2018\/09\/28144.png\" \/>\n\t<meta property=\"og:image:width\" content=\"1000\" \/>\n\t<meta property=\"og:image:height\" content=\"1000\" \/>\n\t<meta property=\"og:image:type\" content=\"image\/png\" \/>\n<meta name=\"twitter:card\" content=\"summary_large_image\" \/>\n<meta name=\"twitter:label1\" content=\"Tahmini okuma s\u00fcresi\" \/>\n\t<meta name=\"twitter:data1\" content=\"1 dakika\" \/>\n<script type=\"application\/ld+json\" class=\"yoast-schema-graph\">{\"@context\":\"https:\\\/\\\/schema.org\",\"@graph\":[{\"@type\":[\"WebPage\",\"ItemPage\"],\"@id\":\"https:\\\/\\\/www.purejewels.com\\\/product\\\/22ct-gold-kada-bangle\\\/\",\"url\":\"https:\\\/\\\/www.purejewels.com\\\/product\\\/22ct-gold-kada-bangle\\\/\",\"name\":\"22ct Gold Rhodium Plated Kada Bangle | PureJewels UK\",\"isPartOf\":{\"@id\":\"https:\\\/\\\/www.purejewels.com\\\/#website\"},\"primaryImageOfPage\":{\"@id\":\"https:\\\/\\\/www.purejewels.com\\\/product\\\/22ct-gold-kada-bangle\\\/#primaryimage\"},\"image\":{\"@id\":\"https:\\\/\\\/www.purejewels.com\\\/product\\\/22ct-gold-kada-bangle\\\/#primaryimage\"},\"thumbnailUrl\":\"https:\\\/\\\/static.purejewels.com\\\/wp-content\\\/uploads\\\/2018\\\/09\\\/28144.png\",\"datePublished\":\"2018-09-28T10:16:42+00:00\",\"dateModified\":\"2026-01-10T16:15:28+00:00\",\"description\":\"Discover elegance with this 22ct gold Kada bangle featuring intricate cutwork and rhodium plated oval accents. Shop exclusive bangles at PureJewels UK.\",\"breadcrumb\":{\"@id\":\"https:\\\/\\\/www.purejewels.com\\\/product\\\/22ct-gold-kada-bangle\\\/#breadcrumb\"},\"inLanguage\":\"tr\",\"potentialAction\":[{\"@type\":\"ReadAction\",\"target\":[\"https:\\\/\\\/www.purejewels.com\\\/product\\\/22ct-gold-kada-bangle\\\/\"]}]},{\"@type\":\"ImageObject\",\"inLanguage\":\"tr\",\"@id\":\"https:\\\/\\\/www.purejewels.com\\\/product\\\/22ct-gold-kada-bangle\\\/#primaryimage\",\"url\":\"https:\\\/\\\/static.purejewels.com\\\/wp-content\\\/uploads\\\/2018\\\/09\\\/28144.png\",\"contentUrl\":\"https:\\\/\\\/static.purejewels.com\\\/wp-content\\\/uploads\\\/2018\\\/09\\\/28144.png\",\"width\":1000,\"height\":1000,\"caption\":\"28144\"},{\"@type\":\"BreadcrumbList\",\"@id\":\"https:\\\/\\\/www.purejewels.com\\\/product\\\/22ct-gold-kada-bangle\\\/#breadcrumb\",\"itemListElement\":[{\"@type\":\"ListItem\",\"position\":1,\"name\":\"Home\",\"item\":\"https:\\\/\\\/www.purejewels.com\\\/\"},{\"@type\":\"ListItem\",\"position\":2,\"name\":\"Shop\",\"item\":\"https:\\\/\\\/www.purejewels.com\\\/shop\\\/\"},{\"@type\":\"ListItem\",\"position\":3,\"name\":\"22ct Gold Kada Bangle with Rhodium Detail\"}]},{\"@type\":\"WebSite\",\"@id\":\"https:\\\/\\\/www.purejewels.com\\\/#website\",\"url\":\"https:\\\/\\\/www.purejewels.com\\\/\",\"name\":\"PureJewels UK\",\"description\":\"Share the Love\",\"publisher\":{\"@id\":\"https:\\\/\\\/www.purejewels.com\\\/#organization\"},\"potentialAction\":[{\"@type\":\"SearchAction\",\"target\":{\"@type\":\"EntryPoint\",\"urlTemplate\":\"https:\\\/\\\/www.purejewels.com\\\/?s={search_term_string}\"},\"query-input\":{\"@type\":\"PropertyValueSpecification\",\"valueRequired\":true,\"valueName\":\"search_term_string\"}}],\"inLanguage\":\"tr\"},{\"@type\":\"Organization\",\"@id\":\"https:\\\/\\\/www.purejewels.com\\\/#organization\",\"name\":\"PureJewels UK\",\"url\":\"https:\\\/\\\/www.purejewels.com\\\/\",\"logo\":{\"@type\":\"ImageObject\",\"inLanguage\":\"tr\",\"@id\":\"https:\\\/\\\/www.purejewels.com\\\/#\\\/schema\\\/logo\\\/image\\\/\",\"url\":\"https:\\\/\\\/static.purejewels.com\\\/wp-content\\\/uploads\\\/2020\\\/11\\\/Logo-PJ-New-1.png\",\"contentUrl\":\"https:\\\/\\\/static.purejewels.com\\\/wp-content\\\/uploads\\\/2020\\\/11\\\/Logo-PJ-New-1.png\",\"width\":150,\"height\":80,\"caption\":\"PureJewels UK\"},\"image\":{\"@id\":\"https:\\\/\\\/www.purejewels.com\\\/#\\\/schema\\\/logo\\\/image\\\/\"}}]}<\/script>\n<!-- \/ Yoast SEO plugin. -->","yoast_head_json":{"title":"22 ayar alt\u0131n rodyum kaplama Kada bileklik | PureJewels UK","description":"Karma\u015f\u0131k kesim i\u015f\u00e7ili\u011fi ve rodyum kaplama oval detaylara sahip bu 22 ayar alt\u0131n Kada bileklik ile zarafeti ke\u015ffedin. PureJewels UK'de \u00f6zel bileklikleri sat\u0131n al\u0131n.","robots":{"index":"index","follow":"follow","max-snippet":"max-snippet:-1","max-image-preview":"max-image-preview:large","max-video-preview":"max-video-preview:-1"},"canonical":"https:\/\/www.purejewels.com\/tr\/urun\/22-ayar-altin-kada-bileklik\/","og_locale":"tr_TR","og_type":"article","og_title":"22ct Gold Rhodium Plated Kada Bangle | PureJewels UK","og_description":"Discover elegance with this 22ct gold Kada bangle featuring intricate cutwork and rhodium plated oval accents. Shop exclusive bangles at PureJewels UK.","og_url":"https:\/\/www.purejewels.com\/tr\/urun\/22-ayar-altin-kada-bileklik\/","og_site_name":"PureJewels UK","article_modified_time":"2026-01-10T16:15:28+00:00","og_image":[{"width":1000,"height":1000,"url":"https:\/\/static.purejewels.com\/wp-content\/uploads\/2018\/09\/28144.png","type":"image\/png"}],"twitter_card":"summary_large_image","twitter_misc":{"Tahmini okuma s\u00fcresi":"1 dakika"},"schema":{"@context":"https:\/\/schema.org","@graph":[{"@type":["WebPage","ItemPage"],"@id":"https:\/\/www.purejewels.com\/product\/22ct-gold-kada-bangle\/","url":"https:\/\/www.purejewels.com\/product\/22ct-gold-kada-bangle\/","name":"22 ayar alt\u0131n rodyum kaplama Kada bileklik | PureJewels UK","isPartOf":{"@id":"https:\/\/www.purejewels.com\/#website"},"primaryImageOfPage":{"@id":"https:\/\/www.purejewels.com\/product\/22ct-gold-kada-bangle\/#primaryimage"},"image":{"@id":"https:\/\/www.purejewels.com\/product\/22ct-gold-kada-bangle\/#primaryimage"},"thumbnailUrl":"https:\/\/static.purejewels.com\/wp-content\/uploads\/2018\/09\/28144.png","datePublished":"2018-09-28T10:16:42+00:00","dateModified":"2026-01-10T16:15:28+00:00","description":"Karma\u015f\u0131k kesim i\u015f\u00e7ili\u011fi ve rodyum kaplama oval detaylara sahip bu 22 ayar alt\u0131n Kada bileklik ile zarafeti ke\u015ffedin. PureJewels UK'de \u00f6zel bileklikleri sat\u0131n al\u0131n.","breadcrumb":{"@id":"https:\/\/www.purejewels.com\/product\/22ct-gold-kada-bangle\/#breadcrumb"},"inLanguage":"tr","potentialAction":[{"@type":"ReadAction","target":["https:\/\/www.purejewels.com\/product\/22ct-gold-kada-bangle\/"]}]},{"@type":"ImageObject","inLanguage":"tr","@id":"https:\/\/www.purejewels.com\/product\/22ct-gold-kada-bangle\/#primaryimage","url":"https:\/\/static.purejewels.com\/wp-content\/uploads\/2018\/09\/28144.png","contentUrl":"https:\/\/static.purejewels.com\/wp-content\/uploads\/2018\/09\/28144.png","width":1000,"height":1000,"caption":"28144"},{"@type":"BreadcrumbList","@id":"https:\/\/www.purejewels.com\/product\/22ct-gold-kada-bangle\/#breadcrumb","itemListElement":[{"@type":"ListItem","position":1,"name":"Home","item":"https:\/\/www.purejewels.com\/"},{"@type":"ListItem","position":2,"name":"Shop","item":"https:\/\/www.purejewels.com\/shop\/"},{"@type":"ListItem","position":3,"name":"22ct Gold Kada Bangle with Rhodium Detail"}]},{"@type":"WebSite","@id":"https:\/\/www.purejewels.com\/#website","url":"https:\/\/www.purejewels.com\/","name":"PureJewels \u0130ngiltere","description":"Sevgiyi Payla\u015f\u0131n","publisher":{"@id":"https:\/\/www.purejewels.com\/#organization"},"potentialAction":[{"@type":"SearchAction","target":{"@type":"EntryPoint","urlTemplate":"https:\/\/www.purejewels.com\/?s={search_term_string}"},"query-input":{"@type":"PropertyValueSpecification","valueRequired":true,"valueName":"search_term_string"}}],"inLanguage":"tr"},{"@type":"Organization","@id":"https:\/\/www.purejewels.com\/#organization","name":"PureJewels \u0130ngiltere","url":"https:\/\/www.purejewels.com\/","logo":{"@type":"ImageObject","inLanguage":"tr","@id":"https:\/\/www.purejewels.com\/#\/schema\/logo\/image\/","url":"https:\/\/static.purejewels.com\/wp-content\/uploads\/2020\/11\/Logo-PJ-New-1.png","contentUrl":"https:\/\/static.purejewels.com\/wp-content\/uploads\/2020\/11\/Logo-PJ-New-1.png","width":150,"height":80,"caption":"PureJewels UK"},"image":{"@id":"https:\/\/www.purejewels.com\/#\/schema\/logo\/image\/"}}]}},"_links":{"self":[{"href":"https:\/\/www.purejewels.com\/tr\/wp-json\/wp\/v2\/product\/303327","targetHints":{"allow":["GET"]}}],"collection":[{"href":"https:\/\/www.purejewels.com\/tr\/wp-json\/wp\/v2\/product"}],"about":[{"href":"https:\/\/www.purejewels.com\/tr\/wp-json\/wp\/v2\/types\/product"}],"replies":[{"embeddable":true,"href":"https:\/\/www.purejewels.com\/tr\/wp-json\/wp\/v2\/comments?post=303327"}],"version-history":[{"count":2,"href":"https:\/\/www.purejewels.com\/tr\/wp-json\/wp\/v2\/product\/303327\/revisions"}],"predecessor-version":[{"id":423875,"href":"https:\/\/www.purejewels.com\/tr\/wp-json\/wp\/v2\/product\/303327\/revisions\/423875"}],"wp:featuredmedia":[{"embeddable":true,"href":"https:\/\/www.purejewels.com\/tr\/wp-json\/wp\/v2\/media\/303328"}],"wp:attachment":[{"href":"https:\/\/www.purejewels.com\/tr\/wp-json\/wp\/v2\/media?parent=303327"}],"wp:term":[{"taxonomy":"product_brand","embeddable":true,"href":"https:\/\/www.purejewels.com\/tr\/wp-json\/wp\/v2\/product_brand?post=303327"},{"taxonomy":"product_cat","embeddable":true,"href":"https:\/\/www.purejewels.com\/tr\/wp-json\/wp\/v2\/product_cat?post=303327"},{"taxonomy":"product_tag","embeddable":true,"href":"https:\/\/www.purejewels.com\/tr\/wp-json\/wp\/v2\/product_tag?post=303327"}],"curies":[{"name":"wp","href":"https:\/\/api.w.org\/{rel}","templated":true}]}}